{"id":966,"date":"2021-01-04T12:03:39","date_gmt":"2021-01-04T11:03:39","guid":{"rendered":"https:\/\/semmelweis.hu\/bizottsagok\/?page_id=966"},"modified":"2026-02-02T12:34:35","modified_gmt":"2026-02-02T11:34:35","slug":"nemet-kredit","status":"publish","type":"page","link":"https:\/\/semmelweis.hu\/bizottsagok\/de\/feste-kimissionen\/aok-komissionen\/nemet-kredit\/","title":{"rendered":"ANRECHNUNGSKOMMISSION DER \u00c1OK"},"content":{"rendered":"<div class=\"responsive-tabs\">\n<h2 class=\"tabtitle\">Aufgaben und Zust\u00e4ndigkeit<\/h2>\n<div class=\"tabcontent\">\n\n<ul>\n<li>\u00dcbernahme von anderen ungarischen Universit\u00e4ten oder anderen Fakult\u00e4ten der Semmelweis Universit\u00e4t auf Antrag und Anrechnung von an einer ausl\u00e4ndischen Universit\u00e4t fr\u00fcher erworbenen Kreditpunkten,<\/li>\n<li>Genehmigung von Antr\u00e4gen auf Anerkennung von an der Semmelweis Universit\u00e4t fr\u00fcher erworbenen Kreditpunkten in Verbindung mit der Wiederaufnahme des Studiums,<\/li>\n<li>Anerkennung der T\u00e4tigkeit der Studierenden der Semmelweis Universit\u00e4t in wissenschaftlichen Studentenzirkeln (TDK) und ihrer klinischen Arbeit durch Kreditpunkte,<\/li>\n<li>Genehmigung von Antr\u00e4gen auf Anerkennung von Kreditpunkten aufgrund von Studienleistungen, die im Rahmen des Austauschprogramms Erasmus erbracht wurden,<\/li>\n<li>Verfassen von mit der Wahrnehmung und Organisation spezifischer Aufgaben der Kommission verbundenen Bestimmungen im Einklang mit der Organisations- und Betriebsordnung, sofern die Kommission eine spezifische Aufgabe hat<\/li>\n<\/ul>\n\n<\/div><h2 class=\"tabtitle\">Mitglieder<\/h2>\n<div class=\"tabcontent\">\n\n<p><strong><em>Ansprechpartner: <\/em><\/strong>Dekanat der Medizinischen Fakult\u00e4t<br \/>\n<strong><em>E-Mail:<\/em><\/strong> <u><a href=\"mailto:titkarsag.aokdekani@med.semmelweis-univ.hu\">titkarsag.aokdekani@med.semmelweis-univ.hu<\/a><\/u><\/p>\n    \r\n    <div id=\"peopleContainer\" style=\"text-align:center;\">\r\n    <input type=\"hidden\" name=\"cimkek\" id=\"cimkek\" value=\"Nachname,Vorname,Grundlage des Mandats,Art des Mandats,Beginn des <br \/>\nMandats,Ende des Mandats,Mandatsdokument,Grund f\u00fcr das Erl\u00f6schen,Datum des <br \/>\nErl\u00f6schens\">\r\n    <input type=\"hidden\" name=\"kihagy_aktiv\" id=\"kihagy_aktiv\" value=\"Grund f\u00fcr das Erl\u00f6schen||megszunes_oka,Datum des <br \/>\nErl\u00f6schens||megszunes_datuma\">\r\n    <input type=\"hidden\" name=\"kihagy_archiv\" id=\"kihagy_archiv\" value=\"\">\r\n    <div id=\"aktivTagokContainer\" style=\"overflow:auto;\">\r\n        <table>\r\n        <thead style=\"text-align:center;\">\r\n            <th>Nachname<\/th><th>Vorname<\/th><th>Grundlage des Mandats<\/th><th>Art des Mandats<\/th><th>Beginn des <br \/>\nMandats<\/th><th>Ende des Mandats<\/th><th>Mandatsdokument<\/th>        <\/thead>\r\n        <tbody>\r\n        <tr><td>Tim\u00e1r<\/td><td>Petra<\/td><td>Hallgat\u00f3i jogviszony\/ Student status\/ Studierenenrechtsverh\u00e4ltnis\t<\/td><td>Tag\/Member\/Mitglied<\/td><td>2024-07-01<\/td><td>2027-06-30<\/td><td><a href=\"https:\/\/semmelweis.hu\/bizottsagok\/files\/2024\/12\/33_bizottsag.pdf\">Megb\u00edzat\u00e1si dokumentum\/ Mandate document\/ Mandatsdokument<\/a><\/td><\/tr><tr><td>Dr. R\u00e9thelyi<\/td><td>J\u00e1nos<\/td><td>Foglalkoztatott\/ Employee\/ Besch\u00e4ftigte(r)<\/td><td>Eln\u00f6k\/ Chairperson\/ Vorsitzender<\/td><td>2025-07-01<\/td><td>2028-06-30<\/td><td><a href=\"https:\/\/semmelweis.hu\/bizottsagok\/files\/2025\/07\/30_bizottsag.pdf\">Megb\u00edzat\u00e1si dokumentum\/ Mandate document\/ Mandatsdokument<\/a><\/td><\/tr><tr><td>Dr. Kov\u00e1cs<\/td><td>J\u00f3zsef<\/td><td>Foglalkoztatott\/ Employee\/ Besch\u00e4ftigte(r)<\/td><td>Tag\/Member\/Mitglied<\/td><td>2025-07-01<\/td><td>2028-06-30<\/td><td><a href=\"https:\/\/semmelweis.hu\/bizottsagok\/files\/2025\/07\/30_bizottsag.pdf\">Megb\u00edzat\u00e1si dokumentum\/ Mandate document\/ Mandatsdokument<\/a><\/td><\/tr><tr><td>Dr. T\u00f6r\u0151<\/td><td>Kl\u00e1ra<\/td><td>Foglalkoztatott\/ Employee\/ Besch\u00e4ftigte(r)<\/td><td>Tag\/Member\/Mitglied<\/td><td>2025-07-01<\/td><td>2028-06-30<\/td><td><a href=\"https:\/\/semmelweis.hu\/bizottsagok\/files\/2025\/07\/30_bizottsag.pdf\">Megb\u00edzat\u00e1si dokumentum\/ Mandate document\/ Mandatsdokument<\/a><\/td><\/tr><tr><td>Gy\u0151ri<\/td><td>L\u00e1szl\u00f3<\/td><td>Hallgat\u00f3i jogviszony\/ Student status\/ Studierenenrechtsverh\u00e4ltnis<\/td><td>Tag\/Member\/Mitglied<\/td><td>2025-07-01<\/td><td>2028-06-30<\/td><td><a href=\"https:\/\/semmelweis.hu\/bizottsagok\/files\/2025\/07\/30_bizottsag.pdf\">Megb\u00edzat\u00e1si dokumentum\/ Mandate document\/ Mandatsdokument<\/a><\/td><\/tr>        \r\n        \r\n        <\/tbody>\r\n        <\/table>\r\n        <\/div>\r\n\r\n    <div id=\"archivTagokContainer\" style=\"overflow:auto;\">\r\n            <div class=\"exp-col-content-holder\" style=\"border: none;\">\r\n        <a class=\"expand-cnt-link ecf_closed\" href=\"#\">Arch\u00edv<\/a>\r\n        <div class=\"hidden-content\" style=\"display: none;\">\r\n                <table>\r\n            <thead style=\"text-align:center;\">\r\n                <th>Nachname<\/th><th>Vorname<\/th><th>Grundlage des Mandats<\/th><th>Art des Mandats<\/th><th>Beginn des <br \/>\nMandats<\/th><th>Ende des Mandats<\/th><th>Mandatsdokument<\/th><th>Grund f\u00fcr das Erl\u00f6schen<\/th><th>Datum des <br \/>\nErl\u00f6schens<\/th>            <\/thead>\r\n            <tbody>\r\n            <tr><td>Dr. Kov\u00e1cs<\/td><td>J\u00f3zsef<\/td><td>Foglalkoztatott\/ Employee\/ Besch\u00e4ftigte(r)<\/td><td>Eln\u00f6k\/ Chairperson\/ Vorsitzender<\/td><td>2019-07-19<\/td><td>2022-07-18<\/td><td><a href=\"https:\/\/semmelweis.hu\/jogigfoig\/files\/2019\/06\/63_2019_VI_20_bizotts%C3%A1gok-az-%C3%81OK-on.pdf\"> Megb\u00edzat\u00e1si dokumentum\/ Mandate document\/ Mandatsdokument<\/a><\/td><td>Megb\u00edzat\u00e1s lej\u00e1rta<\/td><td>2022-07-18<\/td><\/tr><tr><td>Dr. R\u00e9thelyi<\/td><td>J\u00e1nos<\/td><td>Foglalkoztatott\/ Employee\/ Besch\u00e4ftigte(r)<\/td><td>Tag\/Member\/Mitglied<\/td><td>2019-07-19<\/td><td>2022-07-18<\/td><td><a href=\"https:\/\/semmelweis.hu\/jogigfoig\/files\/2019\/06\/63_2019_VI_20_bizotts%C3%A1gok-az-%C3%81OK-on.pdf\">Megb\u00edzat\u00e1si dokumentum\/ Mandate document\/ Mandatsdokument<\/a><\/td><td>Megb\u00edzat\u00e1s lej\u00e1rta<\/td><td>2022-07-18<\/td><\/tr><tr><td>Dr. T\u00f6r\u0151<\/td><td>Kl\u00e1ra<\/td><td>Foglalkoztatott\/ Employee\/ Besch\u00e4ftigte(r)<\/td><td>Tag\/Member\/Mitglied<\/td><td>2019-07-19<\/td><td>2022-07-18<\/td><td><a href=\"https:\/\/semmelweis.hu\/jogigfoig\/files\/2019\/06\/63_2019_VI_20_bizotts%C3%A1gok-az-%C3%81OK-on.pdf\">Megb\u00edzat\u00e1si dokumentum\/ Mandate document\/ Mandatsdokument<\/a><\/td><td>Megb\u00edzat\u00e1s lej\u00e1rta<\/td><td>2022-07-18<\/td><\/tr><tr><td>Csirz\u00f3 <\/td><td>\u00c1d\u00e1m<\/td><td>Hallgat\u00f3i jogviszony\/ Student status\/ Studierendenrechtsverh\u00e4ltnis<\/td><td>Tag\/Member\/Mitglied<\/td><td>2019-09-05<\/td><td>2022-07-18<\/td><td><a href=\"https:\/\/semmelweis.hu\/jogigfoig\/files\/2019\/09\/97_VIII_29_A-Szen%C3%A1tus-%C3%A1ltal-l%C3%A9trehozott-%C3%A9s-az-%C3%81OK-on-m%C5%B1k%C3%B6d%C5%91-%C3%A1lland%C3%B3-bizotts%C3%A1gok-hallgat%C3%B3-tagjainak-megv%C3%A1laszt%C3%A1sa.pdf\">Megb\u00edzat\u00e1si dokumentum\/ Mandate document\/ Mandatsdokument<\/a><\/td><td>Egy\u00e9b megsz\u0171n\u00e9si ok<\/td><td>2021-02-14<\/td><\/tr><tr><td>Frei<\/td><td>Tam\u00e1s<\/td><td>Hallgat\u00f3i jogviszony\/ Student status\/ Studierendenrechtsverh\u00e4ltnis<\/td><td>Tag\/Member\/Mitglied<\/td><td>2020-10-03<\/td><td>2022-07-18<\/td><td><a href=\"https:\/\/semmelweis.hu\/jogigfoig\/files\/2020\/10\/182_2020_%C3%81OK-bizotts%C3%A1gok-szem%C3%A9lyi-%C3%B6sszet%C3%A9tele.pdf\">Megb\u00edzat\u00e1si dokumentum\/ Mandate document\/ Mandatsdokument<\/a><\/td><td>Megb\u00edzat\u00e1s lej\u00e1rta<\/td><td>2022-07-18<\/td><\/tr><tr><td>Posta<\/td><td>Andr\u00e1s Zolt\u00e1n<\/td><td>Hallgat\u00f3i jogviszony\/ Student status\/ Studierendenrechtsverh\u00e4ltnis<\/td><td>Tag\/Member\/Mitglied<\/td><td>2019-09-05<\/td><td>2022-07-18<\/td><td><a href=\"https:\/\/semmelweis.hu\/jogigfoig\/files\/2019\/09\/97_VIII_29_A-Szen%C3%A1tus-%C3%A1ltal-l%C3%A9trehozott-%C3%A9s-az-%C3%81OK-on-m%C5%B1k%C3%B6d%C5%91-%C3%A1lland%C3%B3-bizotts%C3%A1gok-hallgat%C3%B3-tagjainak-megv%C3%A1laszt%C3%A1sa.pdf\">Megb\u00edzat\u00e1si dokumentum\/ Mandate document\/ Mandatsdokument<\/a><\/td><td>Egy\u00e9b megsz\u0171n\u00e9si ok<\/td><td>2019-09-14<\/td><\/tr><tr><td>Tripolszky <\/td><td>B\u00e1lint<\/td><td>Hallgat\u00f3i jogviszony\/ Student status\/ Studierendenrechtsverh\u00e4ltnis<\/td><td>Tag\/Member\/Mitglied<\/td><td>2021-09-15<\/td><td>2022-07-18<\/td><td><a href=\"https:\/\/semmelweis.hu\/jogigfoig\/files\/2019\/09\/97_VIII_29_A-Szen%C3%A1tus-%C3%A1ltal-l%C3%A9trehozott-%C3%A9s-az-%C3%81OK-on-m%C5%B1k%C3%B6d%C5%91-%C3%A1lland%C3%B3-bizotts%C3%A1gok-hallgat%C3%B3-tagjainak-megv%C3%A1laszt%C3%A1sa.pdf\">Megb\u00edzat\u00e1si dokumentum\/ Mandate document\/ Mandatsdokument<\/a><\/td><td>Egy\u00e9b megsz\u0171n\u00e9si ok<\/td><td>2023-09-01<\/td><\/tr><tr><td> Dr. Kov\u00e1cs <\/td><td>J\u00f3zsef<\/td><td>Foglalkoztatott\/ Employee\/ Besch\u00e4ftigte(r)<\/td><td>Eln\u00f6k\/ Chairperson\/ Vorsitzender<\/td><td>2022-07-19<\/td><td>2025-07-18<\/td><td><a href=\"ttps:\/\/semmelweis.hu\/bizottsagok\/files\/2022\/07\/31_hatarozat_bizottsagok.pdf\">Megb\u00edzat\u00e1si dokumentum\/ Mandate document\/ Mandatsdokument<\/a><\/td><td>Megb\u00edzat\u00e1s lej\u00e1rta<\/td><td>2025-06-30<\/td><\/tr><tr><td>Dr. R\u00e9thelyi <\/td><td>J\u00e1nos<\/td><td>Foglalkoztatott\/ Employee\/ Besch\u00e4ftigte(r)<\/td><td>Tag\/Member\/Mitglied<\/td><td>2022-07-19<\/td><td>2025-07-18<\/td><td><a href=\"https:\/\/semmelweis.hu\/bizottsagok\/files\/2022\/07\/31_hatarozat_bizottsagok.pdf\">Megb\u00edzat\u00e1si dokumentum\/ Mandate document\/ Mandatsdokument<\/a><\/td><td>Megb\u00edzat\u00e1s lej\u00e1rta<\/td><td>2025-06-30<\/td><\/tr><tr><td>Dr. T\u00f6r\u0151<\/td><td>Kl\u00e1ra<\/td><td>Foglalkoztatott\/ Employee\/ Besch\u00e4ftigte(r)<\/td><td>Tag\/Member\/Mitglied<\/td><td>2022-07-19<\/td><td>2025-07-18<\/td><td><a href=\"https:\/\/semmelweis.hu\/bizottsagok\/files\/2022\/07\/31_hatarozat_bizottsagok.pdf\">Megb\u00edzat\u00e1si dokumentum\/ Mandate document\/ Mandatsdokument<\/a><\/td><td>Megb\u00edzat\u00e1s lej\u00e1rta<\/td><td>2025-06-30<\/td><\/tr><tr><td>Frei <\/td><td>Tam\u00e1s<\/td><td>Hallgat\u00f3i jogviszony\/ Student status\/ Studierendenrechtsverh\u00e4ltnis<\/td><td>Tag\/Member\/Mitglied<\/td><td>2022-07-19<\/td><td>2025-07-18<\/td><td><a href=\"https:\/\/semmelweis.hu\/bizottsagok\/files\/2022\/07\/31_hatarozat_bizottsagok.pdf\">Megb\u00edzat\u00e1si dokumentum\/ Mandate document\/ Mandatsdokument<\/a><\/td><td>Egy\u00e9b megsz\u0171n\u00e9si ok<\/td><td>2024-06-30<\/td><\/tr><tr><td>Tripolszky<\/td><td>B\u00e1lint<\/td><td>Hallgat\u00f3i jogviszony\/ Student status\/ Studierendenrechtsverh\u00e4ltnis<\/td><td>Tag\/Member\/Mitglied<\/td><td>2022-07-19<\/td><td>2025-07-18<\/td><td><a href=\"https:\/\/semmelweis.hu\/bizottsagok\/files\/2022\/07\/31_hatarozat_bizottsagok.pdf\">Megb\u00edzat\u00e1si dokumentum\/ Mandate document\/ Mandatsdokument<\/a><\/td><td>Egy\u00e9b megsz\u0171n\u00e9si ok<\/td><td>2023-09-01<\/td><\/tr><tr><td> Nyir\u00e1dy <\/td><td> Loretta Enik\u0151<\/td><td>Hallgat\u00f3i jogviszony\/ Student status\/ Studierenenrechtsverh\u00e4ltnis\t<\/td><td>Tag\/Member\/Mitglied<\/td><td>2023-10-03<\/td><td>2026-10-02<\/td><td><a href=\"https:\/\/semmelweis.hu\/bizottsagok\/files\/2024\/12\/2_bizottsagok_szemelyi_osszetetele-1.pdf\">Megb\u00edzat\u00e1si dokumentum\/ Mandate document\/ Mandatsdokument<\/a><\/td><td>Egy\u00e9b megsz\u0171n\u00e9si ok<\/td><td>2025-06-30<\/td><\/tr>            <\/tbody>\r\n            <\/table>\r\n        <\/div>\r\n        <\/div>\r\n    <\/div>\r\n    <\/div>\r\n    \n\n<\/div><h2 class=\"tabtitle\">Gesch\u00e4ftsordnung<\/h2>\n<div class=\"tabcontent\">\n\n<p><u><a href=\"https:\/\/semmelweis.hu\/aok\/files\/2019\/09\/Kredit%C3%A1tviteli-Bizotts%C3%A1g_%C3%BCgyrendje.pdf\">Gesch\u00e4ftsordnung der Anrechnungskommission<\/a><\/u><\/p>\n\n<\/div><h2 class=\"tabtitle\">Jahresbericht<\/h2>\n<div class=\"tabcontent\">\n\n<p><u><a href=\"https:\/\/semmelweis.hu\/jogigfoig\/files\/2020\/05\/68_2020_Besz%C3%A1mol%C3%B3-a-kari-bizotts%C3%A1gok-munk%C3%A1j%C3%A1r%C3%B3l.pdf\">Beschluss Nr. 68\/2020 (V.5.) des Senates der Semmelweis Universit\u00e4t Bericht \u00fcber die T\u00e4tigkeit der vom Senat eingesetzten st\u00e4ndigen Fakult\u00e4tskommissionen<em> (Studien- und Pr\u00fcfungskommission, Anrechnungskommission, Ethik- und Disziplinarkommission, in Bezug auf die Pet\u0151 Andr\u00e1s Fakult\u00e4t zwei weitere Kommissionen die Kommission Praxisausbildung und die Publikations- und Bibliothekskommission)<\/em><\/a><\/u><\/p>\n<\/div><\/div>\n","protected":false},"excerpt":{"rendered":"<p>\u00dcbernahme von anderen ungarischen Universit\u00e4ten oder anderen Fakult\u00e4ten der Semmelweis Universit\u00e4t auf Antrag und Anrechnung von an einer ausl\u00e4ndischen Universit\u00e4t fr\u00fcher erworbenen Kreditpunkten, Genehmigung von Antr\u00e4gen auf Anerkennung von an der Semmelweis Universit\u00e4t fr\u00fcher erworbenen Kreditpunkten in Verbindung mit der Wiederaufnahme des Studiums, Anerkennung der T\u00e4tigkeit der Studierenden der Semmelweis Universit\u00e4t in wissenschaftlichen Studentenzirkeln (TDK) &hellip;<\/p>\n","protected":false},"author":101862,"featured_media":0,"parent":1191,"menu_order":0,"comment_status":"closed","ping_status":"closed","template":"","meta":{"_acf_changed":false,"footnotes":""},"categories":[],"tags":[],"class_list":["post-966","page","type-page","status-publish","hentry"],"acf":[],"_links":{"self":[{"href":"https:\/\/semmelweis.hu\/bizottsagok\/wp-json\/wp\/v2\/pages\/966","targetHints":{"allow":["GET"]}}],"collection":[{"href":"https:\/\/semmelweis.hu\/bizottsagok\/wp-json\/wp\/v2\/pages"}],"about":[{"href":"https:\/\/semmelweis.hu\/bizottsagok\/wp-json\/wp\/v2\/types\/page"}],"author":[{"embeddable":true,"href":"https:\/\/semmelweis.hu\/bizottsagok\/wp-json\/wp\/v2\/users\/101862"}],"replies":[{"embeddable":true,"href":"https:\/\/semmelweis.hu\/bizottsagok\/wp-json\/wp\/v2\/comments?post=966"}],"version-history":[{"count":6,"href":"https:\/\/semmelweis.hu\/bizottsagok\/wp-json\/wp\/v2\/pages\/966\/revisions"}],"predecessor-version":[{"id":2855,"href":"https:\/\/semmelweis.hu\/bizottsagok\/wp-json\/wp\/v2\/pages\/966\/revisions\/2855"}],"up":[{"embeddable":true,"href":"https:\/\/semmelweis.hu\/bizottsagok\/wp-json\/wp\/v2\/pages\/1191"}],"wp:attachment":[{"href":"https:\/\/semmelweis.hu\/bizottsagok\/wp-json\/wp\/v2\/media?parent=966"}],"wp:term":[{"taxonomy":"category","embeddable":true,"href":"https:\/\/semmelweis.hu\/bizottsagok\/wp-json\/wp\/v2\/categories?post=966"},{"taxonomy":"post_tag","embeddable":true,"href":"https:\/\/semmelweis.hu\/bizottsagok\/wp-json\/wp\/v2\/tags?post=966"}],"curies":[{"name":"wp","href":"https:\/\/api.w.org\/{rel}","templated":true}]}}