{"id":254,"date":"2020-11-24T00:58:54","date_gmt":"2020-11-23T23:58:54","guid":{"rendered":"https:\/\/semmelweis.hu\/bizottsagok\/?page_id=254"},"modified":"2026-04-29T15:01:58","modified_gmt":"2026-04-29T13:01:58","slug":"kiadoi-eskonyvtar-bizottsag","status":"publish","type":"page","link":"https:\/\/semmelweis.hu\/bizottsagok\/allando-bizottsagok\/pak-bizottsagai\/kiadoi-eskonyvtar-bizottsag\/","title":{"rendered":"PAK KIAD\u00d3I \u00c9S K\u00d6NYVT\u00c1R BIZOTTS\u00c1G"},"content":{"rendered":"<section class=\"committee lang-hu\"><div class=\"keretes w-100\"><ul style=\"list-style-type: square;\"><li><a href=\"#feladat-es-hataskor\">Feladat- \u00e9s hat\u00e1sk\u00f6r<\/a><\/li><li><a href=\"#a-bizottsag-tagjai\">A bizotts\u00e1g tagjai<\/a><\/li><li><a href=\"#a-bizottsag-ugyrendje\">A bizotts\u00e1g \u00fcgyrendje<\/a><\/li><\/ul><\/div>\n\n\n<div class=\"committee-tab tab-1\" id=\"feladat-es-hataskor\">\n    <h2>Feladat- \u00e9s hat\u00e1sk\u00f6r<\/h2>\n    <div class=\"committee-tab-content\">\n        <ul>\n<li>a Bizotts\u00e1g javaslatot tesz a k\u00f6nyvt\u00e1r foly\u00f3irat- \u00e9s k\u00f6nyvbeszerz\u00e9seire,<\/li>\n<li>a Bizotts\u00e1g el\u0151seg\u00edti a k\u00f6nyvt\u00e1r \u00faj k\u00f6nyveinek \u00e9s foly\u00f3iratainak megismer\u00e9s\u00e9t, a Bizotts\u00e1g H\u00d6K \u00e1ltal deleg\u00e1lt tagjai gondoskodnak a hallgat\u00f3k min\u00e9l sz\u00e9lesebb k\u00f6r\u0171 t\u00e1j\u00e9koztat\u00e1s\u00e1r\u00f3l a H\u00e1ri M\u00e1ria Kari K\u00f6nyvt\u00e1r \u00e9s Forr\u00e1sk\u00f6zpont \u00faj szerzem\u00e9nyeit illet\u0151en,<\/li>\n<li>a Bizotts\u00e1g javaslatot tesz a Kar kiad\u00f3i tev\u00e9kenys\u00e9g\u00e9re, amelynek sor\u00e1n meg\u00e1llap\u00edtj\u00e1k a legfontosabb kiad\u00e1sra sz\u00e1nt kondukt\u00edv pedag\u00f3giai szakk\u00f6nyvet, tank\u00f6nyvvet, jegyzetet,<\/li>\n<li>a Bizotts\u00e1g minden \u00e9vben javaslatot tesz arra, hogy a Semmelweis Egyetem \u00e9ves tank\u00f6nyvt\u00e1mogat\u00e1s Pet\u0151 Andr\u00e1s Karra es\u0151 r\u00e9sz\u00e9t a Kar saj\u00e1t jegyzetel\u0151\u00e1ll\u00edt\u00e1s\u00e1ra haszn\u00e1lhassa fel, vagy az Egyetem tank\u00f6nyvt\u00e1mogat\u00e1si gyakorlat\u00e1t k\u00f6vesse,<\/li>\n<li>a Bizotts\u00e1g folyamatosan figyeli, felkutatja \u00e9s javaslatot tesz p\u00e1ly\u00e1zati lehet\u0151s\u00e9gekre, amelyek a k\u00f6nyvkiad\u00e1st t\u00e1mogatj\u00e1k \u00e9s a k\u00f6nyvbeszerz\u00e9st seg\u00edtik el\u0151.<\/li>\n<\/ul>\n    <\/div>\n<\/div><br>\n\n\n<div class=\"committee-tab tab-2\" id=\"a-bizottsag-tagjai\">\n    <h2>A bizotts\u00e1g tagjai<\/h2>\n    <div class=\"committee-tab-content\">\n        \n                        <p class=\"contact-person\">\n                <span><strong>Kapcsolattart\u00f3: <\/strong>PAK D\u00e9k\u00e1ni Hivatal \/ Dean\u2019s Office - PAK \/ <\/span><br>\n                <span><strong>Email: <\/strong>pak_dekan@semmelweis.hu<\/span>\n            <\/p>\n\n\n            \n                            <table id=\"active-members\" \n                    class=\" has-mandate-doc\" \n                    data-subcommittee=\"0\">\n                    <thead>\n                        <tr>\n                            <th class=\"member-name\">N\u00e9v<\/th>\n                            <th class=\"mandate-basis\">Megb\u00edzat\u00e1s alapja<\/th>\n                            <th class=\"mandate-type\">Megb\u00edzat\u00e1s t\u00edpusa<\/th>\n                                                                                    <th class=\"start-date col-group-start\" data-label=\"Megb\u00edzat\u00e1s id\u0151tartama\">Megb\u00edzat\u00e1s kezdete<\/th>\n                            <th class=\"end-date col-group-end\">Megb\u00edzat\u00e1s v\u00e9ge<\/th>\n                            <th class=\"mandate-doc\">Megb\u00edzat\u00e1si dokumentum<\/th>\n                        <\/tr>\n                    <\/thead>\n                    <tbody>\n                        <tr><td class=\"member-name\" data-label=\"N\u00e9v\">Feket\u00e9n\u00e9 dr. Szab\u00f3 \u00c9va<\/td><td class=\"mandate-basis\" data-label=\"Megb\u00edzat\u00e1s alapja\">Foglalkoztatott<a href = \"https:\/\/semmelweis.hu\/jogigfoig\/files\/2020\/11\/195_2020_Mell%C3%A9klet_tagok.pdf\" target=\"_blank\">Megb\u00edzat\u00e1si dokumentum<\/a><\/td><td class=\"mandate-type\" data-label=\"Megb\u00edzat\u00e1s t\u00edpusa\">Tag<\/td><td class=\"start-date col-group-start\" data-label=\"Megb\u00edzat\u00e1s kezdete\">2020-10-29<\/td><td class=\"end-date col-group-end\" data-label=\"Megb\u00edzat\u00e1s v\u00e9ge\">2023-10-28<\/td><td class=\"mandate-doc\" data-label=\"Megb\u00edzat\u00e1si dokumentum\"><a href = \"https:\/\/semmelweis.hu\/jogigfoig\/files\/2020\/11\/195_2020_Mell%C3%A9klet_tagok.pdf\" target=\"_blank\">Megb\u00edzat\u00e1si dokumentum<\/a><\/td><\/tr><tr><td class=\"member-name\" data-label=\"N\u00e9v\">Dr. F\u00f6ldesi Ren\u00e1ta<\/td><td class=\"mandate-basis\" data-label=\"Megb\u00edzat\u00e1s alapja\">Foglalkoztatott<a href = \"https:\/\/semmelweis.hu\/jogigfoig\/files\/2020\/11\/195_2020_Mell%C3%A9klet_tagok.pdf\" target=\"_blank\">Megb\u00edzat\u00e1si dokumentum<\/a><\/td><td class=\"mandate-type\" data-label=\"Megb\u00edzat\u00e1s t\u00edpusa\">Tag<\/td><td class=\"start-date col-group-start\" data-label=\"Megb\u00edzat\u00e1s kezdete\">2020-10-28<\/td><td class=\"end-date col-group-end\" data-label=\"Megb\u00edzat\u00e1s v\u00e9ge\">2021-10-29<\/td><td class=\"mandate-doc\" data-label=\"Megb\u00edzat\u00e1si dokumentum\"><a href = \"https:\/\/semmelweis.hu\/jogigfoig\/files\/2020\/11\/195_2020_Mell%C3%A9klet_tagok.pdf\" target=\"_blank\">Megb\u00edzat\u00e1si dokumentum<\/a><\/td><\/tr><tr><td class=\"member-name\" data-label=\"N\u00e9v\">Dr. Mascher R\u00f3bert<\/td><td class=\"mandate-basis\" data-label=\"Megb\u00edzat\u00e1s alapja\">Foglalkoztatott<a href = \"https:\/\/semmelweis.hu\/jogigfoig\/files\/2020\/11\/195_2020_Mell%C3%A9klet_tagok.pdf\" target=\"_blank\">Megb\u00edzat\u00e1si dokumentum<\/a><\/td><td class=\"mandate-type\" data-label=\"Megb\u00edzat\u00e1s t\u00edpusa\">Tag<\/td><td class=\"start-date col-group-start\" data-label=\"Megb\u00edzat\u00e1s kezdete\">2020-10-29<\/td><td class=\"end-date col-group-end\" data-label=\"Megb\u00edzat\u00e1s v\u00e9ge\">2023-10-28<\/td><td class=\"mandate-doc\" data-label=\"Megb\u00edzat\u00e1si dokumentum\"><a href = \"https:\/\/semmelweis.hu\/jogigfoig\/files\/2020\/11\/195_2020_Mell%C3%A9klet_tagok.pdf\" target=\"_blank\">Megb\u00edzat\u00e1si dokumentum<\/a><\/td><\/tr><tr><td class=\"member-name\" data-label=\"N\u00e9v\">Dr. Pint\u00e9r Henriett<\/td><td class=\"mandate-basis\" data-label=\"Megb\u00edzat\u00e1s alapja\">Foglalkoztatott<a href = \"https:\/\/semmelweis.hu\/jogigfoig\/files\/2020\/11\/195_2020_Mell%C3%A9klet_tagok.pdf\" target=\"_blank\">Megb\u00edzat\u00e1si dokumentum<\/a><\/td><td class=\"mandate-type\" data-label=\"Megb\u00edzat\u00e1s t\u00edpusa\">Tag<\/td><td class=\"start-date col-group-start\" data-label=\"Megb\u00edzat\u00e1s kezdete\">2020-10-29<\/td><td class=\"end-date col-group-end\" data-label=\"Megb\u00edzat\u00e1s v\u00e9ge\">2023-10-28<\/td><td class=\"mandate-doc\" data-label=\"Megb\u00edzat\u00e1si dokumentum\"><a href = \"https:\/\/semmelweis.hu\/jogigfoig\/files\/2020\/11\/195_2020_Mell%C3%A9klet_tagok.pdf\" target=\"_blank\">Megb\u00edzat\u00e1si dokumentum<\/a><\/td><\/tr><tr><td class=\"member-name\" data-label=\"N\u00e9v\">Balogh Maja<\/td><td class=\"mandate-basis\" data-label=\"Megb\u00edzat\u00e1s alapja\">Hallgat\u00f3<a href = \"https:\/\/semmelweis.hu\/jogigfoig\/files\/2020\/11\/195_2020_Mell%C3%A9klet_tagok.pdf\" target=\"_blank\">Megb\u00edzat\u00e1si dokumentum<\/a><\/td><td class=\"mandate-type\" data-label=\"Megb\u00edzat\u00e1s t\u00edpusa\">Tag<\/td><td class=\"start-date col-group-start\" data-label=\"Megb\u00edzat\u00e1s kezdete\">2020-10-29<\/td><td class=\"end-date col-group-end\" data-label=\"Megb\u00edzat\u00e1s v\u00e9ge\">2023-10-28<\/td><td class=\"mandate-doc\" data-label=\"Megb\u00edzat\u00e1si dokumentum\"><a href = \"https:\/\/semmelweis.hu\/jogigfoig\/files\/2020\/11\/195_2020_Mell%C3%A9klet_tagok.pdf\" target=\"_blank\">Megb\u00edzat\u00e1si dokumentum<\/a><\/td><\/tr><tr><td class=\"member-name\" data-label=\"N\u00e9v\">P\u00e1l Ram\u00f3na<\/td><td class=\"mandate-basis\" data-label=\"Megb\u00edzat\u00e1s alapja\">Hallgat\u00f3<a href = \"https:\/\/semmelweis.hu\/jogigfoig\/files\/2020\/11\/195_2020_Mell%C3%A9klet_tagok.pdf\" target=\"_blank\">Megb\u00edzat\u00e1si dokumentum<\/a><\/td><td class=\"mandate-type\" data-label=\"Megb\u00edzat\u00e1s t\u00edpusa\">Tag<\/td><td class=\"start-date col-group-start\" data-label=\"Megb\u00edzat\u00e1s kezdete\">2020-10-29<\/td><td class=\"end-date col-group-end\" data-label=\"Megb\u00edzat\u00e1s v\u00e9ge\">2023-10-28<\/td><td class=\"mandate-doc\" data-label=\"Megb\u00edzat\u00e1si dokumentum\"><a href = \"https:\/\/semmelweis.hu\/jogigfoig\/files\/2020\/11\/195_2020_Mell%C3%A9klet_tagok.pdf\" target=\"_blank\">Megb\u00edzat\u00e1si dokumentum<\/a><\/td><\/tr>                    <\/tbody>\n                <\/table>\n            \n\n                            <input type=\"checkbox\" id=\"former-members\" name=\"former-members\">\n                <label for=\"former-members\">\n                    <h4 class=\"former-members-title\">\n                        <i class=\"fa fa-plus-circle\"><\/i> \n                        Kor\u00e1bbi tagok list\u00e1ja                    <\/h4>\n                <\/label>\n                <div id=\"archive-members-container\">\n                    <div class=\"archive-members-container-inner\">\n                        <table id=\"archive-members\" \n                            class=\" has-mandate-doc\" \n                            data-subcommittee=\"0\">\n                            <thead>\n                                <tr>\n                                    <th class=\"member-name\">N\u00e9v<\/th>\n                                    <th class=\"mandate-basis\">Megb\u00edzat\u00e1s alapja<\/th>\n                                    <th class=\"mandate-type\">Megb\u00edzat\u00e1s t\u00edpusa<\/th>\n                                                                                                            <th class=\"start-date col-group-start\" data-label=\"Megb\u00edzat\u00e1s id\u0151tartama\">Megb\u00edzat\u00e1s kezdete<\/th>\n                                    <th class=\"end-date col-group-end\">Megb\u00edzat\u00e1s v\u00e9ge<\/th>\n                                    <th class=\"mandate-doc\">Megb\u00edzat\u00e1si dokumentum<\/th>\n                                    <th class=\"term-reason col-group-start\" data-label=\"Megsz\u0171n\u00e9s\">Megsz\u0171n\u00e9s oka<\/th>\n                                    <th class=\"term-date col-group-end\">Megsz\u0171n\u00e9s d\u00e1tuma<\/th>\n                                <\/tr>\n                            <\/thead>\n                            <tbody>\n                                <tr><td class=\"member-name\" data-label=\"N\u00e9v\">Dr. Kollega Tarsoly Istv\u00e1n<\/td><td class=\"mandate-basis\" data-label=\"Megb\u00edzat\u00e1s alapja\">Foglalkoztatott<a href = \"https:\/\/semmelweis.hu\/jogigfoig\/files\/2020\/11\/195_2020_Mell%C3%A9klet_tagok.pdf\" target=\"_blank\">Megb\u00edzat\u00e1si dokumentum<\/a><\/td><td class=\"mandate-type\" data-label=\"Megb\u00edzat\u00e1s t\u00edpusa\">Eln\u00f6k<\/td><td class=\"start-date col-group-start\" data-label=\"Megb\u00edzat\u00e1s kezdete\">2020-10-29<\/td><td class=\"end-date col-group-end\" data-label=\"Megb\u00edzat\u00e1s v\u00e9ge\">2023-10-28<\/td><td class=\"mandate-doc\" data-label=\"Megb\u00edzat\u00e1si dokumentum\"><a href = \"https:\/\/semmelweis.hu\/jogigfoig\/files\/2020\/11\/195_2020_Mell%C3%A9klet_tagok.pdf\" target=\"_blank\">Megb\u00edzat\u00e1si dokumentum<\/a><\/td><td class=\"term-reason col-group-start\" data-label=\"Megsz\u0171n\u00e9s oka\">Megb\u00edzat\u00e1s lej\u00e1rta<\/td><td class=\"term-date col-group-end\" data-label=\"Megsz\u0171n\u00e9s d\u00e1tuma\">2023-10-28<\/td><\/tr>                            <\/tbody>\n                        <\/table>\n                    <\/div>\n                <\/div>\n            \n\n            <\/div>\n<\/div><br><br>\n<div class=\"committee-tab tab-4\" id=\"a-bizottsag-ugyrendje\">\n    <h2>A bizotts\u00e1g \u00fcgyrendje<\/h2>\n    <div class=\"committee-tab-content\">\n        <div class=\"keretes w-100\">\n            <ul style=\"list-style-type: square;\">\n                <li><a href=\"https:\/\/semmelweis.hu\/bizottsagok\/files\/2022\/04\/127_2021_-melleklet-PAK_Kiadoi-es-Konyvtar-Bizottsag.pdf\" target=\"_blank\">PAK KIAD\u00d3I \u00c9S K\u00d6NYVT\u00c1R BIZOTTS\u00c1G \u00fcgyrendje<\/a><\/li>            <\/ul>\n        <\/div>\n    <\/div>\n<\/div>\n\n<br><\/section>\n","protected":false},"excerpt":{"rendered":"","protected":false},"author":102235,"featured_media":0,"parent":871,"menu_order":0,"comment_status":"closed","ping_status":"closed","template":"template-fullwidth.php","meta":{"_acf_changed":false,"footnotes":""},"categories":[],"tags":[],"class_list":["post-254","page","type-page","status-publish","hentry"],"acf":[],"_links":{"self":[{"href":"https:\/\/semmelweis.hu\/bizottsagok\/wp-json\/wp\/v2\/pages\/254","targetHints":{"allow":["GET"]}}],"collection":[{"href":"https:\/\/semmelweis.hu\/bizottsagok\/wp-json\/wp\/v2\/pages"}],"about":[{"href":"https:\/\/semmelweis.hu\/bizottsagok\/wp-json\/wp\/v2\/types\/page"}],"author":[{"embeddable":true,"href":"https:\/\/semmelweis.hu\/bizottsagok\/wp-json\/wp\/v2\/users\/102235"}],"replies":[{"embeddable":true,"href":"https:\/\/semmelweis.hu\/bizottsagok\/wp-json\/wp\/v2\/comments?post=254"}],"version-history":[{"count":10,"href":"https:\/\/semmelweis.hu\/bizottsagok\/wp-json\/wp\/v2\/pages\/254\/revisions"}],"predecessor-version":[{"id":3061,"href":"https:\/\/semmelweis.hu\/bizottsagok\/wp-json\/wp\/v2\/pages\/254\/revisions\/3061"}],"up":[{"embeddable":true,"href":"https:\/\/semmelweis.hu\/bizottsagok\/wp-json\/wp\/v2\/pages\/871"}],"wp:attachment":[{"href":"https:\/\/semmelweis.hu\/bizottsagok\/wp-json\/wp\/v2\/media?parent=254"}],"wp:term":[{"taxonomy":"category","embeddable":true,"href":"https:\/\/semmelweis.hu\/bizottsagok\/wp-json\/wp\/v2\/categories?post=254"},{"taxonomy":"post_tag","embeddable":true,"href":"https:\/\/semmelweis.hu\/bizottsagok\/wp-json\/wp\/v2\/tags?post=254"}],"curies":[{"name":"wp","href":"https:\/\/api.w.org\/{rel}","templated":true}]}}