{"id":244,"date":"2020-11-24T00:54:38","date_gmt":"2020-11-23T23:54:38","guid":{"rendered":"https:\/\/semmelweis.hu\/bizottsagok\/?page_id=244"},"modified":"2026-02-05T14:31:45","modified_gmt":"2026-02-05T13:31:45","slug":"pak-tanulmanyi-es-vizsgabizottsag-szerkeszto","status":"publish","type":"page","link":"https:\/\/semmelweis.hu\/bizottsagok\/pak-tanulmanyi-es-vizsgabizottsag-szerkeszto\/","title":{"rendered":"PAK TANULM\u00c1NYI \u00c9S VIZSGABIZOTTS\u00c1G SZERKESZT\u0150"},"content":{"rendered":"    \r\n    <div id=\"peopleContainer\" style=\"text-align:center;\">\r\n    <input type=\"hidden\" name=\"cimkek\" id=\"cimkek\" value=\"Vezet\u00e9kn\u00e9v,Ut\u00f3n\u00e9v,Megb\u00edzat\u00e1s alapja,Megb\u00edzat\u00e1s t\u00edpusa,Megb\u00edzat\u00e1s kezdete,Megb\u00edzat\u00e1s v\u00e9ge,Megb\u00edzat\u00e1si dokumentum,Megsz\u0171n\u00e9s oka,Megsz\u0171n\u00e9s d\u00e1tuma\">\r\n    <input type=\"hidden\" name=\"kihagy_aktiv\" id=\"kihagy_aktiv\" value=\"Megsz\u0171n\u00e9s oka||megszunes_oka,Megsz\u0171n\u00e9s d\u00e1tuma||megszunes_datuma\">\r\n    <input type=\"hidden\" name=\"kihagy_archiv\" id=\"kihagy_archiv\" value=\"\">\r\n    <div id=\"aktivTagokContainer\" style=\"overflow:auto;\">\r\n        <table>\r\n        <thead style=\"text-align:center;\">\r\n            <th>Vezet\u00e9kn\u00e9v<\/th><th>Ut\u00f3n\u00e9v<\/th><th>Megb\u00edzat\u00e1s alapja<\/th><th>Megb\u00edzat\u00e1s t\u00edpusa<\/th><th>Megb\u00edzat\u00e1s kezdete<\/th><th>Megb\u00edzat\u00e1s v\u00e9ge<\/th><th>Megb\u00edzat\u00e1si dokumentum<\/th>        <\/thead>\r\n        <tbody>\r\n        <tr><td>dr. Matos <\/td><td>L\u00e1szl\u00f3<\/td><td>Foglalkoztatott\/ Employee\/ Besch\u00e4ftigte(r)<\/td><td>Eln\u00f6k\/ Chairperson\/ Vorsitzender<\/td><td>2020-10-29<\/td><td>2023-10-28<\/td><td><a href=\"https:\/\/semmelweis.hu\/jogigfoig\/files\/2020\/11\/195_2020_Mell%C3%A9klet_tagok.pdf\">Megb\u00edzat\u00e1si dokumentum\/ Mandate document\/ Mandatsdokument<\/a><\/td><\/tr><tr><td>dr. T\u00fari<\/td><td>Ibolya<\/td><td>Foglalkoztatott\/ Employee\/ Besch\u00e4ftigte(r)<\/td><td>Tag\/ Member\/ Mitglied<\/td><td>2020-10-29<\/td><td>2020-10-28<\/td><td><a href=\"https:\/\/semmelweis.hu\/jogigfoig\/files\/2020\/11\/195_2020_Mell%C3%A9klet_tagok.pdf\">Megb\u00edzat\u00e1si dokumentum\/ Mandate document\/ Mandatsdokument<\/a><\/td><\/tr><tr><td>dr. Balogh<\/td><td> Emese Celeszta<\/td><td>Foglalkoztatott\/ Employee\/ Besch\u00e4ftigte(r)<\/td><td>Tag\/ Member\/ Mitglied<\/td><td>2020-10-29<\/td><td>2023-10-28<\/td><td><a href=\"https:\/\/semmelweis.hu\/jogigfoig\/files\/2020\/11\/195_2020_Mell%C3%A9klet_tagok.pdf\">Megb\u00edzat\u00e1si dokumentum\/ Mandate document\/ Mandatsdokument<\/a><\/td><\/tr><tr><td>S\u00e1ringern\u00e9 dr. Szil\u00e1rd <\/td><td>Zsuzsanna<\/td><td>Foglalkoztatott\/ Employee\/ Besch\u00e4ftigte(r)<\/td><td>Tag\/ Member\/ Mitglied<\/td><td>2020-10-29<\/td><td>2023-10-28<\/td><td><a href=\"https:\/\/semmelweis.hu\/jogigfoig\/files\/2020\/11\/195_2020_Mell%C3%A9klet_tagok.pdf\">Megb\u00edzat\u00e1si dokumentum\/ Mandate document\/ Mandatsdokument<\/a><\/td><\/tr><tr><td>Cs\u00f6pp\u00fc <\/td><td>Dominika<\/td><td>Hallgat\u00f3i jogviszony\/ Student status\/ Studierendenrechtsverh\u00e4ltnis<\/td><td>Tag\/ Member\/ Mitglied<\/td><td>2020-10-29<\/td><td>2023-10-28<\/td><td><a href=\"https:\/\/semmelweis.hu\/jogigfoig\/files\/2020\/11\/195_2020_Mell%C3%A9klet_tagok.pdf\">Megb\u00edzat\u00e1si dokumentum\/ Mandate document\/ Mandatsdokument<\/a><\/td><\/tr>        \r\n        \r\n        <\/tbody>\r\n        <\/table>\r\n        <\/div>\r\n\r\n    <div id=\"archivTagokContainer\" style=\"overflow:auto;\">\r\n            <div class=\"exp-col-content-holder\" style=\"border: none;\">\r\n        <p>Arch\u00edv<\/p>\r\n        <div class=\"hidden-content\" style=\"display: block;\">\r\n                <table>\r\n            <thead style=\"text-align:center;\">\r\n                <th>Vezet\u00e9kn\u00e9v<\/th><th>Ut\u00f3n\u00e9v<\/th><th>Megb\u00edzat\u00e1s alapja<\/th><th>Megb\u00edzat\u00e1s t\u00edpusa<\/th><th>Megb\u00edzat\u00e1s kezdete<\/th><th>Megb\u00edzat\u00e1s v\u00e9ge<\/th><th>Megb\u00edzat\u00e1si dokumentum<\/th><th>Megsz\u0171n\u00e9s oka<\/th><th>Megsz\u0171n\u00e9s d\u00e1tuma<\/th>            <\/thead>\r\n            <tbody>\r\n                        <\/tbody>\r\n            <\/table>\r\n        <\/div>\r\n        <\/div>\r\n    <\/div>\r\n    <\/div>\r\n    \n<input type=\"hidden\" name=\"biz\" id=\"biz\" value=\"PAK TANULM\u00c1NYI \u00c9S VIZSGABIZOTTS\u00c1G\"><div id=\"message\"><\/div><div id=\"nameContainer\"><select name=\"ppl\" id=\"ppl\"><option value=\"dummy\"><\/option><option value=\"0\"  st=\"1609705585.8939\" id=\"0_nev\">dr. Matos <\/option><option value=\"1\"  st=\"1609705652.0314\" id=\"1_nev\">dr. T\u00fari<\/option><option value=\"2\"  st=\"1609705690.7610\" id=\"2_nev\">dr. Balogh<\/option><option value=\"3\"  st=\"1609705732.3284\" id=\"3_nev\">S\u00e1ringern\u00e9 dr. Szil\u00e1rd <\/option><option value=\"4\"  st=\"1609705782.5006\" id=\"4_nev\">Cs\u00f6pp\u00fc <\/option><\/select><button id=\"load\">Adatok friss\u00edt\u00e9se<\/button><button class=\"button\" id=\"order\">Sorrend ellen\u0151rz\u00e9se<\/button><\/div>\n\n<div class=\"wpcf7 no-js\" id=\"wpcf7-f374-o1\" lang=\"hu-HU\" dir=\"ltr\" data-wpcf7-id=\"374\">\n<div class=\"screen-reader-response\"><p role=\"status\" aria-live=\"polite\" aria-atomic=\"true\"><\/p> <ul><\/ul><\/div>\n<form action=\"\/bizottsagok\/wp-json\/wp\/v2\/pages\/244#wpcf7-f374-o1\" method=\"post\" class=\"wpcf7-form init\" aria-label=\"Kapcsolatfelv\u00e9teli \u0171rlap\" novalidate=\"novalidate\" data-status=\"init\">\n<div style=\"display: none;\">\n<input type=\"hidden\" name=\"_wpcf7\" value=\"374\" \/>\n<input type=\"hidden\" name=\"_wpcf7_version\" value=\"6.0.5\" \/>\n<input type=\"hidden\" name=\"_wpcf7_locale\" value=\"hu_HU\" \/>\n<input type=\"hidden\" name=\"_wpcf7_unit_tag\" value=\"wpcf7-f374-o1\" \/>\n<input type=\"hidden\" name=\"_wpcf7_container_post\" value=\"0\" \/>\n<input type=\"hidden\" name=\"_wpcf7_posted_data_hash\" value=\"\" \/>\n<input type=\"hidden\" name=\"_wpcf7_recaptcha_response\" value=\"\" \/>\n<\/div>\n<p><label> Vezet\u00e9kn\u00e9v<br \/>\n<span class=\"wpcf7-form-control-wrap\" data-name=\"nev\"><input size=\"40\" maxlength=\"400\" class=\"wpcf7-form-control wpcf7-text wpcf7-validates-as-required\" id=\"nev\" aria-required=\"true\" aria-invalid=\"false\" value=\"\" type=\"text\" name=\"nev\" \/><\/span> <\/label>\n<\/p>\n<p><label> Ut\u00f3n\u00e9v<br \/>\n<span class=\"wpcf7-form-control-wrap\" data-name=\"nev2\"><input size=\"40\" maxlength=\"400\" class=\"wpcf7-form-control wpcf7-text wpcf7-validates-as-required\" id=\"nev2\" aria-required=\"true\" aria-invalid=\"false\" value=\"\" type=\"text\" name=\"nev2\" \/><\/span> <\/label>\n<\/p>\n<p><label> Megb\u00edzat\u00e1s alapja<br \/>\n<span class=\"wpcf7-form-control-wrap\" data-name=\"megbizatas_alapja\"><input size=\"40\" maxlength=\"400\" class=\"wpcf7-form-control wpcf7-text wpcf7-validates-as-required\" id=\"megbizatas_alapja\" aria-required=\"true\" aria-invalid=\"false\" value=\"\" type=\"text\" name=\"megbizatas_alapja\" \/><\/span> <\/label>\n<\/p>\n<p><label> Megb\u00edzat\u00e1s t\u00edpusa<br \/>\n<span class=\"wpcf7-form-control-wrap\" data-name=\"megbizatas_tipusa\"><input size=\"40\" maxlength=\"400\" class=\"wpcf7-form-control wpcf7-text wpcf7-validates-as-required\" id=\"megbizatas_tipusa\" aria-required=\"true\" aria-invalid=\"false\" value=\"\" type=\"text\" name=\"megbizatas_tipusa\" \/><\/span> <\/label>\n<\/p>\n<p><label>Megb\u00edzat\u00e1s kezdete<br \/>\n<span class=\"wpcf7-form-control-wrap\" data-name=\"date_start\"><input class=\"wpcf7-form-control wpcf7-date wpcf7-validates-as-required wpcf7-validates-as-date\" id=\"date_start\" aria-required=\"true\" aria-invalid=\"false\" value=\"\" type=\"date\" name=\"date_start\" \/><\/span><\/label>\n<\/p>\n<p><label> Megb\u00edzat\u00e1s v\u00e9ge<br \/>\n<span class=\"wpcf7-form-control-wrap\" data-name=\"date_end\"><input class=\"wpcf7-form-control wpcf7-date wpcf7-validates-as-required wpcf7-validates-as-date\" id=\"date_end\" aria-required=\"true\" aria-invalid=\"false\" value=\"\" type=\"date\" name=\"date_end\" \/><\/span><\/label>\n<\/p>\n<p><label> Hivatkoz\u00e1s c\u00edme<br \/>\n<span class=\"wpcf7-form-control-wrap\" data-name=\"link_cim\"><input size=\"40\" maxlength=\"400\" class=\"wpcf7-form-control wpcf7-url wpcf7-text wpcf7-validates-as-url\" id=\"link_cim\" aria-invalid=\"false\" placeholder=\"pl. https:\/\/semmelweis.hu\" value=\"\" type=\"url\" name=\"link_cim\" \/><\/span><\/label>\n<\/p>\n<p><label> Hivatkoz\u00e1s sz\u00f6vege<br \/>\n<span class=\"wpcf7-form-control-wrap\" data-name=\"link_nev\"><input size=\"40\" maxlength=\"400\" class=\"wpcf7-form-control wpcf7-text\" id=\"link_nev\" aria-invalid=\"false\" placeholder=\"A megjelen\u0151 sz\u00f6veg\" value=\"\" type=\"text\" name=\"link_nev\" \/><\/span><\/label>\n<\/p>\n<p><label> Megsz\u0171n\u00e9s oka<br \/>\n<span class=\"wpcf7-form-control-wrap\" data-name=\"megszunes_oka\"><select class=\"wpcf7-form-control wpcf7-select\" id=\"megszunes_oka\" aria-invalid=\"false\" name=\"megszunes_oka\"><option value=\"\">&#8212; K\u00e9rj\u00fck, v\u00e1lasszon egy opci\u00f3t &#8212;<\/option><option value=\"Megb\u00edzat\u00e1s lej\u00e1rta\">Megb\u00edzat\u00e1s lej\u00e1rta<\/option><option value=\"Egy\u00e9b megsz\u0171n\u00e9si ok\">Egy\u00e9b megsz\u0171n\u00e9si ok<\/option><\/select><\/span><\/label>\n<\/p>\n<p><label> Megsz\u0171n\u00e9s d\u00e1tuma<br \/>\n<span class=\"wpcf7-form-control-wrap\" data-name=\"megszunes_datuma\"><input class=\"wpcf7-form-control wpcf7-date wpcf7-validates-as-date\" id=\"megszunes_datuma\" aria-invalid=\"false\" value=\"\" type=\"date\" name=\"megszunes_datuma\" \/><\/span><\/label>\n<\/p>\n<p><label> \u00c1llapot<\/label><br \/>\n<span class=\"wpcf7-form-control-wrap\" data-name=\"allapot\"><span class=\"wpcf7-form-control wpcf7-radio\" id=\"allapot\"><span class=\"wpcf7-list-item first\"><input type=\"radio\" name=\"allapot\" value=\"akt\u00edv\" checked=\"checked\" \/><span class=\"wpcf7-list-item-label\">akt\u00edv<\/span><\/span><span class=\"wpcf7-list-item last\"><input type=\"radio\" name=\"allapot\" value=\"arch\u00edv\" \/><span class=\"wpcf7-list-item-label\">arch\u00edv<\/span><\/span><\/span><\/span>\n<\/p>\n<p><input class=\"wpcf7-form-control wpcf7-submit has-spinner\" type=\"submit\" value=\"\u00daj tag hozz\u00e1ad\u00e1sa\" \/>\n<\/p><div class=\"wpcf7-response-output\" aria-hidden=\"true\"><\/div>\n<\/form>\n<\/div>\n\n","protected":false},"excerpt":{"rendered":"","protected":false},"author":102235,"featured_media":0,"parent":0,"menu_order":0,"comment_status":"closed","ping_status":"closed","template":"","meta":{"_acf_changed":false,"footnotes":""},"categories":[],"tags":[],"class_list":["post-244","page","type-page","status-publish","hentry"],"acf":[],"_links":{"self":[{"href":"https:\/\/semmelweis.hu\/bizottsagok\/wp-json\/wp\/v2\/pages\/244","targetHints":{"allow":["GET"]}}],"collection":[{"href":"https:\/\/semmelweis.hu\/bizottsagok\/wp-json\/wp\/v2\/pages"}],"about":[{"href":"https:\/\/semmelweis.hu\/bizottsagok\/wp-json\/wp\/v2\/types\/page"}],"author":[{"embeddable":true,"href":"https:\/\/semmelweis.hu\/bizottsagok\/wp-json\/wp\/v2\/users\/102235"}],"replies":[{"embeddable":true,"href":"https:\/\/semmelweis.hu\/bizottsagok\/wp-json\/wp\/v2\/comments?post=244"}],"version-history":[{"count":4,"href":"https:\/\/semmelweis.hu\/bizottsagok\/wp-json\/wp\/v2\/pages\/244\/revisions"}],"predecessor-version":[{"id":828,"href":"https:\/\/semmelweis.hu\/bizottsagok\/wp-json\/wp\/v2\/pages\/244\/revisions\/828"}],"wp:attachment":[{"href":"https:\/\/semmelweis.hu\/bizottsagok\/wp-json\/wp\/v2\/media?parent=244"}],"wp:term":[{"taxonomy":"category","embeddable":true,"href":"https:\/\/semmelweis.hu\/bizottsagok\/wp-json\/wp\/v2\/categories?post=244"},{"taxonomy":"post_tag","embeddable":true,"href":"https:\/\/semmelweis.hu\/bizottsagok\/wp-json\/wp\/v2\/tags?post=244"}],"curies":[{"name":"wp","href":"https:\/\/api.w.org\/{rel}","templated":true}]}}