{"id":242,"date":"2020-11-24T00:54:25","date_gmt":"2020-11-23T23:54:25","guid":{"rendered":"https:\/\/semmelweis.hu\/bizottsagok\/?page_id=242"},"modified":"2026-03-30T10:03:37","modified_gmt":"2026-03-30T08:03:37","slug":"pak-tanulmanyi-es-vizsgabizottsag","status":"publish","type":"page","link":"https:\/\/semmelweis.hu\/bizottsagok\/allando-bizottsagok\/pak-bizottsagai\/pak-tanulmanyi-es-vizsgabizottsag\/","title":{"rendered":"PAK TANULM\u00c1NYI \u00c9S VIZSGABIZOTTS\u00c1G"},"content":{"rendered":"<div class=\"responsive-tabs\">\n<h2 class=\"tabtitle\">Feladat- \u00e9s hat\u00e1sk\u00f6r<\/h2>\n<div class=\"tabcontent\">\n\n<ul>\n<li>a kedvezm\u00e9nyes tanulm\u00e1nyi rend enged\u00e9lyez\u00e9se,<\/li>\n<li>a megkezdett f\u00e9l\u00e9v ut\u00f3lagos passz\u00edv f\u00e9l\u00e9vv\u00e9 nyilv\u00e1n\u00edt\u00e1sa,<\/li>\n<li>p\u00e1rhuzamos \u00e9s vend\u00e9ghallgat\u00f3i jogviszony enged\u00e9lyez\u00e9se,<\/li>\n<li>vizsga enged\u00e9lyez\u00e9se, valamint vizsga enged\u00e9lyez\u00e9se vizsgaid\u0151szakon k\u00edv\u00fcli id\u0151pontokban k\u00fcl\u00f6n\u00f6sen indokolt esetekben,<\/li>\n<li>m\u00e9lt\u00e1nyoss\u00e1gi k\u00e9relmek elb\u00edr\u00e1l\u00e1sa,<\/li>\n<li>szakok\/specializ\u00e1ci\u00f3k, illetve karok, int\u00e9zm\u00e9nyek k\u00f6z\u00f6tti \u00e1tv\u00e9tel,<\/li>\n<li>egy\u00e9b tanulm\u00e1nyi \u00fcgyek,<\/li>\n<li>hat\u00e1sk\u00f6re kiterjed egy\u00e9b jogszab\u00e1lyban, egyetemi, kari szab\u00e1lyzatban a Bizotts\u00e1g neves\u00edtett feladatk\u00f6reire.<\/li>\n<\/ul>\n<p>B\u00e1rmely hallgat\u00f3 \u00e9s oktat a Tanulm\u00e1nyi \u00e9s Hallgat\u00f3i K\u00f6zpont, Karrierirod\u00e1n, illetve az oktat\u00e1si szervezeti egys\u00e9g vezet\u0151j\u00e9n kereszt\u00fcl a Bizotts\u00e1g jogorvoslat\u00e1t k\u00e9rheti, ha v\u00e9lem\u00e9nye szerint valamely tanulm\u00e1nyi \u00fcgy int\u00e9z\u00e9se nem a Kari M\u0171k\u00f6d\u00e9si Rendnek megfelel\u0151en t\u00f6rt\u00e9nt.<\/p>\n\n<\/div><h2 class=\"tabtitle\">Tagjai<\/h2>\n<div class=\"tabcontent\">\n\n<p><em><strong>Kapcsolattart\u00f3: <\/strong><\/em>Dr. Balogh Emese Celesta<br \/>\n<em><strong>Email: <\/strong><\/em><a href=\"mailto:balogh.emese_celeszta@semmelweis-univ.hu\">balogh.emese_celeszta@semmelweis-univ.hu<\/a><\/p>\n    \r\n    <div id=\"peopleContainer\" style=\"text-align:center;\">\r\n    <input type=\"hidden\" name=\"cimkek\" id=\"cimkek\" value=\"Vezet\u00e9kn\u00e9v,Ut\u00f3n\u00e9v,Megb\u00edzat\u00e1s alapja,Megb\u00edzat\u00e1s t\u00edpusa,Megb\u00edzat\u00e1s kezdete,Megb\u00edzat\u00e1s v\u00e9ge,Megb\u00edzat\u00e1si dokumentum,Megsz\u0171n\u00e9s oka,Megsz\u0171n\u00e9s d\u00e1tuma\">\r\n    <input type=\"hidden\" name=\"kihagy_aktiv\" id=\"kihagy_aktiv\" value=\"Megsz\u0171n\u00e9s oka||megszunes_oka,Megsz\u0171n\u00e9s d\u00e1tuma||megszunes_datuma\">\r\n    <input type=\"hidden\" name=\"kihagy_archiv\" id=\"kihagy_archiv\" value=\"\">\r\n    <div id=\"aktivTagokContainer\" style=\"overflow:auto;\">\r\n        <table>\r\n        <thead style=\"text-align:center;\">\r\n            <th>Vezet\u00e9kn\u00e9v<\/th><th>Ut\u00f3n\u00e9v<\/th><th>Megb\u00edzat\u00e1s alapja<\/th><th>Megb\u00edzat\u00e1s t\u00edpusa<\/th><th>Megb\u00edzat\u00e1s kezdete<\/th><th>Megb\u00edzat\u00e1s v\u00e9ge<\/th><th>Megb\u00edzat\u00e1si dokumentum<\/th>        <\/thead>\r\n        <tbody>\r\n        <tr><td>dr. Matos <\/td><td>L\u00e1szl\u00f3<\/td><td>Foglalkoztatott\/ Employee\/ Besch\u00e4ftigte(r)<\/td><td>Eln\u00f6k\/ Chairperson\/ Vorsitzender<\/td><td>2020-10-29<\/td><td>2023-10-28<\/td><td><a href=\"https:\/\/semmelweis.hu\/jogigfoig\/files\/2020\/11\/195_2020_Mell%C3%A9klet_tagok.pdf\">Megb\u00edzat\u00e1si dokumentum\/ Mandate document\/ Mandatsdokument<\/a><\/td><\/tr><tr><td>dr. T\u00fari<\/td><td>Ibolya<\/td><td>Foglalkoztatott\/ Employee\/ Besch\u00e4ftigte(r)<\/td><td>Tag\/ Member\/ Mitglied<\/td><td>2020-10-29<\/td><td>2020-10-28<\/td><td><a href=\"https:\/\/semmelweis.hu\/jogigfoig\/files\/2020\/11\/195_2020_Mell%C3%A9klet_tagok.pdf\">Megb\u00edzat\u00e1si dokumentum\/ Mandate document\/ Mandatsdokument<\/a><\/td><\/tr><tr><td>dr. Balogh<\/td><td> Emese Celeszta<\/td><td>Foglalkoztatott\/ Employee\/ Besch\u00e4ftigte(r)<\/td><td>Tag\/ Member\/ Mitglied<\/td><td>2020-10-29<\/td><td>2023-10-28<\/td><td><a href=\"https:\/\/semmelweis.hu\/jogigfoig\/files\/2020\/11\/195_2020_Mell%C3%A9klet_tagok.pdf\">Megb\u00edzat\u00e1si dokumentum\/ Mandate document\/ Mandatsdokument<\/a><\/td><\/tr><tr><td>S\u00e1ringern\u00e9 dr. Szil\u00e1rd <\/td><td>Zsuzsanna<\/td><td>Foglalkoztatott\/ Employee\/ Besch\u00e4ftigte(r)<\/td><td>Tag\/ Member\/ Mitglied<\/td><td>2020-10-29<\/td><td>2023-10-28<\/td><td><a href=\"https:\/\/semmelweis.hu\/jogigfoig\/files\/2020\/11\/195_2020_Mell%C3%A9klet_tagok.pdf\">Megb\u00edzat\u00e1si dokumentum\/ Mandate document\/ Mandatsdokument<\/a><\/td><\/tr><tr><td>Cs\u00f6pp\u00fc <\/td><td>Dominika<\/td><td>Hallgat\u00f3i jogviszony\/ Student status\/ Studierendenrechtsverh\u00e4ltnis<\/td><td>Tag\/ Member\/ Mitglied<\/td><td>2020-10-29<\/td><td>2023-10-28<\/td><td><a href=\"https:\/\/semmelweis.hu\/jogigfoig\/files\/2020\/11\/195_2020_Mell%C3%A9klet_tagok.pdf\">Megb\u00edzat\u00e1si dokumentum\/ Mandate document\/ Mandatsdokument<\/a><\/td><\/tr>        \r\n        \r\n        <\/tbody>\r\n        <\/table>\r\n        <\/div>\r\n\r\n    <div id=\"archivTagokContainer\" style=\"overflow:auto;\">\r\n            <div class=\"exp-col-content-holder\" style=\"border: none;\">\r\n        <a class=\"expand-cnt-link ecf_closed\" href=\"#\">Arch\u00edv<\/a>\r\n        <div class=\"hidden-content\" style=\"display: none;\">\r\n                <table>\r\n            <thead style=\"text-align:center;\">\r\n                <th>Vezet\u00e9kn\u00e9v<\/th><th>Ut\u00f3n\u00e9v<\/th><th>Megb\u00edzat\u00e1s alapja<\/th><th>Megb\u00edzat\u00e1s t\u00edpusa<\/th><th>Megb\u00edzat\u00e1s kezdete<\/th><th>Megb\u00edzat\u00e1s v\u00e9ge<\/th><th>Megb\u00edzat\u00e1si dokumentum<\/th><th>Megsz\u0171n\u00e9s oka<\/th><th>Megsz\u0171n\u00e9s d\u00e1tuma<\/th>            <\/thead>\r\n            <tbody>\r\n                        <\/tbody>\r\n            <\/table>\r\n        <\/div>\r\n        <\/div>\r\n    <\/div>\r\n    <\/div>\r\n    \n\n<\/div><h2 class=\"tabtitle\">\u00dcgyrend<\/h2>\n<div class=\"tabcontent\">\n\n<p><a href=\"https:\/\/semmelweis.hu\/bizottsagok\/files\/2022\/04\/127_2021_-melleklet-PAK_Tanulmanyi-es-Vizsgabizottsag.pdf\" target=\"_blank\" rel=\"noopener\">PAK Tanulm\u00e1nyi \u00e9s Vizsgabizotts\u00e1g \u00dcgyrendje<\/a><\/p>\n\n<\/div><h2 class=\"tabtitle\">\u00c9ves besz\u00e1mol\u00f3<\/h2>\n<div class=\"tabcontent\">\n\n<p><a href=\"https:\/\/semmelweis.hu\/jogigfoig\/files\/2020\/08\/TVB.pdf\">PAK Tanulm\u00e1nyi \u00e9s Vizsgabizotts\u00e1g \u00e9ves besz\u00e1mol\u00f3ja a 2019-es \u00e9vr\u0151l<\/a><\/p>\n<p><a href=\"https:\/\/semmelweis.hu\/jogigfoig\/files\/2020\/05\/68_2020_Besz%C3%A1mol%C3%B3-a-kari-bizotts%C3%A1gok-munk%C3%A1j%C3%A1r%C3%B3l.pdf\">A Semmelweis Egyetem\u00a0Szen\u00e1tus\u00e1nak\u00a068\/2020. (V.5.) sz\u00e1m\u00fa hat\u00e1rozata Besz\u00e1mol\u00f3 a Szen\u00e1tus \u00e1ltal l\u00e9trehozott,\u00a0<em>(Tanulm\u00e1nyi \u00e9s Vizsga Bizotts\u00e1g, Kredit\u00e1tviteli Bizotts\u00e1g, Etikai \u00e9s Fegyelmi Bizotts\u00e1g, a Pet\u0151 Andr\u00e1s Kar tekintet\u00e9ben tov\u00e1bbi k\u00e9t bizotts\u00e1g a Gyakorlati K\u00e9pz\u00e9si Bizotts\u00e1g \u00e9s a Kiad\u00f3i \u00e9s K\u00f6nyvt\u00e1r Bizotts\u00e1g)<\/em>\u00a0karokon m\u0171k\u00f6d\u0151 \u00e1lland\u00f3 bizotts\u00e1gok munk\u00e1j\u00e1r\u00f3l<\/a><\/p>\n<\/div><\/div>\n<p>&nbsp;<\/p>\n<p>&nbsp;<\/p>\n","protected":false},"excerpt":{"rendered":"<p>a kedvezm\u00e9nyes tanulm\u00e1nyi rend enged\u00e9lyez\u00e9se, a megkezdett f\u00e9l\u00e9v ut\u00f3lagos passz\u00edv f\u00e9l\u00e9vv\u00e9 nyilv\u00e1n\u00edt\u00e1sa, p\u00e1rhuzamos \u00e9s vend\u00e9ghallgat\u00f3i jogviszony enged\u00e9lyez\u00e9se, vizsga enged\u00e9lyez\u00e9se, valamint vizsga enged\u00e9lyez\u00e9se vizsgaid\u0151szakon k\u00edv\u00fcli id\u0151pontokban k\u00fcl\u00f6n\u00f6sen indokolt esetekben, m\u00e9lt\u00e1nyoss\u00e1gi k\u00e9relmek elb\u00edr\u00e1l\u00e1sa, szakok\/specializ\u00e1ci\u00f3k, illetve karok, int\u00e9zm\u00e9nyek k\u00f6z\u00f6tti \u00e1tv\u00e9tel, egy\u00e9b tanulm\u00e1nyi \u00fcgyek, hat\u00e1sk\u00f6re kiterjed egy\u00e9b jogszab\u00e1lyban, egyetemi, kari szab\u00e1lyzatban a Bizotts\u00e1g neves\u00edtett feladatk\u00f6reire. B\u00e1rmely hallgat\u00f3 \u00e9s oktat &hellip;<\/p>\n","protected":false},"author":102235,"featured_media":0,"parent":871,"menu_order":0,"comment_status":"closed","ping_status":"closed","template":"template-fullwidth.php","meta":{"_acf_changed":false,"footnotes":""},"categories":[],"tags":[],"class_list":["post-242","page","type-page","status-publish","hentry"],"acf":[],"_links":{"self":[{"href":"https:\/\/semmelweis.hu\/bizottsagok\/wp-json\/wp\/v2\/pages\/242","targetHints":{"allow":["GET"]}}],"collection":[{"href":"https:\/\/semmelweis.hu\/bizottsagok\/wp-json\/wp\/v2\/pages"}],"about":[{"href":"https:\/\/semmelweis.hu\/bizottsagok\/wp-json\/wp\/v2\/types\/page"}],"author":[{"embeddable":true,"href":"https:\/\/semmelweis.hu\/bizottsagok\/wp-json\/wp\/v2\/users\/102235"}],"replies":[{"embeddable":true,"href":"https:\/\/semmelweis.hu\/bizottsagok\/wp-json\/wp\/v2\/comments?post=242"}],"version-history":[{"count":9,"href":"https:\/\/semmelweis.hu\/bizottsagok\/wp-json\/wp\/v2\/pages\/242\/revisions"}],"predecessor-version":[{"id":2930,"href":"https:\/\/semmelweis.hu\/bizottsagok\/wp-json\/wp\/v2\/pages\/242\/revisions\/2930"}],"up":[{"embeddable":true,"href":"https:\/\/semmelweis.hu\/bizottsagok\/wp-json\/wp\/v2\/pages\/871"}],"wp:attachment":[{"href":"https:\/\/semmelweis.hu\/bizottsagok\/wp-json\/wp\/v2\/media?parent=242"}],"wp:term":[{"taxonomy":"category","embeddable":true,"href":"https:\/\/semmelweis.hu\/bizottsagok\/wp-json\/wp\/v2\/categories?post=242"},{"taxonomy":"post_tag","embeddable":true,"href":"https:\/\/semmelweis.hu\/bizottsagok\/wp-json\/wp\/v2\/tags?post=242"}],"curies":[{"name":"wp","href":"https:\/\/api.w.org\/{rel}","templated":true}]}}