{"id":234,"date":"2020-11-24T00:49:12","date_gmt":"2020-11-23T23:49:12","guid":{"rendered":"https:\/\/semmelweis.hu\/bizottsagok\/?page_id=234"},"modified":"2026-04-01T08:54:44","modified_gmt":"2026-04-01T06:54:44","slug":"ekk-curriculum-kreditatviteli-es-oktatasi-bizottsag","status":"publish","type":"page","link":"https:\/\/semmelweis.hu\/bizottsagok\/allando-bizottsagok\/ekk-bizottsagai\/ekk-curriculum-kreditatviteli-es-oktatasi-bizottsag\/","title":{"rendered":"EKK CURRICULUM, KREDIT\u00c1TVITELI \u00c9S OKTAT\u00c1SI BIZOTTS\u00c1G"},"content":{"rendered":"<div class=\"responsive-tabs\">\n<h2 class=\"tabtitle\">Feladat- \u00e9s hat\u00e1sk\u00f6r<\/h2>\n<div class=\"tabcontent\">\n\n<p>L\u00e1sd kari TVSZ 6.-ban meghat\u00e1rozott\u00a0 feladatok szerint, valamint a hallgat\u00f3k tanulm\u00e1nyi \u00fcgyeiben a k\u00e9pz\u00e9s form\u00e1j\u00e1t\u00f3l f\u00fcggetlen\u00fcl, els\u0151 fokon a Szent\u00e1us \u00e1ltal l\u00e9trehozott kari Curriculum, Kredit\u00e1tviteli \u00e9s Oktat\u00e1si Bizotts\u00e1g j\u00e1r el:<\/p>\n<ul>\n<li>a megkezdett f\u00e9l\u00e9v ut\u00f3lagososan passz\u00edv f\u00e9l\u00e9vv\u00e9 ny\u00edlv\u00e1n\u00edt\u00e1sa,<\/li>\n<li>p\u00e1rhuzamos k\u00e9pz\u00e9s<\/li>\n<li>vizsga enged\u00e9lyez\u00e9se a viszgaid\u0151szakon k\u00edv\u00fcli id\u0151szakokban k\u00fcl\u00f6n\u00f6sen indokolt esetekben,<\/li>\n<li>szakok, illetve karok, int\u00e9zm\u00e9nyek k\u00f6z\u00f6tti \u00e1tv\u00e9tel,<\/li>\n<li>szakv\u00e1ltoztat\u00e1sok enged\u00e9lyez\u00e9se,<\/li>\n<li>vend\u00e9ghallgat\u00f3i jogviszony enged\u00e9lyez\u00e9se,<\/li>\n<li>hallgat\u00f3i jogviszony megsz\u00fcntet\u00e9se,<\/li>\n<li>kreditelismer\u00e9si k\u00e9rv\u00e9ny elb\u00edr\u00e1l\u00e1sa,<\/li>\n<li>tant\u00e1rgy befogad\u00e1s\u00e1nak elb\u00edr\u00e1l\u00e1sa.\u00a0<\/li>\n<\/ul>\n\n<\/div><h2 class=\"tabtitle\">Tagjai<\/h2>\n<div class=\"tabcontent\">\n\n<p><em><strong>Kapcsolattart\u00f3:<\/strong><\/em> D\u00e9k\u00e1ni Hivatal 459-1500\/55635<br \/>\n<em><strong>Email: <\/strong><\/em><a href=\"mailto:dekani@ekk.sote.hu\">dekani@ekk.sote.hu<\/a><\/p>\n    \r\n    <div id=\"peopleContainer\" style=\"text-align:center;\">\r\n    <input type=\"hidden\" name=\"cimkek\" id=\"cimkek\" value=\"Vezet\u00e9kn\u00e9v,Ut\u00f3n\u00e9v,Megb\u00edzat\u00e1s alapja,Megb\u00edzat\u00e1s t\u00edpusa,Megb\u00edzat\u00e1s kezdete,Megb\u00edzat\u00e1s v\u00e9ge,Megb\u00edzat\u00e1si dokumentum,Megsz\u0171n\u00e9s oka,Megsz\u0171n\u00e9s d\u00e1tuma\">\r\n    <input type=\"hidden\" name=\"kihagy_aktiv\" id=\"kihagy_aktiv\" value=\"Megsz\u0171n\u00e9s oka||megszunes_oka,Megsz\u0171n\u00e9s d\u00e1tuma||megszunes_datuma\">\r\n    <input type=\"hidden\" name=\"kihagy_archiv\" id=\"kihagy_archiv\" value=\"\">\r\n    <div id=\"aktivTagokContainer\" style=\"overflow:auto;\">\r\n        <table>\r\n        <thead style=\"text-align:center;\">\r\n            <th>Vezet\u00e9kn\u00e9v<\/th><th>Ut\u00f3n\u00e9v<\/th><th>Megb\u00edzat\u00e1s alapja<\/th><th>Megb\u00edzat\u00e1s t\u00edpusa<\/th><th>Megb\u00edzat\u00e1s kezdete<\/th><th>Megb\u00edzat\u00e1s v\u00e9ge<\/th><th>Megb\u00edzat\u00e1si dokumentum<\/th>        <\/thead>\r\n        <tbody>\r\n        <tr><td>Dr. Somosin\u00e9 T\u00e9senyi <\/td><td>Timea Livia<\/td><td>Foglalkoztatott\/ Employee\/ Besch\u00e4ftigte(r)<\/td><td>Eln\u00f6k\/ Chairperson\/ Vorsitzender<\/td><td>2026-04-15<\/td><td>2029-04-14<\/td><td><a href=\"https:\/\/semmelweis.hu\/ekk\/files\/2026\/04\/EKK-KT-hat_648-2026_IV-15-1.pdf\">Megb\u00edzat\u00e1si dokumentum\/ Mandate document\/ Mandatsdokument<\/a><\/td><\/tr><tr><td>Dr. L\u00e1m<\/td><td>Judit<\/td><td>Foglalkoztatott\/ Employee\/ Besch\u00e4ftigte(r)<\/td><td>Tag\/ Member\/ Mitglied<\/td><td>2026-04-15<\/td><td>2029-04-14<\/td><td><a href=\"https:\/\/semmelweis.hu\/ekk\/files\/2026\/04\/EKK-KT-hat_648-2026_IV-15-1.pdf\">Megb\u00edzat\u00e1si dokumentum\/ Mandate document\/ Mandatsdokument<\/a><\/td><\/tr><tr><td>Dr. S\u00e1ndor <\/td><td>Zolt\u00e1n<\/td><td>Foglalkoztatott\/ Employee\/ Besch\u00e4ftigte(r)<\/td><td>Tag\/ Member\/ Mitglied<\/td><td>2026-04-15<\/td><td>2029-04-14<\/td><td><a href=\"https:\/\/semmelweis.hu\/ekk\/files\/2026\/04\/EKK-KT-hat_648-2026_IV-15-1.pdf\">Megb\u00edzat\u00e1si dokumentum\/ Mandate document\/ Mandatsdokument<\/a><\/td><\/tr><tr><td> <\/td><td> <\/td><td> <\/td><td> <\/td><td> <\/td><td> <\/td><td> <\/td><td> <\/td><\/tr><tr><td> <\/td><td> <\/td><td> <\/td><td> <\/td><td> <\/td><td> <\/td><td> <\/td><td> <\/td><\/tr><tr><td>M\u00e9sz\u00e1ros<\/td><td>Evelin<\/td><td>Hallgat\u00f3i jogviszony\/ Student status\/ Studierendenrechtsverh\u00e4ltnis<\/td><td>Tag\/ Member\/ Mitglied<\/td><td>2026-04-15<\/td><td>2029-04-14<\/td><td><a href=\"https:\/\/semmelweis.hu\/ekk\/files\/2026\/04\/EKK-KT-hat_648-2026_IV-15-1.pdf\">Megb\u00edzat\u00e1si dokumentum\/ Mandate document\/ Mandatsdokument<\/a><\/td><\/tr><tr><td>Magyar<\/td><td>D\u00e1niel D\u00e1vid<\/td><td>Hallgat\u00f3i jogviszony\/ Student status\/ Studierendenrechtsverh\u00e4ltnis<\/td><td>Tag\/ Member\/ Mitglied<\/td><td>2026-04-15<\/td><td>2029-04-14<\/td><td><a href=\"https:\/\/semmelweis.hu\/ekk\/files\/2026\/04\/EKK-KT-hat_648-2026_IV-15-1.pdf\">Megb\u00edzat\u00e1si dokumentum\/ Mandate document\/ Mandatsdokument<\/a><\/td><\/tr><tr><td>Kolozsi<\/td><td>Gr\u00e9ta M\u00e1ria<\/td><td>Hallgat\u00f3i jogviszony\/ Student status\/ Studierendenrechtsverh\u00e4ltnis<\/td><td>Tag\/ Member\/ Mitglied<\/td><td>2026-04-15<\/td><td>2029-04-14<\/td><td><a href=\"https:\/\/semmelweis.hu\/ekk\/files\/2026\/04\/EKK-KT-hat_648-2026_IV-15-1.pdf\">Megb\u00edzat\u00e1si dokumentum\/ Mandate document\/ Mandatsdokument<\/a><\/td><\/tr>        \r\n        \r\n        <\/tbody>\r\n        <\/table>\r\n        <\/div>\r\n\r\n    <div id=\"archivTagokContainer\" style=\"overflow:auto;\">\r\n            <div class=\"exp-col-content-holder\" style=\"border: none;\">\r\n        <a class=\"expand-cnt-link ecf_closed\" href=\"#\">Arch\u00edv<\/a>\r\n        <div class=\"hidden-content\" style=\"display: none;\">\r\n                <table>\r\n            <thead style=\"text-align:center;\">\r\n                <th>Vezet\u00e9kn\u00e9v<\/th><th>Ut\u00f3n\u00e9v<\/th><th>Megb\u00edzat\u00e1s alapja<\/th><th>Megb\u00edzat\u00e1s t\u00edpusa<\/th><th>Megb\u00edzat\u00e1s kezdete<\/th><th>Megb\u00edzat\u00e1s v\u00e9ge<\/th><th>Megb\u00edzat\u00e1si dokumentum<\/th><th>Megsz\u0171n\u00e9s oka<\/th><th>Megsz\u0171n\u00e9s d\u00e1tuma<\/th>            <\/thead>\r\n            <tbody>\r\n            <tr><td>H\u0151nig<\/td><td>D\u00e1vid<\/td><td>Hallgat\u00f3i jogviszony\/ Student status\/ Studierendenrechtsverh\u00e4ltnis<\/td><td>Tag\/ Member\/ Mitglied<\/td><td>2020-03-05<\/td><td>2023-03-05<\/td><td><a href=\"https:\/\/semmelweis.hu\/jogigfoig\/files\/2020\/03\/32_2020_az-EKK-n-m%C5%B1k%C3%B6d%C5%91-%C3%A1lland%C3%B3-bizotts%C3%A1gok-szem%C3%A9lyi-%C3%B6sszet%C3%A9tel%C3%A9nek-m%C3%B3dos%C3%ADt%C3%A1s%C3%A1r%C3%B3l.pdf\">Megb\u00edzat\u00e1si dokumentum\/ Mandate document\/ Mandatsdokument<\/a><\/td><td>Egy\u00e9b megsz\u0171n\u00e9si ok<\/td><td>2021-01-08<\/td><\/tr><tr><td>Gecsey<\/td><td>R\u00e9ka Csenge<\/td><td>Hallgat\u00f3i jogviszony\/ Student status\/ Studierendenrechtsverh\u00e4ltnis<\/td><td>Tag\/ Member\/ Mitglied<\/td><td>2021-01-28<\/td><td>2024-01-28<\/td><td><a href=\"https:\/\/semmelweis.hu\/ekk\/files\/2021\/03\/EKK-KT-hat_435-2021_I-28.pdf\">Megb\u00edzat\u00e1si dokumentum\/ Mandate document\/ Mandatsdokument<\/a><\/td><td>Egy\u00e9b megsz\u0171n\u00e9si ok<\/td><td>2023-02-10<\/td><\/tr><tr><td>Nagy<\/td><td>Edina<\/td><td>Hallgat\u00f3i jogviszony\/ Student status\/ Studierendenrechtsverh\u00e4ltnis<\/td><td>Tag\/ Member\/ Mitglied<\/td><td>2021-01-28<\/td><td>2024-01-28<\/td><td><a href=\"https:\/\/semmelweis.hu\/ekk\/files\/2021\/03\/EKK-KT-hat_435-2021_I-28.pdf\">Megb\u00edzat\u00e1si dokumentum\/ Mandate document\/ Mandatsdokument<\/a><\/td><td>Egy\u00e9b megsz\u0171n\u00e9si ok<\/td><td>2023-06-19<\/td><\/tr><tr><td>H\u00e1mori<\/td><td>Attila<\/td><td>Hallgat\u00f3i jogviszony\/ Student status\/ Studierendenrechtsverh\u00e4ltnis<\/td><td>Tag\/Member\/Mitglied<\/td><td>2023-10-02<\/td><td>2026-10-01<\/td><td><a href=\"https:\/\/semmelweis.hu\/bizottsagok\/files\/2023\/10\/EKK-KT-hat_547-2023_X-02.pdf\">Megb\u00edzat\u00e1si dokumentum\/ Mandate document\/ Mandatsdokument<\/a><\/td><td>Egy\u00e9b megsz\u0171n\u00e9si ok<\/td><td>2023-11-20<\/td><\/tr><tr><td>Pance<\/td><td>Krist\u00f3f Attila<\/td><td>Hallgat\u00f3i jogviszony\/ Student status\/ Studierendenrechtsverh\u00e4ltnis<\/td><td>Tag\/ Member\/ Mitglied<\/td><td>2021-11-18<\/td><td>2024-11-18<\/td><td><a href=\"https:\/\/semmelweis.hu\/ekk\/files\/2026\/04\/116002_79_2021._XI.18._-SE-HOK-Elnok-sz.-hatarozata-az-Egeszsegugyi-Kozszolgalati-Kar-Curriculum-Kreditatviteli-es-Oktatasi-Bizottsagaba-torteno-delegalasrol-1.pdf\">Megb\u00edzat\u00e1si dokumentum\/ Mandate document\/ Mandatsdokument<\/a><\/td><td>Egy\u00e9b megsz\u0171n\u00e9si ok<\/td><td>2022-02-17<\/td><\/tr><tr><td>Kov\u00e1cs<\/td><td>Bal\u00e1zs<\/td><td>Hallgat\u00f3i jogviszony\/ Student status\/ Studierendenrechtsverh\u00e4ltnis<\/td><td>Tag\/ Member\/ Mitglied<\/td><td>2020-03-05<\/td><td>2024-01-28<\/td><td><a href=\"https:\/\/semmelweis.hu\/ekk\/files\/2021\/03\/EKK-KT-hat_435-2021_I-28.pdf\">Megb\u00edzat\u00e1si dokumentum\/ Mandate document\/ Mandatsdokument<\/a><\/td><td>Egy\u00e9b megsz\u0171n\u00e9si ok<\/td><td>2021-12-15<\/td><\/tr><tr><td>Kudel\u00e1k <\/td><td>M\u00e1rk<\/td><td>Hallgat\u00f3i jogviszony\/ Student status\/ Studierendenrechtsverh\u00e4ltnis<\/td><td>Tag\/ Member\/ Mitglied<\/td><td>2025-11-07<\/td><td>2026-03-31<\/td><td><a href=\"https:\/\/semmelweis.hu\/ekk\/files\/2025\/11\/EKK-KT-hat_622-2025_XI-07.pdf\">Megb\u00edzat\u00e1si dokumentum\/ Mandate document\/ Mandatsdokument<\/a><\/td><td>Egy\u00e9b megsz\u0171n\u00e9si ok<\/td><td>2026-03-31<\/td><\/tr><tr><td>Torma<\/td><td>\u00c1ron<\/td><td>Hallgat\u00f3i jogviszony\/ Student status\/ Studierendenrechtsverh\u00e4ltnis<\/td><td>Tag\/ Member\/ Mitglied<\/td><td>2023-11-20<\/td><td>2026-11-19<\/td><td><a href=\"https:\/\/semmelweis.hu\/ekk\/files\/2025\/11\/96057_Az-SE-HOK-elnokenek-33_2025.VIII_.05.-SE-HOK-Elnok-sz.-hatarozata-az-Egeszsegugyi-Kozszolgalati-Karon-mukodo-allando-bizottsagbol-torteno-visszahivasrol.pdf\">Megb\u00edzat\u00e1si dokumentum\/ Mandate document\/ Mandatsdokument<\/a><\/td><td>Egy\u00e9b megsz\u0171n\u00e9si ok<\/td><td>2025-08-05<\/td><\/tr>            <\/tbody>\r\n            <\/table>\r\n        <\/div>\r\n        <\/div>\r\n    <\/div>\r\n    <\/div>\r\n    \n\n<\/div><h2 class=\"tabtitle\">\u00dcgyrend<\/h2>\n<div class=\"tabcontent\">\n\n<p><a href=\"https:\/\/semmelweis.hu\/bizottsagok\/files\/2021\/02\/EKK_CKOB_ugyrend_alairt.pdf\">Curriculum, Kredit\u00e1tviteli \u00e9s Oktat\u00e1si Bizotts\u00e1g \u00dcgyrendje<\/a><\/p>\n<p><a href=\"https:\/\/semmelweis.hu\/bizottsagok\/files\/2021\/02\/90_2018_VI_28_sz_hat.pdf\">A Semmelweis Egyetem Szen\u00e1tus\u00e1nak 90\/2018. (VI.28) sz\u00e1m\u00fa hat\u00e1rozata A Szen\u00e1tus \u00e1ltal l\u00e9trehozott, az Eg\u00e9szs\u00e9g\u00fcgyi K\u00f6zszolg\u00e1lati Karon m\u0171k\u00f6d\u0151 \u00e1lland\u00f3 bizotts\u00e1gok \u00fcgyrendj\u00e9r\u0151l<\/a><\/p>\n\n<\/div><h2 class=\"tabtitle\">\u00c9ves besz\u00e1mol\u00f3<\/h2>\n<div class=\"tabcontent\">\n\n<p><a href=\"https:\/\/semmelweis.hu\/bizottsagok\/files\/2026\/04\/BIZOTTSAGI-BESZAMOLO_EKK_CKOB_2025.pdf\">Curriculum Kredit\u00e1tviteli \u00e9s Oktat\u00e1si Bizotts\u00e1g 2025. \u00e9vi besz\u00e1mol\u00f3ja<\/a><\/p>\n<p><a href=\"https:\/\/semmelweis.hu\/jogigfoig\/files\/2026\/03\/27_2026_karokon-mukodo-bizottsagok-beszamoloi.pdf\">A Semmelweis Egyetem Szen\u00e1tus\u00e1nak 27\/2026. (III.25.) sz\u00e1m\u00fa hat\u00e1rozata a Szen\u00e1tus \u00e1ltal l\u00e9trehozott, karokon m\u0171k\u00f6d\u0151 bizotts\u00e1gok munk\u00e1j\u00e1r\u00f3l sz\u00f3l\u00f3 besz\u00e1mol\u00f3 elfogad\u00e1s\u00e1r\u00f3l<\/a><\/p>\n<p>&nbsp;<\/p>\n<\/div><\/div>\n","protected":false},"excerpt":{"rendered":"<p>L\u00e1sd kari TVSZ 6.-ban meghat\u00e1rozott\u00a0 feladatok szerint, valamint a hallgat\u00f3k tanulm\u00e1nyi \u00fcgyeiben a k\u00e9pz\u00e9s form\u00e1j\u00e1t\u00f3l f\u00fcggetlen\u00fcl, els\u0151 fokon a Szent\u00e1us \u00e1ltal l\u00e9trehozott kari Curriculum, Kredit\u00e1tviteli \u00e9s Oktat\u00e1si Bizotts\u00e1g j\u00e1r el: a megkezdett f\u00e9l\u00e9v ut\u00f3lagososan passz\u00edv f\u00e9l\u00e9vv\u00e9 ny\u00edlv\u00e1n\u00edt\u00e1sa, p\u00e1rhuzamos k\u00e9pz\u00e9s vizsga enged\u00e9lyez\u00e9se a viszgaid\u0151szakon k\u00edv\u00fcli id\u0151szakokban k\u00fcl\u00f6n\u00f6sen indokolt esetekben, szakok, illetve karok, int\u00e9zm\u00e9nyek k\u00f6z\u00f6tti \u00e1tv\u00e9tel, szakv\u00e1ltoztat\u00e1sok &hellip;<\/p>\n","protected":false},"author":101863,"featured_media":0,"parent":865,"menu_order":0,"comment_status":"closed","ping_status":"closed","template":"template-fullwidth.php","meta":{"_acf_changed":false,"footnotes":""},"categories":[],"tags":[],"class_list":["post-234","page","type-page","status-publish","hentry"],"acf":[],"_links":{"self":[{"href":"https:\/\/semmelweis.hu\/bizottsagok\/wp-json\/wp\/v2\/pages\/234","targetHints":{"allow":["GET"]}}],"collection":[{"href":"https:\/\/semmelweis.hu\/bizottsagok\/wp-json\/wp\/v2\/pages"}],"about":[{"href":"https:\/\/semmelweis.hu\/bizottsagok\/wp-json\/wp\/v2\/types\/page"}],"author":[{"embeddable":true,"href":"https:\/\/semmelweis.hu\/bizottsagok\/wp-json\/wp\/v2\/users\/101863"}],"replies":[{"embeddable":true,"href":"https:\/\/semmelweis.hu\/bizottsagok\/wp-json\/wp\/v2\/comments?post=234"}],"version-history":[{"count":12,"href":"https:\/\/semmelweis.hu\/bizottsagok\/wp-json\/wp\/v2\/pages\/234\/revisions"}],"predecessor-version":[{"id":2941,"href":"https:\/\/semmelweis.hu\/bizottsagok\/wp-json\/wp\/v2\/pages\/234\/revisions\/2941"}],"up":[{"embeddable":true,"href":"https:\/\/semmelweis.hu\/bizottsagok\/wp-json\/wp\/v2\/pages\/865"}],"wp:attachment":[{"href":"https:\/\/semmelweis.hu\/bizottsagok\/wp-json\/wp\/v2\/media?parent=234"}],"wp:term":[{"taxonomy":"category","embeddable":true,"href":"https:\/\/semmelweis.hu\/bizottsagok\/wp-json\/wp\/v2\/categories?post=234"},{"taxonomy":"post_tag","embeddable":true,"href":"https:\/\/semmelweis.hu\/bizottsagok\/wp-json\/wp\/v2\/tags?post=234"}],"curies":[{"name":"wp","href":"https:\/\/api.w.org\/{rel}","templated":true}]}}