{"id":222,"date":"2020-11-24T00:39:07","date_gmt":"2020-11-23T23:39:07","guid":{"rendered":"https:\/\/semmelweis.hu\/bizottsagok\/?page_id=222"},"modified":"2025-09-29T13:42:14","modified_gmt":"2025-09-29T11:42:14","slug":"etk-tanulmanyi-es-vizsgabizottsag","status":"publish","type":"page","link":"https:\/\/semmelweis.hu\/bizottsagok\/allando-bizottsagok\/etk-bizottsagai\/etk-tanulmanyi-es-vizsgabizottsag\/","title":{"rendered":"ETK TANULM\u00c1NYI \u00c9S VIZSGABIZOTTS\u00c1G"},"content":{"rendered":"<div class=\"responsive-tabs\">\n<h2 class=\"tabtitle\">Feladat- \u00e9s hat\u00e1sk\u00f6r<\/h2>\n<div class=\"tabcontent\">\n\n<p>A hallgat\u00f3k tanulm\u00e1nyi \u00fcgyeiben els\u0151 fokon a Bizotts\u00e1g j\u00e1r el. Hat\u00e1sk\u00f6re jellemz\u0151en az al\u00e1bbi \u00fcgyekre terjed ki:<\/p>\n<ul>\n<li>kedvezm\u00e9nyes tanulm\u00e1nyi rend enged\u00e9lyez\u00e9se,<\/li>\n<li>a megkezdett f\u00e9l\u00e9v ut\u00f3lagos passz\u00edv f\u00e9l\u00e9vv\u00e9 nyilv\u00e1n\u00edt\u00e1sa,<\/li>\n<li>vizsga enged\u00e9lyez\u00e9se, valamint vizsga enged\u00e9lyez\u00e9si viszgaid\u0151szakon k\u00edv\u00fcli id\u0151pontokban k\u00fcl\u00f6n\u00f6sen indokolt esetekben,<\/li>\n<li>m\u00e9lt\u00e1nyoss\u00e1gi k\u00e9relmek elb\u00edr\u00e1l\u00e1sa,<\/li>\n<li>szakok, szakir\u00e1nyok, illetve karok, int\u00e9zm\u00e9nyek k\u00f6z\u00f6tti \u00e1tv\u00e9tel,<\/li>\n<li>egy\u00e9b tanulm\u00e1nyi \u00fcgyek,<\/li>\n<li>egy\u00e9b jogszab\u00e1lyban egyetemi, kari szab\u00e1lyzatban neves\u00edtett hat\u00e1sk\u00f6r\u00f6kre,<\/li>\n<li>a karon foly\u00f3 szakir\u00e1ny-v\u00e1laszt\u00e1s rendj\u00e9nek meghat\u00e1roz\u00e1s\u00e1ra vonatkoz\u00f3 javaslatt\u00e9telre,<\/li>\n<li>a tanulm\u00e1nyi folyamatokkal kapcsolatos int\u00e9zked\u00e9sekre, innov\u00e1ci\u00f3kra \u00e9s kontrollfolyamatokra vonatkoz\u00f3 javaslatt\u00e9telre.<\/li>\n<\/ul>\n<p>B\u00e1rmely hallgat\u00f3 \u00e9s oktat\u00f3 a Hallgat\u00f3 K\u00e9pviseleten, illetve az oktat\u00e1si szervezeti egys\u00e9g vezet\u0151j\u00e9n kereszt\u00fcl a Bizotts\u00e1g d\u00f6nt\u00e9s\u00e9t k\u00e9rheti, ha v\u00e9lem\u00e9nye szerint valamely \u00fcgy int\u00e9z\u00e9se nem a Kari M\u0171k\u00f6d\u00e9si Rendnek megfelel\u0151en t\u00f6rt\u00e9nt.<\/p>\n\n<\/div><h2 class=\"tabtitle\">Tagjai<\/h2>\n<div class=\"tabcontent\">\n\n<p><em><strong>Kapcsolattart\u00f3:<\/strong><\/em> D\u00e9k\u00e1ni Hivatal:\u00a0 06-1-486-5910<br \/>\n<em><strong>Email:<\/strong><\/em> <a href=\"mailto:etk.tvb@semmelweis.hu\">etk.tvb@semmelweis.hu<\/a><\/p>\n    \r\n    <div id=\"peopleContainer\" style=\"text-align:center;\">\r\n    <input type=\"hidden\" name=\"cimkek\" id=\"cimkek\" value=\"Vezet\u00e9kn\u00e9v,Ut\u00f3n\u00e9v,Megb\u00edzat\u00e1s alapja,Megb\u00edzat\u00e1s t\u00edpusa,Megb\u00edzat\u00e1s kezdete,Megb\u00edzat\u00e1s v\u00e9ge,Megb\u00edzat\u00e1si dokumentum,Megsz\u0171n\u00e9s oka,Megsz\u0171n\u00e9s d\u00e1tuma\">\r\n    <input type=\"hidden\" name=\"kihagy_aktiv\" id=\"kihagy_aktiv\" value=\"Megsz\u0171n\u00e9s oka||megszunes_oka,Megsz\u0171n\u00e9s d\u00e1tuma||megszunes_datuma\">\r\n    <input type=\"hidden\" name=\"kihagy_archiv\" id=\"kihagy_archiv\" value=\"\">\r\n    <div id=\"aktivTagokContainer\" style=\"overflow:auto;\">\r\n        <table>\r\n        <thead style=\"text-align:center;\">\r\n            <th>Vezet\u00e9kn\u00e9v<\/th><th>Ut\u00f3n\u00e9v<\/th><th>Megb\u00edzat\u00e1s alapja<\/th><th>Megb\u00edzat\u00e1s t\u00edpusa<\/th><th>Megb\u00edzat\u00e1s kezdete<\/th><th>Megb\u00edzat\u00e1s v\u00e9ge<\/th><th>Megb\u00edzat\u00e1si dokumentum<\/th>        <\/thead>\r\n        <tbody>\r\n        <tr><td>Dr. Cs\u00e1k<\/td><td>R\u00e9ka Borb\u00e1la<\/td><td>Foglalkoztatott\/ Employee\/ Besch\u00e4ftigte(r)<\/td><td>Tag\/ Member\/ Mitglied<\/td><td>2024-04-01<\/td><td>2027-08-12<\/td><td><a href=\"https:\/\/semmelweis.hu\/etk\/files\/2024\/07\/16_2024_h.pdf\">Megb\u00edzat\u00e1si dokumentum\/ Mandate document\/ Mandatsdokument<\/a><\/td><\/tr><tr><td>Dr. Vingender<\/td><td>Istv\u00e1n<\/td><td>Foglalkoztatott\/ Employee\/ Besch\u00e4ftigte(r)<\/td><td>Eln\u00f6k\/ Chairperson\/ Vorsitzender<\/td><td>2024-08-12<\/td><td>2027-08-12<\/td><td><a href=\"https:\/\/semmelweis.hu\/etk\/files\/2024\/07\/16_2024_h.pdf\">Megb\u00edzat\u00e1si dokumentum\/ Mandate document\/ Mandatsdokument<\/a><\/td><\/tr><tr><td>Dr. Benedek<\/td><td>Csilla<\/td><td>Foglalkoztatott\/ Employee\/ Besch\u00e4ftigte(r)<\/td><td>Tag\/ Member\/ Mitglied<\/td><td>2024-08-12<\/td><td>2027-08-12<\/td><td><a href=\"https:\/\/semmelweis.hu\/etk\/files\/2024\/07\/16_2024_h.pdf\">Megb\u00edzat\u00e1si dokumentum\/ Mandate document\/ Mandatsdokument<\/a><\/td><\/tr><tr><td>Bodn\u00e1r<\/td><td>Hajnalka<\/td><td>Foglalkoztatott\/ Employee\/ Besch\u00e4ftigte(r)<\/td><td>Tag\/ Member\/ Mitglied<\/td><td>2024-08-12<\/td><td>2027-08-12<\/td><td><a href=\"https:\/\/semmelweis.hu\/etk\/files\/2024\/07\/16_2024_h.pdf\">Megb\u00edzat\u00e1si dokumentum\/ Mandate document\/ Mandatsdokument<\/a><\/td><\/tr><tr><td>Dr. Borj\u00e1n<\/td><td>Eszter<\/td><td>Foglalkoztatott\/ Employee\/ Besch\u00e4ftigte(r)<\/td><td>Tag\/ Member\/ Mitglied<\/td><td>2024-08-12<\/td><td>2027-08-12<\/td><td><a href=\"https:\/\/semmelweis.hu\/etk\/files\/2024\/07\/16_2024_h.pdf\">Megb\u00edzat\u00e1si dokumentum\/ Mandate document\/ Mandatsdokument<\/a><\/td><\/tr><tr><td>K\u00e1d\u00e1r<\/td><td>L\u00e1szl\u00f3 Csaba<\/td><td>Foglalkoztatott\/ Employee\/ Besch\u00e4ftigte(r)<\/td><td>Tag\/ Member\/ Mitglied<\/td><td>2024-08-12<\/td><td>2027-08-12<\/td><td><a href=\"https:\/\/semmelweis.hu\/etk\/files\/2024\/07\/16_2024_h.pdf\">Megb\u00edzat\u00e1si dokumentum\/ Mandate document\/ Mandatsdokument<\/a><\/td><\/tr><tr><td>N\u00e1gel<\/td><td>J\u00f3zsefn\u00e9<\/td><td>Foglalkoztatott\/ Employee\/ Besch\u00e4ftigte(r)<\/td><td>Tag\/ Member\/ Mitglied<\/td><td>2024-08-12<\/td><td>2027-08-12<\/td><td><a href=\"https:\/\/semmelweis.hu\/etk\/files\/2024\/07\/16_2024_h.pdf\">Megb\u00edzat\u00e1si dokumentum\/ Mandate document\/ Mandatsdokument<\/a><\/td><\/tr><tr><td>Suhajd\u00e1n\u00e9 Dr. Urb\u00e1n<\/td><td>Veronika<\/td><td>Foglalkoztatott\/ Employee\/ Besch\u00e4ftigte(r)<\/td><td>Tag\/ Member\/ Mitglied<\/td><td>2024-08-12<\/td><td>2027-08-12<\/td><td><a href=\"https:\/\/semmelweis.hu\/etk\/files\/2024\/07\/16_2024_h.pdf\">Megb\u00edzat\u00e1si dokumentum\/ Mandate document\/ Mandatsdokument<\/a><\/td><\/tr><tr><td>Vakles<\/td><td>\u00c1gnes<\/td><td>Hallgat\u00f3i jogviszony\/ Student status\/ Studierendenrechtsverh\u00e4ltnis<\/td><td>Tag\/ Member\/ Mitglied<\/td><td>2024-08-12<\/td><td>2027-08-12<\/td><td><a href=\"https:\/\/semmelweis.hu\/etk\/files\/2024\/07\/16_2024_h.pdf\">Megb\u00edzat\u00e1si dokumentum\/ Mandate document\/ Mandatsdokument<\/a><\/td><\/tr><tr><td>Fekete<\/td><td>Rea R\u00e9ka<\/td><td>Hallgat\u00f3i jogviszony\/ Student status\/ Studierendenrechtsverh\u00e4ltnis<\/td><td>Tag\/ Member\/ Mitglied<\/td><td>2024-10-09<\/td><td>2027-08-12<\/td><td><a href=\"https:\/\/semmelweis.hu\/etk\/files\/2024\/10\/17_2024_h.pdf\">Megb\u00edzat\u00e1si dokumentum\/ Mandate document\/ Mandatsdokument<\/a><\/td><\/tr><tr><td>Bartalos<\/td><td>Szabolcs Martin<\/td><td>Hallgat\u00f3i jogviszony\/ Student status\/ Studierendenrechtsverh\u00e4ltnis<\/td><td>Tag\/ Member\/ Mitglied<\/td><td>2024-10-09<\/td><td>2027-08-12<\/td><td><a href=\"https:\/\/semmelweis.hu\/etk\/files\/2024\/10\/17_2024_h.pdf\">Megb\u00edzat\u00e1si dokumentum\/ Mandate document\/ Mandatsdokument<\/a><\/td><\/tr><tr><td>Hervatin-R\u00e1cz<\/td><td>Eszter<\/td><td>Hallgat\u00f3i jogviszony\/ Student status\/ Studierendenrechtsverh\u00e4ltnis<\/td><td>Tag\/ Member\/ Mitglied<\/td><td>2025-05-10<\/td><td>2027-08-12<\/td><td><a href=\"https:\/\/semmelweis.hu\/etk\/files\/2025\/06\/20_2025_h.pdf\">Megb\u00edzat\u00e1si dokumentum\/ Mandate document\/ Mandatsdokument<\/a><\/td><\/tr><tr><td>Hoffmann<\/td><td>R\u00e9ka Mirtill<\/td><td>Hallgat\u00f3i jogviszony\/ Student status\/ Studierendenrechtsverh\u00e4ltnis<\/td><td>Tag\/ Member\/ Mitglied<\/td><td>2026-02-01<\/td><td>2029-02-01<\/td><td><a href=\"https:\/\/semmelweis.hu\/etk\/files\/2026\/03\/4_2026_h.pdf\">Megb\u00edzat\u00e1si dokumentum\/ Mandate document\/ Mandatsdokument<\/a><\/td><\/tr>        \r\n        \r\n        <\/tbody>\r\n        <\/table>\r\n        <\/div>\r\n\r\n    <div id=\"archivTagokContainer\" style=\"overflow:auto;\">\r\n            <div class=\"exp-col-content-holder\" style=\"border: none;\">\r\n        <a class=\"expand-cnt-link ecf_closed\" href=\"#\">Arch\u00edv<\/a>\r\n        <div class=\"hidden-content\" style=\"display: none;\">\r\n                <table>\r\n            <thead style=\"text-align:center;\">\r\n                <th>Vezet\u00e9kn\u00e9v<\/th><th>Ut\u00f3n\u00e9v<\/th><th>Megb\u00edzat\u00e1s alapja<\/th><th>Megb\u00edzat\u00e1s t\u00edpusa<\/th><th>Megb\u00edzat\u00e1s kezdete<\/th><th>Megb\u00edzat\u00e1s v\u00e9ge<\/th><th>Megb\u00edzat\u00e1si dokumentum<\/th><th>Megsz\u0171n\u00e9s oka<\/th><th>Megsz\u0171n\u00e9s d\u00e1tuma<\/th>            <\/thead>\r\n            <tbody>\r\n            <tr><td>Dr. Vingender<\/td><td>Istv\u00e1n <\/td><td>Foglalkoztatott\/ Employee\/ Besch\u00e4ftigte(r)<\/td><td>Eln\u00f6k\/ Chairperson\/ Vorsitzender<\/td><td>2021-08-11<\/td><td>2024-08-11<\/td><td><a href=\"https:\/\/semmelweis.hu\/etk\/files\/2021\/08\/22_2021_h.pdf\">Megb\u00edzat\u00e1si dokumentum\/ Mandate document\/ Mandatsdokument<\/a><\/td><td>Megb\u00edzat\u00e1s lej\u00e1rta<\/td><td>  <\/td><\/tr><tr><td>Dr. Benedek<\/td><td>Csilla<\/td><td>Foglalkoztatott\/ Employee\/ Besch\u00e4ftigte(r)<\/td><td>Tag\/ Member\/ Mitglied<\/td><td>2021-08-11<\/td><td>2024-08-11<\/td><td><a href=\"https:\/\/semmelweis.hu\/etk\/files\/2021\/08\/22_2021_h.pdf\">Megb\u00edzat\u00e1si dokumentum\/ Mandate document\/ Mandatsdokument<\/a><\/td><td>Megb\u00edzat\u00e1s lej\u00e1rta<\/td><td>  <\/td><\/tr><tr><td>Suhajd\u00e1n\u00e9 Dr. Urb\u00e1n<\/td><td>Veronika<\/td><td>Foglalkoztatott\/ Employee\/ Besch\u00e4ftigte(r)<\/td><td>Tag\/ Member\/ Mitglied<\/td><td>2021-08-11<\/td><td>2024-08-11<\/td><td><a href=\"https:\/\/semmelweis.hu\/etk\/files\/2021\/08\/22_2021_h.pdf\">Megb\u00edzat\u00e1si dokumentum\/ Mandate document\/ Mandatsdokument<\/a><\/td><td>Megb\u00edzat\u00e1s lej\u00e1rta<\/td><td>  <\/td><\/tr><tr><td>Bodn\u00e1r<\/td><td>Hajnalka<\/td><td>Foglalkoztatott\/ Employee\/ Besch\u00e4ftigte(r)<\/td><td>Tag\/ Member\/ Mitglied<\/td><td>2021-08-11<\/td><td>2024-08-11<\/td><td><a href=\"https:\/\/semmelweis.hu\/etk\/files\/2021\/08\/22_2021_h.pdf\">Megb\u00edzat\u00e1si dokumentum\/ Mandate document\/ Mandatsdokument<\/a><\/td><td>Megb\u00edzat\u00e1s lej\u00e1rta<\/td><td>  <\/td><\/tr><tr><td>Dr. Borj\u00e1n<\/td><td>Eszter<\/td><td>Foglalkoztatott\/ Employee\/ Besch\u00e4ftigte(r)<\/td><td>Tag\/ Member\/ Mitglied<\/td><td>2021-08-11<\/td><td>2024-08-11<\/td><td><a href=\"https:\/\/semmelweis.hu\/etk\/files\/2021\/08\/22_2021_h.pdf\">Megb\u00edzat\u00e1si dokumentum\/ Mandate document\/ Mandatsdokument<\/a><\/td><td>Megb\u00edzat\u00e1s lej\u00e1rta<\/td><td>  <\/td><\/tr><tr><td>K\u00e1d\u00e1r<\/td><td>L\u00e1szl\u00f3 Csaba<\/td><td>Foglalkoztatott\/ Employee\/ Besch\u00e4ftigte(r)<\/td><td>Tag\/ Member\/ Mitglied<\/td><td>2021-08-11<\/td><td>2024-08-11<\/td><td><a href=\"https:\/\/semmelweis.hu\/etk\/files\/2021\/08\/22_2021_h.pdf\">Megb\u00edzat\u00e1si dokumentum\/ Mandate document\/ Mandatsdokument<\/a><\/td><td>Megb\u00edzat\u00e1s lej\u00e1rta<\/td><td>  <\/td><\/tr><tr><td>N\u00e1gel<\/td><td>J\u00f3zsefn\u00e9<\/td><td>Foglalkoztatott\/ Employee\/ Besch\u00e4ftigte(r)<\/td><td>Tag\/ Member\/ Mitglied<\/td><td>2021-08-11<\/td><td>2024-08-11<\/td><td><a href=\"https:\/\/semmelweis.hu\/etk\/files\/2021\/08\/22_2021_h.pdf\">Megb\u00edzat\u00e1si dokumentum\/ Mandate document\/ Mandatsdokument<\/a><\/td><td>Megb\u00edzat\u00e1s lej\u00e1rta<\/td><td>  <\/td><\/tr><tr><td>Gyenes<\/td><td>G\u00e1bor<\/td><td>Hallgat\u00f3i jogviszony\/ Student status\/ Studierendenrechtsverh\u00e4ltnis<\/td><td>Tag\/ Member\/ Mitglied<\/td><td>2019-03-22<\/td><td>2021-03-02<\/td><td><a href=\"https:\/\/semmelweis.hu\/jogigfoig\/files\/2019\/03\/19_2019_II_21_ETK_kari_bizottsag_szemelyi_osszetetel.pdf\">Megb\u00edzat\u00e1si dokumentum\/ Mandate document\/ Mandatsdokument<\/a><\/td><td>Egy\u00e9b megsz\u0171n\u00e9si ok<\/td><td>  <\/td><\/tr><tr><td>Farkas<\/td><td>Kriszti\u00e1n<\/td><td>Hallgat\u00f3i jogviszony\/ Student status\/ Studierendenrechtsverh\u00e4ltnis<\/td><td>Tag\/ Member\/ Mitglied<\/td><td>2019-12-03<\/td><td>2021-03-02<\/td><td><a href=\"https:\/\/semmelweis.hu\/etk\/files\/2020\/07\/2019_KT_hat-47.pdf\">Megb\u00edzat\u00e1si dokumentum\/ Mandate document\/ Mandatsdokument<\/a><\/td><td>Egy\u00e9b megsz\u0171n\u00e9si ok<\/td><td>  <\/td><\/tr><tr><td>M\u00e9sz\u00e1ros<\/td><td>Csaba<\/td><td>Hallgat\u00f3i jogviszony\/ Student status\/ Studierendenrechtsverh\u00e4ltnis<\/td><td>Tag\/ Member\/ Mitglied<\/td><td>2021-08-11<\/td><td>2024-08-11<\/td><td><a href=\"https:\/\/semmelweis.hu\/etk\/files\/2021\/08\/22_2021_h.pdf\">Megb\u00edzat\u00e1si dokumentum\/ Mandate document\/ Mandatsdokument<\/a><\/td><td>Egy\u00e9b megsz\u0171n\u00e9si ok<\/td><td>  <\/td><\/tr><tr><td>Keskeny<\/td><td>Anna<\/td><td>Hallgat\u00f3i jogviszony\/ Student status\/ Studierendenrechtsverh\u00e4ltnis<\/td><td>Tag\/ Member\/ Mitglied<\/td><td>2021-08-11<\/td><td>2024-08-11<\/td><td><a href=\"https:\/\/semmelweis.hu\/etk\/files\/2021\/08\/22_2021_h.pdf\">Megb\u00edzat\u00e1si dokumentum\/ Mandate document\/ Mandatsdokument<\/a><\/td><td>Egy\u00e9b megsz\u0171n\u00e9si ok<\/td><td>  <\/td><\/tr><tr><td>Pint\u00e9r<\/td><td>S\u00e1ra<\/td><td>Hallgat\u00f3i jogviszony\/ Student status\/ Studierendenrechtsverh\u00e4ltnis<\/td><td>Tag\/ Member\/ Mitglied<\/td><td>2021-08-11<\/td><td>2024-08-11<\/td><td><a href=\"https:\/\/semmelweis.hu\/etk\/files\/2021\/08\/22_2021_h.pdf\">Megb\u00edzat\u00e1si dokumentum\/ Mandate document\/ Mandatsdokument<\/a><\/td><td>Egy\u00e9b megsz\u0171n\u00e9si ok<\/td><td>  <\/td><\/tr><tr><td>B\u00e1nhidi<\/td><td>Panna<\/td><td>Hallgat\u00f3i jogviszony\/ Student status\/ Studierendenrechtsverh\u00e4ltnis<\/td><td>Tag\/ Member\/ Mitglied<\/td><td>2021-07-01<\/td><td>2024-07-01<\/td><td><a href=\"https:\/\/semmelweis.hu\/etk\/files\/2021\/07\/18_2021_h.pdf\">Megb\u00edzat\u00e1si dokumentum\/ Mandate document\/ Mandatsdokument<\/a><\/td><td>Egy\u00e9b megsz\u0171n\u00e9si ok<\/td><td>2023-03-28<\/td><\/tr><tr><td>N\u00e9met<\/td><td>Dorottya<\/td><td>Hallgat\u00f3i jogviszony\/ Student status\/ Studierendenrechtsverh\u00e4ltnis<\/td><td>Tag\/ Member\/ Mitglied<\/td><td>2021-05-25<\/td><td>2024-05-25<\/td><td><a href=\"https:\/\/semmelweis.hu\/etk\/files\/2021\/05\/17_2021_h.pdf\">Megb\u00edzat\u00e1si dokumentum\/ Mandate document\/ Mandatsdokument<\/a><\/td><td>Egy\u00e9b megsz\u0171n\u00e9si ok<\/td><td>2022-05-16<\/td><\/tr><tr><td>Fekete<\/td><td>Rea<\/td><td>Hallgat\u00f3i jogviszony\/ Student status\/ Studierendenrechtsverh\u00e4ltnis<\/td><td>Tag\/ Member\/ Mitglied<\/td><td>2022-05-16<\/td><td>2024-08-11<\/td><td><a href=\"https:\/\/semmelweis.hu\/etk\/files\/2022\/05\/9_2022_h.pdf\">Megb\u00edzat\u00e1si dokumentum\/ Mandate document\/ Mandatsdokument<\/a><\/td><td>Egy\u00e9b megsz\u0171n\u00e9si ok<\/td><td>2024-06-30<\/td><\/tr><tr><td>H\u00e1mori<\/td><td>R\u00e9ka<\/td><td>Hallgat\u00f3i jogviszony\/ Student status\/ Studierendenrechtsverh\u00e4ltnis<\/td><td>Tag\/ Member\/ Mitglied<\/td><td>2022-05-16<\/td><td>2024-08-11<\/td><td><a href=\"https:\/\/semmelweis.hu\/etk\/files\/2022\/05\/9_2022_h.pdf\">Megb\u00edzat\u00e1si dokumentum\/ Mandate document\/ Mandatsdokument<\/a><\/td><td>Egy\u00e9b megsz\u0171n\u00e9si ok<\/td><td>2023-03-28<\/td><\/tr><tr><td>Feke<\/td><td>Anett<\/td><td>Hallgat\u00f3i jogviszony\/ Student status\/ Studierendenrechtsverh\u00e4ltnis<\/td><td>Tag\/ Member\/ Mitglied<\/td><td>2022-05-16<\/td><td>2024-08-11<\/td><td><a href=\"https:\/\/semmelweis.hu\/etk\/files\/2022\/05\/9_2022_h.pdf\">Megb\u00edzat\u00e1si dokumentum\/ Mandate document\/ Mandatsdokument<\/a><\/td><td>Megb\u00edzat\u00e1s lej\u00e1rta<\/td><td>2024-08-11<\/td><\/tr><tr><td>Sipos<\/td><td>Eszter<\/td><td>Hallgat\u00f3i jogviszony\/ Student status\/ Studierendenrechtsverh\u00e4ltnis<\/td><td>Tag\/ Member\/ Mitglied<\/td><td>2023-03-29<\/td><td>2024-08-11<\/td><td><a href=\"https:\/\/semmelweis.hu\/bizottsagok\/files\/2023\/03\/6_2023_h.pdf\">Megb\u00edzat\u00e1si dokumentum\/ Mandate document\/ Mandatsdokument<\/a><\/td><td>Megb\u00edzat\u00e1s lej\u00e1rta<\/td><td>2024-08-11<\/td><\/tr><tr><td>T\u00e1nczos<\/td><td>Gr\u00e9ta Lujza<\/td><td>Hallgat\u00f3i jogviszony\/ Student status\/ Studierendenrechtsverh\u00e4ltnis<\/td><td>Tag\/ Member\/ Mitglied<\/td><td>2023-03-29<\/td><td>2024-08-11<\/td><td><a href=\"https:\/\/semmelweis.hu\/bizottsagok\/files\/2023\/03\/6_2023_h.pdf\">Megb\u00edzat\u00e1si dokumentum\/ Mandate document\/ Mandatsdokument<\/a><\/td><td>Egy\u00e9b megsz\u0171n\u00e9si ok<\/td><td>2023-11-08<\/td><\/tr><tr><td>Bartalos<\/td><td>Szabolcs Martin<\/td><td>Hallgat\u00f3i jogviszony\/ Student status\/ Studierendenrechtsverh\u00e4ltnis<\/td><td>Tag\/ Member\/ Mitglied<\/td><td>2023-11-09<\/td><td>2024-08-11<\/td><td><a href=\"https:\/\/semmelweis.hu\/etk\/files\/2023\/11\/29_2023_h.pdf\">Megb\u00edzat\u00e1si dokumentum\/ Mandate document\/ Mandatsdokument<\/a><\/td><td>Egy\u00e9b megsz\u0171n\u00e9si ok<\/td><td>2024-06-30<\/td><\/tr><tr><td>Vakles<\/td><td>\u00c1gnes<\/td><td>Hallgat\u00f3i jogviszony\/ Student status\/ Studierendenrechtsverh\u00e4ltnis<\/td><td>Tag\/ Member\/ Mitglied<\/td><td>2024-03-07<\/td><td>2024-08-11<\/td><td><a href=\"https:\/\/semmelweis.hu\/etk\/files\/2024\/03\/10_2024_h.pdf\">Megb\u00edzat\u00e1si dokumentum\/ Mandate document\/ Mandatsdokument<\/a><\/td><td>Megb\u00edzat\u00e1s lej\u00e1rta<\/td><td>2024-08-11<\/td><\/tr><tr><td>D\u00f3ka<\/td><td>Tibor<\/td><td>Hallgat\u00f3i jogviszony\/ Student status\/ Studierendenrechtsverh\u00e4ltnis<\/td><td>Tag\/ Member\/ Mitglied<\/td><td>2024-07-01<\/td><td>2027-08-12<\/td><td><a href=\"https:\/\/semmelweis.hu\/etk\/files\/2024\/07\/16_2024_h.pdf\">Megb\u00edzat\u00e1si dokumentum\/ Mandate document\/ Mandatsdokument<\/a><\/td><td>Egy\u00e9b megsz\u0171n\u00e9si ok<\/td><td>2024-10-08<\/td><\/tr><tr><td>Husz\u00e1r<\/td><td>Zs\u00f3fia<\/td><td>Hallgat\u00f3i jogviszony\/ Student status\/ Studierendenrechtsverh\u00e4ltnis<\/td><td>Tag\/ Member\/ Mitglied<\/td><td>2024-07-01<\/td><td>2027-08-12<\/td><td><a href=\"https:\/\/semmelweis.hu\/etk\/files\/2024\/07\/16_2024_h.pdf\">Megb\u00edzat\u00e1si dokumentum\/ Mandate document\/ Mandatsdokument<\/a><\/td><td>Egy\u00e9b megsz\u0171n\u00e9si ok<\/td><td>2024-10-08<\/td><\/tr><tr><td>Feke<\/td><td>Anett<\/td><td>Hallgat\u00f3i jogviszony\/ Student status\/ Studierendenrechtsverh\u00e4ltnis<\/td><td>Tag\/ Member\/ Mitglied<\/td><td>2024-08-12<\/td><td>2027-08-12<\/td><td><a href=\"https:\/\/semmelweis.hu\/etk\/files\/2024\/07\/16_2024_h.pdf\">Megb\u00edzat\u00e1si dokumentum\/ Mandate document\/ Mandatsdokument<\/a><\/td><td>Egy\u00e9b megsz\u0171n\u00e9si ok<\/td><td>2025-05-09<\/td><\/tr><tr><td>Sipos<\/td><td>Eszter<\/td><td>Hallgat\u00f3i jogviszony\/ Student status\/ Studierendenrechtsverh\u00e4ltnis<\/td><td>Tag\/ Member\/ Mitglied<\/td><td>2024-08-12<\/td><td>2027-08-12<\/td><td><a href=\"https:\/\/semmelweis.hu\/etk\/files\/2024\/07\/16_2024_h.pdf\">Megb\u00edzat\u00e1si dokumentum\/ Mandate document\/ Mandatsdokument<\/a><\/td><td>Egy\u00e9b megsz\u0171n\u00e9si ok<\/td><td>2025-05-09<\/td><\/tr><tr><td>Sink\u00f3<\/td><td>Luca<\/td><td>Hallgat\u00f3i jogviszony\/ Student status\/ Studierendenrechtsverh\u00e4ltnis<\/td><td>Tag\/ Member\/ Mitglied<\/td><td>2025-05-10<\/td><td>2027-08-12<\/td><td><a href=\"https:\/\/semmelweis.hu\/etk\/files\/2025\/06\/20_2025_h.pdf\">Megb\u00edzat\u00e1si dokumentum\/ Mandate document\/ Mandatsdokument<\/a><\/td><td>Egy\u00e9b megsz\u0171n\u00e9si ok<\/td><td>2026-01-31<\/td><\/tr>            <\/tbody>\r\n            <\/table>\r\n        <\/div>\r\n        <\/div>\r\n    <\/div>\r\n    <\/div>\r\n    \n\n<\/div><h2 class=\"tabtitle\">\u00dcgyrend<\/h2>\n<div class=\"tabcontent\">\n\n<p><a href=\"https:\/\/semmelweis.hu\/etk\/files\/2020\/05\/se-etk-tvb-szr.pdf\">Tanulm\u00e1nyi \u00e9s Vizsgabizotts\u00e1g \u00fcgyrendje<\/a><\/p>\n\n<\/div><h2 class=\"tabtitle\">\u00c9ves besz\u00e1mol\u00f3<\/h2>\n<div class=\"tabcontent\">\n\n<p><a href=\"https:\/\/semmelweis.hu\/jogigfoig\/files\/2020\/05\/68_2020_Besz%C3%A1mol%C3%B3-a-kari-bizotts%C3%A1gok-munk%C3%A1j%C3%A1r%C3%B3l.pdf\">A Semmelweis Egyetem\u00a0Szen\u00e1tus\u00e1nak\u00a068\/2020. (V.5.) sz\u00e1m\u00fa hat\u00e1rozata Besz\u00e1mol\u00f3 a Szen\u00e1tus \u00e1ltal l\u00e9trehozott,\u00a0<em>(Tanulm\u00e1nyi \u00e9s Vizsga Bizotts\u00e1g, Kredit\u00e1tviteli Bizotts\u00e1g, Etikai \u00e9s Fegyelmi Bizotts\u00e1g, a Pet\u0151 Andr\u00e1s Kar tekintet\u00e9ben tov\u00e1bbi k\u00e9t bizotts\u00e1g a Gyakorlati K\u00e9pz\u00e9si Bizotts\u00e1g \u00e9s a Kiad\u00f3i \u00e9s K\u00f6nyvt\u00e1r Bizotts\u00e1g)<\/em>\u00a0karokon m\u0171k\u00f6d\u0151 \u00e1lland\u00f3 bizotts\u00e1gok munk\u00e1j\u00e1r\u00f3l<\/a><\/p>\n<p><a href=\"https:\/\/semmelweis.hu\/bizottsagok\/files\/2021\/08\/16_2021_karokon-muk-all-biz_beszamolok.pdf\">A Semmelweis Egyetem Szen\u00e1tus\u00e1nak 16\/2021. (II.25.) sz\u00e1m\u00fa hat\u00e1rozata a Szen\u00e1tus \u00e1ltal l\u00e9trehozott, <\/a><em><a href=\"https:\/\/semmelweis.hu\/bizottsagok\/files\/2021\/08\/16_2021_karokon-muk-all-biz_beszamolok.pdf\">(Tanulm\u00e1nyi \u00e9s Vizsga Bizotts\u00e1g, Kredit\u00e1tviteli Bizotts\u00e1g, Etikai \u00e9s Fegyelmi Bizotts\u00e1g, a Pet\u0151 Andr\u00e1s Kar tekintet\u00e9ben tov\u00e1bbi k\u00e9t bizotts\u00e1g a Gyakorlati K\u00e9pz\u00e9si Bizotts\u00e1g \u00e9s a Kiad\u00f3i \u00e9s K\u00f6nyvt\u00e1r Bizotts\u00e1g) <\/a><\/em><a href=\"https:\/\/semmelweis.hu\/bizottsagok\/files\/2021\/08\/16_2021_karokon-muk-all-biz_beszamolok.pdf\">karokon m\u0171k\u00f6d\u0151 \u00e1lland\u00f3 bizotts\u00e1gok munk\u00e1j\u00e1r\u00f3l<\/a><\/p>\n<p><a href=\"https:\/\/semmelweis.hu\/bizottsagok\/files\/2022\/04\/17_2022_a-Szenatus-altal-letrehozott-karokon-mukodo-allando-bizottsagok-munkajarol-szolo-beszamolok-elfogadasarol.pdf\">A Semmelweis Egyetem Szen\u00e1tus\u00e1nak 17\/2022. (III.28.) sz\u00e1m\u00fa hat\u00e1rozata a Szen\u00e1tus \u00e1ltal l\u00e9trehozott, karokon m\u0171k\u00f6d\u0151 \u00e1lland\u00f3 bizotts\u00e1gok munk\u00e1j\u00e1r\u00f3l sz\u00f3l\u00f3 besz\u00e1mol\u00f3k elfogad\u00e1s\u00e1r\u00f3l<\/a><\/p>\n<p><a href=\"https:\/\/semmelweis.hu\/jogigfoig\/files\/2023\/04\/26_2023_a-Szenatus-altal-letrehozott-karokon-mukodo-allando-bizottsagok-munkajarol.pdf\">A Semmelweis Egyetem Szen\u00e1tus\u00e1nak 26\/2023. (III.30.) sz\u00e1m\u00fa hat\u00e1rozata a Szen\u00e1tus \u00e1ltal l\u00e9trehozott, karokon m\u0171k\u00f6d\u0151 \u00e1lland\u00f3 bizotts\u00e1gok munk\u00e1j\u00e1r\u00f3l sz\u00f3l\u00f3 besz\u00e1mol\u00f3 elfogad\u00e1s\u00e1r\u00f3l<\/a><\/p>\n<p><a href=\"https:\/\/semmelweis.hu\/jogigfoig\/files\/2024\/04\/22_2024_karokon-mukodo-bizottsagok-beszamoloi.pdf\">A Semmelweis Egyetem Szen\u00e1tus\u00e1nak 22\/2024. (III.28.) sz\u00e1m\u00fa hat\u00e1rozata a Szen\u00e1tus \u00e1ltal l\u00e9trehozott, karokon m\u0171k\u00f6d\u0151 bizotts\u00e1gok munk\u00e1j\u00e1r\u00f3l sz\u00f3l\u00f3 besz\u00e1mol\u00f3 elfogad\u00e1s\u00e1r\u00f3l<\/a><\/p>\n<\/div><\/div>\n","protected":false},"excerpt":{"rendered":"<p>A hallgat\u00f3k tanulm\u00e1nyi \u00fcgyeiben els\u0151 fokon a Bizotts\u00e1g j\u00e1r el. Hat\u00e1sk\u00f6re jellemz\u0151en az al\u00e1bbi \u00fcgyekre terjed ki: kedvezm\u00e9nyes tanulm\u00e1nyi rend enged\u00e9lyez\u00e9se, a megkezdett f\u00e9l\u00e9v ut\u00f3lagos passz\u00edv f\u00e9l\u00e9vv\u00e9 nyilv\u00e1n\u00edt\u00e1sa, vizsga enged\u00e9lyez\u00e9se, valamint vizsga enged\u00e9lyez\u00e9si viszgaid\u0151szakon k\u00edv\u00fcli id\u0151pontokban k\u00fcl\u00f6n\u00f6sen indokolt esetekben, m\u00e9lt\u00e1nyoss\u00e1gi k\u00e9relmek elb\u00edr\u00e1l\u00e1sa, szakok, szakir\u00e1nyok, illetve karok, int\u00e9zm\u00e9nyek k\u00f6z\u00f6tti \u00e1tv\u00e9tel, egy\u00e9b tanulm\u00e1nyi \u00fcgyek, egy\u00e9b jogszab\u00e1lyban egyetemi, &hellip;<\/p>\n","protected":false},"author":101796,"featured_media":0,"parent":863,"menu_order":0,"comment_status":"closed","ping_status":"closed","template":"template-fullwidth.php","meta":{"_acf_changed":false,"footnotes":""},"categories":[],"tags":[],"class_list":["post-222","page","type-page","status-publish","hentry"],"acf":[],"_links":{"self":[{"href":"https:\/\/semmelweis.hu\/bizottsagok\/wp-json\/wp\/v2\/pages\/222","targetHints":{"allow":["GET"]}}],"collection":[{"href":"https:\/\/semmelweis.hu\/bizottsagok\/wp-json\/wp\/v2\/pages"}],"about":[{"href":"https:\/\/semmelweis.hu\/bizottsagok\/wp-json\/wp\/v2\/types\/page"}],"author":[{"embeddable":true,"href":"https:\/\/semmelweis.hu\/bizottsagok\/wp-json\/wp\/v2\/users\/101796"}],"replies":[{"embeddable":true,"href":"https:\/\/semmelweis.hu\/bizottsagok\/wp-json\/wp\/v2\/comments?post=222"}],"version-history":[{"count":11,"href":"https:\/\/semmelweis.hu\/bizottsagok\/wp-json\/wp\/v2\/pages\/222\/revisions"}],"predecessor-version":[{"id":2515,"href":"https:\/\/semmelweis.hu\/bizottsagok\/wp-json\/wp\/v2\/pages\/222\/revisions\/2515"}],"up":[{"embeddable":true,"href":"https:\/\/semmelweis.hu\/bizottsagok\/wp-json\/wp\/v2\/pages\/863"}],"wp:attachment":[{"href":"https:\/\/semmelweis.hu\/bizottsagok\/wp-json\/wp\/v2\/media?parent=222"}],"wp:term":[{"taxonomy":"category","embeddable":true,"href":"https:\/\/semmelweis.hu\/bizottsagok\/wp-json\/wp\/v2\/categories?post=222"},{"taxonomy":"post_tag","embeddable":true,"href":"https:\/\/semmelweis.hu\/bizottsagok\/wp-json\/wp\/v2\/tags?post=222"}],"curies":[{"name":"wp","href":"https:\/\/api.w.org\/{rel}","templated":true}]}}