{"id":2166,"date":"2022-10-24T20:53:40","date_gmt":"2022-10-24T18:53:40","guid":{"rendered":"https:\/\/semmelweis.hu\/bizottsagok\/?page_id=2166"},"modified":"2026-04-29T13:42:32","modified_gmt":"2026-04-29T11:42:32","slug":"szak-es-tovabbkepzesi-operativ-bizottsag","status":"publish","type":"page","link":"https:\/\/semmelweis.hu\/bizottsagok\/allando-bizottsagok\/egyetem-egeszere-feladat-es-hataskorrel-rendelkezo-bizottsagok\/szak-es-tovabbkepzesi-operativ-bizottsag\/","title":{"rendered":"SZAK- \u00c9S TOV\u00c1BBK\u00c9PZ\u00c9SI OPERAT\u00cdV BIZOTTS\u00c1G"},"content":{"rendered":"<section class=\"committee lang-hu\"><div class=\"keretes w-100\"><ul style=\"list-style-type: square;\"><li><a href=\"#feladat-es-hataskor\">Feladat- \u00e9s hat\u00e1sk\u00f6r<\/a><\/li><li><a href=\"#a-bizottsag-tagjai\">A bizotts\u00e1g tagjai<\/a><\/li><\/ul><\/div>\n\n\n<div class=\"committee-tab tab-1\" id=\"feladat-es-hataskor\">\n    <h2>Feladat- \u00e9s hat\u00e1sk\u00f6r<\/h2>\n    <div class=\"committee-tab-content\">\n        <p>Az Szak- \u00e9s Tov\u00e1bbk\u00e9pz\u00e9si Operat\u00edv Bizotts\u00e1g tev\u00e9kenys\u00e9gi k\u00f6re kiterjed:<\/p>\n<ul>\n<li>a szakmai tov\u00e1bbk\u00e9pz\u0151 tanfolyamokat szervez\u0151k valid\u00e1l\u00e1s\u00e1ra, az el\u0151zetesen \u00e9s ut\u00f3lagosan min\u0151s\u00edtett k\u00f6rbe tartoz\u00f3 tanfolyamok befogad\u00e1s\u00e1ra szolg\u00e1l\u00f3 ir\u00e1nyelvek kidolgoz\u00e1s\u00e1ra,<\/li>\n<li>a Semmelweis Egyetemet v\u00e1laszt\u00f3 tov\u00e1bbk\u00e9pz\u00e9sre k\u00f6telezettek tov\u00e1bbk\u00e9pz\u00e9si pontjainak nyilv\u00e1ntart\u00e1si rendj\u00e9nek meghat\u00e1roz\u00e1s\u00e1ra,<\/li>\n<li>a tov\u00e1bbk\u00e9pz\u00e9si feladatok ell\u00e1t\u00e1sa p\u00e9nz\u00fcgyi h\u00e1tter\u00e9nek elvi kidolgoz\u00e1s\u00e1ra.<\/li>\n<\/ul>\n    <\/div>\n<\/div><br>\n\n\n<div class=\"committee-tab tab-2\" id=\"a-bizottsag-tagjai\">\n    <h2>A bizotts\u00e1g tagjai<\/h2>\n    <div class=\"committee-tab-content\">\n                    <p>A Min\u0151s\u00e9gfejleszt\u00e9si Tan\u00e1cs szavazati jog\u00fa \u00e9s \u00e1lland\u00f3, ill. szak\u00e9rt\u0151i megh\u00edvott tagokb\u00f3l \u00e1ll, a tags\u00e1ghoz sz\u00fcks\u00e9ges beoszt\u00e1s az al\u00e1bbiakban olvashat\u00f3:<\/p>\n<h6><strong>Eln\u00f6k:\u00a0<\/strong>Szak- \u00e9s Tov\u00e1bbk\u00e9pz\u00e9si K\u00f6zpont vezet\u0151je<\/h6>\n<h6><strong>Tagok<\/strong>:<\/h6>\n<ul>\n<li>\u00c1OK Szakmai Tan\u00e1csad\u00f3 Test\u00fclet eln\u00f6ke<strong><em>\u00a0<\/em><\/strong><\/li>\n<li>FOK Szak- \u00e9s Tov\u00e1bbk\u00e9pz\u00e9si Titk\u00e1rs\u00e1g vezet\u0151je<strong><em>\u00a0<\/em><\/strong><\/li>\n<li>GYTK Szak- \u00e9s Tov\u00e1bbk\u00e9pz\u00e9si Bizotts\u00e1g eln\u00f6ke<\/li>\n<li>Szak- \u00e9s Tov\u00e1bbk\u00e9pz\u00e9si K\u00f6zpont szervezeti egys\u00e9geinek vezet\u0151je<\/li>\n<li>P\u00e9nz\u00fcgyi Igazgat\u00f3s\u00e1g igazgat\u00f3ja<\/li>\n<li>Kontrolling Igazgat\u00f3s\u00e1g igazgat\u00f3ja<\/li>\n<li>Eg\u00e9szs\u00e9g\u00fcgyi K\u00f6zszolg\u00e1lati Kar d\u00e9k\u00e1nja<\/li>\n<li>Pet\u0151 Andr\u00e1s Kar D\u00e9k\u00e1nja<\/li>\n<li>Innov\u00e1ci\u00f3s igazgat\u00f3<\/li>\n<li>KFI \u00fczletfejleszt\u00e9si igazgat\u00f3<\/li>\n<\/ul>\n            <\/div>\n<\/div><br><br><br><\/section>\n","protected":false},"excerpt":{"rendered":"","protected":false},"author":101859,"featured_media":0,"parent":834,"menu_order":0,"comment_status":"closed","ping_status":"closed","template":"template-fullwidth.php","meta":{"_acf_changed":false,"footnotes":""},"categories":[],"tags":[],"class_list":["post-2166","page","type-page","status-publish","hentry"],"acf":[],"_links":{"self":[{"href":"https:\/\/semmelweis.hu\/bizottsagok\/wp-json\/wp\/v2\/pages\/2166","targetHints":{"allow":["GET"]}}],"collection":[{"href":"https:\/\/semmelweis.hu\/bizottsagok\/wp-json\/wp\/v2\/pages"}],"about":[{"href":"https:\/\/semmelweis.hu\/bizottsagok\/wp-json\/wp\/v2\/types\/page"}],"author":[{"embeddable":true,"href":"https:\/\/semmelweis.hu\/bizottsagok\/wp-json\/wp\/v2\/users\/101859"}],"replies":[{"embeddable":true,"href":"https:\/\/semmelweis.hu\/bizottsagok\/wp-json\/wp\/v2\/comments?post=2166"}],"version-history":[{"count":10,"href":"https:\/\/semmelweis.hu\/bizottsagok\/wp-json\/wp\/v2\/pages\/2166\/revisions"}],"predecessor-version":[{"id":2988,"href":"https:\/\/semmelweis.hu\/bizottsagok\/wp-json\/wp\/v2\/pages\/2166\/revisions\/2988"}],"up":[{"embeddable":true,"href":"https:\/\/semmelweis.hu\/bizottsagok\/wp-json\/wp\/v2\/pages\/834"}],"wp:attachment":[{"href":"https:\/\/semmelweis.hu\/bizottsagok\/wp-json\/wp\/v2\/media?parent=2166"}],"wp:term":[{"taxonomy":"category","embeddable":true,"href":"https:\/\/semmelweis.hu\/bizottsagok\/wp-json\/wp\/v2\/categories?post=2166"},{"taxonomy":"post_tag","embeddable":true,"href":"https:\/\/semmelweis.hu\/bizottsagok\/wp-json\/wp\/v2\/tags?post=2166"}],"curies":[{"name":"wp","href":"https:\/\/api.w.org\/{rel}","templated":true}]}}