{"id":2164,"date":"2022-10-24T12:54:05","date_gmt":"2022-10-24T10:54:05","guid":{"rendered":"https:\/\/semmelweis.hu\/bizottsagok\/?page_id=2164"},"modified":"2026-02-26T11:18:00","modified_gmt":"2026-02-26T10:18:00","slug":"egyetemi-innovacios-bizottsag","status":"publish","type":"page","link":"https:\/\/semmelweis.hu\/bizottsagok\/allando-bizottsagok\/egyetem-egeszere-feladat-es-hataskorrel-rendelkezo-bizottsagok\/egyetemi-innovacios-bizottsag\/","title":{"rendered":"EGYETEMI INNOV\u00c1CI\u00d3S BIZOTTS\u00c1G"},"content":{"rendered":"<div class=\"responsive-tabs\">\n<h2 class=\"tabtitle\">Feladat- \u00e9s hat\u00e1sk\u00f6r<\/h2>\n<div class=\"tabcontent\">\n\n<p style=\"text-align: justify\">Az Egyetemi Innov\u00e1ci\u00f3s Bizotts\u00e1g az egyetemen keletkez\u0151, annak tulajdon\u00e1ba ker\u00fcl\u0151 vagy az Egyetem \u00e1ltal hasznos\u00edtott szellemi alkot\u00e1sok kezel\u00e9s\u00e9vel kapcsolatos, strat\u00e9giai feladatokat ell\u00e1t\u00f3 test\u00fclet, amelynek hat\u00e1sk\u00f6re k\u00fcl\u00f6n\u00f6sen:<\/p>\n<ul>\n<li style=\"text-align: justify\">egyetemi innov\u00e1ci\u00f3s, iparjogv\u00e9delmi, hasznos\u00edt\u00e1si koncepci\u00f3kra val\u00f3 javaslatt\u00e9tel;<\/li>\n<li style=\"text-align: justify\">alkot\u00e1sok, tal\u00e1lm\u00e1nyok, kutat\u00e1si eredm\u00e9nyek, \u00f6tletek \u00e9s felfedez\u00e9sek (egy\u00fcttesen:szellemi alkot\u00e1sok) vizsg\u00e1lata \u00e9s d\u00f6nt\u00e9s azok befogad\u00e1s\u00e1nak t\u00e1rgy\u00e1ban;<\/li>\n<li style=\"text-align: justify\">a szellemi alkot\u00e1sok oltalomk\u00e9pess\u00e9g\u00e9nek vizsg\u00e1lata, a vonatkoz\u00f3 jogszab\u00e1lyok szerinti oltalomszerz\u00e9si elj\u00e1r\u00e1sok megind\u00edt\u00e1s\u00e1nak enged\u00e9lyez\u00e9se;<br \/>\nd\u00f6nt\u00e9s a szellemi alkot\u00e1sok hasznos\u00edt\u00e1s\u00e1nak koncepcion\u00e1lis k\u00e9rd\u00e9seiben (a hasznos\u00edt\u00e1sb\u00f3l befoly\u00f3 d\u00edjakkal kapcsolatos d\u00f6nt\u00e9shozatalt is);<\/li>\n<li style=\"text-align: justify\">lemond\u00e1s a szellemi alkot\u00e1s vonatkoz\u00e1s\u00e1ban az Egyetemet megillet\u0151 jogokr\u00f3l;<\/li>\n<li style=\"text-align: justify\">a szellemi alkot\u00e1sok iparjogv\u00e9delmi szempont\u00fa vizsg\u00e1lat\u00e1val, bejelent\u00e9s\u00e9vel,<br \/>\nkezel\u00e9s\u00e9vel, fenntart\u00e1s\u00e1val kapcsolatos k\u00f6telezetts\u00e9gv\u00e1llal\u00e1sra t\u00f6rt\u00e9n\u0151 felhatalmaz\u00e1s a Tudom\u00e1nyos \u00e9s Innov\u00e1ci\u00f3s Rektorhelyettesi \u00e9s \u00dczletfejleszt\u00e9si K\u00f6zpont r\u00e9sz\u00e9re.<\/p>\n<\/li>\n<\/ul>\n\n<\/div><h2 class=\"tabtitle\">Tagjai<\/h2>\n<div class=\"tabcontent\">\n\n<p>Az Egyetemi Innov\u00e1ci\u00f3s Bizotts\u00e1g szavazati jog\u00fa \u00e9s \u00e1lland\u00f3 tagjai \u00e9s a tags\u00e1ghoz sz\u00fcks\u00e9ges beoszt\u00e1s:<\/p>\n<h6><strong>Eln\u00f6k:<\/strong>\u00a0<span style=\"color: #000000\">Rektor<\/span><\/h6>\n<h6><strong>Tagok<\/strong>:<\/h6>\n<ul style=\"list-style-type: square\">\n<li>Kancell\u00e1r<\/li>\n<li>Tudom\u00e1nyos \u00e9s innov\u00e1ci\u00f3s rektorhelyettes<\/li>\n<li>\u00c1ltal\u00e1nos Orvostudom\u00e1nyi Kar d\u00e9k\u00e1nja<\/li>\n<li>Fogorvostudom\u00e1nyi Kar d\u00e9k\u00e1nja<\/li>\n<li>Gy\u00f3gyszer\u00e9sztudom\u00e1nyi Kar d\u00e9k\u00e1nja<\/li>\n<li>Eg\u00e9szs\u00e9gtudom\u00e1nyi Kar d\u00e9k\u00e1nja<\/li>\n<li>Eg\u00e9szs\u00e9g\u00fcgyi K\u00f6zszolg\u00e1lati Kar d\u00e9k\u00e1nja<\/li>\n<li>Pet\u0151 Andr\u00e1s Kar D\u00e9k\u00e1nja<\/li>\n<li>Tudom\u00e1nyos \u00e9s Innov\u00e1ci\u00f3s Rektorhelyettesi \u00e9s \u00dczletfejleszt\u00e9si K\u00f6zpont igazgat\u00f3ja<\/li>\n<li>Semmelweis TTC Zrt. \u00e1ltal deleg\u00e1lt szem\u00e9ly<\/li>\n<li>Egyetemi Doktori Tan\u00e1cs eln\u00f6ke<\/li>\n<\/ul>\n<p>&nbsp;<\/p>\n\n<\/div><h2 class=\"tabtitle\">\u00dcgyrend<\/h2>\n<div class=\"tabcontent\">\n\n<p>&nbsp;<\/p>\n<p>A Bizotts\u00e1g \u00fcgyrendj\u00e9t a Semmelweis Egyetem Szervezeti \u00e9s M\u0171k\u00f6d\u00e9si Szab\u00e1lyzat I. 6. R\u00e9sze, a <a href=\"https:\/\/semmelweis.hu\/jogigfoig\/files\/2022\/10\/SZMSZ_SZMR_I_KONYV_I_6_RESZ_Szellemitulajdon_kezelesi_szabalyzat_hatalyos_2022_10_15_tol.pdf\">Szellemitulajdon-kezel\u00e9si Szab\u00e1lyzat 10.\u00a7-a<\/a> tartalmazza.<\/p>\n<\/div><\/div>\n","protected":false},"excerpt":{"rendered":"<p>Az Egyetemi Innov\u00e1ci\u00f3s Bizotts\u00e1g az egyetemen keletkez\u0151, annak tulajdon\u00e1ba ker\u00fcl\u0151 vagy az Egyetem \u00e1ltal hasznos\u00edtott szellemi alkot\u00e1sok kezel\u00e9s\u00e9vel kapcsolatos, strat\u00e9giai feladatokat ell\u00e1t\u00f3 test\u00fclet, amelynek hat\u00e1sk\u00f6re k\u00fcl\u00f6n\u00f6sen: egyetemi innov\u00e1ci\u00f3s, iparjogv\u00e9delmi, hasznos\u00edt\u00e1si koncepci\u00f3kra val\u00f3 javaslatt\u00e9tel; alkot\u00e1sok, tal\u00e1lm\u00e1nyok, kutat\u00e1si eredm\u00e9nyek, \u00f6tletek \u00e9s felfedez\u00e9sek (egy\u00fcttesen:szellemi alkot\u00e1sok) vizsg\u00e1lata \u00e9s d\u00f6nt\u00e9s azok befogad\u00e1s\u00e1nak t\u00e1rgy\u00e1ban; a szellemi alkot\u00e1sok oltalomk\u00e9pess\u00e9g\u00e9nek vizsg\u00e1lata, a vonatkoz\u00f3 &hellip;<\/p>\n","protected":false},"author":101859,"featured_media":0,"parent":834,"menu_order":0,"comment_status":"closed","ping_status":"closed","template":"template-fullwidth.php","meta":{"_acf_changed":false,"footnotes":""},"categories":[],"tags":[],"class_list":["post-2164","page","type-page","status-publish","hentry"],"acf":[],"_links":{"self":[{"href":"https:\/\/semmelweis.hu\/bizottsagok\/wp-json\/wp\/v2\/pages\/2164","targetHints":{"allow":["GET"]}}],"collection":[{"href":"https:\/\/semmelweis.hu\/bizottsagok\/wp-json\/wp\/v2\/pages"}],"about":[{"href":"https:\/\/semmelweis.hu\/bizottsagok\/wp-json\/wp\/v2\/types\/page"}],"author":[{"embeddable":true,"href":"https:\/\/semmelweis.hu\/bizottsagok\/wp-json\/wp\/v2\/users\/101859"}],"replies":[{"embeddable":true,"href":"https:\/\/semmelweis.hu\/bizottsagok\/wp-json\/wp\/v2\/comments?post=2164"}],"version-history":[{"count":10,"href":"https:\/\/semmelweis.hu\/bizottsagok\/wp-json\/wp\/v2\/pages\/2164\/revisions"}],"predecessor-version":[{"id":2904,"href":"https:\/\/semmelweis.hu\/bizottsagok\/wp-json\/wp\/v2\/pages\/2164\/revisions\/2904"}],"up":[{"embeddable":true,"href":"https:\/\/semmelweis.hu\/bizottsagok\/wp-json\/wp\/v2\/pages\/834"}],"wp:attachment":[{"href":"https:\/\/semmelweis.hu\/bizottsagok\/wp-json\/wp\/v2\/media?parent=2164"}],"wp:term":[{"taxonomy":"category","embeddable":true,"href":"https:\/\/semmelweis.hu\/bizottsagok\/wp-json\/wp\/v2\/categories?post=2164"},{"taxonomy":"post_tag","embeddable":true,"href":"https:\/\/semmelweis.hu\/bizottsagok\/wp-json\/wp\/v2\/tags?post=2164"}],"curies":[{"name":"wp","href":"https:\/\/api.w.org\/{rel}","templated":true}]}}