{"id":213,"date":"2020-11-24T00:30:18","date_gmt":"2020-11-23T23:30:18","guid":{"rendered":"https:\/\/semmelweis.hu\/bizottsagok\/?page_id=213"},"modified":"2026-04-01T07:44:22","modified_gmt":"2026-04-01T05:44:22","slug":"gytk-kreditatviteli-bizottsag","status":"publish","type":"page","link":"https:\/\/semmelweis.hu\/bizottsagok\/allando-bizottsagok\/gykt-bizottsagai\/gytk-kreditatviteli-bizottsag\/","title":{"rendered":"GYTK Kredit\u00e1tviteli \u00e9s Oktat\u00e1si Bizotts\u00e1g"},"content":{"rendered":"<div class=\"responsive-tabs\">\n<h2 class=\"tabtitle\">Feladat- \u00e9s hat\u00e1sk\u00f6r<\/h2>\n<div class=\"tabcontent\">\n\n<ul>\n<li>m\u00e1s fels\u0151oktat\u00e1si int\u00e9zm\u00e9nyben megszerzett kredit befogad\u00e1sa,<\/li>\n<li>munkatapasztalat elfogad\u00e1sa,<\/li>\n<li>annak meghat\u00e1roz\u00e1sa, hogy a gy\u00f3gyszer\u00e9szi diploma megszerz\u00e9s\u00e9hez maxim\u00e1lisan h\u00e1ny kreditet lehet besz\u00e1m\u00edtani m\u00e1s fels\u0151oktat\u00e1si int\u00e9zm\u00e9nyek szerzett kredit alapj\u00e1n,<\/li>\n<li>m\u00e1s fels\u0151oktat\u00e1si int\u00e9zm\u00e9nyben teljes\u00edtett tant\u00e1rgy befogad\u00e1sa,<\/li>\n<li>sz\u00fcks\u00e9g eset\u00e9n a befogadott tant\u00e1rgyhoz kapcsol\u00f3d\u00f3 kredit\u00e9rt\u00e9k meghat\u00e1roz\u00e1sa m\u00e1s tant\u00e1rggyal val\u00f3 helyettes\u00edthet\u0151s\u00e9ge, ill. m\u00e1s tant\u00e1rgyakt\u00f3l val\u00f3 k\u00fcl\u00f6nb\u00f6z\u0151s\u00e9g\u00e9nek meg\u00e1llap\u00edt\u00e1sa,a kredit\u00e1tviteli elj\u00e1r\u00e1s rendj\u00e9nek szab\u00e1lyoz\u00e1sa,<\/li>\n<li>a kredit\u00e1tviteli k\u00e9relmek nyilv\u00e1ntart\u00e1s\u00e1nak szab\u00e1lyoz\u00e1sa,<\/li>\n<li>el\u0151zetes kredit-elismer\u00e9si elj\u00e1r\u00e1s lefolytat\u00e1sa,<\/li>\n<li>\u00faj tant\u00e1rgyak bevezet\u00e9s\u00e9vel kapcsolatos d\u00f6nt\u00e9s el\u0151k\u00e9sz\u00edt\u00e9s, konzult\u00e1ci\u00f3,<\/li>\n<li>hat\u00e1sk\u00f6re kiterjed tov\u00e1bb\u00e1 egy jogszab\u00e1lyban, egyetemi, kari szab\u00e1lyzatban neves\u00edtett feladatk\u00f6r\u00f6kre.<\/li>\n<\/ul>\n\n<\/div><h2 class=\"tabtitle\">Tagjai<\/h2>\n<div class=\"tabcontent\">\n\n<p><em><strong>Kapcsolattart\u00f3:<\/strong><\/em> GYTK D\u00e9k\u00e1ni hivatal<br \/>\n<em><strong>Email: <a href=\"mailto:gytkdhivatal@semmelweis.hu\">gytkdhivatal@semmelweis.hu<\/a><\/strong><\/em><\/p>\n    \r\n    <div id=\"peopleContainer\" style=\"text-align:center;\">\r\n    <input type=\"hidden\" name=\"cimkek\" id=\"cimkek\" value=\"Vezet\u00e9kn\u00e9v,Ut\u00f3n\u00e9v,Megb\u00edzat\u00e1s alapja,Megb\u00edzat\u00e1s t\u00edpusa,Megb\u00edzat\u00e1s kezdete,Megb\u00edzat\u00e1s v\u00e9ge,Megb\u00edzat\u00e1si dokumentum,Megsz\u0171n\u00e9s oka,Megsz\u0171n\u00e9s d\u00e1tuma\">\r\n    <input type=\"hidden\" name=\"kihagy_aktiv\" id=\"kihagy_aktiv\" value=\"Megsz\u0171n\u00e9s oka||megszunes_oka,Megsz\u0171n\u00e9s d\u00e1tuma||megszunes_datuma\">\r\n    <input type=\"hidden\" name=\"kihagy_archiv\" id=\"kihagy_archiv\" value=\"\">\r\n    <div id=\"aktivTagokContainer\" style=\"overflow:auto;\">\r\n        <table>\r\n        <thead style=\"text-align:center;\">\r\n            <th>Vezet\u00e9kn\u00e9v<\/th><th>Ut\u00f3n\u00e9v<\/th><th>Megb\u00edzat\u00e1s alapja<\/th><th>Megb\u00edzat\u00e1s t\u00edpusa<\/th><th>Megb\u00edzat\u00e1s kezdete<\/th><th>Megb\u00edzat\u00e1s v\u00e9ge<\/th><th>Megb\u00edzat\u00e1si dokumentum<\/th>        <\/thead>\r\n        <tbody>\r\n        <tr><td> Dr. T\u00e1bi <\/td><td>Tam\u00e1s<\/td><td>Foglalkoztatott\/ Employee\/ Besch\u00e4ftigte(r)<\/td><td>Eln\u00f6k\/ Chairperson\/ Vorsitzender<\/td><td>2026-01-01<\/td><td>2028-12-31<\/td><td><a href=\"https:\/\/semmelweis.hu\/gytk\/files\/2025\/12\/5_2025_2026_XII_02_GYTK_KT.pdf\">Megb\u00edzat\u00e1si dokumentum\/ Mandate document\/ Mandatsdokument<\/a><\/td><\/tr><tr><td>Dr. Zelk\u00f3 <\/td><td>Rom\u00e1na<\/td><td>Foglalkoztatott\/ Employee\/ Besch\u00e4ftigte(r)<\/td><td>Tag\/ Member\/ Mitglied<\/td><td>2026-01-01<\/td><td>2028-12-31<\/td><td><a href=\"https:\/\/semmelweis.hu\/gytk\/files\/2025\/12\/5_2025_2026_XII_02_GYTK_KT.pdf\">Megb\u00edzat\u00e1si dokumentum\/ Mandate document\/ Mandatsdokument<\/a><\/td><\/tr><tr><td>Dr. Sz\u00f6k\u0151 <\/td><td>\u00c9va<\/td><td>Foglalkoztatott\/ Employee\/ Besch\u00e4ftigte(r)<\/td><td>Tag\/ Member\/ Mitglied<\/td><td>2026-01-01<\/td><td>2028-12-31<\/td><td><a href=\"https:\/\/semmelweis.hu\/gytk\/files\/2025\/12\/5_2025_2026_XII_02_GYTK_KT.pdf\">Megb\u00edzat\u00e1si dokumentum\/ Mandate document\/ Mandatsdokument<\/a><\/td><\/tr><tr><td>Dr. Hank\u00f3<\/td><td>Bal\u00e1zs<\/td><td>Foglalkoztatott\/ Employee\/ Besch\u00e4ftigte(r)<\/td><td>Tag\/ Member\/ Mitglied<\/td><td>2026-01-01<\/td><td>2028-12-31<\/td><td><a href=\"https:\/\/semmelweis.hu\/gytk\/files\/2025\/12\/5_2025_2026_XII_02_GYTK_KT.pdf\">Megb\u00edzat\u00e1si dokumentum\/ Mandate document\/ Mandatsdokument<\/a><\/td><\/tr><tr><td>Dr. Maz\u00e1kn\u00e9 Dr. Kraszni<\/td><td>M\u00e1rta<\/td><td>Foglalkoztatott\/ Employee\/ Besch\u00e4ftigte(r)<\/td><td>Tag\/ Member\/ Mitglied<\/td><td>2026-01-01<\/td><td>2028-12-31<\/td><td><a href=\"https:\/\/semmelweis.hu\/gytk\/files\/2025\/12\/5_2025_2026_XII_02_GYTK_KT.pdf\">Megb\u00edzat\u00e1si dokumentum\/ Mandate document\/ Mandatsdokument<\/a><\/td><\/tr><tr><td>Lankovics<\/td><td>Lilla<\/td><td>Hallgat\u00f3i jogviszony\/ Student status\/ Studierendenrechtsverh\u00e4ltnis<\/td><td>Tag\/ Member\/ Mitglied<\/td><td>2026-01-01<\/td><td>2028-12-31<\/td><td><a href=\"https:\/\/semmelweis.hu\/gytk\/files\/2025\/12\/5_2025_2026_XII_02_GYTK_KT.pdf\">Megb\u00edzat\u00e1si dokumentum\/ Mandate document\/ Mandatsdokument<\/a><\/td><\/tr><tr><td>Kun<\/td><td>Anna Ter\u00e9zia<\/td><td>Hallgat\u00f3i jogviszony\/ Student status\/ Studierendenrechtsverh\u00e4ltnis<\/td><td>Tag\/ Member\/ Mitglied<\/td><td>2026-01-01<\/td><td>2028-12-31<\/td><td><a href=\"https:\/\/semmelweis.hu\/gytk\/files\/2025\/12\/5_2025_2026_XII_02_GYTK_KT.pdf\">Megb\u00edzat\u00e1si dokumentum\/ Mandate document\/ Mandatsdokument<\/a><\/td><\/tr>        \r\n        \r\n        <\/tbody>\r\n        <\/table>\r\n        <\/div>\r\n\r\n    <div id=\"archivTagokContainer\" style=\"overflow:auto;\">\r\n            <div class=\"exp-col-content-holder\" style=\"border: none;\">\r\n        <a class=\"expand-cnt-link ecf_closed\" href=\"#\">Arch\u00edv<\/a>\r\n        <div class=\"hidden-content\" style=\"display: none;\">\r\n                <table>\r\n            <thead style=\"text-align:center;\">\r\n                <th>Vezet\u00e9kn\u00e9v<\/th><th>Ut\u00f3n\u00e9v<\/th><th>Megb\u00edzat\u00e1s alapja<\/th><th>Megb\u00edzat\u00e1s t\u00edpusa<\/th><th>Megb\u00edzat\u00e1s kezdete<\/th><th>Megb\u00edzat\u00e1s v\u00e9ge<\/th><th>Megb\u00edzat\u00e1si dokumentum<\/th><th>Megsz\u0171n\u00e9s oka<\/th><th>Megsz\u0171n\u00e9s d\u00e1tuma<\/th>            <\/thead>\r\n            <tbody>\r\n            <tr><td>Nyariki<\/td><td> Noel<\/td><td>Hallgat\u00f3i jogviszony\/Student status\/Studierendenrechtsverh\u00e4ltnis<\/td><td>Tag\/Member\/Mitglied<\/td><td>2020-10-01<\/td><td>2022-11-30<\/td><td><a href=\"https:\/\/semmelweis.hu\/jogigfoig\/files\/2020\/10\/183_2020_GYTK-kari-bizotts%C3%A1gok-%C3%B6sszet%C3%A9tele-1.pdf\">Megb\u00edzat\u00e1si dokumentum\/Mandate document\/Mandatsdokument<\/a><\/td><td>Megb\u00edzat\u00e1s lej\u00e1rta<\/td><td>2022-12-01<\/td><\/tr><tr><td>Dr. M\u00e1ndity <\/td><td>Istv\u00e1n<\/td><td>Foglalkoztatott\/ Employee\/ Besch\u00e4ftigte(r)<\/td><td>Tag\/ Member\/ Mitglied<\/td><td>2020-10-01<\/td><td>2022-11-30<\/td><td><a href=\"https:\/\/semmelweis.hu\/bizottsagok\/files\/2022\/12\/8_2022_2023_XII_07_GYTK_KT.pdf\">Megb\u00edzat\u00e1si dokumentum\/ Mandate document\/ Mandatsdokument<\/a><\/td><td>Megb\u00edzat\u00e1s lej\u00e1rta<\/td><td>2022-12-01<\/td><\/tr><tr><td>Filipszki <\/td><td>G\u00e1bor<\/td><td>Hallgat\u00f3i jogviszony\/ Student status\/ Studierendenrechtsverh\u00e4ltnis<\/td><td>Tag\/ Member\/ Mitglied<\/td><td>2022-12-12<\/td><td>2025-12-31<\/td><td><a href=\"https:\/\/semmelweis.hu\/bizottsagok\/files\/2022\/12\/8_2022_2023_XII_07_GYTK_KT.pdf\">Megb\u00edzat\u00e1si dokumentum\/ Mandate document\/ Mandatsdokument<\/a><\/td><td>Egy\u00e9b megsz\u0171n\u00e9si ok<\/td><td>2024-06-28<\/td><\/tr><tr><td>Dr. V\u00f6lgyi<\/td><td>Gergely<\/td><td>Foglalkoztatott\/ Employee\/ Besch\u00e4ftigte(r)<\/td><td>Tag\/ Member\/ Mitglied<\/td><td>2022-12-12<\/td><td>2025-12-31<\/td><td><a href=\"https:\/\/semmelweis.hu\/bizottsagok\/files\/2022\/12\/8_2022_2023_XII_07_GYTK_KT.pdf\">Megb\u00edzat\u00e1si dokumentum\/ Mandate document\/ Mandatsdokument<\/a><\/td><td>Egy\u00e9b megsz\u0171n\u00e9si ok<\/td><td>2023-09-30<\/td><\/tr><tr><td>Mih\u00f3ky<\/td><td>Anna<\/td><td>Hallgat\u00f3i jogviszony\/ Student status\/ Studierendenrechtsverh\u00e4ltnis<\/td><td>Tag\/ Member\/ Mitglied<\/td><td>2022-12-12<\/td><td>2025-07-01<\/td><td><a href=\"https:\/\/semmelweis.hu\/bizottsagok\/files\/2022\/12\/8_2022_2023_XII_07_GYTK_KT.pdf\">Megb\u00edzat\u00e1si dokumentum\/ Mandate document\/ Mandatsdokument<\/a><\/td><td>Megb\u00edzat\u00e1s lej\u00e1rta<\/td><td>2025-07-01<\/td><\/tr><tr><td>Bolyki<\/td><td>Tam\u00e1s<\/td><td>Hallgat\u00f3i jogviszony\/ Student status\/ Studierendenrechtsverh\u00e4ltnis<\/td><td>Tag\/ Member\/ Mitglied<\/td><td>2024-07-01<\/td><td>2025-12-31<\/td><td><a href=\"https:\/\/semmelweis.hu\/gytk\/files\/2025\/12\/5_2025_2026_XII_02_GYTK_KT.pdf\">Megb\u00edzat\u00e1si dokumentum\/ Mandate document\/ Mandatsdokument<\/a><\/td><td>Megb\u00edzat\u00e1s lej\u00e1rta<\/td><td>2025-12-31<\/td><\/tr>            <\/tbody>\r\n            <\/table>\r\n        <\/div>\r\n        <\/div>\r\n    <\/div>\r\n    <\/div>\r\n    \n\n<\/div><h2 class=\"tabtitle\">\u00fcgyrend<\/h2>\n<div class=\"tabcontent\">\n\n<p><a href=\"https:\/\/semmelweis.hu\/bizottsagok\/files\/2026\/02\/KAOB-ugyrend.pdf\" target=\"_blank\" rel=\"noopener\">Kredit\u00e1tviteli Bizotts\u00e1g \u00fcgyrendje 2023<\/a><\/p>\n\n<\/div><h2 class=\"tabtitle\">\u00c9ves besz\u00e1mol\u00f3<\/h2>\n<div class=\"tabcontent\">\n\n<ul>\n<li style=\"text-align: justify\"><a href=\"https:\/\/semmelweis.hu\/jogigfoig\/files\/2020\/05\/68_2020_Besz%C3%A1mol%C3%B3-a-kari-bizotts%C3%A1gok-munk%C3%A1j%C3%A1r%C3%B3l.pdf\" target=\"_blank\" rel=\"noopener noreferrer\">A Semmelweis Egyetem\u00a0Szen\u00e1tus\u00e1nak\u00a068\/2020. (V.5.) sz\u00e1m\u00fa hat\u00e1rozata Besz\u00e1mol\u00f3 a Szen\u00e1tus \u00e1ltal l\u00e9trehozott,\u00a0(Tanulm\u00e1nyi \u00e9s Vizsga Bizotts\u00e1g, Kredit\u00e1tviteli Bizotts\u00e1g, Etikai \u00e9s Fegyelmi Bizotts\u00e1g, a Pet\u0151 Andr\u00e1s Kar tekintet\u00e9ben tov\u00e1bbi k\u00e9t bizotts\u00e1g a Gyakorlati K\u00e9pz\u00e9si Bizotts\u00e1g \u00e9s a Kiad\u00f3i \u00e9s K\u00f6nyvt\u00e1r Bizotts\u00e1g)\u00a0karokon m\u0171k\u00f6d\u0151 \u00e1lland\u00f3 bizotts\u00e1gok munk\u00e1j\u00e1r\u00f3l<\/a><\/li>\n<li><a href=\"https:\/\/semmelweis.hu\/bizottsagok\/files\/2021\/02\/GYTK-Kredit-Bizottsag-beszamoloja-2020.pdf\" target=\"_blank\" rel=\"noopener noreferrer\">Kredit\u00e1tviteli Bizotts\u00e1g besz\u00e1mol\u00f3ja a 2019-es \u00e9vr\u0151l<\/a><\/li>\n<\/ul>\n<p>&nbsp;<\/p>\n<ul>\n<li style=\"text-align: justify\"><a href=\"https:\/\/semmelweis.hu\/bizottsagok\/files\/2021\/03\/16_2021_karokon-m\u0171k\u00f6d\u0151-\u00e1lland\u00f3-bizotts\u00e1gok_besz\u00e1mol\u00f3.pdf\" target=\"_blank\" rel=\"noopener noreferrer\">A Semmelweis Egyetem Szen\u00e1tus\u00e1nak 16\/2021. (II.25.) sz\u00e1m\u00fa hat\u00e1rozata Besz\u00e1mol\u00f3 a Szen\u00e1tus \u00e1ltal l\u00e9trehozott, (Tanulm\u00e1nyi \u00e9s Vizsga Bizotts\u00e1g, Kredit\u00e1tviteli Bizotts\u00e1g, Etikai \u00e9s Fegyelmi Bizotts\u00e1g, a Pet\u0151 Andr\u00e1s Kar tekintet\u00e9ben tov\u00e1bbi k\u00e9t bizotts\u00e1g a Gyakorlati K\u00e9pz\u00e9si Bizotts\u00e1g \u00e9s a Kiad\u00f3i \u00e9s K\u00f6nyvt\u00e1r Bizotts\u00e1g) karokon m\u0171k\u00f6d\u0151 \u00e1lland\u00f3 bizotts\u00e1gok munk\u00e1j\u00e1r\u00f3l<\/a><\/li>\n<li><a href=\"https:\/\/semmelweis.hu\/bizottsagok\/files\/2021\/03\/GYTK_K\u00c1B_besz\u00e1mol\u00f3_2020_al\u00e1\u00edrt.pdf\" target=\"_blank\" rel=\"noopener noreferrer\">Kredit\u00e1tviteli Bizotts\u00e1g besz\u00e1mol\u00f3ja a 2020-as \u00e9vr\u0151l<\/a><\/li>\n<\/ul>\n<p>&nbsp;<\/p>\n<ul>\n<li><a href=\"https:\/\/semmelweis.hu\/bizottsagok\/files\/2022\/04\/17_2022_a-Szenatus-altal-letrehozott-karokon-mukodo-allando-bizottsagok-munkajarol-szolo-beszamolok-elfogadasarol.pdf\" target=\"_blank\" rel=\"noopener\">A Semmelweis Egyetem Szen\u00e1tus\u00e1nak 17\/2022. (III.28.) sz\u00e1m\u00fa hat\u00e1rozata Besz\u00e1mol\u00f3 a Szen\u00e1tus \u00e1ltal l\u00e9trehozott, (Tanulm\u00e1nyi \u00e9s Vizsga Bizotts\u00e1g, Kredit\u00e1tviteli Bizotts\u00e1g, Etikai \u00e9s Fegyelmi Bizotts\u00e1g, a Pet\u0151 Andr\u00e1s Kar tekintet\u00e9ben tov\u00e1bbi k\u00e9t bizotts\u00e1g a Gyakorlati K\u00e9pz\u00e9si Bizotts\u00e1g \u00e9s a Kiad\u00f3i \u00e9s K\u00f6nyvt\u00e1r Bizotts\u00e1g) karokon m\u0171k\u00f6d\u0151 \u00e1lland\u00f3 bizotts\u00e1gok munk\u00e1j\u00e1r\u00f3l<\/a><\/li>\n<li><a href=\"https:\/\/semmelweis.hu\/bizottsagok\/files\/2022\/04\/GYTK_KAB_beszamolo_2021ev.pdf\" target=\"_blank\" rel=\"noopener\">Kredit\u00e1tviteli Bizotts\u00e1g besz\u00e1mol\u00f3ja a 2021-es \u00e9vr\u0151l<\/a><\/li>\n<\/ul>\n<p>&nbsp;<\/p>\n<ul style=\"list-style-type: disc\">\n<li><a href=\"https:\/\/semmelweis.hu\/bizottsagok\/files\/2023\/05\/26_2023_a-Szenatus-altal-letrehozott-karokon-mukodo-allando-bizottsagok-munkajarol.pdf\" target=\"_blank\" rel=\"noopener\">A Semmelweis Egyetem Szen\u00e1tus\u00e1nak 26\/2023. (III.30.) sz\u00e1m\u00fa hat\u00e1rozata Besz\u00e1mol\u00f3 a Szen\u00e1tus \u00e1ltal l\u00e9trehozott, (Tanulm\u00e1nyi \u00e9s Vizsga Bizotts\u00e1g, Kredit\u00e1tviteli Bizotts\u00e1g, Etikai \u00e9s Fegyelmi Bizotts\u00e1g, a Pet\u0151 Andr\u00e1s Kar tekintet\u00e9ben tov\u00e1bbi k\u00e9t bizotts\u00e1g a Gyakorlati K\u00e9pz\u00e9si Bizotts\u00e1g \u00e9s a Kiad\u00f3i \u00e9s K\u00f6nyvt\u00e1r Bizotts\u00e1g) karokon m\u0171k\u00f6d\u0151 \u00e1lland\u00f3 bizotts\u00e1gok munk\u00e1j\u00e1r\u00f3l<\/a><\/li>\n<li><a href=\"https:\/\/semmelweis.hu\/bizottsagok\/files\/2023\/05\/KAOB-beszamolo.pdf\" target=\"_blank\" rel=\"noopener\">Kredit\u00e1tviteli \u00e9s Oktat\u00e1si Bizotts\u00e1g besz\u00e1mol\u00f3ja a 2022-es \u00e9vr\u0151l<\/a><\/li>\n<\/ul>\n<p>&nbsp;<\/p>\n<ul>\n<li><a href=\"https:\/\/semmelweis.hu\/bizottsagok\/files\/2024\/06\/22_2024_karokon-mukodo-bizottsagok-beszamoloi.pdf\" target=\"_blank\" rel=\"noopener\">A Semmelweis Egyetem Szen\u00e1tus\u00e1nak 22\/2024. (III.28.) sz\u00e1m\u00fa hat\u00e1rozata Besz\u00e1mol\u00f3 a Szen\u00e1tus \u00e1ltal l\u00e9trehozott, (Tanulm\u00e1nyi \u00e9s Vizsga Bizotts\u00e1g, Kredit\u00e1tviteli Bizotts\u00e1g, Etikai \u00e9s Fegyelmi Bizotts\u00e1g, a Pet\u0151 Andr\u00e1s Kar tekintet\u00e9ben tov\u00e1bbi k\u00e9t bizotts\u00e1g a Gyakorlati K\u00e9pz\u00e9si Bizotts\u00e1g \u00e9s a Kiad\u00f3i \u00e9s K\u00f6nyvt\u00e1r Bizotts\u00e1g) karokon m\u0171k\u00f6d\u0151 \u00e1lland\u00f3 bizotts\u00e1gok munk\u00e1j\u00e1r\u00f3l<\/a><\/li>\n<li><a href=\"https:\/\/semmelweis.hu\/bizottsagok\/files\/2024\/06\/GYTK_KAOB_beszamolo_2023.pdf\" target=\"_blank\" rel=\"noopener\">Kredit\u00e1tviteli \u00e9s Oktat\u00e1si Bizotts\u00e1g besz\u00e1mol\u00f3ja a 2023-as \u00e9vr\u0151l<\/a><\/li>\n<\/ul>\n<p>&nbsp;<\/p>\n<ul>\n<li><a href=\"https:\/\/semmelweis.hu\/bizottsagok\/files\/2025\/07\/24_2025_karokon-mukodo-bizottsagok-beszamoloi.pdf\" target=\"_blank\" rel=\"noopener\">A Semmelweis Egyetem Szen\u00e1tus\u00e1nak 24\/2025. (III.27.) sz\u00e1m\u00fa hat\u00e1rozata Besz\u00e1mol\u00f3 a Szen\u00e1tus \u00e1ltal l\u00e9trehozott, (Tanulm\u00e1nyi \u00e9s Vizsga Bizotts\u00e1g, Kredit\u00e1tviteli Bizotts\u00e1g, Etikai \u00e9s Fegyelmi Bizotts\u00e1g, a Pet\u0151 Andr\u00e1s Kar tekintet\u00e9ben tov\u00e1bbi k\u00e9t bizotts\u00e1g a Gyakorlati K\u00e9pz\u00e9si Bizotts\u00e1g \u00e9s a Kiad\u00f3i \u00e9s K\u00f6nyvt\u00e1r Bizotts\u00e1g) karokon m\u0171k\u00f6d\u0151 \u00e1lland\u00f3 bizotts\u00e1gok munk\u00e1j\u00e1r\u00f3l<\/a><\/li>\n<li><a href=\"https:\/\/semmelweis.hu\/bizottsagok\/files\/2025\/07\/GYTK_KAOB_beszamolo_2024.pdf\" target=\"_blank\" rel=\"noopener\">Kredit\u00e1tviteli \u00e9s Oktat\u00e1si Bizotts\u00e1g besz\u00e1mol\u00f3ja a 2024-as \u00e9vr\u0151l<\/a><\/li>\n<\/ul>\n<p>&nbsp;<\/p>\n<ul>\n<li><a href=\"https:\/\/semmelweis.hu\/bizottsagok\/files\/2026\/04\/27_2026_karokon-mukodo-bizottsagok-beszamoloi.pdf\" target=\"_blank\" rel=\"noopener\">A Semmelweis Egyetem Szen\u00e1tus\u00e1nak 27\/2026. (III.25.) sz\u00e1m\u00fa hat\u00e1rozata Besz\u00e1mol\u00f3 a Szen\u00e1tus \u00e1ltal l\u00e9trehozott, (Tanulm\u00e1nyi \u00e9s Vizsga Bizotts\u00e1g, Kredit\u00e1tviteli Bizotts\u00e1g, Etikai \u00e9s Fegyelmi Bizotts\u00e1g, a Pet\u0151 Andr\u00e1s Kar tekintet\u00e9ben tov\u00e1bbi k\u00e9t bizotts\u00e1g a Gyakorlati K\u00e9pz\u00e9si Bizotts\u00e1g \u00e9s a Kiad\u00f3i \u00e9s K\u00f6nyvt\u00e1r Bizotts\u00e1g) karokon m\u0171k\u00f6d\u0151 \u00e1lland\u00f3 bizotts\u00e1gok munk\u00e1j\u00e1r\u00f3l<\/a><\/li>\n<li><a href=\"https:\/\/semmelweis.hu\/bizottsagok\/files\/2026\/04\/GYTK_KAOB_beszamolo_2025.pdf\" target=\"_blank\" rel=\"noopener\">Kredit\u00e1tviteli \u00e9s Oktat\u00e1si Bizotts\u00e1g besz\u00e1mol\u00f3ja a 2025-\u00f6s \u00e9vr\u0151l<\/a><\/li>\n<\/ul>\n<\/div><\/div>\n","protected":false},"excerpt":{"rendered":"<p>m\u00e1s fels\u0151oktat\u00e1si int\u00e9zm\u00e9nyben megszerzett kredit befogad\u00e1sa, munkatapasztalat elfogad\u00e1sa, annak meghat\u00e1roz\u00e1sa, hogy a gy\u00f3gyszer\u00e9szi diploma megszerz\u00e9s\u00e9hez maxim\u00e1lisan h\u00e1ny kreditet lehet besz\u00e1m\u00edtani m\u00e1s fels\u0151oktat\u00e1si int\u00e9zm\u00e9nyek szerzett kredit alapj\u00e1n, m\u00e1s fels\u0151oktat\u00e1si int\u00e9zm\u00e9nyben teljes\u00edtett tant\u00e1rgy befogad\u00e1sa, sz\u00fcks\u00e9g eset\u00e9n a befogadott tant\u00e1rgyhoz kapcsol\u00f3d\u00f3 kredit\u00e9rt\u00e9k meghat\u00e1roz\u00e1sa m\u00e1s tant\u00e1rggyal val\u00f3 helyettes\u00edthet\u0151s\u00e9ge, ill. m\u00e1s tant\u00e1rgyakt\u00f3l val\u00f3 k\u00fcl\u00f6nb\u00f6z\u0151s\u00e9g\u00e9nek meg\u00e1llap\u00edt\u00e1sa,a kredit\u00e1tviteli elj\u00e1r\u00e1s rendj\u00e9nek szab\u00e1lyoz\u00e1sa, a &hellip;<\/p>\n","protected":false},"author":101431,"featured_media":0,"parent":869,"menu_order":0,"comment_status":"closed","ping_status":"closed","template":"template-fullwidth.php","meta":{"_acf_changed":false,"footnotes":""},"categories":[],"tags":[],"class_list":["post-213","page","type-page","status-publish","hentry"],"acf":[],"_links":{"self":[{"href":"https:\/\/semmelweis.hu\/bizottsagok\/wp-json\/wp\/v2\/pages\/213","targetHints":{"allow":["GET"]}}],"collection":[{"href":"https:\/\/semmelweis.hu\/bizottsagok\/wp-json\/wp\/v2\/pages"}],"about":[{"href":"https:\/\/semmelweis.hu\/bizottsagok\/wp-json\/wp\/v2\/types\/page"}],"author":[{"embeddable":true,"href":"https:\/\/semmelweis.hu\/bizottsagok\/wp-json\/wp\/v2\/users\/101431"}],"replies":[{"embeddable":true,"href":"https:\/\/semmelweis.hu\/bizottsagok\/wp-json\/wp\/v2\/comments?post=213"}],"version-history":[{"count":10,"href":"https:\/\/semmelweis.hu\/bizottsagok\/wp-json\/wp\/v2\/pages\/213\/revisions"}],"predecessor-version":[{"id":2936,"href":"https:\/\/semmelweis.hu\/bizottsagok\/wp-json\/wp\/v2\/pages\/213\/revisions\/2936"}],"up":[{"embeddable":true,"href":"https:\/\/semmelweis.hu\/bizottsagok\/wp-json\/wp\/v2\/pages\/869"}],"wp:attachment":[{"href":"https:\/\/semmelweis.hu\/bizottsagok\/wp-json\/wp\/v2\/media?parent=213"}],"wp:term":[{"taxonomy":"category","embeddable":true,"href":"https:\/\/semmelweis.hu\/bizottsagok\/wp-json\/wp\/v2\/categories?post=213"},{"taxonomy":"post_tag","embeddable":true,"href":"https:\/\/semmelweis.hu\/bizottsagok\/wp-json\/wp\/v2\/tags?post=213"}],"curies":[{"name":"wp","href":"https:\/\/api.w.org\/{rel}","templated":true}]}}