{"id":205,"date":"2020-11-24T00:24:22","date_gmt":"2020-11-23T23:24:22","guid":{"rendered":"https:\/\/semmelweis.hu\/bizottsagok\/?page_id=205"},"modified":"2026-04-29T14:31:38","modified_gmt":"2026-04-29T12:31:38","slug":"fok-etikai-es-fegyelmi-bizottsag","status":"publish","type":"page","link":"https:\/\/semmelweis.hu\/bizottsagok\/allando-bizottsagok\/fok-bizottsagai\/fok-etikai-es-fegyelmi-bizottsag\/","title":{"rendered":"FOK ETIKAI \u00c9S FEGYELMI BIZOTTS\u00c1G"},"content":{"rendered":"<section class=\"committee lang-hu\"><div class=\"keretes w-100\"><ul style=\"list-style-type: square;\"><li><a href=\"#feladat-es-hataskor\">Feladat- \u00e9s hat\u00e1sk\u00f6r<\/a><\/li><li><a href=\"#a-bizottsag-tagjai\">A bizotts\u00e1g tagjai<\/a><\/li><li><a href=\"#a-bizottsag-ugyrendje\">A bizotts\u00e1g \u00fcgyrendje<\/a><\/li><\/ul><\/div>\n\n\n<div class=\"committee-tab tab-1\" id=\"feladat-es-hataskor\">\n    <h2>Feladat- \u00e9s hat\u00e1sk\u00f6r<\/h2>\n    <div class=\"committee-tab-content\">\n        <ul>\n<li>a Bizotts\u00e1g feladata a Kar etikai \u00e9s fegyelmi \u00fcgyeiben az elj\u00e1r\u00e1s lefolytat\u00e1sa \u00e9s az els\u0151fok\u00fa fegyelmi hat\u00e1rozat meghozatala<\/li>\n<li>a hat\u00e1rozat elleni esetleges fellebbez\u00e9st az Egyetem Etikai \u00e9s Fegyelmi Bizotts\u00e1g\u00e1hoz kell beny\u00fajtani<\/li>\n<\/ul>\n    <\/div>\n<\/div><br>\n\n\n<div class=\"committee-tab tab-2\" id=\"a-bizottsag-tagjai\">\n    <h2>A bizotts\u00e1g tagjai<\/h2>\n    <div class=\"committee-tab-content\">\n        \n                        <p class=\"contact-person\">\n                <span><strong>Kapcsolattart\u00f3: <\/strong>FOK D\u00e9k\u00e1ni Hivatal \/ FOK Dean\u2019s Office \/ FOK Dekanat \/<\/span><br>\n                <span><strong>Email: <\/strong>fok.dekan@semmelweis.hu<\/span>\n            <\/p>\n\n\n            \n                            <table id=\"active-members\" \n                    class=\" has-mandate-doc\" \n                    data-subcommittee=\"0\">\n                    <thead>\n                        <tr>\n                            <th class=\"member-name\">N\u00e9v<\/th>\n                            <th class=\"mandate-basis\">Megb\u00edzat\u00e1s alapja<\/th>\n                            <th class=\"mandate-type\">Megb\u00edzat\u00e1s t\u00edpusa<\/th>\n                                                                                    <th class=\"start-date col-group-start\" data-label=\"Megb\u00edzat\u00e1s id\u0151tartama\">Megb\u00edzat\u00e1s kezdete<\/th>\n                            <th class=\"end-date col-group-end\">Megb\u00edzat\u00e1s v\u00e9ge<\/th>\n                            <th class=\"mandate-doc\">Megb\u00edzat\u00e1si dokumentum<\/th>\n                        <\/tr>\n                    <\/thead>\n                    <tbody>\n                        <tr><td class=\"member-name\" data-label=\"N\u00e9v\">Dr Linninger Merc\u00e9desz<\/td><td class=\"mandate-basis\" data-label=\"Megb\u00edzat\u00e1s alapja\">Foglalkoztatott<a href = \"https:\/\/semmelweis.hu\/jogigfoig\/files\/2020\/11\/193_2020_FOK_bizotts%C3%A1gok-szem%C3%A9lyi-%C3%B6sszet%C3%A9tel%C3%A9nek-m%C3%B3dos%C3%ADt%C3%A1sa.pdf\" target=\"_blank\">Megb\u00edzat\u00e1si dokumentum<\/a><\/td><td class=\"mandate-type\" data-label=\"Megb\u00edzat\u00e1s t\u00edpusa\">Eln\u00f6k<\/td><td class=\"start-date col-group-start\" data-label=\"Megb\u00edzat\u00e1s kezdete\">2020-10-29<\/td><td class=\"end-date col-group-end\" data-label=\"Megb\u00edzat\u00e1s v\u00e9ge\">2023-10-28<\/td><td class=\"mandate-doc\" data-label=\"Megb\u00edzat\u00e1si dokumentum\"><a href = \"https:\/\/semmelweis.hu\/jogigfoig\/files\/2020\/11\/193_2020_FOK_bizotts%C3%A1gok-szem%C3%A9lyi-%C3%B6sszet%C3%A9tel%C3%A9nek-m%C3%B3dos%C3%ADt%C3%A1sa.pdf\" target=\"_blank\">Megb\u00edzat\u00e1si dokumentum<\/a><\/td><\/tr><tr><td class=\"member-name\" data-label=\"N\u00e9v\">Dr. Nemes B\u00e1lint<\/td><td class=\"mandate-basis\" data-label=\"Megb\u00edzat\u00e1s alapja\">Foglalkoztatott<a href = \"https:\/\/semmelweis.hu\/jogigfoig\/files\/2020\/11\/193_2020_FOK_bizotts%C3%A1gok-szem%C3%A9lyi-%C3%B6sszet%C3%A9tel%C3%A9nek-m%C3%B3dos%C3%ADt%C3%A1sa.pdf\" target=\"_blank\">Megb\u00edzat\u00e1si dokumentum<\/a><\/td><td class=\"mandate-type\" data-label=\"Megb\u00edzat\u00e1s t\u00edpusa\">Tag<\/td><td class=\"start-date col-group-start\" data-label=\"Megb\u00edzat\u00e1s kezdete\">2020-10-29<\/td><td class=\"end-date col-group-end\" data-label=\"Megb\u00edzat\u00e1s v\u00e9ge\">2023-10-28<\/td><td class=\"mandate-doc\" data-label=\"Megb\u00edzat\u00e1si dokumentum\"><a href = \"https:\/\/semmelweis.hu\/jogigfoig\/files\/2020\/11\/193_2020_FOK_bizotts%C3%A1gok-szem%C3%A9lyi-%C3%B6sszet%C3%A9tel%C3%A9nek-m%C3%B3dos%C3%ADt%C3%A1sa.pdf\" target=\"_blank\">Megb\u00edzat\u00e1si dokumentum<\/a><\/td><\/tr><tr><td class=\"member-name\" data-label=\"N\u00e9v\">Vaszin\u00e9 Dr. Szab\u00f3 Enik\u0151<\/td><td class=\"mandate-basis\" data-label=\"Megb\u00edzat\u00e1s alapja\">Foglalkoztatott<a href = \"https:\/\/semmelweis.hu\/jogigfoig\/files\/2020\/11\/193_2020_FOK_bizotts%C3%A1gok-szem%C3%A9lyi-%C3%B6sszet%C3%A9tel%C3%A9nek-m%C3%B3dos%C3%ADt%C3%A1sa.pdf\" target=\"_blank\">Megb\u00edzat\u00e1si dokumentum<\/a><\/td><td class=\"mandate-type\" data-label=\"Megb\u00edzat\u00e1s t\u00edpusa\">Tag<\/td><td class=\"start-date col-group-start\" data-label=\"Megb\u00edzat\u00e1s kezdete\">2020-10-29<\/td><td class=\"end-date col-group-end\" data-label=\"Megb\u00edzat\u00e1s v\u00e9ge\">2023-10-28<\/td><td class=\"mandate-doc\" data-label=\"Megb\u00edzat\u00e1si dokumentum\"><a href = \"https:\/\/semmelweis.hu\/jogigfoig\/files\/2020\/11\/193_2020_FOK_bizotts%C3%A1gok-szem%C3%A9lyi-%C3%B6sszet%C3%A9tel%C3%A9nek-m%C3%B3dos%C3%ADt%C3%A1sa.pdf\" target=\"_blank\">Megb\u00edzat\u00e1si dokumentum<\/a><\/td><\/tr><tr><td class=\"member-name\" data-label=\"N\u00e9v\">Kov\u00e1cs Vanda<\/td><td class=\"mandate-basis\" data-label=\"Megb\u00edzat\u00e1s alapja\">Hallgat\u00f3<a href = \"https:\/\/semmelweis.hu\/jogigfoig\/files\/2020\/11\/193_2020_FOK_bizotts%C3%A1gok-szem%C3%A9lyi-%C3%B6sszet%C3%A9tel%C3%A9nek-m%C3%B3dos%C3%ADt%C3%A1sa.pdf\" target=\"_blank\">Megb\u00edzat\u00e1si dokumentum<\/a><\/td><td class=\"mandate-type\" data-label=\"Megb\u00edzat\u00e1s t\u00edpusa\">Tag<\/td><td class=\"start-date col-group-start\" data-label=\"Megb\u00edzat\u00e1s kezdete\">2020-10-29<\/td><td class=\"end-date col-group-end\" data-label=\"Megb\u00edzat\u00e1s v\u00e9ge\">2023-10-28<\/td><td class=\"mandate-doc\" data-label=\"Megb\u00edzat\u00e1si dokumentum\"><a href = \"https:\/\/semmelweis.hu\/jogigfoig\/files\/2020\/11\/193_2020_FOK_bizotts%C3%A1gok-szem%C3%A9lyi-%C3%B6sszet%C3%A9tel%C3%A9nek-m%C3%B3dos%C3%ADt%C3%A1sa.pdf\" target=\"_blank\">Megb\u00edzat\u00e1si dokumentum<\/a><\/td><\/tr><tr><td class=\"member-name\" data-label=\"N\u00e9v\">Kapai \u00c1d\u00e1m<\/td><td class=\"mandate-basis\" data-label=\"Megb\u00edzat\u00e1s alapja\">Hallgat\u00f3<a href = \"https:\/\/semmelweis.hu\/jogigfoig\/files\/2020\/11\/193_2020_FOK_bizotts%C3%A1gok-szem%C3%A9lyi-%C3%B6sszet%C3%A9tel%C3%A9nek-m%C3%B3dos%C3%ADt%C3%A1sa.pdf\" target=\"_blank\">Megb\u00edzat\u00e1si dokumentum<\/a><\/td><td class=\"mandate-type\" data-label=\"Megb\u00edzat\u00e1s t\u00edpusa\">Tag<\/td><td class=\"start-date col-group-start\" data-label=\"Megb\u00edzat\u00e1s kezdete\">2020-10-29<\/td><td class=\"end-date col-group-end\" data-label=\"Megb\u00edzat\u00e1s v\u00e9ge\">2023-10-28<\/td><td class=\"mandate-doc\" data-label=\"Megb\u00edzat\u00e1si dokumentum\"><a href = \"https:\/\/semmelweis.hu\/jogigfoig\/files\/2020\/11\/193_2020_FOK_bizotts%C3%A1gok-szem%C3%A9lyi-%C3%B6sszet%C3%A9tel%C3%A9nek-m%C3%B3dos%C3%ADt%C3%A1sa.pdf\" target=\"_blank\">Megb\u00edzat\u00e1si dokumentum<\/a><\/td><\/tr>                    <\/tbody>\n                <\/table>\n            \n\n            \n\n            <\/div>\n<\/div><br><br>\n<div class=\"committee-tab tab-4\" id=\"a-bizottsag-ugyrendje\">\n    <h2>A bizotts\u00e1g \u00fcgyrendje<\/h2>\n    <div class=\"committee-tab-content\">\n        <div class=\"keretes w-100\">\n            <ul style=\"list-style-type: square;\">\n                <li><a href=\"https:\/\/semmelweis.hu\/fok\/files\/2021\/12\/SE-FOK-EFB-SZR.pdf\" target=\"_blank\">Etikai \u00e9s Fegyelmi Bizotts\u00e1g \u00fcgyrendje <\/a><\/li>            <\/ul>\n        <\/div>\n    <\/div>\n<\/div>\n\n<br><\/section>\n","protected":false},"excerpt":{"rendered":"","protected":false},"author":101171,"featured_media":0,"parent":867,"menu_order":0,"comment_status":"closed","ping_status":"closed","template":"template-fullwidth.php","meta":{"_acf_changed":false,"footnotes":""},"categories":[],"tags":[],"class_list":["post-205","page","type-page","status-publish","hentry"],"acf":[],"_links":{"self":[{"href":"https:\/\/semmelweis.hu\/bizottsagok\/wp-json\/wp\/v2\/pages\/205","targetHints":{"allow":["GET"]}}],"collection":[{"href":"https:\/\/semmelweis.hu\/bizottsagok\/wp-json\/wp\/v2\/pages"}],"about":[{"href":"https:\/\/semmelweis.hu\/bizottsagok\/wp-json\/wp\/v2\/types\/page"}],"author":[{"embeddable":true,"href":"https:\/\/semmelweis.hu\/bizottsagok\/wp-json\/wp\/v2\/users\/101171"}],"replies":[{"embeddable":true,"href":"https:\/\/semmelweis.hu\/bizottsagok\/wp-json\/wp\/v2\/comments?post=205"}],"version-history":[{"count":10,"href":"https:\/\/semmelweis.hu\/bizottsagok\/wp-json\/wp\/v2\/pages\/205\/revisions"}],"predecessor-version":[{"id":3028,"href":"https:\/\/semmelweis.hu\/bizottsagok\/wp-json\/wp\/v2\/pages\/205\/revisions\/3028"}],"up":[{"embeddable":true,"href":"https:\/\/semmelweis.hu\/bizottsagok\/wp-json\/wp\/v2\/pages\/867"}],"wp:attachment":[{"href":"https:\/\/semmelweis.hu\/bizottsagok\/wp-json\/wp\/v2\/media?parent=205"}],"wp:term":[{"taxonomy":"category","embeddable":true,"href":"https:\/\/semmelweis.hu\/bizottsagok\/wp-json\/wp\/v2\/categories?post=205"},{"taxonomy":"post_tag","embeddable":true,"href":"https:\/\/semmelweis.hu\/bizottsagok\/wp-json\/wp\/v2\/tags?post=205"}],"curies":[{"name":"wp","href":"https:\/\/api.w.org\/{rel}","templated":true}]}}