{"id":193,"date":"2020-11-24T00:03:56","date_gmt":"2020-11-23T23:03:56","guid":{"rendered":"https:\/\/semmelweis.hu\/bizottsagok\/?page_id=193"},"modified":"2025-09-29T13:45:47","modified_gmt":"2025-09-29T11:45:47","slug":"oktatasi-kredit-es-kreditatviteli-bizottsag","status":"publish","type":"page","link":"https:\/\/semmelweis.hu\/bizottsagok\/allando-bizottsagok\/fok-bizottsagai\/oktatasi-kredit-es-kreditatviteli-bizottsag\/","title":{"rendered":"KREDIT\u00c1TVITELI BIZOTTS\u00c1G"},"content":{"rendered":"<div class=\"responsive-tabs\">\n<h2 class=\"tabtitle\">Feladat- \u00e9s hat\u00e1sk\u00f6r<\/h2>\n<div class=\"tabcontent\">\n\n<ul>\n<li>m\u00e1s magyar egyetemen megszerzett kreditek \u00e9s m\u00e1s egyetemek kurrikulum\u00e1nak \u00e9rt\u00e9kel\u00e9se,<\/li>\n<li>a Kar kurrikulum\u00e1nak fejleszt\u00e9se, az \u00faj t\u00e1rgyak kurrikulum\u00e1nak \u00e9rt\u00e9kel\u00e9se \u00e9s a Kari Tan\u00e1csnak t\u00f6rt\u00e9n\u0151 v\u00e9lem\u00e9nyez\u00e9se,<\/li>\n<li>a t\u00e1rgyi el\u0151tanulm\u00e1nyi k\u00f6vetelm\u00e9nyek kidolgoz\u00e1sa,<\/li>\n<li>\u00e9vism\u00e9tl\u00e9s, ill. passz\u00edv f\u00e9l\u00e9v eset\u00e9n a kor\u00e1bbi kurrikulum \u00e9s t\u00e1rgyi el\u0151k\u00f6vetelm\u00e9nyek \u00e9rt\u00e9kel\u00e9se v\u00e9lem\u00e9nyez\u00e9se \u00e9s a v\u00e9lem\u00e9ny tov\u00e1bb\u00edt\u00e1sa a Tanulm\u00e1nyi \u00e9s Vizsga Bizotts\u00e1gnak,<\/li>\n<li>karok, int\u00e9zm\u00e9nyek k\u00f6z\u00f6tti \u00e1tv\u00e9tel v\u00e9lem\u00e9nyez\u00e9se \u00e9s a v\u00e9lem\u00e9ny tov\u00e1bb\u00edt\u00e1sa a Tanulm\u00e1nyi \u00e9s Vizsga Bizotts\u00e1gnak,<\/li>\n<li>egy\u00e9b tanulm\u00e1nyi \u00fcgyekben elj\u00e1r\u00e1s<\/li>\n<li>egy\u00e9b jogszab\u00e1lyban, egyetemi, kari szab\u00e1lyzatban neves\u00edtett feldatk\u00f6r\u00f6k ell\u00e1t\u00e1sa<\/li>\n<\/ul>\n\n<\/div><h2 class=\"tabtitle\">Tagjai<\/h2>\n<div class=\"tabcontent\">\n\n<p><strong><em>Kapcsolattart\u00f3: <\/em><\/strong><em>Dr. Gera Istv\u00e1n Professor Emeritus<\/em><br \/>\n<strong><em>Email: <\/em><\/strong><em>gera.istvan@dent.semmelweis-univ.hu\u00a0<\/em><\/p>\n    \r\n    <div id=\"peopleContainer\" style=\"text-align:center;\">\r\n    <input type=\"hidden\" name=\"cimkek\" id=\"cimkek\" value=\"Vezet\u00e9kn\u00e9v,Ut\u00f3n\u00e9v,Megb\u00edzat\u00e1s alapja,Megb\u00edzat\u00e1s t\u00edpusa,Megb\u00edzat\u00e1s kezdete,Megb\u00edzat\u00e1s v\u00e9ge,Megb\u00edzat\u00e1si dokumentum,Megsz\u0171n\u00e9s oka,Megsz\u0171n\u00e9s d\u00e1tuma\">\r\n    <input type=\"hidden\" name=\"kihagy_aktiv\" id=\"kihagy_aktiv\" value=\"Megsz\u0171n\u00e9s oka||megszunes_oka,Megsz\u0171n\u00e9s d\u00e1tuma||megszunes_datuma\">\r\n    <input type=\"hidden\" name=\"kihagy_archiv\" id=\"kihagy_archiv\" value=\"\">\r\n    <div id=\"aktivTagokContainer\" style=\"overflow:auto;\">\r\n        <table>\r\n        <thead style=\"text-align:center;\">\r\n            <th>Vezet\u00e9kn\u00e9v<\/th><th>Ut\u00f3n\u00e9v<\/th><th>Megb\u00edzat\u00e1s alapja<\/th><th>Megb\u00edzat\u00e1s t\u00edpusa<\/th><th>Megb\u00edzat\u00e1s kezdete<\/th><th>Megb\u00edzat\u00e1s v\u00e9ge<\/th><th>Megb\u00edzat\u00e1si dokumentum<\/th>        <\/thead>\r\n        <tbody>\r\n        <tr><td>Dr. D\u0151ri<\/td><td> Ferenc<\/td><td>Foglalkoztatott\/ Employee\/ Besch\u00e4ftigte(r)<\/td><td>Eln\u00f6k\/ Chairperson\/ Vorsitzender<\/td><td>2020-10-29<\/td><td>2020-10-28<\/td><td><a href=\"https:\/\/semmelweis.hu\/jogigfoig\/files\/2020\/11\/193_2020_FOK_bizotts%C3%A1gok-szem%C3%A9lyi-%C3%B6sszet%C3%A9tel%C3%A9nek-m%C3%B3dos%C3%ADt%C3%A1sa.pdf\">Megb\u00edzat\u00e1si dokumentum\/ Mandate document\/ Mandatsdokument<\/a><\/td><\/tr><tr><td>Dr. Jo\u00f3b Fancsaly<\/td><td> \u00c1rp\u00e1d<\/td><td>Foglalkoztatott\/ Employee\/ Besch\u00e4ftigte(r)<\/td><td>Tag\/ Member\/ Mitglied<\/td><td>2020-10-29<\/td><td>2020-10-28<\/td><td><a href=\"https:\/\/semmelweis.hu\/jogigfoig\/files\/2020\/11\/193_2020_FOK_bizotts%C3%A1gok-szem%C3%A9lyi-%C3%B6sszet%C3%A9tel%C3%A9nek-m%C3%B3dos%C3%ADt%C3%A1sa.pdf\">Megb\u00edzat\u00e1si dokumentum\/ Mandate document\/ Mandatsdokument<\/a><\/td><\/tr><tr><td>Dr. Bartha <\/td><td>K\u00e1roly<\/td><td>Foglalkoztatott\/ Employee\/ Besch\u00e4ftigte(r)<\/td><td>Tag\/ Member\/ Mitglied<\/td><td>2020-10-29<\/td><td>2023-10-28<\/td><td><a href=\"https:\/\/semmelweis.hu\/jogigfoig\/files\/2020\/11\/193_2020_FOK_bizotts%C3%A1gok-szem%C3%A9lyi-%C3%B6sszet%C3%A9tel%C3%A9nek-m%C3%B3dos%C3%ADt%C3%A1sa.pdf\">Megb\u00edzat\u00e1si dokumentum\/ Mandate document\/ Mandatsdokument<\/a><\/td><\/tr>        \r\n        \r\n        <\/tbody>\r\n        <\/table>\r\n        <\/div>\r\n\r\n    <div id=\"archivTagokContainer\" style=\"overflow:auto;\">\r\n            <div class=\"exp-col-content-holder\" style=\"border: none;\">\r\n        <a class=\"expand-cnt-link ecf_closed\" href=\"#\">Arch\u00edv<\/a>\r\n        <div class=\"hidden-content\" style=\"display: none;\">\r\n                <table>\r\n            <thead style=\"text-align:center;\">\r\n                <th>Vezet\u00e9kn\u00e9v<\/th><th>Ut\u00f3n\u00e9v<\/th><th>Megb\u00edzat\u00e1s alapja<\/th><th>Megb\u00edzat\u00e1s t\u00edpusa<\/th><th>Megb\u00edzat\u00e1s kezdete<\/th><th>Megb\u00edzat\u00e1s v\u00e9ge<\/th><th>Megb\u00edzat\u00e1si dokumentum<\/th><th>Megsz\u0171n\u00e9s oka<\/th><th>Megsz\u0171n\u00e9s d\u00e1tuma<\/th>            <\/thead>\r\n            <tbody>\r\n            <tr><td>R\u00e9v\u00e9sz <\/td><td>S\u00e1ra<\/td><td>Hallgat\u00f3i jogviszony\/ Student status\/ Studierendenrechtsverh\u00e4ltnis<\/td><td>Tag\/ Member\/ Mitglied<\/td><td>2020-10-29<\/td><td>2023-10-28<\/td><td><a href=\"https:\/\/semmelweis.hu\/jogigfoig\/files\/2020\/11\/193_2020_FOK_bizotts%C3%A1gok-szem%C3%A9lyi-%C3%B6sszet%C3%A9tel%C3%A9nek-m%C3%B3dos%C3%ADt%C3%A1sa.pdf\">Megb\u00edzat\u00e1si dokumentum\/ Mandate document\/ Mandatsdokument<\/a><\/td><td>  <\/td><td>  <\/td><\/tr><tr><td>Somodi<\/td><td>Krist\u00f3f<\/td><td>Hallgat\u00f3i jogviszony\/ Student status\/ Studierendenrechtsverh\u00e4ltnis<\/td><td>Tag\/ Member\/ Mitglied<\/td><td>2020-10-29<\/td><td>2023-10-28<\/td><td><a href=\"https:\/\/semmelweis.hu\/jogigfoig\/files\/2020\/11\/193_2020_FOK_bizotts%C3%A1gok-szem%C3%A9lyi-%C3%B6sszet%C3%A9tel%C3%A9nek-m%C3%B3dos%C3%ADt%C3%A1sa.pdf\">Megb\u00edzat\u00e1si dokumentum\/ Mandate document\/ Mandatsdokument<\/a><\/td><td>  <\/td><td>  <\/td><\/tr>            <\/tbody>\r\n            <\/table>\r\n        <\/div>\r\n        <\/div>\r\n    <\/div>\r\n    <\/div>\r\n    \n\n<\/div><h2 class=\"tabtitle\">\u00dcgyrend<\/h2>\n<div class=\"tabcontent\">\n\n<p><a href=\"https:\/\/semmelweis.hu\/fok\/files\/2021\/12\/SE-FOK-KB-SZR.pdf\">Kredit\u00e1tviteli Bizotts\u00e1g \u00fcgyrendje\u00a0<\/a><\/p>\n\n<\/div><h2 class=\"tabtitle\">\u00c9ves besz\u00e1mol\u00f3<\/h2>\n<div class=\"tabcontent\">\n\n<p><a href=\"https:\/\/semmelweis.hu\/fok\/files\/2022\/07\/17_2022_a-Szenatus-altal-letrehozott-karokon-mukodo-allando-bizottsagok-munkajarol-szolo-beszamolok-elfogadasarol.pdf\"><em>A Semmelweis Egyetem Szen\u00e1tus\u00e1nak (17\/2022. III.28.) sz\u00e1m\u00fa hat\u00e1rozata Besz\u00e1mol\u00f3 a Szen\u00e1tus \u00e1ltal l\u00e9trehozott, (Tanulm\u00e1nyi \u00e9s Vizsga Bizotts\u00e1g, Kredit\u00e1tviteli Bizotts\u00e1g, Etikai \u00e9s Fegyelmi Bizotts\u00e1g, a Pet\u0151 Andr\u00e1s Kar tekintet\u00e9ben tov\u00e1bbi k\u00e9t bizotts\u00e1g a Gyakorlati K\u00e9pz\u00e9si Bizotts\u00e1g \u00e9s a Kiad\u00f3i \u00e9s K\u00f6nyvt\u00e1r Bizotts\u00e1g) karokon m\u0171k\u00f6d\u0151 \u00e1lland\u00f3 bizotts\u00e1gok munk\u00e1j\u00e1r\u00f3l<\/em><\/a><\/p>\n<p><a href=\"https:\/\/semmelweis.hu\/fok\/files\/2022\/07\/FOK_OKB.pdf\">Kredit\u00e1tviteli Bizotts\u00e1g 2021 \u00e9vr\u0151l sz\u00f3l\u00f3 besz\u00e1mol\u00f3ja<\/a><\/p>\n<p>&nbsp;<\/p>\n<p><a href=\"https:\/\/semmelweis.hu\/fok\/files\/2021\/03\/Szen\u00e1tusi-hat.-16_2021_karokon-m\u0171k\u00f6d\u0151-\u00e1lland\u00f3-bizotts\u00e1gok_besz\u00e1mol\u00f3.pdf\">A Semmelweis Egyetem Szen\u00e1tus\u00e1nak 16\/2020. II.25.) sz\u00e1m\u00fa hat\u00e1rozata Besz\u00e1mol\u00f3 a Szen\u00e1tus \u00e1ltal l\u00e9trehozott, <em>(Tanulm\u00e1nyi \u00e9s Vizsga Bizotts\u00e1g, Kredit\u00e1tviteli Bizotts\u00e1g, Etikai \u00e9s Fegyelmi Bizotts\u00e1g, a Pet\u0151 Andr\u00e1s Kar tekintet\u00e9ben tov\u00e1bbi k\u00e9t bizotts\u00e1g a Gyakorlati K\u00e9pz\u00e9si Bizotts\u00e1g \u00e9s a Kiad\u00f3i \u00e9s K\u00f6nyvt\u00e1r Bizotts\u00e1g)<\/em>\u00a0karokon m\u0171k\u00f6d\u0151 \u00e1lland\u00f3 bizotts\u00e1gok munk\u00e1j\u00e1r\u00f3l<\/a><\/p>\n<p><a href=\"https:\/\/semmelweis.hu\/fok\/files\/2021\/03\/OKB.pdf\">Oktat\u00e1si, Kredit \u00e9s Kredit\u00e1tviteli Bizotts\u00e1g 2020 \u00e9vr\u0151l sz\u00f3l\u00f3 besz\u00e1mol\u00f3ja<\/a><\/p>\n<p><a href=\"https:\/\/semmelweis.hu\/jogigfoig\/files\/2020\/05\/68_2020_Besz%C3%A1mol%C3%B3-a-kari-bizotts%C3%A1gok-munk%C3%A1j%C3%A1r%C3%B3l.pdf\">A Semmelweis Egyetem Szen\u00e1tus\u00e1nak 68\/2020 (V.5) sz\u00e1m\u00fa hat\u00e1rozata Besz\u00e1mol\u00f3 a Szen\u00e1tus \u00e1ltal l\u00e9trehozott, (Tanulm\u00e1nyi \u00e9s Vizsga Bizotts\u00e1g, Kredit\u00e1tviteli Bizotts\u00e1g, Etikai \u00e9s Fegyelmi Bizotts\u00e1g, a Pet\u0151 Andr\u00e1s Kar tekintet\u00e9ben tov\u00e1bbi k\u00e9t bizotts\u00e1g a Gyakorlati K\u00e9pz\u00e9si Bizotts\u00e1g \u00e9s a Kiad\u00f3i \u00e9s K\u00f6nyvt\u00e1r Bizotts\u00e1g) karokon m\u0171k\u00f6d\u0151 \u00e1lland\u00f3 bizotts\u00e1gok munk\u00e1j\u00e1r\u00f3l<\/a><\/p>\n<p><a href=\"https:\/\/semmelweis.hu\/bizottsagok\/files\/2020\/12\/2019-Oktat\u00e1si-Kredit-\u00e9s-Kredit\u00e1tviteli-Bizotts\u00e1g.pdf\">Oktat\u00e1si, Kredit \u00e9s Kredit\u00e1tviteli Bizotts\u00e1g 2019 \u00e9vr\u0151l sz\u00f3l\u00f3 besz\u00e1mol\u00f3ja<\/a><\/p>\n<\/div><\/div>\n","protected":false},"excerpt":{"rendered":"<p>m\u00e1s magyar egyetemen megszerzett kreditek \u00e9s m\u00e1s egyetemek kurrikulum\u00e1nak \u00e9rt\u00e9kel\u00e9se, a Kar kurrikulum\u00e1nak fejleszt\u00e9se, az \u00faj t\u00e1rgyak kurrikulum\u00e1nak \u00e9rt\u00e9kel\u00e9se \u00e9s a Kari Tan\u00e1csnak t\u00f6rt\u00e9n\u0151 v\u00e9lem\u00e9nyez\u00e9se, a t\u00e1rgyi el\u0151tanulm\u00e1nyi k\u00f6vetelm\u00e9nyek kidolgoz\u00e1sa, \u00e9vism\u00e9tl\u00e9s, ill. passz\u00edv f\u00e9l\u00e9v eset\u00e9n a kor\u00e1bbi kurrikulum \u00e9s t\u00e1rgyi el\u0151k\u00f6vetelm\u00e9nyek \u00e9rt\u00e9kel\u00e9se v\u00e9lem\u00e9nyez\u00e9se \u00e9s a v\u00e9lem\u00e9ny tov\u00e1bb\u00edt\u00e1sa a Tanulm\u00e1nyi \u00e9s Vizsga Bizotts\u00e1gnak, karok, int\u00e9zm\u00e9nyek k\u00f6z\u00f6tti &hellip;<\/p>\n","protected":false},"author":101171,"featured_media":0,"parent":867,"menu_order":0,"comment_status":"closed","ping_status":"closed","template":"template-fullwidth.php","meta":{"_acf_changed":false,"footnotes":""},"categories":[],"tags":[],"class_list":["post-193","page","type-page","status-publish","hentry"],"acf":[],"_links":{"self":[{"href":"https:\/\/semmelweis.hu\/bizottsagok\/wp-json\/wp\/v2\/pages\/193","targetHints":{"allow":["GET"]}}],"collection":[{"href":"https:\/\/semmelweis.hu\/bizottsagok\/wp-json\/wp\/v2\/pages"}],"about":[{"href":"https:\/\/semmelweis.hu\/bizottsagok\/wp-json\/wp\/v2\/types\/page"}],"author":[{"embeddable":true,"href":"https:\/\/semmelweis.hu\/bizottsagok\/wp-json\/wp\/v2\/users\/101171"}],"replies":[{"embeddable":true,"href":"https:\/\/semmelweis.hu\/bizottsagok\/wp-json\/wp\/v2\/comments?post=193"}],"version-history":[{"count":10,"href":"https:\/\/semmelweis.hu\/bizottsagok\/wp-json\/wp\/v2\/pages\/193\/revisions"}],"predecessor-version":[{"id":2134,"href":"https:\/\/semmelweis.hu\/bizottsagok\/wp-json\/wp\/v2\/pages\/193\/revisions\/2134"}],"up":[{"embeddable":true,"href":"https:\/\/semmelweis.hu\/bizottsagok\/wp-json\/wp\/v2\/pages\/867"}],"wp:attachment":[{"href":"https:\/\/semmelweis.hu\/bizottsagok\/wp-json\/wp\/v2\/media?parent=193"}],"wp:term":[{"taxonomy":"category","embeddable":true,"href":"https:\/\/semmelweis.hu\/bizottsagok\/wp-json\/wp\/v2\/categories?post=193"},{"taxonomy":"post_tag","embeddable":true,"href":"https:\/\/semmelweis.hu\/bizottsagok\/wp-json\/wp\/v2\/tags?post=193"}],"curies":[{"name":"wp","href":"https:\/\/api.w.org\/{rel}","templated":true}]}}