{"id":1922,"date":"2021-05-31T14:41:41","date_gmt":"2021-05-31T12:41:41","guid":{"rendered":"https:\/\/semmelweis.hu\/bizottsagok\/?page_id=1922"},"modified":"2021-05-31T14:41:41","modified_gmt":"2021-05-31T12:41:41","slug":"qulitaetssicherungsrat","status":"publish","type":"page","link":"https:\/\/semmelweis.hu\/bizottsagok\/de\/feste-kimissionen\/komissionen-mit-universitaetskompetenz\/qulitaetssicherungsrat\/","title":{"rendered":"QULIT\u00c4TSSICHERUNGSRAT"},"content":{"rendered":"<div class=\"responsive-tabs\">\n<h2 class=\"tabtitle\">Aufgaben- und Kompetenzbereich<\/h2>\n<div class=\"tabcontent\">\n\n<p>Die Aufgabe des Qualit\u00e4tssicherungsrates ist die Durchf\u00fchrung von F\u00fchrungsaudits und die Veranlassung von Korrektur- und Vorbeugungsma\u00dfnahmen.<\/p>\n\n<\/div><h2 class=\"tabtitle\">Mitglieder<\/h2>\n<div class=\"tabcontent\">\n\n<p>Der Qualit\u00e4tssicherungsrat besteht aus Mitgliedern mit Stimmrecht und st\u00e4ndigen Mitgliedern und eingeladenen Experten.<\/p>\n<table class=\"tablepress tablepress-id-174\">\n<thead>\n<tr class=\"row-1 odd\" style=\"height: 18px\">\n<th class=\"column-1\" style=\"height: 18px;width: 35.545%;text-align: left\">Mitglieder<\/th>\n<th style=\"width: 64.297%;text-align: left;height: 18px\">Zur Mitgliedschaft notwendige Position<\/th>\n<\/tr>\n<\/thead>\n<tbody>\n<tr style=\"height: 48px\">\n<td style=\"width: 35.545%;height: 48px\">Pr\u00e4sident:<\/td>\n<td style=\"width: 64.297%;height: 48px\">Rektor<\/td>\n<\/tr>\n<tr style=\"height: 48px\">\n<td style=\"height: 48px;width: 35.545%\">Mitglieder:<\/td>\n<td style=\"height: 48px;width: 64.297%\">Kanzler<\/td>\n<\/tr>\n<tr style=\"height: 29px\">\n<td style=\"width: 35.545%;height: 29px\"><strong><em>\u00a0<\/em><\/strong><\/td>\n<td style=\"width: 64.297%;height: 29px\">Allgemeiner Vizerektor<\/td>\n<\/tr>\n<tr style=\"height: 29px\">\n<td style=\"width: 35.545%;height: 29px\"><strong><em>\u00a0<\/em><\/strong><\/td>\n<td style=\"width: 64.297%;height: 29px\">Vizerektor f\u00fcr Studium und Lehre<\/td>\n<\/tr>\n<tr style=\"height: 29px\">\n<td style=\"width: 35.545%;height: 29px\"><strong><em>\u00a0<\/em><\/strong><\/td>\n<td style=\"width: 64.297%;height: 29px\">Vizerektor f\u00fcr Wissenschaft und Innnovation<\/td>\n<\/tr>\n<tr style=\"height: 29px\">\n<td style=\"width: 35.545%;height: 29px\"><strong><em>\u00a0<\/em><\/strong><\/td>\n<td style=\"width: 64.297%;height: 29px\">Vizerektor f\u00fcr klinische Angelegenheiten<\/td>\n<\/tr>\n<tr style=\"height: 29px\">\n<td style=\"width: 35.545%;height: 29px\"><strong><em>\u00a0<\/em><\/strong><\/td>\n<td style=\"width: 64.297%;height: 29px\">Vizerektor f\u00fcr Strategie und Entwicklung<\/td>\n<\/tr>\n<tr style=\"height: 29px\">\n<td style=\"width: 35.545%;height: 29px\"><strong><em>\u00a0<\/em><\/strong><\/td>\n<td style=\"width: 64.297%;height: 29px\">Vizerektor f\u00fcr internationales Studium<\/td>\n<\/tr>\n<tr style=\"height: 29px\">\n<td style=\"width: 35.545%;height: 29px\"><strong><em>\u00a0<\/em><\/strong><\/td>\n<td style=\"width: 64.297%;height: 29px\">Dekan der Fakult\u00e4t f\u00fcr Allgemeinmedizin<\/td>\n<\/tr>\n<tr style=\"height: 47px\">\n<td style=\"height: 47px;width: 35.545%\">\u00a0<\/td>\n<td style=\"height: 47px;width: 64.297%\">Dekan der Fakult\u00e4t f\u00fcr Zahlheilkunde<\/td>\n<\/tr>\n<tr style=\"height: 48px\">\n<td style=\"height: 48px;width: 35.545%\">\u00a0<\/td>\n<td style=\"height: 48px;width: 64.297%\">Dekan der Fakult\u00e4t f\u00fcr Pharmazie<\/td>\n<\/tr>\n<tr style=\"height: 52px\">\n<td style=\"height: 52px;width: 35.545%\">\u00a0<\/td>\n<td style=\"height: 52px;width: 64.297%\">Dekan der Fakult\u00e4t f\u00fcr Gesundheitswissenschaften<\/td>\n<\/tr>\n<tr style=\"height: 50px\">\n<td style=\"height: 50px;width: 35.545%\">\u00a0<\/td>\n<td style=\"height: 50px;width: 64.297%\">Dekan der Fakult\u00e4t f\u00fcr \u00f6ffentliche Dienste im Gesundheitswesen<\/td>\n<\/tr>\n<tr style=\"height: 29px\">\n<td style=\"width: 35.545%;height: 29px\">\u00a0<\/td>\n<td style=\"width: 64.297%;height: 29px\">Dekan der Pet\u0151 Andr\u00e1s Fakult\u00e4t<\/td>\n<\/tr>\n<tr style=\"height: 48px\">\n<td style=\"height: 48px;width: 35.545%\">\u00a0<\/td>\n<td style=\"height: 48px;width: 64.297%\">Pr\u00e4sident des Doktorenrates<\/td>\n<\/tr>\n<tr style=\"height: 29px\">\n<td style=\"width: 35.545%;height: 29px\">\u00a0<\/td>\n<td style=\"width: 64.297%;height: 29px\">Pr\u00e4sident des Klinischen Zentrums (wenn der Vizerektor f\u00fcr klinische Angelegenheiten eine andere Person ist)<\/td>\n<\/tr>\n<tr style=\"height: 48px\">\n<td style=\"height: 48px;width: 35.545%\">\u00a0<\/td>\n<td style=\"height: 48px;width: 64.297%\">Generaldirektor f\u00fcr Medizin<\/td>\n<\/tr>\n<tr style=\"height: 48px\">\n<td style=\"height: 48px;width: 35.545%\">\u00a0<\/td>\n<td style=\"height: 48px;width: 64.297%\">Generaldirektor f\u00fcr Wirtschaftsangelegenheiten<\/td>\n<\/tr>\n<tr style=\"height: 48px\">\n<td style=\"height: 48px;width: 35.545%\">\u00a0<\/td>\n<td style=\"height: 48px;width: 64.297%\">Generaldirektor f\u00fcr Humanressourcen<\/td>\n<\/tr>\n<tr style=\"height: 48px\">\n<td style=\"height: 48px;width: 35.545%\">\u00a0<\/td>\n<td style=\"height: 48px;width: 64.297%\">Generaldirektor f\u00fcr technische Angelegenheiten<\/td>\n<\/tr>\n<tr style=\"height: 48px\">\n<td style=\"height: 48px;width: 35.545%\">\u00a0<\/td>\n<td style=\"height: 48px;width: 64.297%\">Generaldirektor f\u00fcr Rechtliche und Administrative Angelegenheiten<\/td>\n<\/tr>\n<tr style=\"height: 48px\">\n<td style=\"height: 48px;width: 35.545%\">\u00a0<\/td>\n<td style=\"height: 48px;width: 64.297%\">Leiter f\u00fcr Qualit\u00e4tssicherung<\/td>\n<\/tr>\n<tr style=\"height: 24px\">\n<td style=\"width: 35.545%;height: 24px\">\u00a0<\/td>\n<td style=\"width: 64.297%;height: 24px\">Leiter f\u00fcr Energetik<\/td>\n<\/tr>\n<tr style=\"height: 48px\">\n<td style=\"height: 48px;width: 35.545%\">\u00a0<\/td>\n<td style=\"height: 48px;width: 64.297%\">Pflegedirektor des Klinischen Zentrums<\/td>\n<\/tr>\n<tr style=\"height: 48px\">\n<td style=\"height: 48px;width: 35.545%\">\u00a0<\/td>\n<td style=\"height: 48px;width: 64.297%\">\u00a0<\/td>\n<\/tr>\n<tr style=\"height: 48px\">\n<td style=\"height: 48px;width: 35.545%\">St\u00e4ndige Eingeladene:<\/td>\n<td style=\"height: 48px;width: 64.297%\">Patientenvertreter<\/td>\n<\/tr>\n<tr style=\"height: 48px\">\n<td style=\"height: 48px;width: 35.545%\">\u00a0<\/td>\n<td style=\"height: 48px;width: 64.297%\">Chefarzt f\u00fcr Krankenhaushygiene<\/td>\n<\/tr>\n<tr style=\"height: 48px\">\n<td style=\"height: 48px;width: 35.545%\">\u00a0<\/td>\n<td style=\"height: 48px;width: 64.297%\">Pr\u00e4sident der Studentischen Selbstverwaltung der Universit\u00e4t<\/td>\n<\/tr>\n<tr>\n<td style=\"width: 35.545%\">\u00a0<\/td>\n<td style=\"width: 64.297%\">Pr\u00e4sident der Doktorandenselbstverwaltung<\/td>\n<\/tr>\n<tr>\n<td style=\"width: 35.545%\">\u00a0<\/td>\n<td style=\"width: 64.297%\">\u00a0<\/td>\n<\/tr>\n<tr style=\"height: 48px\">\n<td style=\"height: 48px;width: 35.545%\">Eingeladene Experte:<\/td>\n<td style=\"height: 48px;width: 64.297%\">Vom Rektor eingeladene externe Mitglieder, Sachverst\u00e4ndige<\/td>\n<\/tr>\n<\/tbody>\n<\/table>\n<p>&nbsp;<\/p>\n\n<\/div><h2 class=\"tabtitle\">Gesch\u00e4ftsordnung<\/h2>\n<div class=\"tabcontent\">\n\n<p><a href=\"https:\/\/semmelweis.hu\/bizottsagok\/files\/2021\/05\/4_2021_mell\u00e9klet_MT-\u00fcgyrend.pdf\">Die Gesch\u00e4ftsordnung des Qualit\u00e4tssicherungsrates<\/a><\/p>\n<p><a href=\"https:\/\/semmelweis.hu\/jogigfoig\/files\/2021\/02\/4_2021_a-Min%C5%91s%C3%A9gfejleszt%C3%A9si-Tan%C3%A1cs-%C3%BCgyrendj%C3%A9nek-elfogad%C3%A1s%C3%A1r%C3%B3l.pdf\">Der Beschluss des Senats der Semmelweis Universit\u00e4t Nr. 4\/2021. (I.28.) \u00fcber die Gesch\u00e4ftsordnung des Qualit\u00e4tssicherungsrates<\/a><\/p>\n<p><a href=\"https:\/\/semmelweis.hu\/jogigfoig\/files\/2021\/02\/4_2021_mell%C3%A9klet_MT-%C3%BCgyrend.pdf\">Der Beschluss des Senats der Semmelweis Universit\u00e4t Nr. 4\/2021. (I.28.) \u00fcber die Gesch\u00e4ftsordnung des Qualit\u00e4tssicherungsrates \u2013 Anlagen Nr. 1<\/a><\/p>\n<\/div><\/div>\n","protected":false},"excerpt":{"rendered":"<p>\u00a0 \u00a0 \u00a0 \u00a0 \u00a0 Die Aufgabe des Qualit\u00e4tssicherungsrates ist die Durchf\u00fchrung von F\u00fchrungsaudits und die Veranlassung von Korrektur- und Vorbeugungsma\u00dfnahmen. Der Qualit\u00e4tssicherungsrat besteht aus Mitgliedern mit Stimmrecht und st\u00e4ndigen Mitgliedern und eingeladenen Experten. Mitglieder Zur Mitgliedschaft notwendige Position Pr\u00e4sident: Rektor Mitglieder: Kanzler \u00a0 Allgemeiner Vizerektor \u00a0 Vizerektor f\u00fcr Studium und Lehre \u00a0 Vizerektor f\u00fcr &hellip;<\/p>\n","protected":false},"author":101859,"featured_media":0,"parent":1260,"menu_order":0,"comment_status":"closed","ping_status":"closed","template":"","meta":{"_acf_changed":false,"footnotes":""},"categories":[],"tags":[],"class_list":["post-1922","page","type-page","status-publish","hentry"],"acf":[],"_links":{"self":[{"href":"https:\/\/semmelweis.hu\/bizottsagok\/wp-json\/wp\/v2\/pages\/1922","targetHints":{"allow":["GET"]}}],"collection":[{"href":"https:\/\/semmelweis.hu\/bizottsagok\/wp-json\/wp\/v2\/pages"}],"about":[{"href":"https:\/\/semmelweis.hu\/bizottsagok\/wp-json\/wp\/v2\/types\/page"}],"author":[{"embeddable":true,"href":"https:\/\/semmelweis.hu\/bizottsagok\/wp-json\/wp\/v2\/users\/101859"}],"replies":[{"embeddable":true,"href":"https:\/\/semmelweis.hu\/bizottsagok\/wp-json\/wp\/v2\/comments?post=1922"}],"version-history":[{"count":1,"href":"https:\/\/semmelweis.hu\/bizottsagok\/wp-json\/wp\/v2\/pages\/1922\/revisions"}],"predecessor-version":[{"id":1923,"href":"https:\/\/semmelweis.hu\/bizottsagok\/wp-json\/wp\/v2\/pages\/1922\/revisions\/1923"}],"up":[{"embeddable":true,"href":"https:\/\/semmelweis.hu\/bizottsagok\/wp-json\/wp\/v2\/pages\/1260"}],"wp:attachment":[{"href":"https:\/\/semmelweis.hu\/bizottsagok\/wp-json\/wp\/v2\/media?parent=1922"}],"wp:term":[{"taxonomy":"category","embeddable":true,"href":"https:\/\/semmelweis.hu\/bizottsagok\/wp-json\/wp\/v2\/categories?post=1922"},{"taxonomy":"post_tag","embeddable":true,"href":"https:\/\/semmelweis.hu\/bizottsagok\/wp-json\/wp\/v2\/tags?post=1922"}],"curies":[{"name":"wp","href":"https:\/\/api.w.org\/{rel}","templated":true}]}}