{"id":1916,"date":"2021-05-31T14:41:36","date_gmt":"2021-05-31T12:41:36","guid":{"rendered":"https:\/\/semmelweis.hu\/bizottsagok\/?page_id=1916"},"modified":"2026-04-29T16:21:08","modified_gmt":"2026-04-29T14:21:08","slug":"quality-improvement-board","status":"publish","type":"page","link":"https:\/\/semmelweis.hu\/bizottsagok\/en\/constant-committees\/committees-with-university-competence\/quality-improvement-board\/","title":{"rendered":"QUALITY IMPROVEMENT BOARD"},"content":{"rendered":"<section class=\"committee lang-en\"><div class=\"keretes w-100\"><ul style=\"list-style-type: square;\"><li><a href=\"#feladat-es-hataskor\">Feladat- \u00e9s hat\u00e1sk\u00f6r<\/a><\/li><li><a href=\"#a-bizottsag-tagjai\">A bizotts\u00e1g tagjai<\/a><\/li><li><a href=\"#a-bizottsag-ugyrendje\">A bizotts\u00e1g \u00fcgyrendje<\/a><\/li><\/ul><\/div>\n\n\n<div class=\"committee-tab tab-1\" id=\"feladat-es-hataskor\">\n    <h2>Feladat- \u00e9s hat\u00e1sk\u00f6r<\/h2>\n    <div class=\"committee-tab-content\">\n        <p>Quality Improvement Board is in charge of conducting management audits and proposing corrective and preventive activities.<\/p>\n    <\/div>\n<\/div><br>\n\n\n<div class=\"committee-tab tab-2\" id=\"a-bizottsag-tagjai\">\n    <h2>A bizotts\u00e1g tagjai<\/h2>\n    <div class=\"committee-tab-content\">\n                    <p>The Quality Improvement Board has permanent voting members and invited expert members.<\/p>\n<p><strong>Chair:<\/strong><\/p>\n<ul>\n<li>Rector<\/li>\n<\/ul>\n<p><strong>Members:<\/strong><\/p>\n<ul>\n<li>Chancellor<strong><em>\u00a0<\/em><\/strong><\/li>\n<li>General Vice-Rector<strong><em>\u00a0<\/em><\/strong><\/li>\n<li>Vice-Rector for Educational Affairs<strong><em>\u00a0<\/em><\/strong><\/li>\n<li>Vice-Rector for Science and Innovation<strong><em>\u00a0<\/em><\/strong><\/li>\n<li>Vice-Rector for Clinical Affairs<strong><em>\u00a0<\/em><\/strong><\/li>\n<li>Vice-Rector for Strategy and Development<strong><em>\u00a0<\/em><\/strong><\/li>\n<li>Vice-Rector for International Studies<strong><em>\u00a0<\/em><\/strong><\/li>\n<li>Dean of the Faculty of General Medicine<\/li>\n<li>Dean of the Faculty of Dentistry<\/li>\n<li>Dean of the Faculty of Pharmacological Sciences<\/li>\n<li>Dean of the Faculty of Health Sciences<\/li>\n<li>Faculty of Faculty of Health and Public Administration<\/li>\n<li>Dean of the Andr\u00e1s Pet\u0151 Faculty<\/li>\n<li>President of the Doctoral Council<\/li>\n<li>President of the Clinical Centre (if other than the Vice-Rector for Clinical Affairs)<\/li>\n<li>Director General for Medical Affairs<\/li>\n<li>Finance Director General<\/li>\n<li>Director General for Human Resources<\/li>\n<li>Director General for Technical Affairs<\/li>\n<li>Director General for Legal and Administrative Affairs<\/li>\n<li>Director for Quality Improvement<\/li>\n<li>General manager \/ executive director<\/li>\n<li>Director for Patient Care at the Clinical Centre<\/li>\n<\/ul>\n<p><strong>Permanent invitees:<\/strong><\/p>\n<ul>\n<li>Patients\u2019 rights representative<\/li>\n<li>Head physician for hospital hygiene<\/li>\n<li>President of the University Student Self-Government<\/li>\n<li>President of the PhD Students\u2019 Self-Government<\/li>\n<\/ul>\n<p><strong>Expert invitees:<\/strong><\/p>\n<ul>\n<li>External members and experts invited by the Rector<\/li>\n<\/ul>\n            <\/div>\n<\/div><br><br>\n<div class=\"committee-tab tab-4\" id=\"a-bizottsag-ugyrendje\">\n    <h2>A bizotts\u00e1g \u00fcgyrendje<\/h2>\n    <div class=\"committee-tab-content\">\n        <div class=\"keretes w-100\">\n            <ul style=\"list-style-type: square;\">\n                <li><a href=\"https:\/\/semmelweis.hu\/bizottsagok\/files\/2021\/05\/4_2021_mell%C3%A9klet_MT-%C3%BCgyrend.pdf\" target=\"_blank\">Procedures of the Quality Improvement Board<\/a><\/li><li><a href=\"https:\/\/semmelweis.hu\/jogigfoig\/files\/2021\/02\/4_2021_a-Min%C5%91s%C3%A9gfejleszt%C3%A9si-Tan%C3%A1cs-%C3%BCgyrendj%C3%A9nek-elfogad%C3%A1s%C3%A1r%C3%B3l.pdf\" target=\"_blank\">Decision 4\/2021. (I. 28.) of the Senate of Semmelweis University on the procedural rules of the Quality Improvement Board<\/a><\/li><li><a href=\"https:\/\/semmelweis.hu\/jogigfoig\/files\/2021\/02\/4_2021_mell%C3%A9klet_MT-%C3%BCgyrend.pdf\" target=\"_blank\">Decision 4\/2021. (I. 28.) of the Senate of Semmelweis University on the procedural rules of the Quality Improvement Board \u2013 Annex 1<\/a><\/li>            <\/ul>\n        <\/div>\n    <\/div>\n<\/div>\n\n<br><\/section>\n","protected":false},"excerpt":{"rendered":"","protected":false},"author":101859,"featured_media":0,"parent":1094,"menu_order":0,"comment_status":"closed","ping_status":"closed","template":"template-fullwidth.php","meta":{"_acf_changed":false,"footnotes":""},"categories":[],"tags":[],"class_list":["post-1916","page","type-page","status-publish","hentry"],"acf":[],"_links":{"self":[{"href":"https:\/\/semmelweis.hu\/bizottsagok\/wp-json\/wp\/v2\/pages\/1916","targetHints":{"allow":["GET"]}}],"collection":[{"href":"https:\/\/semmelweis.hu\/bizottsagok\/wp-json\/wp\/v2\/pages"}],"about":[{"href":"https:\/\/semmelweis.hu\/bizottsagok\/wp-json\/wp\/v2\/types\/page"}],"author":[{"embeddable":true,"href":"https:\/\/semmelweis.hu\/bizottsagok\/wp-json\/wp\/v2\/users\/101859"}],"replies":[{"embeddable":true,"href":"https:\/\/semmelweis.hu\/bizottsagok\/wp-json\/wp\/v2\/comments?post=1916"}],"version-history":[{"count":6,"href":"https:\/\/semmelweis.hu\/bizottsagok\/wp-json\/wp\/v2\/pages\/1916\/revisions"}],"predecessor-version":[{"id":3113,"href":"https:\/\/semmelweis.hu\/bizottsagok\/wp-json\/wp\/v2\/pages\/1916\/revisions\/3113"}],"up":[{"embeddable":true,"href":"https:\/\/semmelweis.hu\/bizottsagok\/wp-json\/wp\/v2\/pages\/1094"}],"wp:attachment":[{"href":"https:\/\/semmelweis.hu\/bizottsagok\/wp-json\/wp\/v2\/media?parent=1916"}],"wp:term":[{"taxonomy":"category","embeddable":true,"href":"https:\/\/semmelweis.hu\/bizottsagok\/wp-json\/wp\/v2\/categories?post=1916"},{"taxonomy":"post_tag","embeddable":true,"href":"https:\/\/semmelweis.hu\/bizottsagok\/wp-json\/wp\/v2\/tags?post=1916"}],"curies":[{"name":"wp","href":"https:\/\/api.w.org\/{rel}","templated":true}]}}