{"id":191,"date":"2020-11-23T23:54:41","date_gmt":"2020-11-23T22:54:41","guid":{"rendered":"https:\/\/semmelweis.hu\/bizottsagok\/?page_id=191"},"modified":"2025-09-29T13:45:33","modified_gmt":"2025-09-29T11:45:33","slug":"fok-tanulmanyi-es-vizsgabizottsag","status":"publish","type":"page","link":"https:\/\/semmelweis.hu\/bizottsagok\/allando-bizottsagok\/fok-bizottsagai\/fok-tanulmanyi-es-vizsgabizottsag\/","title":{"rendered":"FOK TANULM\u00c1NYI \u00c9S VIZSGABIZOTTS\u00c1G"},"content":{"rendered":"<div class=\"responsive-tabs\">\n<h2 class=\"tabtitle\">Feladat- \u00e9s hat\u00e1sk\u00f6r<\/h2>\n<div class=\"tabcontent\">\n\n<p>A Fogorvostudom\u00e1nyi Kar hallgat\u00f3inak &#8211; a k\u00e9pz\u00e9s nyelv\u00e9t\u0151l f\u00fcggetlen\u00fcl- tanulm\u00e1nyi- \u00e9s vizsga\u00fcgyeiben elj\u00e1r\u00f3 els\u0151fok\u00fa test\u00fclete amely a TVSZ alapj\u00e1n feladata:<\/p>\n<ul>\n<li>a p\u00e1rhuzamos k\u00e9pz\u00e9s enged\u00e9lyez\u00e9se<\/li>\n<li>vizsga enged\u00e9lyez\u00e9se a vizsgaid\u0151szakon k\u00edv\u00fcli id\u0151pontokban k\u00fcl\u00f6n\u00f6sen indokolt esetekben,<\/li>\n<li>m\u00e9lt\u00e1nyoss\u00e1gi alapon adhat\u00f3 kedvezm\u00e9ny enged\u00e9lyez\u00e9se,<\/li>\n<li>szakok, illetve karok int\u00e9zm\u00e9nyek k\u00f6z\u00f6tti \u00e1tv\u00e9tel,<\/li>\n<li>szakv\u00e1ltoztat\u00e1s enged\u00e9lyez\u00e9se,<\/li>\n<li>vend\u00e9ghallgat\u00f3i jogviszony enged\u00e9lyez\u00e9se,<\/li>\n<li>hallgat\u00f3i jogviszony enged\u00e9lyez\u00e9se,<\/li>\n<li>d\u00f6nt a hallgat\u00f3k tanrend ir\u00e1nti k\u00e9rv\u00e9nyeir\u0151l,<\/li>\n<li>d\u00f6nt a megkezdett f\u00e9l\u00e9v ut\u00f3lagosan passz\u00edv f\u00e9l\u00e9vv\u00e9 nyilv\u00e1n\u00edt\u00e1s\u00e1r\u00f3l<\/li>\n<li>hat\u00e1sk\u00f6re kiterjed tov\u00e1bb\u00e1 egy\u00e9b jogszab\u00e1lyban, egyetemi, kari szab\u00e1lyzatban neves\u00edtett feladatk\u00f6r\u00f6kben.<\/li>\n<li>fellebbez\u00e9s eset\u00e9n a II. fokon elj\u00e1r\u00f3 Fel\u00fclb\u00edr\u00e1lati Bizotts\u00e1g sz\u00e1m\u00e1ra az \u00fcgy anyag\u00e1nak \u00f6ssze\u00e1ll\u00edt\u00e1sa,<\/li>\n<li>k\u00e9relmekre vonatkoz\u00f3 rendelkez\u00e9sek.<\/li>\n<\/ul>\n\n<\/div><h2 class=\"tabtitle\">Tagjai<\/h2>\n<div class=\"tabcontent\">\n\n<p><em><strong>Kapcsolattart\u00f3: Dr. Bartha K\u00e1roly<\/strong><\/em><br \/>\n<em><strong>Email: <a href=\"mailto:bartha.karoly@dent.semmelweis-univ.hu\">bartha.karoly@dent.semmelweis-univ.hu\u00a0<\/a><\/strong><\/em><\/p>\n    \r\n    <div id=\"peopleContainer\" style=\"text-align:center;\">\r\n    <input type=\"hidden\" name=\"cimkek\" id=\"cimkek\" value=\"Vezet\u00e9kn\u00e9v,Ut\u00f3n\u00e9v,Megb\u00edzat\u00e1s alapja,Megb\u00edzat\u00e1s t\u00edpusa,Megb\u00edzat\u00e1s kezdete,Megb\u00edzat\u00e1s v\u00e9ge,Megb\u00edzat\u00e1si dokumentum,Megsz\u0171n\u00e9s oka,Megsz\u0171n\u00e9s d\u00e1tuma\">\r\n    <input type=\"hidden\" name=\"kihagy_aktiv\" id=\"kihagy_aktiv\" value=\"Megsz\u0171n\u00e9s oka||megszunes_oka,Megsz\u0171n\u00e9s d\u00e1tuma||megszunes_datuma\">\r\n    <input type=\"hidden\" name=\"kihagy_archiv\" id=\"kihagy_archiv\" value=\"\">\r\n    <div id=\"aktivTagokContainer\" style=\"overflow:auto;\">\r\n        <table>\r\n        <thead style=\"text-align:center;\">\r\n            <th>Vezet\u00e9kn\u00e9v<\/th><th>Ut\u00f3n\u00e9v<\/th><th>Megb\u00edzat\u00e1s alapja<\/th><th>Megb\u00edzat\u00e1s t\u00edpusa<\/th><th>Megb\u00edzat\u00e1s kezdete<\/th><th>Megb\u00edzat\u00e1s v\u00e9ge<\/th><th>Megb\u00edzat\u00e1si dokumentum<\/th>        <\/thead>\r\n        <tbody>\r\n        <tr><td>Dr. Bartha <\/td><td>K\u00e1roly<\/td><td>Foglalkoztatott\/ Employee\/ Besch\u00e4ftigte(r)<\/td><td>Eln\u00f6k\/ Chairperson\/ Vorsitzender<\/td><td>2020-10-29<\/td><td>2023-10-28<\/td><td><a href=\"https:\/\/semmelweis.hu\/jogigfoig\/files\/2020\/11\/193_2020_FOK_bizotts%C3%A1gok-szem%C3%A9lyi-%C3%B6sszet%C3%A9tel%C3%A9nek-m%C3%B3dos%C3%ADt%C3%A1sa.pdf\">Megb\u00edzat\u00e1si dokumentum\/ Mandate document\/ Mandatsdokument<\/a><\/td><\/tr><tr><td>Dr. Sz\u0171cs <\/td><td>Attila<\/td><td> Foglalkoztatott\/Employee\/Besch\u00e4ftigte(r)<\/td><td>Tag\/ Member\/ Mitglied<\/td><td>2020-10-29<\/td><td>2023-10-28<\/td><td><a href=\"https:\/\/semmelweis.hu\/jogigfoig\/files\/2020\/11\/193_2020_FOK_bizotts%C3%A1gok-szem%C3%A9lyi-%C3%B6sszet%C3%A9tel%C3%A9nek-m%C3%B3dos%C3%ADt%C3%A1sa.pdf\">Megb\u00edzat\u00e1si dokumentum\/ Mandate document\/ Mandatsdokument<\/a><\/td><\/tr><tr><td>Dr. Szab\u00f3 <\/td><td>Bence<\/td><td>Foglalkoztatott\/ Employee\/ Besch\u00e4ftigte(r)<\/td><td>Tag\/ Member\/ Mitglied<\/td><td>2020-10-29<\/td><td>2023-10-28<\/td><td><a href=\"https:\/\/semmelweis.hu\/jogigfoig\/files\/2020\/11\/193_2020_FOK_bizotts%C3%A1gok-szem%C3%A9lyi-%C3%B6sszet%C3%A9tel%C3%A9nek-m%C3%B3dos%C3%ADt%C3%A1sa.pdf\">Megb\u00edzat\u00e1si dokumentum\/ Mandate document\/ Mandatsdokument<\/a><\/td><\/tr><tr><td>Dr. Zsembery <\/td><td>\u00c1kos<\/td><td>Foglalkoztatott\/ Employee\/ Besch\u00e4ftigte(r)<\/td><td>Tag\/ Member\/ Mitglied<\/td><td>2020-10-29<\/td><td>2023-10-28<\/td><td><a href=\"https:\/\/semmelweis.hu\/jogigfoig\/files\/2020\/11\/193_2020_FOK_bizotts%C3%A1gok-szem%C3%A9lyi-%C3%B6sszet%C3%A9tel%C3%A9nek-m%C3%B3dos%C3%ADt%C3%A1sa.pdf\">Megb\u00edzat\u00e1si dokumentum\/ Mandate document\/ Mandatsdokument<\/a><\/td><\/tr><tr><td>Kreuter <\/td><td>Patrik<\/td><td>Hallgat\u00f3i jogviszony\/ Student status\/ Studierendenrechtsverh\u00e4ltnis<\/td><td>Tag\/ Member\/ Mitglied<\/td><td>2020-10-29<\/td><td>2023-10-28<\/td><td><a href=\"https:\/\/semmelweis.hu\/jogigfoig\/files\/2020\/11\/193_2020_FOK_bizotts%C3%A1gok-szem%C3%A9lyi-%C3%B6sszet%C3%A9tel%C3%A9nek-m%C3%B3dos%C3%ADt%C3%A1sa.pdf\">Megb\u00edzat\u00e1si dokumentum\/ Mandate document\/ Mandatsdokument<\/a><\/td><\/tr><tr><td>Kov\u00e1cs<\/td><td>Bernadett<\/td><td>Hallgat\u00f3i jogviszony\/ Student status\/ Studierendenrechtsverh\u00e4ltnis<\/td><td>Tag\/ Member\/Mitglied<\/td><td>2022-09-01<\/td><td>2025-08-31<\/td><td> <\/td><td> <\/td><\/tr>        \r\n        \r\n        <\/tbody>\r\n        <\/table>\r\n        <\/div>\r\n\r\n    <div id=\"archivTagokContainer\" style=\"overflow:auto;\">\r\n            <div class=\"exp-col-content-holder\" style=\"border: none;\">\r\n        <a class=\"expand-cnt-link ecf_closed\" href=\"#\">Arch\u00edv<\/a>\r\n        <div class=\"hidden-content\" style=\"display: none;\">\r\n                <table>\r\n            <thead style=\"text-align:center;\">\r\n                <th>Vezet\u00e9kn\u00e9v<\/th><th>Ut\u00f3n\u00e9v<\/th><th>Megb\u00edzat\u00e1s alapja<\/th><th>Megb\u00edzat\u00e1s t\u00edpusa<\/th><th>Megb\u00edzat\u00e1s kezdete<\/th><th>Megb\u00edzat\u00e1s v\u00e9ge<\/th><th>Megb\u00edzat\u00e1si dokumentum<\/th><th>Megsz\u0171n\u00e9s oka<\/th><th>Megsz\u0171n\u00e9s d\u00e1tuma<\/th>            <\/thead>\r\n            <tbody>\r\n                        <\/tbody>\r\n            <\/table>\r\n        <\/div>\r\n        <\/div>\r\n    <\/div>\r\n    <\/div>\r\n    \n\n<\/div><h2 class=\"tabtitle\">\u00dcgyrend<\/h2>\n<div class=\"tabcontent\">\n\n<p><a href=\"https:\/\/semmelweis.hu\/fok\/files\/2021\/12\/SE-FOK-TVB-SZR.pdf\">Tanulm\u00e1nyi\u00a0\u00e9s Vizsga Bizotts\u00e1g\u00a0\u00fcgyrendje<\/a><\/p>\n\n<\/div><h2 class=\"tabtitle\">\u00c9ves besz\u00e1mol\u00f3<\/h2>\n<div class=\"tabcontent\">\n\n<p><a href=\"https:\/\/semmelweis.hu\/fok\/files\/2022\/07\/17_2022_a-Szenatus-altal-letrehozott-karokon-mukodo-allando-bizottsagok-munkajarol-szolo-beszamolok-elfogadasarol.pdf\"><em>A Semmelweis Egyetem Szen\u00e1tus\u00e1nak (17\/2022. III.28.) sz\u00e1m\u00fa hat\u00e1rozata Besz\u00e1mol\u00f3 a Szen\u00e1tus \u00e1ltal l\u00e9trehozott, (Tanulm\u00e1nyi \u00e9s Vizsga Bizotts\u00e1g, Kredit\u00e1tviteli Bizotts\u00e1g, Etikai \u00e9s Fegyelmi Bizotts\u00e1g, a Pet\u0151 Andr\u00e1s Kar tekintet\u00e9ben tov\u00e1bbi k\u00e9t bizotts\u00e1g a Gyakorlati K\u00e9pz\u00e9si Bizotts\u00e1g \u00e9s a Kiad\u00f3i \u00e9s K\u00f6nyvt\u00e1r Bizotts\u00e1g) karokon m\u0171k\u00f6d\u0151 \u00e1lland\u00f3 bizotts\u00e1gok munk\u00e1j\u00e1r\u00f3l<\/em><\/a><\/p>\n<p><a href=\"https:\/\/semmelweis.hu\/fok\/files\/2022\/07\/FOK_TVB.pdf\">Tanulm\u00e1nyi \u00e9s Vizsga Bizotts\u00e1g 2021 \u00e9vr\u0151l sz\u00f3l\u00f3 besz\u00e1mol\u00f3ja<\/a><\/p>\n<p>\n<a href=\"https:\/\/semmelweis.hu\/fok\/files\/2021\/03\/Szen\u00e1tusi-hat.-16_2021_karokon-m\u0171k\u00f6d\u0151-\u00e1lland\u00f3-bizotts\u00e1gok_besz\u00e1mol\u00f3.pdf\">A Semmelweis Egyetem Szen\u00e1tus\u00e1nak 16\/2021. II.25.) sz\u00e1m\u00fa hat\u00e1rozata Besz\u00e1mol\u00f3 a Szen\u00e1tus \u00e1ltal l\u00e9trehozott, <em>(Tanulm\u00e1nyi \u00e9s Vizsga Bizotts\u00e1g, Kredit\u00e1tviteli Bizotts\u00e1g, Etikai \u00e9s Fegyelmi Bizotts\u00e1g, a Pet\u0151 Andr\u00e1s Kar tekintet\u00e9ben tov\u00e1bbi k\u00e9t bizotts\u00e1g a Gyakorlati K\u00e9pz\u00e9si Bizotts\u00e1g \u00e9s a Kiad\u00f3i \u00e9s K\u00f6nyvt\u00e1r Bizotts\u00e1g)<\/em>\u00a0karokon m\u0171k\u00f6d\u0151 \u00e1lland\u00f3 bizotts\u00e1gok munk\u00e1j\u00e1r\u00f3l<\/a><\/p>\n<p><a href=\"https:\/\/semmelweis.hu\/fok\/files\/2021\/03\/Tanulm\u00e1nyi-\u00e9s-Vizsga-Bizotts\u00e1g-\u00e9ves-besz\u00e1mol\u00f3ja-2021.02.18..pdf\">Tanulm\u00e1nyi \u00e9s Vizsga Bizotts\u00e1g 2020. \u00e9vi besz\u00e1mol\u00f3ja<\/a><\/p>\n<\/div><\/div>\n<p>&nbsp;<\/p>\n","protected":false},"excerpt":{"rendered":"<p>A Fogorvostudom\u00e1nyi Kar hallgat\u00f3inak &#8211; a k\u00e9pz\u00e9s nyelv\u00e9t\u0151l f\u00fcggetlen\u00fcl- tanulm\u00e1nyi- \u00e9s vizsga\u00fcgyeiben elj\u00e1r\u00f3 els\u0151fok\u00fa test\u00fclete amely a TVSZ alapj\u00e1n feladata: a p\u00e1rhuzamos k\u00e9pz\u00e9s enged\u00e9lyez\u00e9se vizsga enged\u00e9lyez\u00e9se a vizsgaid\u0151szakon k\u00edv\u00fcli id\u0151pontokban k\u00fcl\u00f6n\u00f6sen indokolt esetekben, m\u00e9lt\u00e1nyoss\u00e1gi alapon adhat\u00f3 kedvezm\u00e9ny enged\u00e9lyez\u00e9se, szakok, illetve karok int\u00e9zm\u00e9nyek k\u00f6z\u00f6tti \u00e1tv\u00e9tel, szakv\u00e1ltoztat\u00e1s enged\u00e9lyez\u00e9se, vend\u00e9ghallgat\u00f3i jogviszony enged\u00e9lyez\u00e9se, hallgat\u00f3i jogviszony enged\u00e9lyez\u00e9se, d\u00f6nt a hallgat\u00f3k &hellip;<\/p>\n","protected":false},"author":101171,"featured_media":0,"parent":867,"menu_order":0,"comment_status":"closed","ping_status":"closed","template":"template-fullwidth.php","meta":{"_acf_changed":false,"footnotes":""},"categories":[],"tags":[],"class_list":["post-191","page","type-page","status-publish","hentry"],"acf":[],"_links":{"self":[{"href":"https:\/\/semmelweis.hu\/bizottsagok\/wp-json\/wp\/v2\/pages\/191","targetHints":{"allow":["GET"]}}],"collection":[{"href":"https:\/\/semmelweis.hu\/bizottsagok\/wp-json\/wp\/v2\/pages"}],"about":[{"href":"https:\/\/semmelweis.hu\/bizottsagok\/wp-json\/wp\/v2\/types\/page"}],"author":[{"embeddable":true,"href":"https:\/\/semmelweis.hu\/bizottsagok\/wp-json\/wp\/v2\/users\/101171"}],"replies":[{"embeddable":true,"href":"https:\/\/semmelweis.hu\/bizottsagok\/wp-json\/wp\/v2\/comments?post=191"}],"version-history":[{"count":11,"href":"https:\/\/semmelweis.hu\/bizottsagok\/wp-json\/wp\/v2\/pages\/191\/revisions"}],"predecessor-version":[{"id":2135,"href":"https:\/\/semmelweis.hu\/bizottsagok\/wp-json\/wp\/v2\/pages\/191\/revisions\/2135"}],"up":[{"embeddable":true,"href":"https:\/\/semmelweis.hu\/bizottsagok\/wp-json\/wp\/v2\/pages\/867"}],"wp:attachment":[{"href":"https:\/\/semmelweis.hu\/bizottsagok\/wp-json\/wp\/v2\/media?parent=191"}],"wp:term":[{"taxonomy":"category","embeddable":true,"href":"https:\/\/semmelweis.hu\/bizottsagok\/wp-json\/wp\/v2\/categories?post=191"},{"taxonomy":"post_tag","embeddable":true,"href":"https:\/\/semmelweis.hu\/bizottsagok\/wp-json\/wp\/v2\/tags?post=191"}],"curies":[{"name":"wp","href":"https:\/\/api.w.org\/{rel}","templated":true}]}}