{"id":184,"date":"2020-11-23T23:48:37","date_gmt":"2020-11-23T22:48:37","guid":{"rendered":"https:\/\/semmelweis.hu\/bizottsagok\/?page_id=184"},"modified":"2021-02-04T12:49:16","modified_gmt":"2021-02-04T11:49:16","slug":"aok-kreditatviteli-bizottsag-szerkeszto","status":"publish","type":"page","link":"https:\/\/semmelweis.hu\/bizottsagok\/aok-kreditatviteli-bizottsag-szerkeszto\/","title":{"rendered":"\u00c1OK KREDIT\u00c1TVITELI BIZOTTS\u00c1G SZERKESZT\u0150"},"content":{"rendered":"<div>    \r\n    <div id=\"peopleContainer\" style=\"text-align:center;\">\r\n    <input type=\"hidden\" name=\"cimkek\" id=\"cimkek\" value=\"Vezet\u00e9kn\u00e9v,Ut\u00f3n\u00e9v,Megb\u00edzat\u00e1s alapja,Megb\u00edzat\u00e1s t\u00edpusa,Megb\u00edzat\u00e1s kezdete,Megb\u00edzat\u00e1s v\u00e9ge,Megb\u00edzat\u00e1si dokumentum,Megsz\u0171n\u00e9s oka,Megsz\u0171n\u00e9s d\u00e1tuma\">\r\n    <input type=\"hidden\" name=\"kihagy_aktiv\" id=\"kihagy_aktiv\" value=\"Megsz\u0171n\u00e9s oka||megszunes_oka,Megsz\u0171n\u00e9s d\u00e1tuma||megszunes_datuma\">\r\n    <input type=\"hidden\" name=\"kihagy_archiv\" id=\"kihagy_archiv\" value=\"\">\r\n    <div id=\"aktivTagokContainer\" style=\"overflow:auto;\">\r\n        <table>\r\n        <thead style=\"text-align:center;\">\r\n            <th>Vezet\u00e9kn\u00e9v<\/th><th>Ut\u00f3n\u00e9v<\/th><th>Megb\u00edzat\u00e1s alapja<\/th><th>Megb\u00edzat\u00e1s t\u00edpusa<\/th><th>Megb\u00edzat\u00e1s kezdete<\/th><th>Megb\u00edzat\u00e1s v\u00e9ge<\/th><th>Megb\u00edzat\u00e1si dokumentum<\/th>        <\/thead>\r\n        <tbody>\r\n        <tr><td>Dr. Tak\u00e1cs<\/td><td>Istv\u00e1n<\/td><td>Foglalkoztatott\/ Employee\/ Besch\u00e4ftigte(r)<\/td><td>Eln\u00f6k\/ Chairperson\/ Vorsitzender<\/td><td>2025-07-01<\/td><td>2028-06-30<\/td><td><a href=\"https:\/\/semmelweis.hu\/bizottsagok\/files\/2025\/07\/30_bizottsag.pdf\">Megb\u00edzat\u00e1si dokumentum\/ Mandate document\/ Mandatsdokument<\/a><\/td><\/tr><tr><td>Dr. Kolev<\/td><td>Kraszimir<\/td><td>Foglalkoztatott\/ Employee\/ Besch\u00e4ftigte(r)<\/td><td>Tag\/Member\/Mitglied<\/td><td>2025-07-01<\/td><td>2028-06-30<\/td><td><a href=\"https:\/\/semmelweis.hu\/bizottsagok\/files\/2025\/07\/30_bizottsag.pdf\">Megb\u00edzat\u00e1si dokumentum\/ Mandate document\/ Mandatsdokument<\/a><\/td><\/tr><tr><td>Dr. Riba<\/td><td>P\u00e1l<\/td><td>Foglalkoztatott\/ Employee\/ Besch\u00e4ftigte(r)<\/td><td>Tag\/Member\/Mitglied<\/td><td>2025-07-01<\/td><td>2028-06-30<\/td><td><a href=\"https:\/\/semmelweis.hu\/bizottsagok\/files\/2025\/07\/30_bizottsag.pdf\">Megb\u00edzat\u00e1si dokumentum\/ Mandate document\/ Mandatsdokument<\/a><\/td><\/tr><tr><td>Dr. Alp\u00e1r<\/td><td>Al\u00e1n<\/td><td>Foglalkoztatott\/ Employee\/ Besch\u00e4ftigte(r)<\/td><td>Tag\/Member\/Mitglied<\/td><td>2025-07-01<\/td><td>2028-06-30<\/td><td><a href=\"https:\/\/semmelweis.hu\/bizottsagok\/files\/2025\/07\/30_bizottsag.pdf\">Megb\u00edzat\u00e1si dokumentum\/ Mandate document\/ Mandatsdokument<\/a><\/td><\/tr><tr><td>J\u00e1vor<\/td><td>Soma L\u00e1szl\u00f3<\/td><td>Hallgat\u00f3i jogviszony\/ Student status\/ Studierenenrechtsverh\u00e4ltnis<\/td><td>Tag\/Member\/Mitglied<\/td><td>2025-07-01<\/td><td>2028-06-30<\/td><td><a href=\"https:\/\/semmelweis.hu\/bizottsagok\/files\/2025\/07\/30_bizottsag.pdf\">Megb\u00edzat\u00e1si dokumentum\/ Mandate document\/ Mandatsdokument<\/a><\/td><\/tr>        \r\n        \r\n        <\/tbody>\r\n        <\/table>\r\n        <\/div>\r\n\r\n    <div id=\"archivTagokContainer\" style=\"overflow:auto;\">\r\n            <div class=\"exp-col-content-holder\" style=\"border: none;\">\r\n        <p>Arch\u00edv<\/p>\r\n        <div class=\"hidden-content\" style=\"display: block;\">\r\n                <table>\r\n            <thead style=\"text-align:center;\">\r\n                <th>Vezet\u00e9kn\u00e9v<\/th><th>Ut\u00f3n\u00e9v<\/th><th>Megb\u00edzat\u00e1s alapja<\/th><th>Megb\u00edzat\u00e1s t\u00edpusa<\/th><th>Megb\u00edzat\u00e1s kezdete<\/th><th>Megb\u00edzat\u00e1s v\u00e9ge<\/th><th>Megb\u00edzat\u00e1si dokumentum<\/th><th>Megsz\u0171n\u00e9s oka<\/th><th>Megsz\u0171n\u00e9s d\u00e1tuma<\/th>            <\/thead>\r\n            <tbody>\r\n            <tr><td>Dr. Kolev<\/td><td>Kraszimir<\/td><td>Foglalkoztatott\/ Employee\/ Besch\u00e4ftigte(r)<\/td><td>Tag\/ Member\/ Mitglied<\/td><td>2019-07-19<\/td><td>2022-07-18<\/td><td><a href=\"https:\/\/semmelweis.hu\/jogigfoig\/files\/2019\/06\/63_2019_VI_20_bizotts%C3%A1gok-az-%C3%81OK-on.pdf\">Megb\u00edzat\u00e1si dokumentum\/ Mandate document\/ Mandatsdokument<\/a><\/td><td>Megb\u00edzat\u00e1s lej\u00e1rta<\/td><td>2022-07-18<\/td><\/tr><tr><td>Dr. Riba<\/td><td>P\u00e1l<\/td><td>Foglalkoztatott\/ Employee\/ Besch\u00e4ftigte(r)<\/td><td>Tag\/ Member\/ Mitglied<\/td><td>2019-07-19<\/td><td>2022-07-18<\/td><td><a href=\"https:\/\/semmelweis.hu\/jogigfoig\/files\/2019\/06\/63_2019_VI_20_bizotts%C3%A1gok-az-%C3%81OK-on.pdf\">Megb\u00edzat\u00e1si dokumentum\/ Mandate document\/ Mandatsdokument<\/a><\/td><td>Megb\u00edzat\u00e1s lej\u00e1rta<\/td><td>2022-07-18<\/td><\/tr><tr><td>Palot\u00e1s<\/td><td>L\u0151rinc<\/td><td>Hallgat\u00f3i jogviszony\/ Student status\/ Studierendenrechtsverh\u00e4ltnis<\/td><td>Tag\/ Member\/ Mitglied<\/td><td>2020-10-03<\/td><td>2022-07-18<\/td><td><a href=\"https:\/\/semmelweis.hu\/jogigfoig\/files\/2020\/10\/182_2020_%C3%81OK-bizotts%C3%A1gok-szem%C3%A9lyi-%C3%B6sszet%C3%A9tele.pdf\">Megb\u00edzat\u00e1si dokumentum\/ Mandate document\/ Mandatsdokument<\/a><\/td><td>Megb\u00edzat\u00e1s lej\u00e1rta<\/td><td>2022-07-18<\/td><\/tr><tr><td>J\u00e1mbor<\/td><td>M\u00e1rk<\/td><td>Hallgat\u00f3i jogviszony\/ Student status\/ Studierendenrechtsverh\u00e4ltnis<\/td><td>Tag\/ Member\/ Mitglied<\/td><td>2019-09-05<\/td><td>2022-07-18<\/td><td><a href=\"https:\/\/semmelweis.hu\/jogigfoig\/files\/2019\/09\/97_VIII_29_A-Szen%C3%A1tus-%C3%A1ltal-l%C3%A9trehozott-%C3%A9s-az-%C3%81OK-on-m%C5%B1k%C3%B6d%C5%91-%C3%A1lland%C3%B3-bizotts%C3%A1gok-hallgat%C3%B3-tagjainak-megv%C3%A1laszt%C3%A1sa.pdf\">Megb\u00edzat\u00e1si dokumentum\/ Mandate document\/ Mandatsdokument<\/a><\/td><td>Egy\u00e9b megsz\u0171n\u00e9si ok<\/td><td>  <\/td><\/tr><tr><td>Dr. Tak\u00e1cs<\/td><td>Istv\u00e1n<\/td><td>Foglalkoztatott\/ Employee\/ Besch\u00e4ftigte(r)<\/td><td>Eln\u00f6k\/ Chairperson\/ Vorsitzender<\/td><td>2019-07-19<\/td><td>2022-07-18<\/td><td><a href=\"https:\/\/semmelweis.hu\/jogigfoig\/files\/2019\/06\/63_2019_VI_20_bizotts%C3%A1gok-az-%C3%81OK-on.pdf\">Megb\u00edzat\u00e1si dokumentum\/ Mandate document\/ Mandatsdokument<\/a><\/td><td>Megb\u00edzat\u00e1s lej\u00e1rta<\/td><td>2022-07-18<\/td><\/tr><tr><td>Dr. Alp\u00e1r<\/td><td>Al\u00e1n<\/td><td>Foglalkoztatott\/ Employee\/ Besch\u00e4ftigte(r)<\/td><td>Tag\/ Member\/ Mitglied<\/td><td>2019-07-19<\/td><td>2022-07-18<\/td><td><a href=\"https:\/\/semmelweis.hu\/jogigfoig\/files\/2019\/06\/63_2019_VI_20_bizotts%C3%A1gok-az-%C3%81OK-on.pdf\">Megb\u00edzat\u00e1si dokumentum\/Mandate docoment\/Mandatsdokument<\/a><\/td><td>Megb\u00edzat\u00e1s lej\u00e1rta<\/td><td>2022-07-18<\/td><td>  <\/td><\/tr><tr><td>Dr. Tak\u00e1cs<\/td><td>Istv\u00e1n<\/td><td>Foglalkoztatott\/ Employee\/ Besch\u00e4ftigte(r)<\/td><td>Eln\u00f6k\/ Chairperson\/ Vorsitzender<\/td><td>2022-07-19<\/td><td>2025-07-18<\/td><td><a href=\"https:\/\/semmelweis.hu\/bizottsagok\/files\/2022\/07\/31_hatarozat_bizottsagok.pdf\">Megb\u00edzat\u00e1si dokumentum\/ Mandate document\/ Mandatsdokument<\/a><\/td><td>Megb\u00edzat\u00e1s lej\u00e1rta<\/td><td>2025-06-30<\/td><\/tr><tr><td>Dr. Kolev<\/td><td>Kraszimir<\/td><td>Foglalkoztatott\/ Employee\/ Besch\u00e4ftigte(r)<\/td><td>Tag\/Member\/Mitglied<\/td><td>2022-07-19<\/td><td>2025-07-18<\/td><td><a href=\"https:\/\/semmelweis.hu\/bizottsagok\/files\/2022\/07\/31_hatarozat_bizottsagok.pdf\">Megb\u00edzat\u00e1si dokumentum\/ Mandate document\/ Mandatsdokument<\/a><\/td><td>Megb\u00edzat\u00e1s lej\u00e1rta<\/td><td>2025-06-30<\/td><\/tr><tr><td>Dr. Riba<\/td><td>P\u00e1l<\/td><td>Foglalkoztatott\/ Employee\/ Besch\u00e4ftigte(r)<\/td><td>Tag\/Member\/Mitglied<\/td><td>2022-07-19<\/td><td>2025-07-18<\/td><td><a href=\"https:\/\/semmelweis.hu\/bizottsagok\/files\/2022\/07\/31_hatarozat_bizottsagok.pdf\">Megb\u00edzat\u00e1si dokumentum\/ Mandate document\/ Mandatsdokument<\/a><\/td><td>Megb\u00edzat\u00e1s lej\u00e1rta<\/td><td>2025-06-30<\/td><\/tr><tr><td>Dr. Alp\u00e1r<\/td><td>Al\u00e1n<\/td><td>Foglalkoztatott\/ Employee\/ Besch\u00e4ftigte(r)<\/td><td>Tag\/Member\/Mitglied<\/td><td>2022-07-19<\/td><td>2025-07-18<\/td><td><a href=\"https:\/\/semmelweis.hu\/bizottsagok\/files\/2022\/07\/31_hatarozat_bizottsagok.pdf\">Megb\u00edzat\u00e1si dokumentum\/ Mandate document\/ Mandatsdokument<\/a><\/td><td>Megb\u00edzat\u00e1s lej\u00e1rta<\/td><td>2025-06-30<\/td><\/tr><tr><td>Palot\u00e1s<\/td><td>L\u0151rinc<\/td><td>Hallgat\u00f3i jogviszony\/ Student status\/ Studierendenrechtsverh\u00e4ltnis<\/td><td>Tag\/Member\/Mitglied<\/td><td>2022-07-19<\/td><td>2025-07-18<\/td><td><a href=\"https:\/\/semmelweis.hu\/bizottsagok\/files\/2022\/07\/31_hatarozat_bizottsagok.pdf\">Megb\u00edzat\u00e1si dokumentum\/ Mandate document\/ Mandatsdokument<\/a><\/td><td>Egy\u00e9b megsz\u0171n\u00e9si ok<\/td><td>2023-09-01<\/td><\/tr><tr><td>Pop  <\/td><td>Alexandra J\u00falia<\/td><td>Hallgat\u00f3i jogviszony\/ Student status\/ Studierendenrechtsverh\u00e4ltnis<\/td><td>Tag\/ Member\/ Mitglied<\/td><td>2023-10-03<\/td><td>2026-10-02<\/td><td><a href=\"https:\/\/semmelweis.hu\/bizottsagok\/files\/2024\/12\/2_bizottsagok_szemelyi_osszetetele-2.pdf\">Megb\u00edzat\u00e1si dokumentum\/ Mandate document\/ Mandatsdokument<\/a><\/td><td>Egy\u00e9b megsz\u0171n\u00e9si ok<\/td><td>2025-06-30<\/td><\/tr>            <\/tbody>\r\n            <\/table>\r\n        <\/div>\r\n        <\/div>\r\n    <\/div>\r\n    <\/div>\r\n    <\/div>\n<div>\u00a0<\/div>\n<input type=\"hidden\" name=\"biz\" id=\"biz\" value=\"\u00c1OK KREDIT\u00c1TVITELI BIZOTTS\u00c1G\"><div id=\"message\"><\/div><div id=\"nameContainer\"><select name=\"ppl\" id=\"ppl\"><option value=\"dummy\"><\/option><option value=\"0\"  st=\"1606994300.6618\" id=\"0_nev\">Dr. Kolev<\/option><option value=\"1\"  st=\"1606994352.0404\" id=\"1_nev\">Dr. Riba<\/option><option value=\"2\"  st=\"1606994412.2849\" id=\"2_nev\">Palot\u00e1s<\/option><option value=\"3\"  st=\"1606994471.8566\" id=\"3_nev\">J\u00e1mbor<\/option><option value=\"4\"  st=\"1613989610.5312\" id=\"4_nev\">Dr. Tak\u00e1cs<\/option><option value=\"5\"  st=\"1613990865.5438\" id=\"5_nev\">Dr. Alp\u00e1r<\/option><option value=\"6\"  st=\"1658751293.2883\" id=\"6_nev\">Dr. Tak\u00e1cs<\/option><option value=\"7\"  st=\"1658751571.5040\" id=\"7_nev\">Dr. Kolev<\/option><option value=\"8\"  st=\"1658751804.7504\" id=\"8_nev\">Dr. Riba<\/option><option value=\"9\"  st=\"1658751921.9130\" id=\"9_nev\">Dr. Alp\u00e1r<\/option><option value=\"10\"  st=\"1658752093.0946\" id=\"10_nev\">Palot\u00e1s<\/option><option value=\"11\"  st=\"1697110825.6730\" id=\"11_nev\">Pop  <\/option><option value=\"12\"  st=\"1751883189.4611\" id=\"12_nev\">Dr. Tak\u00e1cs<\/option><option value=\"13\"  st=\"1751886694.9273\" id=\"13_nev\">Dr. Kolev<\/option><option value=\"14\"  st=\"1751886749.1185\" id=\"14_nev\">Dr. Riba<\/option><option value=\"15\"  st=\"1751886940.2770\" id=\"15_nev\">Dr. Alp\u00e1r<\/option><option value=\"16\"  st=\"1751887005.5239\" id=\"16_nev\">J\u00e1vor<\/option><\/select><button id=\"load\">Adatok friss\u00edt\u00e9se<\/button><button class=\"button\" id=\"order\">Sorrend ellen\u0151rz\u00e9se<\/button><\/div>\n\n<div class=\"wpcf7 no-js\" id=\"wpcf7-f276-o1\" lang=\"hu-HU\" dir=\"ltr\" data-wpcf7-id=\"276\">\n<div class=\"screen-reader-response\"><p role=\"status\" aria-live=\"polite\" aria-atomic=\"true\"><\/p> <ul><\/ul><\/div>\n<form action=\"\/bizottsagok\/wp-json\/wp\/v2\/pages\/184#wpcf7-f276-o1\" method=\"post\" class=\"wpcf7-form init\" aria-label=\"Kapcsolatfelv\u00e9teli \u0171rlap\" novalidate=\"novalidate\" data-status=\"init\">\n<div style=\"display: none;\">\n<input type=\"hidden\" name=\"_wpcf7\" value=\"276\" \/>\n<input type=\"hidden\" name=\"_wpcf7_version\" value=\"6.0.5\" \/>\n<input type=\"hidden\" name=\"_wpcf7_locale\" value=\"hu_HU\" \/>\n<input type=\"hidden\" name=\"_wpcf7_unit_tag\" value=\"wpcf7-f276-o1\" \/>\n<input type=\"hidden\" name=\"_wpcf7_container_post\" value=\"0\" \/>\n<input type=\"hidden\" name=\"_wpcf7_posted_data_hash\" value=\"\" \/>\n<input type=\"hidden\" name=\"_wpcf7_recaptcha_response\" value=\"\" \/>\n<\/div>\n<p><label> Vezet\u00e9kn\u00e9v<br \/>\n<span class=\"wpcf7-form-control-wrap\" data-name=\"nev\"><input size=\"40\" maxlength=\"400\" class=\"wpcf7-form-control wpcf7-text wpcf7-validates-as-required\" id=\"nev\" aria-required=\"true\" aria-invalid=\"false\" value=\"\" type=\"text\" name=\"nev\" \/><\/span> <\/label>\n<\/p>\n<p><label> Ut\u00f3n\u00e9v<br \/>\n<span class=\"wpcf7-form-control-wrap\" data-name=\"nev2\"><input size=\"40\" maxlength=\"400\" class=\"wpcf7-form-control wpcf7-text wpcf7-validates-as-required\" id=\"nev2\" aria-required=\"true\" aria-invalid=\"false\" value=\"\" type=\"text\" name=\"nev2\" \/><\/span> <\/label>\n<\/p>\n<p><label> Megb\u00edzat\u00e1s alapja<br \/>\n<span class=\"wpcf7-form-control-wrap\" data-name=\"megbizatas_alapja\"><input size=\"40\" maxlength=\"400\" class=\"wpcf7-form-control wpcf7-text wpcf7-validates-as-required\" id=\"megbizatas_alapja\" aria-required=\"true\" aria-invalid=\"false\" value=\"\" type=\"text\" name=\"megbizatas_alapja\" \/><\/span> <\/label>\n<\/p>\n<p><label> Megb\u00edzat\u00e1s t\u00edpusa<br \/>\n<span class=\"wpcf7-form-control-wrap\" data-name=\"megbizatas_tipusa\"><input size=\"40\" maxlength=\"400\" class=\"wpcf7-form-control wpcf7-text wpcf7-validates-as-required\" id=\"megbizatas_tipusa\" aria-required=\"true\" aria-invalid=\"false\" value=\"\" type=\"text\" name=\"megbizatas_tipusa\" \/><\/span> <\/label>\n<\/p>\n<p><label>Megb\u00edzat\u00e1s kezdete<br \/>\n<span class=\"wpcf7-form-control-wrap\" data-name=\"date_start\"><input class=\"wpcf7-form-control wpcf7-date wpcf7-validates-as-required wpcf7-validates-as-date\" id=\"date_start\" aria-required=\"true\" aria-invalid=\"false\" value=\"\" type=\"date\" name=\"date_start\" \/><\/span><\/label>\n<\/p>\n<p><label> Megb\u00edzat\u00e1s v\u00e9ge<br \/>\n<span class=\"wpcf7-form-control-wrap\" data-name=\"date_end\"><input class=\"wpcf7-form-control wpcf7-date wpcf7-validates-as-required wpcf7-validates-as-date\" id=\"date_end\" aria-required=\"true\" aria-invalid=\"false\" value=\"\" type=\"date\" name=\"date_end\" \/><\/span><\/label>\n<\/p>\n<p><label> Hivatkoz\u00e1s c\u00edme<br \/>\n<span class=\"wpcf7-form-control-wrap\" data-name=\"link_cim\"><input size=\"40\" maxlength=\"400\" class=\"wpcf7-form-control wpcf7-url wpcf7-text wpcf7-validates-as-url\" id=\"link_cim\" aria-invalid=\"false\" placeholder=\"pl. https:\/\/semmelweis.hu\" value=\"\" type=\"url\" name=\"link_cim\" \/><\/span><\/label>\n<\/p>\n<p><label> Hivatkoz\u00e1s sz\u00f6vege<br \/>\n<span class=\"wpcf7-form-control-wrap\" data-name=\"link_nev\"><input size=\"40\" maxlength=\"400\" class=\"wpcf7-form-control wpcf7-text\" id=\"link_nev\" aria-invalid=\"false\" placeholder=\"A megjelen\u0151 sz\u00f6veg\" value=\"\" type=\"text\" name=\"link_nev\" \/><\/span><\/label>\n<\/p>\n<p><label> Megsz\u0171n\u00e9s oka<\/label><br \/>\n<span class=\"wpcf7-form-control-wrap\" data-name=\"megszunes_oka\"><select class=\"wpcf7-form-control wpcf7-select\" id=\"megszunes_oka\" aria-invalid=\"false\" name=\"megszunes_oka\"><option value=\"\">&#8212; K\u00e9rj\u00fck, v\u00e1lasszon egy opci\u00f3t &#8212;<\/option><option value=\"Megb\u00edzat\u00e1s lej\u00e1rta\">Megb\u00edzat\u00e1s lej\u00e1rta<\/option><option value=\"Egy\u00e9b megsz\u0171n\u00e9si ok\">Egy\u00e9b megsz\u0171n\u00e9si ok<\/option><\/select><\/span>\n<\/p>\n<p><label> Megsz\u0171n\u00e9s d\u00e1tuma<br \/>\n<span class=\"wpcf7-form-control-wrap\" data-name=\"megszunes_datuma\"><input class=\"wpcf7-form-control wpcf7-date wpcf7-validates-as-date\" id=\"megszunes_datuma\" aria-invalid=\"false\" value=\"\" type=\"date\" name=\"megszunes_datuma\" \/><\/span><\/label>\n<\/p>\n<p><label> \u00c1llapot<\/label><br \/>\n<span class=\"wpcf7-form-control-wrap\" data-name=\"allapot\"><span class=\"wpcf7-form-control wpcf7-radio\" id=\"allapot\"><span class=\"wpcf7-list-item first\"><input type=\"radio\" name=\"allapot\" value=\"akt\u00edv\" checked=\"checked\" \/><span class=\"wpcf7-list-item-label\">akt\u00edv<\/span><\/span><span class=\"wpcf7-list-item last\"><input type=\"radio\" name=\"allapot\" value=\"arch\u00edv\" \/><span class=\"wpcf7-list-item-label\">arch\u00edv<\/span><\/span><\/span><\/span>\n<\/p>\n<p><input class=\"wpcf7-form-control wpcf7-submit has-spinner\" type=\"submit\" value=\"\u00daj tag hozz\u00e1ad\u00e1sa\" \/>\n<\/p><div class=\"wpcf7-response-output\" aria-hidden=\"true\"><\/div>\n<\/form>\n<\/div>\n\n","protected":false},"excerpt":{"rendered":"<p>\u00a0<\/p>\n","protected":false},"author":101862,"featured_media":0,"parent":0,"menu_order":0,"comment_status":"closed","ping_status":"closed","template":"","meta":{"_acf_changed":false,"footnotes":""},"categories":[],"tags":[],"class_list":["post-184","page","type-page","status-publish","hentry"],"acf":[],"_links":{"self":[{"href":"https:\/\/semmelweis.hu\/bizottsagok\/wp-json\/wp\/v2\/pages\/184","targetHints":{"allow":["GET"]}}],"collection":[{"href":"https:\/\/semmelweis.hu\/bizottsagok\/wp-json\/wp\/v2\/pages"}],"about":[{"href":"https:\/\/semmelweis.hu\/bizottsagok\/wp-json\/wp\/v2\/types\/page"}],"author":[{"embeddable":true,"href":"https:\/\/semmelweis.hu\/bizottsagok\/wp-json\/wp\/v2\/users\/101862"}],"replies":[{"embeddable":true,"href":"https:\/\/semmelweis.hu\/bizottsagok\/wp-json\/wp\/v2\/comments?post=184"}],"version-history":[{"count":10,"href":"https:\/\/semmelweis.hu\/bizottsagok\/wp-json\/wp\/v2\/pages\/184\/revisions"}],"predecessor-version":[{"id":580,"href":"https:\/\/semmelweis.hu\/bizottsagok\/wp-json\/wp\/v2\/pages\/184\/revisions\/580"}],"wp:attachment":[{"href":"https:\/\/semmelweis.hu\/bizottsagok\/wp-json\/wp\/v2\/media?parent=184"}],"wp:term":[{"taxonomy":"category","embeddable":true,"href":"https:\/\/semmelweis.hu\/bizottsagok\/wp-json\/wp\/v2\/categories?post=184"},{"taxonomy":"post_tag","embeddable":true,"href":"https:\/\/semmelweis.hu\/bizottsagok\/wp-json\/wp\/v2\/tags?post=184"}],"curies":[{"name":"wp","href":"https:\/\/api.w.org\/{rel}","templated":true}]}}