{"id":182,"date":"2020-11-23T23:48:26","date_gmt":"2020-11-23T22:48:26","guid":{"rendered":"https:\/\/semmelweis.hu\/bizottsagok\/?page_id=182"},"modified":"2026-02-04T11:47:29","modified_gmt":"2026-02-04T10:47:29","slug":"aok-kreditatviteli-bizottsag","status":"publish","type":"page","link":"https:\/\/semmelweis.hu\/bizottsagok\/allando-bizottsagok\/aok-bizottsagai\/aok-kreditatviteli-bizottsag\/","title":{"rendered":"\u00c1OK KREDIT\u00c1TVITELI BIZOTTS\u00c1G"},"content":{"rendered":"<div class=\"responsive-tabs\">\n<h2 class=\"tabtitle\">Feladat- \u00e9s hat\u00e1sk\u00f6r<\/h2>\n<div class=\"tabcontent\">\n\n<ul>\n<li>m\u00e1s hazai egyetemr\u0151l, saj\u00e1t egyetem\u00fcnk m\u00e1s karair\u00f3l k\u00e9rt \u00e1tv\u00e9tel \u00e9s k\u00fclf\u00f6ldi egyetemen kor\u00e1bban megszerzett kreditek \u00e1tvitele,<\/li>\n<li>saj\u00e1t egyetem\u00fcnk\u00f6n kor\u00e1bban szerzett kreditek elismertet\u00e9si k\u00e9relme a tanulm\u00e1nyok \u00fajrakezd\u00e9se kapcs\u00e1n,<\/li>\n<li>saj\u00e1t egyetemi hallgat\u00f3ink TDK \u00e9s klinikai munka tev\u00e9kenys\u00e9g\u00e9nek kredittel t\u00f6rt\u00e9n\u0151 elismer\u00e9se<\/li>\n<li>Erasmus csereprogramban v\u00e9gzett tanulm\u00e1nyok kreditjeinek elismer\u00e9se<\/li>\n<li>az SZMSZ rendelkez\u00e9seivel \u00f6sszhangban a Bizotts\u00e1g egyes speci\u00e1lis feladatok ell\u00e1t\u00e1sval \u00e9s szervez\u00e9s\u00e9vel \u00f6sszef\u00fcgg\u0151 rendelkez\u00e9sek megfogalmaz\u00e1sa, amennyiben van speci\u00e1lis feladata a Bizotts\u00e1gnak<\/li>\n<\/ul>\n\n<\/div><h2 class=\"tabtitle\">Tagjai<\/h2>\n<div class=\"tabcontent\">\n\n<p><em><strong>Kapcsolattart\u00f3: <\/strong><\/em>\u00c1OK D\u00e9k\u00e1ni Hivatal <br \/>\n<em><strong>Email:<\/strong><\/em> titkarsag.aokdekani@semmelweis.hu<\/p>\n    \r\n    <div id=\"peopleContainer\" style=\"text-align:center;\">\r\n    <input type=\"hidden\" name=\"cimkek\" id=\"cimkek\" value=\"Vezet\u00e9kn\u00e9v,Ut\u00f3n\u00e9v,Megb\u00edzat\u00e1s alapja,Megb\u00edzat\u00e1s t\u00edpusa,Megb\u00edzat\u00e1s kezdete,Megb\u00edzat\u00e1s v\u00e9ge,Megb\u00edzat\u00e1si dokumentum,Megsz\u0171n\u00e9s oka,Megsz\u0171n\u00e9s d\u00e1tuma\">\r\n    <input type=\"hidden\" name=\"kihagy_aktiv\" id=\"kihagy_aktiv\" value=\"Megsz\u0171n\u00e9s oka||megszunes_oka,Megsz\u0171n\u00e9s d\u00e1tuma||megszunes_datuma\">\r\n    <input type=\"hidden\" name=\"kihagy_archiv\" id=\"kihagy_archiv\" value=\"\">\r\n    <div id=\"aktivTagokContainer\" style=\"overflow:auto;\">\r\n        <table>\r\n        <thead style=\"text-align:center;\">\r\n            <th>Vezet\u00e9kn\u00e9v<\/th><th>Ut\u00f3n\u00e9v<\/th><th>Megb\u00edzat\u00e1s alapja<\/th><th>Megb\u00edzat\u00e1s t\u00edpusa<\/th><th>Megb\u00edzat\u00e1s kezdete<\/th><th>Megb\u00edzat\u00e1s v\u00e9ge<\/th><th>Megb\u00edzat\u00e1si dokumentum<\/th>        <\/thead>\r\n        <tbody>\r\n        <tr><td>Dr. Tak\u00e1cs<\/td><td>Istv\u00e1n<\/td><td>Foglalkoztatott\/ Employee\/ Besch\u00e4ftigte(r)<\/td><td>Eln\u00f6k\/ Chairperson\/ Vorsitzender<\/td><td>2025-07-01<\/td><td>2028-06-30<\/td><td><a href=\"https:\/\/semmelweis.hu\/bizottsagok\/files\/2025\/07\/30_bizottsag.pdf\">Megb\u00edzat\u00e1si dokumentum\/ Mandate document\/ Mandatsdokument<\/a><\/td><\/tr><tr><td>Dr. Kolev<\/td><td>Kraszimir<\/td><td>Foglalkoztatott\/ Employee\/ Besch\u00e4ftigte(r)<\/td><td>Tag\/Member\/Mitglied<\/td><td>2025-07-01<\/td><td>2028-06-30<\/td><td><a href=\"https:\/\/semmelweis.hu\/bizottsagok\/files\/2025\/07\/30_bizottsag.pdf\">Megb\u00edzat\u00e1si dokumentum\/ Mandate document\/ Mandatsdokument<\/a><\/td><\/tr><tr><td>Dr. Riba<\/td><td>P\u00e1l<\/td><td>Foglalkoztatott\/ Employee\/ Besch\u00e4ftigte(r)<\/td><td>Tag\/Member\/Mitglied<\/td><td>2025-07-01<\/td><td>2028-06-30<\/td><td><a href=\"https:\/\/semmelweis.hu\/bizottsagok\/files\/2025\/07\/30_bizottsag.pdf\">Megb\u00edzat\u00e1si dokumentum\/ Mandate document\/ Mandatsdokument<\/a><\/td><\/tr><tr><td>Dr. Alp\u00e1r<\/td><td>Al\u00e1n<\/td><td>Foglalkoztatott\/ Employee\/ Besch\u00e4ftigte(r)<\/td><td>Tag\/Member\/Mitglied<\/td><td>2025-07-01<\/td><td>2028-06-30<\/td><td><a href=\"https:\/\/semmelweis.hu\/bizottsagok\/files\/2025\/07\/30_bizottsag.pdf\">Megb\u00edzat\u00e1si dokumentum\/ Mandate document\/ Mandatsdokument<\/a><\/td><\/tr><tr><td>J\u00e1vor<\/td><td>Soma L\u00e1szl\u00f3<\/td><td>Hallgat\u00f3i jogviszony\/ Student status\/ Studierenenrechtsverh\u00e4ltnis<\/td><td>Tag\/Member\/Mitglied<\/td><td>2025-07-01<\/td><td>2028-06-30<\/td><td><a href=\"https:\/\/semmelweis.hu\/bizottsagok\/files\/2025\/07\/30_bizottsag.pdf\">Megb\u00edzat\u00e1si dokumentum\/ Mandate document\/ Mandatsdokument<\/a><\/td><\/tr>        \r\n        \r\n        <\/tbody>\r\n        <\/table>\r\n        <\/div>\r\n\r\n    <div id=\"archivTagokContainer\" style=\"overflow:auto;\">\r\n            <div class=\"exp-col-content-holder\" style=\"border: none;\">\r\n        <a class=\"expand-cnt-link ecf_closed\" href=\"#\">Arch\u00edv<\/a>\r\n        <div class=\"hidden-content\" style=\"display: none;\">\r\n                <table>\r\n            <thead style=\"text-align:center;\">\r\n                <th>Vezet\u00e9kn\u00e9v<\/th><th>Ut\u00f3n\u00e9v<\/th><th>Megb\u00edzat\u00e1s alapja<\/th><th>Megb\u00edzat\u00e1s t\u00edpusa<\/th><th>Megb\u00edzat\u00e1s kezdete<\/th><th>Megb\u00edzat\u00e1s v\u00e9ge<\/th><th>Megb\u00edzat\u00e1si dokumentum<\/th><th>Megsz\u0171n\u00e9s oka<\/th><th>Megsz\u0171n\u00e9s d\u00e1tuma<\/th>            <\/thead>\r\n            <tbody>\r\n            <tr><td>Dr. Kolev<\/td><td>Kraszimir<\/td><td>Foglalkoztatott\/ Employee\/ Besch\u00e4ftigte(r)<\/td><td>Tag\/ Member\/ Mitglied<\/td><td>2019-07-19<\/td><td>2022-07-18<\/td><td><a href=\"https:\/\/semmelweis.hu\/jogigfoig\/files\/2019\/06\/63_2019_VI_20_bizotts%C3%A1gok-az-%C3%81OK-on.pdf\">Megb\u00edzat\u00e1si dokumentum\/ Mandate document\/ Mandatsdokument<\/a><\/td><td>Megb\u00edzat\u00e1s lej\u00e1rta<\/td><td>2022-07-18<\/td><\/tr><tr><td>Dr. Riba<\/td><td>P\u00e1l<\/td><td>Foglalkoztatott\/ Employee\/ Besch\u00e4ftigte(r)<\/td><td>Tag\/ Member\/ Mitglied<\/td><td>2019-07-19<\/td><td>2022-07-18<\/td><td><a href=\"https:\/\/semmelweis.hu\/jogigfoig\/files\/2019\/06\/63_2019_VI_20_bizotts%C3%A1gok-az-%C3%81OK-on.pdf\">Megb\u00edzat\u00e1si dokumentum\/ Mandate document\/ Mandatsdokument<\/a><\/td><td>Megb\u00edzat\u00e1s lej\u00e1rta<\/td><td>2022-07-18<\/td><\/tr><tr><td>Palot\u00e1s<\/td><td>L\u0151rinc<\/td><td>Hallgat\u00f3i jogviszony\/ Student status\/ Studierendenrechtsverh\u00e4ltnis<\/td><td>Tag\/ Member\/ Mitglied<\/td><td>2020-10-03<\/td><td>2022-07-18<\/td><td><a href=\"https:\/\/semmelweis.hu\/jogigfoig\/files\/2020\/10\/182_2020_%C3%81OK-bizotts%C3%A1gok-szem%C3%A9lyi-%C3%B6sszet%C3%A9tele.pdf\">Megb\u00edzat\u00e1si dokumentum\/ Mandate document\/ Mandatsdokument<\/a><\/td><td>Megb\u00edzat\u00e1s lej\u00e1rta<\/td><td>2022-07-18<\/td><\/tr><tr><td>J\u00e1mbor<\/td><td>M\u00e1rk<\/td><td>Hallgat\u00f3i jogviszony\/ Student status\/ Studierendenrechtsverh\u00e4ltnis<\/td><td>Tag\/ Member\/ Mitglied<\/td><td>2019-09-05<\/td><td>2022-07-18<\/td><td><a href=\"https:\/\/semmelweis.hu\/jogigfoig\/files\/2019\/09\/97_VIII_29_A-Szen%C3%A1tus-%C3%A1ltal-l%C3%A9trehozott-%C3%A9s-az-%C3%81OK-on-m%C5%B1k%C3%B6d%C5%91-%C3%A1lland%C3%B3-bizotts%C3%A1gok-hallgat%C3%B3-tagjainak-megv%C3%A1laszt%C3%A1sa.pdf\">Megb\u00edzat\u00e1si dokumentum\/ Mandate document\/ Mandatsdokument<\/a><\/td><td>Egy\u00e9b megsz\u0171n\u00e9si ok<\/td><td>  <\/td><\/tr><tr><td>Dr. Tak\u00e1cs<\/td><td>Istv\u00e1n<\/td><td>Foglalkoztatott\/ Employee\/ Besch\u00e4ftigte(r)<\/td><td>Eln\u00f6k\/ Chairperson\/ Vorsitzender<\/td><td>2019-07-19<\/td><td>2022-07-18<\/td><td><a href=\"https:\/\/semmelweis.hu\/jogigfoig\/files\/2019\/06\/63_2019_VI_20_bizotts%C3%A1gok-az-%C3%81OK-on.pdf\">Megb\u00edzat\u00e1si dokumentum\/ Mandate document\/ Mandatsdokument<\/a><\/td><td>Megb\u00edzat\u00e1s lej\u00e1rta<\/td><td>2022-07-18<\/td><\/tr><tr><td>Dr. Alp\u00e1r<\/td><td>Al\u00e1n<\/td><td>Foglalkoztatott\/ Employee\/ Besch\u00e4ftigte(r)<\/td><td>Tag\/ Member\/ Mitglied<\/td><td>2019-07-19<\/td><td>2022-07-18<\/td><td><a href=\"https:\/\/semmelweis.hu\/jogigfoig\/files\/2019\/06\/63_2019_VI_20_bizotts%C3%A1gok-az-%C3%81OK-on.pdf\">Megb\u00edzat\u00e1si dokumentum\/Mandate docoment\/Mandatsdokument<\/a><\/td><td>Megb\u00edzat\u00e1s lej\u00e1rta<\/td><td>2022-07-18<\/td><td>  <\/td><\/tr><tr><td>Dr. Tak\u00e1cs<\/td><td>Istv\u00e1n<\/td><td>Foglalkoztatott\/ Employee\/ Besch\u00e4ftigte(r)<\/td><td>Eln\u00f6k\/ Chairperson\/ Vorsitzender<\/td><td>2022-07-19<\/td><td>2025-07-18<\/td><td><a href=\"https:\/\/semmelweis.hu\/bizottsagok\/files\/2022\/07\/31_hatarozat_bizottsagok.pdf\">Megb\u00edzat\u00e1si dokumentum\/ Mandate document\/ Mandatsdokument<\/a><\/td><td>Megb\u00edzat\u00e1s lej\u00e1rta<\/td><td>2025-06-30<\/td><\/tr><tr><td>Dr. Kolev<\/td><td>Kraszimir<\/td><td>Foglalkoztatott\/ Employee\/ Besch\u00e4ftigte(r)<\/td><td>Tag\/Member\/Mitglied<\/td><td>2022-07-19<\/td><td>2025-07-18<\/td><td><a href=\"https:\/\/semmelweis.hu\/bizottsagok\/files\/2022\/07\/31_hatarozat_bizottsagok.pdf\">Megb\u00edzat\u00e1si dokumentum\/ Mandate document\/ Mandatsdokument<\/a><\/td><td>Megb\u00edzat\u00e1s lej\u00e1rta<\/td><td>2025-06-30<\/td><\/tr><tr><td>Dr. Riba<\/td><td>P\u00e1l<\/td><td>Foglalkoztatott\/ Employee\/ Besch\u00e4ftigte(r)<\/td><td>Tag\/Member\/Mitglied<\/td><td>2022-07-19<\/td><td>2025-07-18<\/td><td><a href=\"https:\/\/semmelweis.hu\/bizottsagok\/files\/2022\/07\/31_hatarozat_bizottsagok.pdf\">Megb\u00edzat\u00e1si dokumentum\/ Mandate document\/ Mandatsdokument<\/a><\/td><td>Megb\u00edzat\u00e1s lej\u00e1rta<\/td><td>2025-06-30<\/td><\/tr><tr><td>Dr. Alp\u00e1r<\/td><td>Al\u00e1n<\/td><td>Foglalkoztatott\/ Employee\/ Besch\u00e4ftigte(r)<\/td><td>Tag\/Member\/Mitglied<\/td><td>2022-07-19<\/td><td>2025-07-18<\/td><td><a href=\"https:\/\/semmelweis.hu\/bizottsagok\/files\/2022\/07\/31_hatarozat_bizottsagok.pdf\">Megb\u00edzat\u00e1si dokumentum\/ Mandate document\/ Mandatsdokument<\/a><\/td><td>Megb\u00edzat\u00e1s lej\u00e1rta<\/td><td>2025-06-30<\/td><\/tr><tr><td>Palot\u00e1s<\/td><td>L\u0151rinc<\/td><td>Hallgat\u00f3i jogviszony\/ Student status\/ Studierendenrechtsverh\u00e4ltnis<\/td><td>Tag\/Member\/Mitglied<\/td><td>2022-07-19<\/td><td>2025-07-18<\/td><td><a href=\"https:\/\/semmelweis.hu\/bizottsagok\/files\/2022\/07\/31_hatarozat_bizottsagok.pdf\">Megb\u00edzat\u00e1si dokumentum\/ Mandate document\/ Mandatsdokument<\/a><\/td><td>Egy\u00e9b megsz\u0171n\u00e9si ok<\/td><td>2023-09-01<\/td><\/tr><tr><td>Pop  <\/td><td>Alexandra J\u00falia<\/td><td>Hallgat\u00f3i jogviszony\/ Student status\/ Studierendenrechtsverh\u00e4ltnis<\/td><td>Tag\/ Member\/ Mitglied<\/td><td>2023-10-03<\/td><td>2026-10-02<\/td><td><a href=\"https:\/\/semmelweis.hu\/bizottsagok\/files\/2024\/12\/2_bizottsagok_szemelyi_osszetetele-2.pdf\">Megb\u00edzat\u00e1si dokumentum\/ Mandate document\/ Mandatsdokument<\/a><\/td><td>Egy\u00e9b megsz\u0171n\u00e9si ok<\/td><td>2025-06-30<\/td><\/tr>            <\/tbody>\r\n            <\/table>\r\n        <\/div>\r\n        <\/div>\r\n    <\/div>\r\n    <\/div>\r\n    \n\n<\/div><h2 class=\"tabtitle\">\u00dcgyrend<\/h2>\n<div class=\"tabcontent\">\n\n<p><a href=\"https:\/\/semmelweis.hu\/bizottsagok\/files\/2026\/02\/Kreditatviteli_Bizottsag_ugyrend.pdf\" target=\"_blank\" rel=\"noopener\">Kredit\u00e1tviteli Bizotts\u00e1g \u00fcgyrendje<\/a><\/p>\n\n<\/div><h2 class=\"tabtitle\">\u00c9ves besz\u00e1mol\u00f3<\/h2>\n<div class=\"tabcontent\">\n\n<p><a href=\"https:\/\/semmelweis.hu\/jogigfoig\/files\/2020\/05\/68_2020_Besz%C3%A1mol%C3%B3-a-kari-bizotts%C3%A1gok-munk%C3%A1j%C3%A1r%C3%B3l.pdf\">A Semmelweis Egyetem\u00a0Szen\u00e1tus\u00e1nak\u00a068\/2020. (V.5.) sz\u00e1m\u00fa hat\u00e1rozata Besz\u00e1mol\u00f3 a Szen\u00e1tus \u00e1ltal l\u00e9trehozott,\u00a0<em>(Tanulm\u00e1nyi \u00e9s Vizsga Bizotts\u00e1g, Kredit\u00e1tviteli Bizotts\u00e1g, Etikai \u00e9s Fegyelmi Bizotts\u00e1g, a Pet\u0151 Andr\u00e1s Kar tekintet\u00e9ben tov\u00e1bbi k\u00e9t bizotts\u00e1g a Gyakorlati K\u00e9pz\u00e9si Bizotts\u00e1g \u00e9s a Kiad\u00f3i \u00e9s K\u00f6nyvt\u00e1r Bizotts\u00e1g)<\/em>\u00a0karokon m\u0171k\u00f6d\u0151 \u00e1lland\u00f3 bizotts\u00e1gok munk\u00e1j\u00e1r\u00f3l<\/a><\/p>\n<p><a href=\"https:\/\/semmelweis.hu\/bizottsagok\/files\/2022\/03\/Kreditatviteli_Bizottsag_Beszamolo_2021_magyar-kerelmek.pdf\" target=\"_blank\" rel=\"noopener\">Kredit\u00e1tviteli Bizotts\u00e1g \u00e9ves besz\u00e1mol\u00f3 2021<\/a><\/p>\n<p><a href=\"https:\/\/semmelweis.hu\/bizottsagok\/files\/2026\/01\/AOK_KAB_2.pdf\">Kredit\u00e1tviteli Bizotts\u00e1g \u00e9ves besz\u00e1mol\u00f3ja 2024<\/a><\/p>\n<p>&nbsp;<\/p>\n<div><\/div><\/div><\/div>\n<div>\u00a0<\/div>\n<div>\u00a0<\/div>\n","protected":false},"excerpt":{"rendered":"<p>m\u00e1s hazai egyetemr\u0151l, saj\u00e1t egyetem\u00fcnk m\u00e1s karair\u00f3l k\u00e9rt \u00e1tv\u00e9tel \u00e9s k\u00fclf\u00f6ldi egyetemen kor\u00e1bban megszerzett kreditek \u00e1tvitele, saj\u00e1t egyetem\u00fcnk\u00f6n kor\u00e1bban szerzett kreditek elismertet\u00e9si k\u00e9relme a tanulm\u00e1nyok \u00fajrakezd\u00e9se kapcs\u00e1n, saj\u00e1t egyetemi hallgat\u00f3ink TDK \u00e9s klinikai munka tev\u00e9kenys\u00e9g\u00e9nek kredittel t\u00f6rt\u00e9n\u0151 elismer\u00e9se Erasmus csereprogramban v\u00e9gzett tanulm\u00e1nyok kreditjeinek elismer\u00e9se az SZMSZ rendelkez\u00e9seivel \u00f6sszhangban a Bizotts\u00e1g egyes speci\u00e1lis feladatok ell\u00e1t\u00e1sval \u00e9s &hellip;<\/p>\n","protected":false},"author":101862,"featured_media":0,"parent":860,"menu_order":0,"comment_status":"closed","ping_status":"closed","template":"template-fullwidth.php","meta":{"_acf_changed":false,"footnotes":""},"categories":[],"tags":[],"class_list":["post-182","page","type-page","status-publish","hentry"],"acf":[],"_links":{"self":[{"href":"https:\/\/semmelweis.hu\/bizottsagok\/wp-json\/wp\/v2\/pages\/182","targetHints":{"allow":["GET"]}}],"collection":[{"href":"https:\/\/semmelweis.hu\/bizottsagok\/wp-json\/wp\/v2\/pages"}],"about":[{"href":"https:\/\/semmelweis.hu\/bizottsagok\/wp-json\/wp\/v2\/types\/page"}],"author":[{"embeddable":true,"href":"https:\/\/semmelweis.hu\/bizottsagok\/wp-json\/wp\/v2\/users\/101862"}],"replies":[{"embeddable":true,"href":"https:\/\/semmelweis.hu\/bizottsagok\/wp-json\/wp\/v2\/comments?post=182"}],"version-history":[{"count":12,"href":"https:\/\/semmelweis.hu\/bizottsagok\/wp-json\/wp\/v2\/pages\/182\/revisions"}],"predecessor-version":[{"id":2874,"href":"https:\/\/semmelweis.hu\/bizottsagok\/wp-json\/wp\/v2\/pages\/182\/revisions\/2874"}],"up":[{"embeddable":true,"href":"https:\/\/semmelweis.hu\/bizottsagok\/wp-json\/wp\/v2\/pages\/860"}],"wp:attachment":[{"href":"https:\/\/semmelweis.hu\/bizottsagok\/wp-json\/wp\/v2\/media?parent=182"}],"wp:term":[{"taxonomy":"category","embeddable":true,"href":"https:\/\/semmelweis.hu\/bizottsagok\/wp-json\/wp\/v2\/categories?post=182"},{"taxonomy":"post_tag","embeddable":true,"href":"https:\/\/semmelweis.hu\/bizottsagok\/wp-json\/wp\/v2\/tags?post=182"}],"curies":[{"name":"wp","href":"https:\/\/api.w.org\/{rel}","templated":true}]}}