{"id":1810,"date":"2021-05-04T13:57:42","date_gmt":"2021-05-04T11:57:42","guid":{"rendered":"https:\/\/semmelweis.hu\/bizottsagok\/?page_id=1810"},"modified":"2025-09-29T13:36:14","modified_gmt":"2025-09-29T11:36:14","slug":"professzorok-semmelweis-kollegiuma","status":"publish","type":"page","link":"https:\/\/semmelweis.hu\/bizottsagok\/allando-bizottsagok\/egyetem-egeszere-feladat-es-hataskorrel-rendelkezo-bizottsagok\/professzorok-semmelweis-kollegiuma\/","title":{"rendered":"PROFESSZOROK SEMMELWEIS KOLL\u00c9GIUMA"},"content":{"rendered":"<div class=\"responsive-tabs\">\n<h2 class=\"tabtitle\">Feladat- \u00e9s hat\u00e1sk\u00f6r<\/h2>\n<div class=\"tabcontent\">\n\n<p style=\"text-align: justify\">A Professzorok Semmelweis Koll\u00e9giuma\u00a0a rektor tan\u00e1csad\u00f3 test\u00fclete. A rektor felk\u00e9r\u00e9s\u00e9re<\/p>\n<ul>\n<li style=\"text-align: justify\">\u00a0v\u00e9lem\u00e9nyezi az Egyetem k\u00fcldet\u00e9snyilatkozat\u00e1t, fejleszt\u00e9si ir\u00e1nyelveit, strat\u00e9giai terveit \u00e9s m\u00e1s strat\u00e9giai jelent\u0151s\u00e9g\u0171 dokumentumait, illetve ezek tervezeteit,<\/li>\n<li style=\"text-align: justify\">tan\u00e1csot ad, javaslatot fogalmaz meg m\u00e1s kiemelt jelent\u0151s\u00e9g\u0171, a Szen\u00e1tus feladatk\u00f6r\u00e9be tartoz\u00f3 k\u00e9rd\u00e9sekben.<\/li>\n<\/ul>\n\n<\/div><h2 class=\"tabtitle\">Tagjai<\/h2>\n<div class=\"tabcontent\">\n\n<p><em><strong>Kapcsolattart\u00f3:<\/strong><\/em> M\u00e1rton Em\u0151ke<br \/>\n<em><strong>Email:<\/strong><\/em> <a href=\"mailto:sedlak.rita@semmelweis-univ.hu\">marton.emoke@semmelweis-univ.hu<\/a><\/p>\n<p>Tagjai<\/p>\n<ul>\n<li style=\"text-align: justify\">hivatalb\u00f3l, amennyiben nem rendelkezik az Egyetemen vezet\u0151i megb\u00edz\u00e1ssal, \u00e9s a rektor felk\u00e9r\u00e9s\u00e9t a PSK munk\u00e1j\u00e1ban val\u00f3 r\u00e9szv\u00e9telre elfogadja:<\/li>\n<\/ul>\n<p style=\"padding-left: 80px\"><span style=\"font-size: 1rem\">-az Egyetem kor\u00e1bbi rektorai,<\/span><\/p>\n<p style=\"padding-left: 80px;text-align: justify\">-az Egyetem b\u00e1rmely kar\u00e1nak kor\u00e1bbi d\u00e9k\u00e1njai,<\/p>\n<p style=\"padding-left: 80px;text-align: justify\">-a Doktori Tan\u00e1cs kor\u00e1bbi eln\u00f6kei,<\/p>\n<p style=\"padding-left: 80px;text-align: justify\">-az egyetem azon 60 \u00e9v feletti k\u00f6zalkalmazottai, eg\u00e9szs\u00e9g\u00fcgyi szolg\u00e1lati jogviszonyban \u00e1ll\u00f3 szem\u00e9lyek, illetve azon az egyetem \u00e1ltal adom\u00e1nyozott Professor Emeritus c\u00edmmel rendelkez\u0151k, akik a Magyar Tudom\u00e1nyos Akad\u00e9miarendes tagjai, levelez\u0151 tagjai.<\/p>\n<ul>\n<li style=\"text-align: justify\">v\u00e1laszt\u00e1s alapj\u00e1n az Egyetem 60 \u00e9v feletti, nagytekint\u00e9ly\u0171, az Egyetemen vezet\u0151i megb\u00edz\u00e1ssal nem rendelkez\u0151 oktat\u00f3i, kutat\u00f3i, Professor Emeritusai k\u00f6z\u00fcl a rektor \u00e9s a PSK eln\u00f6k\u00e9nek k\u00f6z\u00f6s javaslat\u00e1ra megv\u00e1lasztott tagok, ide\u00e9rtve azokat is, akik\u00a0konduktork\u00e9pz\u00e9sben tapasztalatot szerzett oktat\u00f3k-kutat\u00f3k vonatkoz\u00e1s\u00e1ban tagnak jel\u00f6lhet\u0151, illetve tagg\u00e1 v\u00e1laszthat\u00f3 valamint, aki egyetemi vagy f\u0151iskolai tan\u00e1ri kinevez\u00e9ssel rendelkezett, \u00e9s k\u00f6zalkalmazotti, eg\u00e9szs\u00e9g\u00fcgyi szolg\u00e1lati jogviszonya az egyetemmel vagy jogel\u0151dj\u00e9vel nyugd\u00edjba vonul\u00e1s\u00e1ra tekintettel sz\u0171nt meg.<\/li>\n<\/ul>\n<p>&nbsp;<\/p>\n<table class=\"tablepress tablepress-id-174\" style=\"width: 100%;height: 66px\">\n<thead>\n<tr class=\"row-1 odd\" style=\"height: 18px\">\n<th class=\"column-1\" style=\"width: 53.4376%;height: 18px;text-align: center\" colspan=\"2\">Bizotts\u00e1gi tagok<\/th>\n<th class=\"column-2\" style=\"width: 46.5625%;height: 18px;text-align: center\">N\u00e9v\/titulus<\/th>\n<\/tr>\n<\/thead>\n<tbody>\n<tr style=\"height: 48px\">\n<td style=\"width: 15.1563%;height: 48px\"><em><strong>Eln\u00f6k:<\/strong><\/em>\u00a0<\/td>\n<td style=\"width: 38.2813%;height: 48px\"><strong>Dr. Sz\u00e9l \u00c1goston<\/strong><\/td>\n<td style=\"width: 46.5625%;height: 48px\" width=\"313\">egyetemi tan\u00e1r, rector emeritus<\/td>\n<\/tr>\n<\/tbody>\n<\/table>\n<p>&nbsp;<\/p>\n<\/div><\/div>\n","protected":false},"excerpt":{"rendered":"<p>A Professzorok Semmelweis Koll\u00e9giuma\u00a0a rektor tan\u00e1csad\u00f3 test\u00fclete. A rektor felk\u00e9r\u00e9s\u00e9re \u00a0v\u00e9lem\u00e9nyezi az Egyetem k\u00fcldet\u00e9snyilatkozat\u00e1t, fejleszt\u00e9si ir\u00e1nyelveit, strat\u00e9giai terveit \u00e9s m\u00e1s strat\u00e9giai jelent\u0151s\u00e9g\u0171 dokumentumait, illetve ezek tervezeteit, tan\u00e1csot ad, javaslatot fogalmaz meg m\u00e1s kiemelt jelent\u0151s\u00e9g\u0171, a Szen\u00e1tus feladatk\u00f6r\u00e9be tartoz\u00f3 k\u00e9rd\u00e9sekben. Kapcsolattart\u00f3: M\u00e1rton Em\u0151ke Email: <a href=\"mailto:sedlak.rita@semmelweis-univ.hu\">marton.emoke@semmelweis-univ.hu<\/a> Tagjai hivatalb\u00f3l, amennyiben nem rendelkezik az Egyetemen vezet\u0151i megb\u00edz\u00e1ssal, \u00e9s a rektor &hellip;<\/p>\n","protected":false},"author":101859,"featured_media":0,"parent":834,"menu_order":0,"comment_status":"closed","ping_status":"closed","template":"template-fullwidth.php","meta":{"_acf_changed":false,"footnotes":""},"categories":[],"tags":[],"class_list":["post-1810","page","type-page","status-publish","hentry"],"acf":[],"_links":{"self":[{"href":"https:\/\/semmelweis.hu\/bizottsagok\/wp-json\/wp\/v2\/pages\/1810","targetHints":{"allow":["GET"]}}],"collection":[{"href":"https:\/\/semmelweis.hu\/bizottsagok\/wp-json\/wp\/v2\/pages"}],"about":[{"href":"https:\/\/semmelweis.hu\/bizottsagok\/wp-json\/wp\/v2\/types\/page"}],"author":[{"embeddable":true,"href":"https:\/\/semmelweis.hu\/bizottsagok\/wp-json\/wp\/v2\/users\/101859"}],"replies":[{"embeddable":true,"href":"https:\/\/semmelweis.hu\/bizottsagok\/wp-json\/wp\/v2\/comments?post=1810"}],"version-history":[{"count":11,"href":"https:\/\/semmelweis.hu\/bizottsagok\/wp-json\/wp\/v2\/pages\/1810\/revisions"}],"predecessor-version":[{"id":1860,"href":"https:\/\/semmelweis.hu\/bizottsagok\/wp-json\/wp\/v2\/pages\/1810\/revisions\/1860"}],"up":[{"embeddable":true,"href":"https:\/\/semmelweis.hu\/bizottsagok\/wp-json\/wp\/v2\/pages\/834"}],"wp:attachment":[{"href":"https:\/\/semmelweis.hu\/bizottsagok\/wp-json\/wp\/v2\/media?parent=1810"}],"wp:term":[{"taxonomy":"category","embeddable":true,"href":"https:\/\/semmelweis.hu\/bizottsagok\/wp-json\/wp\/v2\/categories?post=1810"},{"taxonomy":"post_tag","embeddable":true,"href":"https:\/\/semmelweis.hu\/bizottsagok\/wp-json\/wp\/v2\/tags?post=1810"}],"curies":[{"name":"wp","href":"https:\/\/api.w.org\/{rel}","templated":true}]}}