{"id":1808,"date":"2021-05-04T13:57:06","date_gmt":"2021-05-04T11:57:06","guid":{"rendered":"https:\/\/semmelweis.hu\/bizottsagok\/?page_id=1808"},"modified":"2026-02-02T15:15:44","modified_gmt":"2026-02-02T14:15:44","slug":"minosegfejlesztesi-tanacs","status":"publish","type":"page","link":"https:\/\/semmelweis.hu\/bizottsagok\/allando-bizottsagok\/egyetem-egeszere-feladat-es-hataskorrel-rendelkezo-bizottsagok\/minosegfejlesztesi-tanacs\/","title":{"rendered":"MIN\u0150S\u00c9GFEJLESZT\u00c9SI TAN\u00c1CS"},"content":{"rendered":"<div class=\"responsive-tabs\">\n<h2 class=\"tabtitle\">Feladat- \u00e9s hat\u00e1sk\u00f6r<\/h2>\n<div class=\"tabcontent\">\n\n<p style=\"text-align: justify;\">A Min\u0151s\u00e9gfejleszt\u00e9si Tan\u00e1cs feladata a vezet\u0151s\u00e9gi \u00e1tvizsg\u00e1l\u00e1s lefolytat\u00e1sa valamint a helyesb\u00edt\u0151 \u00e9s megel\u0151z\u0151 tev\u00e9kenys\u00e9gek ind\u00edtv\u00e1nyoz\u00e1sa.<\/p>\n\n<\/div><h2 class=\"tabtitle\">Tagjai<\/h2>\n<div class=\"tabcontent\">\n\n<p>A Min\u0151s\u00e9gfejleszt\u00e9si Tan\u00e1cs szavazati jog\u00fa \u00e9s \u00e1lland\u00f3, ill. szak\u00e9rt\u0151i megh\u00edvott tagokb\u00f3l \u00e1ll. A tags\u00e1ghoz sz\u00fcks\u00e9ges beoszt\u00e1s az al\u00e1bbiakban olvashat\u00f3:<\/p>\n<h6><strong>Eln\u00f6k:\u00a0<\/strong><span style=\"color: #000000;\">Rektor<\/span><\/h6>\n<h6><strong>Tagok:<\/strong><\/h6>\n<ul style=\"list-style-type: square;\">\n<li>Kancell\u00e1r<strong><em>\u00a0<\/em><\/strong><\/li>\n<li>\u00c1ltal\u00e1nos rektorhelyettes<strong><em>\u00a0<\/em><\/strong><\/li>\n<li>Oktat\u00e1si rektorhelyettes<strong><em>\u00a0<\/em><\/strong><\/li>\n<li>Tudom\u00e1nyos \u00e9s innov\u00e1ci\u00f3s rektorhelyettes<strong><em>\u00a0<\/em><\/strong><\/li>\n<li>Klinikai rektrohelyettes<strong><em>\u00a0<\/em><\/strong><\/li>\n<li>Strat\u00e9giai \u00e9s fejleszt\u00e9si rektorhelyettes<strong><em>\u00a0<\/em><\/strong><\/li>\n<li>Nemzetk\u00f6zi k\u00e9pz\u00e9sek\u00e9rt felel\u0151s rektorhelyettes<strong><em>\u00a0<\/em><\/strong><\/li>\n<li>\u00c1ltal\u00e1nos Orvostudom\u00e1nyi Kar d\u00e9k\u00e1nja<\/li>\n<li>Fogorvostudom\u00e1nyi Kar d\u00e9k\u00e1nja<\/li>\n<li>Gy\u00f3gyszer\u00e9sztudom\u00e1nyi Kar d\u00e9k\u00e1nja<\/li>\n<li>Eg\u00e9szs\u00e9gtudom\u00e1nyi Kar d\u00e9k\u00e1nja<\/li>\n<li>Eg\u00e9szs\u00e9g\u00fcgyi K\u00f6zszolg\u00e1lati Kar d\u00e9k\u00e1nja<\/li>\n<li>Pet\u0151 Andr\u00e1s Kar D\u00e9k\u00e1nja<\/li>\n<li>Doktori Tan\u00e1cs eln\u00f6ke<\/li>\n<li>Klinikai K\u00f6zpont eln\u00f6ke (amennyiben a Klinikai rektorhelyettes elt\u00e9r\u0151 szem\u00e9ly)<\/li>\n<li>Orvosszakmai f\u0151igazgat\u00f3<\/li>\n<li>Gazdas\u00e1gi f\u0151igazgat\u00f3<\/li>\n<li>Emberier\u0151forr\u00e1s-gazd\u00e1lkod\u00e1si f\u0151igazgat\u00f3<\/li>\n<li>M\u0171szaki f\u0151igazgat\u00f3<\/li>\n<li>Jogi \u00e9s igazgat\u00e1si f\u0151igazgat\u00f3<\/li>\n<li>Min\u0151s\u00e9gfejleszt\u00e9si vezet\u0151<\/li>\n<li>Energiair\u00e1ny\u00edt\u00e1si vezet\u0151<\/li>\n<li>Klinikai K\u00f6zpont \u00e1pol\u00e1si igazgat\u00f3ja<\/li>\n<\/ul>\n<h6>\n<strong>\u00c1lland\u00f3 megh\u00edvottak:<\/strong><\/h6>\n<ul style=\"list-style-type: square;\">\n<li>Betegjogi k\u00e9pvisel\u0151<\/li>\n<li>K\u00f3rh\u00e1zhigi\u00e9n\u00e9s f\u0151orvos<\/li>\n<li>Egyetemi Hallgat\u00f3i \u00d6nkorm\u00e1nyzat eln\u00f6ke<\/li>\n<li>Doktorandusz \u00d6nkorm\u00e1nyzat eln\u00f6ke<\/li>\n<\/ul>\n<h6><strong>Szak\u00e9rt\u0151i megh\u00edvottak:<\/strong><\/h6>\n<ul style=\"list-style-type: square;\">\n<li>Rektor \u00e1ltal megh\u00edvott k\u00fcls\u0151 tagok, szak\u00e9rt\u0151k<\/li>\n<\/ul>\n\n<\/div><h2 class=\"tabtitle\">\u00dcgyrend<\/h2>\n<div class=\"tabcontent\">\n\n<p><a href=\"https:\/\/semmelweis.hu\/bizottsagok\/files\/2021\/05\/4_2021_mell\u00e9klet_MT-\u00fcgyrend.pdf\">Min\u0151s\u00e9gfejleszt\u00e9si Tan\u00e1cs \u00fcgyrendje<\/a><\/p>\n<p><a href=\"https:\/\/semmelweis.hu\/jogigfoig\/files\/2021\/02\/4_2021_a-Min%C5%91s%C3%A9gfejleszt%C3%A9si-Tan%C3%A1cs-%C3%BCgyrendj%C3%A9nek-elfogad%C3%A1s%C3%A1r%C3%B3l.pdf\">A Semmelweis Egyetem\u00a0Szen\u00e1tus\u00e1nak\u00a04\/2021. (I.28.) sz\u00e1m\u00fa hat\u00e1rozata\u00a0a Min\u0151s\u00e9gfejleszt\u00e9si Tan\u00e1cs \u00fcgyrendj\u00e9r\u0151l<\/a><\/p>\n<p><a href=\"https:\/\/semmelweis.hu\/jogigfoig\/files\/2021\/02\/4_2021_mell%C3%A9klet_MT-%C3%BCgyrend.pdf\">A Semmelweis Egyetem Szen\u00e1tus\u00e1nak 4\/2021. (I.28.) sz\u00e1m\u00fa hat\u00e1rozata a Min\u0151s\u00e9gfejleszt\u00e9si Tan\u00e1cs \u00fcgyrendj\u00e9r\u0151l \u00a0\u2013 1. sz\u00e1m\u00fa mell\u00e9klet<\/a><\/p>\n<\/div><\/div>\n","protected":false},"excerpt":{"rendered":"<p>A Min\u0151s\u00e9gfejleszt\u00e9si Tan\u00e1cs feladata a vezet\u0151s\u00e9gi \u00e1tvizsg\u00e1l\u00e1s lefolytat\u00e1sa valamint a helyesb\u00edt\u0151 \u00e9s megel\u0151z\u0151 tev\u00e9kenys\u00e9gek ind\u00edtv\u00e1nyoz\u00e1sa. A Min\u0151s\u00e9gfejleszt\u00e9si Tan\u00e1cs szavazati jog\u00fa \u00e9s \u00e1lland\u00f3, ill. szak\u00e9rt\u0151i megh\u00edvott tagokb\u00f3l \u00e1ll. A tags\u00e1ghoz sz\u00fcks\u00e9ges beoszt\u00e1s az al\u00e1bbiakban olvashat\u00f3: Eln\u00f6k:\u00a0Rektor Tagok: Kancell\u00e1r\u00a0 \u00c1ltal\u00e1nos rektorhelyettes\u00a0 Oktat\u00e1si rektorhelyettes\u00a0 Tudom\u00e1nyos \u00e9s innov\u00e1ci\u00f3s rektorhelyettes\u00a0 Klinikai rektrohelyettes\u00a0 Strat\u00e9giai \u00e9s fejleszt\u00e9si rektorhelyettes\u00a0 Nemzetk\u00f6zi k\u00e9pz\u00e9sek\u00e9rt felel\u0151s rektorhelyettes\u00a0 &hellip;<\/p>\n","protected":false},"author":101859,"featured_media":0,"parent":834,"menu_order":0,"comment_status":"closed","ping_status":"closed","template":"template-fullwidth.php","meta":{"_acf_changed":false,"footnotes":""},"categories":[],"tags":[],"class_list":["post-1808","page","type-page","status-publish","hentry"],"acf":[],"_links":{"self":[{"href":"https:\/\/semmelweis.hu\/bizottsagok\/wp-json\/wp\/v2\/pages\/1808","targetHints":{"allow":["GET"]}}],"collection":[{"href":"https:\/\/semmelweis.hu\/bizottsagok\/wp-json\/wp\/v2\/pages"}],"about":[{"href":"https:\/\/semmelweis.hu\/bizottsagok\/wp-json\/wp\/v2\/types\/page"}],"author":[{"embeddable":true,"href":"https:\/\/semmelweis.hu\/bizottsagok\/wp-json\/wp\/v2\/users\/101859"}],"replies":[{"embeddable":true,"href":"https:\/\/semmelweis.hu\/bizottsagok\/wp-json\/wp\/v2\/comments?post=1808"}],"version-history":[{"count":10,"href":"https:\/\/semmelweis.hu\/bizottsagok\/wp-json\/wp\/v2\/pages\/1808\/revisions"}],"predecessor-version":[{"id":2870,"href":"https:\/\/semmelweis.hu\/bizottsagok\/wp-json\/wp\/v2\/pages\/1808\/revisions\/2870"}],"up":[{"embeddable":true,"href":"https:\/\/semmelweis.hu\/bizottsagok\/wp-json\/wp\/v2\/pages\/834"}],"wp:attachment":[{"href":"https:\/\/semmelweis.hu\/bizottsagok\/wp-json\/wp\/v2\/media?parent=1808"}],"wp:term":[{"taxonomy":"category","embeddable":true,"href":"https:\/\/semmelweis.hu\/bizottsagok\/wp-json\/wp\/v2\/categories?post=1808"},{"taxonomy":"post_tag","embeddable":true,"href":"https:\/\/semmelweis.hu\/bizottsagok\/wp-json\/wp\/v2\/tags?post=1808"}],"curies":[{"name":"wp","href":"https:\/\/api.w.org\/{rel}","templated":true}]}}