{"id":168,"date":"2020-11-23T23:32:42","date_gmt":"2020-11-23T22:32:42","guid":{"rendered":"https:\/\/semmelweis.hu\/bizottsagok\/?page_id=168"},"modified":"2025-11-13T10:02:38","modified_gmt":"2025-11-13T09:02:38","slug":"hallgatok-szocialis-es-eselyegyenlosegi-ugyeivel-foglalkozo-bizottsag","status":"publish","type":"page","link":"https:\/\/semmelweis.hu\/bizottsagok\/allando-bizottsagok\/egyetem-egeszere-feladat-es-hataskorrel-rendelkezo-bizottsagok\/hallgatok-szocialis-es-eselyegyenlosegi-ugyeivel-foglalkozo-bizottsag\/","title":{"rendered":"HALLGAT\u00d3K SZOCI\u00c1LIS \u00c9S ES\u00c9LYEGYENL\u0150S\u00c9GI \u00dcGYEIVEL FOGLALKOZ\u00d3 BIZOTTS\u00c1G"},"content":{"rendered":"<div class=\"responsive-tabs\">\n<h2 class=\"tabtitle\">Feladat- \u00e9s hat\u00e1sk\u00f6r<\/h2>\n<div class=\"tabcontent\">\n\n<p>A Bizotts\u00e1g feladatait a T\u00e9r\u00edt\u00e9si \u00e9s Juttat\u00e1si Szab\u00e1lyzat szab\u00e1lyozza.<\/p>\n<p>A bizotts\u00e1g feladatai:<\/p>\n<ul>\n<li>Alapt\u00e1mogat\u00e1s, rendszeres \u00e9s rendk\u00edv\u00fcli szoci\u00e1lis \u00f6szt\u00f6nd\u00edj p\u00e1ly\u00e1zatok eset\u00e9<\/li>\n<li>a hallgat\u00f3 szoci\u00e1lis pontsz\u00e1m\u00e1nak a TJSZ 1. sz. mell\u00e9klete alapj\u00e1n val\u00f3 meghat\u00e1roz\u00e1sa,<\/li>\n<li>a hallgat\u00f3 10 %-os illetve 20 %-os r\u00e1szorults\u00e1gi csoportba tartoz\u00e1s\u00e1nak meghat\u00e1roz\u00e1sa.<\/li>\n<li>Els\u0151\u00e9ves \u00e9s fels\u0151bb\u00e9ves koll\u00e9giumi jelentkez\u00e9sek elb\u00edr\u00e1l\u00e1sa.<\/li>\n<li>Javaslat t\u00e9tele a rektornak koll\u00e9giumi d\u00edjmentess\u00e9g tekintet\u00e9ben.<\/li>\n<li>K\u00f6lts\u00e9gt\u00e9r\u00edt\u00e9s\/\u00f6nk\u00f6lts\u00e9g eset\u00e9n a r\u00e9szletfizet\u00e9sre\/fizet\u00e9si halad\u00e9kra \u00e9s mentess\u00e9gre ir\u00e1nyul\u00f3 k\u00e9relmek v\u00e9lem\u00e9nyez\u00e9se.<\/li>\n<\/ul>\n\n<\/div><h2 class=\"tabtitle\">Tagjai<\/h2>\n<div class=\"tabcontent\">\n\n<p><em><strong>Kapcsolattart\u00f3:<\/strong><\/em> Nagy-P\u00e1l Orsolya<br \/>\n<em><strong>Email:<\/strong><\/em> nagy-pal.orsolya@semmelweis.hu<\/p>\n    \r\n    <div id=\"peopleContainer\" style=\"text-align:center;\">\r\n    <input type=\"hidden\" name=\"cimkek\" id=\"cimkek\" value=\"Vezet\u00e9kn\u00e9v,Ut\u00f3n\u00e9v,Megb\u00edzat\u00e1s alapja,Megb\u00edzat\u00e1s t\u00edpusa,Megb\u00edzat\u00e1s kezdete,Megb\u00edzat\u00e1s v\u00e9ge,Megb\u00edzat\u00e1si dokumentum,Megsz\u0171n\u00e9s oka,Megsz\u0171n\u00e9s d\u00e1tuma\">\r\n    <input type=\"hidden\" name=\"kihagy_aktiv\" id=\"kihagy_aktiv\" value=\"Megsz\u0171n\u00e9s oka||megszunes_oka,Megsz\u0171n\u00e9s d\u00e1tuma||megszunes_datuma\">\r\n    <input type=\"hidden\" name=\"kihagy_archiv\" id=\"kihagy_archiv\" value=\"\">\r\n    <div id=\"aktivTagokContainer\" style=\"overflow:auto;\">\r\n        <table>\r\n        <thead style=\"text-align:center;\">\r\n            <th>Vezet\u00e9kn\u00e9v<\/th><th>Ut\u00f3n\u00e9v<\/th><th>Megb\u00edzat\u00e1s alapja<\/th><th>Megb\u00edzat\u00e1s t\u00edpusa<\/th><th>Megb\u00edzat\u00e1s kezdete<\/th><th>Megb\u00edzat\u00e1s v\u00e9ge<\/th><th>Megb\u00edzat\u00e1si dokumentum<\/th>        <\/thead>\r\n        <tbody>\r\n        <tr><td>Dr. Terebessy<\/td><td>Andr\u00e1s<\/td><td>Foglalkoztatott\/ Employee\/ Besch\u00e4ftigte(r)<\/td><td>Tag\/ Member\/ Mitglied<\/td><td>2024-09-27<\/td><td>2027-09-30<\/td><td><a href=\"https:\/\/semmelweis.hu\/jogigfoig\/files\/2024\/10\/80_2024_SZEB-szemelyi-osszetetel-megujitasa.pdf\">Megb\u00edzat\u00e1si dokumentum\/ Mandate document\/ Mandatsdokument<\/a><\/td><\/tr><tr><td>Dr. R\u00f3zsa<\/td><td>No\u00e9mi Katinka<\/td><td>Foglalkoztatott\/ Employee\/ Besch\u00e4ftigte(r)<\/td><td>Eln\u00f6k\/ Chairperson\/ Vorsitzender<\/td><td>2024-09-27<\/td><td>2027-09-30<\/td><td><a href=\"https:\/\/semmelweis.hu\/jogigfoig\/files\/2024\/10\/80_2024_SZEB-szemelyi-osszetetel-megujitasa.pdf\">Megb\u00edzat\u00e1si dokumentum\/ Mandate document\/ Mandatsdokument<\/a><\/td><\/tr><tr><td>Dr. Kiss<\/td><td>Judit<\/td><td>Foglalkoztatott\/ Employee\/ Besch\u00e4ftigte(r)<\/td><td>Tag\/ Member\/ Mitglied<\/td><td>2024-09-27<\/td><td>2027-09-30<\/td><td><a href=\"https:\/\/semmelweis.hu\/jogigfoig\/files\/2024\/10\/80_2024_SZEB-szemelyi-osszetetel-megujitasa.pdf\">Megb\u00edzat\u00e1si dokumentum\/ Mandate document\/ Mandatsdokument<\/a><\/td><\/tr><tr><td>Dr. Horv\u00e1th<\/td><td>P\u00e9ter<\/td><td>Foglalkoztatott\/ Employee\/ Besch\u00e4ftigte(r)<\/td><td>Tag\/ Member\/ Mitglied<\/td><td>2024-09-27<\/td><td>2027-09-30<\/td><td><a href=\"https:\/\/semmelweis.hu\/jogigfoig\/files\/2024\/10\/80_2024_SZEB-szemelyi-osszetetel-megujitasa.pdf\">Megb\u00edzat\u00e1si dokumentum\/ Mandate document\/ Mandatsdokument<\/a><\/td><\/tr><tr><td>Dr. Balogh<\/td><td>Emese Celeszta<\/td><td>Foglalkoztatott\/ Employee\/ Besch\u00e4ftigte(r)<\/td><td>Tag\/ Member\/ Mitglied<\/td><td>2024-09-27<\/td><td>2027-09-30<\/td><td><a href=\"https:\/\/semmelweis.hu\/jogigfoig\/files\/2024\/10\/80_2024_SZEB-szemelyi-osszetetel-megujitasa.pdf\">Megb\u00edzat\u00e1si dokumentum\/ Mandate document\/ Mandatsdokument<\/a><\/td><\/tr><tr><td>Krebs<\/td><td>M\u00e1t\u00e9<\/td><td>Hallgat\u00f3i jogviszony\/ Student status\/ Studierendenrechtsverh\u00e4ltnis<\/td><td>Tag\/ Member\/ Mitglied<\/td><td>2024-09-27<\/td><td>2027-09-30<\/td><td><a href=\"https:\/\/semmelweis.hu\/jogigfoig\/files\/2024\/10\/80_2024_SZEB-szemelyi-osszetetel-megujitasa.pdf\">Megb\u00edzat\u00e1si dokumentum\/ Mandate document\/ Mandatsdokument<\/a><\/td><\/tr><tr><td>G\u00e1l<\/td><td>Benedek<\/td><td>Hallgat\u00f3i jogviszony\/ Student status\/ Studierendenrechtsverh\u00e4ltnis<\/td><td>Tag\/ Member\/ Mitglied<\/td><td>2024-09-27<\/td><td>2027-09-30<\/td><td><a href=\"https:\/\/semmelweis.hu\/jogigfoig\/files\/2024\/10\/80_2024_SZEB-szemelyi-osszetetel-megujitasa.pdf\">Megb\u00edzat\u00e1si dokumentum\/ Mandate document\/ Mandatsdokument<\/a><\/td><\/tr><tr><td>Nagy<\/td><td>Imre Rich\u00e1rd<\/td><td>Hallgat\u00f3i jogviszony\/ Student status\/ Studierendenrechtsverh\u00e4ltnis<\/td><td>Tag\/ Member\/ Mitglied<\/td><td>2024-09-27<\/td><td>2027-09-30<\/td><td><a href=\"https:\/\/semmelweis.hu\/jogigfoig\/files\/2024\/10\/80_2024_SZEB-szemelyi-osszetetel-megujitasa.pdf\">Megb\u00edzat\u00e1si dokumentum\/ Mandate document\/ Mandatsdokument<\/a><\/td><\/tr><tr><td>Putz<\/td><td>Fanni<\/td><td>Hallgat\u00f3i jogviszony\/ Student status\/ Studierendenrechtsverh\u00e4ltnis<\/td><td>Tag\/ Member\/ Mitglied<\/td><td>2024-09-27<\/td><td>2027-09-30<\/td><td><a href=\"https:\/\/semmelweis.hu\/jogigfoig\/files\/2024\/10\/80_2024_SZEB-szemelyi-osszetetel-megujitasa.pdf\">Megb\u00edzat\u00e1si dokumentum\/ Mandate document\/ Mandatsdokument<\/a><\/td><\/tr><tr><td>G\u00e1l<\/td><td>Petra<\/td><td>Hallgat\u00f3i jogviszony\/ Student status\/ Studierendenrechtsverh\u00e4ltnis<\/td><td>Tag\/ Member\/ Mitglied<\/td><td>2024-09-27<\/td><td>2027-09-30<\/td><td><a href=\"https:\/\/semmelweis.hu\/jogigfoig\/files\/2024\/10\/80_2024_SZEB-szemelyi-osszetetel-megujitasa.pdf\">Megb\u00edzat\u00e1si dokumentum\/ Mandate document\/ Mandatsdokument<\/a><\/td><\/tr><tr><td>Dr. T\u00f3th<\/td><td>Zolt\u00e1n<\/td><td>Foglalkoztatott\/ Employee\/ Besch\u00e4ftigte(r)<\/td><td>Tag\/ Member\/ Mitglied<\/td><td>2024-09-27<\/td><td>2027-09-30<\/td><td><a href=\"https:\/\/semmelweis.hu\/jogigfoig\/files\/2024\/10\/80_2024_SZEB-szemelyi-osszetetel-megujitasa.pdf\">Megb\u00edzat\u00e1si dokumentum\/ Mandate document\/ Mandatsdokument<\/a><\/td><\/tr><tr><td>Egle<\/td><td>Luca<\/td><td>Hallgat\u00f3i jogviszony\/ Student status\/ Studierendenrechtsverh\u00e4ltnis<\/td><td>Tag\/ Member\/ Mitglied<\/td><td>2024-09-27<\/td><td>2027-09-30<\/td><td><a href=\"https:\/\/semmelweis.hu\/jogigfoig\/files\/2024\/10\/80_2024_SZEB-szemelyi-osszetetel-megujitasa.pdf\">Megb\u00edzat\u00e1si dokumentum\/ Mandate document\/ Mandatsdokument<\/a><\/td><\/tr><tr><td>Szab\u00f3<\/td><td>G\u00e1bor<\/td><td>Hallgat\u00f3i jogviszony\/ Student status\/ Studierendenrechtsverh\u00e4ltnis<\/td><td>Tag\/ Member\/ Mitglied<\/td><td>2024-09-27<\/td><td>2027-09-30<\/td><td><a href=\"https:\/\/semmelweis.hu\/jogigfoig\/files\/2024\/10\/80_2024_SZEB-szemelyi-osszetetel-megujitasa.pdf\">Megb\u00edzat\u00e1si dokumentum\/ Mandate document\/ Mandatsdokument<\/a><\/td><\/tr>        \r\n        \r\n        <\/tbody>\r\n        <\/table>\r\n        <\/div>\r\n\r\n    <div id=\"archivTagokContainer\" style=\"overflow:auto;\">\r\n            <div class=\"exp-col-content-holder\" style=\"border: none;\">\r\n        <a class=\"expand-cnt-link ecf_closed\" href=\"#\">Arch\u00edv<\/a>\r\n        <div class=\"hidden-content\" style=\"display: none;\">\r\n                <table>\r\n            <thead style=\"text-align:center;\">\r\n                <th>Vezet\u00e9kn\u00e9v<\/th><th>Ut\u00f3n\u00e9v<\/th><th>Megb\u00edzat\u00e1s alapja<\/th><th>Megb\u00edzat\u00e1s t\u00edpusa<\/th><th>Megb\u00edzat\u00e1s kezdete<\/th><th>Megb\u00edzat\u00e1s v\u00e9ge<\/th><th>Megb\u00edzat\u00e1si dokumentum<\/th><th>Megsz\u0171n\u00e9s oka<\/th><th>Megsz\u0171n\u00e9s d\u00e1tuma<\/th>            <\/thead>\r\n            <tbody>\r\n            <tr><td>Dr. Beny\u00f3<\/td><td>Zolt\u00e1n<\/td><td>Foglalkoztatott\/ Employee\/ Besch\u00e4ftigte(r)<\/td><td>Eln\u00f6k\/ Chairperson\/ Vorsitzender<\/td><td>2021-09-27<\/td><td>2024-09-26<\/td><td><a href=\"https:\/\/semmelweis.hu\/jogigfoig\/files\/2021\/07\/56_2021_a-Hallgat%C3%B3k-Szoci%C3%A1lis-%C3%A9s-Es%C3%A9lyegyenl%C5%91s%C3%A9gi-%C3%9Cgyeivel-Foglalkoz%C3%B3-Bizotts%C3%A1g-SZEB-szem%C3%A9lyi-%C3%B6sszet%C3%A9tel%C3%A9nek-a-meg%C3%BAj%C3%ADt%C3%A1s%C3%A1r%C3%B3l.pdf\">Megb\u00edzat\u00e1si dokumentum\/ Mandate document\/ Mandatsdokument<\/a><\/td><td>Megb\u00edzat\u00e1s lej\u00e1rta<\/td><\/tr><tr><td>T\u00f3th<\/td><td>Tam\u00e1s <\/td><td>Foglalkoztatott\/ Employee\/ Besch\u00e4ftigte(r)<\/td><td>Tag\/ Member\/ Mitglied<\/td><td>2021-09-27<\/td><td>2024-09-26<\/td><td><a href=\"https:\/\/semmelweis.hu\/jogigfoig\/files\/2021\/07\/56_2021_a-Hallgat%C3%B3k-Szoci%C3%A1lis-%C3%A9s-Es%C3%A9lyegyenl%C5%91s%C3%A9gi-%C3%9Cgyeivel-Foglalkoz%C3%B3-Bizotts%C3%A1g-SZEB-szem%C3%A9lyi-%C3%B6sszet%C3%A9tel%C3%A9nek-a-meg%C3%BAj%C3%ADt%C3%A1s%C3%A1r%C3%B3l.pdf\">Megb\u00edzat\u00e1si dokumentum\/ Mandate document\/ Mandatsdokument<\/a><\/td><td>Megb\u00edzat\u00e1s lej\u00e1rta<\/td><\/tr><tr><td>Simon<\/td><td>Eszter<\/td><td>Hallgat\u00f3i jogviszony\/ Student status\/ Studierendenrechtsverh\u00e4ltnis<\/td><td>Tag\/ Member\/ Mitglied<\/td><td>2018-09-27<\/td><td>2021-09-26<\/td><td><a href=\"https:\/\/semmelweis.hu\/jogigfoig\/files\/2018\/10\/111_IX.-27-sz_hat_2018_SZEB-szem%C3%A9lyi-%C3%B6sszet%C3%A9tel.pdf\">Megb\u00edzat\u00e1si dokumentum\/ Mandate document\/ Mandatsdokument<\/a><\/td><td>Egy\u00e9b megsz\u0171n\u00e9si ok<\/td><\/tr><tr><td>Pap<\/td><td>D\u00e1vid<\/td><td>Hallgat\u00f3i jogviszony\/ Student status\/ Studierendenrechtsverh\u00e4ltnis<\/td><td>Tag\/ Member\/ Mitglied<\/td><td>2019-09-30<\/td><td>2021-09-27<\/td><td><a href=\"https:\/\/semmelweis.hu\/jogigfoig\/files\/2019\/10\/107_A-Hallgat%C3%B3k-Szoci%C3%A1lis-%C3%A9s-Es%C3%A9lyegyenl%C5%91s%C3%A9gi-%C3%9Cgyeivel-Foglalkoz%C3%B3-Bizotts%C3%A1g-SZEB-szem%C3%A9lyu-%C3%B6sszet%C3%A9tel%C3%A9nek-m%C3%B3dos%C3%ADt%C3%A1s%C3%A1r%C3%B3l.pdf\">Megb\u00edzat\u00e1si dokumentum\/ Mandate document\/ Mandatsdokument<\/a><\/td><td>Egy\u00e9b megsz\u0171n\u00e9si ok<\/td><\/tr><tr><td>Sz\u0171cs<\/td><td>Attila<\/td><td>Hallgat\u00f3i jogviszony\/ Student status\/ Studierendenrechtsverh\u00e4ltnis<\/td><td>Tag\/ Member\/ Mitglied<\/td><td>2021-09-27<\/td><td>2024-09-26<\/td><td><a href=\"https:\/\/semmelweis.hu\/jogigfoig\/files\/2021\/07\/56_2021_a-Hallgat%C3%B3k-Szoci%C3%A1lis-%C3%A9s-Es%C3%A9lyegyenl%C5%91s%C3%A9gi-%C3%9Cgyeivel-Foglalkoz%C3%B3-Bizotts%C3%A1g-SZEB-szem%C3%A9lyi-%C3%B6sszet%C3%A9tel%C3%A9nek-a-meg%C3%BAj%C3%ADt%C3%A1s%C3%A1r%C3%B3l.pdf\">Megb\u00edzat\u00e1si dokumentum\/ Mandate document\/ Mandatsdokument<\/a><\/td><td>Egy\u00e9b megsz\u0171n\u00e9si ok<\/td><\/tr><tr><td>Tak\u00e1cs<\/td><td>F\u00e9lix<\/td><td>Hallgat\u00f3i jogviszony\/ Student status\/ Studierendenrechtsverh\u00e4ltnis<\/td><td>Tag\/ Member\/ Mitglied<\/td><td>2021-09-27<\/td><td>2024-09-26<\/td><td><a href=\"https:\/\/semmelweis.hu\/jogigfoig\/files\/2021\/07\/56_2021_a-Hallgat%C3%B3k-Szoci%C3%A1lis-%C3%A9s-Es%C3%A9lyegyenl%C5%91s%C3%A9gi-%C3%9Cgyeivel-Foglalkoz%C3%B3-Bizotts%C3%A1g-SZEB-szem%C3%A9lyi-%C3%B6sszet%C3%A9tel%C3%A9nek-a-meg%C3%BAj%C3%ADt%C3%A1s%C3%A1r%C3%B3l.pdf\">Megb\u00edzat\u00e1si dokumentum\/ Mandate document\/ Mandatsdokument<\/a><\/td><td>Egy\u00e9b megsz\u0171n\u00e9si ok<\/td><\/tr><tr><td>Tolvaj<\/td><td>M\u00e1t\u00e9<\/td><td>Hallgat\u00f3i jogviszony\/ Student status\/ Studierendenrechtsverh\u00e4ltnis<\/td><td>Tag\/ Member\/ Mitglied<\/td><td>2021-09-27<\/td><td>2024-09-26<\/td><td><a href=\"https:\/\/semmelweis.hu\/jogigfoig\/files\/2021\/07\/56_2021_a-Hallgat%C3%B3k-Szoci%C3%A1lis-%C3%A9s-Es%C3%A9lyegyenl%C5%91s%C3%A9gi-%C3%9Cgyeivel-Foglalkoz%C3%B3-Bizotts%C3%A1g-SZEB-szem%C3%A9lyi-%C3%B6sszet%C3%A9tel%C3%A9nek-a-meg%C3%BAj%C3%ADt%C3%A1s%C3%A1r%C3%B3l.pdf\">Megb\u00edzat\u00e1si dokumentum\/ Mandate document\/ Mandatsdokument<\/a><\/td><td>Egy\u00e9b megsz\u0171n\u00e9si ok<\/td><\/tr><tr><td>Horv\u00e1th<\/td><td>M\u00e1ty\u00e1s<\/td><td>Hallgat\u00f3i jogviszony\/ Student status\/ Studierendenrechtsverh\u00e4ltnis<\/td><td>Tag\/ Member\/ Mitglied<\/td><td>2018-09-27<\/td><td>2021-09-26<\/td><td><a href=\"https:\/\/semmelweis.hu\/jogigfoig\/files\/2018\/10\/111_IX.-27-sz_hat_2018_SZEB-szem%C3%A9lyi-%C3%B6sszet%C3%A9tel.pdf\">Megb\u00edzat\u00e1si dokumentum\/ Mandate document\/ Mandatsdokument<\/a><\/td><td>Egy\u00e9b megsz\u0171n\u00e9si ok<\/td><\/tr><tr><td>Tripolszky<\/td><td>B\u00e1lint<\/td><td>Hallgat\u00f3i jogviszony\/Student status\/Studierendenrechtsverh\u00e4ltnis<\/td><td>Tag\/ Member\/ Mitglied<\/td><td>2021-09-27<\/td><td>2024-09-26<\/td><td><a href=\"https:\/\/semmelweis.hu\/jogigfoig\/files\/2021\/07\/56_2021_a-Hallgat%C3%B3k-Szoci%C3%A1lis-%C3%A9s-Es%C3%A9lyegyenl%C5%91s%C3%A9gi-%C3%9Cgyeivel-Foglalkoz%C3%B3-Bizotts%C3%A1g-SZEB-szem%C3%A9lyi-%C3%B6sszet%C3%A9tel%C3%A9nek-a-meg%C3%BAj%C3%ADt%C3%A1s%C3%A1r%C3%B3l.pdf\">Megb\u00edzat\u00e1si dokumentum\/Mandate document\/Mandatsdokument<\/a><\/td><td>Egy\u00e9b megsz\u0171n\u00e9si ok<\/td><\/tr><tr><td>N\u00e9meth<\/td><td>Dorottya<\/td><td>Hallgat\u00f3i jogviszony\/ Student status\/ Studierendenrechtsverh\u00e4ltnis<\/td><td>Tag\/ Member\/ Mitglied<\/td><td>2021-09-27<\/td><td>2024-09-26<\/td><td><a href=\"https:\/\/semmelweis.hu\/jogigfoig\/files\/2021\/07\/56_2021_a-Hallgat%C3%B3k-Szoci%C3%A1lis-%C3%A9s-Es%C3%A9lyegyenl%C5%91s%C3%A9gi-%C3%9Cgyeivel-Foglalkoz%C3%B3-Bizotts%C3%A1g-SZEB-szem%C3%A9lyi-%C3%B6sszet%C3%A9tel%C3%A9nek-a-meg%C3%BAj%C3%ADt%C3%A1s%C3%A1r%C3%B3l.pdf\">Megb\u00edzat\u00e1si dokumentum\/ Mandate document\/ Mandatsdokument<\/a><\/td><td>Egy\u00e9b megsz\u0171n\u00e9si ok<\/td><td>2022-11-23<\/td><\/tr><tr><td>Kov\u00e1cs<\/td><td>D\u00e1niel Tibor<\/td><td>Hallgat\u00f3i jogviszony\/ Student status\/ Studierendenrechtsverh\u00e4ltnis<\/td><td>Tag\/ Member\/ Mitglied<\/td><td>2021-09-27<\/td><td>2024-09-26<\/td><td><a href=\"https:\/\/semmelweis.hu\/jogigfoig\/files\/2021\/07\/56_2021_a-Hallgat%C3%B3k-Szoci%C3%A1lis-%C3%A9s-Es%C3%A9lyegyenl%C5%91s%C3%A9gi-%C3%9Cgyeivel-Foglalkoz%C3%B3-Bizotts%C3%A1g-SZEB-szem%C3%A9lyi-%C3%B6sszet%C3%A9tel%C3%A9nek-a-meg%C3%BAj%C3%ADt%C3%A1s%C3%A1r%C3%B3l.pdf\">Megb\u00edzat\u00e1si dokumentum\/ Mandate document\/ Mandatsdokument<\/a><\/td><td>Egy\u00e9b megsz\u0171n\u00e9si ok<\/td><td>2022-11-23<\/td><\/tr><tr><td>Balogh<\/td><td>Bence B\u00e1lint<\/td><td>Hallgat\u00f3i jogviszony\/ Student status\/ Studierendenrechtsverh\u00e4ltnis<\/td><td>Tag\/ Member\/ Mitglied<\/td><td>2021-09-27<\/td><td>2024-09-26<\/td><td><a href=\"https:\/\/semmelweis.hu\/jogigfoig\/files\/2021\/07\/56_2021_a-Hallgat%C3%B3k-Szoci%C3%A1lis-%C3%A9s-Es%C3%A9lyegyenl%C5%91s%C3%A9gi-%C3%9Cgyeivel-Foglalkoz%C3%B3-Bizotts%C3%A1g-SZEB-szem%C3%A9lyi-%C3%B6sszet%C3%A9tel%C3%A9nek-a-meg%C3%BAj%C3%ADt%C3%A1s%C3%A1r%C3%B3l.pdf\">Megb\u00edzat\u00e1si dokumentum\/ Mandate document\/ Mandatsdokument<\/a><\/td><td>Egy\u00e9b megsz\u0171n\u00e9si ok<\/td><td>2022-11-23<\/td><\/tr><tr><td>H\u00e1mori<\/td><td>Attila<\/td><td>Hallgat\u00f3i jogviszony\/ Student status\/ Studierendenrechtsverh\u00e4ltnis<\/td><td>Tag\/ Member\/ Mitglied<\/td><td>2022-11-24<\/td><td>2024-09-26<\/td><td><a href=\"https:\/\/semmelweis.hu\/jogigfoig\/files\/2022\/12\/100_2022_SZEB-hallgatoi-osszetetel.pdf\">Megb\u00edzat\u00e1si dokumentum\/ Mandate document\/ Mandatsdokument<\/a><\/td><td>Egy\u00e9b megsz\u0171n\u00e9si ok<\/td><td>2023-06-28<\/td><\/tr><tr><td>Cern\u00e1k Noi<\/td><td>R\u00e9ka<\/td><td>Hallgat\u00f3i jogviszony\/ Student status\/ Studierendenrechtsverh\u00e4ltnis<\/td><td>Tag\/ Member\/ Mitglied<\/td><td>2022-11-24<\/td><td>2024-09-26<\/td><td><a href=\"https:\/\/semmelweis.hu\/jogigfoig\/files\/2022\/12\/100_2022_SZEB-hallgatoi-osszetetel.pdf\">Megb\u00edzat\u00e1si dokumentum\/ Mandate document\/ Mandatsdokument<\/a><\/td><td>Megb\u00edzat\u00e1s lej\u00e1rta<\/td><td>2024-09-26<\/td><\/tr><tr><td>Ruha<\/td><td>Midi\u00e1n<\/td><td>Hallgat\u00f3i jogviszony\/ Student status\/ Studierendenrechtsverh\u00e4ltnis<\/td><td>Tag\/ Member\/ Mitglied<\/td><td>2022-11-24<\/td><td>2024-09-26<\/td><td><a href=\"https:\/\/semmelweis.hu\/jogigfoig\/files\/2022\/12\/100_2022_SZEB-hallgatoi-osszetetel.pdf\">Megb\u00edzat\u00e1si dokumentum\/ Mandate document\/ Mandatsdokument<\/a><\/td><td>Egy\u00e9b megsz\u0171n\u00e9si ok<\/td><td>2023-06-28<\/td><\/tr><tr><td>P\u00e1l<\/td><td>Kinga \u00c1gnes<\/td><td>Hallgat\u00f3i jogviszony\/ Student status\/ Studierendenrechtsverh\u00e4ltnis<\/td><td>Tag\/ Member\/ Mitglied<\/td><td>2023-06-29<\/td><td>2024-09-26<\/td><td><a href=\"https:\/\/semmelweis.hu\/jogigfoig\/files\/2023\/07\/62_2023_egyetemi-hataskoru-bizottsagok.pdf\">Megb\u00edzat\u00e1si dokumentum\/ Mandate document\/ Mandatsdokument<\/a><\/td><td>Megb\u00edzat\u00e1s lej\u00e1rta<\/td><td>2024-09-26<\/td><\/tr>            <\/tbody>\r\n            <\/table>\r\n        <\/div>\r\n        <\/div>\r\n    <\/div>\r\n    <\/div>\r\n    \n\n<\/div><h2 class=\"tabtitle\">\u00dcgyrend<\/h2>\n<div class=\"tabcontent\">\n\n<p><a href=\"https:\/\/semmelweis.hu\/bizottsagok\/files\/2024\/02\/90_2023_SZEB-ugyrendje.pdf\" target=\"_blank\" rel=\"noopener\">Hallgat\u00f3k Szoci\u00e1lis \u00e9s Es\u00e9lyegyenl\u0151s\u00e9gi \u00dcgyeivel Foglalkoz\u00f3 Bizotts\u00e1g \u00fcgyrendje<\/a><\/p>\n\n<\/div><h2 class=\"tabtitle\">\u00c9ves besz\u00e1mol\u00f3<\/h2>\n<div class=\"tabcontent\">\n\n<p><a href=\"https:\/\/semmelweis.hu\/jogigfoig\/files\/2025\/03\/15_2025_egyetemi-hataskoru-bizottsagok-beszamoloi.pdf\" target=\"_blank\" rel=\"noopener\">A Semmelweis Egyetem Szen\u00e1tus\u00e1nak 15\/2025. (III.7.) sz\u00e1m\u00fa hat\u00e1rozata a Szen\u00e1tus \u00e1ltal l\u00e9trehozott, az egyetem eg\u00e9sz\u00e9re kiterjed\u0151 hat\u00e1sk\u00f6rrel rendelkez\u0151 \u00e1lland\u00f3 bizotts\u00e1gok munk\u00e1j\u00e1r\u00f3l sz\u00f3l\u00f3 besz\u00e1mol\u00f3 elfogad\u00e1s\u00e1r\u00f3l<\/a><\/p>\n<p><a href=\"https:\/\/semmelweis.hu\/bizottsagok\/files\/2025\/06\/Szocialis-es-Eselyegyenlosegi-Bizottsag_2024-beszamolo.pdf\" target=\"_blank\" rel=\"noopener\">A Hallgat\u00f3k Szoci\u00e1lis \u00e9s es\u00e9lyegyenl\u0151s\u00e9gi \u00dcgyeivel Foglalkoz\u00f3 Bizotts\u00e1g \u00e9ves besz\u00e1mol\u00f3ja &#8211; 2024<\/a><\/p>\n<\/div><\/div>\n","protected":false},"excerpt":{"rendered":"<p>A Bizotts\u00e1g feladatait a T\u00e9r\u00edt\u00e9si \u00e9s Juttat\u00e1si Szab\u00e1lyzat szab\u00e1lyozza. A bizotts\u00e1g feladatai: Alapt\u00e1mogat\u00e1s, rendszeres \u00e9s rendk\u00edv\u00fcli szoci\u00e1lis \u00f6szt\u00f6nd\u00edj p\u00e1ly\u00e1zatok eset\u00e9 a hallgat\u00f3 szoci\u00e1lis pontsz\u00e1m\u00e1nak a TJSZ 1. sz. mell\u00e9klete alapj\u00e1n val\u00f3 meghat\u00e1roz\u00e1sa, a hallgat\u00f3 10 %-os illetve 20 %-os r\u00e1szorults\u00e1gi csoportba tartoz\u00e1s\u00e1nak meghat\u00e1roz\u00e1sa. Els\u0151\u00e9ves \u00e9s fels\u0151bb\u00e9ves koll\u00e9giumi jelentkez\u00e9sek elb\u00edr\u00e1l\u00e1sa. Javaslat t\u00e9tele a rektornak koll\u00e9giumi d\u00edjmentess\u00e9g &hellip;<\/p>\n","protected":false},"author":101595,"featured_media":0,"parent":834,"menu_order":0,"comment_status":"closed","ping_status":"closed","template":"template-fullwidth.php","meta":{"_acf_changed":false,"footnotes":""},"categories":[],"tags":[],"class_list":["post-168","page","type-page","status-publish","hentry"],"acf":[],"_links":{"self":[{"href":"https:\/\/semmelweis.hu\/bizottsagok\/wp-json\/wp\/v2\/pages\/168","targetHints":{"allow":["GET"]}}],"collection":[{"href":"https:\/\/semmelweis.hu\/bizottsagok\/wp-json\/wp\/v2\/pages"}],"about":[{"href":"https:\/\/semmelweis.hu\/bizottsagok\/wp-json\/wp\/v2\/types\/page"}],"author":[{"embeddable":true,"href":"https:\/\/semmelweis.hu\/bizottsagok\/wp-json\/wp\/v2\/users\/101595"}],"replies":[{"embeddable":true,"href":"https:\/\/semmelweis.hu\/bizottsagok\/wp-json\/wp\/v2\/comments?post=168"}],"version-history":[{"count":12,"href":"https:\/\/semmelweis.hu\/bizottsagok\/wp-json\/wp\/v2\/pages\/168\/revisions"}],"predecessor-version":[{"id":2731,"href":"https:\/\/semmelweis.hu\/bizottsagok\/wp-json\/wp\/v2\/pages\/168\/revisions\/2731"}],"up":[{"embeddable":true,"href":"https:\/\/semmelweis.hu\/bizottsagok\/wp-json\/wp\/v2\/pages\/834"}],"wp:attachment":[{"href":"https:\/\/semmelweis.hu\/bizottsagok\/wp-json\/wp\/v2\/media?parent=168"}],"wp:term":[{"taxonomy":"category","embeddable":true,"href":"https:\/\/semmelweis.hu\/bizottsagok\/wp-json\/wp\/v2\/categories?post=168"},{"taxonomy":"post_tag","embeddable":true,"href":"https:\/\/semmelweis.hu\/bizottsagok\/wp-json\/wp\/v2\/tags?post=168"}],"curies":[{"name":"wp","href":"https:\/\/api.w.org\/{rel}","templated":true}]}}