{"id":164,"date":"2020-11-23T23:29:09","date_gmt":"2020-11-23T22:29:09","guid":{"rendered":"https:\/\/semmelweis.hu\/bizottsagok\/?page_id=164"},"modified":"2025-09-29T13:36:10","modified_gmt":"2025-09-29T11:36:10","slug":"felulbiralati-bizottsag","status":"publish","type":"page","link":"https:\/\/semmelweis.hu\/bizottsagok\/allando-bizottsagok\/egyetem-egeszere-feladat-es-hataskorrel-rendelkezo-bizottsagok\/felulbiralati-bizottsag\/","title":{"rendered":"FEL\u00dcLB\u00cdR\u00c1LATI BIZOTTS\u00c1G"},"content":{"rendered":"<div class=\"responsive-tabs\">\n<h2 class=\"tabtitle\">Feladat- \u00e9s hat\u00e1sk\u00f6r<\/h2>\n<div class=\"tabcontent\">\n\n<p>A Fel\u00fclb\u00edr\u00e1lati Bizotts\u00e1g a hallgat\u00f3 \u00e1ltal beny\u00fajtott &#8211; az els\u0151fok\u00fa szerv \u00e1ltal hozott d\u00f6nt\u00e9s ellen &#8211; a jogorvoslati k\u00e9relmet vizsg\u00e1lja fel\u00fcl, figyelemmel az els\u0151fok\u00fa szerv elj\u00e1r\u00e1s\u00e1nak jogszab\u00e1ly szerinti megfelel\u0151s\u00e9g\u00e9re.<\/p>\n\n<\/div><h2 class=\"tabtitle\">Tagjai<\/h2>\n<div class=\"tabcontent\">\n\n<p><em><strong>Kapcsolattart\u00f3:<\/strong><\/em> Dr. D\u00f3zsa-Sedl\u00e1k Rita<br \/>\n<em><strong>Email:<\/strong><\/em> <a href=\"mailto:sedlak.rita@semmelweis.hu\">sedlak.rita@semmelweis.hu<\/a><\/p>\n    \r\n    <div id=\"peopleContainer\" style=\"text-align:center;\">\r\n    <input type=\"hidden\" name=\"cimkek\" id=\"cimkek\" value=\"Vezet\u00e9kn\u00e9v,Ut\u00f3n\u00e9v,Megb\u00edzat\u00e1s alapja,Megb\u00edzat\u00e1s t\u00edpusa,Megb\u00edzat\u00e1s kezdete,Megb\u00edzat\u00e1s v\u00e9ge,Megb\u00edzat\u00e1si dokumentum,Megsz\u0171n\u00e9s oka,Megsz\u0171n\u00e9s d\u00e1tuma\">\r\n    <input type=\"hidden\" name=\"kihagy_aktiv\" id=\"kihagy_aktiv\" value=\"Megsz\u0171n\u00e9s oka||megszunes_oka,Megsz\u0171n\u00e9s d\u00e1tuma||megszunes_datuma\">\r\n    <input type=\"hidden\" name=\"kihagy_archiv\" id=\"kihagy_archiv\" value=\"\">\r\n    <div id=\"aktivTagokContainer\" style=\"overflow:auto;\">\r\n        <table>\r\n        <thead style=\"text-align:center;\">\r\n            <th>Vezet\u00e9kn\u00e9v<\/th><th>Ut\u00f3n\u00e9v<\/th><th>Megb\u00edzat\u00e1s alapja<\/th><th>Megb\u00edzat\u00e1s t\u00edpusa<\/th><th>Megb\u00edzat\u00e1s kezdete<\/th><th>Megb\u00edzat\u00e1s v\u00e9ge<\/th><th>Megb\u00edzat\u00e1si dokumentum<\/th>        <\/thead>\r\n        <tbody>\r\n        <tr><td>Dr. Hermann<\/td><td>P\u00e9ter<\/td><td>Foglalkoztatott\/ Employee\/ Besch\u00e4ftigte(r)<\/td><td>Eln\u00f6k (\u00e1lland\u00f3 tag)\/ Chairperson\/ Vorsitzender<\/td><td>2024-10-25<\/td><td>2027-10-31<\/td><td><a href=\"https:\/\/semmelweis.hu\/jogigfoig\/files\/2024\/10\/79_2024_FB-szemelyi-osszetetelenek-megujitasarol.pdf\">Megb\u00edzat\u00e1si dokumentum\/ Mandate document\/ Mandatsdokument<\/a><\/td><\/tr><tr><td>Dr. Kov\u00e1cs<\/td><td>Zsolt<\/td><td>Foglalkoztatott\/ Employee\/ Besch\u00e4ftigte(r)<\/td><td>Tag (\u00e1lland\u00f3)\/ Member\/ Mitglied<\/td><td>2024-10-25<\/td><td>2027-10-31<\/td><td><a href=\"https:\/\/semmelweis.hu\/jogigfoig\/files\/2024\/10\/79_2024_FB-szemelyi-osszetetelenek-megujitasarol.pdf\">Megb\u00edzat\u00e1si dokumentum\/ Mandate document\/ Mandatsdokument<\/a><\/td><\/tr><tr><td>Dr. Vingender<\/td><td>Istv\u00e1n <\/td><td>Foglalkoztatott\/ Employee\/ Besch\u00e4ftigte(r)<\/td><td>Tag (eseti) tanulm\u00e1nyi \u00fcgyek\/ Member\/ Mitglied<\/td><td>2024-10-25<\/td><td>2027-10-31<\/td><td><a href=\"https:\/\/semmelweis.hu\/jogigfoig\/files\/2024\/10\/79_2024_FB-szemelyi-osszetetelenek-megujitasarol.pdf\">Megb\u00edzat\u00e1si dokumentum\/ Mandate document\/ Mandatsdokument<\/a><\/td><\/tr><tr><td>Dr. K\u00e9ri<\/td><td>Di\u00e1na<\/td><td> Foglalkoztatott\/ Employee\/ Besch\u00e4ftigte(r)<\/td><td>Tag (eseti) tanulm\u00e1nyi \u00e9s juttat\u00e1si \u00fcgyek\/ Member\/ Mitglied<\/td><td>2024-10-25<\/td><td>2027-10-31<\/td><td><a href=\"https:\/\/semmelweis.hu\/jogigfoig\/files\/2024\/10\/79_2024_FB-szemelyi-osszetetelenek-megujitasarol.pdf\">Megb\u00edzat\u00e1si dokumentum\/ Mandate document\/ Mandatsdokument<\/a><\/td><\/tr><tr><td>T\u00f6lgyesi-Lov\u00e1sz<\/td><td>Krisztina <\/td><td>Foglalkoztatott\/ Employee\/ Besch\u00e4ftigte(r)<\/td><td>Tag (eseti) tanulm\u00e1nyi \u00e9s juttat\u00e1si \u00fcgyek\/ Member\/ Mitglied<\/td><td>2024-10-25<\/td><td>2027-10-31<\/td><td><a href=\"https:\/\/semmelweis.hu\/jogigfoig\/files\/2024\/10\/79_2024_FB-szemelyi-osszetetelenek-megujitasarol.pdf\">Megb\u00edzat\u00e1si dokumentum\/ Mandate document\/ Mandatsdokument<\/a><\/td><\/tr><tr><td>Dr. Balogh<\/td><td>Emese Celeszta<\/td><td>Foglalkoztatott\/ Employee\/ Besch\u00e4ftigte(r)<\/td><td>Tag (eseti) tanulm\u00e1nyi \u00fcgyek\/ Member\/ Mitglied<\/td><td>2024-12-16<\/td><td>2027-10-31<\/td><td><a href=\"https:\/\/semmelweis.hu\/jogigfoig\/files\/2024\/12\/116_2024_FB-szemelyi-osszetetel.pdf\">Megb\u00edzat\u00e1si dokumentum\/ Mandate document\/ Mandatsdokument<\/a><\/td><\/tr><tr><td>Dr. Terebessy<\/td><td>Andr\u00e1s <\/td><td>Foglalkoztatott\/ Employee\/ Besch\u00e4ftigte(r)<\/td><td>Tag (eseti juttat\u00e1si \u00fcgyek)\/ Member\/ Mitglied<\/td><td>2024-10-25<\/td><td>2027-10-31<\/td><td><a href=\"https:\/\/semmelweis.hu\/jogigfoig\/files\/2024\/10\/79_2024_FB-szemelyi-osszetetelenek-megujitasarol.pdf\">Megb\u00edzat\u00e1si dokumentum\/ Mandate document\/ Mandatsdokument<\/a><\/td><\/tr><tr><td>Dr. R\u00f3zsa<\/td><td>No\u00e9mi Katinka<\/td><td>Foglalkoztatott\/ Employee\/ Besch\u00e4ftigte(r)<\/td><td>Tag (eseti juttat\u00e1si \u00fcgyek)\/ Member\/ Mitglied<\/td><td>2024-10-25<\/td><td>2027-10-31<\/td><td><a href=\"https:\/\/semmelweis.hu\/jogigfoig\/files\/2024\/10\/79_2024_FB-szemelyi-osszetetelenek-megujitasarol.pdf\">Megb\u00edzat\u00e1si dokumentum\/ Mandate document\/ Mandatsdokument<\/a><\/td><\/tr><tr><td>Dr. Kiss<\/td><td>Judit<\/td><td>Foglalkoztatott\/ Employee\/ Besch\u00e4ftigte(r)<\/td><td>Tag (eseti juttat\u00e1si \u00fcgyek)\/ Member\/ Mitglied<\/td><td>2024-10-25<\/td><td>2027-10-31<\/td><td><a href=\"https:\/\/semmelweis.hu\/jogigfoig\/files\/2024\/10\/79_2024_FB-szemelyi-osszetetelenek-megujitasarol.pdf\">Megb\u00edzat\u00e1si dokumentum\/ Mandate document\/ Mandatsdokument<\/a><\/td><\/tr><tr><td>Dr. Kocsis<\/td><td>Erika<\/td><td>Foglalkoztatott\/ Employee\/ Besch\u00e4ftigte(r)<\/td><td>Tag (eseti) tanulm\u00e1nyi \u00e9s juttat\u00e1si \u00fcgyek\/ Member\/ Mitglied<\/td><td>2024-10-25<\/td><td>2027-10-31<\/td><td><a href=\"https:\/\/semmelweis.hu\/jogigfoig\/files\/2024\/10\/79_2024_FB-szemelyi-osszetetelenek-megujitasarol.pdf\">Megb\u00edzat\u00e1si dokumentum\/ Mandate document\/ Mandatsdokument<\/a><\/td><\/tr><tr><td>Dr. T\u00fari<\/td><td>Ibolya<\/td><td>Foglalkoztatott\/ Employee\/ Besch\u00e4ftigte(r)<\/td><td>Tag (eseti) juttat\u00e1si \u00fcgyek\/ Member\/ Mitglied<\/td><td>2024-10-25<\/td><td>2027-10-31<\/td><td><a href=\"https:\/\/semmelweis.hu\/jogigfoig\/files\/2024\/10\/79_2024_FB-szemelyi-osszetetelenek-megujitasarol.pdf\">Megb\u00edzat\u00e1si dokumentum\/ Mandate document\/ Mandatsdokument<\/a><\/td><\/tr><tr><td>Dr. P\u00f3nyai<\/td><td>Gy\u00f6rgyi<\/td><td>Foglalkoztatott\/ Employee\/ Besch\u00e4ftigte(r)<\/td><td>Tag (eseti tanulm\u00e1nyi \u00fcgyek)\/ Member\/ Mitglied<\/td><td>2024-10-25<\/td><td>2027-10-31<\/td><td><a href=\"https:\/\/semmelweis.hu\/jogigfoig\/files\/2024\/10\/79_2024_FB-szemelyi-osszetetelenek-megujitasarol.pdf\">Megb\u00edzat\u00e1si dokumentum\/ Mandate document\/ Mandatsdokument<\/a><\/td><\/tr><tr><td>Dr. Kreuter<\/td><td>Patrik<\/td><td>Hallgat\u00f3i jogviszony\/ Student status\/ Studierendenrechtsverh\u00e4ltnis<\/td><td>Tag (\u00e1lland\u00f3)\/ Member\/ Mitglied<\/td><td>2024-10-25<\/td><td>2027-10-31<\/td><td><a href=\"https:\/\/semmelweis.hu\/jogigfoig\/files\/2024\/10\/79_2024_FB-szemelyi-osszetetelenek-megujitasarol.pdf\">Megb\u00edzat\u00e1si dokumentum\/ Mandate document\/ Mandatsdokument<\/a><\/td><\/tr><tr><td>Dr. Sedl\u00e1k<\/td><td>Rita<\/td><td>Foglalkoztatott\/ Employee\/ Besch\u00e4ftigte(r)<\/td><td>Tag (\u00e1lland\u00f3)\/ Member\/ Mitglied<\/td><td>2024-11-15<\/td><td>2027-10-31<\/td><td><a href=\"https:\/\/semmelweis.hu\/jogigfoig\/files\/2024\/10\/79_2024_FB-szemelyi-osszetetelenek-megujitasarol.pdf\">Megb\u00edzat\u00e1si dokumentum\/ Mandate document\/ Mandatsdokument<\/a><\/td><\/tr><tr><td>Sz\u00fcr\u00f6s<\/td><td>M\u00e1t\u00e9<\/td><td>Hallgat\u00f3i jogviszony\/ Student status\/ Studierendenrechtsverh\u00e4ltnis<\/td><td>Tag (\u00e1lland\u00f3)\/ Member\/ Mitglied<\/td><td>2024-10-25<\/td><td>2027-10-31<\/td><td><a href=\"https:\/\/semmelweis.hu\/jogigfoig\/files\/2025\/07\/61_2025_allando-bizottsagok-hallgatoi-tagsagai.pdf\">Megb\u00edzat\u00e1si dokumentum\/ Mandate document\/ Mandatsdokument<\/a><\/td><\/tr><tr><td>Dr. Szab\u00f3<\/td><td>Bence<\/td><td>Foglalkoztatott\/ Employee\/ Besch\u00e4ftigte(r)<\/td><td>Tag (eseti tanulm\u00e1nyi \u00fcgyek)\/ Member\/ Mitglied<\/td><td>2024-10-25<\/td><td>2027-10-31<\/td><td><a href=\"https:\/\/semmelweis.hu\/jogigfoig\/files\/2024\/10\/79_2024_FB-szemelyi-osszetetelenek-megujitasarol.pdf\">Megb\u00edzat\u00e1si dokumentum\/ Mandate document\/ Mandatsdokument<\/a><\/td><\/tr><tr><td>Nagy<\/td><td>Imre Rich\u00e1rd<\/td><td>Hallgat\u00f3i jogviszony\/ Student status\/ Studierendenrechtsverh\u00e4ltnis<\/td><td>Tag (\u00e1lland\u00f3)\/ Member\/ Mitglied<\/td><td>2025-06-26<\/td><td>2027-10-31<\/td><td><a href=\"https:\/\/semmelweis.hu\/jogigfoig\/files\/2025\/07\/61_2025_allando-bizottsagok-hallgatoi-tagsagai.pdf\">Megb\u00edzat\u00e1si dokumentum\/ Mandate document\/ Mandatsdokument<\/a><\/td><\/tr><tr><td>Fejes<\/td><td>Istv\u00e1n<\/td><td>Hallgat\u00f3i jogviszony\/ Student status\/ Studierendenrechtsverh\u00e4ltnis<\/td><td>Tag (\u00e1lland\u00f3)\/ Member\/ Mitglied<\/td><td>2025-06-26<\/td><td>2027-10-31<\/td><td><a href=\"https:\/\/semmelweis.hu\/jogigfoig\/files\/2025\/07\/61_2025_allando-bizottsagok-hallgatoi-tagsagai.pdf\">Megb\u00edzat\u00e1si dokumentum\/ Mandate document\/ Mandatsdokument<\/a><\/td><\/tr>        \r\n        \r\n        <\/tbody>\r\n        <\/table>\r\n        <\/div>\r\n\r\n    <div id=\"archivTagokContainer\" style=\"overflow:auto;\">\r\n            <div class=\"exp-col-content-holder\" style=\"border: none;\">\r\n        <a class=\"expand-cnt-link ecf_closed\" href=\"#\">Arch\u00edv<\/a>\r\n        <div class=\"hidden-content\" style=\"display: none;\">\r\n                <table>\r\n            <thead style=\"text-align:center;\">\r\n                <th>Vezet\u00e9kn\u00e9v<\/th><th>Ut\u00f3n\u00e9v<\/th><th>Megb\u00edzat\u00e1s alapja<\/th><th>Megb\u00edzat\u00e1s t\u00edpusa<\/th><th>Megb\u00edzat\u00e1s kezdete<\/th><th>Megb\u00edzat\u00e1s v\u00e9ge<\/th><th>Megb\u00edzat\u00e1si dokumentum<\/th><th>Megsz\u0171n\u00e9s oka<\/th><th>Megsz\u0171n\u00e9s d\u00e1tuma<\/th>            <\/thead>\r\n            <tbody>\r\n            <tr><td>Dr. Hafiek<\/td><td>Andrea<\/td><td>Foglalkoztatott\/ Employee\/ Besch\u00e4ftigte(r)<\/td><td>Tag (\u00e1lland\u00f3)\/ Member\/ Mitglied<\/td><td>2023-03-30<\/td><td>2024-11-14<\/td><td><a href=\"https:\/\/semmelweis.hu\/jogigfoig\/files\/2024\/10\/79_2024_FB-szemelyi-osszetetelenek-megujitasarol.pdf\">Megb\u00edzat\u00e1si dokumentum\/ Mandate document\/ Mandatsdokument<\/a><\/td><td>Megb\u00edzat\u00e1s lej\u00e1rta<\/td><td>2024-11-14<\/td><\/tr><tr><td>Heged\u0171s<\/td><td>Tam\u00e1s<\/td><td>Hallgat\u00f3i jogviszony\/ Student status\/ Studierendenrechtsverh\u00e4ltnis<\/td><td>Tag (\u00e1lland\u00f3)\/Member\/Mitglied<\/td><td>2018-10-25<\/td><td>2021-10-25<\/td><td><a href=\"https:\/\/semmelweis.hu\/jogigfoig\/files\/2018\/11\/128_X.25_2018_sz_hat_FB_szemelyi_osszetetele.pdf\">Megb\u00edzat\u00e1si dokumentum\/ Mandate document\/ Mandatsdokument<\/a><\/td><td>Egy\u00e9b megsz\u0171n\u00e9si ok<\/td><td>  <\/td><\/tr><tr><td>Dr. Kov\u00e1cs<\/td><td>Alexandra<\/td><td>Hallgat\u00f3i jogviszony\/ Student status\/ Studierendenrechtsverh\u00e4ltnis<\/td><td>Tag (\u00e1lland\u00f3)\/ Member\/ Mitglied<\/td><td>2020-06-25<\/td><td>2021-10-25<\/td><td><a href=\"https:\/\/semmelweis.hu\/jogigfoig\/files\/2020\/07\/88_2020_a-Fel%C3%BClb%C3%ADr%C3%A1lati-Bizotts%C3%A1g-szem%C3%A9lyi-%C3%B6sszet%C3%A9tel%C3%A9nek-m%C3%B3dos%C3%ADt%C3%A1s%C3%A1r%C3%B3l.pdf\">Megb\u00edzat\u00e1si dokumentum\/ Mandate document\/ Mandatsdokument<\/a><\/td><td>Megb\u00edzat\u00e1s lej\u00e1rta<\/td><td>2021-10-25<\/td><\/tr><tr><td>Dr. Szab\u00f3<\/td><td>Lili\u00e1na<\/td><td>Hallgat\u00f3i jogviszony\/ Student status\/ Studierendenrechtsverh\u00e4ltnis<\/td><td>Tag (\u00e1lland\u00f3)\/ Member\/ Mitglied<\/td><td>2020-06-25<\/td><td>2021-10-25<\/td><td><a href=\"https:\/\/semmelweis.hu\/jogigfoig\/files\/2020\/07\/88_2020_a-Fel%C3%BClb%C3%ADr%C3%A1lati-Bizotts%C3%A1g-szem%C3%A9lyi-%C3%B6sszet%C3%A9tel%C3%A9nek-m%C3%B3dos%C3%ADt%C3%A1s%C3%A1r%C3%B3l.pdf\">Megb\u00edzat\u00e1si dokumentum\/ Mandate document\/ Mandatsdokument<\/a><\/td><td>Megb\u00edzat\u00e1s lej\u00e1rta<\/td><td>2021-10-25<\/td><\/tr><tr><td>K\u00f3sa<\/td><td>L\u00e1szl\u00f3<\/td><td>Hallgat\u00f3i jogviszony\/ Student status\/ Studierendenrechtsverh\u00e4ltnis<\/td><td>Tag (\u00e1lland\u00f3)\/ Member\/ Mitglied<\/td><td>2018-10-25<\/td><td>2021-10-25<\/td><td><a href=\"https:\/\/semmelweis.hu\/jogigfoig\/files\/2018\/11\/128_X.25_2018_sz_hat_FB_szemelyi_osszetetele.pdf\">Megb\u00edzat\u00e1si dokumentum\/ Mandate document\/ Mandatsdokument<\/a><\/td><td>Egy\u00e9b megsz\u0171n\u00e9si ok<\/td><td>  <\/td><\/tr><tr><td>Dr. Tretter <\/td><td>L\u00e1szl\u00f3 <\/td><td>Foglalkoztatott\/ Employee\/ Besch\u00e4ftigte(r)<\/td><td>Tag (eseti tanulm\u00e1nyi \u00fcgyek)\/ Member\/ Mitglied<\/td><td>2018-10-25<\/td><td>2021-10-25<\/td><td><a href=\"https:\/\/semmelweis.hu\/jogigfoig\/files\/2018\/11\/128_X.25_2018_sz_hat_FB_szemelyi_osszetetele.pdf\">Megb\u00edzat\u00e1si dokumentum\/ Mandate document\/ Mandatsdokument<\/a><\/td><td>Megb\u00edzat\u00e1s lej\u00e1rta<\/td><td>  <\/td><\/tr><tr><td>Dr. Bartha<\/td><td>K\u00e1roly<\/td><td>Foglalkoztatott\/ Employee\/ Besch\u00e4ftigte(r)<\/td><td>Tag (eseti tanulm\u00e1nyi \u00fcgyek)\/ Member\/ Mitglied<\/td><td>2021-10-25<\/td><td>2024-10-24<\/td><td><a href=\"https:\/\/semmelweis.hu\/jogigfoig\/files\/2021\/10\/105_2021_FB-%C3%B6sszet%C3%A9tel%C3%A9nek-meg%C3%BAj%C3%ADt%C3%A1sa.pdf\">Megb\u00edzat\u00e1si dokumentum\/ Mandate document\/ Mandatsdokument<\/a><\/td><td>Megb\u00edzat\u00e1s lej\u00e1rta<\/td><td>2025-10-24<\/td><\/tr><tr><td>Dr. B\u00e9ni<\/td><td>Szabolcs <\/td><td>Foglalkoztatott\/ Employee\/ Besch\u00e4ftigte(r)<\/td><td>Tag (eseti tanulm\u00e1nyi \u00fcgyek)\/ Member\/ Mitglied<\/td><td>2021-10-25<\/td><td>2024-10-24<\/td><td><a href=\"https:\/\/semmelweis.hu\/jogigfoig\/files\/2021\/10\/105_2021_FB-%C3%B6sszet%C3%A9tel%C3%A9nek-meg%C3%BAj%C3%ADt%C3%A1sa.pdf\">Megb\u00edzat\u00e1si dokumentum\/ Mandate document\/ Mandatsdokument<\/a><\/td><td>Egy\u00e9b megsz\u0171n\u00e9si ok<\/td><td>2023-08-31<\/td><\/tr><tr><td>Tripolszky<\/td><td>B\u00e1lint<\/td><td>Hallgat\u00f3i jogviszony\/ Student status\/ Studierendenrechtsverh\u00e4ltnis<\/td><td>Tag (\u00e1lland\u00f3)\/ Member\/ Mitglied<\/td><td>2021-10-25<\/td><td>2024-10-24<\/td><td><a href=\"https:\/\/semmelweis.hu\/jogigfoig\/files\/2021\/10\/105_2021_FB-%C3%B6sszet%C3%A9tel%C3%A9nek-meg%C3%BAj%C3%ADt%C3%A1sa.pdf\">Megb\u00edzat\u00e1si dokumentum\/ Mandate document\/ Mandatsdokument<\/a><\/td><td>Egy\u00e9b megsz\u0171n\u00e9si ok<\/td><td>2023-06-28<\/td><\/tr><tr><td>Dr. Papp<\/td><td>Zsombor M\u00e1ty\u00e1s<\/td><td>Hallgat\u00f3i jogviszony\/ Student status\/ Studierendenrechtsverh\u00e4ltnis<\/td><td>Tag (\u00e1lland\u00f3)\/ Member\/ Mitglied<\/td><td>2021-10-25<\/td><td>2024-10-24<\/td><td><a href=\"https:\/\/semmelweis.hu\/jogigfoig\/files\/2021\/10\/105_2021_FB-%C3%B6sszet%C3%A9tel%C3%A9nek-meg%C3%BAj%C3%ADt%C3%A1sa.pdf\">Megb\u00edzat\u00e1si dokumentum\/ Mandate document\/ Mandatsdokument<\/a><\/td><td>Egy\u00e9b megsz\u0171n\u00e9si ok<\/td><td>2023-06-28<\/td><\/tr><tr><td>Tolvaj<\/td><td>M\u00e1t\u00e9<\/td><td>Hallgat\u00f3i jogviszony\/ Student status\/ Studierendenrechtsverh\u00e4ltnis<\/td><td>Tag (\u00e1lland\u00f3)\/ Member\/ Mitglied<\/td><td>2021-10-25<\/td><td>2024-10-24<\/td><td><a href=\"https:\/\/semmelweis.hu\/jogigfoig\/files\/2021\/10\/105_2021_FB-%C3%B6sszet%C3%A9tel%C3%A9nek-meg%C3%BAj%C3%ADt%C3%A1sa.pdf\">Megb\u00edzat\u00e1si dokumentum\/ Mandate document\/ Mandatsdokument<\/a><\/td><td>Megb\u00edzat\u00e1s lej\u00e1rta<\/td><td>2024-10-24<\/td><\/tr><tr><td>Kov\u00e1cs<\/td><td>Karina<\/td><td>Hallgat\u00f3i jogviszony\/ Student status\/ Studierendenrechtsverh\u00e4ltnis<\/td><td>Tag (\u00e1lland\u00f3)\/Member\/Mitglied<\/td><td>2024-10-25<\/td><td>2027-10-31<\/td><td><a href=\"https:\/\/semmelweis.hu\/jogigfoig\/files\/2024\/10\/79_2024_FB-szemelyi-osszetetelenek-megujitasarol.pdf\">Megb\u00edzat\u00e1si dokumentum\/ Mandate document\/ Mandatsdokument<\/a><\/td><td>Egy\u00e9b megsz\u0171n\u00e9si ok<\/td><td>2026-06-25<\/td><\/tr><tr><td>Gecsey<\/td><td>R\u00e9ka Csenge<\/td><td>Hallgat\u00f3i jogviszony\/ Student status\/ Studierendenrechtsverh\u00e4ltnis<\/td><td>Tag (\u00e1lland\u00f3)\/ Member\/ Mitglied<\/td><td>2024-10-25<\/td><td>2027-10-31<\/td><td><a href=\"https:\/\/semmelweis.hu\/jogigfoig\/files\/2024\/10\/79_2024_FB-szemelyi-osszetetelenek-megujitasarol.pdf\">Megb\u00edzat\u00e1si dokumentum\/ Mandate document\/ Mandatsdokument<\/a><\/td><td>Egy\u00e9b megsz\u0171n\u00e9si ok<\/td><td>2025-06-25<\/td><\/tr><tr><td>Keskeny<\/td><td>Gy\u00f6rgy \u00c1rp\u00e1d<\/td><td>allgat\u00f3i jogviszony\/ Student status\/ Studierendenrechtsverh\u00e4ltnis<\/td><td>Tag (\u00e1lland\u00f3)\/Member\/Mitglied<\/td><td>2023-06-29<\/td><td>2024-10-24<\/td><td><a href=\"https:\/\/semmelweis.hu\/jogigfoig\/files\/2023\/07\/62_2023_egyetemi-hataskoru-bizottsagok.pdf\">Megb\u00edzat\u00e1si dokumentum\/ Mandate document\/ Mandatsdokument<\/a><\/td><td>Megb\u00edzat\u00e1s lej\u00e1rta<\/td><td>2024-10-24<\/td><\/tr><tr><td>Dr. Szab\u00f3<\/td><td>Lili\u00e1na<\/td><td>Hallgat\u00f3i jogviszony\/ Student status\/ Studierendenrechtsverh\u00e4ltnis<\/td><td>Tag (\u00e1lland\u00f3)\/ Member\/ Mitglied<\/td><td>2020-06-25<\/td><td>2021-10-25<\/td><td><a href=\"https:\/\/semmelweis.hu\/jogigfoig\/files\/2020\/07\/88_2020_a-Fel%C3%BClb%C3%ADr%C3%A1lati-Bizotts%C3%A1g-szem%C3%A9lyi-%C3%B6sszet%C3%A9tel%C3%A9nek-m%C3%B3dos%C3%ADt%C3%A1s%C3%A1r%C3%B3l.pdf\">Megb\u00edzat\u00e1si dokumentum\/ Mandate document\/ Mandatsdokument<\/a><\/td><td>Megb\u00edzat\u00e1s lej\u00e1rta<\/td><td>2021-10-25<\/td><\/tr><tr><td>Dr. Basa<\/td><td>B\u00e1lint<\/td><td>Hallgat\u00f3i jogviszony\/ Student status\/ Studierendenrechtsverh\u00e4ltnis<\/td><td>Tag (\u00e1lland\u00f3)\/ Member\/ Mitglied<\/td><td>2022-12-02<\/td><td>2024-10-24<\/td><td><a href=\"https:\/\/semmelweis.hu\/jogigfoig\/files\/2022\/12\/99_2022_allando-bizottsagok-doktorandusz-hallgatok.pdf\">Megb\u00edzat\u00e1si dokumentum\/ Mandate document\/ Mandatsdokument<\/a><\/td><td>Egy\u00e9b megsz\u0171n\u00e9si ok<\/td><td>2024-02-28<\/td><\/tr><tr><td>Dr. Kocsis<\/td><td>Erika<\/td><td>Foglalkoztatott\/ Employee\/ Besch\u00e4ftigte(r)<\/td><td>Tag (eseti tanulm\u00e1nyi \u00fcgyek)\/ Member\/ Mitglied<\/td><td>2023-10-05<\/td><td>2024-10-24<\/td><td><a href=\"https:\/\/semmelweis.hu\/jogigfoig\/files\/2023\/10\/79_2023_FB-szemelyi-osszetetel.pdf\">Megb\u00edzat\u00e1si dokumentum\/ Mandate document\/ Mandatsdokument<\/a><\/td><td>  <\/td><td>  <\/td><\/tr><tr><td>T\u00f3th<\/td><td>Anna<\/td><td>Foglalkoztatott\/ Employee\/ Besch\u00e4ftigte(r)<\/td><td>Tag (eseti tanulm\u00e1nyi \u00fcgyek)\/ Member\/ Mitglied<\/td><td>2024-10-25<\/td><td>2027-10-31<\/td><td><a href=\"https:\/\/semmelweis.hu\/jogigfoig\/files\/2024\/10\/79_2024_FB-szemelyi-osszetetelenek-megujitasarol.pdf\">Megb\u00edzat\u00e1si dokumentum\/ Mandate document\/ Mandatsdokument<\/a><\/td><td>Egy\u00e9b megsz\u0171n\u00e9si ok<\/td><td>2024-12-15<\/td><\/tr><tr><td>Dr. Kocsis<\/td><td>Erika<\/td><td>Foglalkoztatott\/ Employee\/ Besch\u00e4ftigte(r)<\/td><td>Tag (eseti) juttat\u00e1si \u00fcgyek\/ Member\/ Mitglied<\/td><td>2024-10-25<\/td><td>2027-10-31<\/td><td><a href=\"https:\/\/semmelweis.hu\/jogigfoig\/files\/2024\/10\/79_2024_FB-szemelyi-osszetetelenek-megujitasarol.pdf\">Megb\u00edzat\u00e1si dokumentum\/ Mandate document\/ Mandatsdokument<\/a><\/td><td>  <\/td><td>  <\/td><\/tr>            <\/tbody>\r\n            <\/table>\r\n        <\/div>\r\n        <\/div>\r\n    <\/div>\r\n    <\/div>\r\n    \n\n<\/div><h2 class=\"tabtitle\">\u00dcgyrend<\/h2>\n<div class=\"tabcontent\">\n\n<p><a href=\"https:\/\/semmelweis.hu\/bizottsagok\/files\/2021\/03\/63_2018.V.31.-sz.-SZ-hat.-Egyetemi-\u00c1OK-FOK-ETK-PAK-Bizotts\u00e1gok-egys\u00e9ges-\u00fcgyrend-1.pdf\">A Semmelweis Egyetem Szen\u00e1tus\u00e1nak 63\/2018. (V.31.) sz\u00e1m\u00fa hat\u00e1rozata az egyetem eg\u00e9sz\u00e9re kiterjed\u0151 hat\u00e1sk\u00f6rrel rendelkez\u0151 \u00e1lland\u00f3 feladat\u00fa bizotts\u00e1gok, valamint a karokon m\u0171k\u00f6d\u0151 \u00e1lland\u00f3 bizotts\u00e1gok \u00fcgyrendj\u00e9nek j\u00f3v\u00e1hagy\u00e1s\u00e1r\u00f3l<\/a><\/p>\n<p>\u00a0<a href=\"https:\/\/semmelweis.hu\/jogigfoig\/files\/2020\/08\/%C3%9Cgyrend_FB_2018.pdf\">A Fel\u00fclb\u00edr\u00e1lati Bizotts\u00e1g \u00fcgyrendje<\/a><\/p>\n\n<\/div><h2 class=\"tabtitle\">\u00c9ves besz\u00e1mol\u00f3<\/h2>\n<div class=\"tabcontent\">\n\n<p><a href=\"https:\/\/semmelweis.hu\/jogigfoig\/files\/2025\/03\/15_2025_egyetemi-hataskoru-bizottsagok-beszamoloi.pdf\" target=\"_blank\" rel=\"noopener\">A Semmelweis Egyetem Szen\u00e1tus\u00e1nak 15\/2025. (III. 7.) sz\u00e1m\u00fa hat\u00e1rozata a Szen\u00e1tus \u00e1ltal l\u00e9trehozott, az egyetem eg\u00e9sz\u00e9re kiterjed\u0151 hat\u00e1sk\u00f6rrel rendelkez\u0151 \u00e1lland\u00f3 bizotts\u00e1gok munk\u00e1j\u00e1r\u00f3l sz\u00f3l\u00f3 besz\u00e1mol\u00f3 elfogad\u00e1s\u00e1r\u00f3l<\/a><\/p>\n<p><a href=\"https:\/\/semmelweis.hu\/bizottsagok\/files\/2025\/06\/Felulbiralati-Bizottsag_2024-beszamolo.pdf\" target=\"_blank\" rel=\"noopener\">A Fel\u00fclb\u00edr\u00e1lati Bizotts\u00e1g \u00e9ves besz\u00e1mol\u00f3ja \u2013 2024<\/a><\/p>\n<p>&nbsp;<\/p>\n<p>&nbsp;<\/p>\n<p>&nbsp;<\/p>\n<\/div><\/div>\n","protected":false},"excerpt":{"rendered":"<p>A Fel\u00fclb\u00edr\u00e1lati Bizotts\u00e1g a hallgat\u00f3 \u00e1ltal beny\u00fajtott &#8211; az els\u0151fok\u00fa szerv \u00e1ltal hozott d\u00f6nt\u00e9s ellen &#8211; a jogorvoslati k\u00e9relmet vizsg\u00e1lja fel\u00fcl, figyelemmel az els\u0151fok\u00fa szerv elj\u00e1r\u00e1s\u00e1nak jogszab\u00e1ly szerinti megfelel\u0151s\u00e9g\u00e9re.<\/p>\n<p>Kapcsolattart\u00f3: Dr. D\u00f3zsa-Sedl\u00e1k Rita<br \/>\nEmail: <a href=\"mailto:sedlak.rita@semmelweis.hu\">sedlak.rita@semmelweis.hu<\/a><\/p>\n<p><a href=\"https:\/\/semmelweis.hu\/bizottsagok\/files\/2021\/03\/63_2018.V.31.-sz.-SZ-hat.-Egyetemi-\u00c1OK-FOK-ETK-PAK-Bizotts\u00e1gok-egys\u00e9ges-\u00fcgyrend-1.pdf\">A Semmelweis Egyetem Szen\u00e1tus\u00e1nak 63\/2018. (V.31.) sz\u00e1m\u00fa hat\u00e1rozata az egyetem eg\u00e9sz\u00e9re kiterjed\u0151 hat\u00e1sk\u00f6rrel rendelkez\u0151 \u00e1lland\u00f3 feladat\u00fa bizotts\u00e1gok, valamint a karokon m\u0171k\u00f6d\u0151 \u00e1lland\u00f3 bizotts\u00e1gok \u00fcgyrendj\u00e9nek j\u00f3v\u00e1hagy\u00e1s\u00e1r\u00f3l<\/a><br \/>\n\u00a0<a href=\"https:\/\/semmelweis.hu\/jogigfoig\/files\/2020\/08\/%C3%9Cgyrend_FB_2018.pdf\">A Fel\u00fclb\u00edr\u00e1lati Bizotts\u00e1g \u00fcgyrendje<\/a><\/p>\n<p><a href=\"https:\/\/semmelweis.hu\/jogigfoig\/files\/2025\/03\/15_2025_egyetemi-hataskoru-bizottsagok-beszamoloi.pdf\" target=\"_blank\" rel=\"noopener\">A Semmelweis Egyetem Szen\u00e1tus\u00e1nak 15\/2025. (III. 7.) sz\u00e1m\u00fa hat\u00e1rozata a Szen\u00e1tus \u00e1ltal l\u00e9trehozott, az egyetem eg\u00e9sz\u00e9re kiterjed\u0151 hat\u00e1sk\u00f6rrel rendelkez\u0151 \u00e1lland\u00f3 bizotts\u00e1gok munk\u00e1j\u00e1r\u00f3l sz\u00f3l\u00f3 besz\u00e1mol\u00f3 elfogad\u00e1s\u00e1r\u00f3l<\/a><br \/>\n<a href=\"https:\/\/semmelweis.hu\/bizottsagok\/files\/2025\/06\/Felulbiralati-Bizottsag_2024-beszamolo.pdf\" target=\"_blank\" rel=\"noopener\">A Fel\u00fclb\u00edr\u00e1lati Bizotts\u00e1g \u00e9ves besz\u00e1mol\u00f3ja \u2013 2024<\/a><br \/>\n&nbsp;<br \/>\n&nbsp;<br \/>\n&nbsp;<\/p>\n","protected":false},"author":101595,"featured_media":0,"parent":834,"menu_order":0,"comment_status":"closed","ping_status":"closed","template":"template-fullwidth.php","meta":{"_acf_changed":false,"footnotes":""},"categories":[],"tags":[],"class_list":["post-164","page","type-page","status-publish","hentry"],"acf":[],"_links":{"self":[{"href":"https:\/\/semmelweis.hu\/bizottsagok\/wp-json\/wp\/v2\/pages\/164","targetHints":{"allow":["GET"]}}],"collection":[{"href":"https:\/\/semmelweis.hu\/bizottsagok\/wp-json\/wp\/v2\/pages"}],"about":[{"href":"https:\/\/semmelweis.hu\/bizottsagok\/wp-json\/wp\/v2\/types\/page"}],"author":[{"embeddable":true,"href":"https:\/\/semmelweis.hu\/bizottsagok\/wp-json\/wp\/v2\/users\/101595"}],"replies":[{"embeddable":true,"href":"https:\/\/semmelweis.hu\/bizottsagok\/wp-json\/wp\/v2\/comments?post=164"}],"version-history":[{"count":10,"href":"https:\/\/semmelweis.hu\/bizottsagok\/wp-json\/wp\/v2\/pages\/164\/revisions"}],"predecessor-version":[{"id":2617,"href":"https:\/\/semmelweis.hu\/bizottsagok\/wp-json\/wp\/v2\/pages\/164\/revisions\/2617"}],"up":[{"embeddable":true,"href":"https:\/\/semmelweis.hu\/bizottsagok\/wp-json\/wp\/v2\/pages\/834"}],"wp:attachment":[{"href":"https:\/\/semmelweis.hu\/bizottsagok\/wp-json\/wp\/v2\/media?parent=164"}],"wp:term":[{"taxonomy":"category","embeddable":true,"href":"https:\/\/semmelweis.hu\/bizottsagok\/wp-json\/wp\/v2\/categories?post=164"},{"taxonomy":"post_tag","embeddable":true,"href":"https:\/\/semmelweis.hu\/bizottsagok\/wp-json\/wp\/v2\/tags?post=164"}],"curies":[{"name":"wp","href":"https:\/\/api.w.org\/{rel}","templated":true}]}}