{"id":162,"date":"2020-11-23T23:27:18","date_gmt":"2020-11-23T22:27:18","guid":{"rendered":"https:\/\/semmelweis.hu\/bizottsagok\/?page_id=162"},"modified":"2021-02-04T12:46:25","modified_gmt":"2021-02-04T11:46:25","slug":"habilitacios-bizottsag-szerkeszto","status":"publish","type":"page","link":"https:\/\/semmelweis.hu\/bizottsagok\/habilitacios-bizottsag-szerkeszto\/","title":{"rendered":"HABILIT\u00c1CI\u00d3S BIZOTTS\u00c1G SZERKESZT\u0150"},"content":{"rendered":"    \r\n    <div id=\"peopleContainer\" style=\"text-align:center;\">\r\n    <input type=\"hidden\" name=\"cimkek\" id=\"cimkek\" value=\"Vezet\u00e9kn\u00e9v,Ut\u00f3n\u00e9v,Megb\u00edzat\u00e1s alapja,Megb\u00edzat\u00e1s t\u00edpusa,Megb\u00edzat\u00e1s kezdete,Megb\u00edzat\u00e1s v\u00e9ge,Megb\u00edzat\u00e1si dokumentum,Megsz\u0171n\u00e9s oka,Megsz\u0171n\u00e9s d\u00e1tuma\">\r\n    <input type=\"hidden\" name=\"kihagy_aktiv\" id=\"kihagy_aktiv\" value=\"Megsz\u0171n\u00e9s oka||megszunes_oka,Megsz\u0171n\u00e9s d\u00e1tuma||megszunes_datuma\">\r\n    <input type=\"hidden\" name=\"kihagy_archiv\" id=\"kihagy_archiv\" value=\"\">\r\n    <div id=\"aktivTagokContainer\" style=\"overflow:auto;\">\r\n        <table>\r\n        <thead style=\"text-align:center;\">\r\n            <th>Vezet\u00e9kn\u00e9v<\/th><th>Ut\u00f3n\u00e9v<\/th><th>Megb\u00edzat\u00e1s alapja<\/th><th>Megb\u00edzat\u00e1s t\u00edpusa<\/th><th>Megb\u00edzat\u00e1s kezdete<\/th><th>Megb\u00edzat\u00e1s v\u00e9ge<\/th><th>Megb\u00edzat\u00e1si dokumentum<\/th>        <\/thead>\r\n        <tbody>\r\n        <tr><td>Dr. Nagy<\/td><td>Zolt\u00e1n Zsolt<\/td><td>Foglalkoztatott\/ Employee\/ Besch\u00e4ftigte(r)<\/td><td>Eln\u00f6k\/ Chairperson\/ Vorsitzender<\/td><td>2023-04-01<\/td><td>2027-03-31<\/td><td><a href=\"https:\/\/semmelweis.hu\/bizottsagok\/files\/2023\/04\/16_2023_a-Habilitacios-Bizottsag-szemelyi-osszetetelenek-megujitasarol.pdf\">Megb\u00edzat\u00e1si dokumentum\/ Mandate document\/ Mandatsdokument<\/a><\/td><\/tr><tr><td>Dr. Beny\u00f3<\/td><td>Zolt\u00e1n<\/td><td>Foglalkoztatott\/ Employee\/ Besch\u00e4ftigte(r)<\/td><td>Tag\/ Member\/ Mitglied<\/td><td>2023-04-01<\/td><td>2027-03-31<\/td><td><a href=\"https:\/\/semmelweis.hu\/bizottsagok\/files\/2023\/04\/16_2023_a-Habilitacios-Bizottsag-szemelyi-osszetetelenek-megujitasarol.pdf\">Megb\u00edzat\u00e1si dokumentum\/ Mandate document\/ Mandatsdokument<\/a><\/td><\/tr><tr><td>Dr. Csan\u00e1dy<\/td><td>L\u00e1szl\u00f3<\/td><td>Foglalkoztatott\/ Employee\/ Besch\u00e4ftigte(r)<\/td><td>Tag\/ Member\/ Mitglied<\/td><td>2023-04-01<\/td><td>2027-03-31<\/td><td><a href=\"https:\/\/semmelweis.hu\/bizottsagok\/files\/2023\/04\/16_2023_a-Habilitacios-Bizottsag-szemelyi-osszetetelenek-megujitasarol.pdf\">Megb\u00edzat\u00e1si dokumentum\/ Mandate document\/ Mandatsdokument<\/a><\/td><\/tr><tr><td>Dr. Dob\u00f3 Nagy<\/td><td>Csaba<\/td><td>Foglalkoztatott\/ Employee\/ Besch\u00e4ftigte(r)<\/td><td>Tag\/ Member\/ Mitglied<\/td><td>2023-04-01<\/td><td>2027-03-31<\/td><td><a href=\"https:\/\/semmelweis.hu\/bizottsagok\/files\/2023\/04\/16_2023_a-Habilitacios-Bizottsag-szemelyi-osszetetelenek-megujitasarol.pdf\">Megb\u00edzat\u00e1si dokumentum\/ Mandate document\/ Mandatsdokument<\/a><\/td><\/tr><tr><td>Dr. Gell\u00e9r<\/td><td>L\u00e1szl\u00f3<\/td><td>Foglalkoztatott\/ Employee\/ Besch\u00e4ftigte(r)<\/td><td>Tag\/ Member\/ Mitglied<\/td><td>2023-04-01<\/td><td>2027-03-31<\/td><td><a href=\"https:\/\/semmelweis.hu\/bizottsagok\/files\/2023\/04\/16_2023_a-Habilitacios-Bizottsag-szemelyi-osszetetelenek-megujitasarol.pdf\">Megb\u00edzat\u00e1si dokumentum\/ Mandate document\/ Mandatsdokument<\/a><\/td><\/tr><tr><td>Dr. Hermann<\/td><td>P\u00e9ter<\/td><td>Foglalkoztatott\/ Employee\/ Besch\u00e4ftigte(r)<\/td><td>Tag\/ Member\/ Mitglied<\/td><td>2023-04-01<\/td><td>2027-03-31<\/td><td><a href=\"https:\/\/semmelweis.hu\/bizottsagok\/files\/2023\/04\/16_2023_a-Habilitacios-Bizottsag-szemelyi-osszetetelenek-megujitasarol.pdf\">Megb\u00edzat\u00e1si dokumentum\/ Mandate document\/ Mandatsdokument<\/a><\/td><\/tr><tr><td>Dr. Nyir\u00e1dy<\/td><td>P\u00e9ter<\/td><td>Foglalkoztatott\/ Employee\/ Besch\u00e4ftigte(r)<\/td><td>Tag\/ Member\/ Mitglied<\/td><td>2023-04-01<\/td><td>2027-03-31<\/td><td><a href=\"https:\/\/semmelweis.hu\/bizottsagok\/files\/2023\/04\/16_2023_a-Habilitacios-Bizottsag-szemelyi-osszetetelenek-megujitasarol.pdf\">Megb\u00edzat\u00e1si dokumentum\/ Mandate document\/ Mandatsdokument<\/a><\/td><\/tr><tr><td>Dr. Proh\u00e1szka<\/td><td>Zolt\u00e1n<\/td><td>Foglalkoztatott\/ Employee\/ Besch\u00e4ftigte(r)<\/td><td>Tag\/ Member\/ Mitglied<\/td><td>2023-04-01<\/td><td>2027-03-31<\/td><td><a href=\"https:\/\/semmelweis.hu\/bizottsagok\/files\/2023\/04\/16_2023_a-Habilitacios-Bizottsag-szemelyi-osszetetelenek-megujitasarol.pdf\">Megb\u00edzat\u00e1si dokumentum\/ Mandate document\/ Mandatsdokument<\/a><\/td><\/tr><tr><td>Dr. Szab\u00f3<\/td><td>Attila<\/td><td>Foglalkoztatott\/ Employee\/ Besch\u00e4ftigte(r)<\/td><td>Tag\/ Member\/ Mitglied<\/td><td>2023-04-01<\/td><td>2027-03-31<\/td><td><a href=\"https:\/\/semmelweis.hu\/bizottsagok\/files\/2023\/04\/16_2023_a-Habilitacios-Bizottsag-szemelyi-osszetetelenek-megujitasarol.pdf\">Megb\u00edzat\u00e1si dokumentum\/ Mandate document\/ Mandatsdokument<\/a><\/td><\/tr><tr><td>Dr. Szij\u00e1rt\u00f3<\/td><td>Attila<\/td><td>Foglalkoztatott\/ Employee\/ Besch\u00e4ftigte(r)<\/td><td>Tag\/ Member\/ Mitglied<\/td><td>2023-04-01<\/td><td>2027-03-31<\/td><td><a href=\"https:\/\/semmelweis.hu\/bizottsagok\/files\/2023\/04\/16_2023_a-Habilitacios-Bizottsag-szemelyi-osszetetelenek-megujitasarol.pdf\">Megb\u00edzat\u00e1si dokumentum\/ Mandate document\/ Mandatsdokument<\/a><\/td><\/tr><tr><td>Dr. Sz\u00f6k\u0151<\/td><td>\u00c9va<\/td><td>Foglalkoztatott\/ Employee\/ Besch\u00e4ftigte(r)<\/td><td>Tag\/Member\/Mitglied<\/td><td>2023-04-01<\/td><td>2027-03-31<\/td><td><a href=\"https:\/\/semmelweis.hu\/bizottsagok\/files\/2023\/04\/16_2023_a-Habilitacios-Bizottsag-szemelyi-osszetetelenek-megujitasarol.pdf\">Megb\u00edzat\u00e1si dokumentum\/ Mandate document\/ Mandatsdokument<\/a><\/td><\/tr><tr><td>Dr. Zelk\u00f3<\/td><td>Rom\u00e1na<\/td><td>Foglalkoztatott\/ Employee\/ Besch\u00e4ftigte(r)<\/td><td>Tag\/ Member\/ Mitglied<\/td><td>2023-04-01<\/td><td>2027-03-31<\/td><td><a href=\"https:\/\/semmelweis.hu\/bizottsagok\/files\/2023\/04\/16_2023_a-Habilitacios-Bizottsag-szemelyi-osszetetelenek-megujitasarol.pdf\">Megb\u00edzat\u00e1si dokumentum\/ Mandate document\/ Mandatsdokument<\/a><\/td><\/tr><tr><td>Dr. Balla<\/td><td>Gy\u00f6rgy<\/td><td>Foglalkoztatott\/ Employee\/ Besch\u00e4ftigte(r)<\/td><td>K\u00fcls\u0151 tag\/ External member\/ Externes Mitglied<\/td><td>2023-04-01<\/td><td>2027-03-31<\/td><td><a href=\"https:\/\/semmelweis.hu\/bizottsagok\/files\/2023\/04\/16_2023_a-Habilitacios-Bizottsag-szemelyi-osszetetelenek-megujitasarol.pdf\">Megb\u00edzat\u00e1si dokumentum\/ Mandate document\/ Mandatsdokument<\/a><\/td><\/tr><tr><td>Dr. Ol\u00e1h<\/td><td>Edit<\/td><td>Foglalkoztatott\/ Employee\/ Besch\u00e4ftigte(r)<\/td><td>K\u00fcls\u0151 tag\/ External member\/ Externes Mitglied<\/td><td>2023-04-01<\/td><td>2027-03-31<\/td><td><a href=\"https:\/\/semmelweis.hu\/bizottsagok\/files\/2023\/04\/16_2023_a-Habilitacios-Bizottsag-szemelyi-osszetetelenek-megujitasarol.pdf\">Megb\u00edzat\u00e1si dokumentum\/ Mandate document\/ Mandatsdokument<\/a><\/td><\/tr><tr><td>Dr. Vok\u00f3<\/td><td>Zolt\u00e1n<\/td><td>Foglalkoztatott\/ Employee\/ Besch\u00e4ftigte(r)<\/td><td>K\u00fcls\u0151 tag\/ External member\/ Externes Mitglied<\/td><td>2023-04-01<\/td><td>2027-03-31<\/td><td><a href=\"https:\/\/semmelweis.hu\/bizottsagok\/files\/2023\/04\/16_2023_a-Habilitacios-Bizottsag-szemelyi-osszetetelenek-megujitasarol.pdf\">Megb\u00edzat\u00e1si dokumentum\/ Mandate document\/ Mandatsdokument<\/a><\/td><\/tr><tr><td>Dr. Helyes<\/td><td>Zsuzsanna<\/td><td>Foglalkoztatott\/ Employee\/ Besch\u00e4ftigte(r)<\/td><td>K\u00fcls\u0151 tag\/ External member\/ Externes Mitglied<\/td><td>2023-04-01<\/td><td>2027-03-31<\/td><td><a href=\"https:\/\/semmelweis.hu\/bizottsagok\/files\/2023\/04\/16_2023_a-Habilitacios-Bizottsag-szemelyi-osszetetelenek-megujitasarol.pdf\">Megb\u00edzat\u00e1si dokumentum\/ Mandate document\/ Mandatsdokument<\/a><\/td><\/tr><tr><td>Dr. R\u00f3zsa<\/td><td>No\u00e9mi Katinka<\/td><td>Foglalkoztatott\/ Employee\/ Besch\u00e4ftigte(r)<\/td><td>Tag\/ Member\/ Mitglied<\/td><td>2023-04-01<\/td><td>2027-03-31<\/td><td><a href=\"https:\/\/semmelweis.hu\/bizottsagok\/files\/2023\/04\/16_2023_a-Habilitacios-Bizottsag-szemelyi-osszetetelenek-megujitasarol.pdf\">Megb\u00edzat\u00e1si dokumentum\/ Mandate document\/ Mandatsdokument<\/a><\/td><\/tr><tr><td>Dr. Pethesn\u00e9 D\u00e1vid<\/td><td>Be\u00e1ta<\/td><td>Foglalkoztatott\/ Employee\/ Besch\u00e4ftigte(r)<\/td><td>Tag\/ Member\/ Mitglied<\/td><td>2023-04-01<\/td><td>2027-03-31<\/td><td><a href=\"https:\/\/semmelweis.hu\/bizottsagok\/files\/2023\/04\/16_2023_a-Habilitacios-Bizottsag-szemelyi-osszetetelenek-megujitasarol.pdf\">Megb\u00edzat\u00e1si dokumentum\/ Mandate document\/ Mandatsdokument<\/a><\/td><\/tr><tr><td>Dr. Holl\u00f3<\/td><td>P\u00e9ter<\/td><td>Foglalkoztatott\/ Employee\/ Besch\u00e4ftigte(r)<\/td><td>Tag\/ Member\/ Mitglied<\/td><td>2023-04-01<\/td><td>2027-03-31<\/td><td><a href=\"https:\/\/semmelweis.hu\/bizottsagok\/files\/2023\/04\/16_2023_a-Habilitacios-Bizottsag-szemelyi-osszetetelenek-megujitasarol.pdf\">Megb\u00edzat\u00e1si dokumentum\/ Mandate document\/ Mandatsdokument<\/a><\/td><\/tr><tr><td>Dr. Hegyi<\/td><td>P\u00e9ter<\/td><td>Foglalkoztatott\/ Employee\/ Besch\u00e4ftigte(r)<\/td><td>Tag\/ Member\/ Mitglied<\/td><td>2023-04-01<\/td><td>2027-03-31<\/td><td><a href=\"https:\/\/semmelweis.hu\/bizottsagok\/files\/2023\/04\/16_2023_a-Habilitacios-Bizottsag-szemelyi-osszetetelenek-megujitasarol.pdf\">Megb\u00edzat\u00e1si dokumentum\/ Mandate document\/ Mandatsdokument<\/a><\/td><\/tr><tr><td>Dr. Fogarasi<\/td><td>Andr\u00e1s<\/td><td>Foglalkoztatott\/ Employee\/ Besch\u00e4ftigte(r)<\/td><td>Tag\/ Member\/ Mitglied<\/td><td>2023-04-01<\/td><td>2027-03-31<\/td><td><a href=\"https:\/\/semmelweis.hu\/bizottsagok\/files\/2023\/04\/16_2023_a-Habilitacios-Bizottsag-szemelyi-osszetetelenek-megujitasarol.pdf\">Megb\u00edzat\u00e1si dokumentum\/ Mandate document\/ Mandatsdokument<\/a><\/td><\/tr><tr><td>Dr. Kem\u00e9ny<\/td><td>Lajos<\/td><td>Foglalkoztatott\/ Employee\/ Besch\u00e4ftigte(r)<\/td><td>K\u00fcls\u0151 tag\/ External member\/ Externes Mitglied<\/td><td>2023-04-01<\/td><td>2027-03-31<\/td><td><a href=\"https:\/\/semmelweis.hu\/bizottsagok\/files\/2023\/04\/16_2023_a-Habilitacios-Bizottsag-szemelyi-osszetetelenek-megujitasarol.pdf\">Megb\u00edzat\u00e1si dokumentum\/ Mandate document\/ Mandatsdokument<\/a><\/td><\/tr><tr><td>Dr. V\u00e1mosi<\/td><td>P\u00e9ter<\/td><td>Foglalkoztatott\/ Employee\/ Besch\u00e4ftigte(r)<\/td><td>Megfigyel\u0151\/ Spectator\/ Zuschauer<\/td><td>2024-09-01<\/td><td>2027-03-31<\/td><td><a href=\"https:\/\/semmelweis.hu\/jogigfoig\/files\/2024\/08\/73_2024_Habilitacios-Bizottsag-doktorandusz.pdf\">Megb\u00edzat\u00e1si dokumentum\/ Mandate document\/ Mandatsdokument<\/a><\/td><\/tr>        \r\n        \r\n        <\/tbody>\r\n        <\/table>\r\n        <\/div>\r\n\r\n    <div id=\"archivTagokContainer\" style=\"overflow:auto;\">\r\n            <div class=\"exp-col-content-holder\" style=\"border: none;\">\r\n        <p>Arch\u00edv<\/p>\r\n        <div class=\"hidden-content\" style=\"display: block;\">\r\n                <table>\r\n            <thead style=\"text-align:center;\">\r\n                <th>Vezet\u00e9kn\u00e9v<\/th><th>Ut\u00f3n\u00e9v<\/th><th>Megb\u00edzat\u00e1s alapja<\/th><th>Megb\u00edzat\u00e1s t\u00edpusa<\/th><th>Megb\u00edzat\u00e1s kezdete<\/th><th>Megb\u00edzat\u00e1s v\u00e9ge<\/th><th>Megb\u00edzat\u00e1si dokumentum<\/th><th>Megsz\u0171n\u00e9s oka<\/th><th>Megsz\u0171n\u00e9s d\u00e1tuma<\/th>            <\/thead>\r\n            <tbody>\r\n            <tr><td>Dr. Ligeti<\/td><td>Erzs\u00e9bet<\/td><td>Foglalkoztatott\/ Employee\/ Besch\u00e4ftigte(r)<\/td><td>Tag\/ Member\/ Mitglied<\/td><td>2019-01-01<\/td><td>2023-03-31<\/td><td><a href=\"https:\/\/semmelweis.hu\/bizottsagok\/files\/2023\/03\/105_2022_Habilitacios-Bizottsag-szemelyi-osszetetel.pdf\">Megb\u00edzat\u00e1si dokumentum\/ Mandate document\/ Mandatsdokument<\/a><\/td><td>Megb\u00edzat\u00e1s lej\u00e1rta<\/td><\/tr><tr><td>Dr. Matolcsy<\/td><td>Andr\u00e1s<\/td><td>Foglalkoztatott\/ Employee\/ Besch\u00e4ftigte(r)<\/td><td>Tag\/ Member\/ Mitglied<\/td><td>2019-01-01<\/td><td>2023-03-31<\/td><td><a href=\"https:\/\/semmelweis.hu\/bizottsagok\/files\/2023\/03\/105_2022_Habilitacios-Bizottsag-szemelyi-osszetetel.pdf\">Megb\u00edzat\u00e1si dokumentum\/ Mandate document\/ Mandatsdokument<\/a><\/td><td>Megb\u00edzat\u00e1s lej\u00e1rta<\/td><\/tr><tr><td>Dr. Sz\u00e9m\u00e1n<\/td><td>Zsuzsanna<\/td><td>Foglalkoztatott\/ Employee\/ Besch\u00e4ftigte(r)<\/td><td>Tag\/ Member\/ Mitglied<\/td><td>2019-01-01<\/td><td>2023-03-31<\/td><td><a href=\"https:\/\/semmelweis.hu\/bizottsagok\/files\/2023\/03\/105_2022_Habilitacios-Bizottsag-szemelyi-osszetetel.pdf\">Megb\u00edzat\u00e1si dokumentum\/ Mandate document\/ Mandatsdokument<\/a><\/td><td>Megb\u00edzat\u00e1s lej\u00e1rta<\/td><\/tr><tr><td>Dr. Freund<\/td><td>Tam\u00e1s<\/td><td>Foglalkoztatott\/ Employee\/ Besch\u00e4ftigte(r)<\/td><td>K\u00fcls\u0151 tag\/ External member\/ Externes Mitglied<\/td><td>2019-01-01<\/td><td>2023-03-31<\/td><td><a href=\"https:\/\/semmelweis.hu\/bizottsagok\/files\/2023\/03\/105_2022_Habilitacios-Bizottsag-szemelyi-osszetetel.pdf\">Megb\u00edzat\u00e1si dokumentum\/ Mandate document\/ Mandatsdokument<\/a><\/td><td>Megb\u00edzat\u00e1s lej\u00e1rta<\/td><\/tr><tr><td>Dr. Kov\u00e1cs L.<\/td><td>G\u00e1bor<\/td><td>Foglalkoztatott\/ Employee\/ Besch\u00e4ftigte(r)<\/td><td>K\u00fcls\u0151 tag\/ External member\/ Externes Mitglied<\/td><td>2019-01-01<\/td><td>2023-03-31<\/td><td><a href=\"https:\/\/semmelweis.hu\/bizottsagok\/files\/2023\/03\/105_2022_Habilitacios-Bizottsag-szemelyi-osszetetel.pdf\">Megb\u00edzat\u00e1si dokumentum\/ Mandate document\/ Mandatsdokument<\/a><\/td><td>Megb\u00edzat\u00e1s lej\u00e1rta<\/td><\/tr><tr><td>Dr. R\u00e9v\u00e9sz<\/td><td>Piroska<\/td><td>Foglalkoztatott\/ Employee\/ Besch\u00e4ftigte(r)<\/td><td>K\u00fcls\u0151 tag\/ External member\/ Externes Mitglied<\/td><td>2019-01-01<\/td><td>2023-03-31<\/td><td><a href=\"https:\/\/semmelweis.hu\/bizottsagok\/files\/2023\/03\/105_2022_Habilitacios-Bizottsag-szemelyi-osszetetel.pdf\">Megb\u00edzat\u00e1si dokumentum\/ Mandate document\/ Mandatsdokument<\/a><\/td><td>Megb\u00edzat\u00e1s lej\u00e1rta<\/td><\/tr><tr><td>Dr. Sallai<\/td><td>Imre<\/td><td>Hallgat\u00f3i jogviszony\/ Student status\/ Studierendenrechtsverh\u00e4ltnis<\/td><td>Megfigyel\u0151\/ Spectator\/ Zuschauer<\/td><td>2020-10-09<\/td><td>2023-03-31<\/td><td><a href=\"https:\/\/semmelweis.hu\/bizottsagok\/files\/2023\/03\/105_2022_Habilitacios-Bizottsag-szemelyi-osszetetel.pdf\">Megb\u00edzat\u00e1si dokumentum\/ Mandate document\/ Mandatsdokument<\/a><\/td><td>Megb\u00edzat\u00e1s lej\u00e1rta<\/td><\/tr><tr><td>Dr. Kiss<\/td><td>Boldizs\u00e1r<\/td><td>Hallgat\u00f3i jogviszony\/ Student status\/ Studierendenrechtsverh\u00e4ltnis<\/td><td>Tag\/ Member\/ Mitglied<\/td><td>2024-02-29<\/td><td>2027-03-31<\/td><td><a href=\"https:\/\/semmelweis.hu\/jogigfoig\/files\/2024\/03\/15_2024_allando-bizottsagok-doktorandusz-hallgatok_.pdf?_gl=1*1n46vsl*_up*MQ..*_ga*MTMyNTAxMTUwNi4xNzA5ODk3MzQ2*_ga_5B3MMKXDLW*MTcwOTg5NzM0NS4xLjEuMTcwOTg5NzQxMC4wLjAuMA..\">Megb\u00edzat\u00e1si dokumentum\/ Mandate document\/ Mandatsdokument<\/a><\/td><td>Egy\u00e9b megsz\u0171n\u00e9si ok<\/td><td>2024-08-30<\/td><\/tr>            <\/tbody>\r\n            <\/table>\r\n        <\/div>\r\n        <\/div>\r\n    <\/div>\r\n    <\/div>\r\n    \n<input type=\"hidden\" name=\"biz\" id=\"biz\" value=\"HABILIT\u00c1CI\u00d3S BIZOTTS\u00c1G\"><div id=\"message\"><\/div><div id=\"nameContainer\"><select name=\"ppl\" id=\"ppl\"><option value=\"dummy\"><\/option><option value=\"0\"  st=\"1606817093.4173\" id=\"0_nev\">Dr. Nagy<\/option><option value=\"1\"  st=\"1606817154.8341\" id=\"1_nev\">Dr. Beny\u00f3<\/option><option value=\"2\"  st=\"1606817193.2760\" id=\"2_nev\">Dr. Csan\u00e1dy<\/option><option value=\"3\"  st=\"1606817229.6459\" id=\"3_nev\">Dr. Dob\u00f3 Nagy<\/option><option value=\"4\"  st=\"1606817261.2659\" id=\"4_nev\">Dr. Gell\u00e9r<\/option><option value=\"5\"  st=\"1606817347.0191\" id=\"5_nev\">Dr. Hermann<\/option><option value=\"6\"  st=\"1606817378.6733\" id=\"6_nev\">Dr. Ligeti<\/option><option value=\"7\"  st=\"1606817418.4291\" id=\"7_nev\">Dr. Matolcsy<\/option><option value=\"8\"  st=\"1606817449.9096\" id=\"8_nev\">Dr. Nyir\u00e1dy<\/option><option value=\"9\"  st=\"1606817495.7090\" id=\"9_nev\">Dr. Proh\u00e1szka<\/option><option value=\"10\"  st=\"1606817539.6329\" id=\"10_nev\">Dr. Szab\u00f3<\/option><option value=\"11\"  st=\"1606817570.1684\" id=\"11_nev\">Dr. Sz\u00e9m\u00e1n<\/option><option value=\"12\"  st=\"1606817607.5718\" id=\"12_nev\">Dr. Szij\u00e1rt\u00f3<\/option><option value=\"13\"  st=\"1606817688.9601\" id=\"13_nev\">Dr. Sz\u00f6k\u0151<\/option><option value=\"14\"  st=\"1606817771.3668\" id=\"14_nev\">Dr. Zelk\u00f3<\/option><option value=\"15\"  st=\"1606817810.8391\" id=\"15_nev\">Dr. Balla<\/option><option value=\"16\"  st=\"1606817846.7113\" id=\"16_nev\">Dr. Freund<\/option><option value=\"17\"  st=\"1606817879.0363\" id=\"17_nev\">Dr. Kov\u00e1cs L.<\/option><option value=\"18\"  st=\"1606817909.7795\" id=\"18_nev\">Dr. Ol\u00e1h<\/option><option value=\"19\"  st=\"1606817939.4316\" id=\"19_nev\">Dr. R\u00e9v\u00e9sz<\/option><option value=\"20\"  st=\"1606817975.9915\" id=\"20_nev\">Dr. Vok\u00f3<\/option><option value=\"21\"  st=\"1606818011.5533\" id=\"21_nev\">Dr. Helyes<\/option><option value=\"22\"  st=\"1606818290.0800\" id=\"22_nev\">Dr. Sallai<\/option><option value=\"23\"  st=\"1680530888.7006\" id=\"23_nev\">Dr. R\u00f3zsa<\/option><option value=\"24\"  st=\"1680531220.8754\" id=\"24_nev\">Dr. Pethesn\u00e9 D\u00e1vid<\/option><option value=\"25\"  st=\"1680531779.9359\" id=\"25_nev\">Dr. Holl\u00f3<\/option><option value=\"26\"  st=\"1680531933.5711\" id=\"26_nev\">Dr. Hegyi<\/option><option value=\"27\"  st=\"1680532013.5812\" id=\"27_nev\">Dr. Fogarasi<\/option><option value=\"28\"  st=\"1680532164.5496\" id=\"28_nev\">Dr. Kem\u00e9ny<\/option><option value=\"29\"  st=\"1709893484.0902\" id=\"29_nev\">Dr. Kiss<\/option><option value=\"30\"  st=\"1729246826.4086\" id=\"30_nev\">Dr. V\u00e1mosi<\/option><\/select><button id=\"load\">Adatok friss\u00edt\u00e9se<\/button><button class=\"button\" id=\"order\">Sorrend ellen\u0151rz\u00e9se<\/button><\/div>\n\n<div class=\"wpcf7 no-js\" id=\"wpcf7-f345-o1\" lang=\"hu-HU\" dir=\"ltr\" data-wpcf7-id=\"345\">\n<div class=\"screen-reader-response\"><p role=\"status\" aria-live=\"polite\" aria-atomic=\"true\"><\/p> <ul><\/ul><\/div>\n<form action=\"\/bizottsagok\/wp-json\/wp\/v2\/pages\/162#wpcf7-f345-o1\" method=\"post\" class=\"wpcf7-form init\" aria-label=\"Kapcsolatfelv\u00e9teli \u0171rlap\" novalidate=\"novalidate\" data-status=\"init\">\n<div style=\"display: none;\">\n<input type=\"hidden\" name=\"_wpcf7\" value=\"345\" \/>\n<input type=\"hidden\" name=\"_wpcf7_version\" value=\"6.0.5\" \/>\n<input type=\"hidden\" name=\"_wpcf7_locale\" value=\"hu_HU\" \/>\n<input type=\"hidden\" name=\"_wpcf7_unit_tag\" value=\"wpcf7-f345-o1\" \/>\n<input type=\"hidden\" name=\"_wpcf7_container_post\" value=\"0\" \/>\n<input type=\"hidden\" name=\"_wpcf7_posted_data_hash\" value=\"\" \/>\n<input type=\"hidden\" name=\"_wpcf7_recaptcha_response\" value=\"\" \/>\n<\/div>\n<p><label> Vezet\u00e9kn\u00e9v<br \/>\n<span class=\"wpcf7-form-control-wrap\" data-name=\"nev\"><input size=\"40\" maxlength=\"400\" class=\"wpcf7-form-control wpcf7-text wpcf7-validates-as-required\" id=\"nev\" aria-required=\"true\" aria-invalid=\"false\" value=\"\" type=\"text\" name=\"nev\" \/><\/span> <\/label>\n<\/p>\n<p><label> Ut\u00f3n\u00e9v<br \/>\n<span class=\"wpcf7-form-control-wrap\" data-name=\"nev2\"><input size=\"40\" maxlength=\"400\" class=\"wpcf7-form-control wpcf7-text wpcf7-validates-as-required\" id=\"nev2\" aria-required=\"true\" aria-invalid=\"false\" value=\"\" type=\"text\" name=\"nev2\" \/><\/span> <\/label>\n<\/p>\n<p><label> Megb\u00edzat\u00e1s alapja<br \/>\n<span class=\"wpcf7-form-control-wrap\" data-name=\"megbizatas_alapja\"><input size=\"40\" maxlength=\"400\" class=\"wpcf7-form-control wpcf7-text wpcf7-validates-as-required\" id=\"megbizatas_alapja\" aria-required=\"true\" aria-invalid=\"false\" value=\"\" type=\"text\" name=\"megbizatas_alapja\" \/><\/span> <\/label>\n<\/p>\n<p><label> Megb\u00edzat\u00e1s t\u00edpusa<br \/>\n<span class=\"wpcf7-form-control-wrap\" data-name=\"megbizatas_tipusa\"><input size=\"40\" maxlength=\"400\" class=\"wpcf7-form-control wpcf7-text wpcf7-validates-as-required\" id=\"megbizatas_tipusa\" aria-required=\"true\" aria-invalid=\"false\" value=\"\" type=\"text\" name=\"megbizatas_tipusa\" \/><\/span> <\/label>\n<\/p>\n<p><label>Megb\u00edzat\u00e1s kezdete<br \/>\n<span class=\"wpcf7-form-control-wrap\" data-name=\"date_start\"><input class=\"wpcf7-form-control wpcf7-date wpcf7-validates-as-required wpcf7-validates-as-date\" id=\"date_start\" aria-required=\"true\" aria-invalid=\"false\" value=\"\" type=\"date\" name=\"date_start\" \/><\/span><\/label>\n<\/p>\n<p><label> Megb\u00edzat\u00e1s v\u00e9ge<br \/>\n<span class=\"wpcf7-form-control-wrap\" data-name=\"date_end\"><input class=\"wpcf7-form-control wpcf7-date wpcf7-validates-as-required wpcf7-validates-as-date\" id=\"date_end\" aria-required=\"true\" aria-invalid=\"false\" value=\"\" type=\"date\" name=\"date_end\" \/><\/span><\/label>\n<\/p>\n<p><label> Hivatkoz\u00e1s c\u00edme<br \/>\n<span class=\"wpcf7-form-control-wrap\" data-name=\"link_cim\"><input size=\"40\" maxlength=\"400\" class=\"wpcf7-form-control wpcf7-url wpcf7-text wpcf7-validates-as-url\" id=\"link_cim\" aria-invalid=\"false\" placeholder=\"pl. https:\/\/semmelweis.hu\" value=\"\" type=\"url\" name=\"link_cim\" \/><\/span><\/label>\n<\/p>\n<p><label> Hivatkoz\u00e1s sz\u00f6vege<br \/>\n<span class=\"wpcf7-form-control-wrap\" data-name=\"link_nev\"><input size=\"40\" maxlength=\"400\" class=\"wpcf7-form-control wpcf7-text\" id=\"link_nev\" aria-invalid=\"false\" placeholder=\"A megjelen\u0151 sz\u00f6veg\" value=\"\" type=\"text\" name=\"link_nev\" \/><\/span><\/label>\n<\/p>\n<p><label> Megsz\u0171n\u00e9s oka<br \/>\n<span class=\"wpcf7-form-control-wrap\" data-name=\"megszunes_oka\"><select class=\"wpcf7-form-control wpcf7-select\" id=\"megszunes_oka\" aria-invalid=\"false\" name=\"megszunes_oka\"><option value=\"\">&#8212; K\u00e9rj\u00fck, v\u00e1lasszon egy opci\u00f3t &#8212;<\/option><option value=\"Megb\u00edzat\u00e1s lej\u00e1rta\">Megb\u00edzat\u00e1s lej\u00e1rta<\/option><option value=\"Egy\u00e9b megsz\u0171n\u00e9si ok\">Egy\u00e9b megsz\u0171n\u00e9si ok<\/option><\/select><\/span><\/label>\n<\/p>\n<p><label> Megsz\u0171n\u00e9s d\u00e1tuma<br \/>\n<span class=\"wpcf7-form-control-wrap\" data-name=\"megszunes_datuma\"><input class=\"wpcf7-form-control wpcf7-date wpcf7-validates-as-date\" id=\"megszunes_datuma\" aria-invalid=\"false\" value=\"\" type=\"date\" name=\"megszunes_datuma\" \/><\/span><\/label>\n<\/p>\n<p><label> \u00c1llapot<\/label><br \/>\n<span class=\"wpcf7-form-control-wrap\" data-name=\"allapot\"><span class=\"wpcf7-form-control wpcf7-radio\" id=\"allapot\"><span class=\"wpcf7-list-item first\"><input type=\"radio\" name=\"allapot\" value=\"akt\u00edv\" checked=\"checked\" \/><span class=\"wpcf7-list-item-label\">akt\u00edv<\/span><\/span><span class=\"wpcf7-list-item last\"><input type=\"radio\" name=\"allapot\" value=\"arch\u00edv\" \/><span class=\"wpcf7-list-item-label\">arch\u00edv<\/span><\/span><\/span><\/span>\n<\/p>\n<p><input class=\"wpcf7-form-control wpcf7-submit has-spinner\" type=\"submit\" value=\"\u00daj tag hozz\u00e1ad\u00e1sa\" \/>\n<\/p><div class=\"wpcf7-response-output\" aria-hidden=\"true\"><\/div>\n<\/form>\n<\/div>\n\n","protected":false},"excerpt":{"rendered":"","protected":false},"author":101595,"featured_media":0,"parent":0,"menu_order":0,"comment_status":"closed","ping_status":"closed","template":"","meta":{"_acf_changed":false,"footnotes":""},"categories":[],"tags":[],"class_list":["post-162","page","type-page","status-publish","hentry"],"acf":[],"_links":{"self":[{"href":"https:\/\/semmelweis.hu\/bizottsagok\/wp-json\/wp\/v2\/pages\/162","targetHints":{"allow":["GET"]}}],"collection":[{"href":"https:\/\/semmelweis.hu\/bizottsagok\/wp-json\/wp\/v2\/pages"}],"about":[{"href":"https:\/\/semmelweis.hu\/bizottsagok\/wp-json\/wp\/v2\/types\/page"}],"author":[{"embeddable":true,"href":"https:\/\/semmelweis.hu\/bizottsagok\/wp-json\/wp\/v2\/users\/101595"}],"replies":[{"embeddable":true,"href":"https:\/\/semmelweis.hu\/bizottsagok\/wp-json\/wp\/v2\/comments?post=162"}],"version-history":[{"count":3,"href":"https:\/\/semmelweis.hu\/bizottsagok\/wp-json\/wp\/v2\/pages\/162\/revisions"}],"predecessor-version":[{"id":797,"href":"https:\/\/semmelweis.hu\/bizottsagok\/wp-json\/wp\/v2\/pages\/162\/revisions\/797"}],"wp:attachment":[{"href":"https:\/\/semmelweis.hu\/bizottsagok\/wp-json\/wp\/v2\/media?parent=162"}],"wp:term":[{"taxonomy":"category","embeddable":true,"href":"https:\/\/semmelweis.hu\/bizottsagok\/wp-json\/wp\/v2\/categories?post=162"},{"taxonomy":"post_tag","embeddable":true,"href":"https:\/\/semmelweis.hu\/bizottsagok\/wp-json\/wp\/v2\/tags?post=162"}],"curies":[{"name":"wp","href":"https:\/\/api.w.org\/{rel}","templated":true}]}}