{"id":156,"date":"2020-11-23T23:25:01","date_gmt":"2020-11-23T22:25:01","guid":{"rendered":"https:\/\/semmelweis.hu\/bizottsagok\/?page_id=156"},"modified":"2026-03-10T13:07:57","modified_gmt":"2026-03-10T12:07:57","slug":"kulso-kutatasi-munkakat-velemenyezo-bizottsag","status":"publish","type":"page","link":"https:\/\/semmelweis.hu\/bizottsagok\/allando-bizottsagok\/egyetem-egeszere-feladat-es-hataskorrel-rendelkezo-bizottsagok\/kulso-kutatasi-munkakat-velemenyezo-bizottsag\/","title":{"rendered":"K\u00dcLS\u0150 KLINIKAI KUTAT\u00c1SI MUNK\u00c1KAT V\u00c9LEM\u00c9NYEZ\u0150 BIZOTTS\u00c1G"},"content":{"rendered":"<div class=\"responsive-tabs\">\n<h2 class=\"tabtitle\">Feladat- \u00e9s hat\u00e1sk\u00f6r<\/h2>\n<div class=\"tabcontent\">\n\n<p style=\"text-align: justify\">A K\u00fcls\u0151 Klinikai Kutat\u00e1si Munk\u00e1kat V\u00e9lem\u00e9nyez\u0151 Bizotts\u00e1g elv\u00e9gzi az Egyetemre a klinikai \u00e9s preklinikai kutat\u00e1sr\u00f3l sz\u00f3l\u00f3 szab\u00e1lyzatban meghat\u00e1rozottak szerint beny\u00fajtott \u00e9s enged\u00e9lyezett szerz\u0151d\u00e9sek anyag\u00e1nak \u00e9rt\u00e9kel\u00e9s\u00e9t \u00e9ves szinten, k\u00fcl\u00f6n\u00f6s tekintettel arra, hogy az Egyetem \u00e9rdekei kell\u0151k\u00e9ppen \u00e9rv\u00e9nyes\u00fcltek-e; felk\u00e9r\u00e9sre seg\u00edts\u00e9get ny\u00fajt a klinikai \u00e9s preklinikai kutat\u00e1sr\u00f3l sz\u00f3l\u00f3 szab\u00e1lyzatban meghat\u00e1rozott gy\u00f3gyszervizsg\u00e1lati referensnek a kutat\u00e1s sor\u00e1n felmer\u00fcl\u0151 szakmai k\u00e9rd\u00e9sek tiszt\u00e1z\u00e1s\u00e1ban; a helyi klinikai farmakol\u00f3gus szakorvos bevon\u00e1s\u00e1val tov\u00e1bbk\u00e9pz\u00e9s c\u00e9lj\u00e1val t\u00e1j\u00e9koztatja az \u00e9rintett szervezeti egys\u00e9geket a klinikai farmakol\u00f3giai munka alapelveir\u0151l, valamint a klinikai \u00e9s preklinikai kutat\u00e1sr\u00f3l sz\u00f3l\u00f3 szab\u00e1lyzatban foglaltakr\u00f3l, illetve azok v\u00e1ltoz\u00e1sair\u00f3l.<\/p>\n\n<\/div><h2 class=\"tabtitle\">Tagjai<\/h2>\n<div class=\"tabcontent\">\n\n<p><em><strong>Kapcsolattart\u00f3: <\/strong>Dr. Tak\u00e1cs Istv\u00e1n<\/em><\/p>\n<p><em><strong>E-mail:<\/strong> <a href=\"titkarsag.bel1@semmelweis.hu\">titkarsag.bel1@.semmelweis.hu<\/a><\/em><\/p>\n    \r\n    <div id=\"peopleContainer\" style=\"text-align:center;\">\r\n    <input type=\"hidden\" name=\"cimkek\" id=\"cimkek\" value=\"Vezet\u00e9kn\u00e9v,Ut\u00f3n\u00e9v,Megb\u00edzat\u00e1s alapja,Megb\u00edzat\u00e1s t\u00edpusa,Megb\u00edzat\u00e1s kezdete,Megb\u00edzat\u00e1s v\u00e9ge,Megb\u00edzat\u00e1si dokumentum,Megsz\u0171n\u00e9s oka,Megsz\u0171n\u00e9s d\u00e1tuma\">\r\n    <input type=\"hidden\" name=\"kihagy_aktiv\" id=\"kihagy_aktiv\" value=\"Megsz\u0171n\u00e9s oka||megszunes_oka,Megsz\u0171n\u00e9s d\u00e1tuma||megszunes_datuma\">\r\n    <input type=\"hidden\" name=\"kihagy_archiv\" id=\"kihagy_archiv\" value=\"\">\r\n    <div id=\"aktivTagokContainer\" style=\"overflow:auto;\">\r\n        <table>\r\n        <thead style=\"text-align:center;\">\r\n            <th>Vezet\u00e9kn\u00e9v<\/th><th>Ut\u00f3n\u00e9v<\/th><th>Megb\u00edzat\u00e1s alapja<\/th><th>Megb\u00edzat\u00e1s t\u00edpusa<\/th><th>Megb\u00edzat\u00e1s kezdete<\/th><th>Megb\u00edzat\u00e1s v\u00e9ge<\/th><th>Megb\u00edzat\u00e1si dokumentum<\/th>        <\/thead>\r\n        <tbody>\r\n        <tr><td>Dr. Bitter <\/td><td>Istv\u00e1n<\/td><td>Foglalkoztatott\/ Employee\/ Besch\u00e4ftigte(r)<\/td><td>Eln\u00f6khelyettes\/ Vice-Chairperson\/ Stellvertretender Vorsitzender<\/td><td>2025-01-01<\/td><td>2027-12-31<\/td><td><a href=\"https:\/\/semmelweis.hu\/jogigfoig\/files\/2024\/12\/115_2024_Kulso-Kutatasi-Munkakat-Velemenyezo-Bizottsag-szemelyi-osszetetelenek-megujitasa.pdf\">Megb\u00edzat\u00e1si dokumentum\/ Mandate document\/ Mandatsdokument<\/a><\/td><\/tr><tr><td>Dr. Tak\u00e1cs<\/td><td> Istv\u00e1n<\/td><td>Foglalkoztatott\/ Employee\/ Besch\u00e4ftigte(r)<\/td><td>Eln\u00f6k\/ Chairperson\/ Vorsitzender<\/td><td>2025-01-01<\/td><td>2027-12-31<\/td><td><a href=\"https:\/\/semmelweis.hu\/jogigfoig\/files\/2024\/12\/115_2024_Kulso-Kutatasi-Munkakat-Velemenyezo-Bizottsag-szemelyi-osszetetelenek-megujitasa.pdf\">Megb\u00edzat\u00e1si dokumentum\/ Mandate document\/ Mandatsdokument<\/a><\/td><\/tr><tr><td>Dr. Varga <\/td><td>Gergely<\/td><td>Foglalkoztatott\/ Employee\/ Besch\u00e4ftigte(r)<\/td><td>Tag\/ Member\/ Mitglied<\/td><td>2025-01-01<\/td><td>2027-12-31<\/td><td><a href=\"https:\/\/semmelweis.hu\/jogigfoig\/files\/2024\/12\/115_2024_Kulso-Kutatasi-Munkakat-Velemenyezo-Bizottsag-szemelyi-osszetetelenek-megujitasa.pdf\">Megb\u00edzat\u00e1si dokumentum\/ Mandate document\/ Mandatsdokument<\/a><\/td><\/tr><tr><td>Dr. Farkas <\/td><td>Krist\u00f3f<\/td><td>Foglalkoztatott\/ Employee\/ Besch\u00e4ftigte(r)<\/td><td>Tag\/Member\/Mitglied<\/td><td>2025-01-01<\/td><td>2027-12-31<\/td><td><a href=\"https:\/\/semmelweis.hu\/jogigfoig\/files\/2024\/12\/115_2024_Kulso-Kutatasi-Munkakat-Velemenyezo-Bizottsag-szemelyi-osszetetelenek-megujitasa.pdf\">Megb\u00edzat\u00e1si dokumentum\/ Mandate document\/ Mandatsdokument<\/a><\/td><\/tr><tr><td>Dr. Tam\u00e1si <\/td><td>Lilla<\/td><td>Foglalkoztatott\/ Employee\/ Besch\u00e4ftigte(r)<\/td><td>Tag\/ Member\/ Mitglied<\/td><td>2025-01-01<\/td><td>2027-12-31<\/td><td><a href=\"https:\/\/semmelweis.hu\/jogigfoig\/files\/2024\/12\/115_2024_Kulso-Kutatasi-Munkakat-Velemenyezo-Bizottsag-szemelyi-osszetetelenek-megujitasa.pdf\">Megb\u00edzat\u00e1si dokumentum\/ Mandate document\/ Mandatsdokument<\/a><\/td><\/tr><tr><td>Dr. Sz\u0171cs <\/td><td>\u00c1kos<\/td><td>Foglalkoztatott\/ Employee\/ Besch\u00e4ftigte(r)<\/td><td>Tag\/ Member\/ Mitglied<\/td><td>2025-01-01<\/td><td>2027-12-31<\/td><td><a href=\"https:\/\/semmelweis.hu\/jogigfoig\/files\/2024\/12\/115_2024_Kulso-Kutatasi-Munkakat-Velemenyezo-Bizottsag-szemelyi-osszetetelenek-megujitasa.pdf\">Megb\u00edzat\u00e1si dokumentum\/ Mandate document\/ Mandatsdokument<\/a><\/td><\/tr><tr><td>Dr. Nagy <\/td><td>Klaudia Vivien<\/td><td>Foglalkoztatott\/ Employee\/ Besch\u00e4ftigte(r)<\/td><td>Tag\/ Member\/ Mitglied<\/td><td>2025-01-01<\/td><td>2027-12-31<\/td><td><a href=\"https:\/\/semmelweis.hu\/jogigfoig\/files\/2024\/12\/115_2024_Kulso-Kutatasi-Munkakat-Velemenyezo-Bizottsag-szemelyi-osszetetelenek-megujitasa.pdf\">Megb\u00edzat\u00e1si dokumentum\/ Mandate document\/ Mandatsdokument<\/a><\/td><\/tr><tr><td>T\u00f3dorn\u00e9 Bogn\u00e1r <\/td><td>Krisztina <\/td><td>Foglalkoztatott\/ Employee\/ Besch\u00e4ftigte(r)<\/td><td>Tag\/ Member\/ Mitglied<\/td><td>2025-01-01<\/td><td>2027-12-31<\/td><td><a href=\"https:\/\/semmelweis.hu\/jogigfoig\/files\/2024\/12\/115_2024_Kulso-Kutatasi-Munkakat-Velemenyezo-Bizottsag-szemelyi-osszetetelenek-megujitasa.pdf\">Megb\u00edzat\u00e1si dokumentum\/ Mandate document\/ Mandatsdokument<\/a><\/td><\/tr><tr><td>Dr. Mezei<\/td><td>Zsolt<\/td><td>Foglalkoztatott \/ Employee \/ Besch\u00e4ftige(r)<\/td><td>Tag\/ Member\/ Mitglied<\/td><td>2025-01-01<\/td><td>2027-12-31<\/td><td><a href=\"https:\/\/semmelweis.hu\/jogigfoig\/files\/2024\/12\/115_2024_Kulso-Kutatasi-Munkakat-Velemenyezo-Bizottsag-szemelyi-osszetetelenek-megujitasa.pdf\">Megb\u00edzat\u00e1si dokumentum \/ Mandate document \/ Mandatsdokument<\/a><\/td><\/tr><tr><td>Dr. Maurovich Horvat<\/td><td>P\u00e1l<\/td><td>Foglalkoztatott\/ Employee\/ Besch\u00e4ftigte(r)<\/td><td>Tag\/ Member\/ Mitglied<\/td><td>2025-01-01<\/td><td>2027-12-31<\/td><td><a href=\"https:\/\/semmelweis.hu\/jogigfoig\/files\/2024\/12\/115_2024_Kulso-Kutatasi-Munkakat-Velemenyezo-Bizottsag-szemelyi-osszetetelenek-megujitasa.pdf\">Megb\u00edzat\u00e1si dokumentum\/ Mandate document\/ Mandatsdokument<\/a><\/td><\/tr><tr><td>Dr. Papp<\/td><td>Andr\u00e1s<\/td><td>Foglalkoztatott\/ Employee\/ Besch\u00e4ftigte(r)<\/td><td>Tag\/ Member\/ Mitglied<\/td><td>2025-01-01<\/td><td>2027-12-31<\/td><td><a href=\"https:\/\/semmelweis.hu\/jogigfoig\/files\/2024\/12\/115_2024_Kulso-Kutatasi-Munkakat-Velemenyezo-Bizottsag-szemelyi-osszetetelenek-megujitasa.pdf\">Megb\u00edzat\u00e1si dokumentum \/ Mandate document \/ Mandatsdokument<\/a><\/td><\/tr><tr><td>Mikl\u00f3s<\/td><td>Ren\u00e1ta Dalma<\/td><td>Hallgat\u00f3i jogviszony\/ Student status\/ Studierendenrechtsverh\u00e4ltnis<\/td><td>Tag\/ Member\/ Mitglied<\/td><td>2025-06-26<\/td><td>2027-12-31<\/td><td><a href=\"https:\/\/semmelweis.hu\/jogigfoig\/files\/2025\/07\/61_2025_allando-bizottsagok-hallgatoi-tagsagai.pdf\">Megb\u00edzat\u00e1si dokumentum\/ Mandate document\/ Mandatsdokument<\/a><\/td><\/tr><tr><td>Farkas<\/td><td>Enz\u00f3 Brendon<\/td><td>Hallgat\u00f3i jogviszony\/ Student status\/ Studierendenrechtsverh\u00e4ltnis<\/td><td>Tag\/ Member\/ Mitglied<\/td><td>2025-06-26<\/td><td>2027-12-31<\/td><td><a href=\"https:\/\/semmelweis.hu\/jogigfoig\/files\/2025\/07\/61_2025_allando-bizottsagok-hallgatoi-tagsagai.pdf\">Megb\u00edzat\u00e1si dokumentum\/ Mandate document\/ Mandatsdokument<\/a><\/td><\/tr><tr><td>Dr. Horv\u00e1th<\/td><td>Istv\u00e1n L\u00e1szl\u00f3<\/td><td>Foglalkoztatott\/ Employee\/ Besch\u00e4ftigte(r)<\/td><td>Tag\/ Member\/ Mitglied<\/td><td>2025-01-01<\/td><td>2027-12-31<\/td><td><a href=\"https:\/\/semmelweis.hu\/jogigfoig\/files\/2024\/12\/115_2024_Kulso-Kutatasi-Munkakat-Velemenyezo-Bizottsag-szemelyi-osszetetelenek-megujitasa.pdf\">Megb\u00edzat\u00e1si dokumentum\/ Mandate document\/ Mandatsdokument<\/a><\/td><\/tr>        \r\n        \r\n        <\/tbody>\r\n        <\/table>\r\n        <\/div>\r\n\r\n    <div id=\"archivTagokContainer\" style=\"overflow:auto;\">\r\n            <div class=\"exp-col-content-holder\" style=\"border: none;\">\r\n        <a class=\"expand-cnt-link ecf_closed\" href=\"#\">Arch\u00edv<\/a>\r\n        <div class=\"hidden-content\" style=\"display: none;\">\r\n                <table>\r\n            <thead style=\"text-align:center;\">\r\n                <th>Vezet\u00e9kn\u00e9v<\/th><th>Ut\u00f3n\u00e9v<\/th><th>Megb\u00edzat\u00e1s alapja<\/th><th>Megb\u00edzat\u00e1s t\u00edpusa<\/th><th>Megb\u00edzat\u00e1s kezdete<\/th><th>Megb\u00edzat\u00e1s v\u00e9ge<\/th><th>Megb\u00edzat\u00e1si dokumentum<\/th><th>Megsz\u0171n\u00e9s oka<\/th><th>Megsz\u0171n\u00e9s d\u00e1tuma<\/th>            <\/thead>\r\n            <tbody>\r\n            <tr><td>Dr. Szab\u00f3 <\/td><td>Attila<\/td><td>Foglalkoztatott\/ Employee\/ Besch\u00e4ftigte(r)<\/td><td>Tag\/ Member\/ Mitglied<\/td><td>2021-01-01<\/td><td>2023-12-31<\/td><td><a href=\"https:\/\/semmelweis.hu\/jogigfoig\/files\/2020\/12\/212_2020_%C3%A1lland%C3%B3-bizotts%C3%A1gok-1.pdf\">Megb\u00edzat\u00e1si dokumentum\/ Mandate document\/ Mandatsdokument<\/a><\/td><td>Egy\u00e9b megsz\u0171n\u00e9si ok<\/td><td>2022-09-30<\/td><\/tr><tr><td>Dr. Ferdinandy <\/td><td>P\u00e9ter<\/td><td>Foglalkoztatott\/ Employee\/ Besch\u00e4ftigte(r)<\/td><td>Tag\/ Member\/ Mitglied<\/td><td>2021-01-01<\/td><td>2023-12-31<\/td><td><a href=\"https:\/\/semmelweis.hu\/jogigfoig\/files\/2020\/12\/212_2020_%C3%A1lland%C3%B3-bizotts%C3%A1gok-1.pdf\">Megb\u00edzat\u00e1si dokumentum\/ Mandate document\/ Mandatsdokument<\/a><\/td><td>Egy\u00e9b megsz\u0171n\u00e9si ok<\/td><td>2022-09-30<\/td><\/tr><tr><td>Dr. Szili <\/td><td>Bal\u00e1zs<\/td><td>Foglalkoztatott\/ Employee\/ Besch\u00e4ftigte(r)<\/td><td>Tag\/ Member\/ Mitglied<\/td><td>2021-01-01<\/td><td>2023-12-31<\/td><td><a href=\"https:\/\/semmelweis.hu\/jogigfoig\/files\/2020\/12\/212_2020_%C3%A1lland%C3%B3-bizotts%C3%A1gok-1.pdf\">Megb\u00edzat\u00e1si dokumentum\/ Mandate document\/ Mandatsdokument<\/a><\/td><td>Egy\u00e9b megsz\u0171n\u00e9si ok<\/td><td>2022-09-30<\/td><\/tr><tr><td>Dr. Garami <\/td><td>Mikl\u00f3s<\/td><td>Foglalkoztatott\/ Employee\/ Besch\u00e4ftigte(r)<\/td><td>Tag\/ Member\/ Mitglied<\/td><td>2021-01-01<\/td><td>2023-12-31<\/td><td><a href=\"https:\/\/semmelweis.hu\/jogigfoig\/files\/2020\/12\/212_2020_%C3%A1lland%C3%B3-bizotts%C3%A1gok-1.pdf\">Megb\u00edzat\u00e1si dokumentum\/ Mandate document\/ Mandatsdokument<\/a><\/td><td>Egy\u00e9b megsz\u0171n\u00e9si ok<\/td><td>2022-09-30<\/td><\/tr><tr><td>Dr. Kov\u00e1cs <\/td><td>Tibor<\/td><td>Foglalkoztatott\/ Employee\/ Besch\u00e4ftigte(r)<\/td><td>Tag\/ Member\/ Mitglied<\/td><td>2021-01-01<\/td><td>2023-12-31<\/td><td><a href=\"https:\/\/semmelweis.hu\/jogigfoig\/files\/2020\/12\/212_2020_%C3%A1lland%C3%B3-bizotts%C3%A1gok-1.pdf\">Megb\u00edzat\u00e1si dokumentum\/ Mandate document\/ Mandatsdokument<\/a><\/td><td>Egy\u00e9b megsz\u0171n\u00e9si ok<\/td><td>2022-09-30<\/td><\/tr><tr><td>Dr. Sz\u00e1sz <\/td><td>Attila Marcell<\/td><td>Foglalkoztatott\/ Employee\/ Besch\u00e4ftigte(r)<\/td><td>Tag\/ Member\/ Mitglied<\/td><td>2021-01-01<\/td><td>2023-12-31<\/td><td><a href=\"https:\/\/semmelweis.hu\/jogigfoig\/files\/2020\/12\/212_2020_%C3%A1lland%C3%B3-bizotts%C3%A1gok-1.pdf\">Megb\u00edzat\u00e1si dokumentum\/ Mandate document\/ Mandatsdokument<\/a><\/td><td>Egy\u00e9b megsz\u0171n\u00e9si ok<\/td><td>2022-09-30<\/td><\/tr><tr><td>Dr. Skaliczki <\/td><td>G\u00e1bor<\/td><td>Foglalkoztatott\/ Employee\/ Besch\u00e4ftigte(r)<\/td><td>Tag\/ Member\/ Mitglied<\/td><td>2021-01-01<\/td><td>2023-12-31<\/td><td><a href=\"https:\/\/semmelweis.hu\/jogigfoig\/files\/2020\/12\/212_2020_%C3%A1lland%C3%B3-bizotts%C3%A1gok-1.pdf\">Megb\u00edzat\u00e1si dokumentum\/ Mandate document\/ Mandatsdokument<\/a><\/td><td>Egy\u00e9b megsz\u0171n\u00e9si ok<\/td><td>2022-09-30<\/td><\/tr><tr><td>Dr. Csukly <\/td><td>G\u00e1bor<\/td><td>Foglalkoztatott\/ Employee\/ Besch\u00e4ftigte(r)<\/td><td>Tag\/ Member\/ Mitglied<\/td><td>2021-01-01<\/td><td>2023-12-31<\/td><td><a href=\"https:\/\/semmelweis.hu\/jogigfoig\/files\/2020\/12\/212_2020_%C3%A1lland%C3%B3-bizotts%C3%A1gok-1.pdf\">Megb\u00edzat\u00e1si dokumentum\/ Mandate document\/ Mandatsdokument<\/a><\/td><td>Egy\u00e9b megsz\u0171n\u00e9si ok<\/td><td>2022-09-30<\/td><\/tr><tr><td>Dr. Sobel <\/td><td>G\u00e1bor<\/td><td>Foglalkoztatott\/ Employee\/ Besch\u00e4ftigte(r)<\/td><td>Tag\/ Member\/ Mitglied<\/td><td>2021-01-01<\/td><td>2023-12-31<\/td><td><a href=\"https:\/\/semmelweis.hu\/jogigfoig\/files\/2020\/12\/212_2020_%C3%A1lland%C3%B3-bizotts%C3%A1gok-1.pdf\">Megb\u00edzat\u00e1si dokumentum\/ Mandate document\/ Mandatsdokument<\/a><\/td><td>Egy\u00e9b megsz\u0171n\u00e9si ok<\/td><td>2022-09-30<\/td><\/tr><tr><td>Dr. Horv\u00e1th <\/td><td>Andr\u00e1s<\/td><td>Foglalkoztatott\/ Employee\/ Besch\u00e4ftigte(r)<\/td><td>Tag\/ Member\/ Mitglied<\/td><td>2021-01-01<\/td><td>2023-12-31<\/td><td><a href=\"https:\/\/semmelweis.hu\/jogigfoig\/files\/2020\/12\/212_2020_%C3%A1lland%C3%B3-bizotts%C3%A1gok-1.pdf\">Megbizat\u00e1si dokumentum \/ Mandate document \/ Mandatsdokument<\/a><\/td><td>Egy\u00e9b megsz\u0171n\u00e9si ok<\/td><td>2022-09-30<\/td><\/tr><tr><td>Dr. B\u00e1rczi<\/td><td> Gy\u00f6rgy<\/td><td>Foglalkoztatott\/ Employee\/ Besch\u00e4ftigte(r)<\/td><td>Tag\/ Member\/ Mitglied<\/td><td>2021-01-01<\/td><td>2023-12-31<\/td><td><a href=\"https:\/\/semmelweis.hu\/jogigfoig\/files\/2020\/12\/212_2020_%C3%A1lland%C3%B3-bizotts%C3%A1gok-1.pdf\">Megb\u00edzat\u00e1si dokumentum\/ Mandate document\/ Mandatsdokument<\/a><\/td><td>Egy\u00e9b megsz\u0171n\u00e9si ok<\/td><td>2022-09-30<\/td><\/tr><tr><td>Dr. Riba <\/td><td>P\u00e1l<\/td><td>Foglalkoztatott\/ Employee\/ Besch\u00e4ftigte(r)<\/td><td>Tag\/ Member\/ Mitglied<\/td><td>2021-01-01<\/td><td>2023-12-31<\/td><td><a href=\"https:\/\/semmelweis.hu\/jogigfoig\/files\/2020\/12\/212_2020_%C3%A1lland%C3%B3-bizotts%C3%A1gok-1.pdf\">Megb\u00edzat\u00e1si dokumentum\/ Mandate document\/ Mandatsdokument<\/a><\/td><td>Egy\u00e9b megsz\u0171n\u00e9si ok<\/td><td>2022-09-30<\/td><\/tr><tr><td>Dr. T\u00f6r\u00f6k <\/td><td>Szabolcs<\/td><td>Foglalkoztatott\/ Employee\/ Besch\u00e4ftigte(r)<\/td><td>Tag\/ Member\/ Mitglied<\/td><td>2021-01-01<\/td><td>2023-12-31<\/td><td><a href=\"https:\/\/semmelweis.hu\/jogigfoig\/files\/2020\/12\/212_2020_%C3%A1lland%C3%B3-bizotts%C3%A1gok-1.pdf\">Megb\u00edzat\u00e1si dokumentum\/ Mandate document\/ Mandatsdokument<\/a><\/td><td>Egy\u00e9b megsz\u0171n\u00e9si ok<\/td><td>2022-09-30<\/td><\/tr><tr><td>Dr. Dob\u00f3 Nagy <\/td><td>Csaba<\/td><td>Foglalkoztatott\/ Employee\/ Besch\u00e4ftigte(r)<\/td><td>Tag\/ Member\/ Mitglied<\/td><td>2021-01-01<\/td><td>2023-12-31<\/td><td><a href=\"https:\/\/semmelweis.hu\/jogigfoig\/files\/2020\/12\/212_2020_%C3%A1lland%C3%B3-bizotts%C3%A1gok-1.pdf\">Megb\u00edzat\u00e1si dokumentum\/ Mandate document\/ Mandatsdokument<\/a><\/td><td>Egy\u00e9b megsz\u0171n\u00e9si ok<\/td><td>2022-09-30<\/td><\/tr><tr><td>Dr. Borb\u00e9ly <\/td><td>Judit<\/td><td>Foglalkoztatott\/ Employee\/ Besch\u00e4ftigte(r)<\/td><td>Tag\/ Member\/ Mitglied<\/td><td>2021-01-01<\/td><td>2023-12-31<\/td><td><a href=\"https:\/\/semmelweis.hu\/jogigfoig\/files\/2020\/12\/212_2020_%C3%A1lland%C3%B3-bizotts%C3%A1gok-1.pdf\">Megb\u00edzat\u00e1si dokumentum\/ Mandate document\/ Mandatsdokument<\/a><\/td><td>Egy\u00e9b megsz\u0171n\u00e9si ok<\/td><td>2022-09-30<\/td><\/tr><tr><td>Dr. T\u00e1bi <\/td><td>Tam\u00e1s<\/td><td>Foglalkoztatott\/ Employee\/ Besch\u00e4ftigte(r)<\/td><td>Tag\/ Member\/ Mitglied<\/td><td>2021-01-01<\/td><td>2023-12-31<\/td><td><a href=\"https:\/\/semmelweis.hu\/jogigfoig\/files\/2020\/12\/212_2020_%C3%A1lland%C3%B3-bizotts%C3%A1gok-1.pdf\">Megb\u00edzat\u00e1si dokumentum\/ Mandate document\/ Mandatsdokument<\/a><\/td><td>Egy\u00e9b megsz\u0171n\u00e9si ok<\/td><td>2022-09-30<\/td><\/tr><tr><td>Dr. Seb\u0151k <\/td><td>Szilvia<\/td><td>Foglalkoztatott\/ Employee\/ Besch\u00e4ftigte(r)<\/td><td>Tag\/ Member\/ Mitglied<\/td><td>2021-01-01<\/td><td>2023-12-31<\/td><td><a href=\"https:\/\/semmelweis.hu\/jogigfoig\/files\/2020\/12\/212_2020_%C3%A1lland%C3%B3-bizotts%C3%A1gok-1.pdf\">Megb\u00edzat\u00e1si dokumentum\/ Mandate document\/ Mandatsdokument<\/a><\/td><td>Egy\u00e9b megsz\u0171n\u00e9si ok<\/td><td>2022-09-30<\/td><\/tr><tr><td>Dr. T\u00fari<\/td><td> Ibolya<\/td><td>Foglalkoztatott\/ Employee\/ Besch\u00e4ftigte(r)<\/td><td>Tag\/ Member\/ Mitglied<\/td><td>2021-01-01<\/td><td>2023-12-31<\/td><td><a href=\"https:\/\/semmelweis.hu\/jogigfoig\/files\/2020\/12\/212_2020_%C3%A1lland%C3%B3-bizotts%C3%A1gok-1.pdf\">Megb\u00edzat\u00e1si dokumentum\/ Mandate document\/ Mandatsdokument<\/a><\/td><td>Egy\u00e9b megsz\u0171n\u00e9si ok<\/td><td>2022-09-30<\/td><\/tr><tr><td>V\u00f6lcsei <\/td><td>Norbert<\/td><td>Hallgat\u00f3i jogviszony\/ Student status\/ Studierendenrechtsverh\u00e4ltnis<\/td><td>Tag\/ Member\/ Mitglied<\/td><td>2021-01-01<\/td><td>2023-12-31<\/td><td><a href=\"https:\/\/semmelweis.hu\/jogigfoig\/files\/2020\/12\/212_2020_%C3%A1lland%C3%B3-bizotts%C3%A1gok-1.pdf\">Megb\u00edzat\u00e1si dokumentum\/ Mandate document\/ Mandatsdokument<\/a><\/td><td>Egy\u00e9b megsz\u0171n\u00e9si ok<\/td><td>2022-09-30<\/td><\/tr><tr><td>Dr. Sallai <\/td><td>Imre<\/td><td>Hallgat\u00f3i jogviszony\/ Student status\/ Studierendenrechtsverh\u00e4ltnis<\/td><td>Tag\/ Member\/ Mitglied<\/td><td>2021-01-01<\/td><td>2023-12-31<\/td><td><a href=\"https:\/\/semmelweis.hu\/jogigfoig\/files\/2020\/12\/212_2020_%C3%A1lland%C3%B3-bizotts%C3%A1gok-1.pdf\">Megb\u00edzat\u00e1si dokumentum\/ Mandate document\/ Mandatsdokument<\/a><\/td><td>Egy\u00e9b megsz\u0171n\u00e9si ok<\/td><td>2022-09-30<\/td><\/tr><tr><td>Dr. Vok\u00f3 <\/td><td>Zolt\u00e1n<\/td><td>Foglalkoztatott\/ Employee\/ Besch\u00e4ftigte(r)<\/td><td>Tag\/ Member\/ Mitglied<\/td><td>2021-01-01<\/td><td>2023-12-31<\/td><td><a href=\"https:\/\/semmelweis.hu\/jogigfoig\/files\/2020\/12\/212_2020_%C3%A1lland%C3%B3-bizotts%C3%A1gok-1.pdf\">Megb\u00edzat\u00e1si dokumentum\/ Mandate document\/ Mandatsdokument<\/a><\/td><td>Egy\u00e9b megsz\u0171n\u00e9si ok<\/td><td>2022-09-30<\/td><\/tr><tr><td>Dr. Barna<\/td><td>\u00c1d\u00e1m<\/td><td>Hallgat\u00f3i jogviszony\/ Student status\/ Studierendenrechtsverh\u00e4ltnis<\/td><td>Tag\/ Member\/ Mitglied<\/td><td>2022-12-02<\/td><td>2024-12-31<\/td><td><a href=\"https:\/\/semmelweis.hu\/jogigfoig\/files\/2022\/12\/99_2022_allando-bizottsagok-doktorandusz-hallgatok.pdf\">Megb\u00edzat\u00e1si dokumentum\/ Mandate document\/ Mandatsdokument<\/a><\/td><td>Egy\u00e9b megsz\u0171n\u00e9si ok<\/td><td>2024-02-28<\/td><\/tr><tr><td>Ko\u00f3s<\/td><td>G\u00e1bor<\/td><td>Hallgat\u00f3i jogviszony\/ Student status\/ Studierendenrechtsverh\u00e4ltnis<\/td><td>Tag\/ Member\/ Mitglied<\/td><td>2023-06-29<\/td><td>2024-12-31<\/td><td><a href=\"https:\/\/semmelweis.hu\/jogigfoig\/files\/2023\/07\/62_2023_egyetemi-hataskoru-bizottsagok.pdf\">Megb\u00edzat\u00e1si dokumentum\/ Mandate document\/ Mandatsdokument<\/a><\/td><td>Egy\u00e9b megsz\u0171n\u00e9si ok<\/td><td>2025-06-25<\/td><\/tr><tr><td>Dr. Artner<\/td><td>Anna<\/td><td>Hallgat\u00f3i jogviszony\/ Student status\/ Studierendenrechtsverh\u00e4ltnis<\/td><td>Tag\/ Member\/ Mitglied<\/td><td>2024-02-29<\/td><td>2024-12-31<\/td><td><a href=\"https:\/\/semmelweis.hu\/jogigfoig\/files\/2024\/03\/15_2024_allando-bizottsagok-doktorandusz-hallgatok_.pdf?_gl=1*1n46vsl*_up*MQ..*_ga*MTMyNTAxMTUwNi4xNzA5ODk3MzQ2*_ga_5B3MMKXDLW*MTcwOTg5NzM0NS4xLjEuMTcwOTg5NzQxMC4wLjAuMA..\">Megb\u00edzat\u00e1si dokumentum\/ Mandate document\/ Mandatsdokument<\/a><\/td><td>Egy\u00e9b megsz\u0171n\u00e9si ok<\/td><td>2025-06-25<\/td><\/tr>            <\/tbody>\r\n            <\/table>\r\n        <\/div>\r\n        <\/div>\r\n    <\/div>\r\n    <\/div>\r\n    \n<p>&nbsp;<\/p>\n<p>&nbsp;<\/p>\n\n<\/div><h2 class=\"tabtitle\">\u00dcgyrend<\/h2>\n<div class=\"tabcontent\">\n\n<p style=\"text-align: justify\"><a href=\"https:\/\/semmelweis.hu\/bizottsagok\/files\/2022\/11\/73_2022_a-Kulso-Klinikai-Kutatasi-Munkat-Velemenyezo-Bizottsag-ugyrendjenek-modositasarol.pdf\" target=\"_blank\" rel=\"noopener\">A Semmelweis Egyetem Szen\u00e1tus\u00e1nak\u00a073\/2022. (IX.26.) sz\u00e1m\u00fa hat\u00e1rozata a K\u00fcls\u0151 Klinikai Kutat\u00e1si Munk\u00e1t V\u00e9lem\u00e9nyez\u0151 Bizotts\u00e1g \u00fcgyrendj\u00e9nek m\u00f3dos\u00edt\u00e1s\u00e1r\u00f3l<\/a><\/p>\n<p><a href=\"https:\/\/semmelweis.hu\/bizottsagok\/files\/2022\/11\/Kulso-Kutatasi-Munkakat-Velemenyezo-Bizottsag-ugyrendje.pdf\" target=\"_blank\" rel=\"noopener\">A K\u00fcls\u0151 Klinikai Kutat\u00e1si Munk\u00e1kat V\u00e9lem\u00e9nyez\u0151 Bizotts\u00e1g \u00fcgyrendje<\/a><\/p>\n\n<\/div><h2 class=\"tabtitle\">\u00c9ves besz\u00e1mol\u00f3<\/h2>\n<div class=\"tabcontent\">\n\n<p style=\"text-align: justify\"><a href=\"https:\/\/semmelweis.hu\/jogigfoig\/files\/2026\/03\/18_2026_egyetemi-hataskoru-bizottsagok-beszamoloi.pdf\" target=\"_blank\" rel=\"noopener\">A Semmelweis Egyetem Szen\u00e1tus\u00e1nak 18\/2026. (II.26.) sz\u00e1m\u00fa hat\u00e1rozata a Szen\u00e1tus \u00e1ltal l\u00e9trehozott, az egyetem eg\u00e9sz\u00e9re kiterjed\u0151 hat\u00e1sk\u00f6rrel rendelkez\u0151 \u00e1lland\u00f3 bizotts\u00e1gok munk\u00e1j\u00e1r\u00f3l sz\u00f3l\u00f3 besz\u00e1mol\u00f3 elfogad\u00e1s\u00e1r\u00f3l<\/a><\/p>\n<p><a href=\"https:\/\/semmelweis.hu\/bizottsagok\/files\/2026\/03\/Klinikai-Kutatasi-Bizottsag-beszamolo-2025-ev.pdf\" target=\"_blank\" rel=\"noopener\">A K\u00fcls\u0151 Klinikai Kutat\u00e1si Munk\u00e1kat V\u00e9lem\u00e9nyez\u0151 Bizotts\u00e1g \u00e9ves besz\u00e1mol\u00f3ja \u2013 2025<\/a><\/p>\n<p>&nbsp;<\/p>\n<p>&nbsp;<\/p>\n<p>&nbsp;<\/p>\n<\/div><\/div>\n","protected":false},"excerpt":{"rendered":"<p>A K\u00fcls\u0151 Klinikai Kutat\u00e1si Munk\u00e1kat V\u00e9lem\u00e9nyez\u0151 Bizotts\u00e1g elv\u00e9gzi az Egyetemre a klinikai \u00e9s preklinikai kutat\u00e1sr\u00f3l sz\u00f3l\u00f3 szab\u00e1lyzatban meghat\u00e1rozottak szerint beny\u00fajtott \u00e9s enged\u00e9lyezett szerz\u0151d\u00e9sek anyag\u00e1nak \u00e9rt\u00e9kel\u00e9s\u00e9t \u00e9ves szinten, k\u00fcl\u00f6n\u00f6s tekintettel arra, hogy az Egyetem \u00e9rdekei kell\u0151k\u00e9ppen \u00e9rv\u00e9nyes\u00fcltek-e; felk\u00e9r\u00e9sre seg\u00edts\u00e9get ny\u00fajt a klinikai \u00e9s preklinikai kutat\u00e1sr\u00f3l sz\u00f3l\u00f3 szab\u00e1lyzatban meghat\u00e1rozott gy\u00f3gyszervizsg\u00e1lati referensnek a kutat\u00e1s sor\u00e1n felmer\u00fcl\u0151 szakmai k\u00e9rd\u00e9sek &hellip;<\/p>\n","protected":false},"author":101595,"featured_media":0,"parent":834,"menu_order":0,"comment_status":"closed","ping_status":"closed","template":"template-fullwidth.php","meta":{"_acf_changed":false,"footnotes":""},"categories":[],"tags":[],"class_list":["post-156","page","type-page","status-publish","hentry"],"acf":[],"_links":{"self":[{"href":"https:\/\/semmelweis.hu\/bizottsagok\/wp-json\/wp\/v2\/pages\/156","targetHints":{"allow":["GET"]}}],"collection":[{"href":"https:\/\/semmelweis.hu\/bizottsagok\/wp-json\/wp\/v2\/pages"}],"about":[{"href":"https:\/\/semmelweis.hu\/bizottsagok\/wp-json\/wp\/v2\/types\/page"}],"author":[{"embeddable":true,"href":"https:\/\/semmelweis.hu\/bizottsagok\/wp-json\/wp\/v2\/users\/101595"}],"replies":[{"embeddable":true,"href":"https:\/\/semmelweis.hu\/bizottsagok\/wp-json\/wp\/v2\/comments?post=156"}],"version-history":[{"count":12,"href":"https:\/\/semmelweis.hu\/bizottsagok\/wp-json\/wp\/v2\/pages\/156\/revisions"}],"predecessor-version":[{"id":2925,"href":"https:\/\/semmelweis.hu\/bizottsagok\/wp-json\/wp\/v2\/pages\/156\/revisions\/2925"}],"up":[{"embeddable":true,"href":"https:\/\/semmelweis.hu\/bizottsagok\/wp-json\/wp\/v2\/pages\/834"}],"wp:attachment":[{"href":"https:\/\/semmelweis.hu\/bizottsagok\/wp-json\/wp\/v2\/media?parent=156"}],"wp:term":[{"taxonomy":"category","embeddable":true,"href":"https:\/\/semmelweis.hu\/bizottsagok\/wp-json\/wp\/v2\/categories?post=156"},{"taxonomy":"post_tag","embeddable":true,"href":"https:\/\/semmelweis.hu\/bizottsagok\/wp-json\/wp\/v2\/tags?post=156"}],"curies":[{"name":"wp","href":"https:\/\/api.w.org\/{rel}","templated":true}]}}