{"id":152,"date":"2020-11-23T23:18:18","date_gmt":"2020-11-23T22:18:18","guid":{"rendered":"https:\/\/semmelweis.hu\/bizottsagok\/?page_id=152"},"modified":"2025-09-29T13:36:08","modified_gmt":"2025-09-29T11:36:08","slug":"egyetemi-eselyegyenlosegi-bizottsag","status":"publish","type":"page","link":"https:\/\/semmelweis.hu\/bizottsagok\/allando-bizottsagok\/egyetem-egeszere-feladat-es-hataskorrel-rendelkezo-bizottsagok\/egyetemi-eselyegyenlosegi-bizottsag\/","title":{"rendered":"EGYETEMI ES\u00c9LYEGYENL\u0150S\u00c9GI BIZOTTS\u00c1G"},"content":{"rendered":"<div class=\"responsive-tabs\">\n<h2 class=\"tabtitle\">Feladat- \u00e9s hat\u00e1sk\u00f6r<\/h2>\n<div class=\"tabcontent\">\n\n<p style=\"text-align: justify\">Az Egyetemi Es\u00e9lyegyenl\u0151s\u00e9gi Bizotts\u00e1g feladatai az Egyetem Es\u00e9lyegyenl\u0151s\u00e9gi terv\u00e9ben foglaltak figyelembev\u00e9tel\u00e9vel:<\/p>\n<ul>\n<li style=\"text-align: justify\">\u00a0v\u00e9lem\u00e9nyezi az Es\u00e9lyegyenl\u0151s\u00e9gi Tervet \u00e9s annak elfogad\u00e1s\u00e1ra, illetve m\u00f3dos\u00edt\u00e1s\u00e1ra javaslatot tesz a rektor \u00e9s a kancell\u00e1r sz\u00e1m\u00e1ra;<\/li>\n<li style=\"text-align: justify\">figyelemmel k\u00eds\u00e9ri a f\u00e9rfiak \u00e9s n\u0151k ar\u00e1nyos k\u00e9pviselet\u00e9t az egyetemi test\u00fcletekben, sz\u00fcks\u00e9g eset\u00e9n minden tan\u00e9v v\u00e9g\u00e9n \u2013 az Es\u00e9lyegyenl\u0151s\u00e9gi Terv<br \/>\nv\u00e9lem\u00e9nyez\u00e9s\u00e9nek r\u00e9szek\u00e9nt \u2013 javaslatot tesz a rektor \u00e9s a kancell\u00e1r sz\u00e1m\u00e1ra az ar\u00e1nyos k\u00e9pviselet biztos\u00edt\u00e1s\u00e1ra;<\/li>\n<li style=\"text-align: justify\">aj\u00e1nl\u00e1st fogalmazhat meg az es\u00e9lyegyenl\u0151s\u00e9g \u00e9rv\u00e9nyes\u00fcl\u00e9s\u00e9nek el\u0151mozd\u00edt\u00e1sa \u00e9rdek\u00e9ben,<\/li>\n<li style=\"text-align: justify\">v\u00e9lem\u00e9nyezi a Felv\u00e9teli T\u00e1j\u00e9koztat\u00f3 es\u00e9lyegyenl\u0151s\u00e9get \u00e9rint\u0151 r\u00e9szeit;<\/li>\n<li style=\"text-align: justify\">minden tan\u00e9v v\u00e9g\u00e9re \u2013 az Es\u00e9lyegyenl\u0151s\u00e9gi Terv v\u00e9lem\u00e9nyez\u00e9s\u00e9nek r\u00e9szek\u00e9nt \u2013 javaslatot tesz a kancell\u00e1r \u00e9s a rektor sz\u00e1m\u00e1ra a fogyat\u00e9koss\u00e1ggal \u00e9l\u0151 hallgat\u00f3k tanulm\u00e1nyainak seg\u00edt\u00e9s\u00e9t szolg\u00e1l\u00f3 normat\u00edv t\u00e1mogat\u00e1s felhaszn\u00e1l\u00e1s\u00e1ra, valamint a seg\u00edts\u00e9gny\u00fajt\u00e1shoz sz\u00fcks\u00e9ges t\u00e1rgyi eszk\u00f6z\u00f6k beszerz\u00e9s\u00e9re, szem\u00e9lyi felt\u00e9telek jav\u00edt\u00e1s\u00e1ra;<\/li>\n<li style=\"text-align: justify\">az Es\u00e9lyegyenl\u0151s\u00e9gi Terv v\u00e9lem\u00e9nyez\u00e9s\u00e9nek r\u00e9szek\u00e9nt javaslatot tesz a rektor \u00e9s kancell\u00e1r r\u00e9sz\u00e9re az Egyetemre hallgat\u00f3i jogviszony l\u00e9tes\u00edt\u00e9se c\u00e9lj\u00e1b\u00f3l jelentkez\u0151, fogyat\u00e9koss\u00e1ggal \u00e9l\u0151 szem\u00e9lyek felv\u00e9teli elj\u00e1r\u00e1s\u00e1nak lebonyol\u00edt\u00e1s\u00e1hoz sz\u00fcks\u00e9ges felt\u00e9telek biztos\u00edt\u00e1s\u00e1ra;<\/li>\n<li style=\"text-align: justify\">a t\u00e1rgy\u00e9vi Es\u00e9lyegyenl\u0151s\u00e9gi Tervben el\u0151ir\u00e1nyzott keret ismeret\u00e9ben javaslatot tesz a rektor \u00e9s a kancell\u00e1r r\u00e9sz\u00e9re arra vonatkoz\u00f3an, hogy a fogyat\u00e9koss\u00e1ggal \u00e9l\u0151 hallgat\u00f3k hogyan vehetik ig\u00e9nybe a rendelkez\u00e9sre \u00e1ll\u00f3 szem\u00e9lyi \u00e9s technikai seg\u00edts\u00e9gny\u00fajt\u00e1st \u00e9s szolg\u00e1ltat\u00e1sokat; tov\u00e1bb\u00e1 koordin\u00e1lja a sz\u00fcks\u00e9ges felt\u00e9telek biztos\u00edt\u00e1s\u00e1t;aj\u00e1nl\u00e1st fogalmaz meg az egyetem \u00e9s a karok vezet\u0151i sz\u00e1m\u00e1ra a fogyat\u00e9kos hallgat\u00f3k tanulm\u00e1nyi felt\u00e9teleinek jav\u00edt\u00e1s\u00e1ra;<\/li>\n<li style=\"text-align: justify\">kiemelt feladatk\u00e9nt kezeli a fogyat\u00e9kkal \u00e9l\u0151 hallgat\u00f3k t\u00e1j\u00e9koztat\u00e1s\u00e1t az es\u00e9lyegyenl\u0151s\u00e9ggel kapcsolatos lehet\u0151s\u00e9gek tekintet\u00e9ben,<\/li>\n<li style=\"text-align: justify\">elb\u00edr\u00e1lja a fogyat\u00e9kos hallgat\u00f3k tant\u00e1rgyi- \u00e9s vizsgak\u00f6vetelm\u00e9nyek al\u00f3li felment\u00e9s vagy m\u00e1s engedm\u00e9ny ir\u00e1nti k\u00e9relm\u00e9t;<\/li>\n<li style=\"text-align: justify\">javaslatot tesz az int\u00e9zm\u00e9nyi koordin\u00e1tor \u00e9s bevont szak\u00e9rt\u0151k aj\u00e1nl\u00e1sa alapj\u00e1n a rektornak \u00e9s a kancell\u00e1rnak az es\u00e9lyegyenl\u0151s\u00e9gre vonatkoz\u00f3 egyetemi el\u0151\u00edr\u00e1sok alkalmaz\u00e1sa k\u00f6r\u00e9ben \u00e9szlelt szab\u00e1lytalans\u00e1gok megsz\u00fcntet\u00e9s\u00e9re ir\u00e1nyul\u00f3 bejelent\u00e9sek kapcs\u00e1n;<\/li>\n<li style=\"text-align: justify\">aj\u00e1nl\u00e1sokat fogalmaz meg eg\u00e9szs\u00e9g\u00fcgyi, p\u00e1lyaalkalmass\u00e1gi \u00e9s szakmai alkalmass\u00e1gi vizsg\u00e1latok s\u00e9r\u00fcl\u00e9s-specifikus k\u00f6vetelm\u00e9nyeinek vonatkoz\u00e1s\u00e1ban;<\/li>\n<li style=\"text-align: justify\">figyelemmel k\u00eds\u00e9ri az es\u00e9lyegyenl\u0151s\u00e9g \u00e9rv\u00e9nyes\u00fcl\u00e9s\u00e9t \u00e9s a h\u00e1tr\u00e1nyos megk\u00fcl\u00f6nb\u00f6ztet\u00e9s tilalma megval\u00f3s\u00edt\u00e1s\u00e1t az Egyetem valamennyi szervezeti egys\u00e9ge, dolgoz\u00f3ja tekintet\u00e9ben;<\/li>\n<li style=\"text-align: justify\">aj\u00e1nl\u00e1st tesz a n\u0151k, a fiatal \u00e9s a 40 \u00e9vn\u00e9l id\u0151sebb, a fogyat\u00e9kos, illetve a megv\u00e1ltozott munkak\u00e9pess\u00e9g\u0171 dolgoz\u00f3k munkak\u00f6r\u00fclm\u00e9nyeire \u00e9s a t\u00edz \u00e9ven aluli gyermeket\/gyermekeket nevel\u0151, illetve a gyermeket egyed\u00fcl nevel\u0151 dolgoz\u00f3k foglalkoztat\u00e1si k\u00f6r\u00fclm\u00e9nyeire;<\/li>\n<li style=\"text-align: justify\">ellen\u0151rzi az es\u00e9lyegyenl\u0151s\u00e9get \u00e9rint\u0151 elrendelt int\u00e9zked\u00e9sek v\u00e9grehajt\u00e1s\u00e1nak eredm\u00e9nyess\u00e9g\u00e9t<\/li>\n<li style=\"text-align: justify\">elj\u00e1r egyedi es\u00e9lyegyenl\u0151s\u00e9gi \u00fcgyekben.<\/li>\n<\/ul>\n\n<\/div><h2 class=\"tabtitle\">Tagjai<\/h2>\n<div class=\"tabcontent\">\n\n<p><em><strong>Kapcsolattart\u00f3:<\/strong><\/em>\u00a0Horv\u00e1th Bal\u00e1zs<br \/>\n<em><strong>Email:<\/strong><\/em>\u00a0<a href=\"mailto:horvath.balazs@semmelweis-univ.hu\">horvath.balazs@semmelweis.hu<\/a><\/p>\n    \r\n    <div id=\"peopleContainer\" style=\"text-align:center;\">\r\n    <input type=\"hidden\" name=\"cimkek\" id=\"cimkek\" value=\"Vezet\u00e9kn\u00e9v,Ut\u00f3n\u00e9v,Megb\u00edzat\u00e1s alapja,Megb\u00edzat\u00e1s t\u00edpusa,Hallgat\u00f3i \u00fcgyekkel foglalkoz\u00f3 albizotts\u00e1g,Munkav\u00e1llal\u00f3i \u00fcgyekkel foglalkoz\u00f3 albizotts\u00e1g,Megb\u00edzat\u00e1s kezdete,Megb\u00edzat\u00e1s v\u00e9ge,Megb\u00edzat\u00e1si dokumentum,Megsz\u0171n\u00e9s oka,Megsz\u0171n\u00e9s d\u00e1tuma\">\r\n    <input type=\"hidden\" name=\"kihagy_aktiv\" id=\"kihagy_aktiv\" value=\"Megsz\u0171n\u00e9s oka||megszunes_oka,Megsz\u0171n\u00e9s d\u00e1tuma||megszunes_datuma\">\r\n    <input type=\"hidden\" name=\"kihagy_archiv\" id=\"kihagy_archiv\" value=\"\">\r\n    <div id=\"aktivTagokContainer\" style=\"overflow:auto;\">\r\n        <table>\r\n        <thead style=\"text-align:center;\">\r\n            <th>Vezet\u00e9kn\u00e9v<\/th><th>Ut\u00f3n\u00e9v<\/th><th>Megb\u00edzat\u00e1s alapja<\/th><th>Megb\u00edzat\u00e1s t\u00edpusa<\/th><th>Hallgat\u00f3i \u00fcgyekkel foglalkoz\u00f3 albizotts\u00e1g<\/th><th>Munkav\u00e1llal\u00f3i \u00fcgyekkel foglalkoz\u00f3 albizotts\u00e1g<\/th><th>Megb\u00edzat\u00e1s kezdete<\/th><th>Megb\u00edzat\u00e1s v\u00e9ge<\/th><th>Megb\u00edzat\u00e1si dokumentum<\/th>        <\/thead>\r\n        <tbody>\r\n        <tr><td>Dr. Hermann<\/td><td>P\u00e9ter<\/td><td>Foglalkoztatott \/ Employee \/ Besch\u00e4ftige(r)<\/td><td>Eln\u00f6k \/ Chairperson \/ Vorsitzender<\/td><td>Eln\u00f6k \/ Chairperson \/ Vorsitzender<\/td><td>Eln\u00f6k \/ Chairperson \/ Vorsitzender<\/td><td>2023-09-01<\/td><td>2026-08-31<\/td><td><a href=\"https:\/\/semmelweis.hu\/jogigfoig\/files\/2023\/07\/61_2023_EEB-szemelyi-osszetetelenek-modositasa.pdf\">Megb\u00edzat\u00e1si dokumentum \/ Mandate document \/ Mandatsdokument<\/a><\/td><\/tr><tr><td>Dr. D\u00f3sa <\/td><td>\u00c1gnes<\/td><td>Foglalkoztatott \/ Employee \/ Besch\u00e4ftige(r)<\/td><td>Tag \/ Member \/ Mitglied<\/td><td>Tag \/ Member \/ Mitglied<\/td><td> <\/td><td>2023-09-01<\/td><td>2026-08-31<\/td><td><a href=\"https:\/\/semmelweis.hu\/jogigfoig\/files\/2023\/07\/61_2023_EEB-szemelyi-osszetetelenek-modositasa.pdf\">Megbizat\u00e1si dokumentum \/ Mandate document \/ Mandatsdokument<\/a><\/td><\/tr><tr><td>Dr. Semsey<\/td><td>G\u00e1bor<\/td><td>Foglalkoztatott \/ Employee \/ Besch\u00e4ftige(r)<\/td><td>Tag \/ Member \/ Mitglied<\/td><td>Tag \/ Member \/ Mitglied<\/td><td> <\/td><td>2023-09-01<\/td><td>2026-08-31<\/td><td><a href=\"https:\/\/semmelweis.hu\/jogigfoig\/files\/2023\/07\/61_2023_EEB-szemelyi-osszetetelenek-modositasa.pdf\">Megbizat\u00e1si dokumentum \/ Mandate document \/ Mandatsdokument<\/a><\/td><\/tr><tr><td>Dr. Deme<\/td><td>Ruth<\/td><td>Foglalkoztatott \/ Employee \/ Besch\u00e4ftige(r)<\/td><td>Tag \/ Member \/ Mitglied<\/td><td>Tag \/ Member \/ Mitglied<\/td><td> <\/td><td>2023-09-01<\/td><td>2026-08-31<\/td><td><a href=\"https:\/\/semmelweis.hu\/jogigfoig\/files\/2023\/07\/61_2023_EEB-szemelyi-osszetetelenek-modositasa.pdf\">Megbizat\u00e1si dokumentum \/ Mandate document \/ Mandatsdokument<\/a><\/td><\/tr><tr><td>Dr. Kapit\u00e1ny-F\u00f6v\u00e9ny<\/td><td>M\u00e1t\u00e9<\/td><td>Foglalkoztatott \/ Employee \/ Besch\u00e4ftige(r)<\/td><td>Tag \/ Member \/ Mitglied<\/td><td>Tag \/ Member \/ Mitglied<\/td><td> <\/td><td>2023-09-01<\/td><td>2026-08-31<\/td><td><a href=\"https:\/\/semmelweis.hu\/jogigfoig\/files\/2023\/07\/61_2023_EEB-szemelyi-osszetetelenek-modositasa.pdf\">Megbizat\u00e1si dokumentum \/ Mandate document \/ Mandatsdokument<\/a><\/td><\/tr><tr><td>Dr. Balogh<\/td><td>Emese Celeszta<\/td><td>Foglalkoztatott \/ Employee \/ Besch\u00e4ftige(r)<\/td><td>Tag \/ Member \/ Mitglied<\/td><td>Tag \/ Member \/ Mitglied<\/td><td> <\/td><td>2023-09-01<\/td><td>2026-08-31<\/td><td><a href=\"https:\/\/semmelweis.hu\/jogigfoig\/files\/2023\/07\/61_2023_EEB-szemelyi-osszetetelenek-modositasa.pdf\">Megbizat\u00e1si dokumentum \/ Mandate document \/ Mandatsdokument<\/a><\/td><\/tr><tr><td>Dr. R\u00f3zsa<\/td><td>No\u00e9mi<\/td><td>Foglalkoztatott \/ Employee \/ Besch\u00e4ftige(r)<\/td><td>Tag \/ Member \/ Mitglied<\/td><td>Tag \/ Member \/ Mitglied<\/td><td> <\/td><td>2023-09-01<\/td><td>2026-08-31<\/td><td><a href=\"https:\/\/semmelweis.hu\/jogigfoig\/files\/2023\/07\/61_2023_EEB-szemelyi-osszetetelenek-modositasa.pdf\">Megbizat\u00e1si dokumentum \/ Mandate document \/ Mandatsdokument<\/a><\/td><\/tr><tr><td>Dr. R\u00e9thelyi<\/td><td>J\u00e1nos<\/td><td>Foglalkoztatott \/ Employee \/ Besch\u00e4ftige(r)<\/td><td>Tag \/ Member \/ Mitglied<\/td><td> <\/td><td>Tag \/ Member \/ Mitglied<\/td><td>2023-09-01<\/td><td>2026-08-31<\/td><td><a href=\"https:\/\/semmelweis.hu\/jogigfoig\/files\/2023\/07\/61_2023_EEB-szemelyi-osszetetelenek-modositasa.pdf\">Megbizat\u00e1si dokumentum \/ Mandate document \/ Mandatsdokument<\/a><\/td><\/tr><tr><td>Dr. Weltner<\/td><td>J\u00e1nos<\/td><td>Foglalkoztatott \/ Employee \/ Besch\u00e4ftige(r)<\/td><td>Tag \/ Member \/ Mitglied<\/td><td> <\/td><td>Tag \/ Member \/ Mitglied<\/td><td>2023-09-01<\/td><td>2026-08-31<\/td><td><a href=\"https:\/\/semmelweis.hu\/jogigfoig\/files\/2023\/07\/61_2023_EEB-szemelyi-osszetetelenek-modositasa.pdf\">Megbizat\u00e1si dokumentum \/ Mandate document \/ Mandatsdokument<\/a><\/td><\/tr><tr><td>Adonicsn\u00e9 P\u00fcski<\/td><td>Kata<\/td><td>Foglalkoztatott \/ Employee \/ Besch\u00e4ftige(r)<\/td><td>Tag \/ Member \/ Mitglied<\/td><td> <\/td><td> <\/td><td>2023-09-01<\/td><td>2026-08-31<\/td><td><a href=\"https:\/\/semmelweis.hu\/jogigfoig\/files\/2023\/07\/61_2023_EEB-szemelyi-osszetetelenek-modositasa.pdf\">Megbizat\u00e1si dokumentum \/ Mandate document \/ Mandatsdokument<\/a><\/td><\/tr><tr><td>Dr. Taga<\/td><td>\u00c9va<\/td><td>Foglalkoztatott \/ Employee \/ Besch\u00e4ftige(r)<\/td><td>Tag \/ Member \/ Mitglied<\/td><td> <\/td><td> <\/td><td>2023-09-01<\/td><td>2026-08-31<\/td><td><a href=\"https:\/\/semmelweis.hu\/jogigfoig\/files\/2023\/07\/61_2023_EEB-szemelyi-osszetetelenek-modositasa.pdf\">Megbizat\u00e1si dokumentum \/ Mandate document \/ Mandatsdokument<\/a><\/td><\/tr><tr><td>Dr. Haba<\/td><td>Kata<\/td><td>Hallgat\u00f3i jogviszony\/ Student status\/ Studierendenrechtsverh\u00e4ltnis<\/td><td>Tag \/ Member \/ Mitglied<\/td><td> <\/td><td> <\/td><td>2024-02-29<\/td><td>2026-08-31<\/td><td><a href=\"https:\/\/semmelweis.hu\/jogigfoig\/files\/2024\/03\/15_2024_allando-bizottsagok-doktorandusz-hallgatok_.pdf?_gl=1*1n46vsl*_up*MQ..*_ga*MTMyNTAxMTUwNi4xNzA5ODk3MzQ2*_ga_5B3MMKXDLW*MTcwOTg5NzM0NS4xLjEuMTcwOTg5NzQxMC4wLjAuMA..\">Megbizat\u00e1si dokumentum \/ Mandate document \/ Mandatsdokument<\/a><\/td><\/tr><tr><td>Fejes<\/td><td>Istv\u00e1n<\/td><td>Hallgat\u00f3i jogviszony\/ Student status\/ Studierendenrechtsverh\u00e4ltnis<\/td><td>Tag \/ Member \/ Mitglied<\/td><td>Tag \/ Member \/ Mitglied<\/td><td> <\/td><td>2025-06-26<\/td><td>2026-08-31<\/td><td><a href=\"https:\/\/semmelweis.hu\/jogigfoig\/files\/2025\/07\/61_2025_allando-bizottsagok-hallgatoi-tagsagai.pdf\">Megbizat\u00e1si dokumentum \/ Mandate document \/ Mandatsdokument<\/a><\/td><\/tr><tr><td>Sz\u00fcr\u00f6s<\/td><td>M\u00e1t\u00e9<\/td><td>Hallgat\u00f3i jogviszony\/ Student status\/ Studierendenrechtsverh\u00e4ltnis<\/td><td>Tag \/ Member \/ Mitglied<\/td><td>Tag \/ Member \/ Mitglied<\/td><td> <\/td><td>2025-06-26<\/td><td>2026-08-31<\/td><td><a href=\"https:\/\/semmelweis.hu\/jogigfoig\/files\/2025\/07\/61_2025_allando-bizottsagok-hallgatoi-tagsagai.pdf\">Megbizat\u00e1si dokumentum \/ Mandate document \/ Mandatsdokument<\/a><\/td><\/tr>        \r\n        \r\n        <\/tbody>\r\n        <\/table>\r\n        <\/div>\r\n\r\n    <div id=\"archivTagokContainer\" style=\"overflow:auto;\">\r\n            <div class=\"exp-col-content-holder\" style=\"border: none;\">\r\n        <a class=\"expand-cnt-link ecf_closed\" href=\"#\">Arch\u00edv<\/a>\r\n        <div class=\"hidden-content\" style=\"display: none;\">\r\n                <table>\r\n            <thead style=\"text-align:center;\">\r\n                <th>Vezet\u00e9kn\u00e9v<\/th><th>Ut\u00f3n\u00e9v<\/th><th>Megb\u00edzat\u00e1s alapja<\/th><th>Megb\u00edzat\u00e1s t\u00edpusa<\/th><th>Hallgat\u00f3i \u00fcgyekkel foglalkoz\u00f3 albizotts\u00e1g<\/th><th>Munkav\u00e1llal\u00f3i \u00fcgyekkel foglalkoz\u00f3 albizotts\u00e1g<\/th><th>Megb\u00edzat\u00e1s kezdete<\/th><th>Megb\u00edzat\u00e1s v\u00e9ge<\/th><th>Megb\u00edzat\u00e1si dokumentum<\/th><th>Megsz\u0171n\u00e9s oka<\/th><th>Megsz\u0171n\u00e9s d\u00e1tuma<\/th>            <\/thead>\r\n            <tbody>\r\n            <tr><td>Dr. Sz\u0151ke<\/td><td>D\u00e1niel Imre<\/td><td>Hallgat\u00f3i jogviszony\/ Student status\/ Studierendenrechtsverh\u00e4ltnis<\/td><td>Tag \/ Memeber \/ Mitglied<\/td><td>Tag \/ Memeber \/ Mitglied<\/td><td>  <\/td><td>2020-09-01<\/td><td>2023-08-31<\/td><td><a href=\"https:\/\/semmelweis.hu\/jogigfoig\/files\/2020\/09\/164_2020_Egyetemi-Es%C3%A9lyegyenl%C5%91s%C3%A9gi-Bizotts%C3%A1g-szem%C3%A9lyi-%C3%B6sszet%C3%A9tel%C3%A9nek-meg%C3%BAj%C3%ADt%C3%A1s%C3%A1r%C3%B3l.pdf\">Megbizat\u00e1si dokumentum \/ Mandate document \/ Mandatsdokument<\/a><\/td><td>Megb\u00edzat\u00e1s lej\u00e1rta<\/td><td>2023-08-31<\/td><\/tr><tr><td>Sz\u0171cs<\/td><td>Attila<\/td><td>Hallgat\u00f3i jogviszony\/ Student status\/ Studierendenrechtsverh\u00e4ltnis<\/td><td>Tag \/ Memeber \/ Mitglied<\/td><td>Tag \/ Memeber \/ Mitglied<\/td><td>  <\/td><td>2020-09-01<\/td><td>2023-08-31<\/td><td><a href=\"https:\/\/semmelweis.hu\/jogigfoig\/files\/2020\/09\/164_2020_Egyetemi-Es%C3%A9lyegyenl%C5%91s%C3%A9gi-Bizotts%C3%A1g-szem%C3%A9lyi-%C3%B6sszet%C3%A9tel%C3%A9nek-meg%C3%BAj%C3%ADt%C3%A1s%C3%A1r%C3%B3l.pdf\">Megbizat\u00e1si dokumentum \/ Mandate document \/ Mandatsdokument<\/a><\/td><td>Egy\u00e9b megsz\u0171n\u00e9si ok<\/td><td>2023-06-28<\/td><\/tr><tr><td>V\u00f6lcsei<\/td><td>Norbert<\/td><td>Hallgat\u00f3i jogviszony\/ Student status\/ Studierendenrechtsverh\u00e4ltnis<\/td><td>Tag \/ Member \/ Mitglied<\/td><td>Tag \/ Member \/ Mitglied<\/td><td>  <\/td><td>2020-09-01<\/td><td>2023-08-31<\/td><td><a href=\"https:\/\/semmelweis.hu\/jogigfoig\/files\/2020\/09\/164_2020_Egyetemi-Es%C3%A9lyegyenl%C5%91s%C3%A9gi-Bizotts%C3%A1g-szem%C3%A9lyi-%C3%B6sszet%C3%A9tel%C3%A9nek-meg%C3%BAj%C3%ADt%C3%A1s%C3%A1r%C3%B3l.pdf\">Megbizat\u00e1si dokumentum \/ Mandate document \/ Mandatsdokument<\/a><\/td><td>Egy\u00e9b megsz\u0171n\u00e9si ok<\/td><td>2023-06-28<\/td><\/tr><tr><td>Farkas<\/td><td>G\u00e1bor<\/td><td>Foglalkoztatott \/ Employee \/ Besch\u00e4ftige(r)\t<\/td><td>Tag \/ Member \/ Mitglied<\/td><td>  <\/td><td>Tag \/ Member \/ Mitglied<\/td><td>2020-09-01<\/td><td>2023-08-31<\/td><td><a href=\"https:\/\/semmelweis.hu\/jogigfoig\/files\/2020\/09\/164_2020_Egyetemi-Es%C3%A9lyegyenl%C5%91s%C3%A9gi-Bizotts%C3%A1g-szem%C3%A9lyi-%C3%B6sszet%C3%A9tel%C3%A9nek-meg%C3%BAj%C3%ADt%C3%A1s%C3%A1r%C3%B3l.pdf\">Megbizat\u00e1si dokumentum \/ Mandate document \/ Mandatsdokument<\/a><\/td><td>Megb\u00edzat\u00e1s lej\u00e1rta<\/td><td>2023-08-31<\/td><\/tr><tr><td>Nagy<\/td><td>L\u00e1szl\u00f3<\/td><td>Foglalkoztatott \/ Employee \/ Besch\u00e4ftige(r)<\/td><td>Tag \/ Member \/ Mitglied<\/td><td>  <\/td><td>Tag \/ Member \/ Mitglied<\/td><td>2020-09-01<\/td><td>2023-08-31<\/td><td><a href=\"https:\/\/semmelweis.hu\/jogigfoig\/files\/2020\/09\/164_2020_Egyetemi-Es%C3%A9lyegyenl%C5%91s%C3%A9gi-Bizotts%C3%A1g-szem%C3%A9lyi-%C3%B6sszet%C3%A9tel%C3%A9nek-meg%C3%BAj%C3%ADt%C3%A1s%C3%A1r%C3%B3l.pdf\">Megbizat\u00e1si dokumentum \/ Mandate document \/ Mandatsdokument<\/a><\/td><td>Megb\u00edzat\u00e1s lej\u00e1rta<\/td><td>2023-08-31<\/td><\/tr><tr><td>P\u00e1l<\/td><td>Kinga \u00c1gnes<\/td><td>Hallgat\u00f3i jogviszony\/ Student status\/ Studierendenrechtsverh\u00e4ltnis<\/td><td>Tag \/ Member \/ Mitglied<\/td><td> Tag \/ Member \/ Mitglied<\/td><td> <\/td><td>2023-09-01<\/td><td>2026-08-31<\/td><td><a href=\"https:\/\/semmelweis.hu\/jogigfoig\/files\/2023\/07\/61_2023_EEB-szemelyi-osszetetelenek-modositasa.pdf\">Megbizat\u00e1si dokumentum \/ Mandate document \/ Mandatsdokument<\/a><\/td><td>Egy\u00e9b megsz\u0171n\u00e9si ok<\/td><td>2025-06-26<\/td><\/tr><tr><td>Ko\u00f3s<\/td><td>G\u00e1bor<\/td><td>Hallgat\u00f3i jogviszony\/ Student status\/ Studierendenrechtsverh\u00e4ltnis<\/td><td>Tag \/ Member \/ Mitglied<\/td><td>Tag \/ Member \/ Mitglied<\/td><td> <\/td><td>2023-09-01<\/td><td>2026-08-31<\/td><td><a href=\"https:\/\/semmelweis.hu\/jogigfoig\/files\/2023\/07\/61_2023_EEB-szemelyi-osszetetelenek-modositasa.pdf\">Megbizat\u00e1si dokumentum \/ Mandate document \/ Mandatsdokument<\/a><\/td><td>Egy\u00e9b megsz\u0171n\u00e9si ok<\/td><td>2025-06-25<\/td><\/tr><tr><td>Dr. \u00c1rm\u00f3s<\/td><td>Rich\u00e1rd Levente<\/td><td>Hallgat\u00f3i jogviszony\/ Student status\/ Studierendenrechtsverh\u00e4ltnis<\/td><td>Tag \/ Member \/ Mitglied<\/td><td>Tag \/ Member \/ Mitglied<\/td><td> <\/td><td>2023-09-01<\/td><td>2026-08-31<\/td><td><a href=\"https:\/\/semmelweis.hu\/jogigfoig\/files\/2023\/07\/61_2023_EEB-szemelyi-osszetetelenek-modositasa.pdf\">Megbizat\u00e1si dokumentum \/ Mandate document \/ Mandatsdokument<\/a><\/td><td>Egy\u00e9b megsz\u0171n\u00e9si ok<\/td><td>2024-02-28<\/td><\/tr>            <\/tbody>\r\n            <\/table>\r\n        <\/div>\r\n        <\/div>\r\n    <\/div>\r\n    <\/div>\r\n    \n\n<\/div><h2 class=\"tabtitle\">\u00dcgyrend<\/h2>\n<div class=\"tabcontent\">\n\n<p><a href=\"https:\/\/semmelweis.hu\/bizottsagok\/files\/2021\/03\/63_2018.V.31.-sz.-SZ-hat.-Egyetemi-\u00c1OK-FOK-ETK-PAK-Bizotts\u00e1gok-egys\u00e9ges-\u00fcgyrend-1.pdf\">A Semmelweis Egyetem Szen\u00e1tus\u00e1nak 63\/2018. (V.31.) sz\u00e1m\u00fa hat\u00e1rozata az egyetem eg\u00e9sz\u00e9re kiterjed\u0151 hat\u00e1sk\u00f6rrel rendelkez\u0151 \u00e1lland\u00f3 feladat\u00fa bizotts\u00e1gok, valamint a karokon m\u0171k\u00f6d\u0151 \u00e1lland\u00f3 bizotts\u00e1gok \u00fcgyrendj\u00e9nek j\u00f3v\u00e1hagy\u00e1s\u00e1r\u00f3l<\/a><\/p>\n<p><a href=\"https:\/\/semmelweis.hu\/jogigfoig\/files\/2020\/08\/SE_EEB-%C3%BCgyrend.pdf\">Egyetemi Es\u00e9lyegyenl\u0151s\u00e9gi Bizotts\u00e1g \u00dcgyrendje<\/a><\/p>\n\n<\/div><h2 class=\"tabtitle\">\u00c9ves besz\u00e1mol\u00f3<\/h2>\n<div class=\"tabcontent\">\n\n<p><a href=\"https:\/\/semmelweis.hu\/jogigfoig\/files\/2025\/03\/15_2025_egyetemi-hataskoru-bizottsagok-beszamoloi.pdf\" target=\"_blank\" rel=\"noopener\">A Semmelweis Egyetem Szen\u00e1tus\u00e1nak 15\/2025. (III. 7.) sz\u00e1m\u00fa hat\u00e1rozata a Szen\u00e1tus \u00e1ltal l\u00e9trehozott, az egyetem eg\u00e9sz\u00e9re kiterjed\u0151 hat\u00e1sk\u00f6rrel rendelkez\u0151 \u00e1lland\u00f3 bizotts\u00e1gok munk\u00e1j\u00e1r\u00f3l sz\u00f3l\u00f3 besz\u00e1mol\u00f3 elfogad\u00e1s\u00e1r\u00f3l<\/a><\/p>\n<p><a href=\"https:\/\/semmelweis.hu\/bizottsagok\/files\/2025\/06\/Egyetemi-Eselyegyenlosegi-Bizottsag_2024-beszamolo.pdf\" target=\"_blank\" rel=\"noopener\">Az Egyetemi Es\u00e9lyegyenl\u0151s\u00e9gi Bizotts\u00e1g \u00e9ves besz\u00e1mol\u00f3ja \u2013 2024<\/a><\/p>\n<p>&nbsp;<\/p>\n<p>&nbsp;<\/p>\n<p>&nbsp;<\/p>\n<\/div><\/div>\n<p>&nbsp;<\/p>\n","protected":false},"excerpt":{"rendered":"<p>Az Egyetemi Es\u00e9lyegyenl\u0151s\u00e9gi Bizotts\u00e1g feladatai az Egyetem Es\u00e9lyegyenl\u0151s\u00e9gi terv\u00e9ben foglaltak figyelembev\u00e9tel\u00e9vel: \u00a0v\u00e9lem\u00e9nyezi az Es\u00e9lyegyenl\u0151s\u00e9gi Tervet \u00e9s annak elfogad\u00e1s\u00e1ra, illetve m\u00f3dos\u00edt\u00e1s\u00e1ra javaslatot tesz a rektor \u00e9s a kancell\u00e1r sz\u00e1m\u00e1ra; figyelemmel k\u00eds\u00e9ri a f\u00e9rfiak \u00e9s n\u0151k ar\u00e1nyos k\u00e9pviselet\u00e9t az egyetemi test\u00fcletekben, sz\u00fcks\u00e9g eset\u00e9n minden tan\u00e9v v\u00e9g\u00e9n \u2013 az Es\u00e9lyegyenl\u0151s\u00e9gi Terv v\u00e9lem\u00e9nyez\u00e9s\u00e9nek r\u00e9szek\u00e9nt \u2013 javaslatot tesz a rektor &hellip;<\/p>\n","protected":false},"author":101595,"featured_media":0,"parent":834,"menu_order":0,"comment_status":"closed","ping_status":"closed","template":"template-fullwidth.php","meta":{"_acf_changed":false,"footnotes":""},"categories":[],"tags":[],"class_list":["post-152","page","type-page","status-publish","hentry"],"acf":[],"_links":{"self":[{"href":"https:\/\/semmelweis.hu\/bizottsagok\/wp-json\/wp\/v2\/pages\/152","targetHints":{"allow":["GET"]}}],"collection":[{"href":"https:\/\/semmelweis.hu\/bizottsagok\/wp-json\/wp\/v2\/pages"}],"about":[{"href":"https:\/\/semmelweis.hu\/bizottsagok\/wp-json\/wp\/v2\/types\/page"}],"author":[{"embeddable":true,"href":"https:\/\/semmelweis.hu\/bizottsagok\/wp-json\/wp\/v2\/users\/101595"}],"replies":[{"embeddable":true,"href":"https:\/\/semmelweis.hu\/bizottsagok\/wp-json\/wp\/v2\/comments?post=152"}],"version-history":[{"count":11,"href":"https:\/\/semmelweis.hu\/bizottsagok\/wp-json\/wp\/v2\/pages\/152\/revisions"}],"predecessor-version":[{"id":2613,"href":"https:\/\/semmelweis.hu\/bizottsagok\/wp-json\/wp\/v2\/pages\/152\/revisions\/2613"}],"up":[{"embeddable":true,"href":"https:\/\/semmelweis.hu\/bizottsagok\/wp-json\/wp\/v2\/pages\/834"}],"wp:attachment":[{"href":"https:\/\/semmelweis.hu\/bizottsagok\/wp-json\/wp\/v2\/media?parent=152"}],"wp:term":[{"taxonomy":"category","embeddable":true,"href":"https:\/\/semmelweis.hu\/bizottsagok\/wp-json\/wp\/v2\/categories?post=152"},{"taxonomy":"post_tag","embeddable":true,"href":"https:\/\/semmelweis.hu\/bizottsagok\/wp-json\/wp\/v2\/tags?post=152"}],"curies":[{"name":"wp","href":"https:\/\/api.w.org\/{rel}","templated":true}]}}