{"id":147,"date":"2020-11-23T23:13:42","date_gmt":"2020-11-23T22:13:42","guid":{"rendered":"https:\/\/semmelweis.hu\/bizottsagok\/?page_id=147"},"modified":"2025-09-29T13:36:13","modified_gmt":"2025-09-29T11:36:13","slug":"minosegfejlesztesi-es-minosegertekelo-bizottsag","status":"publish","type":"page","link":"https:\/\/semmelweis.hu\/bizottsagok\/allando-bizottsagok\/egyetem-egeszere-feladat-es-hataskorrel-rendelkezo-bizottsagok\/minosegfejlesztesi-es-minosegertekelo-bizottsag\/","title":{"rendered":"MIN\u0150S\u00c9GFEJLESZT\u00c9SI \u00c9S MIN\u0150S\u00c9G\u00c9RT\u00c9KEL\u0150 BIZOTTS\u00c1G"},"content":{"rendered":"<div class=\"responsive-tabs\">\n<h2 class=\"tabtitle\">Feladat- \u00e9s hat\u00e1sk\u00f6r<\/h2>\n<div class=\"tabcontent\">\n\n<ul>\n<li>az Egyetem k\u00fcldet\u00e9snyilatkozata, az int\u00e9zm\u00e9nyi fejleszt\u00e9si tervben megjel\u00f6lt strat\u00e9giai<br \/>\nkoncepci\u00f3, az Alap\u00edt\u00f3 Okiratban meghat\u00e1rozott feladatok \u00e9s a min\u0151s\u00e9gbiztos\u00edt\u00e1s-, a<br \/>\nmin\u0151s\u00e9g-ellen\u0151rz\u00e9s- \u00e9s a min\u0151s\u00e9g\u00e9rt\u00e9kel\u00e9s \u00f6sszhangj\u00e1t biztos\u00edt\u00f3 int\u00e9zked\u00e9sek<br \/>\nkidolgoz\u00e1s\u00e1nak el\u0151k\u00e9sz\u00edt\u00e9se,<\/li>\n<li>a min\u0151s\u00e9gbiztos\u00edt\u00e1si rendszer folyamatos korszer\u0171s\u00edt\u00e9s\u00e9nek el\u0151k\u00e9sz\u00edt\u00e9se,<br \/>\njavaslat k\u00e9sz\u00edt\u00e9se az alapfeladatok ell\u00e1t\u00e1s\u00e1hoz sz\u00fcks\u00e9ges optim\u00e1lis szervezeti<br \/>\nfel\u00e9p\u00edt\u00e9sre,<\/li>\n<li>a hum\u00e1n er\u0151forr\u00e1sok fejleszt\u00e9se, az oktat\u00f3i- \u00e9s kutat\u00f3i k\u00f6vetelm\u00e9nyrendszer<br \/>\nmeghat\u00e1roz\u00e1sa \u00e9s teljes\u00edtm\u00e9ny-alap\u00fa \u00e9rt\u00e9kel\u00e9s\u00e9re javaslatok kidolgoz\u00e1sa,<br \/>\naz int\u00e9zm\u00e9nyi hat\u00e1sk\u00f6rben ind\u00edtott szakir\u00e1ny\u00fa tov\u00e1bbk\u00e9pz\u00e9si szakok \u00e9s a fels\u0151fok\u00fa<br \/>\nszakk\u00e9pz\u00e9sek min\u0151s\u00e9g\u00e9nek vizsg\u00e1lata,<\/li>\n<li>a szem\u00e9lyi \u00e9s t\u00e1rgyi felt\u00e9telek fenn\u00e1ll\u00e1s\u00e1nak, az oktat\u00e1si \u00e9s kutat\u00e1si tev\u00e9kenys\u00e9g<br \/>\neredm\u00e9nyeinek \u00f6sszegz\u00e9se.<br \/>\negyetemi min\u0151s\u00e9gc\u00e9lok kit\u0171z\u00e9se.<\/li>\n<\/ul>\n\n<\/div><h2 class=\"tabtitle\">Tagjai<\/h2>\n<div class=\"tabcontent\">\n\n<p><em><strong>Kapcsolattart\u00f3:<\/strong><\/em>\u00a0Dr. T\u00f3th P\u00e9ter<br \/>\n<em><strong>Email:<\/strong><\/em>\u00a0<a href=\"mailto:minoseg@semmelweis-univ.hu\">minoseg@semmelweis-univ.hu<\/a><\/p>\n    \r\n    <div id=\"peopleContainer\" style=\"text-align:center;\">\r\n    <input type=\"hidden\" name=\"cimkek\" id=\"cimkek\" value=\"Vezet\u00e9kn\u00e9v,Ut\u00f3n\u00e9v,Megb\u00edzat\u00e1s alapja,Megb\u00edzat\u00e1s t\u00edpusa,Megb\u00edzat\u00e1s kezdete,Megb\u00edzat\u00e1s v\u00e9ge,Megb\u00edzat\u00e1si dokumentum,Megsz\u0171n\u00e9s oka,Megsz\u0171n\u00e9s d\u00e1tuma\">\r\n    <input type=\"hidden\" name=\"kihagy_aktiv\" id=\"kihagy_aktiv\" value=\"Megsz\u0171n\u00e9s oka||megszunes_oka,Megsz\u0171n\u00e9s d\u00e1tuma||megszunes_datuma\">\r\n    <input type=\"hidden\" name=\"kihagy_archiv\" id=\"kihagy_archiv\" value=\"\">\r\n    <div id=\"aktivTagokContainer\" style=\"overflow:auto;\">\r\n        <table>\r\n        <thead style=\"text-align:center;\">\r\n            <th>Vezet\u00e9kn\u00e9v<\/th><th>Ut\u00f3n\u00e9v<\/th><th>Megb\u00edzat\u00e1s alapja<\/th><th>Megb\u00edzat\u00e1s t\u00edpusa<\/th><th>Megb\u00edzat\u00e1s kezdete<\/th><th>Megb\u00edzat\u00e1s v\u00e9ge<\/th><th>Megb\u00edzat\u00e1si dokumentum<\/th>        <\/thead>\r\n        <tbody>\r\n        <tr><td>Feket\u00e9n\u00e9 Dr. Szab\u00f3<\/td><td>\u00c9va<\/td><td>Strat\u00e9giai \u00e9s fejleszt\u00e9si rektorhelyettes\/ Vice-Rector for Strategy and Development\/ Vizerektor f\u00fcr Strategie und Entwicklung<\/td><td>Eln\u00f6k\/ Chairperson\/ Vorsitzender<\/td><td>2024-01-01<\/td><td>2026-12-31<\/td><td><a href=\"https:\/\/semmelweis.hu\/jogigfoig\/files\/2024\/01\/126_2023.pdf\">Megb\u00edzat\u00e1si dokumentum\/ Mandate document\/ Mandatsdokument<\/a><\/td><\/tr><tr><td>Dr. Buz\u00e1s <\/td><td>Edit<\/td><td>Foglalkoztatott\/ Employee\/ Besch\u00e4ftigte(r)<\/td><td>Tag\/ Member\/ Mitglied<\/td><td>2024-01-01<\/td><td>2026-12-31<\/td><td><a href=\"https:\/\/semmelweis.hu\/jogigfoig\/files\/2024\/01\/126_2023.pdf\">Megb\u00edzat\u00e1si dokumentum\/ Mandate document\/ Mandatsdokument<\/a><\/td><\/tr><tr><td>Dr. Bitter<\/td><td> Istv\u00e1n <\/td><td>Foglalkoztatott\/ Employee\/ Besch\u00e4ftigte(r)<\/td><td>Tag\/ Member\/ Mitglied<\/td><td>2024-01-01<\/td><td>2026-12-31<\/td><td><a href=\"https:\/\/semmelweis.hu\/jogigfoig\/files\/2024\/01\/126_2023.pdf\">Megb\u00edzat\u00e1si dokumentum\/ Mandate document\/ Mandatsdokument<\/a><\/td><\/tr><tr><td>Dr. Horv\u00e1th <\/td><td>Zolt\u00e1nn\u00e9<\/td><td>Foglalkoztatott\/ Employee\/ Besch\u00e4ftigte(r)<\/td><td>Tag\/ Member\/ Mitglied<\/td><td>2024-01-01<\/td><td>2026-12-31<\/td><td><a href=\"https:\/\/semmelweis.hu\/jogigfoig\/files\/2024\/01\/126_2023.pdf\">Megb\u00edzat\u00e1si dokumentum\/ Mandate document\/ Mandatsdokument<\/a><\/td><\/tr><tr><td>Dr. Belicza <\/td><td>\u00c9va<\/td><td>Foglalkoztatott\/ Employee\/ Besch\u00e4ftigte(r)<\/td><td>Tag\/ Member\/ Mitglied<\/td><td>2024-01-01<\/td><td>2026-12-31<\/td><td><a href=\"https:\/\/semmelweis.hu\/jogigfoig\/files\/2024\/01\/126_2023.pdf\">Megb\u00edzat\u00e1si dokumentum\/ Mandate document\/ Mandatsdokument<\/a><\/td><\/tr><tr><td>Dr. Tak\u00e1cs<\/td><td>Istv\u00e1n<\/td><td>Foglalkoztatott\/ Employee\/ Besch\u00e4ftigte(r)<\/td><td>Tag\/ Member\/ Mitglied<\/td><td>2024-01-01<\/td><td>2026-12-31<\/td><td><a href=\"https:\/\/semmelweis.hu\/jogigfoig\/files\/2024\/01\/126_2023.pdf\">Megb\u00edzat\u00e1si dokumentum\/ Mandate document\/ Mandatsdokument<\/a><\/td><\/tr><tr><td>Dr. V\u00e1rnai<\/td><td>P\u00e9ter<\/td><td>Foglalkoztatott\/ Employee\/ Besch\u00e4ftigte(r)<\/td><td>Tag\/ Member\/ Mitglied<\/td><td>2024-01-01<\/td><td>2026-12-31<\/td><td><a href=\"https:\/\/semmelweis.hu\/jogigfoig\/files\/2024\/01\/126_2023.pdf\">Megb\u00edzat\u00e1si dokumentum\/ Mandate document\/ Mandatsdokument<\/a><\/td><\/tr><tr><td>Dr. N\u00e9meth<\/td><td>Orsolya<\/td><td>Foglalkoztatott\/ Employee\/ Besch\u00e4ftigte(r)<\/td><td>Tag\/ Member\/ Mitglied<\/td><td>2024-01-01<\/td><td>2026-12-31<\/td><td><a href=\"https:\/\/semmelweis.hu\/jogigfoig\/files\/2024\/01\/126_2023.pdf\">Megb\u00edzat\u00e1si dokumentum\/ Mandate document\/ Mandatsdokument<\/a><\/td><\/tr><tr><td>Dr. Lud\u00e1nyi<\/td><td>Krisztina<\/td><td>Foglalkoztatott\/ Employee\/ Besch\u00e4ftigte(r)<\/td><td>Tag\/ Member\/ Mitglied<\/td><td>2024-01-01<\/td><td>2026-12-31<\/td><td><a href=\"https:\/\/semmelweis.hu\/jogigfoig\/files\/2024\/01\/126_2023.pdf\">Megb\u00edzat\u00e1si dokumentum\/ Mandate document\/ Mandatsdokument<\/a><\/td><\/tr><tr><td>Dr. Balogh<\/td><td>Emese Celeszta<\/td><td>Foglalkoztatott\/ Employee\/ Besch\u00e4ftigte(r)<\/td><td>Tag\/ Member\/ Mitglied<\/td><td>2024-01-01<\/td><td>2026-12-31<\/td><td><a href=\"https:\/\/semmelweis.hu\/jogigfoig\/files\/2024\/01\/126_2023.pdf\">Megb\u00edzat\u00e1si dokumentum\/ Mandate document\/ Mandatsdokument<\/a><\/td><\/tr><tr><td>Dr. \u00c9l\u0151<\/td><td>G\u00e1bor<\/td><td>Foglalkoztatott\/ Employee\/ Besch\u00e4ftigte(r)<\/td><td>Tag\/ Member\/ Mitglied<\/td><td>2024-01-01<\/td><td>2026-12-31<\/td><td><a href=\"https:\/\/semmelweis.hu\/jogigfoig\/files\/2024\/01\/126_2023.pdf\">Megb\u00edzat\u00e1si dokumentum\/ Mandate document\/ Mandatsdokument<\/a><\/td><\/tr><tr><td>Koz\u00e1k<\/td><td>Orsolya<\/td><td>Hallgat\u00f3i jogviszony\/ Student status\/ Studierendenrechtsverh\u00e4ltnis<\/td><td>Tag\/ Member\/ Mitglied<\/td><td>2024-02-29<\/td><td>2026-12-31<\/td><td><a href=\"https:\/\/semmelweis.hu\/jogigfoig\/files\/2024\/03\/15_2024_allando-bizottsagok-doktorandusz-hallgatok_.pdf?_gl=1*1n46vsl*_up*MQ..*_ga*MTMyNTAxMTUwNi4xNzA5ODk3MzQ2*_ga_5B3MMKXDLW*MTcwOTg5NzM0NS4xLjEuMTcwOTg5NzQxMC4wLjAuMA..\">Megb\u00edzat\u00e1si dokumentum\/ Mandate document\/ Mandatsdokument<\/a><\/td><\/tr><tr><td>Magyar<\/td><td>D\u00e1niel D\u00e1vid<\/td><td>Hallgat\u00f3i jogviszony\/ Student status\/ Studierendenrechtsverh\u00e4ltni<\/td><td>Tag\/ Member\/ Mitglied<\/td><td>2025-06-26<\/td><td>2026-12-31<\/td><td><a href=\"https:\/\/semmelweis.hu\/jogigfoig\/files\/2025\/07\/61_2025_allando-bizottsagok-hallgatoi-tagsagai.pdf\">Megb\u00edzat\u00e1si dokumentum\/ Mandate document\/ Mandatsdokument<\/a><\/td><\/tr>        \r\n        \r\n        <\/tbody>\r\n        <\/table>\r\n        <\/div>\r\n\r\n    <div id=\"archivTagokContainer\" style=\"overflow:auto;\">\r\n            <div class=\"exp-col-content-holder\" style=\"border: none;\">\r\n        <a class=\"expand-cnt-link ecf_closed\" href=\"#\">Arch\u00edv<\/a>\r\n        <div class=\"hidden-content\" style=\"display: none;\">\r\n                <table>\r\n            <thead style=\"text-align:center;\">\r\n                <th>Vezet\u00e9kn\u00e9v<\/th><th>Ut\u00f3n\u00e9v<\/th><th>Megb\u00edzat\u00e1s alapja<\/th><th>Megb\u00edzat\u00e1s t\u00edpusa<\/th><th>Megb\u00edzat\u00e1s kezdete<\/th><th>Megb\u00edzat\u00e1s v\u00e9ge<\/th><th>Megb\u00edzat\u00e1si dokumentum<\/th><th>Megsz\u0171n\u00e9s oka<\/th><th>Megsz\u0171n\u00e9s d\u00e1tuma<\/th>            <\/thead>\r\n            <tbody>\r\n            <tr><td>Dr. T\u00f3th <\/td><td>Zsuzsanna<\/td><td>Foglalkoztatott\/ Employee\/ Besch\u00e4ftigte(r)<\/td><td>Tag\/ Member\/ Mitglied<\/td><td>2021-01-01<\/td><td>2023-12-31<\/td><td><a href=\"https:\/\/semmelweis.hu\/jogigfoig\/files\/2020\/12\/212_2020_%C3%A1lland%C3%B3-bizotts%C3%A1gok-1.pdf\">Megb\u00edzat\u00e1si dokumentum\/ Mandate document\/ Mandatsdokument<\/a><\/td><td>Megb\u00edzat\u00e1s lej\u00e1rta<\/td><td>2023-12-31<\/td><\/tr><tr><td>Dr. \u0150rfi <\/td><td>L\u00e1szl\u00f3<\/td><td>Foglalkoztatott\/ Employee\/ Besch\u00e4ftigte(r)<\/td><td>Tag\/ Member\/ Mitglied<\/td><td>2021-01-01<\/td><td>2023-12-31<\/td><td><a href=\"https:\/\/semmelweis.hu\/jogigfoig\/files\/2020\/12\/212_2020_%C3%A1lland%C3%B3-bizotts%C3%A1gok-1.pdf\">Megb\u00edzat\u00e1si dokumentum\/ Mandate document\/ Mandatsdokument<\/a><\/td><td>Megb\u00edzat\u00e1s lej\u00e1rta<\/td><td>2023-12-31<\/td><\/tr><tr><td>Dr. Szatm\u00e1ri <\/td><td>Edit Andrea<\/td><td>Foglalkoztatott\/ Employee\/ Besch\u00e4ftigte(r)<\/td><td>Tag\/ Member\/ Mitglied<\/td><td>2021-01-01<\/td><td>2023-12-31<\/td><td><a href=\"https:\/\/semmelweis.hu\/jogigfoig\/files\/2020\/12\/212_2020_%C3%A1lland%C3%B3-bizotts%C3%A1gok-1.pdf\">Megb\u00edzat\u00e1si dokumentum\/ Mandate document\/ Mandatsdokument<\/a><\/td><td>Megb\u00edzat\u00e1s lej\u00e1rta<\/td><td>2023-12-31<\/td><\/tr><tr><td>Dr. Enyedi<\/td><td> P\u00e9ter<\/td><td>Foglalkoztatott\/ Employee\/ Besch\u00e4ftigte(r)<\/td><td>Tag\/ Member\/ Mitglied<\/td><td>2021-01-01<\/td><td>2023-12-31<\/td><td><a href=\"https:\/\/semmelweis.hu\/jogigfoig\/files\/2020\/12\/212_2020_%C3%A1lland%C3%B3-bizotts%C3%A1gok-1.pdf\">Megb\u00edzat\u00e1si dokumentum\/ Mandate document\/ Mandatsdokument<\/a><\/td><td>Megb\u00edzat\u00e1s lej\u00e1rta<\/td><td>2023-12-31<\/td><\/tr><tr><td>Dr. Basa <\/td><td>B\u00e1lint<\/td><td>Hallgat\u00f3i jogviszony\/ Student status\/ Studierendenrechtsverh\u00e4ltnis<\/td><td>Tag\/ Member\/ Mitglied<\/td><td>2021-01-01<\/td><td>2023-12-31<\/td><td><a href=\"https:\/\/semmelweis.hu\/jogigfoig\/files\/2020\/12\/212_2020_%C3%A1lland%C3%B3-bizotts%C3%A1gok-1.pdf\">Megb\u00edzat\u00e1si dokumentum\/ Mandate document\/ Mandatsdokument<\/a><\/td><td>Egy\u00e9b megsz\u0171n\u00e9si ok<\/td><td>2022-12-01<\/td><\/tr><tr><td>Tripolszky <\/td><td>B\u00e1lint<\/td><td>Hallgat\u00f3i jogviszony\/ Student status\/ Studierendenrechtsverh\u00e4ltnis<\/td><td>Tag\/ Member\/ Mitglied<\/td><td>2021-01-01<\/td><td>2023-12-31<\/td><td><a href=\"https:\/\/semmelweis.hu\/jogigfoig\/files\/2020\/12\/212_2020_%C3%A1lland%C3%B3-bizotts%C3%A1gok-1.pdf\">Megb\u00edzat\u00e1si dokumentum\/ Mandate document\/ Mandatsdokument<\/a><\/td><td>Egy\u00e9b megsz\u0171n\u00e9si ok<\/td><td>2023-06-28<\/td><\/tr><tr><td>Dr. Kiss <\/td><td>S\u00e1ndor <\/td><td>Foglalkoztatott\/ Employee\/ Besch\u00e4ftigte(r)<\/td><td>Tag\/ Member\/ Mitglied<\/td><td>2021-01-01<\/td><td>2023-12-31<\/td><td><a href=\"https:\/\/semmelweis.hu\/jogigfoig\/files\/2020\/12\/212_2020_%C3%A1lland%C3%B3-bizotts%C3%A1gok-1.pdf\">Megb\u00edzat\u00e1si dokumentum\/ Mandate document\/ Mandatsdokument<\/a><\/td><td>Megb\u00edzat\u00e1s lej\u00e1rta<\/td><td>2023-12-31<\/td><\/tr><tr><td>Gecsey<\/td><td>R\u00e9ka Csenge<\/td><td>Hallgat\u00f3i jogviszony\/ Student status\/ Studierendenrechtsverh\u00e4ltnis<\/td><td>Tag\/ Member\/ Mitglied<\/td><td>2024-01-01<\/td><td>2026-12-31<\/td><td><a href=\"https:\/\/semmelweis.hu\/jogigfoig\/files\/2024\/01\/126_2023.pdf\">Megb\u00edzat\u00e1si dokumentum\/ Mandate document\/ Mandatsdokument<\/a><\/td><td>Egy\u00e9b megsz\u0171n\u00e9si ok<\/td><td>2025-06-25<\/td><\/tr><tr><td>Dr. Veres<\/td><td>Bogl\u00e1rka<\/td><td>Hallgat\u00f3i jogviszony\/ Student status\/ Studierendenrechtsverh\u00e4ltnis<\/td><td>Tag\/ Member\/ Mitglied<\/td><td>2022-12-02<\/td><td>2023-12-31<\/td><td><a href=\"https:\/\/semmelweis.hu\/jogigfoig\/files\/2022\/12\/99_2022_allando-bizottsagok-doktorandusz-hallgatok.pdf\">Megb\u00edzat\u00e1si dokumentum\/ Mandate document\/ Mandatsdokument<\/a><\/td><td>Megb\u00edzat\u00e1s lej\u00e1rta<\/td><td>2023-12-31<\/td><\/tr>            <\/tbody>\r\n            <\/table>\r\n        <\/div>\r\n        <\/div>\r\n    <\/div>\r\n    <\/div>\r\n    \n\n<\/div><h2 class=\"tabtitle\">\u00dcgyrend<\/h2>\n<div class=\"tabcontent\">\n\n<p><a href=\"https:\/\/semmelweis.hu\/jogigfoig\/files\/2021\/03\/12_2021_Min%C5%91s%C3%A9gfejl-%C3%A9s-%C3%A9rt-biz_%C3%BCgyrend.pdf\">A Semmelweis Egyetem Szen\u00e1tus\u00e1nak 12\/2021. (II.25.) sz\u00e1m\u00fa hat\u00e1rozata a Min\u0151s\u00e9gfejleszt\u00e9si \u00e9s Min\u0151s\u00e9g\u00e9rt\u00e9kel\u0151 Bizotts\u00e1g \u00fcgyrendj\u00e9nek m\u00f3dos\u00edt\u00e1s\u00e1r\u00f3l<\/a>\u00a0<\/p>\n<p style=\"text-align: justify\"><a href=\"https:\/\/semmelweis.hu\/bizottsagok\/files\/2021\/06\/MMB_\u00fcgyrend.pdf\">A Min\u0151s\u00e9gfejleszt\u00e9si \u00e9s Min\u0151s\u00e9g\u00e9rt\u00e9kel\u0151 Bizotts\u00e1g \u00fcgyrendje<\/a><\/p>\n\n<\/div><h2 class=\"tabtitle\">\u00c9ves besz\u00e1mol\u00f3<\/h2>\n<div class=\"tabcontent\">\n\n<p><a href=\"https:\/\/semmelweis.hu\/jogigfoig\/files\/2025\/03\/15_2025_egyetemi-hataskoru-bizottsagok-beszamoloi.pdf\" target=\"_blank\" rel=\"noopener\">A Semmelweis Egyetem Szen\u00e1tus\u00e1nak 15\/2025. (III.7.) sz\u00e1m\u00fa hat\u00e1rozata a Szen\u00e1tus \u00e1ltal l\u00e9trehozott, az egyetem eg\u00e9sz\u00e9re kiterjed\u0151 hat\u00e1sk\u00f6rrel rendelkez\u0151 \u00e1lland\u00f3 bizotts\u00e1gok munk\u00e1j\u00e1r\u00f3l sz\u00f3l\u00f3 besz\u00e1mol\u00f3 elfogad\u00e1s\u00e1r\u00f3l<\/a><\/p>\n<p><a href=\"https:\/\/semmelweis.hu\/bizottsagok\/files\/2025\/06\/Minosegfejlesztesi-es-Minosegertekelo-Bizotsag_2024-beszamolo.pdf\" target=\"_blank\" rel=\"noopener\">A Min\u0151s\u00e9gfejleszt\u00e9si \u00e9s Min\u0151s\u00e9g\u00e9rt\u00e9kel\u0151 Bizotts\u00e1g besz\u00e1mol\u00f3ja \u2013 2024<\/a><\/p>\n<p>&nbsp;<\/p>\n<p>&nbsp;<\/p>\n<p>&nbsp;<\/p>\n<\/div><\/div>\n","protected":false},"excerpt":{"rendered":"<p>az Egyetem k\u00fcldet\u00e9snyilatkozata, az int\u00e9zm\u00e9nyi fejleszt\u00e9si tervben megjel\u00f6lt strat\u00e9giai koncepci\u00f3, az Alap\u00edt\u00f3 Okiratban meghat\u00e1rozott feladatok \u00e9s a min\u0151s\u00e9gbiztos\u00edt\u00e1s-, a min\u0151s\u00e9g-ellen\u0151rz\u00e9s- \u00e9s a min\u0151s\u00e9g\u00e9rt\u00e9kel\u00e9s \u00f6sszhangj\u00e1t biztos\u00edt\u00f3 int\u00e9zked\u00e9sek kidolgoz\u00e1s\u00e1nak el\u0151k\u00e9sz\u00edt\u00e9se, a min\u0151s\u00e9gbiztos\u00edt\u00e1si rendszer folyamatos korszer\u0171s\u00edt\u00e9s\u00e9nek el\u0151k\u00e9sz\u00edt\u00e9se, javaslat k\u00e9sz\u00edt\u00e9se az alapfeladatok ell\u00e1t\u00e1s\u00e1hoz sz\u00fcks\u00e9ges optim\u00e1lis szervezeti fel\u00e9p\u00edt\u00e9sre, a hum\u00e1n er\u0151forr\u00e1sok fejleszt\u00e9se, az oktat\u00f3i- \u00e9s kutat\u00f3i k\u00f6vetelm\u00e9nyrendszer meghat\u00e1roz\u00e1sa \u00e9s teljes\u00edtm\u00e9ny-alap\u00fa &hellip;<\/p>\n","protected":false},"author":101595,"featured_media":0,"parent":834,"menu_order":0,"comment_status":"closed","ping_status":"closed","template":"template-fullwidth.php","meta":{"_acf_changed":false,"footnotes":""},"categories":[],"tags":[],"class_list":["post-147","page","type-page","status-publish","hentry"],"acf":[],"_links":{"self":[{"href":"https:\/\/semmelweis.hu\/bizottsagok\/wp-json\/wp\/v2\/pages\/147","targetHints":{"allow":["GET"]}}],"collection":[{"href":"https:\/\/semmelweis.hu\/bizottsagok\/wp-json\/wp\/v2\/pages"}],"about":[{"href":"https:\/\/semmelweis.hu\/bizottsagok\/wp-json\/wp\/v2\/types\/page"}],"author":[{"embeddable":true,"href":"https:\/\/semmelweis.hu\/bizottsagok\/wp-json\/wp\/v2\/users\/101595"}],"replies":[{"embeddable":true,"href":"https:\/\/semmelweis.hu\/bizottsagok\/wp-json\/wp\/v2\/comments?post=147"}],"version-history":[{"count":11,"href":"https:\/\/semmelweis.hu\/bizottsagok\/wp-json\/wp\/v2\/pages\/147\/revisions"}],"predecessor-version":[{"id":2625,"href":"https:\/\/semmelweis.hu\/bizottsagok\/wp-json\/wp\/v2\/pages\/147\/revisions\/2625"}],"up":[{"embeddable":true,"href":"https:\/\/semmelweis.hu\/bizottsagok\/wp-json\/wp\/v2\/pages\/834"}],"wp:attachment":[{"href":"https:\/\/semmelweis.hu\/bizottsagok\/wp-json\/wp\/v2\/media?parent=147"}],"wp:term":[{"taxonomy":"category","embeddable":true,"href":"https:\/\/semmelweis.hu\/bizottsagok\/wp-json\/wp\/v2\/categories?post=147"},{"taxonomy":"post_tag","embeddable":true,"href":"https:\/\/semmelweis.hu\/bizottsagok\/wp-json\/wp\/v2\/tags?post=147"}],"curies":[{"name":"wp","href":"https:\/\/api.w.org\/{rel}","templated":true}]}}