{"id":145,"date":"2020-11-23T23:11:57","date_gmt":"2020-11-23T22:11:57","guid":{"rendered":"https:\/\/semmelweis.hu\/bizottsagok\/?page_id=145"},"modified":"2021-02-04T12:44:31","modified_gmt":"2021-02-04T11:44:31","slug":"egyetemi-etikai-bizottsag-szerkeszto","status":"publish","type":"page","link":"https:\/\/semmelweis.hu\/bizottsagok\/egyetemi-etikai-bizottsag-szerkeszto\/","title":{"rendered":"EGYETEMI ETIKAI BIZOTTS\u00c1G SZERKESZT\u0150"},"content":{"rendered":"<div>    \r\n    <div id=\"peopleContainer\" style=\"text-align:center;\">\r\n    <input type=\"hidden\" name=\"cimkek\" id=\"cimkek\" value=\"Vezet\u00e9kn\u00e9v,Ut\u00f3n\u00e9v,Megb\u00edzat\u00e1s alapja,Megb\u00edzat\u00e1s t\u00edpusa,Megb\u00edzat\u00e1s kezdete,Megb\u00edzat\u00e1s v\u00e9ge,Megb\u00edzat\u00e1si dokumentum,Megsz\u0171n\u00e9s oka,Megsz\u0171n\u00e9s d\u00e1tuma\">\r\n    <input type=\"hidden\" name=\"kihagy_aktiv\" id=\"kihagy_aktiv\" value=\"Megsz\u0171n\u00e9s oka||megszunes_oka,Megsz\u0171n\u00e9s d\u00e1tuma||megszunes_datuma\">\r\n    <input type=\"hidden\" name=\"kihagy_archiv\" id=\"kihagy_archiv\" value=\"\">\r\n    <div id=\"aktivTagokContainer\" style=\"overflow:auto;\">\r\n        <table>\r\n        <thead style=\"text-align:center;\">\r\n            <th>Vezet\u00e9kn\u00e9v<\/th><th>Ut\u00f3n\u00e9v<\/th><th>Megb\u00edzat\u00e1s alapja<\/th><th>Megb\u00edzat\u00e1s t\u00edpusa<\/th><th>Megb\u00edzat\u00e1s kezdete<\/th><th>Megb\u00edzat\u00e1s v\u00e9ge<\/th><th>Megb\u00edzat\u00e1si dokumentum<\/th>        <\/thead>\r\n        <tbody>\r\n        <tr><td>Dr. Nyir\u00e1dy<\/td><td>P\u00e9ter<\/td><td>Foglalkoztatott\/ Employee\/ Besch\u00e4ftigte(r)<\/td><td>Eln\u00f6k\/ Chairperson\/ Vorsitzender<\/td><td>2024-01-01<\/td><td>2026-12-31<\/td><td><a href=\"https:\/\/semmelweis.hu\/jogigfoig\/files\/2024\/01\/126_2023.pdf\">Megb\u00edzat\u00e1si dokumentum\/ Mandate document\/ Mandatsdokument<\/a><\/td><\/tr><tr><td>Dr. D\u00f3sa<\/td><td>\u00c1gnes<\/td><td>Foglalkoztatott\/ Employee\/ Besch\u00e4ftigte(r)<\/td><td>Tag\/ Member\/ Mitglied<\/td><td>2024-01-01<\/td><td>2026-12-31<\/td><td><a href=\"https:\/\/semmelweis.hu\/jogigfoig\/files\/2024\/01\/126_2023.pdf\">Megb\u00edzat\u00e1si dokumentum\/ Mandate document\/ Mandatsdokument<\/a><\/td><\/tr><tr><td>Dr. L\u00e1m<\/td><td>Judit<\/td><td>Foglalkoztatott\/ Employee\/ Besch\u00e4ftigte(r)<\/td><td>Tag\/ Member\/ Mitglied<\/td><td>2024-01-01<\/td><td>2026-12-31<\/td><td><a href=\"https:\/\/semmelweis.hu\/jogigfoig\/files\/2024\/01\/126_2023.pdf\">Megb\u00edzat\u00e1si dokumentum\/ Mandate document\/ Mandatsdokument<\/a><\/td><\/tr><tr><td>Dr. Antal<\/td><td>Istv\u00e1n<\/td><td>Foglalkoztatott\/ Employee\/ Besch\u00e4ftigte(r)<\/td><td>Tag\/ Member\/ Mitglied<\/td><td>2024-01-01<\/td><td>2026-12-31<\/td><td><a href=\"https:\/\/semmelweis.hu\/jogigfoig\/files\/2024\/01\/126_2023.pdf\">Megb\u00edzat\u00e1si dokumentum\/ Mandate document\/ Mandatsdokument<\/a><\/td><\/tr><tr><td>Dr. Feith<\/td><td>Helga Judit <\/td><td>Foglalkoztatott\/ Employee\/ Besch\u00e4ftigte(r)<\/td><td>Tag\/ Member\/ Mitglied<\/td><td>2024-01-01<\/td><td>2026-12-31<\/td><td><a href=\"https:\/\/semmelweis.hu\/jogigfoig\/files\/2024\/01\/126_2023.pdf\">Megb\u00edzat\u00e1si dokumentum\/ Mandate document\/ Mandatsdokument<\/a><\/td><\/tr><tr><td>Dr. Linninger<\/td><td>Mercedes<\/td><td>Foglalkoztatott\/ Employee\/ Besch\u00e4ftigte(r)<\/td><td>Tag\/ Member\/ Mitglied<\/td><td>2024-01-01<\/td><td>2026-12-31<\/td><td><a href=\"https:\/\/semmelweis.hu\/jogigfoig\/files\/2024\/01\/126_2023.pdf\">Megb\u00edzat\u00e1si dokumentum\/ Mandate document\/ Mandatsdokument<\/a><\/td><\/tr><tr><td>Dr. Th\u00fcrmer<\/td><td>Andrea<\/td><td>Foglalkoztatott\/ Employee\/ Besch\u00e4ftigte(r)<\/td><td>Tag\/ Member\/ Mitglied<\/td><td>2024-01-01<\/td><td>2026-12-31<\/td><td><a href=\"https:\/\/semmelweis.hu\/jogigfoig\/files\/2024\/01\/126_2023.pdf\">Megb\u00edzat\u00e1si dokumentum\/ Mandate document\/ Mandatsdokument<\/a><\/td><\/tr><tr><td>Dr. Weltner<\/td><td>J\u00e1nos<\/td><td>Foglalkoztatott\/ Employee\/ Besch\u00e4ftigte(r)<\/td><td>Tag\/ Member\/ Mitglied<\/td><td>2024-02-01<\/td><td>2026-12-31<\/td><td><a href=\"https:\/\/semmelweis.hu\/jogigfoig\/files\/2024\/01\/126_2023.pdf\">Megb\u00edzat\u00e1si dokumentum\/ Mandate document\/ Mandatsdokument<\/a><\/td><\/tr><tr><td>Dr. K\u00e1llai-Szab\u00f3<\/td><td>Nikolett<\/td><td>Foglalkoztatott\/ Employee\/ Besch\u00e4ftigte(r)<\/td><td>Tag\/ Member\/ Mitglied<\/td><td>2024-01-01<\/td><td>2026-12-31<\/td><td><a href=\"https:\/\/semmelweis.hu\/jogigfoig\/files\/2024\/01\/126_2023.pdf\">Megb\u00edzat\u00e1si dokumentum\/ Mandate document\/ Mandatsdokument<\/a><\/td><\/tr><tr><td>Dr. Portik-Bakai<\/td><td>Dalma<\/td><td>Foglalkoztatott\/ Employee\/ Besch\u00e4ftigte(r)<\/td><td>Tag\/ Member\/ Mitglied<\/td><td>2024-01-01<\/td><td>2026-12-31<\/td><td><a href=\"https:\/\/semmelweis.hu\/jogigfoig\/files\/2024\/01\/126_2023.pdf\">Megb\u00edzat\u00e1si dokumentum\/ Mandate document\/ Mandatsdokument<\/a><\/td><\/tr><tr><td>Dr. M\u00f3zes<\/td><td>Ad\u00e9l<\/td><td>Hallgat\u00f3i jogviszony\/ Student status\/ Studierendenrechtsverh\u00e4ltni<\/td><td>Tag\/ Member\/ Mitglied<\/td><td>2024-02-29<\/td><td>2026-12-31<\/td><td><a href=\"https:\/\/semmelweis.hu\/jogigfoig\/files\/2024\/03\/15_2024_allando-bizottsagok-doktorandusz-hallgatok_.pdf?_gl=1*1n46vsl*_up*MQ..*_ga*MTMyNTAxMTUwNi4xNzA5ODk3MzQ2*_ga_5B3MMKXDLW*MTcwOTg5NzM0NS4xLjEuMTcwOTg5NzQxMC4wLjAuMA..\">Megb\u00edzat\u00e1si dokumentum\/ Mandate document\/ Mandatsdokument<\/a><\/td><\/tr><tr><td>Nagy<\/td><td>Imre Rich\u00e1rd<\/td><td>Hallgat\u00f3i jogviszony\/ Student status\/ Studierendenrechtsverh\u00e4ltni<\/td><td>Tag\/ Member\/ Mitglied<\/td><td>2025-06-26<\/td><td>2026-12-31<\/td><td><a href=\"https:\/\/semmelweis.hu\/jogigfoig\/files\/2025\/07\/61_2025_allando-bizottsagok-hallgatoi-tagsagai.pdf\">Megb\u00edzat\u00e1si dokumentum\/ Mandate document\/ Mandatsdokument<\/a><\/td><\/tr><tr><td>Mikl\u00f3s<\/td><td>Ren\u00e1ta Dalma<\/td><td>Hallgat\u00f3i jogviszony\/ Student status\/ Studierendenrechtsverh\u00e4ltni<\/td><td>Tag\/ Member\/ Mitglied<\/td><td>2025-06-26<\/td><td>2026-12-31<\/td><td><a href=\"https:\/\/semmelweis.hu\/jogigfoig\/files\/2025\/07\/61_2025_allando-bizottsagok-hallgatoi-tagsagai.pdf\">Megb\u00edzat\u00e1si dokumentum\/ Mandate document\/ Mandatsdokument<\/a><\/td><\/tr><tr><td>Sz\u00fcr\u00f6s<\/td><td>M\u00e1t\u00e9<\/td><td>Hallgat\u00f3i jogviszony\/ Student status\/ Studierendenrechtsverh\u00e4ltni<\/td><td>Tag\/ Member\/ Mitglied<\/td><td>2025-06-26<\/td><td>2026-12-31<\/td><td><a href=\"https:\/\/semmelweis.hu\/jogigfoig\/files\/2025\/07\/61_2025_allando-bizottsagok-hallgatoi-tagsagai.pdf\">Megb\u00edzat\u00e1si dokumentum\/ Mandate document\/ Mandatsdokument<\/a><\/td><\/tr>        \r\n        \r\n        <\/tbody>\r\n        <\/table>\r\n        <\/div>\r\n\r\n    <div id=\"archivTagokContainer\" style=\"overflow:auto;\">\r\n            <div class=\"exp-col-content-holder\" style=\"border: none;\">\r\n        <p>Arch\u00edv<\/p>\r\n        <div class=\"hidden-content\" style=\"display: block;\">\r\n                <table>\r\n            <thead style=\"text-align:center;\">\r\n                <th>Vezet\u00e9kn\u00e9v<\/th><th>Ut\u00f3n\u00e9v<\/th><th>Megb\u00edzat\u00e1s alapja<\/th><th>Megb\u00edzat\u00e1s t\u00edpusa<\/th><th>Megb\u00edzat\u00e1s kezdete<\/th><th>Megb\u00edzat\u00e1s v\u00e9ge<\/th><th>Megb\u00edzat\u00e1si dokumentum<\/th><th>Megsz\u0171n\u00e9s oka<\/th><th>Megsz\u0171n\u00e9s d\u00e1tuma<\/th>            <\/thead>\r\n            <tbody>\r\n            <tr><td>Dr. V\u00f6lgyi <\/td><td>Gergely<\/td><td>Foglalkoztatott\/ Employee\/ Besch\u00e4ftigte(r)<\/td><td>Tag\/ Member\/ Mitglied<\/td><td>2021-01-01<\/td><td>2023-12-31<\/td><td><a href=\"https:\/\/semmelweis.hu\/jogigfoig\/files\/2017\/12\/153_2017.XII_.14.-sz.-hat.-egyetemi-bizotts%C3%A1gok-meg%C3%BAj%C3%ADt%C3%A1sa.pdf\">Megb\u00edzat\u00e1si dokumentum\/ Mandate document\/ Mandatsdokument<\/a><\/td><td>Megb\u00edzat\u00e1s lej\u00e1rta<\/td><td>2023-12-31<\/td><\/tr><tr><td>Dr. P\u00e1sztorn\u00e9 Dr. Tass<\/td><td>Ildik\u00f3<\/td><td>Foglalkoztatott\/ Employee\/ Besch\u00e4ftigte(r)<\/td><td>Tag\/ Member\/ Mitglied<\/td><td>2021-01-01<\/td><td>2023-12-31<\/td><td><a href=\"https:\/\/semmelweis.hu\/jogigfoig\/files\/2020\/12\/212_2020_%C3%A1lland%C3%B3-bizotts%C3%A1gok-1.pdf\">Megb\u00edzat\u00e1si dokumentum\/ Mandate document\/ Mandatsdokument<\/a><\/td><td>Megb\u00edzat\u00e1s lej\u00e1rta<\/td><td>2023-12-31<\/td><\/tr><tr><td>Dr. Mar\u00e1czi<\/td><td>Ferenc<\/td><td>Foglalkoztatott\/ Employee\/ Besch\u00e4ftigte(r)<\/td><td>Tag\/ Member\/ Mitglied<\/td><td>2018-01-01<\/td><td>2023-12-31<\/td><td><a href=\"https:\/\/semmelweis.hu\/jogigfoig\/files\/2020\/12\/212_2020_%C3%A1lland%C3%B3-bizotts%C3%A1gok-1.pdf\">Megb\u00edzat\u00e1si dokumentum\/ Mandate document\/ Mandatsdokument<\/a><\/td><td>Megb\u00edzat\u00e1s lej\u00e1rta<\/td><td>2023-12-31<\/td><\/tr><tr><td>Szab\u00f3<\/td><td>Cintia Alexandra<\/td><td>Hallgat\u00f3i jogviszony\/ Student status\/ Studierendenrechtsverh\u00e4ltnis<\/td><td>Tag\/ Member\/ Mitglied<\/td><td>2018-05-04<\/td><td>2020-12-31<\/td><td><a href=\"https:\/\/semmelweis.hu\/jogigfoig\/files\/2018\/05\/41_IV.26._2018_bizotts_hallgat%C3%B3i-k%C3%A9pviselet.pdf\">Megb\u00edzat\u00e1si dokumentum\/ Mandate document\/ Mandatsdokument<\/a><\/td><td>Megb\u00edzat\u00e1s lej\u00e1rta<\/td><td>2020-12-31<\/td><\/tr><tr><td>Simon<\/td><td>Eszter<\/td><td>Hallgat\u00f3i jogviszony\/ Student status\/ Studierendenrechtsverh\u00e4ltnis<\/td><td>Tag\/ Member\/ Mitglied<\/td><td>2019-03-28<\/td><td>2020-12-31<\/td><td><a href=\"https:\/\/semmelweis.hu\/jogigfoig\/files\/2019\/04\/33_2019_III_28_allando-bizottsagok-tagok.pdf\">Megb\u00edzat\u00e1si dokumentum\/ Mandate document\/ Mandatsdokument<\/a><\/td><td>Egy\u00e9b megsz\u0171n\u00e9si ok<\/td><td>2020-12-31<\/td><\/tr><tr><td>Dr. Kov\u00e1cs<\/td><td>Alexandra<\/td><td>Hallgat\u00f3i jogviszony\/ Student status\/ Studierendenrechtsverh\u00e4ltnis<\/td><td>Tag\/ Member\/ Mitglied<\/td><td>2020-06-05<\/td><td>2023-12-31<\/td><td><a href=\"https:\/\/semmelweis.hu\/jogigfoig\/files\/2020\/12\/212_2020_%C3%A1lland%C3%B3-bizotts%C3%A1gok-1.pdf\">Megb\u00edzat\u00e1si dokumentum\/ Mandate document\/ Mandatsdokument<\/a><\/td><td>Egy\u00e9b megsz\u0171n\u00e9si ok<\/td><td>2022-12-01<\/td><\/tr><tr><td>Tak\u00e1cs<\/td><td>F\u00e9lix<\/td><td>Hallgat\u00f3i jogviszony\/ Student status\/ Studierendenrechtsverh\u00e4ltnis<\/td><td>Tag\/ Member\/ Mitglied<\/td><td>2021-01-01<\/td><td>2023-12-31<\/td><td><a href=\"https:\/\/semmelweis.hu\/jogigfoig\/files\/2020\/12\/212_2020_%C3%A1lland%C3%B3-bizotts%C3%A1gok-1.pdf\">Megb\u00edzat\u00e1si dokumentum\/ Mandate document\/ Mandatsdokument<\/a><\/td><td>Egy\u00e9b megsz\u0171n\u00e9si ok<\/td><td>2023-06-28<\/td><\/tr><tr><td>Tripolszky<\/td><td>B\u00e1lint<\/td><td>Hallgat\u00f3i jogviszony\/ Student status\/ Studierendenrechtsverh\u00e4ltnis<\/td><td>Tag\/ Member\/ Mitglied<\/td><td>2020-01-01<\/td><td>2023-12-31<\/td><td><a href=\"https:\/\/semmelweis.hu\/jogigfoig\/files\/2020\/12\/212_2020_%C3%A1lland%C3%B3-bizotts%C3%A1gok-1.pdf\">Megb\u00edzat\u00e1si dokumentum\/ Mandate document\/ Mandatsdokument<\/a><\/td><td>Egy\u00e9b megsz\u0171n\u00e9si ok<\/td><td>2023-06-28<\/td><\/tr><tr><td>Gecsey<\/td><td>R\u00e9ka Csenge <\/td><td>Hallgat\u00f3i jogviszony\/ Student status\/ Studierendenrechtsverh\u00e4ltnis<\/td><td>Tag\/ Member\/ Mitglied<\/td><td>2024-01-01<\/td><td>2026-12-31<\/td><td><a href=\"https:\/\/semmelweis.hu\/jogigfoig\/files\/2024\/01\/126_2023.pdf\">Megb\u00edzat\u00e1si dokumentum\/ Mandate document\/ Mandatsdokument<\/a><\/td><td>Egy\u00e9b megsz\u0171n\u00e9si ok<\/td><td>2025-06-25<\/td><\/tr><tr><td>Nyir\u00e1dy<\/td><td>Loretta Enik\u0151<\/td><td>Hallgat\u00f3i jogviszony\/ Student status\/ Studierendenrechtsverh\u00e4ltnis<\/td><td>Tag\/ Member\/ Mitglied<\/td><td>2024-01-01<\/td><td>2023-12-31<\/td><td><a href=\"https:\/\/semmelweis.hu\/jogigfoig\/files\/2024\/01\/126_2023.pdf\">Megb\u00edzat\u00e1si dokumentum\/ Mandate document\/ Mandatsdokument<\/a><\/td><td>Egy\u00e9b megsz\u0171n\u00e9si ok<\/td><td>2025-06-25<\/td><\/tr><tr><td>Keskeny<\/td><td>Gy\u00f6rgy \u00c1rp\u00e1d<\/td><td>Hallgat\u00f3i jogviszony\/ Student status\/ Studierendenrechtsverh\u00e4ltnis<\/td><td>Tag\/ Member\/ Mitglied<\/td><td>2023-06-29<\/td><td>2023-12-31<\/td><td><a href=\"https:\/\/semmelweis.hu\/jogigfoig\/files\/2023\/07\/62_2023_egyetemi-hataskoru-bizottsagok.pdf\">Megb\u00edzat\u00e1si dokumentum\/ Mandate document\/ Mandatsdokument<\/a><\/td><td>Megb\u00edzat\u00e1s lej\u00e1rta<\/td><td>2023-12-31<\/td><\/tr><tr><td>Dr. Csirz\u00f3<\/td><td>\u00c1d\u00e1m<\/td><td>Hallgat\u00f3i jogviszony\/ Student status\/ Studierendenrechtsverh\u00e4ltnis<\/td><td>Tag\/ Member\/ Mitglied<\/td><td>2022-12-02<\/td><td>2023-12-31<\/td><td><a href=\"https:\/\/semmelweis.hu\/jogigfoig\/files\/2022\/12\/99_2022_allando-bizottsagok-doktorandusz-hallgatok.pdf\">Megb\u00edzat\u00e1si dokumentum\/ Mandate document\/ Mandatsdokument<\/a><\/td><td>Megb\u00edzat\u00e1s lej\u00e1rta<\/td><td>2023-12-31<\/td><\/tr><tr><td>Bak\u00f3<\/td><td>Benedek<\/td><td>Hallgat\u00f3i jogviszony\/ Student status\/ Studierendenrechtsverh\u00e4ltni<\/td><td>Tag\/ Member\/ Mitglied<\/td><td>2024-01-01<\/td><td>2026-12-31<\/td><td><a href=\"https:\/\/semmelweis.hu\/jogigfoig\/files\/2024\/01\/126_2023.pdf\">Megb\u00edzat\u00e1si dokumentum\/ Mandate document\/ Mandatsdokument<\/a><\/td><td>Egy\u00e9b megsz\u0171n\u00e9si ok<\/td><td>2025-06-25<\/td><\/tr>            <\/tbody>\r\n            <\/table>\r\n        <\/div>\r\n        <\/div>\r\n    <\/div>\r\n    <\/div>\r\n    <\/div>\n<div>\u00a0<\/div>\n<input type=\"hidden\" name=\"biz\" id=\"biz\" value=\"EGYETEMI ETIKAI BIZOTTS\u00c1G\"><div id=\"message\"><\/div><div id=\"nameContainer\"><select name=\"ppl\" id=\"ppl\"><option value=\"dummy\"><\/option><option value=\"0\"  st=\"1606865079.1450\" id=\"0_nev\">Dr. Nyir\u00e1dy<\/option><option value=\"1\"  st=\"1606865208.1874\" id=\"1_nev\">Dr. D\u00f3sa<\/option><option value=\"2\"  st=\"1606865332.9647\" id=\"2_nev\">Dr. L\u00e1m<\/option><option value=\"3\"  st=\"1606865439.7321\" id=\"3_nev\">Dr. Antal<\/option><option value=\"4\"  st=\"1606865528.8175\" id=\"4_nev\">Dr. Feith<\/option><option value=\"5\"  st=\"1606865614.3049\" id=\"5_nev\">Dr. V\u00f6lgyi <\/option><option value=\"6\"  st=\"1606865675.1460\" id=\"6_nev\">Dr. Linninger<\/option><option value=\"7\"  st=\"1606865741.5910\" id=\"7_nev\">Dr. P\u00e1sztorn\u00e9 Dr. Tass<\/option><option value=\"8\"  st=\"1606865812.5919\" id=\"8_nev\">Dr. Mar\u00e1czi<\/option><option value=\"9\"  st=\"1606865887.7379\" id=\"9_nev\">Dr. Th\u00fcrmer<\/option><option value=\"10\"  st=\"1606865978.9976\" id=\"10_nev\">Szab\u00f3<\/option><option value=\"11\"  st=\"1606866081.1685\" id=\"11_nev\">Simon<\/option><option value=\"12\"  st=\"1606866190.8301\" id=\"12_nev\">Dr. Kov\u00e1cs<\/option><option value=\"13\"  st=\"1609689571.5575\" id=\"13_nev\">Tak\u00e1cs<\/option><option value=\"14\"  st=\"1609689663.0480\" id=\"14_nev\">Tripolszky<\/option><option value=\"15\"  st=\"1654607066.7460\" id=\"15_nev\">Dr. Weltner<\/option><option value=\"16\"  st=\"1690194096.2649\" id=\"16_nev\">Gecsey<\/option><option value=\"17\"  st=\"1690194390.5997\" id=\"17_nev\">Nyir\u00e1dy<\/option><option value=\"18\"  st=\"1690194452.4543\" id=\"18_nev\">Keskeny<\/option><option value=\"19\"  st=\"1690194558.5916\" id=\"19_nev\">Dr. Csirz\u00f3<\/option><option value=\"20\"  st=\"1706869699.8270\" id=\"20_nev\">Dr. K\u00e1llai-Szab\u00f3<\/option><option value=\"21\"  st=\"1706869831.9003\" id=\"21_nev\">Dr. Portik-Bakai<\/option><option value=\"22\"  st=\"1706869882.9307\" id=\"22_nev\">Bak\u00f3<\/option><option value=\"23\"  st=\"1709892962.1749\" id=\"23_nev\">Dr. M\u00f3zes<\/option><option value=\"24\"  st=\"1772545078.7492\" id=\"24_nev\">Nagy<\/option><option value=\"25\"  st=\"1772545144.2566\" id=\"25_nev\">Mikl\u00f3s<\/option><option value=\"26\"  st=\"1772545206.0448\" id=\"26_nev\">Sz\u00fcr\u00f6s<\/option><\/select><button id=\"load\">Adatok friss\u00edt\u00e9se<\/button><button class=\"button\" id=\"order\">Sorrend ellen\u0151rz\u00e9se<\/button><\/div>\n\n<div class=\"wpcf7 no-js\" id=\"wpcf7-f299-o1\" lang=\"hu-HU\" dir=\"ltr\" data-wpcf7-id=\"299\">\n<div class=\"screen-reader-response\"><p role=\"status\" aria-live=\"polite\" aria-atomic=\"true\"><\/p> <ul><\/ul><\/div>\n<form action=\"\/bizottsagok\/wp-json\/wp\/v2\/pages\/145#wpcf7-f299-o1\" method=\"post\" class=\"wpcf7-form init\" aria-label=\"Kapcsolatfelv\u00e9teli \u0171rlap\" novalidate=\"novalidate\" data-status=\"init\">\n<div style=\"display: none;\">\n<input type=\"hidden\" name=\"_wpcf7\" value=\"299\" \/>\n<input type=\"hidden\" name=\"_wpcf7_version\" value=\"6.0.5\" \/>\n<input type=\"hidden\" name=\"_wpcf7_locale\" value=\"hu_HU\" \/>\n<input type=\"hidden\" name=\"_wpcf7_unit_tag\" value=\"wpcf7-f299-o1\" \/>\n<input type=\"hidden\" name=\"_wpcf7_container_post\" value=\"0\" \/>\n<input type=\"hidden\" name=\"_wpcf7_posted_data_hash\" value=\"\" \/>\n<input type=\"hidden\" name=\"_wpcf7_recaptcha_response\" value=\"\" \/>\n<\/div>\n<p><label> Vezet\u00e9kn\u00e9v<br \/>\n<span class=\"wpcf7-form-control-wrap\" data-name=\"nev\"><input size=\"40\" maxlength=\"400\" class=\"wpcf7-form-control wpcf7-text wpcf7-validates-as-required\" id=\"nev\" aria-required=\"true\" aria-invalid=\"false\" value=\"\" type=\"text\" name=\"nev\" \/><\/span> <\/label>\n<\/p>\n<p><label> Ut\u00f3n\u00e9v<br \/>\n<span class=\"wpcf7-form-control-wrap\" data-name=\"nev2\"><input size=\"40\" maxlength=\"400\" class=\"wpcf7-form-control wpcf7-text wpcf7-validates-as-required\" id=\"nev2\" aria-required=\"true\" aria-invalid=\"false\" value=\"\" type=\"text\" name=\"nev2\" \/><\/span> <\/label>\n<\/p>\n<p><label> Megb\u00edzat\u00e1s alapja<br \/>\n<span class=\"wpcf7-form-control-wrap\" data-name=\"megbizatas_alapja\"><input size=\"40\" maxlength=\"400\" class=\"wpcf7-form-control wpcf7-text wpcf7-validates-as-required\" id=\"megbizatas_alapja\" aria-required=\"true\" aria-invalid=\"false\" value=\"\" type=\"text\" name=\"megbizatas_alapja\" \/><\/span> <\/label>\n<\/p>\n<p><label> Megb\u00edzat\u00e1s t\u00edpusa<br \/>\n<span class=\"wpcf7-form-control-wrap\" data-name=\"megbizatas_tipusa\"><input size=\"40\" maxlength=\"400\" class=\"wpcf7-form-control wpcf7-text wpcf7-validates-as-required\" id=\"megbizatas_tipusa\" aria-required=\"true\" aria-invalid=\"false\" value=\"\" type=\"text\" name=\"megbizatas_tipusa\" \/><\/span> <\/label>\n<\/p>\n<p><label>Megb\u00edzat\u00e1s kezdete<br \/>\n<span class=\"wpcf7-form-control-wrap\" data-name=\"date_start\"><input class=\"wpcf7-form-control wpcf7-date wpcf7-validates-as-required wpcf7-validates-as-date\" id=\"date_start\" aria-required=\"true\" aria-invalid=\"false\" value=\"\" type=\"date\" name=\"date_start\" \/><\/span><\/label>\n<\/p>\n<p><label> Megb\u00edzat\u00e1s v\u00e9ge<br \/>\n<span class=\"wpcf7-form-control-wrap\" data-name=\"date_end\"><input class=\"wpcf7-form-control wpcf7-date wpcf7-validates-as-required wpcf7-validates-as-date\" id=\"date_end\" aria-required=\"true\" aria-invalid=\"false\" value=\"\" type=\"date\" name=\"date_end\" \/><\/span><\/label>\n<\/p>\n<p><label> Hivatkoz\u00e1s c\u00edme<br \/>\n<span class=\"wpcf7-form-control-wrap\" data-name=\"link_cim\"><input size=\"40\" maxlength=\"400\" class=\"wpcf7-form-control wpcf7-url wpcf7-text wpcf7-validates-as-url\" id=\"link_cim\" aria-invalid=\"false\" placeholder=\"pl. https:\/\/semmelweis.hu\" value=\"\" type=\"url\" name=\"link_cim\" \/><\/span><\/label>\n<\/p>\n<p><label> Hivatkoz\u00e1s sz\u00f6vege<br \/>\n<span class=\"wpcf7-form-control-wrap\" data-name=\"link_nev\"><input size=\"40\" maxlength=\"400\" class=\"wpcf7-form-control wpcf7-text\" id=\"link_nev\" aria-invalid=\"false\" placeholder=\"A megjelen\u0151 sz\u00f6veg\" value=\"\" type=\"text\" name=\"link_nev\" \/><\/span><\/label>\n<\/p>\n<p><label> Megsz\u0171n\u00e9s oka<\/label><br \/>\n<span class=\"wpcf7-form-control-wrap\" data-name=\"megszunes_oka\"><select class=\"wpcf7-form-control wpcf7-select\" id=\"megszunes_oka\" aria-invalid=\"false\" name=\"megszunes_oka\"><option value=\"\">&#8212; K\u00e9rj\u00fck, v\u00e1lasszon egy opci\u00f3t &#8212;<\/option><option value=\"Megb\u00edzat\u00e1s lej\u00e1rta\">Megb\u00edzat\u00e1s lej\u00e1rta<\/option><option value=\"Egy\u00e9b megsz\u0171n\u00e9si ok\">Egy\u00e9b megsz\u0171n\u00e9si ok<\/option><\/select><\/span>\n<\/p>\n<p><label> Megsz\u0171n\u00e9s d\u00e1tuma<br \/>\n<span class=\"wpcf7-form-control-wrap\" data-name=\"megszunes_datuma\"><input class=\"wpcf7-form-control wpcf7-date wpcf7-validates-as-date\" id=\"megszunes_datuma\" aria-invalid=\"false\" value=\"\" type=\"date\" name=\"megszunes_datuma\" \/><\/span><\/label>\n<\/p>\n<p><label> \u00c1llapot<\/label><br \/>\n<span class=\"wpcf7-form-control-wrap\" data-name=\"allapot\"><span class=\"wpcf7-form-control wpcf7-radio\" id=\"allapot\"><span class=\"wpcf7-list-item first\"><input type=\"radio\" name=\"allapot\" value=\"akt\u00edv\" checked=\"checked\" \/><span class=\"wpcf7-list-item-label\">akt\u00edv<\/span><\/span><span class=\"wpcf7-list-item last\"><input type=\"radio\" name=\"allapot\" value=\"arch\u00edv\" \/><span class=\"wpcf7-list-item-label\">arch\u00edv<\/span><\/span><\/span><\/span>\n<\/p>\n<p><input class=\"wpcf7-form-control wpcf7-submit has-spinner\" type=\"submit\" value=\"\u00daj tag hozz\u00e1ad\u00e1sa\" \/>\n<\/p><div class=\"wpcf7-response-output\" aria-hidden=\"true\"><\/div>\n<\/form>\n<\/div>\n\n","protected":false},"excerpt":{"rendered":"<p>\u00a0<\/p>\n","protected":false},"author":101595,"featured_media":0,"parent":0,"menu_order":0,"comment_status":"closed","ping_status":"closed","template":"","meta":{"_acf_changed":false,"footnotes":""},"categories":[],"tags":[],"class_list":["post-145","page","type-page","status-publish","hentry"],"acf":[],"_links":{"self":[{"href":"https:\/\/semmelweis.hu\/bizottsagok\/wp-json\/wp\/v2\/pages\/145","targetHints":{"allow":["GET"]}}],"collection":[{"href":"https:\/\/semmelweis.hu\/bizottsagok\/wp-json\/wp\/v2\/pages"}],"about":[{"href":"https:\/\/semmelweis.hu\/bizottsagok\/wp-json\/wp\/v2\/types\/page"}],"author":[{"embeddable":true,"href":"https:\/\/semmelweis.hu\/bizottsagok\/wp-json\/wp\/v2\/users\/101595"}],"replies":[{"embeddable":true,"href":"https:\/\/semmelweis.hu\/bizottsagok\/wp-json\/wp\/v2\/comments?post=145"}],"version-history":[{"count":6,"href":"https:\/\/semmelweis.hu\/bizottsagok\/wp-json\/wp\/v2\/pages\/145\/revisions"}],"predecessor-version":[{"id":1456,"href":"https:\/\/semmelweis.hu\/bizottsagok\/wp-json\/wp\/v2\/pages\/145\/revisions\/1456"}],"wp:attachment":[{"href":"https:\/\/semmelweis.hu\/bizottsagok\/wp-json\/wp\/v2\/media?parent=145"}],"wp:term":[{"taxonomy":"category","embeddable":true,"href":"https:\/\/semmelweis.hu\/bizottsagok\/wp-json\/wp\/v2\/categories?post=145"},{"taxonomy":"post_tag","embeddable":true,"href":"https:\/\/semmelweis.hu\/bizottsagok\/wp-json\/wp\/v2\/tags?post=145"}],"curies":[{"name":"wp","href":"https:\/\/api.w.org\/{rel}","templated":true}]}}