{"id":124,"date":"2020-11-23T15:32:09","date_gmt":"2020-11-23T14:32:09","guid":{"rendered":"https:\/\/semmelweis.hu\/bizottsagok\/?page_id=124"},"modified":"2025-09-29T13:36:15","modified_gmt":"2025-09-29T11:36:15","slug":"semmelweis-egyetem-munkahelyi-es-allatjoleti-bizottsag-szerkeszto","status":"publish","type":"page","link":"https:\/\/semmelweis.hu\/bizottsagok\/allando-bizottsagok\/egyetem-egeszere-feladat-es-hataskorrel-rendelkezo-bizottsagok\/semmelweis-egyetem-munkahelyi-es-allatjoleti-bizottsag-szerkeszto\/","title":{"rendered":"SEMMELWEIS EGYETEM MUNKAHELYI \u00c1LLATJ\u00d3L\u00c9TI BIZOTTS\u00c1G"},"content":{"rendered":"<div class=\"responsive-tabs\">\n<h2 class=\"tabtitle\">Feladat- \u00e9s hat\u00e1sk\u00f6r<\/h2>\n<div class=\"tabcontent\">\n\n<ul>\n<li>az int\u00e9zm\u00e9ny \u00e1llatk\u00eds\u00e9rleti szab\u00e1lyzat\u00e1nak (etikai k\u00f3dex) el\u0151k\u00e9sz\u00edt\u00e9se,<\/li>\n<li>az \u00e1llatk\u00eds\u00e9rleti szab\u00e1lyzat v\u00e9grehajt\u00e1s\u00e1nak ellen\u0151rz\u00e9se,<\/li>\n<li>az \u00e1llatk\u00eds\u00e9rletek szakmai-etikai fel\u00fcgyelete,<\/li>\n<li>az \u00e1llatk\u00eds\u00e9rletekkel \u00f6sszef\u00fcgg\u0151 adatszolg\u00e1ltat\u00e1s biztos\u00edt\u00e1sa<\/li>\n<li>az \u00e1llatokkal foglalkoz\u00f3 \u00e9s az \u00e1llatk\u00eds\u00e9rletekre jogosult szem\u00e9lyek oktat\u00e1s\u00e1nak,<br \/>\nk\u00e9pz\u00e9s\u00e9nek megszervez\u00e9se.<\/li>\n<\/ul>\n\n<\/div><h2 class=\"tabtitle\">Tagjai<\/h2>\n<div class=\"tabcontent\">\n\n<p><em><strong>Kapcsolattart\u00f3: <\/strong><a href=\"https:\/\/semmelweis.hu\/telefonkonyv\/?emp_id=22849&amp;_gl=1*sa516m*_up*MQ..*_ga*MTc5ODI1MjcyLjE3MTA4MzQ4NDM.*_ga_5B3MMKXDLW*MTcxMDgzNDg0My4xLjEuMTcxMDgzNDg0Ny4wLjAuMA..\">Romanov Orsolya<\/a><\/em><\/p>\n<p><em><strong>Email:<\/strong><\/em> <a href=\"mailto:mab@semmelweis.hu\">mab@semmelweis.hu<\/a>\u00a0<\/p>\n    \r\n    <div id=\"peopleContainer\" style=\"text-align:center;\">\r\n    <input type=\"hidden\" name=\"cimkek\" id=\"cimkek\" value=\"Vezet\u00e9kn\u00e9v,Ut\u00f3n\u00e9v,Megb\u00edzat\u00e1s alapja,Megb\u00edzat\u00e1s t\u00edpusa,Megb\u00edzat\u00e1s kezdete,Megb\u00edzat\u00e1s v\u00e9ge,Megb\u00edzat\u00e1si dokumentum,Megsz\u0171n\u00e9s oka,Megsz\u0171n\u00e9s d\u00e1tuma\">\r\n    <input type=\"hidden\" name=\"kihagy_aktiv\" id=\"kihagy_aktiv\" value=\"Megsz\u0171n\u00e9s oka||megszunes_oka,Megsz\u0171n\u00e9s d\u00e1tuma||megszunes_datuma\">\r\n    <input type=\"hidden\" name=\"kihagy_archiv\" id=\"kihagy_archiv\" value=\"\">\r\n    <div id=\"aktivTagokContainer\" style=\"overflow:auto;\">\r\n        <table>\r\n        <thead style=\"text-align:center;\">\r\n            <th>Vezet\u00e9kn\u00e9v<\/th><th>Ut\u00f3n\u00e9v<\/th><th>Megb\u00edzat\u00e1s alapja<\/th><th>Megb\u00edzat\u00e1s t\u00edpusa<\/th><th>Megb\u00edzat\u00e1s kezdete<\/th><th>Megb\u00edzat\u00e1s v\u00e9ge<\/th><th>Megb\u00edzat\u00e1si dokumentum<\/th>        <\/thead>\r\n        <tbody>\r\n        <tr><td>Dr. Szab\u00f3 <\/td><td>Gy\u00f6rgyi<\/td><td>Foglalkoztatott\/ Employee\/ Besch\u00e4ftigte(r)<\/td><td>Eln\u00f6k\/ Chairperson\/ Vorsitzender<\/td><td>2023-09-25<\/td><td>2026-09-24<\/td><td><a href=\"https:\/\/semmelweis.hu\/jogigfoig\/files\/2023\/10\/80_2023_MAB-szemelyi-osszetetel.pdf\">Megb\u00edzat\u00e1si dokumentum\/ Mandate document\/ Mandatsdokument<\/a><\/td><\/tr><tr><td>Dr. Zachar <\/td><td>Gergely<\/td><td>Foglalkoztatott\/ Employee\/ Besch\u00e4ftigte(r)<\/td><td>Titk\u00e1r\/ Secretary\/ Sekret\u00e4r<\/td><td>2023-09-25<\/td><td>2026-09-24<\/td><td><a href=\"https:\/\/semmelweis.hu\/jogigfoig\/files\/2023\/10\/80_2023_MAB-szemelyi-osszetetel.pdf\">Megb\u00edzat\u00e1si dokumentum\/ Mandate document\/ Mandatsdokument<\/a><\/td><\/tr><tr><td>Dr. F\u00f6ldes <\/td><td>Anna<\/td><td>Foglalkoztatott\/ Employee\/ Besch\u00e4ftigte(r)<\/td><td>Tag\/ Member\/ Mitglied<\/td><td>2023-09-25<\/td><td>2026-09-24<\/td><td><a href=\"https:\/\/semmelweis.hu\/jogigfoig\/files\/2023\/10\/80_2023_MAB-szemelyi-osszetetel.pdf\">Megb\u00edzat\u00e1si dokumentum\/ Mandate document\/ Mandatsdokument<\/a><\/td><\/tr><tr><td>Dr. Kir\u00e1ly <\/td><td>Korn\u00e9l<\/td><td>Foglalkoztatott\/ Employee\/ Besch\u00e4ftigte(r)<\/td><td>Tag\/ Member\/ Mitglied<\/td><td>2023-09-25<\/td><td>2026-09-24<\/td><td><a href=\"https:\/\/semmelweis.hu\/jogigfoig\/files\/2023\/10\/80_2023_MAB-szemelyi-osszetetel.pdf\">Megb\u00edzat\u00e1si dokumentum\/ Mandate document\/ Mandatsdokument<\/a><\/td><\/tr><tr><td>Dr. Radovits <\/td><td>Tam\u00e1s <\/td><td>Foglalkoztatott\/ Employee\/ Besch\u00e4ftigte(r)<\/td><td>Tag\/ Member\/ Mitglied<\/td><td>2023-09-25<\/td><td>2026-09-24<\/td><td><a href=\"https:\/\/semmelweis.hu\/jogigfoig\/files\/2023\/10\/80_2023_MAB-szemelyi-osszetetel.pdf\">Megb\u00edzat\u00e1si dokumentum\/ Mandate document\/ Mandatsdokument<\/a><\/td><\/tr><tr><td>Dr. Hricis\u00e1k<\/td><td> L\u00e1szl\u00f3<\/td><td>Foglalkoztatott\/ Employee\/ Besch\u00e4ftigte(r)<\/td><td>Tag\/ Member\/ Mitglied<\/td><td>2023-09-25<\/td><td>2026-09-24<\/td><td><a href=\"https:\/\/semmelweis.hu\/jogigfoig\/files\/2023\/10\/80_2023_MAB-szemelyi-osszetetel.pdf\">Megb\u00edzat\u00e1si dokumentum\/ Mandate document\/ Mandatsdokument<\/a><\/td><\/tr><tr><td>Dr. Koncz <\/td><td>Szabolcs<\/td><td>Hallgat\u00f3i jogviszony\/ Student status\/ Studierendenrechtsverh\u00e4ltnis<\/td><td>Tag\/ Member\/ Mitglied<\/td><td>2023-09-25<\/td><td>2026-09-24<\/td><td><a href=\"https:\/\/semmelweis.hu\/jogigfoig\/files\/2023\/10\/80_2023_MAB-szemelyi-osszetetel.pdf\">Megb\u00edzat\u00e1si dokumentum\/ Mandate document\/ Mandatsdokument<\/a><\/td><\/tr><tr><td>Dr. Dezs\u0151 <\/td><td>Katalin<\/td><td>Foglalkoztatott\/ Employee\/ Besch\u00e4ftigte(r)<\/td><td>Tag\/ Member\/ Mitglied<\/td><td>2023-09-25<\/td><td>2026-09-24<\/td><td><a href=\"https:\/\/semmelweis.hu\/jogigfoig\/files\/2023\/10\/80_2023_MAB-szemelyi-osszetetel.pdf\">Megb\u00edzat\u00e1si dokumentum\/ Mandate document\/ Mandatsdokument<\/a><\/td><\/tr><tr><td>Dr. Csuk\u00e1s<\/td><td> Domokos<\/td><td>Foglalkoztatott\/ Employee\/ Besch\u00e4ftigte(r)<\/td><td>Tag\/ Member\/ Mitglied<\/td><td>2023-09-25<\/td><td>2026-09-24<\/td><td><a href=\"https:\/\/semmelweis.hu\/jogigfoig\/files\/2023\/10\/80_2023_MAB-szemelyi-osszetetel.pdf\">Megb\u00edzat\u00e1si dokumentum\/ Mandate document\/ Mandatsdokument<\/a><\/td><\/tr><tr><td>Dr. Cs\u00e9p\u00e1ny-K\u00f6mi<\/td><td>Roland<\/td><td>Foglalkoztatott\/ Employee\/ Besch\u00e4ftigte(r)<\/td><td>Tag\/ Member\/ Mitglied<\/td><td>2023-09-25<\/td><td>2026-09-24<\/td><td><a href=\"https:\/\/semmelweis.hu\/jogigfoig\/files\/2023\/10\/80_2023_MAB-szemelyi-osszetetel.pdf\">Megb\u00edzat\u00e1si dokumentum\/ Mandate document\/ Mandatsdokument<\/a><\/td><\/tr><tr><td>Dr. Sahin-T\u00f3th<\/td><td>Judit<\/td><td>Foglalkoztatott\/ Employee\/ Besch\u00e4ftigte(r)<\/td><td>Tag\/ Member\/ Mitglied<\/td><td>2023-09-25<\/td><td>2026-09-24<\/td><td><a href=\"https:\/\/semmelweis.hu\/jogigfoig\/files\/2023\/10\/80_2023_MAB-szemelyi-osszetetel.pdf\">Megb\u00edzat\u00e1si dokumentum\/ Mandate document\/ Mandatsdokument<\/a><\/td><\/tr><tr><td>Dr. Ze\u00f6ld<\/td><td>Anik\u00f3<\/td><td>Foglalkoztatott\/ Employee\/ Besch\u00e4ftigte(r)<\/td><td>Tag\/ Member\/ Mitglied<\/td><td>2023-09-25<\/td><td>2026-09-24<\/td><td><a href=\"https:\/\/semmelweis.hu\/jogigfoig\/files\/2023\/10\/80_2023_MAB-szemelyi-osszetetel.pdf\">Megb\u00edzat\u00e1si dokumentum\/ Mandate document\/ Mandatsdokument<\/a><\/td><\/tr><tr><td>Horv\u00e1th<\/td><td>Bal\u00e1zs<\/td><td>Foglalkoztatott\/ Employee\/ Besch\u00e4ftigte(r)<\/td><td>Tag\/ Member\/ Mitglied<\/td><td>2023-09-25<\/td><td>2026-09-24<\/td><td><a href=\"https:\/\/semmelweis.hu\/jogigfoig\/files\/2023\/10\/80_2023_MAB-szemelyi-osszetetel.pdf\">Megb\u00edzat\u00e1si dokumentum\/ Mandate document\/ Mandatsdokument<\/a><\/td><\/tr><tr><td>Kemecsei<\/td><td>\u00c9va<\/td><td>Hallgat\u00f3i jogviszony\/ Student status\/ Studierendenrechtsverh\u00e4ltnis<\/td><td>Tag\/ Member\/ Mitglied<\/td><td>2024-02-29<\/td><td>2026-09-24<\/td><td><a href=\"https:\/\/semmelweis.hu\/jogigfoig\/files\/2024\/03\/15_2024_allando-bizottsagok-doktorandusz-hallgatok_.pdf?_gl=1*1n46vsl*_up*MQ..*_ga*MTMyNTAxMTUwNi4xNzA5ODk3MzQ2*_ga_5B3MMKXDLW*MTcwOTg5NzM0NS4xLjEuMTcwOTg5NzQxMC4wLjAuMA..\">Megb\u00edzat\u00e1si dokumentum\/ Mandate document\/ Mandatsdokument<\/a><\/td><\/tr>        \r\n        \r\n        <\/tbody>\r\n        <\/table>\r\n        <\/div>\r\n\r\n    <div id=\"archivTagokContainer\" style=\"overflow:auto;\">\r\n            <div class=\"exp-col-content-holder\" style=\"border: none;\">\r\n        <a class=\"expand-cnt-link ecf_closed\" href=\"#\">Arch\u00edv<\/a>\r\n        <div class=\"hidden-content\" style=\"display: none;\">\r\n                <table>\r\n            <thead style=\"text-align:center;\">\r\n                <th>Vezet\u00e9kn\u00e9v<\/th><th>Ut\u00f3n\u00e9v<\/th><th>Megb\u00edzat\u00e1s alapja<\/th><th>Megb\u00edzat\u00e1s t\u00edpusa<\/th><th>Megb\u00edzat\u00e1s kezdete<\/th><th>Megb\u00edzat\u00e1s v\u00e9ge<\/th><th>Megb\u00edzat\u00e1si dokumentum<\/th><th>Megsz\u0171n\u00e9s oka<\/th><th>Megsz\u0171n\u00e9s d\u00e1tuma<\/th>            <\/thead>\r\n            <tbody>\r\n            <tr><td>Dr. Szab\u00f3 <\/td><td>D\u00f3ra<\/td><td>Foglalkoztatott\/ Employee\/ Besch\u00e4ftigte(r)<\/td><td>Tag\/ Member\/ Mitglied<\/td><td>2020-09-25<\/td><td>2023-09-24<\/td><td><a href=\"https:\/\/semmelweis.hu\/jogigfoig\/files\/2020\/10\/180_2020_M%C3%81B-tagok.pdf\">Megb\u00edzat\u00e1si dokumentum\/ Mandate document\/ Mandatsdokument<\/a><\/td><td>Egy\u00e9b megsz\u0171n\u00e9si ok<\/td><td>2021-02-25<\/td><\/tr><tr><td>Dr. Ocskay <\/td><td>Zsombor<\/td><td>Hallgat\u00f3i jogviszony\/ Student status\/ Studierendenrechtsverh\u00e4ltnis<\/td><td>Tag\/ Member\/ Mitglied<\/td><td>2021-02-25<\/td><td>2023-09-24<\/td><td><a href=\"https:\/\/semmelweis.hu\/jogigfoig\/files\/2021\/03\/10_2021_M%C3%81B-szem%C3%A9lyi-%C3%B6sszet%C3%A9tel.pdf\">Megb\u00edzat\u00e1si dokumentum\/ Mandate document\/ Mandatsdokument<\/a><\/td><td>Megb\u00edzat\u00e1s lej\u00e1rta<\/td><td>2023-09-24<\/td><\/tr><tr><td>Dr. Ostorh\u00e1zi <\/td><td>Eszter<\/td><td>Foglalkoztatott\/ Employee\/ Besch\u00e4ftigte(r)<\/td><td>Tag\/ Member\/ Mitglied<\/td><td>2020-09-25<\/td><td>2023-09-24<\/td><td><a href=\"https:\/\/semmelweis.hu\/jogigfoig\/files\/2020\/10\/180_2020_M%C3%81B-tagok.pdf\">Megb\u00edzat\u00e1si dokumentum\/ Mandate document\/ Mandatsdokument<\/a><\/td><td>Egy\u00e9b megsz\u0171n\u00e9si ok<\/td><td>2021-02-25<\/td><\/tr><tr><td>Dr. Lotz <\/td><td>G\u00e1bor<\/td><td>Foglalkoztatott\/ Employee\/ Besch\u00e4ftigte(r)<\/td><td>Tag\/ Member\/ Mitglied<\/td><td>2020-09-25<\/td><td>2023-09-24<\/td><td><a href=\"https:\/\/semmelweis.hu\/jogigfoig\/files\/2020\/10\/180_2020_M%C3%81B-tagok.pdf\">Megb\u00edzat\u00e1si dokumentum\/ Mandate document\/ Mandatsdokument<\/a><\/td><td>Megb\u00edzat\u00e1s lej\u00e1rta<\/td><td>2023-09-24<\/td><\/tr>            <\/tbody>\r\n            <\/table>\r\n        <\/div>\r\n        <\/div>\r\n    <\/div>\r\n    <\/div>\r\n    \n\n<\/div><h2 class=\"tabtitle\">\u00dcgyrend<\/h2>\n<div class=\"tabcontent\">\n\n<p><a href=\"https:\/\/semmelweis.hu\/bizottsagok\/files\/2021\/03\/11_2021_M\u00c1B-\u00fcgyrend.pdf\">A Szen\u00e1tus 11\/2021. (II.25.) sz\u00e1m\u00fa hat\u00e1rozata a Munkahelyi \u00c1llatj\u00f3l\u00e9ti Bizotts\u00e1g \u00fcgyrendj\u00e9nek m\u00f3dos\u00edt\u00e1s\u00e1r\u00f3l<\/a><\/p>\n<p><a href=\"https:\/\/semmelweis.hu\/bizottsagok\/files\/2021\/03\/Munkahelyi-\u00c1llatj\u00f3l\u00e9ti-Bizotts\u00e1g_\u00fcgyrend.pdf\">A Munkahelyi \u00c1llatj\u00f3l\u00e9ti Bizotts\u00e1g \u00fcgyrendje<\/a><\/p>\n\n<\/div><h2 class=\"tabtitle\">\u00c9ves besz\u00e1mol\u00f3<\/h2>\n<div class=\"tabcontent\">\n\n<p><a href=\"https:\/\/semmelweis.hu\/bizottsagok\/files\/2023\/03\/12_2023_az-Egyetem-egeszere-kiterjedo-hataskorrel-rendelkezo-allando-bizottsagok-munkajarol.pdf\" target=\"_blank\" rel=\"noopener\">A Semmelweis Egyetem Szen\u00e1tus\u00e1nak 12\/2023. (II. 9.) sz\u00e1m\u00fa hat\u00e1rozata a Szen\u00e1tus \u00e1ltal l\u00e9trehozott, az egyetem eg\u00e9sz\u00e9re kiterjed\u0151 hat\u00e1sk\u00f6rrel rendelkez\u0151 \u00e1lland\u00f3 bizotts\u00e1gok munk\u00e1j\u00e1r\u00f3l<\/a><\/p>\n<p><a href=\"https:\/\/semmelweis.hu\/bizottsagok\/files\/2023\/03\/Beszamolo_Munkahelyi-es-Allatjoleti-Bizottsag_2022.pdf\" target=\"_blank\" rel=\"noopener\">A Munkahelyi \u00c1llatj\u00f3l\u00e9ti Bizotts\u00e1g \u00e9ves besz\u00e1mol\u00f3ja \u2013 2022<\/a><\/p>\n<p><a href=\"https:\/\/semmelweis.hu\/bizottsagok\/files\/2023\/03\/Beszamolo_Munkahelyi-es-Allatjoleti-Bizottsag_2021.pdf\" target=\"_blank\" rel=\"noopener\">A Munkahelyi \u00c1llatj\u00f3l\u00e9ti Bizotts\u00e1g \u00e9ves besz\u00e1mol\u00f3ja \u2013 2021<\/a><\/p>\n<p><a href=\"https:\/\/semmelweis.hu\/bizottsagok\/files\/2021\/03\/M\u00c1B_\u00e9ves-besz\u00e1mol\u00f3_2020.pdf\" target=\"_blank\" rel=\"noopener\">A Munkahelyi \u00c1llatj\u00f3l\u00e9ti Bizotts\u00e1g \u00e9ves besz\u00e1mol\u00f3ja \u2013 2020<\/a><\/p>\n<p><a href=\"https:\/\/semmelweis.hu\/jogigfoig\/files\/2020\/03\/Besz%C3%A1mol%C3%B3_M%C3%81B.pdf\" target=\"_blank\" rel=\"noopener\">A Munkahelyi \u00c1llatj\u00f3l\u00e9ti Bizotts\u00e1g \u00e9ves besz\u00e1mol\u00f3ja \u2013 2019<\/a><\/p>\n<\/div><\/div>\n","protected":false},"excerpt":{"rendered":"<p>az int\u00e9zm\u00e9ny \u00e1llatk\u00eds\u00e9rleti szab\u00e1lyzat\u00e1nak (etikai k\u00f3dex) el\u0151k\u00e9sz\u00edt\u00e9se,<br \/>\naz \u00e1llatk\u00eds\u00e9rleti szab\u00e1lyzat v\u00e9grehajt\u00e1s\u00e1nak ellen\u0151rz\u00e9se,<br \/>\naz \u00e1llatk\u00eds\u00e9rletek szakmai-etikai fel\u00fcgyelete,<br \/>\naz \u00e1llatk\u00eds\u00e9rletekkel \u00f6sszef\u00fcgg\u0151 adatszolg\u00e1ltat\u00e1s biztos\u00edt\u00e1sa<br \/>\naz \u00e1llatokkal foglalkoz\u00f3 \u00e9s az \u00e1llatk\u00eds\u00e9rletekre jogosult szem\u00e9lyek oktat\u00e1s\u00e1nak,<br \/>\nk\u00e9pz\u00e9s\u00e9nek megszervez\u00e9se.<\/p>\n<p>Kapcsolattart\u00f3: <a href=\"https:\/\/semmelweis.hu\/telefonkonyv\/?emp_id=22849&amp;_gl=1*sa516m*_up*MQ..*_ga*MTc5ODI1MjcyLjE3MTA4MzQ4NDM.*_ga_5B3MMKXDLW*MTcxMDgzNDg0My4xLjEuMTcxMDgzNDg0Ny4wLjAuMA..\">Romanov Orsolya<\/a><br \/>\nEmail: <a href=\"mailto:mab@semmelweis.hu\">mab@semmelweis.hu<\/a>\u00a0<\/p>\n<p><a href=\"https:\/\/semmelweis.hu\/bizottsagok\/files\/2021\/03\/11_2021_M\u00c1B-\u00fcgyrend.pdf\">A Szen\u00e1tus 11\/2021. (II.25.) sz\u00e1m\u00fa hat\u00e1rozata a Munkahelyi \u00c1llatj\u00f3l\u00e9ti Bizotts\u00e1g \u00fcgyrendj\u00e9nek m\u00f3dos\u00edt\u00e1s\u00e1r\u00f3l<\/a><br \/>\n<a href=\"https:\/\/semmelweis.hu\/bizottsagok\/files\/2021\/03\/Munkahelyi-\u00c1llatj\u00f3l\u00e9ti-Bizotts\u00e1g_\u00fcgyrend.pdf\">A Munkahelyi \u00c1llatj\u00f3l\u00e9ti Bizotts\u00e1g \u00fcgyrendje<\/a><\/p>\n<p><a href=\"https:\/\/semmelweis.hu\/bizottsagok\/files\/2023\/03\/12_2023_az-Egyetem-egeszere-kiterjedo-hataskorrel-rendelkezo-allando-bizottsagok-munkajarol.pdf\" target=\"_blank\" rel=\"noopener\">A Semmelweis Egyetem Szen\u00e1tus\u00e1nak 12\/2023. (II. 9.) sz\u00e1m\u00fa hat\u00e1rozata a Szen\u00e1tus \u00e1ltal l\u00e9trehozott, az egyetem eg\u00e9sz\u00e9re kiterjed\u0151 hat\u00e1sk\u00f6rrel rendelkez\u0151 \u00e1lland\u00f3 bizotts\u00e1gok munk\u00e1j\u00e1r\u00f3l<\/a><br \/>\n<a href=\"https:\/\/semmelweis.hu\/bizottsagok\/files\/2023\/03\/Beszamolo_Munkahelyi-es-Allatjoleti-Bizottsag_2022.pdf\" target=\"_blank\" rel=\"noopener\">A Munkahelyi \u00c1llatj\u00f3l\u00e9ti Bizotts\u00e1g \u00e9ves besz\u00e1mol\u00f3ja \u2013 2022<\/a><br \/>\n<a href=\"https:\/\/semmelweis.hu\/bizottsagok\/files\/2023\/03\/Beszamolo_Munkahelyi-es-Allatjoleti-Bizottsag_2021.pdf\" target=\"_blank\" rel=\"noopener\">A Munkahelyi \u00c1llatj\u00f3l\u00e9ti Bizotts\u00e1g \u00e9ves besz\u00e1mol\u00f3ja \u2013 2021<\/a><br \/>\n<a href=\"https:\/\/semmelweis.hu\/bizottsagok\/files\/2021\/03\/M\u00c1B_\u00e9ves-besz\u00e1mol\u00f3_2020.pdf\" target=\"_blank\" rel=\"noopener\">A Munkahelyi \u00c1llatj\u00f3l\u00e9ti Bizotts\u00e1g \u00e9ves besz\u00e1mol\u00f3ja \u2013 2020<\/a><br \/>\n<a href=\"https:\/\/semmelweis.hu\/jogigfoig\/files\/2020\/03\/Besz%C3%A1mol%C3%B3_M%C3%81B.pdf\" target=\"_blank\" rel=\"noopener\">A Munkahelyi \u00c1llatj\u00f3l\u00e9ti Bizotts\u00e1g \u00e9ves besz\u00e1mol\u00f3ja \u2013 2019<\/a><\/p>\n","protected":false},"author":101595,"featured_media":0,"parent":834,"menu_order":0,"comment_status":"closed","ping_status":"closed","template":"template-fullwidth.php","meta":{"_acf_changed":false,"footnotes":""},"categories":[],"tags":[],"class_list":["post-124","page","type-page","status-publish","hentry"],"acf":[],"_links":{"self":[{"href":"https:\/\/semmelweis.hu\/bizottsagok\/wp-json\/wp\/v2\/pages\/124","targetHints":{"allow":["GET"]}}],"collection":[{"href":"https:\/\/semmelweis.hu\/bizottsagok\/wp-json\/wp\/v2\/pages"}],"about":[{"href":"https:\/\/semmelweis.hu\/bizottsagok\/wp-json\/wp\/v2\/types\/page"}],"author":[{"embeddable":true,"href":"https:\/\/semmelweis.hu\/bizottsagok\/wp-json\/wp\/v2\/users\/101595"}],"replies":[{"embeddable":true,"href":"https:\/\/semmelweis.hu\/bizottsagok\/wp-json\/wp\/v2\/comments?post=124"}],"version-history":[{"count":11,"href":"https:\/\/semmelweis.hu\/bizottsagok\/wp-json\/wp\/v2\/pages\/124\/revisions"}],"predecessor-version":[{"id":2627,"href":"https:\/\/semmelweis.hu\/bizottsagok\/wp-json\/wp\/v2\/pages\/124\/revisions\/2627"}],"up":[{"embeddable":true,"href":"https:\/\/semmelweis.hu\/bizottsagok\/wp-json\/wp\/v2\/pages\/834"}],"wp:attachment":[{"href":"https:\/\/semmelweis.hu\/bizottsagok\/wp-json\/wp\/v2\/media?parent=124"}],"wp:term":[{"taxonomy":"category","embeddable":true,"href":"https:\/\/semmelweis.hu\/bizottsagok\/wp-json\/wp\/v2\/categories?post=124"},{"taxonomy":"post_tag","embeddable":true,"href":"https:\/\/semmelweis.hu\/bizottsagok\/wp-json\/wp\/v2\/tags?post=124"}],"curies":[{"name":"wp","href":"https:\/\/api.w.org\/{rel}","templated":true}]}}