{"id":1089,"date":"2021-01-04T14:35:52","date_gmt":"2021-01-04T13:35:52","guid":{"rendered":"https:\/\/semmelweis.hu\/bizottsagok\/?page_id=1089"},"modified":"2023-03-16T13:02:37","modified_gmt":"2023-03-16T12:02:37","slug":"wissenschaftlicher-beirat-der-universitaet","status":"publish","type":"page","link":"https:\/\/semmelweis.hu\/bizottsagok\/de\/feste-kimissionen\/komissionen-mit-universitaetskompetenz\/wissenschaftlicher-beirat-der-universitaet\/","title":{"rendered":"WISSENSCHAFTLICHER BEIRAT DER UNIVERSIT\u00c4T"},"content":{"rendered":"<div class=\"responsive-tabs\">\n<h2 class=\"tabtitle\">Aufgaben und Zust\u00e4ndigkeit<\/h2>\n<div class=\"tabcontent\">\n\n<p>Im Interesse der Wahrnehmung der in der Organisations- und Betriebsordnung festgelegten Aufgaben:<\/p>\n<ul>\n<li>legt die Kommission Vorschl\u00e4ge zur allgemeinen Forschungs- und Entwicklungsstrategie und zu den Pr\u00e4ferenzen der Universit\u00e4t vor,<\/li>\n<li>legt die Kommission die allgemeinen Bewertungskriterien in Bezug auf das wissenschaftliche Forschungsgebiet der Universit\u00e4t fest,<\/li>\n<li>bewertet die Kommission die wissenschaftliche Leistung der Universit\u00e4t nach nationalen und internationalen Standards,<\/li>\n<li>sorgt die Kommission f\u00fcr die entsprechende Pr\u00e4sentation der an der Universit\u00e4t erzielten wissenschaftlichen Ergebnisse und \u00fcberwacht deren Ablauf,<\/li>\n<li>erarbeitet die Kommission eine Strategie zur Steigerung der Forschungsleistung der Universit\u00e4t und zur Erh\u00f6hung ihrer\u00a0Bekanntheit,<\/li>\n<li>gibt die Kommission Stellungnahmen zu Forschungsprojekten, Bewerbungen und zur Verwendung von Forschungsf\u00f6rderungsmitteln der Universit\u00e4t ab,<\/li>\n<li>beurteilt die Kommission die Bewerbungen um die auf Universit\u00e4tsebene zu bewertenden und vom Vizerektor f\u00fcr Wissenschaft und Innovation ausgeschriebenen Forschungsauftr\u00e4ge, sowie Pr\u00e4mien und Preise,<\/li>\n<li>bereitet die Kommission die Verleihung des von der Universit\u00e4t gestifteten Internationalen Semmelweis Budapest Awards, der Ignaz-Semmelweis-Medaille, der Vilma-Hugonnai-Medaille, der Tivadar- Huzella-Medaille, der Ern\u0151-Jendrassik-Medaille und der Preise vor,<\/li>\n<li>bereitet die Kommission im Rahmen ihrer in der Ordnung f\u00fcr das Semmelweis Symposium festgelegten Zust\u00e4ndigkeit die Beauftragung zur Durchf\u00fchrung des Semmelweis Symposiums vor,<\/li>\n<li>gibt die Kommission Stellungnahmen zu all den Fragen ab, in denen der Senat, der Rektor und\/oder der Kanzler eine Stellungnahme anfordert.<\/li>\n<\/ul>\n\n<\/div><h2 class=\"tabtitle\">Mitglieder<\/h2>\n<div class=\"tabcontent\">\n\n<p><strong><em>Ansprechpartner:<\/em><\/strong>\u00a0Dr. Csenge Sel\u00e9nyi<br \/>\n<strong><em>E-Mail:<\/em><\/strong>\u00a0<u><a href=\"mailto:selenyi.csenge@semmelweis-univ.hu\">selenyi.csenge@semmelweis-univ.hu<\/a><\/u><\/p>\n    \r\n    <div id=\"peopleContainer\" style=\"text-align:center;\">\r\n    <input type=\"hidden\" name=\"cimkek\" id=\"cimkek\" value=\"Nachname,Vorname,Grundlage des Mandats,Art des Mandats,Beginn des <br \/>\nMandats,Ende des Mandats,Mandatsdokument,Grund f\u00fcr das Erl\u00f6schen,Datum des <br \/>\nErl\u00f6schens\">\r\n    <input type=\"hidden\" name=\"kihagy_aktiv\" id=\"kihagy_aktiv\" value=\"Grund f\u00fcr das Erl\u00f6schen||megszunes_oka,Datum des <br \/>\nErl\u00f6schens||megszunes_datuma\">\r\n    <input type=\"hidden\" name=\"kihagy_archiv\" id=\"kihagy_archiv\" value=\"\">\r\n    <div id=\"aktivTagokContainer\" style=\"overflow:auto;\">\r\n        <table>\r\n        <thead style=\"text-align:center;\">\r\n            <th>Nachname<\/th><th>Vorname<\/th><th>Grundlage des Mandats<\/th><th>Art des Mandats<\/th><th>Beginn des <br \/>\nMandats<\/th><th>Ende des Mandats<\/th><th>Mandatsdokument<\/th>        <\/thead>\r\n        <tbody>\r\n        <tr><td>Dr. Ferdinandy <\/td><td>P\u00e9ter<\/td><td>Tudom\u00e1nyos \u00e9s innov\u00e1ci\u00f3s rektorhelyettes\/ Vice-Rector for Science and Innovation\/ Vizerektor f\u00fcr Wissenschaft und Innovation<\/td><td>Eln\u00f6k\/ Chairperson\/ Vorsitzender<\/td><td>2023-10-01<\/td><td>2026-09-30<\/td><td><a href=\"https:\/\/semmelweis.hu\/jogigfoig\/files\/2023\/10\/78_2023_ETT-szemelyi-osszetetel.pdf\">Megb\u00edzat\u00e1si dokumentum\/ Mandate document\/ Mandatsdokument<\/a><\/td><\/tr><tr><td>Dr. Ungv\u00e1ri<\/td><td> Zolt\u00e1n<\/td><td>Foglalkoztatott \/Employee \/ Besch\u00e4ftigte(r)<\/td><td>Tag\/ Member\/ Mitglied<\/td><td>2023-10-01<\/td><td>2026-09-30<\/td><td><a href=\"https:\/\/semmelweis.hu\/jogigfoig\/files\/2023\/10\/78_2023_ETT-szemelyi-osszetetel.pdf\">Megb\u00edzat\u00e1si dokumentum\/ Mandate document\/ Mandatsdokument<\/a><\/td><\/tr><tr><td>Dr. Pethesn\u00e9 D\u00e1vid<\/td><td> Be\u00e1ta<\/td><td>Foglalkoztatott\/ Employee\/ Besch\u00e4ftigte(r)<\/td><td>Tag\/ Member\/ Mitglied<\/td><td>2023-10-01<\/td><td>2026-09-30<\/td><td><a href=\"https:\/\/semmelweis.hu\/jogigfoig\/files\/2023\/10\/78_2023_ETT-szemelyi-osszetetel.pdf\">Megb\u00edzat\u00e1si dokumentum\/ Mandate document\/ Mandatsdokument<\/a><\/td><\/tr><tr><td>Dr. D\u00f6rnyei <\/td><td>Gabriella<\/td><td>Foglalkoztatott\/ Employee\/ Besch\u00e4ftigte(r)<\/td><td>Tag\/ Member\/ Mitglied<\/td><td>2023-10-01<\/td><td>2026-09-30<\/td><td><a href=\"https:\/\/semmelweis.hu\/jogigfoig\/files\/2023\/10\/78_2023_ETT-szemelyi-osszetetel.pdf\">Megb\u00edzat\u00e1si dokumentum\/ Mandate document\/ Mandatsdokument<\/a><\/td><\/tr><tr><td>Dr. T\u00fari <\/td><td>Ibolya<\/td><td>Foglalkoztatott\/ Employee\/ Besch\u00e4ftigte(r)<\/td><td>Tag\/ Member\/ Mitglied<\/td><td>2023-10-01<\/td><td>2026-09-30<\/td><td><a href=\"https:\/\/semmelweis.hu\/jogigfoig\/files\/2023\/10\/78_2023_ETT-szemelyi-osszetetel.pdf\">Megb\u00edzat\u00e1si dokumentum\/ Mandate document\/ Mandatsdokument<\/a><\/td><\/tr><tr><td>Dr. Beny\u00f3 <\/td><td>Zolt\u00e1n<\/td><td>Foglalkoztatott\/ Employee\/ Besch\u00e4ftigte(r)<\/td><td>Tag\/ Member\/ Mitglied<\/td><td>2023-10-01<\/td><td>2026-09-30<\/td><td><a href=\"https:\/\/semmelweis.hu\/jogigfoig\/files\/2023\/10\/78_2023_ETT-szemelyi-osszetetel.pdf\">Megb\u00edzat\u00e1si dokumentum\/ Mandate document\/ Mandatsdokument<\/a><\/td><\/tr><tr><td>Dr. Szij\u00e1rt\u00f3<\/td><td> Attila<\/td><td>Foglalkoztatott\/ Employee\/ Besch\u00e4ftigte(r)<\/td><td>Tag\/ Member\/ Mitglied<\/td><td>2023-10-01<\/td><td>2026-09-30<\/td><td><a href=\"https:\/\/semmelweis.hu\/jogigfoig\/files\/2023\/10\/78_2023_ETT-szemelyi-osszetetel.pdf\">Megb\u00edzat\u00e1si dokumentum\/ Mandate document\/ Mandatsdokument<\/a><\/td><\/tr><tr><td>Dr. Gy\u0151rffy <\/td><td>Bal\u00e1zs<\/td><td>Foglalkoztatott\/ Employee\/ Besch\u00e4ftigte(r)<\/td><td>Tag\/ Member\/ Mitglied<\/td><td>2023-10-01<\/td><td>2026-09-30<\/td><td><a href=\"https:\/\/semmelweis.hu\/jogigfoig\/files\/2023\/10\/78_2023_ETT-szemelyi-osszetetel.pdf\">Megb\u00edzat\u00e1si dokumentum\/ Mandate document\/ Mandatsdokument<\/a><\/td><\/tr><tr><td>Dr. Dob\u00f3 Nagy<\/td><td>Csaba<\/td><td>Foglalkoztatott\/ Employee\/ Besch\u00e4ftigte(r)<\/td><td>Tag\/ Member\/ Mitglied<\/td><td>2023-10-01<\/td><td>2026-09-30<\/td><td><a href=\"https:\/\/semmelweis.hu\/jogigfoig\/files\/2023\/10\/78_2023_ETT-szemelyi-osszetetel.pdf\">Megb\u00edzat\u00e1si dokumentum\/ Mandate document\/ Mandatsdokument<\/a><\/td><\/tr><tr><td>Dr. Lud\u00e1nyi<\/td><td>Krisztina<\/td><td>Foglalkoztatott\/ Employee\/ Besch\u00e4ftigte(r)<\/td><td>Tag\/ Member\/ Mitglied<\/td><td>2023-10-01<\/td><td>2026-09-30<\/td><td><a href=\"https:\/\/semmelweis.hu\/jogigfoig\/files\/2023\/10\/78_2023_ETT-szemelyi-osszetetel.pdf\">Megb\u00edzat\u00e1si dokumentum\/ Mandate document\/ Mandatsdokument<\/a><\/td><\/tr><tr><td>Dr. Hegyi<\/td><td>P\u00e9ter<\/td><td>Foglalkoztatott\/ Employee\/ Besch\u00e4ftigte(r)<\/td><td>Tag\/ Member\/ Mitglied<\/td><td>2023-10-01<\/td><td>2026-09-30<\/td><td><a href=\"https:\/\/semmelweis.hu\/jogigfoig\/files\/2023\/10\/78_2023_ETT-szemelyi-osszetetel.pdf\">Megb\u00edzat\u00e1si dokumentum\/ Mandate document\/ Mandatsdokument<\/a><\/td><\/tr><tr><td>Dr. Maurovich Horvat<\/td><td>P\u00e1l<\/td><td>Foglalkoztatott\/ Employee\/ Besch\u00e4ftigte(r)<\/td><td>Tag\/ Member\/ Mitglied<\/td><td>2024-08-29<\/td><td>2026-09-30<\/td><td><a href=\"https:\/\/semmelweis.hu\/jogigfoig\/files\/2024\/08\/70_2024_TT-osszetetel.pdf\">Megb\u00edzat\u00e1si dokumentum\/ Mandate document\/ Mandatsdokument<\/a><\/td><\/tr>        \r\n        \r\n        <\/tbody>\r\n        <\/table>\r\n        <\/div>\r\n\r\n    <div id=\"archivTagokContainer\" style=\"overflow:auto;\">\r\n            <div class=\"exp-col-content-holder\" style=\"border: none;\">\r\n        <a class=\"expand-cnt-link ecf_closed\" href=\"#\">Arch\u00edv<\/a>\r\n        <div class=\"hidden-content\" style=\"display: none;\">\r\n                <table>\r\n            <thead style=\"text-align:center;\">\r\n                <th>Nachname<\/th><th>Vorname<\/th><th>Grundlage des Mandats<\/th><th>Art des Mandats<\/th><th>Beginn des <br \/>\nMandats<\/th><th>Ende des Mandats<\/th><th>Mandatsdokument<\/th><th>Grund f\u00fcr das Erl\u00f6schen<\/th><th>Datum des <br \/>\nErl\u00f6schens<\/th>            <\/thead>\r\n            <tbody>\r\n            <tr><td>Dr. Varga <\/td><td>G\u00e1bor<\/td><td>Foglalkoztatott\/ Employee\/ Besch\u00e4ftigte(r)<\/td><td>Tag\/ Member\/ Mitglied<\/td><td>2020-10-01<\/td><td>2023-09-30<\/td><td><a href=\"https:\/\/semmelweis.hu\/jogigfoig\/files\/2020\/10\/179_2020_mell%C3%A9klet_Egyetemi-Tudom%C3%A1nyos-Tan%C3%A1cs-%C3%B6sszet%C3%A9tele.pdf\">Megb\u00edzat\u00e1si dokumentum\/ Mandate document\/ Mandatsdokument<\/a><\/td><td>Egy\u00e9b megsz\u0171n\u00e9si ok<\/td><td>2021-06-23<\/td><\/tr><tr><td>Dr. Bagdy <\/td><td>Gy\u00f6rgy<\/td><td>Foglalkoztatott\/ Employee\/ Besch\u00e4ftigte(r)<\/td><td>Tag\/ Member\/ Mitglied<\/td><td>2020-10-01<\/td><td>2023-09-30<\/td><td><a href=\"https:\/\/semmelweis.hu\/jogigfoig\/files\/2020\/10\/179_2020_mell%C3%A9klet_Egyetemi-Tudom%C3%A1nyos-Tan%C3%A1cs-%C3%B6sszet%C3%A9tele.pdf\">Megb\u00edzat\u00e1si dokumentum\/ Mandate document\/ Mandatsdokument<\/a><\/td><td>Megb\u00edzat\u00e1s lej\u00e1rta<\/td><td>2023-09-30<\/td><\/tr><tr><td>Dr. Szigeti <\/td><td>Gyula P\u00e9ter<\/td><td>Foglalkoztatott\/ Employee\/ Besch\u00e4ftigte(r)<\/td><td>Tag\/ Member\/ Mitglied<\/td><td>2020-10-01<\/td><td>2023-09-30<\/td><td><a href=\"https:\/\/semmelweis.hu\/jogigfoig\/files\/2020\/10\/179_2020_mell%C3%A9klet_Egyetemi-Tudom%C3%A1nyos-Tan%C3%A1cs-%C3%B6sszet%C3%A9tele.pdf\">Megb\u00edzat\u00e1si dokumentum\/ Mandate document\/ Mandatsdokument<\/a><\/td><td>Megb\u00edzat\u00e1s lej\u00e1rta<\/td><td>2023-09-30<\/td><\/tr><tr><td>Dr. M\u00fcller<\/td><td>Veronika<\/td><td>Foglalkoztatott\/ Employee\/ Besch\u00e4ftigte(r)<\/td><td>Tag\/ Member\/ Mitglied<\/td><td>2023-10-01<\/td><td>2026-09-30<\/td><td><a href=\"https:\/\/semmelweis.hu\/jogigfoig\/files\/2023\/10\/78_2023_ETT-szemelyi-osszetetel.pdf\">Megb\u00edzat\u00e1si dokumentum\/ Mandate document\/ Mandatsdokument<\/a><\/td><td>Egy\u00e9b megsz\u0171n\u00e9si ok<\/td><td>2026-08-28<\/td><\/tr>            <\/tbody>\r\n            <\/table>\r\n        <\/div>\r\n        <\/div>\r\n    <\/div>\r\n    <\/div>\r\n    \n\n<\/div><h2 class=\"tabtitle\">Gesch\u00e4ftsordnung<\/h2>\n<div class=\"tabcontent\">\n\n<p><a href=\"https:\/\/semmelweis.hu\/jogigfoig\/files\/2020\/10\/178_2020_mell%C3%A9klet_Bizotts%C3%A1gi-%C3%9Cgyrend.pdf\">Gesch\u00e4ftsordnung des Wissenschaftlichen Beirats der Universit\u00e4t<\/a><\/p>\n\n<\/div><h2 class=\"tabtitle\">Jahresbericht<\/h2>\n<div class=\"tabcontent\">\n\n<p><a href=\"https:\/\/semmelweis.hu\/bizottsagok\/files\/2023\/03\/12_2023_az-Egyetem-egeszere-kiterjedo-hataskorrel-rendelkezo-allando-bizottsagok-munkajarol.pdf\" target=\"_blank\" rel=\"noopener\">Beschluss Nr. 12\/2023 (II. 9.) des Senates der Semmelweis Universit\u00e4t \u00fcber die Annahme des Berichts \u00fcber die T\u00e4tigkeit der vom Senat eingesetzten st\u00e4ndigen gesamtuniversit\u00e4ren Kommissionen<\/a><\/p>\n<p><a href=\"https:\/\/semmelweis.hu\/bizottsagok\/files\/2023\/03\/Beszamolo_Egyetemi-Tudomanyos-Tanacs_2022.pdf\" target=\"_blank\" rel=\"noopener\">Jahresbericht 2022 des Wissenschaftlichen Beirats der Universit\u00e4t<\/a><\/p>\n<p><a href=\"https:\/\/semmelweis.hu\/bizottsagok\/files\/2023\/03\/Beszamolo_Egyetemi-Tudomanyos-Tanacs_2021.pdf\" target=\"_blank\" rel=\"noopener\">Jahresbericht 2021 des Wissenschaftlichen Beirats der Universit\u00e4t<\/a><\/p>\n<p><a href=\"https:\/\/semmelweis.hu\/bizottsagok\/files\/2021\/03\/ETT_\u00e9ves-besz\u00e1mol\u00f3_2020-2.pdf\">Jahresbericht 2020 des Wissenschaftlichen Beirats der Universit\u00e4t<\/a><\/p>\n<p><a href=\"https:\/\/semmelweis.hu\/jogigfoig\/files\/2020\/03\/ETT_2019_eves_beszamolo_20200203.pdf\">Jahresbericht 2019 des Wissenschaftlichen Beirats der Universit\u00e4t<\/a><\/p>\n<\/div><\/div>\n","protected":false},"excerpt":{"rendered":"<p>Im Interesse der Wahrnehmung der in der Organisations- und Betriebsordnung festgelegten Aufgaben: legt die Kommission Vorschl\u00e4ge zur allgemeinen Forschungs- und Entwicklungsstrategie und zu den Pr\u00e4ferenzen der Universit\u00e4t vor, legt die Kommission die allgemeinen Bewertungskriterien in Bezug auf das wissenschaftliche Forschungsgebiet der Universit\u00e4t fest, bewertet die Kommission die wissenschaftliche Leistung der Universit\u00e4t nach nationalen und internationalen &hellip;<\/p>\n","protected":false},"author":101595,"featured_media":0,"parent":1260,"menu_order":0,"comment_status":"closed","ping_status":"closed","template":"","meta":{"_acf_changed":false,"footnotes":""},"categories":[],"tags":[],"class_list":["post-1089","page","type-page","status-publish","hentry"],"acf":[],"_links":{"self":[{"href":"https:\/\/semmelweis.hu\/bizottsagok\/wp-json\/wp\/v2\/pages\/1089","targetHints":{"allow":["GET"]}}],"collection":[{"href":"https:\/\/semmelweis.hu\/bizottsagok\/wp-json\/wp\/v2\/pages"}],"about":[{"href":"https:\/\/semmelweis.hu\/bizottsagok\/wp-json\/wp\/v2\/types\/page"}],"author":[{"embeddable":true,"href":"https:\/\/semmelweis.hu\/bizottsagok\/wp-json\/wp\/v2\/users\/101595"}],"replies":[{"embeddable":true,"href":"https:\/\/semmelweis.hu\/bizottsagok\/wp-json\/wp\/v2\/comments?post=1089"}],"version-history":[{"count":7,"href":"https:\/\/semmelweis.hu\/bizottsagok\/wp-json\/wp\/v2\/pages\/1089\/revisions"}],"predecessor-version":[{"id":2311,"href":"https:\/\/semmelweis.hu\/bizottsagok\/wp-json\/wp\/v2\/pages\/1089\/revisions\/2311"}],"up":[{"embeddable":true,"href":"https:\/\/semmelweis.hu\/bizottsagok\/wp-json\/wp\/v2\/pages\/1260"}],"wp:attachment":[{"href":"https:\/\/semmelweis.hu\/bizottsagok\/wp-json\/wp\/v2\/media?parent=1089"}],"wp:term":[{"taxonomy":"category","embeddable":true,"href":"https:\/\/semmelweis.hu\/bizottsagok\/wp-json\/wp\/v2\/categories?post=1089"},{"taxonomy":"post_tag","embeddable":true,"href":"https:\/\/semmelweis.hu\/bizottsagok\/wp-json\/wp\/v2\/tags?post=1089"}],"curies":[{"name":"wp","href":"https:\/\/api.w.org\/{rel}","templated":true}]}}