{"id":1081,"date":"2021-01-04T14:31:33","date_gmt":"2021-01-04T13:31:33","guid":{"rendered":"https:\/\/semmelweis.hu\/bizottsagok\/?page_id=1081"},"modified":"2026-02-05T14:31:43","modified_gmt":"2026-02-05T13:31:43","slug":"studien-und-pruefungskommission-der-peto-andras-fakultaet-pak","status":"publish","type":"page","link":"https:\/\/semmelweis.hu\/bizottsagok\/de\/feste-kimissionen\/pak-komissionen\/studien-und-pruefungskommission-der-peto-andras-fakultaet-pak\/","title":{"rendered":"STUDIEN- UND PR\u00dcFUNGSKOMMISSION DER PAK"},"content":{"rendered":"<div class=\"responsive-tabs\">\n<h2 class=\"tabtitle\">Aufgaben und Zust\u00e4ndigkeit<\/h2>\n<div class=\"tabcontent\">\n\n<ul>\n<li>Genehmigung einer verg\u00fcnstigten Studienordnung,<\/li>\n<li>Erkl\u00e4rung eines bereits begonnenen Semesters nachtr\u00e4glich zum passiven Semester,<\/li>\n<li>Genehmigung von Antr\u00e4gen auf Zulassung zum\u00a0Doppelstudium oder auf Gasth\u00f6rerschaft,<\/li>\n<li>Genehmigung von Pr\u00fcfungen und Genehmigung von Pr\u00fcfungen au\u00dferhalb des Pr\u00fcfungszeitraums in besonders begr\u00fcndeten F\u00e4llen,<\/li>\n<li>Beurteilung von Billigkeitsantr\u00e4gen,<\/li>\n<li>Genehmigung von Antr\u00e4gen auf Fach-\/Studiengangwechsel oder Fakult\u00e4ts- bzw. Hochschulwechsel,<\/li>\n<li>sonstige Studienangelegenheiten,<\/li>\n<li>die Zust\u00e4ndigkeit der Kommission erstreckt sich ferner auf sonstige in den Rechtsvorschriften oder der Universit\u00e4ts- bzw. Fakult\u00e4tsordnung genannte Aufgaben.<\/li>\n<\/ul>\n<p>Jeder Studierender und Dozent kann \u00fcber das Studierenden-Service-Center, das Career Center oder den Leiter der Organisationseinheit Lehre bei der Kommission einen Rechtsbehelf einlegen, wenn die Angelegenheit seiner Meinung nach nicht entsprechend der Gesch\u00e4ftsordnung der Fakult\u00e4t bearbeitet wurde.<\/p>\n\n<\/div><h2 class=\"tabtitle\">Mitglieder<\/h2>\n<div class=\"tabcontent\">\n\n<p><strong><em>Ansprechpartner: <\/em><\/strong><br \/>\n<strong><em>E-Mail:\u00a0<\/em><\/strong><\/p>\n    \r\n    <div id=\"peopleContainer\" style=\"text-align:center;\">\r\n    <input type=\"hidden\" name=\"cimkek\" id=\"cimkek\" value=\"Nachname,Vorname,Grundlage des Mandats,Art des Mandats,Beginn des <br \/>\nMandats,Ende des Mandats,Mandatsdokument,Grund f\u00fcr das Erl\u00f6schen,Datum des <br \/>\nErl\u00f6schens\">\r\n    <input type=\"hidden\" name=\"kihagy_aktiv\" id=\"kihagy_aktiv\" value=\"Grund f\u00fcr das Erl\u00f6schen||megszunes_oka,Datum des <br \/>\nErl\u00f6schens||megszunes_datuma\">\r\n    <input type=\"hidden\" name=\"kihagy_archiv\" id=\"kihagy_archiv\" value=\"\">\r\n    <div id=\"aktivTagokContainer\" style=\"overflow:auto;\">\r\n        <table>\r\n        <thead style=\"text-align:center;\">\r\n            <th>Nachname<\/th><th>Vorname<\/th><th>Grundlage des Mandats<\/th><th>Art des Mandats<\/th><th>Beginn des <br \/>\nMandats<\/th><th>Ende des Mandats<\/th><th>Mandatsdokument<\/th>        <\/thead>\r\n        <tbody>\r\n        <tr><td>dr. Matos <\/td><td>L\u00e1szl\u00f3<\/td><td>Foglalkoztatott\/ Employee\/ Besch\u00e4ftigte(r)<\/td><td>Eln\u00f6k\/ Chairperson\/ Vorsitzender<\/td><td>2020-10-29<\/td><td>2023-10-28<\/td><td><a href=\"https:\/\/semmelweis.hu\/jogigfoig\/files\/2020\/11\/195_2020_Mell%C3%A9klet_tagok.pdf\">Megb\u00edzat\u00e1si dokumentum\/ Mandate document\/ Mandatsdokument<\/a><\/td><\/tr><tr><td>dr. T\u00fari<\/td><td>Ibolya<\/td><td>Foglalkoztatott\/ Employee\/ Besch\u00e4ftigte(r)<\/td><td>Tag\/ Member\/ Mitglied<\/td><td>2020-10-29<\/td><td>2020-10-28<\/td><td><a href=\"https:\/\/semmelweis.hu\/jogigfoig\/files\/2020\/11\/195_2020_Mell%C3%A9klet_tagok.pdf\">Megb\u00edzat\u00e1si dokumentum\/ Mandate document\/ Mandatsdokument<\/a><\/td><\/tr><tr><td>dr. Balogh<\/td><td> Emese Celeszta<\/td><td>Foglalkoztatott\/ Employee\/ Besch\u00e4ftigte(r)<\/td><td>Tag\/ Member\/ Mitglied<\/td><td>2020-10-29<\/td><td>2023-10-28<\/td><td><a href=\"https:\/\/semmelweis.hu\/jogigfoig\/files\/2020\/11\/195_2020_Mell%C3%A9klet_tagok.pdf\">Megb\u00edzat\u00e1si dokumentum\/ Mandate document\/ Mandatsdokument<\/a><\/td><\/tr><tr><td>S\u00e1ringern\u00e9 dr. Szil\u00e1rd <\/td><td>Zsuzsanna<\/td><td>Foglalkoztatott\/ Employee\/ Besch\u00e4ftigte(r)<\/td><td>Tag\/ Member\/ Mitglied<\/td><td>2020-10-29<\/td><td>2023-10-28<\/td><td><a href=\"https:\/\/semmelweis.hu\/jogigfoig\/files\/2020\/11\/195_2020_Mell%C3%A9klet_tagok.pdf\">Megb\u00edzat\u00e1si dokumentum\/ Mandate document\/ Mandatsdokument<\/a><\/td><\/tr><tr><td>Cs\u00f6pp\u00fc <\/td><td>Dominika<\/td><td>Hallgat\u00f3i jogviszony\/ Student status\/ Studierendenrechtsverh\u00e4ltnis<\/td><td>Tag\/ Member\/ Mitglied<\/td><td>2020-10-29<\/td><td>2023-10-28<\/td><td><a href=\"https:\/\/semmelweis.hu\/jogigfoig\/files\/2020\/11\/195_2020_Mell%C3%A9klet_tagok.pdf\">Megb\u00edzat\u00e1si dokumentum\/ Mandate document\/ Mandatsdokument<\/a><\/td><\/tr>        \r\n        \r\n        <\/tbody>\r\n        <\/table>\r\n        <\/div>\r\n\r\n    <div id=\"archivTagokContainer\" style=\"overflow:auto;\">\r\n            <div class=\"exp-col-content-holder\" style=\"border: none;\">\r\n        <a class=\"expand-cnt-link ecf_closed\" href=\"#\">Arch\u00edv<\/a>\r\n        <div class=\"hidden-content\" style=\"display: none;\">\r\n                <table>\r\n            <thead style=\"text-align:center;\">\r\n                <th>Nachname<\/th><th>Vorname<\/th><th>Grundlage des Mandats<\/th><th>Art des Mandats<\/th><th>Beginn des <br \/>\nMandats<\/th><th>Ende des Mandats<\/th><th>Mandatsdokument<\/th><th>Grund f\u00fcr das Erl\u00f6schen<\/th><th>Datum des <br \/>\nErl\u00f6schens<\/th>            <\/thead>\r\n            <tbody>\r\n                        <\/tbody>\r\n            <\/table>\r\n        <\/div>\r\n        <\/div>\r\n    <\/div>\r\n    <\/div>\r\n    \n\n<\/div><h2 class=\"tabtitle\">Gesch\u00e4ftsordnung<\/h2>\n<div class=\"tabcontent\">\n\n<p><u><a href=\"https:\/\/semmelweis.hu\/jogigfoig\/files\/2020\/08\/PAK_TVB.pdf\">Gesch\u00e4ftsordnung der Studien- und Pr\u00fcfungskommission der Pet\u0151 Andr\u00e1s Fakult\u00e4t<\/a><\/u><\/p>\n\n<\/div><h2 class=\"tabtitle\">Jahresbericht<\/h2>\n<div class=\"tabcontent\">\n\n<p><u><a href=\"https:\/\/semmelweis.hu\/jogigfoig\/files\/2020\/08\/TVB.pdf\">Jahresbericht 2019 der Studien- und Pr\u00fcfungskommission der Pet\u0151 Andr\u00e1s Fakult\u00e4t<\/a><\/u><\/p>\n<p><u><a href=\"https:\/\/semmelweis.hu\/jogigfoig\/files\/2020\/05\/68_2020_Besz%C3%A1mol%C3%B3-a-kari-bizotts%C3%A1gok-munk%C3%A1j%C3%A1r%C3%B3l.pdf\">Beschluss Nr. 68\/2020 (V.5.) des Senates der Semmelweis Universit\u00e4t Bericht \u00fcber die T\u00e4tigkeit der vom Senat eingesetzten st\u00e4ndigen Fakult\u00e4tskommissionen <em>(Studien- und Pr\u00fcfungskommission, Anrechnungskommission, Ethik- und Disziplinarkommission, in Bezug auf die Pet\u0151 Andr\u00e1s Fakult\u00e4t zwei weitere Kommissionen die Kommission Praxisausbildung und die Publikations- und Bibliothekskommission)<\/em><\/a><\/u><\/p>\n<\/div><\/div>\n","protected":false},"excerpt":{"rendered":"<p>Genehmigung einer verg\u00fcnstigten Studienordnung, Erkl\u00e4rung eines bereits begonnenen Semesters nachtr\u00e4glich zum passiven Semester, Genehmigung von Antr\u00e4gen auf Zulassung zum\u00a0Doppelstudium oder auf Gasth\u00f6rerschaft, Genehmigung von Pr\u00fcfungen und Genehmigung von Pr\u00fcfungen au\u00dferhalb des Pr\u00fcfungszeitraums in besonders begr\u00fcndeten F\u00e4llen, Beurteilung von Billigkeitsantr\u00e4gen, Genehmigung von Antr\u00e4gen auf Fach-\/Studiengangwechsel oder Fakult\u00e4ts- bzw. Hochschulwechsel, sonstige Studienangelegenheiten, die Zust\u00e4ndigkeit der Kommission erstreckt &hellip;<\/p>\n","protected":false},"author":102235,"featured_media":0,"parent":1320,"menu_order":0,"comment_status":"closed","ping_status":"closed","template":"","meta":{"_acf_changed":false,"footnotes":""},"categories":[],"tags":[],"class_list":["post-1081","page","type-page","status-publish","hentry"],"acf":[],"_links":{"self":[{"href":"https:\/\/semmelweis.hu\/bizottsagok\/wp-json\/wp\/v2\/pages\/1081","targetHints":{"allow":["GET"]}}],"collection":[{"href":"https:\/\/semmelweis.hu\/bizottsagok\/wp-json\/wp\/v2\/pages"}],"about":[{"href":"https:\/\/semmelweis.hu\/bizottsagok\/wp-json\/wp\/v2\/types\/page"}],"author":[{"embeddable":true,"href":"https:\/\/semmelweis.hu\/bizottsagok\/wp-json\/wp\/v2\/users\/102235"}],"replies":[{"embeddable":true,"href":"https:\/\/semmelweis.hu\/bizottsagok\/wp-json\/wp\/v2\/comments?post=1081"}],"version-history":[{"count":4,"href":"https:\/\/semmelweis.hu\/bizottsagok\/wp-json\/wp\/v2\/pages\/1081\/revisions"}],"predecessor-version":[{"id":2838,"href":"https:\/\/semmelweis.hu\/bizottsagok\/wp-json\/wp\/v2\/pages\/1081\/revisions\/2838"}],"up":[{"embeddable":true,"href":"https:\/\/semmelweis.hu\/bizottsagok\/wp-json\/wp\/v2\/pages\/1320"}],"wp:attachment":[{"href":"https:\/\/semmelweis.hu\/bizottsagok\/wp-json\/wp\/v2\/media?parent=1081"}],"wp:term":[{"taxonomy":"category","embeddable":true,"href":"https:\/\/semmelweis.hu\/bizottsagok\/wp-json\/wp\/v2\/categories?post=1081"},{"taxonomy":"post_tag","embeddable":true,"href":"https:\/\/semmelweis.hu\/bizottsagok\/wp-json\/wp\/v2\/tags?post=1081"}],"curies":[{"name":"wp","href":"https:\/\/api.w.org\/{rel}","templated":true}]}}