{"id":1079,"date":"2021-01-04T14:30:24","date_gmt":"2021-01-04T13:30:24","guid":{"rendered":"https:\/\/semmelweis.hu\/bizottsagok\/?page_id=1079"},"modified":"2026-04-30T09:09:20","modified_gmt":"2026-04-30T07:09:20","slug":"pak-examination-and-studies-committee","status":"publish","type":"page","link":"https:\/\/semmelweis.hu\/bizottsagok\/en\/constant-committees\/pak-committees\/pak-examination-and-studies-committee\/","title":{"rendered":"PAK EXAMINATION AND STUDIES COMMITTEE"},"content":{"rendered":"<section class=\"committee lang-en\"><div class=\"keretes w-100\"><ul style=\"list-style-type: square;\"><li><a href=\"#feladat-es-hataskor\">Feladat- \u00e9s hat\u00e1sk\u00f6r<\/a><\/li><li><a href=\"#a-bizottsag-tagjai\">A bizotts\u00e1g tagjai<\/a><\/li><li><a href=\"#a-bizottsag-ugyrendje\">A bizotts\u00e1g \u00fcgyrendje<\/a><\/li><\/ul><\/div>\n\n\n<div class=\"committee-tab tab-1\" id=\"feladat-es-hataskor\">\n    <h2>Feladat- \u00e9s hat\u00e1sk\u00f6r<\/h2>\n    <div class=\"committee-tab-content\">\n        <ul>\n<li>granting a reduced study program,<\/li>\n<li>declaring the started semester as a passive semester subsequently,<\/li>\n<li>permitting parallel and guest student status,<\/li>\n<li>exam permission and allowing an examination in periods outside the examination period in particularly justified cases,<\/li>\n<li>processing equity requests<\/li>\n<li>transfer between departments \/ specializations or between faculties and institutions,<\/li>\n<li>other study-matters,<\/li>\n<li>other competences specified in other legislation within university and faculty regulations.<\/li>\n<\/ul>\n<p>Any student or lecturer may apply to the Commission for legal remedy through the Career Office of the Studies and Student Center, or the head of the educational organizational unit if, in his opinion, a study matter has not been handled in accordance with the Rules of Procedure of the Faculty.<\/p>\n    <\/div>\n<\/div><br>\n\n\n<div class=\"committee-tab tab-2\" id=\"a-bizottsag-tagjai\">\n    <h2>A bizotts\u00e1g tagjai<\/h2>\n    <div class=\"committee-tab-content\">\n        \n                        <p class=\"contact-person\">\n                <span><strong>Kapcsolattart\u00f3: <\/strong>Emese Celeszta Balogh <\/span><br>\n                <span><strong>Email: <\/strong>pak_dekan@semmelweis.hu<\/span>\n            <\/p>\n\n\n            \n                            <table id=\"active-members\" \n                    class=\" has-mandate-doc\" \n                    data-subcommittee=\"0\">\n                    <thead>\n                        <tr>\n                            <th class=\"member-name\">N\u00e9v<\/th>\n                            <th class=\"mandate-basis\">Megb\u00edzat\u00e1s alapja<\/th>\n                            <th class=\"mandate-type\">Megb\u00edzat\u00e1s t\u00edpusa<\/th>\n                                                                                    <th class=\"start-date col-group-start\" data-label=\"Megb\u00edzat\u00e1s id\u0151tartama\">Megb\u00edzat\u00e1s kezdete<\/th>\n                            <th class=\"end-date col-group-end\">Megb\u00edzat\u00e1s v\u00e9ge<\/th>\n                            <th class=\"mandate-doc\">Megb\u00edzat\u00e1si dokumentum<\/th>\n                        <\/tr>\n                    <\/thead>\n                    <tbody>\n                        <tr><td class=\"member-name\" data-label=\"N\u00e9v\">Dr. L\u00e1szl\u00f3 Matos<\/td><td class=\"mandate-basis\" data-label=\"Megb\u00edzat\u00e1s alapja\">Foglalkoztatott<a href = \"https:\/\/semmelweis.hu\/jogigfoig\/files\/2020\/11\/195_2020_Mell%C3%A9klet_tagok.pdf\" target=\"_blank\">Megb\u00edzat\u00e1si dokumentum<\/a><\/td><td class=\"mandate-type\" data-label=\"Megb\u00edzat\u00e1s t\u00edpusa\">Eln\u00f6k<\/td><td class=\"start-date col-group-start\" data-label=\"Megb\u00edzat\u00e1s kezdete\">29\/10\/2020<\/td><td class=\"end-date col-group-end\" data-label=\"Megb\u00edzat\u00e1s v\u00e9ge\">28\/10\/2023<\/td><td class=\"mandate-doc\" data-label=\"Megb\u00edzat\u00e1si dokumentum\"><a href = \"https:\/\/semmelweis.hu\/jogigfoig\/files\/2020\/11\/195_2020_Mell%C3%A9klet_tagok.pdf\" target=\"_blank\">Megb\u00edzat\u00e1si dokumentum<\/a><\/td><\/tr><tr><td class=\"member-name\" data-label=\"N\u00e9v\">Dr. Ibolya T\u00fari<\/td><td class=\"mandate-basis\" data-label=\"Megb\u00edzat\u00e1s alapja\">Foglalkoztatott<a href = \"https:\/\/semmelweis.hu\/jogigfoig\/files\/2020\/11\/195_2020_Mell%C3%A9klet_tagok.pdf\" target=\"_blank\">Megb\u00edzat\u00e1si dokumentum<\/a><\/td><td class=\"mandate-type\" data-label=\"Megb\u00edzat\u00e1s t\u00edpusa\">Tag<\/td><td class=\"start-date col-group-start\" data-label=\"Megb\u00edzat\u00e1s kezdete\">29\/10\/2020<\/td><td class=\"end-date col-group-end\" data-label=\"Megb\u00edzat\u00e1s v\u00e9ge\">28\/10\/2020<\/td><td class=\"mandate-doc\" data-label=\"Megb\u00edzat\u00e1si dokumentum\"><a href = \"https:\/\/semmelweis.hu\/jogigfoig\/files\/2020\/11\/195_2020_Mell%C3%A9klet_tagok.pdf\" target=\"_blank\">Megb\u00edzat\u00e1si dokumentum<\/a><\/td><\/tr><tr><td class=\"member-name\" data-label=\"N\u00e9v\">Dr. Emese Celeszta Balogh<\/td><td class=\"mandate-basis\" data-label=\"Megb\u00edzat\u00e1s alapja\">Foglalkoztatott<a href = \"https:\/\/semmelweis.hu\/jogigfoig\/files\/2020\/11\/195_2020_Mell%C3%A9klet_tagok.pdf\" target=\"_blank\">Megb\u00edzat\u00e1si dokumentum<\/a><\/td><td class=\"mandate-type\" data-label=\"Megb\u00edzat\u00e1s t\u00edpusa\">Tag<\/td><td class=\"start-date col-group-start\" data-label=\"Megb\u00edzat\u00e1s kezdete\">29\/10\/2020<\/td><td class=\"end-date col-group-end\" data-label=\"Megb\u00edzat\u00e1s v\u00e9ge\">28\/10\/2023<\/td><td class=\"mandate-doc\" data-label=\"Megb\u00edzat\u00e1si dokumentum\"><a href = \"https:\/\/semmelweis.hu\/jogigfoig\/files\/2020\/11\/195_2020_Mell%C3%A9klet_tagok.pdf\" target=\"_blank\">Megb\u00edzat\u00e1si dokumentum<\/a><\/td><\/tr><tr><td class=\"member-name\" data-label=\"N\u00e9v\">Zsuzsanna S\u00e1ringern\u00e9 dr. Szil\u00e1rd<\/td><td class=\"mandate-basis\" data-label=\"Megb\u00edzat\u00e1s alapja\">Foglalkoztatott<a href = \"https:\/\/semmelweis.hu\/jogigfoig\/files\/2020\/11\/195_2020_Mell%C3%A9klet_tagok.pdf\" target=\"_blank\">Megb\u00edzat\u00e1si dokumentum<\/a><\/td><td class=\"mandate-type\" data-label=\"Megb\u00edzat\u00e1s t\u00edpusa\">Tag<\/td><td class=\"start-date col-group-start\" data-label=\"Megb\u00edzat\u00e1s kezdete\">29\/10\/2020<\/td><td class=\"end-date col-group-end\" data-label=\"Megb\u00edzat\u00e1s v\u00e9ge\">28\/10\/2023<\/td><td class=\"mandate-doc\" data-label=\"Megb\u00edzat\u00e1si dokumentum\"><a href = \"https:\/\/semmelweis.hu\/jogigfoig\/files\/2020\/11\/195_2020_Mell%C3%A9klet_tagok.pdf\" target=\"_blank\">Megb\u00edzat\u00e1si dokumentum<\/a><\/td><\/tr><tr><td class=\"member-name\" data-label=\"N\u00e9v\">Dominika Cs\u00f6pp\u00fc<\/td><td class=\"mandate-basis\" data-label=\"Megb\u00edzat\u00e1s alapja\">Hallgat\u00f3<a href = \"https:\/\/semmelweis.hu\/jogigfoig\/files\/2020\/11\/195_2020_Mell%C3%A9klet_tagok.pdf\" target=\"_blank\">Megb\u00edzat\u00e1si dokumentum<\/a><\/td><td class=\"mandate-type\" data-label=\"Megb\u00edzat\u00e1s t\u00edpusa\">Tag<\/td><td class=\"start-date col-group-start\" data-label=\"Megb\u00edzat\u00e1s kezdete\">29\/10\/2020<\/td><td class=\"end-date col-group-end\" data-label=\"Megb\u00edzat\u00e1s v\u00e9ge\">28\/10\/2023<\/td><td class=\"mandate-doc\" data-label=\"Megb\u00edzat\u00e1si dokumentum\"><a href = \"https:\/\/semmelweis.hu\/jogigfoig\/files\/2020\/11\/195_2020_Mell%C3%A9klet_tagok.pdf\" target=\"_blank\">Megb\u00edzat\u00e1si dokumentum<\/a><\/td><\/tr>                    <\/tbody>\n                <\/table>\n            \n\n            \n\n            <\/div>\n<\/div><br><br>\n<div class=\"committee-tab tab-4\" id=\"a-bizottsag-ugyrendje\">\n    <h2>A bizotts\u00e1g \u00fcgyrendje<\/h2>\n    <div class=\"committee-tab-content\">\n        <div class=\"keretes w-100\">\n            <ul style=\"list-style-type: square;\">\n                <li><a href=\"https:\/\/semmelweis.hu\/bizottsagok\/files\/2022\/04\/127_2021_-melleklet-PAK_Tanulmanyi-es-Vizsgabizottsag.pdf\" target=\"_blank\">Rules of Procedure of the PAK Examination and Studies Committee<\/a><\/li>            <\/ul>\n        <\/div>\n    <\/div>\n<\/div>\n\n<br><\/section>\n","protected":false},"excerpt":{"rendered":"","protected":false},"author":102235,"featured_media":0,"parent":1137,"menu_order":0,"comment_status":"closed","ping_status":"closed","template":"template-fullwidth.php","meta":{"_acf_changed":false,"footnotes":""},"categories":[],"tags":[],"class_list":["post-1079","page","type-page","status-publish","hentry"],"acf":[],"_links":{"self":[{"href":"https:\/\/semmelweis.hu\/bizottsagok\/wp-json\/wp\/v2\/pages\/1079","targetHints":{"allow":["GET"]}}],"collection":[{"href":"https:\/\/semmelweis.hu\/bizottsagok\/wp-json\/wp\/v2\/pages"}],"about":[{"href":"https:\/\/semmelweis.hu\/bizottsagok\/wp-json\/wp\/v2\/types\/page"}],"author":[{"embeddable":true,"href":"https:\/\/semmelweis.hu\/bizottsagok\/wp-json\/wp\/v2\/users\/102235"}],"replies":[{"embeddable":true,"href":"https:\/\/semmelweis.hu\/bizottsagok\/wp-json\/wp\/v2\/comments?post=1079"}],"version-history":[{"count":4,"href":"https:\/\/semmelweis.hu\/bizottsagok\/wp-json\/wp\/v2\/pages\/1079\/revisions"}],"predecessor-version":[{"id":3142,"href":"https:\/\/semmelweis.hu\/bizottsagok\/wp-json\/wp\/v2\/pages\/1079\/revisions\/3142"}],"up":[{"embeddable":true,"href":"https:\/\/semmelweis.hu\/bizottsagok\/wp-json\/wp\/v2\/pages\/1137"}],"wp:attachment":[{"href":"https:\/\/semmelweis.hu\/bizottsagok\/wp-json\/wp\/v2\/media?parent=1079"}],"wp:term":[{"taxonomy":"category","embeddable":true,"href":"https:\/\/semmelweis.hu\/bizottsagok\/wp-json\/wp\/v2\/categories?post=1079"},{"taxonomy":"post_tag","embeddable":true,"href":"https:\/\/semmelweis.hu\/bizottsagok\/wp-json\/wp\/v2\/tags?post=1079"}],"curies":[{"name":"wp","href":"https:\/\/api.w.org\/{rel}","templated":true}]}}