{"id":1073,"date":"2021-01-04T14:26:24","date_gmt":"2021-01-04T13:26:24","guid":{"rendered":"https:\/\/semmelweis.hu\/bizottsagok\/?page_id=1073"},"modified":"2026-02-05T14:31:42","modified_gmt":"2026-02-05T13:31:42","slug":"kommission-praxisausbildung-der-peto-andras-fakultaet-pak","status":"publish","type":"page","link":"https:\/\/semmelweis.hu\/bizottsagok\/de\/feste-kimissionen\/pak-komissionen\/kommission-praxisausbildung-der-peto-andras-fakultaet-pak\/","title":{"rendered":"KOMMISSION PRAXISAUSBILDUNG DER PAK"},"content":{"rendered":"<div class=\"responsive-tabs\">\n<h2 class=\"tabtitle\">Aufgaben und Zust\u00e4ndigkeit<\/h2>\n<div class=\"tabcontent\">\n\n<ul>\n<li>Koordinierung der Vorbereitung und Durchf\u00fchrung der Aufgaben im Zusammenhang mit der Praxisausbildung, die an die an der Fakult\u00e4t unterrichteten F\u00e4cher ankn\u00fcpft,<\/li>\n<li>Koordinierung der Aufgaben im Zusammenhang mit der Praxisausbildung, die an die an der Fakult\u00e4t unterrichteten Spezialisierungen ankn\u00fcpft,<\/li>\n<li>Festlegung der Formen der Praxisausbildung im Einklang mit den Ausbildungsmerkmalen des jeweiligen Fachs,<\/li>\n<li>Koordinierung der mit der Praxisausbildung verbundenen T\u00e4tigkeit der internen Organisationseinheiten und der externen Praktikumsorte.<\/li>\n<\/ul>\n\n<\/div><h2 class=\"tabtitle\">Mitglieder<\/h2>\n<div class=\"tabcontent\">\n\n<p><strong><em>Ansprechpartner: <\/em><\/strong><br \/>\n<strong><em>E-Mail:<\/em><\/strong><u><\/u><\/p>\n    \r\n    <div id=\"peopleContainer\" style=\"text-align:center;\">\r\n    <input type=\"hidden\" name=\"cimkek\" id=\"cimkek\" value=\"Nachname,Vorname,Grundlage des Mandats,Art des Mandats,Beginn des <br \/>\nMandats,Ende des Mandats,Mandatsdokument,Grund f\u00fcr das Erl\u00f6schen,Datum des <br \/>\nErl\u00f6schens\">\r\n    <input type=\"hidden\" name=\"kihagy_aktiv\" id=\"kihagy_aktiv\" value=\"Grund f\u00fcr das Erl\u00f6schen||megszunes_oka,Datum des <br \/>\nErl\u00f6schens||megszunes_datuma\">\r\n    <input type=\"hidden\" name=\"kihagy_archiv\" id=\"kihagy_archiv\" value=\"\">\r\n    <div id=\"aktivTagokContainer\" style=\"overflow:auto;\">\r\n        <table>\r\n        <thead style=\"text-align:center;\">\r\n            <th>Nachname<\/th><th>Vorname<\/th><th>Grundlage des Mandats<\/th><th>Art des Mandats<\/th><th>Beginn des <br \/>\nMandats<\/th><th>Ende des Mandats<\/th><th>Mandatsdokument<\/th>        <\/thead>\r\n        <tbody>\r\n        <tr><td>Horv\u00e1thn\u00e9 K\u00e1llay <\/td><td>Zs\u00f3fia<\/td><td>Foglalkoztatott\/ Employee\/ Besch\u00e4ftigte(r)<\/td><td>Eln\u00f6k\/ Chairperson\/ Vorsitzender<\/td><td>2020-10-29<\/td><td>2023-10-29<\/td><td><a href=\"https:\/\/semmelweis.hu\/jogigfoig\/files\/2020\/11\/195_2020_Mell%C3%A9klet_tagok.pdf\">Megb\u00edzat\u00e1si dokumentum\/ Mandate document\/ Mandatsdokument<\/a><\/td><\/tr><tr><td>Feket\u00e9n\u00e9 dr. Szab\u00f3 <\/td><td>\u00c9va<\/td><td>Foglalkoztatott\/ Employee\/ Besch\u00e4ftigte(r)<\/td><td>Tag\/ Member\/ Mitglied<\/td><td>2020-10-29<\/td><td>2020-10-28<\/td><td><a href=\"https:\/\/semmelweis.hu\/jogigfoig\/files\/2020\/11\/195_2020_Mell%C3%A9klet_tagok.pdf\">Megb\u00edzat\u00e1si dokumentum\/ Mandate document\/ Mandatsdokument<\/a><\/td><\/tr><tr><td>Dr. Tenk Mikl\u00f3sn\u00e9 dr. Zsebe <\/td><td>Andrea<\/td><td>Foglalkoztatott\/ Employee\/ Besch\u00e4ftigte(r)<\/td><td>Tag\/ Member\/ Mitglied<\/td><td>2020-10-29<\/td><td>2020-10-28<\/td><td><a href=\"https:\/\/semmelweis.hu\/jogigfoig\/files\/2020\/11\/195_2020_Mell%C3%A9klet_tagok.pdf\">Megb\u00edzat\u00e1si dokumentum\/ Mandate document\/ Mandatsdokument<\/a><\/td><\/tr><tr><td>Dr. Pint\u00e9r <\/td><td>Henriett<\/td><td>Foglalkoztatott\/ Employee\/ Besch\u00e4ftigte(r)<\/td><td>Tag\/ Member\/ Mitglied<\/td><td>2020-10-29<\/td><td>2023-10-28<\/td><td><a href=\"https:\/\/semmelweis.hu\/jogigfoig\/files\/2020\/11\/195_2020_Mell%C3%A9klet_tagok.pdf\">Megb\u00edzat\u00e1si dokumentum\/ Mandate document\/ Mandatsdokument<\/a><\/td><\/tr><tr><td>F\u00f6ldesi <\/td><td>Ren\u00e1ta<\/td><td>Foglalkoztatott\/ Employee\/ Besch\u00e4ftigte(r)<\/td><td>Tag\/ Member\/ Mitglied<\/td><td>2020-10-29<\/td><td>2023-10-28<\/td><td><a href=\"https:\/\/semmelweis.hu\/jogigfoig\/files\/2020\/11\/195_2020_Mell%C3%A9klet_tagok.pdf\">Megb\u00edzat\u00e1si dokumentum\/ Mandate document\/ Mandatsdokument<\/a><\/td><\/tr><tr><td>Dr. Matos <\/td><td>L\u00e1szl\u00f3<\/td><td>Foglalkoztatott\/ Employee\/ Besch\u00e4ftigte(r)<\/td><td>Tag\/ Member\/ Mitglied<\/td><td>2020-10-29<\/td><td>2023-10-28<\/td><td><a href=\"https:\/\/semmelweis.hu\/jogigfoig\/files\/2020\/11\/195_2020_Mell%C3%A9klet_tagok.pdf\">Megb\u00edzat\u00e1si dokumentum\/ Mandate document\/ Mandatsdokument<\/a><\/td><\/tr><tr><td>Thur\u00f3czy<\/td><td> Ildik\u00f3<\/td><td>Foglalkoztatott\/ Employee\/ Besch\u00e4ftigte(r)<\/td><td>Tag\/ Member\/ Mitglied<\/td><td>2020-10-29<\/td><td>2023-10-28<\/td><td><a href=\"https:\/\/semmelweis.hu\/jogigfoig\/files\/2020\/11\/195_2020_Mell%C3%A9klet_tagok.pdf\">Megb\u00edzat\u00e1si dokumentum\/ Mandate document\/ Mandatsdokument<\/a><\/td><\/tr><tr><td>Czenkv\u00e1ri <\/td><td>Gy\u00f6rgyi<\/td><td>Foglalkoztatott\/ Employee\/ Besch\u00e4ftigte(r)<\/td><td>Tag\/ Member\/ Mitglied<\/td><td>2020-10-29<\/td><td>2023-10-28<\/td><td><a href=\"https:\/\/semmelweis.hu\/jogigfoig\/files\/2020\/11\/195_2020_Mell%C3%A9klet_tagok.pdf\">Megb\u00edzat\u00e1si dokumentum\/ Mandate document\/ Mandatsdokument<\/a><\/td><\/tr><tr><td>Horvai <\/td><td>Vikt\u00f3ria<\/td><td>Foglalkoztatott\/ Employee\/ Besch\u00e4ftigte(r)<\/td><td>Tag\/ Member\/ Mitglied<\/td><td>2020-10-29<\/td><td>2023-10-28<\/td><td><a href=\"https:\/\/semmelweis.hu\/jogigfoig\/files\/2020\/11\/195_2020_Mell%C3%A9klet_tagok.pdf\">Megb\u00edzat\u00e1si dokumentum\/ Mandate document\/ Mandatsdokument<\/a><\/td><\/tr><tr><td>Feh\u00e9r<\/td><td> Anna<\/td><td>Foglalkoztatott\/ Employee\/ Besch\u00e4ftigte(r)<\/td><td>Tag\/ Member\/ Mitglied<\/td><td>2020-10-29<\/td><td>2023-10-28<\/td><td><a href=\"https:\/\/semmelweis.hu\/jogigfoig\/files\/2020\/11\/195_2020_Mell%C3%A9klet_tagok.pdf\">Megb\u00edzat\u00e1si dokumentum\/ Mandate document\/ Mandatsdokument<\/a><\/td><\/tr><tr><td>Balogh <\/td><td>Botond<\/td><td>Hallgat\u00f3i jogviszony\/ Student status\/ Studierendenrechtsverh\u00e4ltnis<\/td><td>Tag\/ Member\/ Mitglied<\/td><td>2020-10-29<\/td><td>2020-10-28<\/td><td><a href=\"https:\/\/semmelweis.hu\/jogigfoig\/files\/2020\/11\/195_2020_Mell%C3%A9klet_tagok.pdf\">Megb\u00edzat\u00e1si dokumentum\/ Mandate document\/ Mandatsdokument<\/a><\/td><\/tr><tr><td>Sommer <\/td><td>No\u00e9mi <\/td><td>Hallgat\u00f3i jogviszony\/ Student status\/ Studierendenrechtsverh\u00e4ltnis<\/td><td>Tag\/ Member\/ Mitglied<\/td><td>2020-10-29<\/td><td>2023-10-28<\/td><td><a href=\"https:\/\/semmelweis.hu\/jogigfoig\/files\/2020\/11\/195_2020_Mell%C3%A9klet_tagok.pdf\">Megb\u00edzat\u00e1si dokumentum\/ Mandate document\/ Mandatsdokument<\/a><\/td><\/tr><tr><td>T\u00f3th <\/td><td>Julianna <\/td><td>Hallgat\u00f3i jogviszony\/ Student status\/ Studierendenrechtsverh\u00e4ltnis<\/td><td>Tag\/ Member\/ Mitglied<\/td><td>2020-10-29<\/td><td>2029-10-28<\/td><td><a href=\"https:\/\/semmelweis.hu\/jogigfoig\/files\/2020\/11\/195_2020_Mell%C3%A9klet_tagok.pdf\">Megb\u00edzat\u00e1si dokumentum\/ Mandate document\/ Mandatsdokument<\/a><\/td><\/tr><tr><td>Kiss <\/td><td>D\u00e1vid<\/td><td>Hallgat\u00f3i jogviszony\/ Student status\/ Studierendenrechtsverh\u00e4ltnis<\/td><td>Tag\/ Member\/ Mitglied<\/td><td>2020-10-29<\/td><td>2023-10-28<\/td><td><a href=\"https:\/\/semmelweis.hu\/jogigfoig\/files\/2020\/11\/195_2020_Mell%C3%A9klet_tagok.pdf\">Megb\u00edzat\u00e1si dokumentum\/ Mandate document\/ Mandatsdokument<\/a><\/td><\/tr>        \r\n        \r\n        <\/tbody>\r\n        <\/table>\r\n        <\/div>\r\n\r\n    <div id=\"archivTagokContainer\" style=\"overflow:auto;\">\r\n            <div class=\"exp-col-content-holder\" style=\"border: none;\">\r\n        <a class=\"expand-cnt-link ecf_closed\" href=\"#\">Arch\u00edv<\/a>\r\n        <div class=\"hidden-content\" style=\"display: none;\">\r\n                <table>\r\n            <thead style=\"text-align:center;\">\r\n                <th>Nachname<\/th><th>Vorname<\/th><th>Grundlage des Mandats<\/th><th>Art des Mandats<\/th><th>Beginn des <br \/>\nMandats<\/th><th>Ende des Mandats<\/th><th>Mandatsdokument<\/th><th>Grund f\u00fcr das Erl\u00f6schen<\/th><th>Datum des <br \/>\nErl\u00f6schens<\/th>            <\/thead>\r\n            <tbody>\r\n            <tr><td>P\u00e1sztorn\u00e9 dr. Tass <\/td><td>Ildik\u00f3<\/td><td>Foglalkoztatott\/ Employee\/ Besch\u00e4ftigte(r)<\/td><td>Tag\/ Member\/ Mitglied<\/td><td>2020-10-29<\/td><td>2023-10-28<\/td><td><a href=\"https:\/\/semmelweis.hu\/jogigfoig\/files\/2020\/11\/195_2020_Mell%C3%A9klet_tagok.pdf\">Megb\u00edzat\u00e1si dokumentum\/ Mandate document\/ Mandatsdokument<\/a><\/td><td>Egy\u00e9b megsz\u0171n\u00e9si ok<\/td><td>2023-10-28<\/td><\/tr>            <\/tbody>\r\n            <\/table>\r\n        <\/div>\r\n        <\/div>\r\n    <\/div>\r\n    <\/div>\r\n    \n\n<\/div><h2 class=\"tabtitle\">Gesch\u00e4ftsordnung<\/h2>\n<div class=\"tabcontent\">\n\n<p><u><a href=\"https:\/\/semmelweis.hu\/jogigfoig\/files\/2020\/08\/PAK_GYKB.pdf\">Gesch\u00e4ftsordnung der Kommission Praxisausbildung der Pet\u0151 Andr\u00e1s Fakult\u00e4t<\/a><\/u><\/p>\n\n<\/div><h2 class=\"tabtitle\">Jahresbericht<\/h2>\n<div class=\"tabcontent\">\n\n<p><u><a href=\"https:\/\/semmelweis.hu\/jogigfoig\/files\/2020\/08\/GYKB.pdf\">Jahresbericht 2019 der Kommission Praxisausbildung der Pet\u0151 Andr\u00e1s Fakult\u00e4t<\/a><\/u><\/p>\n<p><u><a href=\"https:\/\/semmelweis.hu\/jogigfoig\/files\/2020\/05\/68_2020_Besz%C3%A1mol%C3%B3-a-kari-bizotts%C3%A1gok-munk%C3%A1j%C3%A1r%C3%B3l.pdf\">Beschluss Nr. 68\/2020 (V.5.) des Senates der Semmelweis Universit\u00e4t Bericht \u00fcber die T\u00e4tigkeit der vom Senat eingesetzten st\u00e4ndigen Fakult\u00e4tskommissionen <em>(Studien- und Pr\u00fcfungskommission, Anrechnungskommission, Ethik- und Disziplinarkommission, in Bezug auf die Pet\u0151 Andr\u00e1s Fakult\u00e4t zwei weitere Kommissionen die Kommission Praxisausbildung und die Publikations- und Bibliothekskommission)<\/em><\/a><\/u><\/p>\n<\/div><\/div>\n","protected":false},"excerpt":{"rendered":"<p>Koordinierung der Vorbereitung und Durchf\u00fchrung der Aufgaben im Zusammenhang mit der Praxisausbildung, die an die an der Fakult\u00e4t unterrichteten F\u00e4cher ankn\u00fcpft, Koordinierung der Aufgaben im Zusammenhang mit der Praxisausbildung, die an die an der Fakult\u00e4t unterrichteten Spezialisierungen ankn\u00fcpft, Festlegung der Formen der Praxisausbildung im Einklang mit den Ausbildungsmerkmalen des jeweiligen Fachs, Koordinierung der mit der &hellip;<\/p>\n","protected":false},"author":102235,"featured_media":0,"parent":1320,"menu_order":0,"comment_status":"closed","ping_status":"closed","template":"","meta":{"_acf_changed":false,"footnotes":""},"categories":[],"tags":[],"class_list":["post-1073","page","type-page","status-publish","hentry"],"acf":[],"_links":{"self":[{"href":"https:\/\/semmelweis.hu\/bizottsagok\/wp-json\/wp\/v2\/pages\/1073","targetHints":{"allow":["GET"]}}],"collection":[{"href":"https:\/\/semmelweis.hu\/bizottsagok\/wp-json\/wp\/v2\/pages"}],"about":[{"href":"https:\/\/semmelweis.hu\/bizottsagok\/wp-json\/wp\/v2\/types\/page"}],"author":[{"embeddable":true,"href":"https:\/\/semmelweis.hu\/bizottsagok\/wp-json\/wp\/v2\/users\/102235"}],"replies":[{"embeddable":true,"href":"https:\/\/semmelweis.hu\/bizottsagok\/wp-json\/wp\/v2\/comments?post=1073"}],"version-history":[{"count":4,"href":"https:\/\/semmelweis.hu\/bizottsagok\/wp-json\/wp\/v2\/pages\/1073\/revisions"}],"predecessor-version":[{"id":2840,"href":"https:\/\/semmelweis.hu\/bizottsagok\/wp-json\/wp\/v2\/pages\/1073\/revisions\/2840"}],"up":[{"embeddable":true,"href":"https:\/\/semmelweis.hu\/bizottsagok\/wp-json\/wp\/v2\/pages\/1320"}],"wp:attachment":[{"href":"https:\/\/semmelweis.hu\/bizottsagok\/wp-json\/wp\/v2\/media?parent=1073"}],"wp:term":[{"taxonomy":"category","embeddable":true,"href":"https:\/\/semmelweis.hu\/bizottsagok\/wp-json\/wp\/v2\/categories?post=1073"},{"taxonomy":"post_tag","embeddable":true,"href":"https:\/\/semmelweis.hu\/bizottsagok\/wp-json\/wp\/v2\/tags?post=1073"}],"curies":[{"name":"wp","href":"https:\/\/api.w.org\/{rel}","templated":true}]}}