{"id":1067,"date":"2021-01-04T14:22:23","date_gmt":"2021-01-04T13:22:23","guid":{"rendered":"https:\/\/semmelweis.hu\/bizottsagok\/?page_id=1067"},"modified":"2026-02-05T14:31:40","modified_gmt":"2026-02-05T13:31:40","slug":"pak-ethical-and-disciplinary-committee","status":"publish","type":"page","link":"https:\/\/semmelweis.hu\/bizottsagok\/en\/constant-committees\/pak-committees\/pak-ethical-and-disciplinary-committee\/","title":{"rendered":"PAK ETHICAL AND DISCIPLINARY COMMITTEE"},"content":{"rendered":"<div class=\"responsive-tabs\">\n<h2 class=\"tabtitle\">Tasks and Competences<\/h2>\n<div class=\"tabcontent\">\n\n<p>The Committee conducts proceedings in ethical and disciplinary matters of the Faculty and makes first-instance disciplinary decisions. If the person concerned does not accept the contents of the decision, they may appeal to the University Ethics and Discipline Committee.<\/p>\n\n<\/div><h2 class=\"tabtitle\">Members<\/h2>\n<div class=\"tabcontent\">\n\n<p><strong><em>Contact: <\/em><\/strong>Emese Celesta Balogh<br \/>\n<strong><em>Email: <\/em><\/strong><a href=\"mailto:balogh.emese_celeszta@semmelweis-univ.hu\">balogh.emese_celeszta@semmelweis-univ.hu<\/a><\/p>\n    \r\n    <div id=\"peopleContainer\" style=\"text-align:center;\">\r\n    <input type=\"hidden\" name=\"cimkek\" id=\"cimkek\" value=\"\">\r\n    <input type=\"hidden\" name=\"kihagy_aktiv\" id=\"kihagy_aktiv\" value=\"Reason for termination||megszunes_oka,Date of termination||<br \/>\nmegszunes_datuma\">\r\n    <input type=\"hidden\" name=\"kihagy_archiv\" id=\"kihagy_archiv\" value=\"\">\r\n    <div id=\"aktivTagokContainer\" style=\"overflow:auto;\">\r\n        <table>\r\n        <thead style=\"text-align:center;\">\r\n            <th><\/th>        <\/thead>\r\n        <tbody>\r\n        <tr><td>Frank <\/td><td>Tam\u00e1s<\/td><td>Foglalkoztatott\/ Employee\/ Besch\u00e4ftigte(r)<\/td><td>Tag\/ Member\/ Mitglied<\/td><td>2020-10-29<\/td><td>2023-10-28<\/td><td><a href=\"https:\/\/semmelweis.hu\/jogigfoig\/files\/2020\/11\/195_2020_Mell%C3%A9klet_tagok.pdf\">Megb\u00edzat\u00e1si dokumentum\/ Mandate document\/ Mandatsdokument<\/a><\/td><td> <\/td><\/tr><tr><td>Kenesei <\/td><td>Dorottya<\/td><td>Foglalkoztatott\/ Employee\/ Besch\u00e4ftigte(r)<\/td><td>Tag\/ Member\/ Mitglied<\/td><td>2020-10-29<\/td><td>2023-10-28<\/td><td><a href=\"https:\/\/semmelweis.hu\/jogigfoig\/files\/2020\/11\/195_2020_Mell%C3%A9klet_tagok.pdf\">Megb\u00edzat\u00e1si dokumentum\/ Mandate document\/ Mandatsdokument<\/a><\/td><td> <\/td><\/tr><tr><td>Thur\u00f3czy<\/td><td> Ildik\u00f3<\/td><td>Foglalkoztatott\/ Employee\/ Besch\u00e4ftigte(r)<\/td><td>Tag\/Member\/Mitglied<\/td><td>2020-10-29<\/td><td>2023-10-28<\/td><td><a href=\"https:\/\/semmelweis.hu\/jogigfoig\/files\/2020\/11\/195_2020_Mell%C3%A9klet_tagok.pdf\">Megb\u00edzat\u00e1si dokumentum\/ Mandate document\/ Mandatsdokument<\/a><\/td><td> <\/td><\/tr><tr><td>Czenkv\u00e1ri <\/td><td>Gy\u00f6rgyi<\/td><td>Foglalkoztatott\/ Employee\/ Besch\u00e4ftigte(r)<\/td><td>Tag\/ Member\/ Mitglied<\/td><td>2020-10-29<\/td><td>2023-10-28<\/td><td><a href=\"https:\/\/semmelweis.hu\/jogigfoig\/files\/2020\/11\/195_2020_Mell%C3%A9klet_tagok.pdf\">Megb\u00edzat\u00e1si dokumentum\/ Mandate document\/ Mandatsdokument<\/a><\/td><td> <\/td><\/tr><tr><td>Csuka<\/td><td> P\u00e1ln\u00e9<\/td><td>Foglalkoztatott\/ Employee\/ Besch\u00e4ftigte(r)<\/td><td>Tag\/ Member\/ Mitglied<\/td><td>2020-10-29<\/td><td>2023-10-28<\/td><td><a href=\"https:\/\/semmelweis.hu\/jogigfoig\/files\/2020\/11\/195_2020_Mell%C3%A9klet_tagok.pdf\">Megb\u00edzat\u00e1si dokumentum\/ Mandate document\/ Mandatsdokument<\/a><\/td><td> <\/td><\/tr><tr><td>Sz\u00e1sz <\/td><td>Lili<\/td><td>Hallgat\u00f3i jogviszony\/ Student status\/ Studierendenrechtsverh\u00e4ltnis<\/td><td>Tag\/ Member\/ Mitglied<\/td><td>2020-10-29<\/td><td>2023-10-28<\/td><td><a href=\"https:\/\/semmelweis.hu\/jogigfoig\/files\/2020\/11\/195_2020_Mell%C3%A9klet_tagok.pdf\">Megb\u00edzat\u00e1si dokumentum\/ Mandate document\/ Mandatsdokument<\/a><\/td><td> <\/td><\/tr><tr><td>B\u00f6r\u00f6czki <\/td><td>T\u00edmea<\/td><td>Hallgat\u00f3i jogviszony\/ Student status\/ Studierendenrechtsverh\u00e4ltnis<\/td><td>Tag\/ Member\/ Mitglied<\/td><td>2020-10-29<\/td><td>2023-10-28<\/td><td><a href=\"https:\/\/semmelweis.hu\/jogigfoig\/files\/2020\/11\/195_2020_Mell%C3%A9klet_tagok.pdf\">Megb\u00edzat\u00e1si dokumentum\/ Mandate document\/ Mandatsdokument<\/a><\/td><td> <\/td><\/tr>        \r\n        \r\n        <\/tbody>\r\n        <\/table>\r\n        <\/div>\r\n\r\n    <div id=\"archivTagokContainer\" style=\"overflow:auto;\">\r\n            <div class=\"exp-col-content-holder\" style=\"border: none;\">\r\n        <a class=\"expand-cnt-link ecf_closed\" href=\"#\">Arch\u00edv<\/a>\r\n        <div class=\"hidden-content\" style=\"display: none;\">\r\n                <table>\r\n            <thead style=\"text-align:center;\">\r\n                <th><\/th>            <\/thead>\r\n            <tbody>\r\n            <tr><td>P\u00e1sztorn\u00e9 dr. Tass<\/td><td> Ildik\u00f3<\/td><td>Foglalkoztatott\/ Employee\/ Besch\u00e4ftigte(r)<\/td><td>Eln\u00f6k\/ Chairperson\/ Vorsitzender<\/td><td>2020-10-29<\/td><td>2023-10-28<\/td><td><a href=\"https:\/\/semmelweis.hu\/jogigfoig\/files\/2020\/11\/195_2020_Mell%C3%A9klet_tagok.pdf\">Megb\u00edzat\u00e1si dokumentum\/ Mandate document\/ Mandatsdokument<\/a><\/td><td>Egy\u00e9b megsz\u0171n\u00e9si ok<\/td><td>2023-10-28<\/td><\/tr>            <\/tbody>\r\n            <\/table>\r\n        <\/div>\r\n        <\/div>\r\n    <\/div>\r\n    <\/div>\r\n    \n\n<\/div><h2 class=\"tabtitle\">Rules of Procedure<\/h2>\n<div class=\"tabcontent\">\n\n<p><a href=\"https:\/\/semmelweis.hu\/jogigfoig\/files\/2020\/08\/PAK_EFB.pdf\">Rules of Procedure of the PAK Ethical and Disciplinary Committee<\/a><\/p>\n\n<\/div><h2 class=\"tabtitle\">Annual Report<\/h2>\n<div class=\"tabcontent\">\n\n<p><a href=\"https:\/\/semmelweis.hu\/jogigfoig\/files\/2020\/08\/EFB.pdf\">Annual Report of the PAK Ethical and Disciplinary Committee, 2019<\/a><\/p>\n<p><u><a href=\"https:\/\/semmelweis.hu\/jogigfoig\/files\/2020\/05\/68_2020_Besz%C3%A1mol%C3%B3-a-kari-bizotts%C3%A1gok-munk%C3%A1j%C3%A1r%C3%B3l.pdf\">Decision no. 68\/2020. (V.5.) of the Semmelweis University Senate Report on the work of the standing committees created by the Senate\u00a0<em>(Examination and Studies Committee, Credit Transfer Committee, Ethical and Disciplinary Committee, as for the Pet\u0151 Andr\u00e1s Faculty, two more committees: the Committee of Practical Training and the Publication and Library Committee)<\/em><\/a><\/u><\/p>\n<\/div><\/div>\n","protected":false},"excerpt":{"rendered":"<p>The Committee conducts proceedings in ethical and disciplinary matters of the Faculty and makes first-instance disciplinary decisions. If the person concerned does not accept the contents of the decision, they may appeal to the University Ethics and Discipline Committee.<\/p>\n<p>Contact: Emese Celesta Balogh<br \/>\nEmail: <a href=\"mailto:balogh.emese_celeszta@semmelweis-univ.hu\">balogh.emese_celeszta@semmelweis-univ.hu<\/a><\/p>\n<p><a href=\"https:\/\/semmelweis.hu\/jogigfoig\/files\/2020\/08\/PAK_EFB.pdf\">Rules of Procedure of the PAK Ethical and Disciplinary Committee<\/a><\/p>\n<p><a href=\"https:\/\/semmelweis.hu\/jogigfoig\/files\/2020\/08\/EFB.pdf\">Annual Report of the PAK Ethical and Disciplinary Committee, 2019<\/a><br \/>\n<a href=\"https:\/\/semmelweis.hu\/jogigfoig\/files\/2020\/05\/68_2020_Besz%C3%A1mol%C3%B3-a-kari-bizotts%C3%A1gok-munk%C3%A1j%C3%A1r%C3%B3l.pdf\">Decision no. 68\/2020. (V.5.) of the Semmelweis University Senate Report on the work of the standing committees created by the Senate\u00a0(Examination and Studies Committee, Credit Transfer Committee, Ethical and Disciplinary Committee, as for the Pet\u0151 Andr\u00e1s Faculty, two more committees: the Committee of Practical Training and the Publication and Library Committee)<\/a><\/p>\n","protected":false},"author":102235,"featured_media":0,"parent":1137,"menu_order":0,"comment_status":"closed","ping_status":"closed","template":"","meta":{"_acf_changed":false,"footnotes":""},"categories":[],"tags":[],"class_list":["post-1067","page","type-page","status-publish","hentry"],"acf":[],"_links":{"self":[{"href":"https:\/\/semmelweis.hu\/bizottsagok\/wp-json\/wp\/v2\/pages\/1067","targetHints":{"allow":["GET"]}}],"collection":[{"href":"https:\/\/semmelweis.hu\/bizottsagok\/wp-json\/wp\/v2\/pages"}],"about":[{"href":"https:\/\/semmelweis.hu\/bizottsagok\/wp-json\/wp\/v2\/types\/page"}],"author":[{"embeddable":true,"href":"https:\/\/semmelweis.hu\/bizottsagok\/wp-json\/wp\/v2\/users\/102235"}],"replies":[{"embeddable":true,"href":"https:\/\/semmelweis.hu\/bizottsagok\/wp-json\/wp\/v2\/comments?post=1067"}],"version-history":[{"count":2,"href":"https:\/\/semmelweis.hu\/bizottsagok\/wp-json\/wp\/v2\/pages\/1067\/revisions"}],"predecessor-version":[{"id":1248,"href":"https:\/\/semmelweis.hu\/bizottsagok\/wp-json\/wp\/v2\/pages\/1067\/revisions\/1248"}],"up":[{"embeddable":true,"href":"https:\/\/semmelweis.hu\/bizottsagok\/wp-json\/wp\/v2\/pages\/1137"}],"wp:attachment":[{"href":"https:\/\/semmelweis.hu\/bizottsagok\/wp-json\/wp\/v2\/media?parent=1067"}],"wp:term":[{"taxonomy":"category","embeddable":true,"href":"https:\/\/semmelweis.hu\/bizottsagok\/wp-json\/wp\/v2\/categories?post=1067"},{"taxonomy":"post_tag","embeddable":true,"href":"https:\/\/semmelweis.hu\/bizottsagok\/wp-json\/wp\/v2\/tags?post=1067"}],"curies":[{"name":"wp","href":"https:\/\/api.w.org\/{rel}","templated":true}]}}