{"id":1062,"date":"2021-01-04T14:17:25","date_gmt":"2021-01-04T13:17:25","guid":{"rendered":"https:\/\/semmelweis.hu\/bizottsagok\/?page_id=1062"},"modified":"2026-02-05T14:31:40","modified_gmt":"2026-02-05T13:31:40","slug":"pak-publication-and-library-committee-andras-peto-faculty-i-e-pak","status":"publish","type":"page","link":"https:\/\/semmelweis.hu\/bizottsagok\/en\/constant-committees\/pak-committees\/pak-publication-and-library-committee-andras-peto-faculty-i-e-pak\/","title":{"rendered":"PAK PUBLICATION AND LIBRARY COMMITTEE"},"content":{"rendered":"<div class=\"responsive-tabs\">\n<h2 class=\"tabtitle\">Tasks and Competences<\/h2>\n<div class=\"tabcontent\">\n\n<ul>\n<li>the Committee proposes library magazine and book purchases,<\/li>\n<li>It promotes new books and periodicals in the library; the members of the Committee delegated by the H\u00d6K ensures that the students are informed as widely as possible about the new purchases of the M\u00e1ria H\u00e1ri Library and Resource Center,<\/li>\n<li>the Committee proposes the publishing activities of the Faculty, during which the most important conductive pedagogical textbook, book, notes intended for publication are established,<\/li>\n<li>Each year, the Committee proposes that Semmelweis University&#8217;s annual textbook grant be used by PAK for the Faculty&#8217;s own production of lecture notes or the University&#8217;s textbook grant practice should be applied,<\/li>\n<li>the Committee constantly monitors, seeks out, and proposes tendering opportunities that support book publishing and facilitate book purchase.<\/li>\n<\/ul>\n\n<\/div><h2 class=\"tabtitle\">Members<\/h2>\n<div class=\"tabcontent\">\n\n<p><strong><em>Contact:<\/em><\/strong><br \/>\n<strong><em>Email:<\/em><\/strong><\/p>\n    \r\n    <div id=\"peopleContainer\" style=\"text-align:center;\">\r\n    <input type=\"hidden\" name=\"cimkek\" id=\"cimkek\" value=\"\">\r\n    <input type=\"hidden\" name=\"kihagy_aktiv\" id=\"kihagy_aktiv\" value=\"Reason for termination||megszunes_oka,Date of termination||<br \/>\nmegszunes_datuma\">\r\n    <input type=\"hidden\" name=\"kihagy_archiv\" id=\"kihagy_archiv\" value=\"\">\r\n    <div id=\"aktivTagokContainer\" style=\"overflow:auto;\">\r\n        <table>\r\n        <thead style=\"text-align:center;\">\r\n            <th><\/th>        <\/thead>\r\n        <tbody>\r\n        <tr><td>Feket\u00e9n\u00e9 dr. Szab\u00f3<\/td><td> \u00c9va<\/td><td>Foglalkoztatott\/ Employee\/ Besch\u00e4ftigte(r)<\/td><td>Tag\/ Member\/ Mitglied<\/td><td>2020-10-29<\/td><td>2023-10-28<\/td><td><a href=\"https:\/\/semmelweis.hu\/jogigfoig\/files\/2020\/11\/195_2020_Mell%C3%A9klet_tagok.pdf\">Megb\u00edzat\u00e1si dokumentum\/ Mandate document\/ Mandatsdokument<\/a><\/td><td> <\/td><\/tr><tr><td>dr. F\u00f6ldesi <\/td><td>Ren\u00e1ta<\/td><td>Foglalkoztatott\/ Employee\/ Besch\u00e4ftigte(r)<\/td><td>Tag\/ Member\/ Mitglied<\/td><td>2020-10-28<\/td><td>2021-10-29<\/td><td><a href=\"https:\/\/semmelweis.hu\/jogigfoig\/files\/2020\/11\/195_2020_Mell%C3%A9klet_tagok.pdf\">Megb\u00edzat\u00e1si dokumentum\/ Mandate document\/ Mandatsdokument<\/a><\/td><td> <\/td><\/tr><tr><td>dr. Mascher <\/td><td>R\u00f3bert<\/td><td>Foglalkoztatott\/ Employee\/ Besch\u00e4ftigte(r)<\/td><td>Tag\/ Member\/ Mitglied<\/td><td>2020-10-29<\/td><td>2023-10-28<\/td><td><a href=\"https:\/\/semmelweis.hu\/jogigfoig\/files\/2020\/11\/195_2020_Mell%C3%A9klet_tagok.pdf\">Megb\u00edzat\u00e1si dokumentum\/ Mandate document\/ Mandatsdokument<\/a><\/td><td> <\/td><\/tr><tr><td>dr. Pint\u00e9r <\/td><td>Henriett<\/td><td>Foglalkoztatott\/ Employee\/ Besch\u00e4ftigte(r)<\/td><td>Tag\/ Member\/ Mitglied<\/td><td>2020-10-29<\/td><td>2023-10-28<\/td><td><a href=\"https:\/\/semmelweis.hu\/jogigfoig\/files\/2020\/11\/195_2020_Mell%C3%A9klet_tagok.pdf\">Megb\u00edzat\u00e1si dokumentum\/ Mandate document\/ Mandatsdokument<\/a><\/td><td> <\/td><\/tr><tr><td>Balogh <\/td><td>Maja<\/td><td>Hallgat\u00f3i jogviszony\/ Student status\/ Studierendenrechtsverh\u00e4ltnis<\/td><td>Tag\/ Member\/ Mitglied<\/td><td>2020-10-29<\/td><td>2023-10-28<\/td><td><a href=\"https:\/\/semmelweis.hu\/jogigfoig\/files\/2020\/11\/195_2020_Mell%C3%A9klet_tagok.pdf\">Megb\u00edzat\u00e1si dokumentum\/ Mandate document\/ Mandatsdokument<\/a><\/td><td> <\/td><\/tr><tr><td>P\u00e1l <\/td><td>Ram\u00f3na<\/td><td>Hallgat\u00f3i jogviszony\/ Student status\/ Studierendenrechtsverh\u00e4ltnis<\/td><td>Tag\/ Member\/ Mitglied<\/td><td>2020-10-29<\/td><td>2023-10-28<\/td><td><a href=\"https:\/\/semmelweis.hu\/jogigfoig\/files\/2020\/11\/195_2020_Mell%C3%A9klet_tagok.pdf\">Megb\u00edzat\u00e1si dokumentum\/ Mandate document\/ Mandatsdokument<\/a><\/td><td> <\/td><\/tr>        \r\n        \r\n        <\/tbody>\r\n        <\/table>\r\n        <\/div>\r\n\r\n    <div id=\"archivTagokContainer\" style=\"overflow:auto;\">\r\n            <div class=\"exp-col-content-holder\" style=\"border: none;\">\r\n        <a class=\"expand-cnt-link ecf_closed\" href=\"#\">Arch\u00edv<\/a>\r\n        <div class=\"hidden-content\" style=\"display: none;\">\r\n                <table>\r\n            <thead style=\"text-align:center;\">\r\n                <th><\/th>            <\/thead>\r\n            <tbody>\r\n            <tr><td>dr. Kollega Tarsoly<\/td><td> Istv\u00e1n<\/td><td>Foglalkoztatott\/ Employee\/ Besch\u00e4ftigte(r)<\/td><td>Eln\u00f6k\/ Chairperson\/ Vorsitzender<\/td><td>2020-10-29<\/td><td>2023-10-28<\/td><td><a href=\"https:\/\/semmelweis.hu\/jogigfoig\/files\/2020\/11\/195_2020_Mell%C3%A9klet_tagok.pdf\">Megb\u00edzat\u00e1si dokumentum\/ Mandate document\/ Mandatsdokument<\/a><\/td><td>Megb\u00edzat\u00e1s lej\u00e1rta<\/td><td>2023-10-28<\/td><\/tr>            <\/tbody>\r\n            <\/table>\r\n        <\/div>\r\n        <\/div>\r\n    <\/div>\r\n    <\/div>\r\n    \n\n<\/div><h2 class=\"tabtitle\">Rules of Procedure<\/h2>\n<div class=\"tabcontent\">\n\n<p><u><a href=\"https:\/\/semmelweis.hu\/jogigfoig\/files\/2020\/08\/PAK_KKB.pdf\">Rules of Procedure for the PAK Publication and Library Committee<\/a><\/u><\/p>\n\n<\/div><h2 class=\"tabtitle\">Annual Report<\/h2>\n<div class=\"tabcontent\">\n\n<p><u><a href=\"https:\/\/semmelweis.hu\/jogigfoig\/files\/2020\/08\/K%C3%B6nyvt%C3%A1r-1.pdf\">Annual Report, 2019<\/a><\/u><\/p>\n<p><u><a href=\"https:\/\/semmelweis.hu\/jogigfoig\/files\/2020\/05\/68_2020_Besz%C3%A1mol%C3%B3-a-kari-bizotts%C3%A1gok-munk%C3%A1j%C3%A1r%C3%B3l.pdf\">\u00a0Decision no. 68\/2020. (V.5.) of the Semmelweis University Senate Report on the work of the standing committees created by the Senate\u00a0<em>(Examination and Studies Committee, Credit Transfer Committee, Ethical and Disciplinary Committee, as for the Pet\u0151 Andr\u00e1s Faculty, two more committees: the Committee of Practical Training and the Publication and Library Committee)<\/em><\/a><\/u><\/p>\n<\/div><\/div>\n","protected":false},"excerpt":{"rendered":"<p>the Committee proposes library magazine and book purchases, It promotes new books and periodicals in the library; the members of the Committee delegated by the H\u00d6K ensures that the students are informed as widely as possible about the new purchases of the M\u00e1ria H\u00e1ri Library and Resource Center, the Committee proposes the publishing activities of &hellip;<\/p>\n","protected":false},"author":102235,"featured_media":0,"parent":1137,"menu_order":0,"comment_status":"closed","ping_status":"closed","template":"","meta":{"_acf_changed":false,"footnotes":""},"categories":[],"tags":[],"class_list":["post-1062","page","type-page","status-publish","hentry"],"acf":[],"_links":{"self":[{"href":"https:\/\/semmelweis.hu\/bizottsagok\/wp-json\/wp\/v2\/pages\/1062","targetHints":{"allow":["GET"]}}],"collection":[{"href":"https:\/\/semmelweis.hu\/bizottsagok\/wp-json\/wp\/v2\/pages"}],"about":[{"href":"https:\/\/semmelweis.hu\/bizottsagok\/wp-json\/wp\/v2\/types\/page"}],"author":[{"embeddable":true,"href":"https:\/\/semmelweis.hu\/bizottsagok\/wp-json\/wp\/v2\/users\/102235"}],"replies":[{"embeddable":true,"href":"https:\/\/semmelweis.hu\/bizottsagok\/wp-json\/wp\/v2\/comments?post=1062"}],"version-history":[{"count":3,"href":"https:\/\/semmelweis.hu\/bizottsagok\/wp-json\/wp\/v2\/pages\/1062\/revisions"}],"predecessor-version":[{"id":2828,"href":"https:\/\/semmelweis.hu\/bizottsagok\/wp-json\/wp\/v2\/pages\/1062\/revisions\/2828"}],"up":[{"embeddable":true,"href":"https:\/\/semmelweis.hu\/bizottsagok\/wp-json\/wp\/v2\/pages\/1137"}],"wp:attachment":[{"href":"https:\/\/semmelweis.hu\/bizottsagok\/wp-json\/wp\/v2\/media?parent=1062"}],"wp:term":[{"taxonomy":"category","embeddable":true,"href":"https:\/\/semmelweis.hu\/bizottsagok\/wp-json\/wp\/v2\/categories?post=1062"},{"taxonomy":"post_tag","embeddable":true,"href":"https:\/\/semmelweis.hu\/bizottsagok\/wp-json\/wp\/v2\/tags?post=1062"}],"curies":[{"name":"wp","href":"https:\/\/api.w.org\/{rel}","templated":true}]}}