{"id":1049,"date":"2021-01-04T14:07:30","date_gmt":"2021-01-04T13:07:30","guid":{"rendered":"https:\/\/semmelweis.hu\/bizottsagok\/?page_id=1049"},"modified":"2023-03-16T12:21:45","modified_gmt":"2023-03-16T11:21:45","slug":"committee-for-students-social-affairs-and-equal-opportunities","status":"publish","type":"page","link":"https:\/\/semmelweis.hu\/bizottsagok\/en\/constant-committees\/committees-with-university-competence\/committee-for-students-social-affairs-and-equal-opportunities\/","title":{"rendered":"COMMITTEE FOR STUDENTS\u2019 SOCIAL AFFAIRS AND EQUAL OPPORTUNITIES"},"content":{"rendered":"<div class=\"responsive-tabs\">\n<h2 class=\"tabtitle\">Tasks and Competences<\/h2>\n<div class=\"tabcontent\">\n\n<p>The tasks of the Committee are regulated by the University Regulations of Refunds and Allowances.<\/p>\n<p>The tasks of the Committee:<\/p>\n<ul>\n<li>Basic support for regular and extraordinary social scholarship applications<\/li>\n<li>determining the student\u2019s social score by Appendix no.1 of the TJSZ<\/li>\n<li>determining whether a student belongs to the 10% or 20% need for support group.<\/li>\n<li>Assessment of first-year and senior dormitory applications.<\/li>\n<li>Making proposal to the Rector regarding dormitory fee exemption.<\/li>\n<li>Commenting on requests for installments \/ deferrals and exemptions in the case of reimbursement \/ flat-cost.<\/li>\n<\/ul>\n\n<\/div><h2 class=\"tabtitle\">Members<\/h2>\n<div class=\"tabcontent\">\n\n<p><strong><em>Contact:<\/em><\/strong>\u00a0Rita D\u00f3zsa-Sedl\u00e1k <br \/>\n<strong><em>Email:<\/em><\/strong>\u00a0<u><a href=\"mailto:sedlak.rita@semmelweis-univ.hu\">sedlak.rita@semmelweis-univ.hu<\/a><\/u><\/p>\n    \r\n    <div id=\"peopleContainer\" style=\"text-align:center;\">\r\n    <input type=\"hidden\" name=\"cimkek\" id=\"cimkek\" value=\"\">\r\n    <input type=\"hidden\" name=\"kihagy_aktiv\" id=\"kihagy_aktiv\" value=\"Reason for termination||megszunes_oka,Date of termination||<br \/>\nmegszunes_datuma\">\r\n    <input type=\"hidden\" name=\"kihagy_archiv\" id=\"kihagy_archiv\" value=\"\">\r\n    <div id=\"aktivTagokContainer\" style=\"overflow:auto;\">\r\n        <table>\r\n        <thead style=\"text-align:center;\">\r\n            <th><\/th>        <\/thead>\r\n        <tbody>\r\n        <tr><td>Dr. Terebessy<\/td><td>Andr\u00e1s<\/td><td>Foglalkoztatott\/ Employee\/ Besch\u00e4ftigte(r)<\/td><td>Tag\/ Member\/ Mitglied<\/td><td>2024-09-27<\/td><td>2027-09-30<\/td><td><a href=\"https:\/\/semmelweis.hu\/jogigfoig\/files\/2024\/10\/80_2024_SZEB-szemelyi-osszetetel-megujitasa.pdf\">Megb\u00edzat\u00e1si dokumentum\/ Mandate document\/ Mandatsdokument<\/a><\/td><\/tr><tr><td>Dr. R\u00f3zsa<\/td><td>No\u00e9mi Katinka<\/td><td>Foglalkoztatott\/ Employee\/ Besch\u00e4ftigte(r)<\/td><td>Eln\u00f6k\/ Chairperson\/ Vorsitzender<\/td><td>2024-09-27<\/td><td>2027-09-30<\/td><td><a href=\"https:\/\/semmelweis.hu\/jogigfoig\/files\/2024\/10\/80_2024_SZEB-szemelyi-osszetetel-megujitasa.pdf\">Megb\u00edzat\u00e1si dokumentum\/ Mandate document\/ Mandatsdokument<\/a><\/td><\/tr><tr><td>Dr. Kiss<\/td><td>Judit<\/td><td>Foglalkoztatott\/ Employee\/ Besch\u00e4ftigte(r)<\/td><td>Tag\/ Member\/ Mitglied<\/td><td>2024-09-27<\/td><td>2027-09-30<\/td><td><a href=\"https:\/\/semmelweis.hu\/jogigfoig\/files\/2024\/10\/80_2024_SZEB-szemelyi-osszetetel-megujitasa.pdf\">Megb\u00edzat\u00e1si dokumentum\/ Mandate document\/ Mandatsdokument<\/a><\/td><\/tr><tr><td>Dr. Horv\u00e1th<\/td><td>P\u00e9ter<\/td><td>Foglalkoztatott\/ Employee\/ Besch\u00e4ftigte(r)<\/td><td>Tag\/ Member\/ Mitglied<\/td><td>2024-09-27<\/td><td>2027-09-30<\/td><td><a href=\"https:\/\/semmelweis.hu\/jogigfoig\/files\/2024\/10\/80_2024_SZEB-szemelyi-osszetetel-megujitasa.pdf\">Megb\u00edzat\u00e1si dokumentum\/ Mandate document\/ Mandatsdokument<\/a><\/td><\/tr><tr><td>Dr. Balogh<\/td><td>Emese Celeszta<\/td><td>Foglalkoztatott\/ Employee\/ Besch\u00e4ftigte(r)<\/td><td>Tag\/ Member\/ Mitglied<\/td><td>2024-09-27<\/td><td>2027-09-30<\/td><td><a href=\"https:\/\/semmelweis.hu\/jogigfoig\/files\/2024\/10\/80_2024_SZEB-szemelyi-osszetetel-megujitasa.pdf\">Megb\u00edzat\u00e1si dokumentum\/ Mandate document\/ Mandatsdokument<\/a><\/td><\/tr><tr><td>Krebs<\/td><td>M\u00e1t\u00e9<\/td><td>Hallgat\u00f3i jogviszony\/ Student status\/ Studierendenrechtsverh\u00e4ltnis<\/td><td>Tag\/ Member\/ Mitglied<\/td><td>2024-09-27<\/td><td>2027-09-30<\/td><td><a href=\"https:\/\/semmelweis.hu\/jogigfoig\/files\/2024\/10\/80_2024_SZEB-szemelyi-osszetetel-megujitasa.pdf\">Megb\u00edzat\u00e1si dokumentum\/ Mandate document\/ Mandatsdokument<\/a><\/td><td> <\/td><\/tr><tr><td>G\u00e1l<\/td><td>Benedek<\/td><td>Hallgat\u00f3i jogviszony\/ Student status\/ Studierendenrechtsverh\u00e4ltnis<\/td><td>Tag\/ Member\/ Mitglied<\/td><td>2024-09-27<\/td><td>2027-09-30<\/td><td><a href=\"https:\/\/semmelweis.hu\/jogigfoig\/files\/2024\/10\/80_2024_SZEB-szemelyi-osszetetel-megujitasa.pdf\">Megb\u00edzat\u00e1si dokumentum\/ Mandate document\/ Mandatsdokument<\/a><\/td><td> <\/td><\/tr><tr><td>Nagy<\/td><td>Imre Rich\u00e1rd<\/td><td>Hallgat\u00f3i jogviszony\/ Student status\/ Studierendenrechtsverh\u00e4ltnis<\/td><td>Tag\/ Member\/ Mitglied<\/td><td>2024-09-27<\/td><td>2027-09-30<\/td><td><a href=\"https:\/\/semmelweis.hu\/jogigfoig\/files\/2024\/10\/80_2024_SZEB-szemelyi-osszetetel-megujitasa.pdf\">Megb\u00edzat\u00e1si dokumentum\/ Mandate document\/ Mandatsdokument<\/a><\/td><td> <\/td><\/tr><tr><td>Putz<\/td><td>Fanni<\/td><td>Hallgat\u00f3i jogviszony\/ Student status\/ Studierendenrechtsverh\u00e4ltnis<\/td><td>Tag\/ Member\/ Mitglied<\/td><td>2024-09-27<\/td><td>2027-09-30<\/td><td><a href=\"https:\/\/semmelweis.hu\/jogigfoig\/files\/2024\/10\/80_2024_SZEB-szemelyi-osszetetel-megujitasa.pdf\">Megb\u00edzat\u00e1si dokumentum\/ Mandate document\/ Mandatsdokument<\/a><\/td><td> <\/td><\/tr><tr><td>G\u00e1l<\/td><td>Petra<\/td><td>Hallgat\u00f3i jogviszony\/ Student status\/ Studierendenrechtsverh\u00e4ltnis<\/td><td>Tag\/ Member\/ Mitglied<\/td><td>2024-09-27<\/td><td>2027-09-30<\/td><td><a href=\"https:\/\/semmelweis.hu\/jogigfoig\/files\/2024\/10\/80_2024_SZEB-szemelyi-osszetetel-megujitasa.pdf\">Megb\u00edzat\u00e1si dokumentum\/ Mandate document\/ Mandatsdokument<\/a><\/td><td> <\/td><\/tr><tr><td>Dr. T\u00f3th<\/td><td>Zolt\u00e1n<\/td><td>Foglalkoztatott\/ Employee\/ Besch\u00e4ftigte(r)<\/td><td>Tag\/ Member\/ Mitglied<\/td><td>2024-09-27<\/td><td>2027-09-30<\/td><td><a href=\"https:\/\/semmelweis.hu\/jogigfoig\/files\/2024\/10\/80_2024_SZEB-szemelyi-osszetetel-megujitasa.pdf\">Megb\u00edzat\u00e1si dokumentum\/ Mandate document\/ Mandatsdokument<\/a><\/td><td> <\/td><\/tr><tr><td>Egle<\/td><td>Luca<\/td><td>Hallgat\u00f3i jogviszony\/ Student status\/ Studierendenrechtsverh\u00e4ltnis<\/td><td>Tag\/ Member\/ Mitglied<\/td><td>2024-09-27<\/td><td>2027-09-30<\/td><td><a href=\"https:\/\/semmelweis.hu\/jogigfoig\/files\/2024\/10\/80_2024_SZEB-szemelyi-osszetetel-megujitasa.pdf\">Megb\u00edzat\u00e1si dokumentum\/ Mandate document\/ Mandatsdokument<\/a><\/td><td> <\/td><\/tr><tr><td>Szab\u00f3<\/td><td>G\u00e1bor<\/td><td>Hallgat\u00f3i jogviszony\/ Student status\/ Studierendenrechtsverh\u00e4ltnis<\/td><td>Tag\/ Member\/ Mitglied<\/td><td>2024-09-27<\/td><td>2027-09-30<\/td><td><a href=\"https:\/\/semmelweis.hu\/jogigfoig\/files\/2024\/10\/80_2024_SZEB-szemelyi-osszetetel-megujitasa.pdf\">Megb\u00edzat\u00e1si dokumentum\/ Mandate document\/ Mandatsdokument<\/a><\/td><td> <\/td><\/tr>        \r\n        \r\n        <\/tbody>\r\n        <\/table>\r\n        <\/div>\r\n\r\n    <div id=\"archivTagokContainer\" style=\"overflow:auto;\">\r\n            <div class=\"exp-col-content-holder\" style=\"border: none;\">\r\n        <a class=\"expand-cnt-link ecf_closed\" href=\"#\">Arch\u00edv<\/a>\r\n        <div class=\"hidden-content\" style=\"display: none;\">\r\n                <table>\r\n            <thead style=\"text-align:center;\">\r\n                <th><\/th>            <\/thead>\r\n            <tbody>\r\n            <tr><td>Dr. Beny\u00f3<\/td><td>Zolt\u00e1n<\/td><td>Foglalkoztatott\/ Employee\/ Besch\u00e4ftigte(r)<\/td><td>Eln\u00f6k\/ Chairperson\/ Vorsitzender<\/td><td>2021-09-27<\/td><td>2024-09-26<\/td><td><a href=\"https:\/\/semmelweis.hu\/jogigfoig\/files\/2021\/07\/56_2021_a-Hallgat%C3%B3k-Szoci%C3%A1lis-%C3%A9s-Es%C3%A9lyegyenl%C5%91s%C3%A9gi-%C3%9Cgyeivel-Foglalkoz%C3%B3-Bizotts%C3%A1g-SZEB-szem%C3%A9lyi-%C3%B6sszet%C3%A9tel%C3%A9nek-a-meg%C3%BAj%C3%ADt%C3%A1s%C3%A1r%C3%B3l.pdf\">Megb\u00edzat\u00e1si dokumentum\/ Mandate document\/ Mandatsdokument<\/a><\/td><td>Megb\u00edzat\u00e1s lej\u00e1rta<\/td><\/tr><tr><td>T\u00f3th<\/td><td>Tam\u00e1s <\/td><td>Foglalkoztatott\/ Employee\/ Besch\u00e4ftigte(r)<\/td><td>Tag\/ Member\/ Mitglied<\/td><td>2021-09-27<\/td><td>2024-09-26<\/td><td><a href=\"https:\/\/semmelweis.hu\/jogigfoig\/files\/2021\/07\/56_2021_a-Hallgat%C3%B3k-Szoci%C3%A1lis-%C3%A9s-Es%C3%A9lyegyenl%C5%91s%C3%A9gi-%C3%9Cgyeivel-Foglalkoz%C3%B3-Bizotts%C3%A1g-SZEB-szem%C3%A9lyi-%C3%B6sszet%C3%A9tel%C3%A9nek-a-meg%C3%BAj%C3%ADt%C3%A1s%C3%A1r%C3%B3l.pdf\">Megb\u00edzat\u00e1si dokumentum\/ Mandate document\/ Mandatsdokument<\/a><\/td><td>Megb\u00edzat\u00e1s lej\u00e1rta<\/td><\/tr><tr><td>Simon<\/td><td>Eszter<\/td><td>Hallgat\u00f3i jogviszony\/ Student status\/ Studierendenrechtsverh\u00e4ltnis<\/td><td>Tag\/ Member\/ Mitglied<\/td><td>2018-09-27<\/td><td>2021-09-26<\/td><td><a href=\"https:\/\/semmelweis.hu\/jogigfoig\/files\/2018\/10\/111_IX.-27-sz_hat_2018_SZEB-szem%C3%A9lyi-%C3%B6sszet%C3%A9tel.pdf\">Megb\u00edzat\u00e1si dokumentum\/ Mandate document\/ Mandatsdokument<\/a><\/td><td>Egy\u00e9b megsz\u0171n\u00e9si ok<\/td><\/tr><tr><td>Pap<\/td><td>D\u00e1vid<\/td><td>Hallgat\u00f3i jogviszony\/ Student status\/ Studierendenrechtsverh\u00e4ltnis<\/td><td>Tag\/ Member\/ Mitglied<\/td><td>2019-09-30<\/td><td>2021-09-27<\/td><td><a href=\"https:\/\/semmelweis.hu\/jogigfoig\/files\/2019\/10\/107_A-Hallgat%C3%B3k-Szoci%C3%A1lis-%C3%A9s-Es%C3%A9lyegyenl%C5%91s%C3%A9gi-%C3%9Cgyeivel-Foglalkoz%C3%B3-Bizotts%C3%A1g-SZEB-szem%C3%A9lyu-%C3%B6sszet%C3%A9tel%C3%A9nek-m%C3%B3dos%C3%ADt%C3%A1s%C3%A1r%C3%B3l.pdf\">Megb\u00edzat\u00e1si dokumentum\/ Mandate document\/ Mandatsdokument<\/a><\/td><td>Egy\u00e9b megsz\u0171n\u00e9si ok<\/td><\/tr><tr><td>Sz\u0171cs<\/td><td>Attila<\/td><td>Hallgat\u00f3i jogviszony\/ Student status\/ Studierendenrechtsverh\u00e4ltnis<\/td><td>Tag\/ Member\/ Mitglied<\/td><td>2021-09-27<\/td><td>2024-09-26<\/td><td><a href=\"https:\/\/semmelweis.hu\/jogigfoig\/files\/2021\/07\/56_2021_a-Hallgat%C3%B3k-Szoci%C3%A1lis-%C3%A9s-Es%C3%A9lyegyenl%C5%91s%C3%A9gi-%C3%9Cgyeivel-Foglalkoz%C3%B3-Bizotts%C3%A1g-SZEB-szem%C3%A9lyi-%C3%B6sszet%C3%A9tel%C3%A9nek-a-meg%C3%BAj%C3%ADt%C3%A1s%C3%A1r%C3%B3l.pdf\">Megb\u00edzat\u00e1si dokumentum\/ Mandate document\/ Mandatsdokument<\/a><\/td><td>Egy\u00e9b megsz\u0171n\u00e9si ok<\/td><\/tr><tr><td>Tak\u00e1cs<\/td><td>F\u00e9lix<\/td><td>Hallgat\u00f3i jogviszony\/ Student status\/ Studierendenrechtsverh\u00e4ltnis<\/td><td>Tag\/ Member\/ Mitglied<\/td><td>2021-09-27<\/td><td>2024-09-26<\/td><td><a href=\"https:\/\/semmelweis.hu\/jogigfoig\/files\/2021\/07\/56_2021_a-Hallgat%C3%B3k-Szoci%C3%A1lis-%C3%A9s-Es%C3%A9lyegyenl%C5%91s%C3%A9gi-%C3%9Cgyeivel-Foglalkoz%C3%B3-Bizotts%C3%A1g-SZEB-szem%C3%A9lyi-%C3%B6sszet%C3%A9tel%C3%A9nek-a-meg%C3%BAj%C3%ADt%C3%A1s%C3%A1r%C3%B3l.pdf\">Megb\u00edzat\u00e1si dokumentum\/ Mandate document\/ Mandatsdokument<\/a><\/td><td>Egy\u00e9b megsz\u0171n\u00e9si ok<\/td><\/tr><tr><td>Tolvaj<\/td><td>M\u00e1t\u00e9<\/td><td>Hallgat\u00f3i jogviszony\/ Student status\/ Studierendenrechtsverh\u00e4ltnis<\/td><td>Tag\/ Member\/ Mitglied<\/td><td>2021-09-27<\/td><td>2024-09-26<\/td><td><a href=\"https:\/\/semmelweis.hu\/jogigfoig\/files\/2021\/07\/56_2021_a-Hallgat%C3%B3k-Szoci%C3%A1lis-%C3%A9s-Es%C3%A9lyegyenl%C5%91s%C3%A9gi-%C3%9Cgyeivel-Foglalkoz%C3%B3-Bizotts%C3%A1g-SZEB-szem%C3%A9lyi-%C3%B6sszet%C3%A9tel%C3%A9nek-a-meg%C3%BAj%C3%ADt%C3%A1s%C3%A1r%C3%B3l.pdf\">Megb\u00edzat\u00e1si dokumentum\/ Mandate document\/ Mandatsdokument<\/a><\/td><td>Egy\u00e9b megsz\u0171n\u00e9si ok<\/td><\/tr><tr><td>Horv\u00e1th<\/td><td>M\u00e1ty\u00e1s<\/td><td>Hallgat\u00f3i jogviszony\/ Student status\/ Studierendenrechtsverh\u00e4ltnis<\/td><td>Tag\/ Member\/ Mitglied<\/td><td>2018-09-27<\/td><td>2021-09-26<\/td><td><a href=\"https:\/\/semmelweis.hu\/jogigfoig\/files\/2018\/10\/111_IX.-27-sz_hat_2018_SZEB-szem%C3%A9lyi-%C3%B6sszet%C3%A9tel.pdf\">Megb\u00edzat\u00e1si dokumentum\/ Mandate document\/ Mandatsdokument<\/a><\/td><td>Egy\u00e9b megsz\u0171n\u00e9si ok<\/td><\/tr><tr><td>Tripolszky<\/td><td>B\u00e1lint<\/td><td>Hallgat\u00f3i jogviszony\/Student status\/Studierendenrechtsverh\u00e4ltnis<\/td><td>Tag\/ Member\/ Mitglied<\/td><td>2021-09-27<\/td><td>2024-09-26<\/td><td><a href=\"https:\/\/semmelweis.hu\/jogigfoig\/files\/2021\/07\/56_2021_a-Hallgat%C3%B3k-Szoci%C3%A1lis-%C3%A9s-Es%C3%A9lyegyenl%C5%91s%C3%A9gi-%C3%9Cgyeivel-Foglalkoz%C3%B3-Bizotts%C3%A1g-SZEB-szem%C3%A9lyi-%C3%B6sszet%C3%A9tel%C3%A9nek-a-meg%C3%BAj%C3%ADt%C3%A1s%C3%A1r%C3%B3l.pdf\">Megb\u00edzat\u00e1si dokumentum\/Mandate document\/Mandatsdokument<\/a><\/td><td>Egy\u00e9b megsz\u0171n\u00e9si ok<\/td><\/tr><tr><td>N\u00e9meth<\/td><td>Dorottya<\/td><td>Hallgat\u00f3i jogviszony\/ Student status\/ Studierendenrechtsverh\u00e4ltnis<\/td><td>Tag\/ Member\/ Mitglied<\/td><td>2021-09-27<\/td><td>2024-09-26<\/td><td><a href=\"https:\/\/semmelweis.hu\/jogigfoig\/files\/2021\/07\/56_2021_a-Hallgat%C3%B3k-Szoci%C3%A1lis-%C3%A9s-Es%C3%A9lyegyenl%C5%91s%C3%A9gi-%C3%9Cgyeivel-Foglalkoz%C3%B3-Bizotts%C3%A1g-SZEB-szem%C3%A9lyi-%C3%B6sszet%C3%A9tel%C3%A9nek-a-meg%C3%BAj%C3%ADt%C3%A1s%C3%A1r%C3%B3l.pdf\">Megb\u00edzat\u00e1si dokumentum\/ Mandate document\/ Mandatsdokument<\/a><\/td><td>Egy\u00e9b megsz\u0171n\u00e9si ok<\/td><td>2022-11-23<\/td><\/tr><tr><td>Kov\u00e1cs<\/td><td>D\u00e1niel Tibor<\/td><td>Hallgat\u00f3i jogviszony\/ Student status\/ Studierendenrechtsverh\u00e4ltnis<\/td><td>Tag\/ Member\/ Mitglied<\/td><td>2021-09-27<\/td><td>2024-09-26<\/td><td><a href=\"https:\/\/semmelweis.hu\/jogigfoig\/files\/2021\/07\/56_2021_a-Hallgat%C3%B3k-Szoci%C3%A1lis-%C3%A9s-Es%C3%A9lyegyenl%C5%91s%C3%A9gi-%C3%9Cgyeivel-Foglalkoz%C3%B3-Bizotts%C3%A1g-SZEB-szem%C3%A9lyi-%C3%B6sszet%C3%A9tel%C3%A9nek-a-meg%C3%BAj%C3%ADt%C3%A1s%C3%A1r%C3%B3l.pdf\">Megb\u00edzat\u00e1si dokumentum\/ Mandate document\/ Mandatsdokument<\/a><\/td><td>Egy\u00e9b megsz\u0171n\u00e9si ok<\/td><td>2022-11-23<\/td><\/tr><tr><td>Balogh<\/td><td>Bence B\u00e1lint<\/td><td>Hallgat\u00f3i jogviszony\/ Student status\/ Studierendenrechtsverh\u00e4ltnis<\/td><td>Tag\/ Member\/ Mitglied<\/td><td>2021-09-27<\/td><td>2024-09-26<\/td><td><a href=\"https:\/\/semmelweis.hu\/jogigfoig\/files\/2021\/07\/56_2021_a-Hallgat%C3%B3k-Szoci%C3%A1lis-%C3%A9s-Es%C3%A9lyegyenl%C5%91s%C3%A9gi-%C3%9Cgyeivel-Foglalkoz%C3%B3-Bizotts%C3%A1g-SZEB-szem%C3%A9lyi-%C3%B6sszet%C3%A9tel%C3%A9nek-a-meg%C3%BAj%C3%ADt%C3%A1s%C3%A1r%C3%B3l.pdf\">Megb\u00edzat\u00e1si dokumentum\/ Mandate document\/ Mandatsdokument<\/a><\/td><td>Egy\u00e9b megsz\u0171n\u00e9si ok<\/td><td>2022-11-23<\/td><\/tr><tr><td>H\u00e1mori<\/td><td>Attila<\/td><td>Hallgat\u00f3i jogviszony\/ Student status\/ Studierendenrechtsverh\u00e4ltnis<\/td><td>Tag\/ Member\/ Mitglied<\/td><td>2022-11-24<\/td><td>2024-09-26<\/td><td><a href=\"https:\/\/semmelweis.hu\/jogigfoig\/files\/2022\/12\/100_2022_SZEB-hallgatoi-osszetetel.pdf\">Megb\u00edzat\u00e1si dokumentum\/ Mandate document\/ Mandatsdokument<\/a><\/td><td>Egy\u00e9b megsz\u0171n\u00e9si ok<\/td><td>2023-06-28<\/td><\/tr><tr><td>Cern\u00e1k Noi<\/td><td>R\u00e9ka<\/td><td>Hallgat\u00f3i jogviszony\/ Student status\/ Studierendenrechtsverh\u00e4ltnis<\/td><td>Tag\/ Member\/ Mitglied<\/td><td>2022-11-24<\/td><td>2024-09-26<\/td><td><a href=\"https:\/\/semmelweis.hu\/jogigfoig\/files\/2022\/12\/100_2022_SZEB-hallgatoi-osszetetel.pdf\">Megb\u00edzat\u00e1si dokumentum\/ Mandate document\/ Mandatsdokument<\/a><\/td><td>Megb\u00edzat\u00e1s lej\u00e1rta<\/td><td>2024-09-26<\/td><\/tr><tr><td>Ruha<\/td><td>Midi\u00e1n<\/td><td>Hallgat\u00f3i jogviszony\/ Student status\/ Studierendenrechtsverh\u00e4ltnis<\/td><td>Tag\/ Member\/ Mitglied<\/td><td>2022-11-24<\/td><td>2024-09-26<\/td><td><a href=\"https:\/\/semmelweis.hu\/jogigfoig\/files\/2022\/12\/100_2022_SZEB-hallgatoi-osszetetel.pdf\">Megb\u00edzat\u00e1si dokumentum\/ Mandate document\/ Mandatsdokument<\/a><\/td><td>Egy\u00e9b megsz\u0171n\u00e9si ok<\/td><td>2023-06-28<\/td><\/tr><tr><td>P\u00e1l<\/td><td>Kinga \u00c1gnes<\/td><td>Hallgat\u00f3i jogviszony\/ Student status\/ Studierendenrechtsverh\u00e4ltnis<\/td><td>Tag\/ Member\/ Mitglied<\/td><td>2023-06-29<\/td><td>2024-09-26<\/td><td><a href=\"https:\/\/semmelweis.hu\/jogigfoig\/files\/2023\/07\/62_2023_egyetemi-hataskoru-bizottsagok.pdf\">Megb\u00edzat\u00e1si dokumentum\/ Mandate document\/ Mandatsdokument<\/a><\/td><td>Megb\u00edzat\u00e1s lej\u00e1rta<\/td><td>2024-09-26<\/td><\/tr>            <\/tbody>\r\n            <\/table>\r\n        <\/div>\r\n        <\/div>\r\n    <\/div>\r\n    <\/div>\r\n    \n\n<\/div><h2 class=\"tabtitle\">Rules of Procedure<\/h2>\n<div class=\"tabcontent\">\n\n<p><u><a href=\"https:\/\/semmelweis.hu\/jogigfoig\/2018\/10\/04\/r-1-2018-x-03-szamu-rektori-utasitas-teritesi-es-juttatasi-ugyrend-kiadasarol\/\">Rules of Procedure for the Committee for Students\u2019 Social Affairs and Equal Opportunities<\/a><\/u><\/p>\n\n<\/div><h2 class=\"tabtitle\">Annual Report<\/h2>\n<div class=\"tabcontent\">\n\n<p><a href=\"https:\/\/semmelweis.hu\/bizottsagok\/files\/2023\/03\/12_2023_az-Egyetem-egeszere-kiterjedo-hataskorrel-rendelkezo-allando-bizottsagok-munkajarol.pdf\" target=\"_blank\" rel=\"noopener\">Decision no. 12\/2023. (II. 9.) of the Semmelweis University Senate approving the report on the work of the standing committees with University-wide competencies established by the Senate<\/a><\/p>\n<p><a href=\"https:\/\/semmelweis.hu\/bizottsagok\/files\/2023\/03\/Beszamolo_Szocialis-es-Eselyegyenlosegi-Bizottsag_2022.pdf\" target=\"_blank\" rel=\"noopener\">Annual report of the Committee for Students\u2019 Social Affairs and Equal Opportunities \u2013 2022<\/a><\/p>\n<p><a href=\"https:\/\/semmelweis.hu\/bizottsagok\/files\/2023\/03\/Beszamolo_Szocialis-es-Eselyegyenlosegi-Bizottsag_2021.pdf\" target=\"_blank\" rel=\"noopener\">Annual report of the Committee for Students\u2019 Social Affairs and Equal Opportunities \u2013 2021<\/a><\/p>\n<p><a href=\"https:\/\/semmelweis.hu\/jogigfoig\/files\/2020\/03\/SZEB.pdf\" target=\"_blank\" rel=\"noopener\">Annual report of the Committee for Students\u2019 Social Affairs and Equal Opportunities \u2013 2020<\/a><\/p>\n<p><a href=\"https:\/\/semmelweis.hu\/bizottsagok\/files\/2021\/02\/SzEB-besz\u00e1mol\u00f3_2020-2.pdf\" target=\"_blank\" rel=\"noopener\">Annual report of the Committee for Students\u2019 Social Affairs and Equal Opportunities \u2013 2019<\/a><\/p>\n<\/div><\/div>\n","protected":false},"excerpt":{"rendered":"<p>The tasks of the Committee are regulated by the University Regulations of Refunds and Allowances. The tasks of the Committee: Basic support for regular and extraordinary social scholarship applications determining the student\u2019s social score by Appendix no.1 of the TJSZ determining whether a student belongs to the 10% or 20% need for support group. Assessment &hellip;<\/p>\n","protected":false},"author":101595,"featured_media":0,"parent":1094,"menu_order":0,"comment_status":"closed","ping_status":"closed","template":"","meta":{"_acf_changed":false,"footnotes":""},"categories":[],"tags":[],"class_list":["post-1049","page","type-page","status-publish","hentry"],"acf":[],"_links":{"self":[{"href":"https:\/\/semmelweis.hu\/bizottsagok\/wp-json\/wp\/v2\/pages\/1049","targetHints":{"allow":["GET"]}}],"collection":[{"href":"https:\/\/semmelweis.hu\/bizottsagok\/wp-json\/wp\/v2\/pages"}],"about":[{"href":"https:\/\/semmelweis.hu\/bizottsagok\/wp-json\/wp\/v2\/types\/page"}],"author":[{"embeddable":true,"href":"https:\/\/semmelweis.hu\/bizottsagok\/wp-json\/wp\/v2\/users\/101595"}],"replies":[{"embeddable":true,"href":"https:\/\/semmelweis.hu\/bizottsagok\/wp-json\/wp\/v2\/comments?post=1049"}],"version-history":[{"count":7,"href":"https:\/\/semmelweis.hu\/bizottsagok\/wp-json\/wp\/v2\/pages\/1049\/revisions"}],"predecessor-version":[{"id":2295,"href":"https:\/\/semmelweis.hu\/bizottsagok\/wp-json\/wp\/v2\/pages\/1049\/revisions\/2295"}],"up":[{"embeddable":true,"href":"https:\/\/semmelweis.hu\/bizottsagok\/wp-json\/wp\/v2\/pages\/1094"}],"wp:attachment":[{"href":"https:\/\/semmelweis.hu\/bizottsagok\/wp-json\/wp\/v2\/media?parent=1049"}],"wp:term":[{"taxonomy":"category","embeddable":true,"href":"https:\/\/semmelweis.hu\/bizottsagok\/wp-json\/wp\/v2\/categories?post=1049"},{"taxonomy":"post_tag","embeddable":true,"href":"https:\/\/semmelweis.hu\/bizottsagok\/wp-json\/wp\/v2\/tags?post=1049"}],"curies":[{"name":"wp","href":"https:\/\/api.w.org\/{rel}","templated":true}]}}