{"id":1043,"date":"2021-01-04T14:03:37","date_gmt":"2021-01-04T13:03:37","guid":{"rendered":"https:\/\/semmelweis.hu\/bizottsagok\/?page_id=1043"},"modified":"2026-02-02T12:31:05","modified_gmt":"2026-02-02T11:31:05","slug":"studien-und-pruefungskommission-der-fakultaet-fuer-pharmazeutische-wissenschaften-gytk","status":"publish","type":"page","link":"https:\/\/semmelweis.hu\/bizottsagok\/de\/feste-kimissionen\/gytk-komissionen\/studien-und-pruefungskommission-der-fakultaet-fuer-pharmazeutische-wissenschaften-gytk\/","title":{"rendered":"STUDIEN- UND PR\u00dcFUNGSKOMMISSION DER GYTK"},"content":{"rendered":"<p>STUDIEN- UND PR\u00dcFUNGSKOMMISSION DER FAKULT\u00c4T F\u00dcR PHARMAZEUTISCHE WISSENSCHAFTEN (GYTK)<\/p>\n<p>Aufgaben und Zust\u00e4ndigkeit<\/p>\n<ul>\n<li>Genehmigung einer verg\u00fcnstigten Studienordnung,<\/li>\n<li>Erkl\u00e4rung eines bereits begonnenen Semesters nachtr\u00e4glich zum passiven Semester,<\/li>\n<li>Genehmigung von Antr\u00e4gen auf Zulassung zum\u00a0Doppelstudium oder auf Gasth\u00f6rerschaft,<\/li>\n<li>Genehmigung von Pr\u00fcfungen und Genehmigung von Pr\u00fcfungen au\u00dferhalb des Pr\u00fcfungszeitraums in besonders begr\u00fcndeten F\u00e4llen,<\/li>\n<li>Beurteilung von Billigkeitsantr\u00e4gen,<\/li>\n<li>Genehmigung von Antr\u00e4gen auf Fakult\u00e4ts- bzw. Hochschulwechsel,<\/li>\n<li>sonstige Studienangelegenheiten,<\/li>\n<li>die Zust\u00e4ndigkeit der Kommission erstreckt sich ferner auf sonstige in den Rechtsvorschriften oder der Universit\u00e4ts- bzw. Fakult\u00e4tsordnung genannte Aufgaben.\u00a0<\/li>\n<\/ul>\n<p><strong>Mitglieder<\/strong><\/p>\n<p><strong><em>Ansprechpartner:<\/em><\/strong>\u00a0<br \/>\n<strong><em>E-Mail:<\/em><\/strong><\/p>\n    \r\n    <div id=\"peopleContainer\" style=\"text-align:center;\">\r\n    <input type=\"hidden\" name=\"cimkek\" id=\"cimkek\" value=\"Nachname,Vorname,Grundlage des Mandats,Art des Mandats,Beginn des <br \/>\nMandats,Ende des Mandats,Mandatsdokument,Grund f\u00fcr das Erl\u00f6schen,Datum des <br \/>\nErl\u00f6schens\">\r\n    <input type=\"hidden\" name=\"kihagy_aktiv\" id=\"kihagy_aktiv\" value=\"Grund f\u00fcr das Erl\u00f6schen||megszunes_oka,Datum des <br \/>\nErl\u00f6schens||megszunes_datuma\">\r\n    <input type=\"hidden\" name=\"kihagy_archiv\" id=\"kihagy_archiv\" value=\"\">\r\n    <div id=\"aktivTagokContainer\" style=\"overflow:auto;\">\r\n        <table>\r\n        <thead style=\"text-align:center;\">\r\n            <th>Nachname<\/th><th>Vorname<\/th><th>Grundlage des Mandats<\/th><th>Art des Mandats<\/th><th>Beginn des <br \/>\nMandats<\/th><th>Ende des Mandats<\/th><th>Mandatsdokument<\/th>        <\/thead>\r\n        <tbody>\r\n        <tr><td>Dr. Budai <\/td><td>L\u00edvia<\/td><td>Foglalkoztatott\/ Employee\/ Besch\u00e4ftigte(r)<\/td><td>Tag\/ Member\/ Mitglied<\/td><td>2026-01-01<\/td><td>2028-12-31<\/td><td><a href=\"https:\/\/semmelweis.hu\/gytk\/files\/2025\/12\/5_2025_2026_XII_02_GYTK_KT.pdf\">Megb\u00edzat\u00e1si dokumentum\/ Mandate document\/ Mandatsdokument<\/a><\/td><\/tr><tr><td>Dr. T\u00e1bi <\/td><td>Tam\u00e1s<\/td><td>Foglalkoztatott\/ Employee\/ Besch\u00e4ftigte(r)<\/td><td>Tag\/ Member\/ Mitglied<\/td><td>2026-01-01<\/td><td>2028-12-31<\/td><td><a href=\"https:\/\/semmelweis.hu\/gytk\/files\/2025\/12\/5_2025_2026_XII_02_GYTK_KT.pdf\">Megb\u00edzat\u00e1si dokumentum\/ Mandate document\/ Mandatsdokument<\/a><\/td><\/tr><tr><td>Dr. Maz\u00e1kn\u00e9 Dr. Kraszni<\/td><td>M\u00e1rta<\/td><td>Foglalkoztatott\/ Employee\/ Besch\u00e4ftigte(r)<\/td><td>Eln\u00f6k\/ Chairperson\/ Vorsitzender<\/td><td>2026-01-01<\/td><td>2028-12-31<\/td><td><a href=\"https:\/\/semmelweis.hu\/gytk\/files\/2025\/12\/5_2025_2026_XII_02_GYTK_KT.pdf\">Megb\u00edzat\u00e1si dokumentum\/ Mandate document\/ Mandatsdokument<\/a><\/td><\/tr><tr><td>Dr. P\u00e1lla<\/td><td>Tam\u00e1s<\/td><td>Foglalkoztatott\/ Employee\/ Besch\u00e4ftigte(r)<\/td><td>Tag\/ Member\/ Mitglied<\/td><td>2026-01-01<\/td><td>2028-12-31<\/td><td><a href=\"https:\/\/semmelweis.hu\/gytk\/files\/2025\/12\/5_2025_2026_XII_02_GYTK_KT.pdf\">Megb\u00edzat\u00e1si dokumentum\/ Mandate document\/ Mandatsdokument<\/a><\/td><\/tr><tr><td>Lankovics<\/td><td>Lilla<\/td><td>Hallgat\u00f3i jogviszony\/ Student status\/ Studierendenrechtsverh\u00e4ltnis<\/td><td>Tag\/ Member\/ Mitglied<\/td><td>2026-01-01<\/td><td>2028-12-31<\/td><td><a href=\"https:\/\/semmelweis.hu\/gytk\/files\/2025\/12\/5_2025_2026_XII_02_GYTK_KT.pdf\">Megb\u00edzat\u00e1si dokumentum\/ Mandate document\/ Mandatsdokument<\/a><\/td><\/tr><tr><td>Szil\u00e1gyi<\/td><td>P\u00e9ter<\/td><td>Hallgat\u00f3i jogviszony\/ Student status\/ Studierendenrechtsverh\u00e4ltnis<\/td><td>Tag\/ Member\/ Mitglied<\/td><td>2026-01-01<\/td><td>2028-12-31<\/td><td><a href=\"https:\/\/semmelweis.hu\/gytk\/files\/2025\/12\/5_2025_2026_XII_02_GYTK_KT.pdf\">Megb\u00edzat\u00e1si dokumentum\/ Mandate document\/ Mandatsdokument<\/a><\/td><\/tr><tr><td>Vir\u00e1g<\/td><td>Fi\u00f3na<\/td><td>Hallgat\u00f3i jogviszony\/ Student status\/ Studierendenrechtsverh\u00e4ltnis<\/td><td>Tag\/ Member\/ Mitglied<\/td><td>2026-01-01<\/td><td>2028-12-31<\/td><td><a href=\"https:\/\/semmelweis.hu\/gytk\/files\/2025\/12\/5_2025_2026_XII_02_GYTK_KT.pdf\">Megb\u00edzat\u00e1si dokumentum\/ Mandate document\/ Mandatsdokument<\/a><\/td><\/tr>        \r\n        \r\n        <\/tbody>\r\n        <\/table>\r\n        <\/div>\r\n\r\n    <div id=\"archivTagokContainer\" style=\"overflow:auto;\">\r\n            <div class=\"exp-col-content-holder\" style=\"border: none;\">\r\n        <a class=\"expand-cnt-link ecf_closed\" href=\"#\">Arch\u00edv<\/a>\r\n        <div class=\"hidden-content\" style=\"display: none;\">\r\n                <table>\r\n            <thead style=\"text-align:center;\">\r\n                <th>Nachname<\/th><th>Vorname<\/th><th>Grundlage des Mandats<\/th><th>Art des Mandats<\/th><th>Beginn des <br \/>\nMandats<\/th><th>Ende des Mandats<\/th><th>Mandatsdokument<\/th><th>Grund f\u00fcr das Erl\u00f6schen<\/th><th>Datum des <br \/>\nErl\u00f6schens<\/th>            <\/thead>\r\n            <tbody>\r\n            <tr><td> Dr. V\u00f6lgyi <\/td><td>Gergely<\/td><td>Foglalkoztatott\/ Employee\/ Besch\u00e4ftigte(r)<\/td><td>Eln\u00f6k\/ Chairperson\/ Vorsitzender<\/td><td>2022-12-12<\/td><td>2025-12-31<\/td><td><a href=\"https:\/\/semmelweis.hu\/bizottsagok\/files\/2022\/12\/8_2022_2023_XII_07_GYTK_KT.pdf\">Megb\u00edzat\u00e1si dokumentum\/ Mandate document\/ Mandatsdokument<\/a><\/td><td>Egy\u00e9b megsz\u0171n\u00e9si ok<\/td><td>2023-08-31<\/td><\/tr><tr><td>Dr. Bogd\u00e1n <\/td><td>D\u00f3ra<\/td><td>Foglalkoztatott\/ Employee\/ Besch\u00e4ftigte(r)<\/td><td>Tag\/ Member\/ Mitglied<\/td><td>2022-12-12<\/td><td>2025-12-31<\/td><td><a href=\"https:\/\/semmelweis.hu\/bizottsagok\/files\/2022\/12\/8_2022_2023_XII_07_GYTK_KT.pdf\">Megb\u00edzat\u00e1si dokumentum\/ Mandate document\/ Mandatsdokument<\/a><\/td><td>  <\/td><td>  <\/td><\/tr><tr><td>Dr. T\u00f3thfalusi <\/td><td>L\u00e1szl\u00f3<\/td><td>Foglalkoztatott\/ Employee\/ Besch\u00e4ftigte(r)<\/td><td>Tag\/ Member\/ Mitglied<\/td><td>2022-12-12<\/td><td>2025-12-31<\/td><td><a href=\"https:\/\/semmelweis.hu\/gytk\/files\/2025\/12\/5_2025_2026_XII_02_GYTK_KT.pdf\">Megb\u00edzat\u00e1si dokumentum\/ Mandate document\/ Mandatsdokument<\/a><\/td><td>Megb\u00edzat\u00e1s lej\u00e1rta<\/td><td>2025-12-31<\/td><\/tr><tr><td>Bancs\u00f3 <\/td><td>Bettina<\/td><td>Hallgat\u00f3i jogviszony\/ Student status\/ Studierendenrechtsverh\u00e4ltnis<\/td><td>Tag\/ Member\/ Mitglied<\/td><td>2022-12-12<\/td><td>2025-12-31<\/td><td><a href=\"https:\/\/semmelweis.hu\/bizottsagok\/files\/2022\/12\/8_2022_2023_XII_07_GYTK_KT.pdf\">Megb\u00edzat\u00e1si dokumentum\/ Mandate document\/ Mandatsdokument<\/a><\/td><td>Egy\u00e9b megsz\u0171n\u00e9si ok<\/td><td>2023-06-24<\/td><\/tr><tr><td>Nyariki <\/td><td>Noel<\/td><td>Hallgat\u00f3i jogviszony\/ Student status\/ Studierendenrechtsverh\u00e4ltnis<\/td><td>Tag\/ Member\/ Mitglied<\/td><td>2019-12-01<\/td><td>2022-11-30<\/td><td><a href=\"https:\/\/semmelweis.hu\/jogigfoig\/files\/2019\/12\/127_2019_GYTk-n-m%C5%B1k%C3%B6d%C5%91-%C3%A1lland%C3%B3-bizotts%C3%A1gok-meg%C3%BAj%C3%ADt%C3%A1s%C3%A1r%C3%B3l.pdf\">Megb\u00edzat\u00e1si dokumentum\/ Mandate document\/ Mandatsdokument<\/a><\/td><td>Megb\u00edzat\u00e1s lej\u00e1rta<\/td><td>2022-12-01<\/td><\/tr><tr><td>Filipszki <\/td><td>G\u00e1bor<\/td><td>Hallgat\u00f3i jogviszony\/ Student status\/ Studierendenrechtsverh\u00e4ltnis<\/td><td>Tag\/ Member\/ Mitglied<\/td><td>2022-12-12<\/td><td>2025-12-31<\/td><td><a href=\"https:\/\/semmelweis.hu\/bizottsagok\/files\/2022\/12\/8_2022_2023_XII_07_GYTK_KT.pdf\">Megb\u00edzat\u00e1si dokumentum\/ Mandate document\/ Mandatsdokument<\/a><\/td><td>Egy\u00e9b megsz\u0171n\u00e9si ok<\/td><td>2024-06-28<\/td><\/tr><tr><td>Kecsk\u00e9s <\/td><td>B\u00e1lint<\/td><td>Hallgat\u00f3i jogviszony\/ Student status\/ Studierendenrechtsverh\u00e4ltnis<\/td><td>Tag\/ Member\/ Mitglied<\/td><td>2022-12-12<\/td><td>2025-12-31<\/td><td><a href=\"https:\/\/semmelweis.hu\/bizottsagok\/files\/2022\/12\/8_2022_2023_XII_07_GYTK_KT.pdf\">Megb\u00edzat\u00e1si dokumentum\/ Mandate document\/ Mandatsdokument<\/a><\/td><td>Egy\u00e9b megsz\u0171n\u00e9si ok<\/td><td>2024-06-28<\/td><\/tr><tr><td>Nagy <\/td><td>Imre Richard<\/td><td>Hallgat\u00f3i jogviszony\/ Student status\/ Studierendenrechtsverh\u00e4ltnis<\/td><td>Tag\/ Member\/ Mitglied<\/td><td>2023-07-01<\/td><td>2025-12-31<\/td><td><a href=\"https:\/\/semmelweis.hu\/bizottsagok\/files\/2023\/06\/19_2022_2023_VI_21_GYTK_KT.pdf\">Megb\u00edzat\u00e1si dokumentum\/ Mandate document\/ Mandatsdokument<\/a><\/td><td>Megb\u00edzat\u00e1s lej\u00e1rta<\/td><td>2025-12-31<\/td><\/tr><tr><td>Dr. T\u00e1bi<\/td><td>Tam\u00e1s<\/td><td>Foglalkoztatott\/ Employee\/ Besch\u00e4ftigte(r)<\/td><td>Eln\u00f6k\/ Chairperson\/ Vorsitzender<\/td><td>2023-09-01<\/td><td>2023-09-30<\/td><td>  <\/td><td>  <\/td><td>Megb\u00edzat\u00e1s lej\u00e1rta<\/td><td>2023-10-01<\/td><\/tr><tr><td>Dobi<\/td><td>Tam\u00e1s<\/td><td>Hallgat\u00f3i jogviszony\/ Student status\/ Studierendenrechtsverh\u00e4ltnis<\/td><td>Tag\/ Member\/ Mitglied<\/td><td>2024-07-01<\/td><td>2025-12-31<\/td><td><a href=\"https:\/\/semmelweis.hu\/bizottsagok\/files\/2024\/06\/19_2023_24_VI.19_GYTK_KT_hatarozat.pdf\">Megb\u00edzat\u00e1si dokumentum\/ Mandate document\/ Mandatsdokument<\/a><\/td><td>Megb\u00edzat\u00e1s lej\u00e1rta<\/td><td>2025-12-31<\/td><\/tr><tr><td>G\u00e1l<\/td><td>Petra<\/td><td>Hallgat\u00f3i jogviszony\/ Student status\/ Studierendenrechtsverh\u00e4ltnis<\/td><td>Tag\/ Member\/ Mitglied<\/td><td>2024-07-01<\/td><td>2025-12-31<\/td><td><a href=\"https:\/\/semmelweis.hu\/bizottsagok\/files\/2024\/06\/19_2023_24_VI.19_GYTK_KT_hatarozat.pdf\">Megb\u00edzat\u00e1si dokumentum\/ Mandate document\/ Mandatsdokument<\/a><\/td><td>Megb\u00edzat\u00e1s lej\u00e1rta<\/td><td>2025-12-31<\/td><\/tr>            <\/tbody>\r\n            <\/table>\r\n        <\/div>\r\n        <\/div>\r\n    <\/div>\r\n    <\/div>\r\n    \n<p><strong>Gesch\u00e4ftsordnung<\/strong><\/p>\n<p><u><a href=\"https:\/\/semmelweis.hu\/jogigfoig\/files\/2018\/07\/SzMR_M06.pdf\">Gesch\u00e4ftsordnung der Studien- und Pr\u00fcfungsorganisation der Fakult\u00e4t f\u00fcr Pharmazeutische Wissenschaften der Semmelweis Universit\u00e4t<\/a><\/u><\/p>\n<p><strong>Jahresbericht<\/strong><\/p>\n<p><u><a href=\"https:\/\/semmelweis.hu\/jogigfoig\/files\/2020\/05\/68_2020_Besz%C3%A1mol%C3%B3-a-kari-bizotts%C3%A1gok-munk%C3%A1j%C3%A1r%C3%B3l.pdf\">Beschluss Nr. 68\/2020 (V.5.) des Senates der Semmelweis Universit\u00e4t Bericht \u00fcber die T\u00e4tigkeit der vom Senat eingesetzten st\u00e4ndigen Fakult\u00e4tskommissionen <em>(Studien- und Pr\u00fcfungskommission, Anrechnungskommission, Ethik- und Disziplinarkommission, in Bezug auf die Pet\u0151 Andr\u00e1s Fakult\u00e4t zwei weitere Kommissionen die Kommission Praxisausbildung und die Publikations- und Bibliothekskommission)<\/em><\/a><\/u><\/p>\n<ul>\n<li><a href=\"https:\/\/semmelweis.hu\/bizottsagok\/files\/2021\/03\/GYTK_TVB.pdf\" target=\"_blank\" rel=\"noopener noreferrer\">Jahresbericht 2019 der Kommission f\u00fcr Studien \u2013 und Pr\u00fcfungsangelegenheiten<\/a><\/li>\n<\/ul>\n<p>&nbsp;<\/p>\n<ul>\n<li style=\"text-align: justify\"><a href=\"https:\/\/semmelweis.hu\/bizottsagok\/files\/2021\/03\/16_2021_karokon-m\u0171k\u00f6d\u0151-\u00e1lland\u00f3-bizotts\u00e1gok_besz\u00e1mol\u00f3.pdf\" target=\"_blank\" rel=\"noopener noreferrer\"> Beschluss Nr. 16\/2021. (II. 25.) des Senates der Semmelweis Universit\u00e4t. Bericht \u00fcber die T\u00e4tigkeit der -durch den Senat der Semmelweis Universit\u00e4t eingesetzte- feste Kommissionen der Fakult\u00e4ten (Kommission f\u00fcr Studien- und Pr\u00fcfungsangelegenheiten, Kommission f\u00fcr die Anerkennung von Kreditpunkten, Ethik- und Disziplinarkommission der Fakult\u00e4t f\u00fcr Pharmazeutische Wissenschaften; Kommission der Praxisausbildung, bzw. Publikations- und Bibliothekskommission der Pet\u0151 Andr\u00e1s Fakult\u00e4t)<\/a><\/li>\n<\/ul>\n<p>&nbsp;<\/p>\n<ul>\n<li><a href=\"https:\/\/semmelweis.hu\/bizottsagok\/files\/2021\/03\/GYTK_TVB_besz\u00e1mol\u00f3_2020_al\u00e1\u00edrt-1.pdf\" target=\"_blank\" rel=\"noopener noreferrer\">Jahresbericht 2020 der Kommission f\u00fcr Studien \u2013 und Pr\u00fcfungsangelegenheiten<\/a><\/li>\n<\/ul>\n","protected":false},"excerpt":{"rendered":"<p>STUDIEN- UND PR\u00dcFUNGSKOMMISSION DER FAKULT\u00c4T F\u00dcR PHARMAZEUTISCHE WISSENSCHAFTEN (GYTK) Aufgaben und Zust\u00e4ndigkeit Genehmigung einer verg\u00fcnstigten Studienordnung, Erkl\u00e4rung eines bereits begonnenen Semesters nachtr\u00e4glich zum passiven Semester, Genehmigung von Antr\u00e4gen auf Zulassung zum\u00a0Doppelstudium oder auf Gasth\u00f6rerschaft, Genehmigung von Pr\u00fcfungen und Genehmigung von Pr\u00fcfungen au\u00dferhalb des Pr\u00fcfungszeitraums in besonders begr\u00fcndeten F\u00e4llen, Beurteilung von Billigkeitsantr\u00e4gen, Genehmigung von Antr\u00e4gen auf &hellip;<\/p>\n","protected":false},"author":101431,"featured_media":0,"parent":1311,"menu_order":0,"comment_status":"closed","ping_status":"closed","template":"","meta":{"_acf_changed":false,"footnotes":""},"categories":[],"tags":[],"class_list":["post-1043","page","type-page","status-publish","hentry"],"acf":[],"_links":{"self":[{"href":"https:\/\/semmelweis.hu\/bizottsagok\/wp-json\/wp\/v2\/pages\/1043","targetHints":{"allow":["GET"]}}],"collection":[{"href":"https:\/\/semmelweis.hu\/bizottsagok\/wp-json\/wp\/v2\/pages"}],"about":[{"href":"https:\/\/semmelweis.hu\/bizottsagok\/wp-json\/wp\/v2\/types\/page"}],"author":[{"embeddable":true,"href":"https:\/\/semmelweis.hu\/bizottsagok\/wp-json\/wp\/v2\/users\/101431"}],"replies":[{"embeddable":true,"href":"https:\/\/semmelweis.hu\/bizottsagok\/wp-json\/wp\/v2\/comments?post=1043"}],"version-history":[{"count":10,"href":"https:\/\/semmelweis.hu\/bizottsagok\/wp-json\/wp\/v2\/pages\/1043\/revisions"}],"predecessor-version":[{"id":2843,"href":"https:\/\/semmelweis.hu\/bizottsagok\/wp-json\/wp\/v2\/pages\/1043\/revisions\/2843"}],"up":[{"embeddable":true,"href":"https:\/\/semmelweis.hu\/bizottsagok\/wp-json\/wp\/v2\/pages\/1311"}],"wp:attachment":[{"href":"https:\/\/semmelweis.hu\/bizottsagok\/wp-json\/wp\/v2\/media?parent=1043"}],"wp:term":[{"taxonomy":"category","embeddable":true,"href":"https:\/\/semmelweis.hu\/bizottsagok\/wp-json\/wp\/v2\/categories?post=1043"},{"taxonomy":"post_tag","embeddable":true,"href":"https:\/\/semmelweis.hu\/bizottsagok\/wp-json\/wp\/v2\/tags?post=1043"}],"curies":[{"name":"wp","href":"https:\/\/api.w.org\/{rel}","templated":true}]}}