{"id":1041,"date":"2021-01-04T14:02:26","date_gmt":"2021-01-04T13:02:26","guid":{"rendered":"https:\/\/semmelweis.hu\/bizottsagok\/?page_id=1041"},"modified":"2021-03-11T10:36:42","modified_gmt":"2021-03-11T09:36:42","slug":"gytk-examination-and-studies-committee","status":"publish","type":"page","link":"https:\/\/semmelweis.hu\/bizottsagok\/en\/constant-committees\/faculty-of-pharmaceutical-sciences\/gytk-examination-and-studies-committee\/","title":{"rendered":"GYTK EXAMINATION AND STUDIES COMMITTEE"},"content":{"rendered":"<div class=\"responsive-tabs\">\n<h2 class=\"tabtitle\">Tasks and Competences<\/h2>\n<div class=\"tabcontent\">\n\n<ul>\n<li>granting a reduced study program,<\/li>\n<li>declaring the started semester as a passive semester subsequently,<\/li>\n<li>permitting parallel and guest student status,<\/li>\n<li>exam permission and allowing an examination in periods outside the examination period in particularly justified cases,<\/li>\n<\/ul>\n<ul>\n<li>processing equity requests<\/li>\n<li>transfer between departments, faculties or institutions,<\/li>\n<li>other study-matters,<\/li>\n<\/ul>\n<ul>\n<li>other competences specified in other legislation within university and faculty regulations.<\/li>\n<\/ul>\n\n<\/div><h2 class=\"tabtitle\">Members<\/h2>\n<div class=\"tabcontent\">\n\n<p><strong><em>Contact:<\/em><\/strong>\u00a0<br \/>\n<strong><em>Email:<\/em><\/strong><\/p>\n    \r\n    <div id=\"peopleContainer\" style=\"text-align:center;\">\r\n    <input type=\"hidden\" name=\"cimkek\" id=\"cimkek\" value=\"\">\r\n    <input type=\"hidden\" name=\"kihagy_aktiv\" id=\"kihagy_aktiv\" value=\"Reason for termination||megszunes_oka,Date of termination||<br \/>\nmegszunes_datuma\">\r\n    <input type=\"hidden\" name=\"kihagy_archiv\" id=\"kihagy_archiv\" value=\"\">\r\n    <div id=\"aktivTagokContainer\" style=\"overflow:auto;\">\r\n        <table>\r\n        <thead style=\"text-align:center;\">\r\n            <th><\/th>        <\/thead>\r\n        <tbody>\r\n        <tr><td>Dr. Budai <\/td><td>L\u00edvia<\/td><td>Foglalkoztatott\/ Employee\/ Besch\u00e4ftigte(r)<\/td><td>Tag\/ Member\/ Mitglied<\/td><td>2026-01-01<\/td><td>2028-12-31<\/td><td><a href=\"https:\/\/semmelweis.hu\/gytk\/files\/2025\/12\/5_2025_2026_XII_02_GYTK_KT.pdf\">Megb\u00edzat\u00e1si dokumentum\/ Mandate document\/ Mandatsdokument<\/a><\/td><td> <\/td><\/tr><tr><td>Dr. T\u00e1bi <\/td><td>Tam\u00e1s<\/td><td>Foglalkoztatott\/ Employee\/ Besch\u00e4ftigte(r)<\/td><td>Tag\/ Member\/ Mitglied<\/td><td>2026-01-01<\/td><td>2028-12-31<\/td><td><a href=\"https:\/\/semmelweis.hu\/gytk\/files\/2025\/12\/5_2025_2026_XII_02_GYTK_KT.pdf\">Megb\u00edzat\u00e1si dokumentum\/ Mandate document\/ Mandatsdokument<\/a><\/td><td> <\/td><\/tr><tr><td>Dr. Maz\u00e1kn\u00e9 Dr. Kraszni<\/td><td>M\u00e1rta<\/td><td>Foglalkoztatott\/ Employee\/ Besch\u00e4ftigte(r)<\/td><td>Eln\u00f6k\/ Chairperson\/ Vorsitzender<\/td><td>2026-01-01<\/td><td>2028-12-31<\/td><td><a href=\"https:\/\/semmelweis.hu\/gytk\/files\/2025\/12\/5_2025_2026_XII_02_GYTK_KT.pdf\">Megb\u00edzat\u00e1si dokumentum\/ Mandate document\/ Mandatsdokument<\/a><\/td><td> <\/td><\/tr><tr><td>Dr. P\u00e1lla<\/td><td>Tam\u00e1s<\/td><td>Foglalkoztatott\/ Employee\/ Besch\u00e4ftigte(r)<\/td><td>Tag\/ Member\/ Mitglied<\/td><td>2026-01-01<\/td><td>2028-12-31<\/td><td><a href=\"https:\/\/semmelweis.hu\/gytk\/files\/2025\/12\/5_2025_2026_XII_02_GYTK_KT.pdf\">Megb\u00edzat\u00e1si dokumentum\/ Mandate document\/ Mandatsdokument<\/a><\/td><td> <\/td><\/tr><tr><td>Lankovics<\/td><td>Lilla<\/td><td>Hallgat\u00f3i jogviszony\/ Student status\/ Studierendenrechtsverh\u00e4ltnis<\/td><td>Tag\/ Member\/ Mitglied<\/td><td>2026-01-01<\/td><td>2028-12-31<\/td><td><a href=\"https:\/\/semmelweis.hu\/gytk\/files\/2025\/12\/5_2025_2026_XII_02_GYTK_KT.pdf\">Megb\u00edzat\u00e1si dokumentum\/ Mandate document\/ Mandatsdokument<\/a><\/td><td> <\/td><\/tr><tr><td>Szil\u00e1gyi<\/td><td>P\u00e9ter<\/td><td>Hallgat\u00f3i jogviszony\/ Student status\/ Studierendenrechtsverh\u00e4ltnis<\/td><td>Tag\/ Member\/ Mitglied<\/td><td>2026-01-01<\/td><td>2028-12-31<\/td><td><a href=\"https:\/\/semmelweis.hu\/gytk\/files\/2025\/12\/5_2025_2026_XII_02_GYTK_KT.pdf\">Megb\u00edzat\u00e1si dokumentum\/ Mandate document\/ Mandatsdokument<\/a><\/td><td> <\/td><\/tr><tr><td>Vir\u00e1g<\/td><td>Fi\u00f3na<\/td><td>Hallgat\u00f3i jogviszony\/ Student status\/ Studierendenrechtsverh\u00e4ltnis<\/td><td>Tag\/ Member\/ Mitglied<\/td><td>2026-01-01<\/td><td>2028-12-31<\/td><td><a href=\"https:\/\/semmelweis.hu\/gytk\/files\/2025\/12\/5_2025_2026_XII_02_GYTK_KT.pdf\">Megb\u00edzat\u00e1si dokumentum\/ Mandate document\/ Mandatsdokument<\/a><\/td><td> <\/td><\/tr>        \r\n        \r\n        <\/tbody>\r\n        <\/table>\r\n        <\/div>\r\n\r\n    <div id=\"archivTagokContainer\" style=\"overflow:auto;\">\r\n            <div class=\"exp-col-content-holder\" style=\"border: none;\">\r\n        <a class=\"expand-cnt-link ecf_closed\" href=\"#\">Arch\u00edv<\/a>\r\n        <div class=\"hidden-content\" style=\"display: none;\">\r\n                <table>\r\n            <thead style=\"text-align:center;\">\r\n                <th><\/th>            <\/thead>\r\n            <tbody>\r\n            <tr><td> Dr. V\u00f6lgyi <\/td><td>Gergely<\/td><td>Foglalkoztatott\/ Employee\/ Besch\u00e4ftigte(r)<\/td><td>Eln\u00f6k\/ Chairperson\/ Vorsitzender<\/td><td>2022-12-12<\/td><td>2025-12-31<\/td><td><a href=\"https:\/\/semmelweis.hu\/bizottsagok\/files\/2022\/12\/8_2022_2023_XII_07_GYTK_KT.pdf\">Megb\u00edzat\u00e1si dokumentum\/ Mandate document\/ Mandatsdokument<\/a><\/td><td>Egy\u00e9b megsz\u0171n\u00e9si ok<\/td><td>2023-08-31<\/td><\/tr><tr><td>Dr. Bogd\u00e1n <\/td><td>D\u00f3ra<\/td><td>Foglalkoztatott\/ Employee\/ Besch\u00e4ftigte(r)<\/td><td>Tag\/ Member\/ Mitglied<\/td><td>2022-12-12<\/td><td>2025-12-31<\/td><td><a href=\"https:\/\/semmelweis.hu\/bizottsagok\/files\/2022\/12\/8_2022_2023_XII_07_GYTK_KT.pdf\">Megb\u00edzat\u00e1si dokumentum\/ Mandate document\/ Mandatsdokument<\/a><\/td><td>  <\/td><td>  <\/td><\/tr><tr><td>Dr. T\u00f3thfalusi <\/td><td>L\u00e1szl\u00f3<\/td><td>Foglalkoztatott\/ Employee\/ Besch\u00e4ftigte(r)<\/td><td>Tag\/ Member\/ Mitglied<\/td><td>2022-12-12<\/td><td>2025-12-31<\/td><td><a href=\"https:\/\/semmelweis.hu\/gytk\/files\/2025\/12\/5_2025_2026_XII_02_GYTK_KT.pdf\">Megb\u00edzat\u00e1si dokumentum\/ Mandate document\/ Mandatsdokument<\/a><\/td><td>Megb\u00edzat\u00e1s lej\u00e1rta<\/td><td>2025-12-31<\/td><\/tr><tr><td>Bancs\u00f3 <\/td><td>Bettina<\/td><td>Hallgat\u00f3i jogviszony\/ Student status\/ Studierendenrechtsverh\u00e4ltnis<\/td><td>Tag\/ Member\/ Mitglied<\/td><td>2022-12-12<\/td><td>2025-12-31<\/td><td><a href=\"https:\/\/semmelweis.hu\/bizottsagok\/files\/2022\/12\/8_2022_2023_XII_07_GYTK_KT.pdf\">Megb\u00edzat\u00e1si dokumentum\/ Mandate document\/ Mandatsdokument<\/a><\/td><td>Egy\u00e9b megsz\u0171n\u00e9si ok<\/td><td>2023-06-24<\/td><\/tr><tr><td>Nyariki <\/td><td>Noel<\/td><td>Hallgat\u00f3i jogviszony\/ Student status\/ Studierendenrechtsverh\u00e4ltnis<\/td><td>Tag\/ Member\/ Mitglied<\/td><td>2019-12-01<\/td><td>2022-11-30<\/td><td><a href=\"https:\/\/semmelweis.hu\/jogigfoig\/files\/2019\/12\/127_2019_GYTk-n-m%C5%B1k%C3%B6d%C5%91-%C3%A1lland%C3%B3-bizotts%C3%A1gok-meg%C3%BAj%C3%ADt%C3%A1s%C3%A1r%C3%B3l.pdf\">Megb\u00edzat\u00e1si dokumentum\/ Mandate document\/ Mandatsdokument<\/a><\/td><td>Megb\u00edzat\u00e1s lej\u00e1rta<\/td><td>2022-12-01<\/td><\/tr><tr><td>Filipszki <\/td><td>G\u00e1bor<\/td><td>Hallgat\u00f3i jogviszony\/ Student status\/ Studierendenrechtsverh\u00e4ltnis<\/td><td>Tag\/ Member\/ Mitglied<\/td><td>2022-12-12<\/td><td>2025-12-31<\/td><td><a href=\"https:\/\/semmelweis.hu\/bizottsagok\/files\/2022\/12\/8_2022_2023_XII_07_GYTK_KT.pdf\">Megb\u00edzat\u00e1si dokumentum\/ Mandate document\/ Mandatsdokument<\/a><\/td><td>Egy\u00e9b megsz\u0171n\u00e9si ok<\/td><td>2024-06-28<\/td><\/tr><tr><td>Kecsk\u00e9s <\/td><td>B\u00e1lint<\/td><td>Hallgat\u00f3i jogviszony\/ Student status\/ Studierendenrechtsverh\u00e4ltnis<\/td><td>Tag\/ Member\/ Mitglied<\/td><td>2022-12-12<\/td><td>2025-12-31<\/td><td><a href=\"https:\/\/semmelweis.hu\/bizottsagok\/files\/2022\/12\/8_2022_2023_XII_07_GYTK_KT.pdf\">Megb\u00edzat\u00e1si dokumentum\/ Mandate document\/ Mandatsdokument<\/a><\/td><td>Egy\u00e9b megsz\u0171n\u00e9si ok<\/td><td>2024-06-28<\/td><\/tr><tr><td>Nagy <\/td><td>Imre Richard<\/td><td>Hallgat\u00f3i jogviszony\/ Student status\/ Studierendenrechtsverh\u00e4ltnis<\/td><td>Tag\/ Member\/ Mitglied<\/td><td>2023-07-01<\/td><td>2025-12-31<\/td><td><a href=\"https:\/\/semmelweis.hu\/bizottsagok\/files\/2023\/06\/19_2022_2023_VI_21_GYTK_KT.pdf\">Megb\u00edzat\u00e1si dokumentum\/ Mandate document\/ Mandatsdokument<\/a><\/td><td>Megb\u00edzat\u00e1s lej\u00e1rta<\/td><td>2025-12-31<\/td><\/tr><tr><td>Dr. T\u00e1bi<\/td><td>Tam\u00e1s<\/td><td>Foglalkoztatott\/ Employee\/ Besch\u00e4ftigte(r)<\/td><td>Eln\u00f6k\/ Chairperson\/ Vorsitzender<\/td><td>2023-09-01<\/td><td>2023-09-30<\/td><td>  <\/td><td>  <\/td><td>Megb\u00edzat\u00e1s lej\u00e1rta<\/td><td>2023-10-01<\/td><\/tr><tr><td>Dobi<\/td><td>Tam\u00e1s<\/td><td>Hallgat\u00f3i jogviszony\/ Student status\/ Studierendenrechtsverh\u00e4ltnis<\/td><td>Tag\/ Member\/ Mitglied<\/td><td>2024-07-01<\/td><td>2025-12-31<\/td><td><a href=\"https:\/\/semmelweis.hu\/bizottsagok\/files\/2024\/06\/19_2023_24_VI.19_GYTK_KT_hatarozat.pdf\">Megb\u00edzat\u00e1si dokumentum\/ Mandate document\/ Mandatsdokument<\/a><\/td><td>Megb\u00edzat\u00e1s lej\u00e1rta<\/td><td>2025-12-31<\/td><\/tr><tr><td>G\u00e1l<\/td><td>Petra<\/td><td>Hallgat\u00f3i jogviszony\/ Student status\/ Studierendenrechtsverh\u00e4ltnis<\/td><td>Tag\/ Member\/ Mitglied<\/td><td>2024-07-01<\/td><td>2025-12-31<\/td><td><a href=\"https:\/\/semmelweis.hu\/bizottsagok\/files\/2024\/06\/19_2023_24_VI.19_GYTK_KT_hatarozat.pdf\">Megb\u00edzat\u00e1si dokumentum\/ Mandate document\/ Mandatsdokument<\/a><\/td><td>Megb\u00edzat\u00e1s lej\u00e1rta<\/td><td>2025-12-31<\/td><\/tr>            <\/tbody>\r\n            <\/table>\r\n        <\/div>\r\n        <\/div>\r\n    <\/div>\r\n    <\/div>\r\n    \n\n<\/div><h2 class=\"tabtitle\">Rules of Procedure<\/h2>\n<div class=\"tabcontent\">\n\n<p><u><a href=\"https:\/\/semmelweis.hu\/jogigfoig\/files\/2018\/07\/SzMR_M06.pdf\">Rules of Procedure of the Semmelweis University, Faculty of Pharmaceutical Sciences Examination and Studies Committee<\/a><\/u><\/p>\n\n<\/div><h2 class=\"tabtitle\">Annual Report<\/h2>\n<div class=\"tabcontent\">\n\n<p><u><a href=\"https:\/\/semmelweis.hu\/jogigfoig\/files\/2020\/05\/68_2020_Besz%C3%A1mol%C3%B3-a-kari-bizotts%C3%A1gok-munk%C3%A1j%C3%A1r%C3%B3l.pdf\">\u00a0Decision no. 68\/2020. (V.5.) of the Semmelweis University Senate Report on the work of the standing committees created by the Senate\u00a0<em>(Examination and Studies Committee, Credit Transfer Committee, Ethical and Disciplinary Committee, as for the Pet\u0151 Andr\u00e1s Faculty, two more committees: the Committee of Practical Training and the Publication and Library Committee)<\/em><\/a><\/u><\/p>\n<p>&nbsp;<\/p>\n<ul>\n<li>\u00a0<a href=\"https:\/\/semmelweis.hu\/bizottsagok\/files\/2021\/01\/TVB_gytk2019.pdf\" target=\"_blank\" rel=\"noopener noreferrer\">Annual report 2019 of the Examination and Studies Committee<\/a><\/li>\n<\/ul>\n<p>&nbsp;<\/p>\n<ul>\n<li style=\"text-align: justify\"><a href=\"https:\/\/semmelweis.hu\/bizottsagok\/files\/2021\/03\/16_2021_karokon-m\u0171k\u00f6d\u0151-\u00e1lland\u00f3-bizotts\u00e1gok_besz\u00e1mol\u00f3.pdf\" target=\"_blank\" rel=\"noopener noreferrer\">Decision of the Senate of the Semmelweis University Nr. 16\/2021 (II. 25.). Report of the activity of constant committees of the faculties, set up by the Senate of the Semmelweis University (Examination and Studies Committee, Credit Transfer Committee, Ethical and Disciplinary Committee of the Faculty of Pharmaceutical Sciences; Committee of Practical Training, Publication and Library Committee of the Pet\u0151 Andr\u00e1s Faculty.<\/a><\/li>\n<\/ul>\n<p>&nbsp;<\/p>\n<ul>\n<li><a href=\"https:\/\/semmelweis.hu\/bizottsagok\/files\/2021\/03\/GYTK_TVB_besz\u00e1mol\u00f3_2020_al\u00e1\u00edrt.pdf\" target=\"_blank\" rel=\"noopener noreferrer\">Annual report 2020 of the Examination and Studies Committee<\/a><\/li>\n<\/ul>\n<\/div><\/div>\n","protected":false},"excerpt":{"rendered":"<p>granting a reduced study program, declaring the started semester as a passive semester subsequently, permitting parallel and guest student status, exam permission and allowing an examination in periods outside the examination period in particularly justified cases, processing equity requests transfer between departments, faculties or institutions, other study-matters, other competences specified in other legislation within university &hellip;<\/p>\n","protected":false},"author":101431,"featured_media":0,"parent":1121,"menu_order":0,"comment_status":"closed","ping_status":"closed","template":"","meta":{"_acf_changed":false,"footnotes":""},"categories":[],"tags":[],"class_list":["post-1041","page","type-page","status-publish","hentry"],"acf":[],"_links":{"self":[{"href":"https:\/\/semmelweis.hu\/bizottsagok\/wp-json\/wp\/v2\/pages\/1041","targetHints":{"allow":["GET"]}}],"collection":[{"href":"https:\/\/semmelweis.hu\/bizottsagok\/wp-json\/wp\/v2\/pages"}],"about":[{"href":"https:\/\/semmelweis.hu\/bizottsagok\/wp-json\/wp\/v2\/types\/page"}],"author":[{"embeddable":true,"href":"https:\/\/semmelweis.hu\/bizottsagok\/wp-json\/wp\/v2\/users\/101431"}],"replies":[{"embeddable":true,"href":"https:\/\/semmelweis.hu\/bizottsagok\/wp-json\/wp\/v2\/comments?post=1041"}],"version-history":[{"count":7,"href":"https:\/\/semmelweis.hu\/bizottsagok\/wp-json\/wp\/v2\/pages\/1041\/revisions"}],"predecessor-version":[{"id":1735,"href":"https:\/\/semmelweis.hu\/bizottsagok\/wp-json\/wp\/v2\/pages\/1041\/revisions\/1735"}],"up":[{"embeddable":true,"href":"https:\/\/semmelweis.hu\/bizottsagok\/wp-json\/wp\/v2\/pages\/1121"}],"wp:attachment":[{"href":"https:\/\/semmelweis.hu\/bizottsagok\/wp-json\/wp\/v2\/media?parent=1041"}],"wp:term":[{"taxonomy":"category","embeddable":true,"href":"https:\/\/semmelweis.hu\/bizottsagok\/wp-json\/wp\/v2\/categories?post=1041"},{"taxonomy":"post_tag","embeddable":true,"href":"https:\/\/semmelweis.hu\/bizottsagok\/wp-json\/wp\/v2\/tags?post=1041"}],"curies":[{"name":"wp","href":"https:\/\/api.w.org\/{rel}","templated":true}]}}