{"id":1017,"date":"2021-01-04T13:38:58","date_gmt":"2021-01-04T12:38:58","guid":{"rendered":"https:\/\/semmelweis.hu\/bizottsagok\/?page_id=1017"},"modified":"2026-04-29T16:08:32","modified_gmt":"2026-04-29T14:08:32","slug":"ethik-und-disziplinarkommission-der-fakultaet-fuer-zahnheilkunde-fok","status":"publish","type":"page","link":"https:\/\/semmelweis.hu\/bizottsagok\/de\/feste-kimissionen\/fok-komissionen\/ethik-und-disziplinarkommission-der-fakultaet-fuer-zahnheilkunde-fok\/","title":{"rendered":"ETHIK- UND DISZIPLINARKOMMISSION DER FOK"},"content":{"rendered":"<section class=\"committee lang-de\"><div class=\"keretes w-100\"><ul style=\"list-style-type: square;\"><li><a href=\"#feladat-es-hataskoer\">Feladat- \u00e9s hat\u00e1sk\u00f6r<\/a><\/li><li><a href=\"#a-bizottsag-tagjai\">A bizotts\u00e1g tagjai<\/a><\/li><li><a href=\"#a-bizottsag-uegyrendje\">A bizotts\u00e1g \u00fcgyrendje<\/a><\/li><\/ul><\/div>\n\n\n<div class=\"committee-tab tab-1\" id=\"feladat-es-hataskoer\">\n    <h2>Feladat- \u00e9s hat\u00e1sk\u00f6r<\/h2>\n    <div class=\"committee-tab-content\">\n        <ul>\n<li>Die Aufgaben der Kommission umfassen die Durchf\u00fchrung von Verfahren und der Erlass von erstinstanzlichen Disziplinarentscheidungen in Ethik- und Disziplinarangelegenheiten der Fakult\u00e4t.<\/li>\n<li>Etwaige Rechtsbehelfe gegen Entscheidungen sind bei der Ethik- und Disziplinarkommission der Universit\u00e4t einzulegen.<\/li>\n<\/ul>\n    <\/div>\n<\/div><br>\n\n\n<div class=\"committee-tab tab-2\" id=\"a-bizottsag-tagjai\">\n    <h2>A bizotts\u00e1g tagjai<\/h2>\n    <div class=\"committee-tab-content\">\n        \n                        <p class=\"contact-person\">\n                <span><strong>Kapcsolattart\u00f3: <\/strong>\/ FOK Dean\u2019s Office \/ FOK Dekanat \/ FOK D\u00e9k\u00e1ni Hivatal<\/span><br>\n                <span><strong>Email: <\/strong>fok.dekan@semmelweis.hu<\/span>\n            <\/p>\n\n\n            \n                            <table id=\"active-members\" \n                    class=\" has-mandate-doc\" \n                    data-subcommittee=\"0\">\n                    <thead>\n                        <tr>\n                            <th class=\"member-name\">N\u00e9v<\/th>\n                            <th class=\"mandate-basis\">Megb\u00edzat\u00e1s alapja<\/th>\n                            <th class=\"mandate-type\">Megb\u00edzat\u00e1s t\u00edpusa<\/th>\n                                                                                    <th class=\"start-date col-group-start\" data-label=\"Megb\u00edzat\u00e1s id\u0151tartama\">Megb\u00edzat\u00e1s kezdete<\/th>\n                            <th class=\"end-date col-group-end\">Megb\u00edzat\u00e1s v\u00e9ge<\/th>\n                            <th class=\"mandate-doc\">Megb\u00edzat\u00e1si dokumentum<\/th>\n                        <\/tr>\n                    <\/thead>\n                    <tbody>\n                        <tr><td class=\"member-name\" data-label=\"N\u00e9v\">Merc\u00e9desz Dr Linninger<\/td><td class=\"mandate-basis\" data-label=\"Megb\u00edzat\u00e1s alapja\">Foglalkoztatott<a href = \"https:\/\/semmelweis.hu\/jogigfoig\/files\/2020\/11\/193_2020_FOK_bizotts%C3%A1gok-szem%C3%A9lyi-%C3%B6sszet%C3%A9tel%C3%A9nek-m%C3%B3dos%C3%ADt%C3%A1sa.pdf\" target=\"_blank\">Megb\u00edzat\u00e1si dokumentum<\/a><\/td><td class=\"mandate-type\" data-label=\"Megb\u00edzat\u00e1s t\u00edpusa\">Eln\u00f6k<\/td><td class=\"start-date col-group-start\" data-label=\"Megb\u00edzat\u00e1s kezdete\">29\/10\/2020<\/td><td class=\"end-date col-group-end\" data-label=\"Megb\u00edzat\u00e1s v\u00e9ge\">28\/10\/2023<\/td><td class=\"mandate-doc\" data-label=\"Megb\u00edzat\u00e1si dokumentum\"><a href = \"https:\/\/semmelweis.hu\/jogigfoig\/files\/2020\/11\/193_2020_FOK_bizotts%C3%A1gok-szem%C3%A9lyi-%C3%B6sszet%C3%A9tel%C3%A9nek-m%C3%B3dos%C3%ADt%C3%A1sa.pdf\" target=\"_blank\">Megb\u00edzat\u00e1si dokumentum<\/a><\/td><\/tr><tr><td class=\"member-name\" data-label=\"N\u00e9v\">Dr. B\u00e1lint Nemes<\/td><td class=\"mandate-basis\" data-label=\"Megb\u00edzat\u00e1s alapja\">Foglalkoztatott<a href = \"https:\/\/semmelweis.hu\/jogigfoig\/files\/2020\/11\/193_2020_FOK_bizotts%C3%A1gok-szem%C3%A9lyi-%C3%B6sszet%C3%A9tel%C3%A9nek-m%C3%B3dos%C3%ADt%C3%A1sa.pdf\" target=\"_blank\">Megb\u00edzat\u00e1si dokumentum<\/a><\/td><td class=\"mandate-type\" data-label=\"Megb\u00edzat\u00e1s t\u00edpusa\">Tag<\/td><td class=\"start-date col-group-start\" data-label=\"Megb\u00edzat\u00e1s kezdete\">29\/10\/2020<\/td><td class=\"end-date col-group-end\" data-label=\"Megb\u00edzat\u00e1s v\u00e9ge\">28\/10\/2023<\/td><td class=\"mandate-doc\" data-label=\"Megb\u00edzat\u00e1si dokumentum\"><a href = \"https:\/\/semmelweis.hu\/jogigfoig\/files\/2020\/11\/193_2020_FOK_bizotts%C3%A1gok-szem%C3%A9lyi-%C3%B6sszet%C3%A9tel%C3%A9nek-m%C3%B3dos%C3%ADt%C3%A1sa.pdf\" target=\"_blank\">Megb\u00edzat\u00e1si dokumentum<\/a><\/td><\/tr><tr><td class=\"member-name\" data-label=\"N\u00e9v\">Enik\u0151 Vaszin\u00e9 Dr. Szab\u00f3<\/td><td class=\"mandate-basis\" data-label=\"Megb\u00edzat\u00e1s alapja\">Foglalkoztatott<a href = \"https:\/\/semmelweis.hu\/jogigfoig\/files\/2020\/11\/193_2020_FOK_bizotts%C3%A1gok-szem%C3%A9lyi-%C3%B6sszet%C3%A9tel%C3%A9nek-m%C3%B3dos%C3%ADt%C3%A1sa.pdf\" target=\"_blank\">Megb\u00edzat\u00e1si dokumentum<\/a><\/td><td class=\"mandate-type\" data-label=\"Megb\u00edzat\u00e1s t\u00edpusa\">Tag<\/td><td class=\"start-date col-group-start\" data-label=\"Megb\u00edzat\u00e1s kezdete\">29\/10\/2020<\/td><td class=\"end-date col-group-end\" data-label=\"Megb\u00edzat\u00e1s v\u00e9ge\">28\/10\/2023<\/td><td class=\"mandate-doc\" data-label=\"Megb\u00edzat\u00e1si dokumentum\"><a href = \"https:\/\/semmelweis.hu\/jogigfoig\/files\/2020\/11\/193_2020_FOK_bizotts%C3%A1gok-szem%C3%A9lyi-%C3%B6sszet%C3%A9tel%C3%A9nek-m%C3%B3dos%C3%ADt%C3%A1sa.pdf\" target=\"_blank\">Megb\u00edzat\u00e1si dokumentum<\/a><\/td><\/tr><tr><td class=\"member-name\" data-label=\"N\u00e9v\">Vanda Kov\u00e1cs<\/td><td class=\"mandate-basis\" data-label=\"Megb\u00edzat\u00e1s alapja\">Hallgat\u00f3<a href = \"https:\/\/semmelweis.hu\/jogigfoig\/files\/2020\/11\/193_2020_FOK_bizotts%C3%A1gok-szem%C3%A9lyi-%C3%B6sszet%C3%A9tel%C3%A9nek-m%C3%B3dos%C3%ADt%C3%A1sa.pdf\" target=\"_blank\">Megb\u00edzat\u00e1si dokumentum<\/a><\/td><td class=\"mandate-type\" data-label=\"Megb\u00edzat\u00e1s t\u00edpusa\">Tag<\/td><td class=\"start-date col-group-start\" data-label=\"Megb\u00edzat\u00e1s kezdete\">29\/10\/2020<\/td><td class=\"end-date col-group-end\" data-label=\"Megb\u00edzat\u00e1s v\u00e9ge\">28\/10\/2023<\/td><td class=\"mandate-doc\" data-label=\"Megb\u00edzat\u00e1si dokumentum\"><a href = \"https:\/\/semmelweis.hu\/jogigfoig\/files\/2020\/11\/193_2020_FOK_bizotts%C3%A1gok-szem%C3%A9lyi-%C3%B6sszet%C3%A9tel%C3%A9nek-m%C3%B3dos%C3%ADt%C3%A1sa.pdf\" target=\"_blank\">Megb\u00edzat\u00e1si dokumentum<\/a><\/td><\/tr><tr><td class=\"member-name\" data-label=\"N\u00e9v\">\u00c1d\u00e1m Kapai<\/td><td class=\"mandate-basis\" data-label=\"Megb\u00edzat\u00e1s alapja\">Hallgat\u00f3<a href = \"https:\/\/semmelweis.hu\/jogigfoig\/files\/2020\/11\/193_2020_FOK_bizotts%C3%A1gok-szem%C3%A9lyi-%C3%B6sszet%C3%A9tel%C3%A9nek-m%C3%B3dos%C3%ADt%C3%A1sa.pdf\" target=\"_blank\">Megb\u00edzat\u00e1si dokumentum<\/a><\/td><td class=\"mandate-type\" data-label=\"Megb\u00edzat\u00e1s t\u00edpusa\">Tag<\/td><td class=\"start-date col-group-start\" data-label=\"Megb\u00edzat\u00e1s kezdete\">29\/10\/2020<\/td><td class=\"end-date col-group-end\" data-label=\"Megb\u00edzat\u00e1s v\u00e9ge\">28\/10\/2023<\/td><td class=\"mandate-doc\" data-label=\"Megb\u00edzat\u00e1si dokumentum\"><a href = \"https:\/\/semmelweis.hu\/jogigfoig\/files\/2020\/11\/193_2020_FOK_bizotts%C3%A1gok-szem%C3%A9lyi-%C3%B6sszet%C3%A9tel%C3%A9nek-m%C3%B3dos%C3%ADt%C3%A1sa.pdf\" target=\"_blank\">Megb\u00edzat\u00e1si dokumentum<\/a><\/td><\/tr>                    <\/tbody>\n                <\/table>\n            \n\n            \n\n            <\/div>\n<\/div><br><br>\n<div class=\"committee-tab tab-4\" id=\"a-bizottsag-uegyrendje\">\n    <h2>A bizotts\u00e1g \u00fcgyrendje<\/h2>\n    <div class=\"committee-tab-content\">\n        <div class=\"keretes w-100\">\n            <ul style=\"list-style-type: square;\">\n                <li><a href=\"https:\/\/semmelweis.hu\/fok\/files\/2021\/12\/SE-FOK-EFB-SZR.pdf\" target=\"_blank\">Gesch\u00e4ftsordnung der Ethik- und Disziplinarkommission<\/a><\/li>            <\/ul>\n        <\/div>\n    <\/div>\n<\/div>\n\n<br><\/section>\n","protected":false},"excerpt":{"rendered":"","protected":false},"author":101171,"featured_media":0,"parent":1303,"menu_order":0,"comment_status":"closed","ping_status":"closed","template":"template-fullwidth.php","meta":{"_acf_changed":false,"footnotes":""},"categories":[],"tags":[],"class_list":["post-1017","page","type-page","status-publish","hentry"],"acf":[],"_links":{"self":[{"href":"https:\/\/semmelweis.hu\/bizottsagok\/wp-json\/wp\/v2\/pages\/1017","targetHints":{"allow":["GET"]}}],"collection":[{"href":"https:\/\/semmelweis.hu\/bizottsagok\/wp-json\/wp\/v2\/pages"}],"about":[{"href":"https:\/\/semmelweis.hu\/bizottsagok\/wp-json\/wp\/v2\/types\/page"}],"author":[{"embeddable":true,"href":"https:\/\/semmelweis.hu\/bizottsagok\/wp-json\/wp\/v2\/users\/101171"}],"replies":[{"embeddable":true,"href":"https:\/\/semmelweis.hu\/bizottsagok\/wp-json\/wp\/v2\/comments?post=1017"}],"version-history":[{"count":7,"href":"https:\/\/semmelweis.hu\/bizottsagok\/wp-json\/wp\/v2\/pages\/1017\/revisions"}],"predecessor-version":[{"id":3091,"href":"https:\/\/semmelweis.hu\/bizottsagok\/wp-json\/wp\/v2\/pages\/1017\/revisions\/3091"}],"up":[{"embeddable":true,"href":"https:\/\/semmelweis.hu\/bizottsagok\/wp-json\/wp\/v2\/pages\/1303"}],"wp:attachment":[{"href":"https:\/\/semmelweis.hu\/bizottsagok\/wp-json\/wp\/v2\/media?parent=1017"}],"wp:term":[{"taxonomy":"category","embeddable":true,"href":"https:\/\/semmelweis.hu\/bizottsagok\/wp-json\/wp\/v2\/categories?post=1017"},{"taxonomy":"post_tag","embeddable":true,"href":"https:\/\/semmelweis.hu\/bizottsagok\/wp-json\/wp\/v2\/tags?post=1017"}],"curies":[{"name":"wp","href":"https:\/\/api.w.org\/{rel}","templated":true}]}}