{"id":1010,"date":"2021-01-04T13:30:00","date_gmt":"2021-01-04T12:30:00","guid":{"rendered":"https:\/\/semmelweis.hu\/bizottsagok\/?page_id=1010"},"modified":"2023-03-16T12:37:24","modified_gmt":"2023-03-16T11:37:24","slug":"committee-for-the-review-of-students-judicial-remedy-appeals","status":"publish","type":"page","link":"https:\/\/semmelweis.hu\/bizottsagok\/en\/constant-committees\/committees-with-university-competence\/committee-for-the-review-of-students-judicial-remedy-appeals\/","title":{"rendered":"COMMITTEE FOR THE REVIEW OF STUDENTS\u2019 JUDICIAL REMEDY APPEALS"},"content":{"rendered":"<div class=\"responsive-tabs\">\n<h2 class=\"tabtitle\">Tasks and Competences<\/h2>\n<div class=\"tabcontent\">\n\n<p>The Committee will review appeals filed by the student against the decision of the first-instance body, taking into account the compliance of the first-instance body&#8217;s procedure with the law.<\/p>\n\n<\/div><h2 class=\"tabtitle\">Members<\/h2>\n<div class=\"tabcontent\">\n\n<p><strong><em>Contact:<\/em><\/strong>\u00a0Dr. Rita D\u00f3zsa-Sedl\u00e1k <br \/>\n<strong><em>Email:<\/em><\/strong>\u00a0<u><a href=\"mailto:sedlak.rita@semmelweis-univ.hu\">sedlak.rita@semmelweis-univ.hu<\/a><\/u><\/p>\n    \r\n    <div id=\"peopleContainer\" style=\"text-align:center;\">\r\n    <input type=\"hidden\" name=\"cimkek\" id=\"cimkek\" value=\"Last name,First <br \/>\nname,Basis of mandate,Type of mandate,Beginning of the mandate,End of <br \/>\nmandate,Mandate document,Reason for termination,Date of termination\">\r\n    <input type=\"hidden\" name=\"kihagy_aktiv\" id=\"kihagy_aktiv\" value=\"Reason for termination||megszunes_oka,Date of termination|| <br \/>\nmegszunes_datuma\">\r\n    <input type=\"hidden\" name=\"kihagy_archiv\" id=\"kihagy_archiv\" value=\"\">\r\n    <div id=\"aktivTagokContainer\" style=\"overflow:auto;\">\r\n        <table>\r\n        <thead style=\"text-align:center;\">\r\n            <th>Last name<\/th><th>First <br \/>\nname<\/th><th>Basis of mandate<\/th><th>Type of mandate<\/th><th>Beginning of the mandate<\/th><th>End of <br \/>\nmandate<\/th><th>Mandate document<\/th>        <\/thead>\r\n        <tbody>\r\n        <tr><td>Dr. Hermann<\/td><td>P\u00e9ter<\/td><td>Foglalkoztatott\/ Employee\/ Besch\u00e4ftigte(r)<\/td><td>Eln\u00f6k (\u00e1lland\u00f3 tag)\/ Chairperson\/ Vorsitzender<\/td><td>2024-10-25<\/td><td>2027-10-31<\/td><td><a href=\"https:\/\/semmelweis.hu\/jogigfoig\/files\/2024\/10\/79_2024_FB-szemelyi-osszetetelenek-megujitasarol.pdf\">Megb\u00edzat\u00e1si dokumentum\/ Mandate document\/ Mandatsdokument<\/a><\/td><td> <\/td><\/tr><tr><td>Dr. Kov\u00e1cs<\/td><td>Zsolt<\/td><td>Foglalkoztatott\/ Employee\/ Besch\u00e4ftigte(r)<\/td><td>Tag (\u00e1lland\u00f3)\/ Member\/ Mitglied<\/td><td>2024-10-25<\/td><td>2027-10-31<\/td><td><a href=\"https:\/\/semmelweis.hu\/jogigfoig\/files\/2024\/10\/79_2024_FB-szemelyi-osszetetelenek-megujitasarol.pdf\">Megb\u00edzat\u00e1si dokumentum\/ Mandate document\/ Mandatsdokument<\/a><\/td><td> <\/td><\/tr><tr><td>Dr. Vingender<\/td><td>Istv\u00e1n <\/td><td>Foglalkoztatott\/ Employee\/ Besch\u00e4ftigte(r)<\/td><td>Tag (eseti) tanulm\u00e1nyi \u00fcgyek\/ Member\/ Mitglied<\/td><td>2024-10-25<\/td><td>2027-10-31<\/td><td><a href=\"https:\/\/semmelweis.hu\/jogigfoig\/files\/2024\/10\/79_2024_FB-szemelyi-osszetetelenek-megujitasarol.pdf\">Megb\u00edzat\u00e1si dokumentum\/ Mandate document\/ Mandatsdokument<\/a><\/td><td> <\/td><\/tr><tr><td>Dr. K\u00e9ri<\/td><td>Di\u00e1na<\/td><td> Foglalkoztatott\/ Employee\/ Besch\u00e4ftigte(r)<\/td><td>Tag (eseti) tanulm\u00e1nyi \u00e9s juttat\u00e1si \u00fcgyek\/ Member\/ Mitglied<\/td><td>2024-10-25<\/td><td>2027-10-31<\/td><td><a href=\"https:\/\/semmelweis.hu\/jogigfoig\/files\/2024\/10\/79_2024_FB-szemelyi-osszetetelenek-megujitasarol.pdf\">Megb\u00edzat\u00e1si dokumentum\/ Mandate document\/ Mandatsdokument<\/a><\/td><td> <\/td><\/tr><tr><td>T\u00f6lgyesi-Lov\u00e1sz<\/td><td>Krisztina <\/td><td>Foglalkoztatott\/ Employee\/ Besch\u00e4ftigte(r)<\/td><td>Tag (eseti) tanulm\u00e1nyi \u00e9s juttat\u00e1si \u00fcgyek\/ Member\/ Mitglied<\/td><td>2024-10-25<\/td><td>2027-10-31<\/td><td><a href=\"https:\/\/semmelweis.hu\/jogigfoig\/files\/2024\/10\/79_2024_FB-szemelyi-osszetetelenek-megujitasarol.pdf\">Megb\u00edzat\u00e1si dokumentum\/ Mandate document\/ Mandatsdokument<\/a><\/td><td> <\/td><\/tr><tr><td>Dr. Balogh<\/td><td>Emese Celeszta<\/td><td>Foglalkoztatott\/ Employee\/ Besch\u00e4ftigte(r)<\/td><td>Tag (eseti) tanulm\u00e1nyi \u00fcgyek\/ Member\/ Mitglied<\/td><td>2024-12-16<\/td><td>2027-10-31<\/td><td><a href=\"https:\/\/semmelweis.hu\/jogigfoig\/files\/2024\/12\/116_2024_FB-szemelyi-osszetetel.pdf\">Megb\u00edzat\u00e1si dokumentum\/ Mandate document\/ Mandatsdokument<\/a><\/td><td> <\/td><\/tr><tr><td>Dr. Terebessy<\/td><td>Andr\u00e1s <\/td><td>Foglalkoztatott\/ Employee\/ Besch\u00e4ftigte(r)<\/td><td>Tag (eseti juttat\u00e1si \u00fcgyek)\/ Member\/ Mitglied<\/td><td>2024-10-25<\/td><td>2027-10-31<\/td><td><a href=\"https:\/\/semmelweis.hu\/jogigfoig\/files\/2024\/10\/79_2024_FB-szemelyi-osszetetelenek-megujitasarol.pdf\">Megb\u00edzat\u00e1si dokumentum\/ Mandate document\/ Mandatsdokument<\/a><\/td><td> <\/td><\/tr><tr><td>Dr. R\u00f3zsa<\/td><td>No\u00e9mi Katinka<\/td><td>Foglalkoztatott\/ Employee\/ Besch\u00e4ftigte(r)<\/td><td>Tag (eseti juttat\u00e1si \u00fcgyek)\/ Member\/ Mitglied<\/td><td>2024-10-25<\/td><td>2027-10-31<\/td><td><a href=\"https:\/\/semmelweis.hu\/jogigfoig\/files\/2024\/10\/79_2024_FB-szemelyi-osszetetelenek-megujitasarol.pdf\">Megb\u00edzat\u00e1si dokumentum\/ Mandate document\/ Mandatsdokument<\/a><\/td><td> <\/td><\/tr><tr><td>Dr. Kiss<\/td><td>Judit<\/td><td>Foglalkoztatott\/ Employee\/ Besch\u00e4ftigte(r)<\/td><td>Tag (eseti juttat\u00e1si \u00fcgyek)\/ Member\/ Mitglied<\/td><td>2024-10-25<\/td><td>2027-10-31<\/td><td><a href=\"https:\/\/semmelweis.hu\/jogigfoig\/files\/2024\/10\/79_2024_FB-szemelyi-osszetetelenek-megujitasarol.pdf\">Megb\u00edzat\u00e1si dokumentum\/ Mandate document\/ Mandatsdokument<\/a><\/td><td> <\/td><\/tr><tr><td>Dr. Kocsis<\/td><td>Erika<\/td><td>Foglalkoztatott\/ Employee\/ Besch\u00e4ftigte(r)<\/td><td>Tag (eseti) tanulm\u00e1nyi \u00e9s juttat\u00e1si \u00fcgyek\/ Member\/ Mitglied<\/td><td>2024-10-25<\/td><td>2027-10-31<\/td><td><a href=\"https:\/\/semmelweis.hu\/jogigfoig\/files\/2024\/10\/79_2024_FB-szemelyi-osszetetelenek-megujitasarol.pdf\">Megb\u00edzat\u00e1si dokumentum\/ Mandate document\/ Mandatsdokument<\/a><\/td><td> <\/td><\/tr><tr><td>Dr. T\u00fari<\/td><td>Ibolya<\/td><td>Foglalkoztatott\/ Employee\/ Besch\u00e4ftigte(r)<\/td><td>Tag (eseti) juttat\u00e1si \u00fcgyek\/ Member\/ Mitglied<\/td><td>2024-10-25<\/td><td>2027-10-31<\/td><td><a href=\"https:\/\/semmelweis.hu\/jogigfoig\/files\/2024\/10\/79_2024_FB-szemelyi-osszetetelenek-megujitasarol.pdf\">Megb\u00edzat\u00e1si dokumentum\/ Mandate document\/ Mandatsdokument<\/a><\/td><td> <\/td><\/tr><tr><td>Dr. P\u00f3nyai<\/td><td>Gy\u00f6rgyi<\/td><td>Foglalkoztatott\/ Employee\/ Besch\u00e4ftigte(r)<\/td><td>Tag (eseti tanulm\u00e1nyi \u00fcgyek)\/ Member\/ Mitglied<\/td><td>2024-10-25<\/td><td>2027-10-31<\/td><td><a href=\"https:\/\/semmelweis.hu\/jogigfoig\/files\/2024\/10\/79_2024_FB-szemelyi-osszetetelenek-megujitasarol.pdf\">Megb\u00edzat\u00e1si dokumentum\/ Mandate document\/ Mandatsdokument<\/a><\/td><td> <\/td><\/tr><tr><td>Dr. Kreuter<\/td><td>Patrik<\/td><td>Hallgat\u00f3i jogviszony\/ Student status\/ Studierendenrechtsverh\u00e4ltnis<\/td><td>Tag (\u00e1lland\u00f3)\/ Member\/ Mitglied<\/td><td>2024-10-25<\/td><td>2027-10-31<\/td><td><a href=\"https:\/\/semmelweis.hu\/jogigfoig\/files\/2024\/10\/79_2024_FB-szemelyi-osszetetelenek-megujitasarol.pdf\">Megb\u00edzat\u00e1si dokumentum\/ Mandate document\/ Mandatsdokument<\/a><\/td><td> <\/td><\/tr><tr><td>Dr. Sedl\u00e1k<\/td><td>Rita<\/td><td>Foglalkoztatott\/ Employee\/ Besch\u00e4ftigte(r)<\/td><td>Tag (\u00e1lland\u00f3)\/ Member\/ Mitglied<\/td><td>2024-11-15<\/td><td>2027-10-31<\/td><td><a href=\"https:\/\/semmelweis.hu\/jogigfoig\/files\/2024\/10\/79_2024_FB-szemelyi-osszetetelenek-megujitasarol.pdf\">Megb\u00edzat\u00e1si dokumentum\/ Mandate document\/ Mandatsdokument<\/a><\/td><td> <\/td><\/tr><tr><td>Sz\u00fcr\u00f6s<\/td><td>M\u00e1t\u00e9<\/td><td>Hallgat\u00f3i jogviszony\/ Student status\/ Studierendenrechtsverh\u00e4ltnis<\/td><td>Tag (\u00e1lland\u00f3)\/ Member\/ Mitglied<\/td><td>2024-10-25<\/td><td>2027-10-31<\/td><td><a href=\"https:\/\/semmelweis.hu\/jogigfoig\/files\/2025\/07\/61_2025_allando-bizottsagok-hallgatoi-tagsagai.pdf\">Megb\u00edzat\u00e1si dokumentum\/ Mandate document\/ Mandatsdokument<\/a><\/td><td> <\/td><\/tr><tr><td>Dr. Szab\u00f3<\/td><td>Bence<\/td><td>Foglalkoztatott\/ Employee\/ Besch\u00e4ftigte(r)<\/td><td>Tag (eseti tanulm\u00e1nyi \u00fcgyek)\/ Member\/ Mitglied<\/td><td>2024-10-25<\/td><td>2027-10-31<\/td><td><a href=\"https:\/\/semmelweis.hu\/jogigfoig\/files\/2024\/10\/79_2024_FB-szemelyi-osszetetelenek-megujitasarol.pdf\">Megb\u00edzat\u00e1si dokumentum\/ Mandate document\/ Mandatsdokument<\/a><\/td><td> <\/td><\/tr><tr><td>Nagy<\/td><td>Imre Rich\u00e1rd<\/td><td>Hallgat\u00f3i jogviszony\/ Student status\/ Studierendenrechtsverh\u00e4ltnis<\/td><td>Tag (\u00e1lland\u00f3)\/ Member\/ Mitglied<\/td><td>2025-06-26<\/td><td>2027-10-31<\/td><td><a href=\"https:\/\/semmelweis.hu\/jogigfoig\/files\/2025\/07\/61_2025_allando-bizottsagok-hallgatoi-tagsagai.pdf\">Megb\u00edzat\u00e1si dokumentum\/ Mandate document\/ Mandatsdokument<\/a><\/td><td> <\/td><\/tr><tr><td>Fejes<\/td><td>Istv\u00e1n<\/td><td>Hallgat\u00f3i jogviszony\/ Student status\/ Studierendenrechtsverh\u00e4ltnis<\/td><td>Tag (\u00e1lland\u00f3)\/ Member\/ Mitglied<\/td><td>2025-06-26<\/td><td>2027-10-31<\/td><td><a href=\"https:\/\/semmelweis.hu\/jogigfoig\/files\/2025\/07\/61_2025_allando-bizottsagok-hallgatoi-tagsagai.pdf\">Megb\u00edzat\u00e1si dokumentum\/ Mandate document\/ Mandatsdokument<\/a><\/td><td> <\/td><\/tr>        \r\n        \r\n        <\/tbody>\r\n        <\/table>\r\n        <\/div>\r\n\r\n    <div id=\"archivTagokContainer\" style=\"overflow:auto;\">\r\n            <div class=\"exp-col-content-holder\" style=\"border: none;\">\r\n        <a class=\"expand-cnt-link ecf_closed\" href=\"#\">Arch\u00edv<\/a>\r\n        <div class=\"hidden-content\" style=\"display: none;\">\r\n                <table>\r\n            <thead style=\"text-align:center;\">\r\n                <th>Last name<\/th><th>First <br \/>\nname<\/th><th>Basis of mandate<\/th><th>Type of mandate<\/th><th>Beginning of the mandate<\/th><th>End of <br \/>\nmandate<\/th><th>Mandate document<\/th><th>Reason for termination<\/th><th>Date of termination<\/th>            <\/thead>\r\n            <tbody>\r\n            <tr><td>Dr. Hafiek<\/td><td>Andrea<\/td><td>Foglalkoztatott\/ Employee\/ Besch\u00e4ftigte(r)<\/td><td>Tag (\u00e1lland\u00f3)\/ Member\/ Mitglied<\/td><td>2023-03-30<\/td><td>2024-11-14<\/td><td><a href=\"https:\/\/semmelweis.hu\/jogigfoig\/files\/2024\/10\/79_2024_FB-szemelyi-osszetetelenek-megujitasarol.pdf\">Megb\u00edzat\u00e1si dokumentum\/ Mandate document\/ Mandatsdokument<\/a><\/td><td>Megb\u00edzat\u00e1s lej\u00e1rta<\/td><td>2024-11-14<\/td><\/tr><tr><td>Heged\u0171s<\/td><td>Tam\u00e1s<\/td><td>Hallgat\u00f3i jogviszony\/ Student status\/ Studierendenrechtsverh\u00e4ltnis<\/td><td>Tag (\u00e1lland\u00f3)\/Member\/Mitglied<\/td><td>2018-10-25<\/td><td>2021-10-25<\/td><td><a href=\"https:\/\/semmelweis.hu\/jogigfoig\/files\/2018\/11\/128_X.25_2018_sz_hat_FB_szemelyi_osszetetele.pdf\">Megb\u00edzat\u00e1si dokumentum\/ Mandate document\/ Mandatsdokument<\/a><\/td><td>Egy\u00e9b megsz\u0171n\u00e9si ok<\/td><td>  <\/td><\/tr><tr><td>Dr. Kov\u00e1cs<\/td><td>Alexandra<\/td><td>Hallgat\u00f3i jogviszony\/ Student status\/ Studierendenrechtsverh\u00e4ltnis<\/td><td>Tag (\u00e1lland\u00f3)\/ Member\/ Mitglied<\/td><td>2020-06-25<\/td><td>2021-10-25<\/td><td><a href=\"https:\/\/semmelweis.hu\/jogigfoig\/files\/2020\/07\/88_2020_a-Fel%C3%BClb%C3%ADr%C3%A1lati-Bizotts%C3%A1g-szem%C3%A9lyi-%C3%B6sszet%C3%A9tel%C3%A9nek-m%C3%B3dos%C3%ADt%C3%A1s%C3%A1r%C3%B3l.pdf\">Megb\u00edzat\u00e1si dokumentum\/ Mandate document\/ Mandatsdokument<\/a><\/td><td>Megb\u00edzat\u00e1s lej\u00e1rta<\/td><td>2021-10-25<\/td><\/tr><tr><td>Dr. Szab\u00f3<\/td><td>Lili\u00e1na<\/td><td>Hallgat\u00f3i jogviszony\/ Student status\/ Studierendenrechtsverh\u00e4ltnis<\/td><td>Tag (\u00e1lland\u00f3)\/ Member\/ Mitglied<\/td><td>2020-06-25<\/td><td>2021-10-25<\/td><td><a href=\"https:\/\/semmelweis.hu\/jogigfoig\/files\/2020\/07\/88_2020_a-Fel%C3%BClb%C3%ADr%C3%A1lati-Bizotts%C3%A1g-szem%C3%A9lyi-%C3%B6sszet%C3%A9tel%C3%A9nek-m%C3%B3dos%C3%ADt%C3%A1s%C3%A1r%C3%B3l.pdf\">Megb\u00edzat\u00e1si dokumentum\/ Mandate document\/ Mandatsdokument<\/a><\/td><td>Megb\u00edzat\u00e1s lej\u00e1rta<\/td><td>2021-10-25<\/td><\/tr><tr><td>K\u00f3sa<\/td><td>L\u00e1szl\u00f3<\/td><td>Hallgat\u00f3i jogviszony\/ Student status\/ Studierendenrechtsverh\u00e4ltnis<\/td><td>Tag (\u00e1lland\u00f3)\/ Member\/ Mitglied<\/td><td>2018-10-25<\/td><td>2021-10-25<\/td><td><a href=\"https:\/\/semmelweis.hu\/jogigfoig\/files\/2018\/11\/128_X.25_2018_sz_hat_FB_szemelyi_osszetetele.pdf\">Megb\u00edzat\u00e1si dokumentum\/ Mandate document\/ Mandatsdokument<\/a><\/td><td>Egy\u00e9b megsz\u0171n\u00e9si ok<\/td><td>  <\/td><\/tr><tr><td>Dr. Tretter <\/td><td>L\u00e1szl\u00f3 <\/td><td>Foglalkoztatott\/ Employee\/ Besch\u00e4ftigte(r)<\/td><td>Tag (eseti tanulm\u00e1nyi \u00fcgyek)\/ Member\/ Mitglied<\/td><td>2018-10-25<\/td><td>2021-10-25<\/td><td><a href=\"https:\/\/semmelweis.hu\/jogigfoig\/files\/2018\/11\/128_X.25_2018_sz_hat_FB_szemelyi_osszetetele.pdf\">Megb\u00edzat\u00e1si dokumentum\/ Mandate document\/ Mandatsdokument<\/a><\/td><td>Megb\u00edzat\u00e1s lej\u00e1rta<\/td><td>  <\/td><\/tr><tr><td>Dr. Bartha<\/td><td>K\u00e1roly<\/td><td>Foglalkoztatott\/ Employee\/ Besch\u00e4ftigte(r)<\/td><td>Tag (eseti tanulm\u00e1nyi \u00fcgyek)\/ Member\/ Mitglied<\/td><td>2021-10-25<\/td><td>2024-10-24<\/td><td><a href=\"https:\/\/semmelweis.hu\/jogigfoig\/files\/2021\/10\/105_2021_FB-%C3%B6sszet%C3%A9tel%C3%A9nek-meg%C3%BAj%C3%ADt%C3%A1sa.pdf\">Megb\u00edzat\u00e1si dokumentum\/ Mandate document\/ Mandatsdokument<\/a><\/td><td>Megb\u00edzat\u00e1s lej\u00e1rta<\/td><td>2025-10-24<\/td><\/tr><tr><td>Dr. B\u00e9ni<\/td><td>Szabolcs <\/td><td>Foglalkoztatott\/ Employee\/ Besch\u00e4ftigte(r)<\/td><td>Tag (eseti tanulm\u00e1nyi \u00fcgyek)\/ Member\/ Mitglied<\/td><td>2021-10-25<\/td><td>2024-10-24<\/td><td><a href=\"https:\/\/semmelweis.hu\/jogigfoig\/files\/2021\/10\/105_2021_FB-%C3%B6sszet%C3%A9tel%C3%A9nek-meg%C3%BAj%C3%ADt%C3%A1sa.pdf\">Megb\u00edzat\u00e1si dokumentum\/ Mandate document\/ Mandatsdokument<\/a><\/td><td>Egy\u00e9b megsz\u0171n\u00e9si ok<\/td><td>2023-08-31<\/td><\/tr><tr><td>Tripolszky<\/td><td>B\u00e1lint<\/td><td>Hallgat\u00f3i jogviszony\/ Student status\/ Studierendenrechtsverh\u00e4ltnis<\/td><td>Tag (\u00e1lland\u00f3)\/ Member\/ Mitglied<\/td><td>2021-10-25<\/td><td>2024-10-24<\/td><td><a href=\"https:\/\/semmelweis.hu\/jogigfoig\/files\/2021\/10\/105_2021_FB-%C3%B6sszet%C3%A9tel%C3%A9nek-meg%C3%BAj%C3%ADt%C3%A1sa.pdf\">Megb\u00edzat\u00e1si dokumentum\/ Mandate document\/ Mandatsdokument<\/a><\/td><td>Egy\u00e9b megsz\u0171n\u00e9si ok<\/td><td>2023-06-28<\/td><\/tr><tr><td>Dr. Papp<\/td><td>Zsombor M\u00e1ty\u00e1s<\/td><td>Hallgat\u00f3i jogviszony\/ Student status\/ Studierendenrechtsverh\u00e4ltnis<\/td><td>Tag (\u00e1lland\u00f3)\/ Member\/ Mitglied<\/td><td>2021-10-25<\/td><td>2024-10-24<\/td><td><a href=\"https:\/\/semmelweis.hu\/jogigfoig\/files\/2021\/10\/105_2021_FB-%C3%B6sszet%C3%A9tel%C3%A9nek-meg%C3%BAj%C3%ADt%C3%A1sa.pdf\">Megb\u00edzat\u00e1si dokumentum\/ Mandate document\/ Mandatsdokument<\/a><\/td><td>Egy\u00e9b megsz\u0171n\u00e9si ok<\/td><td>2023-06-28<\/td><\/tr><tr><td>Tolvaj<\/td><td>M\u00e1t\u00e9<\/td><td>Hallgat\u00f3i jogviszony\/ Student status\/ Studierendenrechtsverh\u00e4ltnis<\/td><td>Tag (\u00e1lland\u00f3)\/ Member\/ Mitglied<\/td><td>2021-10-25<\/td><td>2024-10-24<\/td><td><a href=\"https:\/\/semmelweis.hu\/jogigfoig\/files\/2021\/10\/105_2021_FB-%C3%B6sszet%C3%A9tel%C3%A9nek-meg%C3%BAj%C3%ADt%C3%A1sa.pdf\">Megb\u00edzat\u00e1si dokumentum\/ Mandate document\/ Mandatsdokument<\/a><\/td><td>Megb\u00edzat\u00e1s lej\u00e1rta<\/td><td>2024-10-24<\/td><\/tr><tr><td>Kov\u00e1cs<\/td><td>Karina<\/td><td>Hallgat\u00f3i jogviszony\/ Student status\/ Studierendenrechtsverh\u00e4ltnis<\/td><td>Tag (\u00e1lland\u00f3)\/Member\/Mitglied<\/td><td>2024-10-25<\/td><td>2027-10-31<\/td><td><a href=\"https:\/\/semmelweis.hu\/jogigfoig\/files\/2024\/10\/79_2024_FB-szemelyi-osszetetelenek-megujitasarol.pdf\">Megb\u00edzat\u00e1si dokumentum\/ Mandate document\/ Mandatsdokument<\/a><\/td><td>Egy\u00e9b megsz\u0171n\u00e9si ok<\/td><td>2026-06-25<\/td><\/tr><tr><td>Gecsey<\/td><td>R\u00e9ka Csenge<\/td><td>Hallgat\u00f3i jogviszony\/ Student status\/ Studierendenrechtsverh\u00e4ltnis<\/td><td>Tag (\u00e1lland\u00f3)\/ Member\/ Mitglied<\/td><td>2024-10-25<\/td><td>2027-10-31<\/td><td><a href=\"https:\/\/semmelweis.hu\/jogigfoig\/files\/2024\/10\/79_2024_FB-szemelyi-osszetetelenek-megujitasarol.pdf\">Megb\u00edzat\u00e1si dokumentum\/ Mandate document\/ Mandatsdokument<\/a><\/td><td>Egy\u00e9b megsz\u0171n\u00e9si ok<\/td><td>2025-06-25<\/td><\/tr><tr><td>Keskeny<\/td><td>Gy\u00f6rgy \u00c1rp\u00e1d<\/td><td>allgat\u00f3i jogviszony\/ Student status\/ Studierendenrechtsverh\u00e4ltnis<\/td><td>Tag (\u00e1lland\u00f3)\/Member\/Mitglied<\/td><td>2023-06-29<\/td><td>2024-10-24<\/td><td><a href=\"https:\/\/semmelweis.hu\/jogigfoig\/files\/2023\/07\/62_2023_egyetemi-hataskoru-bizottsagok.pdf\">Megb\u00edzat\u00e1si dokumentum\/ Mandate document\/ Mandatsdokument<\/a><\/td><td>Megb\u00edzat\u00e1s lej\u00e1rta<\/td><td>2024-10-24<\/td><\/tr><tr><td>Dr. Szab\u00f3<\/td><td>Lili\u00e1na<\/td><td>Hallgat\u00f3i jogviszony\/ Student status\/ Studierendenrechtsverh\u00e4ltnis<\/td><td>Tag (\u00e1lland\u00f3)\/ Member\/ Mitglied<\/td><td>2020-06-25<\/td><td>2021-10-25<\/td><td><a href=\"https:\/\/semmelweis.hu\/jogigfoig\/files\/2020\/07\/88_2020_a-Fel%C3%BClb%C3%ADr%C3%A1lati-Bizotts%C3%A1g-szem%C3%A9lyi-%C3%B6sszet%C3%A9tel%C3%A9nek-m%C3%B3dos%C3%ADt%C3%A1s%C3%A1r%C3%B3l.pdf\">Megb\u00edzat\u00e1si dokumentum\/ Mandate document\/ Mandatsdokument<\/a><\/td><td>Megb\u00edzat\u00e1s lej\u00e1rta<\/td><td>2021-10-25<\/td><\/tr><tr><td>Dr. Basa<\/td><td>B\u00e1lint<\/td><td>Hallgat\u00f3i jogviszony\/ Student status\/ Studierendenrechtsverh\u00e4ltnis<\/td><td>Tag (\u00e1lland\u00f3)\/ Member\/ Mitglied<\/td><td>2022-12-02<\/td><td>2024-10-24<\/td><td><a href=\"https:\/\/semmelweis.hu\/jogigfoig\/files\/2022\/12\/99_2022_allando-bizottsagok-doktorandusz-hallgatok.pdf\">Megb\u00edzat\u00e1si dokumentum\/ Mandate document\/ Mandatsdokument<\/a><\/td><td>Egy\u00e9b megsz\u0171n\u00e9si ok<\/td><td>2024-02-28<\/td><\/tr><tr><td>Dr. Kocsis<\/td><td>Erika<\/td><td>Foglalkoztatott\/ Employee\/ Besch\u00e4ftigte(r)<\/td><td>Tag (eseti tanulm\u00e1nyi \u00fcgyek)\/ Member\/ Mitglied<\/td><td>2023-10-05<\/td><td>2024-10-24<\/td><td><a href=\"https:\/\/semmelweis.hu\/jogigfoig\/files\/2023\/10\/79_2023_FB-szemelyi-osszetetel.pdf\">Megb\u00edzat\u00e1si dokumentum\/ Mandate document\/ Mandatsdokument<\/a><\/td><td>  <\/td><td>  <\/td><\/tr><tr><td>T\u00f3th<\/td><td>Anna<\/td><td>Foglalkoztatott\/ Employee\/ Besch\u00e4ftigte(r)<\/td><td>Tag (eseti tanulm\u00e1nyi \u00fcgyek)\/ Member\/ Mitglied<\/td><td>2024-10-25<\/td><td>2027-10-31<\/td><td><a href=\"https:\/\/semmelweis.hu\/jogigfoig\/files\/2024\/10\/79_2024_FB-szemelyi-osszetetelenek-megujitasarol.pdf\">Megb\u00edzat\u00e1si dokumentum\/ Mandate document\/ Mandatsdokument<\/a><\/td><td>Egy\u00e9b megsz\u0171n\u00e9si ok<\/td><td>2024-12-15<\/td><\/tr><tr><td>Dr. Kocsis<\/td><td>Erika<\/td><td>Foglalkoztatott\/ Employee\/ Besch\u00e4ftigte(r)<\/td><td>Tag (eseti) juttat\u00e1si \u00fcgyek\/ Member\/ Mitglied<\/td><td>2024-10-25<\/td><td>2027-10-31<\/td><td><a href=\"https:\/\/semmelweis.hu\/jogigfoig\/files\/2024\/10\/79_2024_FB-szemelyi-osszetetelenek-megujitasarol.pdf\">Megb\u00edzat\u00e1si dokumentum\/ Mandate document\/ Mandatsdokument<\/a><\/td><td>  <\/td><td>  <\/td><\/tr>            <\/tbody>\r\n            <\/table>\r\n        <\/div>\r\n        <\/div>\r\n    <\/div>\r\n    <\/div>\r\n    \n\n<\/div><h2 class=\"tabtitle\">Rules of Procedure<\/h2>\n<div class=\"tabcontent\">\n\n<p><u><a href=\"https:\/\/semmelweis.hu\/jogigfoig\/files\/2020\/08\/%C3%9Cgyrend_FB_2018.pdf\">Rules of Procedure of the Committee for the Review of Students\u2019 Judicial Remedy Appeals<\/a><\/u><\/p>\n\n<\/div><h2 class=\"tabtitle\">Annual Report<\/h2>\n<div class=\"tabcontent\">\n\n<p><a href=\"https:\/\/semmelweis.hu\/bizottsagok\/files\/2023\/03\/12_2023_az-Egyetem-egeszere-kiterjedo-hataskorrel-rendelkezo-allando-bizottsagok-munkajarol.pdf\" target=\"_blank\" rel=\"noopener\">Decision no. 12\/2023. (II. 9.) of the Semmelweis University Senate approving the report on the work of the standing committees with University-wide competencies established by the Senate<\/a><\/p>\n<p><a href=\"https:\/\/semmelweis.hu\/bizottsagok\/files\/2023\/03\/Beszamolo_Felulbiralati-bizottsag_2022.pdf\" target=\"_blank\" rel=\"noopener\">Annual report of the Committee for the Review of Students\u2019 Judicial Remedy Appeals \u2013 2022<\/a><\/p>\n<p><a href=\"https:\/\/semmelweis.hu\/bizottsagok\/files\/2023\/03\/Beszamolo_Felulbiralati-bizottsag_2021.pdf\" target=\"_blank\" rel=\"noopener\">Annual report of the Committee for the Review of Students\u2019 Judicial Remedy Appeals \u2013 2021<\/a><\/p>\n<p><a href=\"https:\/\/semmelweis.hu\/bizottsagok\/files\/2021\/03\/Fel\u00fclb\u00edr\u00e1lati-Bizotts\u00e1g_\u00e9ves-besz\u00e1mol\u00f3_2020-2.pdf\" target=\"_blank\" rel=\"noopener\">Annual report of the Committee for the Review of Students\u2019 Judicial Remedy Appeals \u2013 2020<\/a><\/p>\n<p><a href=\"https:\/\/semmelweis.hu\/jogigfoig\/files\/2020\/03\/2019.-%C3%A9ves-FB-besz%C3%A1mol%C3%B3.pdf\" target=\"_blank\" rel=\"noopener\">Annual report of the Committee for the Review of Students\u2019 Judicial Remedy Appeals \u2013 2019<\/a><\/p>\n<\/div><\/div>\n","protected":false},"excerpt":{"rendered":"<p>The Committee will review appeals filed by the student against the decision of the first-instance body, taking into account the compliance of the first-instance body&#8217;s procedure with the law.<\/p>\n<p>Contact:\u00a0Dr. Rita D\u00f3zsa-Sedl\u00e1k<br \/>\nEmail:\u00a0<a href=\"mailto:sedlak.rita@semmelweis-univ.hu\">sedlak.rita@semmelweis-univ.hu<\/a><\/p>\n<p><a href=\"https:\/\/semmelweis.hu\/jogigfoig\/files\/2020\/08\/%C3%9Cgyrend_FB_2018.pdf\">Rules of Procedure of the Committee for the Review of Students\u2019 Judicial Remedy Appeals<\/a><\/p>\n<p><a href=\"https:\/\/semmelweis.hu\/bizottsagok\/files\/2023\/03\/12_2023_az-Egyetem-egeszere-kiterjedo-hataskorrel-rendelkezo-allando-bizottsagok-munkajarol.pdf\" target=\"_blank\" rel=\"noopener\">Decision no. 12\/2023. (II. 9.) of the Semmelweis University Senate approving the report on the work of the standing committees with University-wide competencies established by the Senate<\/a><br \/>\n<a href=\"https:\/\/semmelweis.hu\/bizottsagok\/files\/2023\/03\/Beszamolo_Felulbiralati-bizottsag_2022.pdf\" target=\"_blank\" rel=\"noopener\">Annual report of the Committee for the Review of Students\u2019 Judicial Remedy Appeals \u2013 2022<\/a><br \/>\n<a href=\"https:\/\/semmelweis.hu\/bizottsagok\/files\/2023\/03\/Beszamolo_Felulbiralati-bizottsag_2021.pdf\" target=\"_blank\" rel=\"noopener\">Annual report of the Committee for the Review of Students\u2019 Judicial Remedy Appeals \u2013 2021<\/a><br \/>\n<a href=\"https:\/\/semmelweis.hu\/bizottsagok\/files\/2021\/03\/Fel\u00fclb\u00edr\u00e1lati-Bizotts\u00e1g_\u00e9ves-besz\u00e1mol\u00f3_2020-2.pdf\" target=\"_blank\" rel=\"noopener\">Annual report of the Committee for the Review of Students\u2019 Judicial Remedy Appeals \u2013 2020<\/a><br \/>\n<a href=\"https:\/\/semmelweis.hu\/jogigfoig\/files\/2020\/03\/2019.-%C3%A9ves-FB-besz%C3%A1mol%C3%B3.pdf\" target=\"_blank\" rel=\"noopener\">Annual report of the Committee for the Review of Students\u2019 Judicial Remedy Appeals \u2013 2019<\/a><\/p>\n","protected":false},"author":101595,"featured_media":0,"parent":1094,"menu_order":0,"comment_status":"closed","ping_status":"closed","template":"","meta":{"_acf_changed":false,"footnotes":""},"categories":[],"tags":[],"class_list":["post-1010","page","type-page","status-publish","hentry"],"acf":[],"_links":{"self":[{"href":"https:\/\/semmelweis.hu\/bizottsagok\/wp-json\/wp\/v2\/pages\/1010","targetHints":{"allow":["GET"]}}],"collection":[{"href":"https:\/\/semmelweis.hu\/bizottsagok\/wp-json\/wp\/v2\/pages"}],"about":[{"href":"https:\/\/semmelweis.hu\/bizottsagok\/wp-json\/wp\/v2\/types\/page"}],"author":[{"embeddable":true,"href":"https:\/\/semmelweis.hu\/bizottsagok\/wp-json\/wp\/v2\/users\/101595"}],"replies":[{"embeddable":true,"href":"https:\/\/semmelweis.hu\/bizottsagok\/wp-json\/wp\/v2\/comments?post=1010"}],"version-history":[{"count":9,"href":"https:\/\/semmelweis.hu\/bizottsagok\/wp-json\/wp\/v2\/pages\/1010\/revisions"}],"predecessor-version":[{"id":2305,"href":"https:\/\/semmelweis.hu\/bizottsagok\/wp-json\/wp\/v2\/pages\/1010\/revisions\/2305"}],"up":[{"embeddable":true,"href":"https:\/\/semmelweis.hu\/bizottsagok\/wp-json\/wp\/v2\/pages\/1094"}],"wp:attachment":[{"href":"https:\/\/semmelweis.hu\/bizottsagok\/wp-json\/wp\/v2\/media?parent=1010"}],"wp:term":[{"taxonomy":"category","embeddable":true,"href":"https:\/\/semmelweis.hu\/bizottsagok\/wp-json\/wp\/v2\/categories?post=1010"},{"taxonomy":"post_tag","embeddable":true,"href":"https:\/\/semmelweis.hu\/bizottsagok\/wp-json\/wp\/v2\/tags?post=1010"}],"curies":[{"name":"wp","href":"https:\/\/api.w.org\/{rel}","templated":true}]}}