{"id":1008,"date":"2021-01-04T13:28:16","date_gmt":"2021-01-04T12:28:16","guid":{"rendered":"https:\/\/semmelweis.hu\/bizottsagok\/?page_id=1008"},"modified":"2026-02-02T12:32:16","modified_gmt":"2026-02-02T11:32:16","slug":"studien-und-pruefungskommission-der-fakultaet-fuer-gesundheitswissenschaften-etk","status":"publish","type":"page","link":"https:\/\/semmelweis.hu\/bizottsagok\/de\/feste-kimissionen\/etk-komissionen\/studien-und-pruefungskommission-der-fakultaet-fuer-gesundheitswissenschaften-etk\/","title":{"rendered":"STUDIEN- UND PR\u00dcFUNGSKOMMISSION DER ETK"},"content":{"rendered":"<div class=\"responsive-tabs\">\n<h2 class=\"tabtitle\">Aufgaben und Zust\u00e4ndigkeit<\/h2>\n<div class=\"tabcontent\">\n\n<p>Die Kommission ist in erster Instanz f\u00fcr die Studienangelegenheiten der Studierenden zust\u00e4ndig. Ihre Zust\u00e4ndigkeit erstreckt sich auf die folgenden Angelegenheiten:<\/p>\n<ul>\n<li>Genehmigung einer verg\u00fcnstigten Studienordnung,<\/li>\n<li>Erkl\u00e4rung eines bereits begonnenen Semesters nachtr\u00e4glich zum passiven Semester,<\/li>\n<li>Genehmigung von Pr\u00fcfungen sowie Genehmigung von Pr\u00fcfungen au\u00dferhalb des Pr\u00fcfungszeitraums in besonders begr\u00fcndeten F\u00e4llen,<\/li>\n<li>Beurteilung von Billigkeitsantr\u00e4gen,<\/li>\n<li>Genehmigung von Antr\u00e4gen auf Fach-\/Studiengangwechsel oder Fakult\u00e4ts- bzw. Hochschulwechsel,<\/li>\n<li>sonstige Studienangelegenheiten,<\/li>\n<li>sonstige in den Rechtsvorschriften oder der Universit\u00e4ts- bzw. Fakult\u00e4tsordnung genannte Aufgaben,<\/li>\n<li>Vorlage von Vorschl\u00e4gen zur Festlegung der Ordnung f\u00fcr die Wahl der Fachrichtung an der Fakult\u00e4t,<\/li>\n<li>Vorlage von Vorschl\u00e4gen f\u00fcr Ma\u00dfnahmen, Innovationen und Kontrollprozessen im Zusammenhang mit den Studienabl\u00e4ufen.<\/li>\n<\/ul>\n<p>Jeder Studierender und Dozent kann \u00fcber die Studentenvertretung bzw. den Leiter der Organisationseinheit Lehre bei der Kommission eine Entscheidung beantragen, wenn die Angelegenheit seiner Meinung nach nicht entsprechend der Gesch\u00e4ftsordnung der Fakult\u00e4t bearbeitet wurde.<\/p>\n\n<\/div><h2 class=\"tabtitle\">Mitglieder<\/h2>\n<div class=\"tabcontent\">\n\n<p><strong><em>Ansprechpartner:<\/em><\/strong> Dekanat: 06-1-486-5910<br \/>\n<strong><em>E-Mail:<\/em><\/strong> <u><a href=\"mailto:tvb@se-etk.hu\">tvb@se-etk.hu<\/a><\/u><\/p>\n    \r\n    <div id=\"peopleContainer\" style=\"text-align:center;\">\r\n    <input type=\"hidden\" name=\"cimkek\" id=\"cimkek\" value=\"Nachname,Vorname,Grundlage des Mandats,Art des Mandats,Beginn des <br \/>\nMandats,Ende des Mandats,Mandatsdokument,Grund f\u00fcr das Erl\u00f6schen,Datum des <br \/>\nErl\u00f6schens\">\r\n    <input type=\"hidden\" name=\"kihagy_aktiv\" id=\"kihagy_aktiv\" value=\"Grund f\u00fcr das Erl\u00f6schen||megszunes_oka,Datum des <br \/>\nErl\u00f6schens||megszunes_datuma\">\r\n    <input type=\"hidden\" name=\"kihagy_archiv\" id=\"kihagy_archiv\" value=\"\">\r\n    <div id=\"aktivTagokContainer\" style=\"overflow:auto;\">\r\n        <table>\r\n        <thead style=\"text-align:center;\">\r\n            <th>Nachname<\/th><th>Vorname<\/th><th>Grundlage des Mandats<\/th><th>Art des Mandats<\/th><th>Beginn des <br \/>\nMandats<\/th><th>Ende des Mandats<\/th><th>Mandatsdokument<\/th>        <\/thead>\r\n        <tbody>\r\n        <tr><td>Dr. Cs\u00e1k<\/td><td>R\u00e9ka Borb\u00e1la<\/td><td>Foglalkoztatott\/ Employee\/ Besch\u00e4ftigte(r)<\/td><td>Tag\/ Member\/ Mitglied<\/td><td>2024-04-01<\/td><td>2027-08-12<\/td><td><a href=\"https:\/\/semmelweis.hu\/etk\/files\/2024\/07\/16_2024_h.pdf\">Megb\u00edzat\u00e1si dokumentum\/ Mandate document\/ Mandatsdokument<\/a><\/td><\/tr><tr><td>Dr. Vingender<\/td><td>Istv\u00e1n<\/td><td>Foglalkoztatott\/ Employee\/ Besch\u00e4ftigte(r)<\/td><td>Eln\u00f6k\/ Chairperson\/ Vorsitzender<\/td><td>2024-08-12<\/td><td>2027-08-12<\/td><td><a href=\"https:\/\/semmelweis.hu\/etk\/files\/2024\/07\/16_2024_h.pdf\">Megb\u00edzat\u00e1si dokumentum\/ Mandate document\/ Mandatsdokument<\/a><\/td><\/tr><tr><td>Dr. Benedek<\/td><td>Csilla<\/td><td>Foglalkoztatott\/ Employee\/ Besch\u00e4ftigte(r)<\/td><td>Tag\/ Member\/ Mitglied<\/td><td>2024-08-12<\/td><td>2027-08-12<\/td><td><a href=\"https:\/\/semmelweis.hu\/etk\/files\/2024\/07\/16_2024_h.pdf\">Megb\u00edzat\u00e1si dokumentum\/ Mandate document\/ Mandatsdokument<\/a><\/td><\/tr><tr><td>Bodn\u00e1r<\/td><td>Hajnalka<\/td><td>Foglalkoztatott\/ Employee\/ Besch\u00e4ftigte(r)<\/td><td>Tag\/ Member\/ Mitglied<\/td><td>2024-08-12<\/td><td>2027-08-12<\/td><td><a href=\"https:\/\/semmelweis.hu\/etk\/files\/2024\/07\/16_2024_h.pdf\">Megb\u00edzat\u00e1si dokumentum\/ Mandate document\/ Mandatsdokument<\/a><\/td><\/tr><tr><td>Dr. Borj\u00e1n<\/td><td>Eszter<\/td><td>Foglalkoztatott\/ Employee\/ Besch\u00e4ftigte(r)<\/td><td>Tag\/ Member\/ Mitglied<\/td><td>2024-08-12<\/td><td>2027-08-12<\/td><td><a href=\"https:\/\/semmelweis.hu\/etk\/files\/2024\/07\/16_2024_h.pdf\">Megb\u00edzat\u00e1si dokumentum\/ Mandate document\/ Mandatsdokument<\/a><\/td><\/tr><tr><td>K\u00e1d\u00e1r<\/td><td>L\u00e1szl\u00f3 Csaba<\/td><td>Foglalkoztatott\/ Employee\/ Besch\u00e4ftigte(r)<\/td><td>Tag\/ Member\/ Mitglied<\/td><td>2024-08-12<\/td><td>2027-08-12<\/td><td><a href=\"https:\/\/semmelweis.hu\/etk\/files\/2024\/07\/16_2024_h.pdf\">Megb\u00edzat\u00e1si dokumentum\/ Mandate document\/ Mandatsdokument<\/a><\/td><\/tr><tr><td>N\u00e1gel<\/td><td>J\u00f3zsefn\u00e9<\/td><td>Foglalkoztatott\/ Employee\/ Besch\u00e4ftigte(r)<\/td><td>Tag\/ Member\/ Mitglied<\/td><td>2024-08-12<\/td><td>2027-08-12<\/td><td><a href=\"https:\/\/semmelweis.hu\/etk\/files\/2024\/07\/16_2024_h.pdf\">Megb\u00edzat\u00e1si dokumentum\/ Mandate document\/ Mandatsdokument<\/a><\/td><\/tr><tr><td>Suhajd\u00e1n\u00e9 Dr. Urb\u00e1n<\/td><td>Veronika<\/td><td>Foglalkoztatott\/ Employee\/ Besch\u00e4ftigte(r)<\/td><td>Tag\/ Member\/ Mitglied<\/td><td>2024-08-12<\/td><td>2027-08-12<\/td><td><a href=\"https:\/\/semmelweis.hu\/etk\/files\/2024\/07\/16_2024_h.pdf\">Megb\u00edzat\u00e1si dokumentum\/ Mandate document\/ Mandatsdokument<\/a><\/td><\/tr><tr><td>Vakles<\/td><td>\u00c1gnes<\/td><td>Hallgat\u00f3i jogviszony\/ Student status\/ Studierendenrechtsverh\u00e4ltnis<\/td><td>Tag\/ Member\/ Mitglied<\/td><td>2024-08-12<\/td><td>2027-08-12<\/td><td><a href=\"https:\/\/semmelweis.hu\/etk\/files\/2024\/07\/16_2024_h.pdf\">Megb\u00edzat\u00e1si dokumentum\/ Mandate document\/ Mandatsdokument<\/a><\/td><\/tr><tr><td>Fekete<\/td><td>Rea R\u00e9ka<\/td><td>Hallgat\u00f3i jogviszony\/ Student status\/ Studierendenrechtsverh\u00e4ltnis<\/td><td>Tag\/ Member\/ Mitglied<\/td><td>2024-10-09<\/td><td>2027-08-12<\/td><td><a href=\"https:\/\/semmelweis.hu\/etk\/files\/2024\/10\/17_2024_h.pdf\">Megb\u00edzat\u00e1si dokumentum\/ Mandate document\/ Mandatsdokument<\/a><\/td><\/tr><tr><td>Bartalos<\/td><td>Szabolcs Martin<\/td><td>Hallgat\u00f3i jogviszony\/ Student status\/ Studierendenrechtsverh\u00e4ltnis<\/td><td>Tag\/ Member\/ Mitglied<\/td><td>2024-10-09<\/td><td>2027-08-12<\/td><td><a href=\"https:\/\/semmelweis.hu\/etk\/files\/2024\/10\/17_2024_h.pdf\">Megb\u00edzat\u00e1si dokumentum\/ Mandate document\/ Mandatsdokument<\/a><\/td><\/tr><tr><td>Hervatin-R\u00e1cz<\/td><td>Eszter<\/td><td>Hallgat\u00f3i jogviszony\/ Student status\/ Studierendenrechtsverh\u00e4ltnis<\/td><td>Tag\/ Member\/ Mitglied<\/td><td>2025-05-10<\/td><td>2027-08-12<\/td><td><a href=\"https:\/\/semmelweis.hu\/etk\/files\/2025\/06\/20_2025_h.pdf\">Megb\u00edzat\u00e1si dokumentum\/ Mandate document\/ Mandatsdokument<\/a><\/td><\/tr><tr><td>Hoffmann<\/td><td>R\u00e9ka Mirtill<\/td><td>Hallgat\u00f3i jogviszony\/ Student status\/ Studierendenrechtsverh\u00e4ltnis<\/td><td>Tag\/ Member\/ Mitglied<\/td><td>2026-02-01<\/td><td>2029-02-01<\/td><td><a href=\"https:\/\/semmelweis.hu\/etk\/files\/2026\/03\/4_2026_h.pdf\">Megb\u00edzat\u00e1si dokumentum\/ Mandate document\/ Mandatsdokument<\/a><\/td><\/tr>        \r\n        \r\n        <\/tbody>\r\n        <\/table>\r\n        <\/div>\r\n\r\n    <div id=\"archivTagokContainer\" style=\"overflow:auto;\">\r\n            <div class=\"exp-col-content-holder\" style=\"border: none;\">\r\n        <a class=\"expand-cnt-link ecf_closed\" href=\"#\">Arch\u00edv<\/a>\r\n        <div class=\"hidden-content\" style=\"display: none;\">\r\n                <table>\r\n            <thead style=\"text-align:center;\">\r\n                <th>Nachname<\/th><th>Vorname<\/th><th>Grundlage des Mandats<\/th><th>Art des Mandats<\/th><th>Beginn des <br \/>\nMandats<\/th><th>Ende des Mandats<\/th><th>Mandatsdokument<\/th><th>Grund f\u00fcr das Erl\u00f6schen<\/th><th>Datum des <br \/>\nErl\u00f6schens<\/th>            <\/thead>\r\n            <tbody>\r\n            <tr><td>Dr. Vingender<\/td><td>Istv\u00e1n <\/td><td>Foglalkoztatott\/ Employee\/ Besch\u00e4ftigte(r)<\/td><td>Eln\u00f6k\/ Chairperson\/ Vorsitzender<\/td><td>2021-08-11<\/td><td>2024-08-11<\/td><td><a href=\"https:\/\/semmelweis.hu\/etk\/files\/2021\/08\/22_2021_h.pdf\">Megb\u00edzat\u00e1si dokumentum\/ Mandate document\/ Mandatsdokument<\/a><\/td><td>Megb\u00edzat\u00e1s lej\u00e1rta<\/td><td>  <\/td><\/tr><tr><td>Dr. Benedek<\/td><td>Csilla<\/td><td>Foglalkoztatott\/ Employee\/ Besch\u00e4ftigte(r)<\/td><td>Tag\/ Member\/ Mitglied<\/td><td>2021-08-11<\/td><td>2024-08-11<\/td><td><a href=\"https:\/\/semmelweis.hu\/etk\/files\/2021\/08\/22_2021_h.pdf\">Megb\u00edzat\u00e1si dokumentum\/ Mandate document\/ Mandatsdokument<\/a><\/td><td>Megb\u00edzat\u00e1s lej\u00e1rta<\/td><td>  <\/td><\/tr><tr><td>Suhajd\u00e1n\u00e9 Dr. Urb\u00e1n<\/td><td>Veronika<\/td><td>Foglalkoztatott\/ Employee\/ Besch\u00e4ftigte(r)<\/td><td>Tag\/ Member\/ Mitglied<\/td><td>2021-08-11<\/td><td>2024-08-11<\/td><td><a href=\"https:\/\/semmelweis.hu\/etk\/files\/2021\/08\/22_2021_h.pdf\">Megb\u00edzat\u00e1si dokumentum\/ Mandate document\/ Mandatsdokument<\/a><\/td><td>Megb\u00edzat\u00e1s lej\u00e1rta<\/td><td>  <\/td><\/tr><tr><td>Bodn\u00e1r<\/td><td>Hajnalka<\/td><td>Foglalkoztatott\/ Employee\/ Besch\u00e4ftigte(r)<\/td><td>Tag\/ Member\/ Mitglied<\/td><td>2021-08-11<\/td><td>2024-08-11<\/td><td><a href=\"https:\/\/semmelweis.hu\/etk\/files\/2021\/08\/22_2021_h.pdf\">Megb\u00edzat\u00e1si dokumentum\/ Mandate document\/ Mandatsdokument<\/a><\/td><td>Megb\u00edzat\u00e1s lej\u00e1rta<\/td><td>  <\/td><\/tr><tr><td>Dr. Borj\u00e1n<\/td><td>Eszter<\/td><td>Foglalkoztatott\/ Employee\/ Besch\u00e4ftigte(r)<\/td><td>Tag\/ Member\/ Mitglied<\/td><td>2021-08-11<\/td><td>2024-08-11<\/td><td><a href=\"https:\/\/semmelweis.hu\/etk\/files\/2021\/08\/22_2021_h.pdf\">Megb\u00edzat\u00e1si dokumentum\/ Mandate document\/ Mandatsdokument<\/a><\/td><td>Megb\u00edzat\u00e1s lej\u00e1rta<\/td><td>  <\/td><\/tr><tr><td>K\u00e1d\u00e1r<\/td><td>L\u00e1szl\u00f3 Csaba<\/td><td>Foglalkoztatott\/ Employee\/ Besch\u00e4ftigte(r)<\/td><td>Tag\/ Member\/ Mitglied<\/td><td>2021-08-11<\/td><td>2024-08-11<\/td><td><a href=\"https:\/\/semmelweis.hu\/etk\/files\/2021\/08\/22_2021_h.pdf\">Megb\u00edzat\u00e1si dokumentum\/ Mandate document\/ Mandatsdokument<\/a><\/td><td>Megb\u00edzat\u00e1s lej\u00e1rta<\/td><td>  <\/td><\/tr><tr><td>N\u00e1gel<\/td><td>J\u00f3zsefn\u00e9<\/td><td>Foglalkoztatott\/ Employee\/ Besch\u00e4ftigte(r)<\/td><td>Tag\/ Member\/ Mitglied<\/td><td>2021-08-11<\/td><td>2024-08-11<\/td><td><a href=\"https:\/\/semmelweis.hu\/etk\/files\/2021\/08\/22_2021_h.pdf\">Megb\u00edzat\u00e1si dokumentum\/ Mandate document\/ Mandatsdokument<\/a><\/td><td>Megb\u00edzat\u00e1s lej\u00e1rta<\/td><td>  <\/td><\/tr><tr><td>Gyenes<\/td><td>G\u00e1bor<\/td><td>Hallgat\u00f3i jogviszony\/ Student status\/ Studierendenrechtsverh\u00e4ltnis<\/td><td>Tag\/ Member\/ Mitglied<\/td><td>2019-03-22<\/td><td>2021-03-02<\/td><td><a href=\"https:\/\/semmelweis.hu\/jogigfoig\/files\/2019\/03\/19_2019_II_21_ETK_kari_bizottsag_szemelyi_osszetetel.pdf\">Megb\u00edzat\u00e1si dokumentum\/ Mandate document\/ Mandatsdokument<\/a><\/td><td>Egy\u00e9b megsz\u0171n\u00e9si ok<\/td><td>  <\/td><\/tr><tr><td>Farkas<\/td><td>Kriszti\u00e1n<\/td><td>Hallgat\u00f3i jogviszony\/ Student status\/ Studierendenrechtsverh\u00e4ltnis<\/td><td>Tag\/ Member\/ Mitglied<\/td><td>2019-12-03<\/td><td>2021-03-02<\/td><td><a href=\"https:\/\/semmelweis.hu\/etk\/files\/2020\/07\/2019_KT_hat-47.pdf\">Megb\u00edzat\u00e1si dokumentum\/ Mandate document\/ Mandatsdokument<\/a><\/td><td>Egy\u00e9b megsz\u0171n\u00e9si ok<\/td><td>  <\/td><\/tr><tr><td>M\u00e9sz\u00e1ros<\/td><td>Csaba<\/td><td>Hallgat\u00f3i jogviszony\/ Student status\/ Studierendenrechtsverh\u00e4ltnis<\/td><td>Tag\/ Member\/ Mitglied<\/td><td>2021-08-11<\/td><td>2024-08-11<\/td><td><a href=\"https:\/\/semmelweis.hu\/etk\/files\/2021\/08\/22_2021_h.pdf\">Megb\u00edzat\u00e1si dokumentum\/ Mandate document\/ Mandatsdokument<\/a><\/td><td>Egy\u00e9b megsz\u0171n\u00e9si ok<\/td><td>  <\/td><\/tr><tr><td>Keskeny<\/td><td>Anna<\/td><td>Hallgat\u00f3i jogviszony\/ Student status\/ Studierendenrechtsverh\u00e4ltnis<\/td><td>Tag\/ Member\/ Mitglied<\/td><td>2021-08-11<\/td><td>2024-08-11<\/td><td><a href=\"https:\/\/semmelweis.hu\/etk\/files\/2021\/08\/22_2021_h.pdf\">Megb\u00edzat\u00e1si dokumentum\/ Mandate document\/ Mandatsdokument<\/a><\/td><td>Egy\u00e9b megsz\u0171n\u00e9si ok<\/td><td>  <\/td><\/tr><tr><td>Pint\u00e9r<\/td><td>S\u00e1ra<\/td><td>Hallgat\u00f3i jogviszony\/ Student status\/ Studierendenrechtsverh\u00e4ltnis<\/td><td>Tag\/ Member\/ Mitglied<\/td><td>2021-08-11<\/td><td>2024-08-11<\/td><td><a href=\"https:\/\/semmelweis.hu\/etk\/files\/2021\/08\/22_2021_h.pdf\">Megb\u00edzat\u00e1si dokumentum\/ Mandate document\/ Mandatsdokument<\/a><\/td><td>Egy\u00e9b megsz\u0171n\u00e9si ok<\/td><td>  <\/td><\/tr><tr><td>B\u00e1nhidi<\/td><td>Panna<\/td><td>Hallgat\u00f3i jogviszony\/ Student status\/ Studierendenrechtsverh\u00e4ltnis<\/td><td>Tag\/ Member\/ Mitglied<\/td><td>2021-07-01<\/td><td>2024-07-01<\/td><td><a href=\"https:\/\/semmelweis.hu\/etk\/files\/2021\/07\/18_2021_h.pdf\">Megb\u00edzat\u00e1si dokumentum\/ Mandate document\/ Mandatsdokument<\/a><\/td><td>Egy\u00e9b megsz\u0171n\u00e9si ok<\/td><td>2023-03-28<\/td><\/tr><tr><td>N\u00e9met<\/td><td>Dorottya<\/td><td>Hallgat\u00f3i jogviszony\/ Student status\/ Studierendenrechtsverh\u00e4ltnis<\/td><td>Tag\/ Member\/ Mitglied<\/td><td>2021-05-25<\/td><td>2024-05-25<\/td><td><a href=\"https:\/\/semmelweis.hu\/etk\/files\/2021\/05\/17_2021_h.pdf\">Megb\u00edzat\u00e1si dokumentum\/ Mandate document\/ Mandatsdokument<\/a><\/td><td>Egy\u00e9b megsz\u0171n\u00e9si ok<\/td><td>2022-05-16<\/td><\/tr><tr><td>Fekete<\/td><td>Rea<\/td><td>Hallgat\u00f3i jogviszony\/ Student status\/ Studierendenrechtsverh\u00e4ltnis<\/td><td>Tag\/ Member\/ Mitglied<\/td><td>2022-05-16<\/td><td>2024-08-11<\/td><td><a href=\"https:\/\/semmelweis.hu\/etk\/files\/2022\/05\/9_2022_h.pdf\">Megb\u00edzat\u00e1si dokumentum\/ Mandate document\/ Mandatsdokument<\/a><\/td><td>Egy\u00e9b megsz\u0171n\u00e9si ok<\/td><td>2024-06-30<\/td><\/tr><tr><td>H\u00e1mori<\/td><td>R\u00e9ka<\/td><td>Hallgat\u00f3i jogviszony\/ Student status\/ Studierendenrechtsverh\u00e4ltnis<\/td><td>Tag\/ Member\/ Mitglied<\/td><td>2022-05-16<\/td><td>2024-08-11<\/td><td><a href=\"https:\/\/semmelweis.hu\/etk\/files\/2022\/05\/9_2022_h.pdf\">Megb\u00edzat\u00e1si dokumentum\/ Mandate document\/ Mandatsdokument<\/a><\/td><td>Egy\u00e9b megsz\u0171n\u00e9si ok<\/td><td>2023-03-28<\/td><\/tr><tr><td>Feke<\/td><td>Anett<\/td><td>Hallgat\u00f3i jogviszony\/ Student status\/ Studierendenrechtsverh\u00e4ltnis<\/td><td>Tag\/ Member\/ Mitglied<\/td><td>2022-05-16<\/td><td>2024-08-11<\/td><td><a href=\"https:\/\/semmelweis.hu\/etk\/files\/2022\/05\/9_2022_h.pdf\">Megb\u00edzat\u00e1si dokumentum\/ Mandate document\/ Mandatsdokument<\/a><\/td><td>Megb\u00edzat\u00e1s lej\u00e1rta<\/td><td>2024-08-11<\/td><\/tr><tr><td>Sipos<\/td><td>Eszter<\/td><td>Hallgat\u00f3i jogviszony\/ Student status\/ Studierendenrechtsverh\u00e4ltnis<\/td><td>Tag\/ Member\/ Mitglied<\/td><td>2023-03-29<\/td><td>2024-08-11<\/td><td><a href=\"https:\/\/semmelweis.hu\/bizottsagok\/files\/2023\/03\/6_2023_h.pdf\">Megb\u00edzat\u00e1si dokumentum\/ Mandate document\/ Mandatsdokument<\/a><\/td><td>Megb\u00edzat\u00e1s lej\u00e1rta<\/td><td>2024-08-11<\/td><\/tr><tr><td>T\u00e1nczos<\/td><td>Gr\u00e9ta Lujza<\/td><td>Hallgat\u00f3i jogviszony\/ Student status\/ Studierendenrechtsverh\u00e4ltnis<\/td><td>Tag\/ Member\/ Mitglied<\/td><td>2023-03-29<\/td><td>2024-08-11<\/td><td><a href=\"https:\/\/semmelweis.hu\/bizottsagok\/files\/2023\/03\/6_2023_h.pdf\">Megb\u00edzat\u00e1si dokumentum\/ Mandate document\/ Mandatsdokument<\/a><\/td><td>Egy\u00e9b megsz\u0171n\u00e9si ok<\/td><td>2023-11-08<\/td><\/tr><tr><td>Bartalos<\/td><td>Szabolcs Martin<\/td><td>Hallgat\u00f3i jogviszony\/ Student status\/ Studierendenrechtsverh\u00e4ltnis<\/td><td>Tag\/ Member\/ Mitglied<\/td><td>2023-11-09<\/td><td>2024-08-11<\/td><td><a href=\"https:\/\/semmelweis.hu\/etk\/files\/2023\/11\/29_2023_h.pdf\">Megb\u00edzat\u00e1si dokumentum\/ Mandate document\/ Mandatsdokument<\/a><\/td><td>Egy\u00e9b megsz\u0171n\u00e9si ok<\/td><td>2024-06-30<\/td><\/tr><tr><td>Vakles<\/td><td>\u00c1gnes<\/td><td>Hallgat\u00f3i jogviszony\/ Student status\/ Studierendenrechtsverh\u00e4ltnis<\/td><td>Tag\/ Member\/ Mitglied<\/td><td>2024-03-07<\/td><td>2024-08-11<\/td><td><a href=\"https:\/\/semmelweis.hu\/etk\/files\/2024\/03\/10_2024_h.pdf\">Megb\u00edzat\u00e1si dokumentum\/ Mandate document\/ Mandatsdokument<\/a><\/td><td>Megb\u00edzat\u00e1s lej\u00e1rta<\/td><td>2024-08-11<\/td><\/tr><tr><td>D\u00f3ka<\/td><td>Tibor<\/td><td>Hallgat\u00f3i jogviszony\/ Student status\/ Studierendenrechtsverh\u00e4ltnis<\/td><td>Tag\/ Member\/ Mitglied<\/td><td>2024-07-01<\/td><td>2027-08-12<\/td><td><a href=\"https:\/\/semmelweis.hu\/etk\/files\/2024\/07\/16_2024_h.pdf\">Megb\u00edzat\u00e1si dokumentum\/ Mandate document\/ Mandatsdokument<\/a><\/td><td>Egy\u00e9b megsz\u0171n\u00e9si ok<\/td><td>2024-10-08<\/td><\/tr><tr><td>Husz\u00e1r<\/td><td>Zs\u00f3fia<\/td><td>Hallgat\u00f3i jogviszony\/ Student status\/ Studierendenrechtsverh\u00e4ltnis<\/td><td>Tag\/ Member\/ Mitglied<\/td><td>2024-07-01<\/td><td>2027-08-12<\/td><td><a href=\"https:\/\/semmelweis.hu\/etk\/files\/2024\/07\/16_2024_h.pdf\">Megb\u00edzat\u00e1si dokumentum\/ Mandate document\/ Mandatsdokument<\/a><\/td><td>Egy\u00e9b megsz\u0171n\u00e9si ok<\/td><td>2024-10-08<\/td><\/tr><tr><td>Feke<\/td><td>Anett<\/td><td>Hallgat\u00f3i jogviszony\/ Student status\/ Studierendenrechtsverh\u00e4ltnis<\/td><td>Tag\/ Member\/ Mitglied<\/td><td>2024-08-12<\/td><td>2027-08-12<\/td><td><a href=\"https:\/\/semmelweis.hu\/etk\/files\/2024\/07\/16_2024_h.pdf\">Megb\u00edzat\u00e1si dokumentum\/ Mandate document\/ Mandatsdokument<\/a><\/td><td>Egy\u00e9b megsz\u0171n\u00e9si ok<\/td><td>2025-05-09<\/td><\/tr><tr><td>Sipos<\/td><td>Eszter<\/td><td>Hallgat\u00f3i jogviszony\/ Student status\/ Studierendenrechtsverh\u00e4ltnis<\/td><td>Tag\/ Member\/ Mitglied<\/td><td>2024-08-12<\/td><td>2027-08-12<\/td><td><a href=\"https:\/\/semmelweis.hu\/etk\/files\/2024\/07\/16_2024_h.pdf\">Megb\u00edzat\u00e1si dokumentum\/ Mandate document\/ Mandatsdokument<\/a><\/td><td>Egy\u00e9b megsz\u0171n\u00e9si ok<\/td><td>2025-05-09<\/td><\/tr><tr><td>Sink\u00f3<\/td><td>Luca<\/td><td>Hallgat\u00f3i jogviszony\/ Student status\/ Studierendenrechtsverh\u00e4ltnis<\/td><td>Tag\/ Member\/ Mitglied<\/td><td>2025-05-10<\/td><td>2027-08-12<\/td><td><a href=\"https:\/\/semmelweis.hu\/etk\/files\/2025\/06\/20_2025_h.pdf\">Megb\u00edzat\u00e1si dokumentum\/ Mandate document\/ Mandatsdokument<\/a><\/td><td>Egy\u00e9b megsz\u0171n\u00e9si ok<\/td><td>2026-01-31<\/td><\/tr>            <\/tbody>\r\n            <\/table>\r\n        <\/div>\r\n        <\/div>\r\n    <\/div>\r\n    <\/div>\r\n    \n\n<\/div><h2 class=\"tabtitle\">Gesch\u00e4ftsordnung<\/h2>\n<div class=\"tabcontent\">\n\n<p><u><a href=\"https:\/\/semmelweis.hu\/etk\/files\/2020\/05\/se-etk-tvb-szr.pdf\">Gesch\u00e4ftsordnung der Studien- und Pr\u00fcfungsordnung<\/a><\/u><\/p>\n\n<\/div><h2 class=\"tabtitle\">Jahresbericht<\/h2>\n<div class=\"tabcontent\">\n\n<p><u><a href=\"https:\/\/semmelweis.hu\/jogigfoig\/files\/2020\/05\/68_2020_Besz%C3%A1mol%C3%B3-a-kari-bizotts%C3%A1gok-munk%C3%A1j%C3%A1r%C3%B3l.pdf\">Beschluss Nr. 68\/2020 (V.5.) des Senates der Semmelweis Universit\u00e4t Bericht \u00fcber die T\u00e4tigkeit der vom Senat eingesetzten st\u00e4ndigen Fakult\u00e4tskommissionen <em>(Studien- und Pr\u00fcfungskommission, Anrechnungskommission, Ethik- und Disziplinarkommission, in Bezug auf die Pet\u0151 Andr\u00e1s Fakult\u00e4t zwei weitere Kommissionen die Kommission Praxisausbildung und die Publikations- und Bibliothekskommission)<\/em><\/a><\/u><\/p>\n<p><a href=\"https:\/\/semmelweis.hu\/bizottsagok\/files\/2022\/03\/16_2021_karokon-muk-all-biz_beszamolok-2.pdf\">Beschluss Nr. 16\/2021 (II.25.) des Senates der Semmelweis Universit\u00e4t Bericht \u00fcber die T\u00e4tigkeit der vom Senat eingesetzten st\u00e4ndigen Fakult\u00e4tskommissionen (Studien- und Pr\u00fcfungskommission, Anrechnungskommission, Ethik- und Disziplinarkommission, in Bezug auf die Pet\u0151 Andr\u00e1s Fakult\u00e4t zwei weitere Kommissionen die Kommission Praxisausbildung und die Publikations- und Bibliothekskommission)<\/a><\/p>\n<p><a href=\"https:\/\/semmelweis.hu\/bizottsagok\/files\/2022\/05\/17_2022_a-Szenatus-altal-letrehozott-karokon-mukodo-allando-bizottsagok-munkajarol-szolo-beszamolok-elfogadasarol-1.pdf\">Beschluss Nr. 17\/2022. (III.28.) des Senates der Semmelweis Universit\u00e4t Bericht \u00fcber die T\u00e4tigkeit der vom Senat eingesetzten st\u00e4ndigen Fakult\u00e4tskommissionen<\/a><\/p>\n<\/div><\/div>\n","protected":false},"excerpt":{"rendered":"<p>Die Kommission ist in erster Instanz f\u00fcr die Studienangelegenheiten der Studierenden zust\u00e4ndig. Ihre Zust\u00e4ndigkeit erstreckt sich auf die folgenden Angelegenheiten: Genehmigung einer verg\u00fcnstigten Studienordnung, Erkl\u00e4rung eines bereits begonnenen Semesters nachtr\u00e4glich zum passiven Semester, Genehmigung von Pr\u00fcfungen sowie Genehmigung von Pr\u00fcfungen au\u00dferhalb des Pr\u00fcfungszeitraums in besonders begr\u00fcndeten F\u00e4llen, Beurteilung von Billigkeitsantr\u00e4gen, Genehmigung von Antr\u00e4gen auf Fach-\/Studiengangwechsel &hellip;<\/p>\n","protected":false},"author":101796,"featured_media":0,"parent":1294,"menu_order":0,"comment_status":"closed","ping_status":"closed","template":"","meta":{"_acf_changed":false,"footnotes":""},"categories":[],"tags":[],"class_list":["post-1008","page","type-page","status-publish","hentry"],"acf":[],"_links":{"self":[{"href":"https:\/\/semmelweis.hu\/bizottsagok\/wp-json\/wp\/v2\/pages\/1008","targetHints":{"allow":["GET"]}}],"collection":[{"href":"https:\/\/semmelweis.hu\/bizottsagok\/wp-json\/wp\/v2\/pages"}],"about":[{"href":"https:\/\/semmelweis.hu\/bizottsagok\/wp-json\/wp\/v2\/types\/page"}],"author":[{"embeddable":true,"href":"https:\/\/semmelweis.hu\/bizottsagok\/wp-json\/wp\/v2\/users\/101796"}],"replies":[{"embeddable":true,"href":"https:\/\/semmelweis.hu\/bizottsagok\/wp-json\/wp\/v2\/comments?post=1008"}],"version-history":[{"count":5,"href":"https:\/\/semmelweis.hu\/bizottsagok\/wp-json\/wp\/v2\/pages\/1008\/revisions"}],"predecessor-version":[{"id":2848,"href":"https:\/\/semmelweis.hu\/bizottsagok\/wp-json\/wp\/v2\/pages\/1008\/revisions\/2848"}],"up":[{"embeddable":true,"href":"https:\/\/semmelweis.hu\/bizottsagok\/wp-json\/wp\/v2\/pages\/1294"}],"wp:attachment":[{"href":"https:\/\/semmelweis.hu\/bizottsagok\/wp-json\/wp\/v2\/media?parent=1008"}],"wp:term":[{"taxonomy":"category","embeddable":true,"href":"https:\/\/semmelweis.hu\/bizottsagok\/wp-json\/wp\/v2\/categories?post=1008"},{"taxonomy":"post_tag","embeddable":true,"href":"https:\/\/semmelweis.hu\/bizottsagok\/wp-json\/wp\/v2\/tags?post=1008"}],"curies":[{"name":"wp","href":"https:\/\/api.w.org\/{rel}","templated":true}]}}