{"id":1004,"date":"2021-01-04T13:25:35","date_gmt":"2021-01-04T12:25:35","guid":{"rendered":"https:\/\/semmelweis.hu\/bizottsagok\/?page_id=1004"},"modified":"2026-02-02T12:32:41","modified_gmt":"2026-02-02T11:32:41","slug":"anrechnungskommission-der-fakultaet-fuer-gesundheitswissenschaften-etk","status":"publish","type":"page","link":"https:\/\/semmelweis.hu\/bizottsagok\/de\/feste-kimissionen\/etk-komissionen\/anrechnungskommission-der-fakultaet-fuer-gesundheitswissenschaften-etk\/","title":{"rendered":"ANRECHNUNGSKOMMISSION DER ETK"},"content":{"rendered":"<div class=\"responsive-tabs\">\n<h2 class=\"tabtitle\">Aufgaben und Zust\u00e4ndigkeit<\/h2>\n<div class=\"tabcontent\">\n\n<p>Die Zust\u00e4ndigkeit der Kommission erstreckt sich auf<\/p>\n<ul>\n<li>die in einem anderen Studiengang oder einer anderen Fachrichtung der Fakult\u00e4t f\u00fcr Gesundheitswissenschaften der Semmelweis Universit\u00e4t (SE-ETK) erworbenen Kreditpunkte,<\/li>\n<li>die an der Fakult\u00e4t f\u00fcr Gesundheitswissenschaften der Semmelweis Universit\u00e4t (SE-ETK) fr\u00fcher erworbenen Kreditpunkte,<\/li>\n<li>die an einer anderen Fakult\u00e4t f\u00fcr Gesundheitswesen oder Bildungseinrichtung erworbenen Kreditpunkte,<\/li>\n<li>die an einer anderen Nicht-Gesundheitsbildungseinrichtung erworbenen Kreditpunkte,<\/li>\n<li>die an einer ausl\u00e4ndischen Bildungseinrichtung erworbenen Kreditpunkte,<\/li>\n<li>die als Gaststudierender erworbenen Kreditpunkte,<\/li>\n<li>die als Zweith\u00f6rer erworbenen Kreditpunkte,<\/li>\n<li>die Anerkennung der von \u00fcbernommenen Studierenden anderswo erworbenen Kreditpunkte,<\/li>\n<li>die Anerkennung von Berufserfahrung.<\/li>\n<\/ul>\n<p>Aufgaben der Kommission:<\/p>\n<ul>\n<li>Festlegung der Anzahl der anerkannten Kreditpunkte, die maximal f\u00fcr das zu erwerbende Diplom angerechnet werden k\u00f6nnen,<\/li>\n<li>Anerkennung von Pr\u00fcfungsleistungen in F\u00e4chern, die an der eigenen Fakult\u00e4t oder einer anderen Fakult\u00e4t bzw. Hochschuleinrichtung belegt wurden, Feststellung der mit dem Fach verbundenen Kreditpunkte und der Ersetzbarkeit durch ein anderes Fach\/andere F\u00e4cher bzw. Feststellung des Unterschieds zu anderen F\u00e4chern,<\/li>\n<li>Regelung der Ordnung f\u00fcr Antr\u00e4ge auf Anerkennung von Studienleistungen und ihre Registrierung,<\/li>\n<li>Entscheidungsvorbereitung in Konsultations-, Organisations- und Regelungsfragen,<\/li>\n<li>Durchf\u00fchrung von vorl\u00e4ufigen Verfahren zur Anerkennung von Studienleistungen im Masterstudiengang.<\/li>\n<\/ul>\n\n<\/div><h2 class=\"tabtitle\">Mitglieder<\/h2>\n<div class=\"tabcontent\">\n\n<p><strong><em>Ansprechpartner:<\/em><\/strong> Studienabteilung 06-1-48-65940<br \/>\n<strong><em>E-Mail:<\/em><\/strong> <a href=\"mailto:to@se-etk.hu\">to@se-etk.hu<\/a><\/p>\n    \r\n    <div id=\"peopleContainer\" style=\"text-align:center;\">\r\n    <input type=\"hidden\" name=\"cimkek\" id=\"cimkek\" value=\"Nachname,Vorname,Grundlage des Mandats,Art des Mandats,Beginn des <br \/>\nMandats,Ende des Mandats,Mandatsdokument,Grund f\u00fcr das Erl\u00f6schen,Datum des <br \/>\nErl\u00f6schens\">\r\n    <input type=\"hidden\" name=\"kihagy_aktiv\" id=\"kihagy_aktiv\" value=\"Grund f\u00fcr das Erl\u00f6schen||megszunes_oka,Datum des <br \/>\nErl\u00f6schens||megszunes_datuma\">\r\n    <input type=\"hidden\" name=\"kihagy_archiv\" id=\"kihagy_archiv\" value=\"\">\r\n    <div id=\"aktivTagokContainer\" style=\"overflow:auto;\">\r\n        <table>\r\n        <thead style=\"text-align:center;\">\r\n            <th>Nachname<\/th><th>Vorname<\/th><th>Grundlage des Mandats<\/th><th>Art des Mandats<\/th><th>Beginn des <br \/>\nMandats<\/th><th>Ende des Mandats<\/th><th>Mandatsdokument<\/th>        <\/thead>\r\n        <tbody>\r\n        <tr><td>Dr. Sinka<\/td><td>Magdolna<\/td><td>Foglalkoztatott\/ Employee\/ Besch\u00e4ftigte(r)<\/td><td>Eln\u00f6k\/ Chairperson\/ Vorsitzender<\/td><td>2024-08-12<\/td><td>2027-08-12<\/td><td><a href=\"https:\/\/semmelweis.hu\/etk\/files\/2024\/07\/16_2024_h.pdf\">Megb\u00edzat\u00e1si dokumentum\/ Mandate document\/ Mandatsdokument<\/a><\/td><\/tr><tr><td>Dr. T\u00f3th<\/td><td>T\u00edmea<\/td><td>Foglalkoztatott\/ Employee\/ Besch\u00e4ftigte(r)<\/td><td>Tag\/ Member\/ Mitglied<\/td><td>2024-08-12<\/td><td>2027-08-12<\/td><td><a href=\"https:\/\/semmelweis.hu\/etk\/files\/2024\/07\/16_2024_h.pdf\">Megb\u00edzat\u00e1si dokumentum\/ Mandate document\/ Mandatsdokument<\/a><\/td><\/tr><tr><td>Dr. Vingender<\/td><td>Istv\u00e1n<\/td><td>Foglalkoztatott\/ Employee\/ Besch\u00e4ftigte(r)<\/td><td>Tag\/ Member\/ Mitglied<\/td><td>2024-08-12<\/td><td>2027-08-12<\/td><td><a href=\"https:\/\/semmelweis.hu\/etk\/files\/2024\/07\/16_2024_h.pdf\">Megb\u00edzat\u00e1si dokumentum\/ Mandate document\/ Mandatsdokument<\/a><\/td><\/tr><tr><td>Fekete<\/td><td>Rea R\u00e9ka<\/td><td>Hallgat\u00f3i jogviszony\/ Student status\/ Studierendenrechtsverh\u00e4ltnis<\/td><td>Tag\/ Member\/ Mitglied<\/td><td>2024-10-09<\/td><td>2027-08-12<\/td><td><a href=\"https:\/\/semmelweis.hu\/etk\/files\/2024\/10\/17_2024_h.pdf\">Megb\u00edzat\u00e1si dokumentum\/ Mandate document\/ Mandatsdokument<\/a><\/td><\/tr><tr><td>Csord\u00e1s<\/td><td>Vikt\u00f3ria<\/td><td>Hallgat\u00f3i jogviszony\/ Student status\/ Studierendenrechtsverh\u00e4ltnis<\/td><td>Tag\/ Member\/ Mitglied<\/td><td>2025-05-10<\/td><td>2027-08-12<\/td><td><a href=\"https:\/\/semmelweis.hu\/etk\/files\/2025\/06\/20_2025_h.pdf\">Megb\u00edzat\u00e1si dokumentum\/ Mandate document\/ Mandatsdokument<\/a><\/td><\/tr><tr><td>T\u00f3th<\/td><td>Attila Imre<\/td><td>Hallgat\u00f3i jogviszony\/ Student status\/ Studierendenrechtsverh\u00e4ltnis<\/td><td>Tag\/ Member\/ Mitglied<\/td><td>2025-05-10<\/td><td>2027-08-12<\/td><td><a href=\"https:\/\/semmelweis.hu\/etk\/files\/2025\/06\/20_2025_h.pdf\">Megb\u00edzat\u00e1si dokumentum\/ Mandate document\/ Mandatsdokument<\/a><\/td><\/tr>        \r\n        \r\n        <\/tbody>\r\n        <\/table>\r\n        <\/div>\r\n\r\n    <div id=\"archivTagokContainer\" style=\"overflow:auto;\">\r\n            <div class=\"exp-col-content-holder\" style=\"border: none;\">\r\n        <a class=\"expand-cnt-link ecf_closed\" href=\"#\">Arch\u00edv<\/a>\r\n        <div class=\"hidden-content\" style=\"display: none;\">\r\n                <table>\r\n            <thead style=\"text-align:center;\">\r\n                <th>Nachname<\/th><th>Vorname<\/th><th>Grundlage des Mandats<\/th><th>Art des Mandats<\/th><th>Beginn des <br \/>\nMandats<\/th><th>Ende des Mandats<\/th><th>Mandatsdokument<\/th><th>Grund f\u00fcr das Erl\u00f6schen<\/th><th>Datum des <br \/>\nErl\u00f6schens<\/th>            <\/thead>\r\n            <tbody>\r\n            <tr><td>Czak\u00f3<\/td><td>Piroska<\/td><td>Foglalkoztatott\/ Employee\/ Besch\u00e4ftigte(r)<\/td><td>Eln\u00f6k\/ Chairperson\/ Vorsitzender<\/td><td>2018-03-02<\/td><td>2021-03-02<\/td><td><a href=\"https:\/\/semmelweis.hu\/jogigfoig\/files\/2018\/03\/18_III.1._2018_ETK_kar-bizotts._szem%C3%A9lyi-%C3%B6ssz.pdf\">Megb\u00edzat\u00e1si dokumentum\/ Mandate document\/ Mandatsdokument<\/a><\/td><td>Megb\u00edzat\u00e1s lej\u00e1rta<\/td><td>  <\/td><\/tr><tr><td>Dr. Vingender<\/td><td>Istv\u00e1n <\/td><td>Foglalkoztatott\/ Employee\/ Besch\u00e4ftigte(r)<\/td><td>Tag\/ Member\/ Mitglied<\/td><td>2021-08-11<\/td><td>2024-08-11<\/td><td><a href=\"https:\/\/semmelweis.hu\/etk\/files\/2021\/08\/23_2021_h.pdf\">Megb\u00edzat\u00e1si dokumentum\/ Mandate document\/ Mandatsdokument<\/a><\/td><td>Megb\u00edzat\u00e1s lej\u00e1rta<\/td><td>  <\/td><\/tr><tr><td>Dr. T\u00f3th<\/td><td>T\u00edmea<\/td><td>Foglalkoztatott\/ Employee\/ Besch\u00e4ftigte(r)<\/td><td>Tag\/ Member\/ Mitglied<\/td><td>2021-08-11<\/td><td>2024-08-11<\/td><td><a href=\"https:\/\/semmelweis.hu\/etk\/files\/2021\/08\/23_2021_h.pdf\">Megb\u00edzat\u00e1si dokumentum\/ Mandate document\/ Mandatsdokument<\/a><\/td><td>Megb\u00edzat\u00e1s lej\u00e1rta<\/td><td>  <\/td><\/tr><tr><td>Gyenes<\/td><td>G\u00e1bor<\/td><td>Hallgat\u00f3i jogviszony\/ Student status\/ Studierendenrechtsverh\u00e4ltnis<\/td><td>Tag\/ Member\/ Mitglied<\/td><td>2019-12-03<\/td><td>2021-03-02<\/td><td><a href=\"https:\/\/semmelweis.hu\/etk\/files\/2020\/07\/2019_KT_hat-47.pdf\">Megb\u00edzat\u00e1si dokumentum\/ Mandate document\/ Mandatsdokument<\/a><\/td><td>Megb\u00edzat\u00e1s lej\u00e1rta<\/td><td>  <\/td><\/tr><tr><td>Berta<\/td><td>D\u00f3ra Bella<\/td><td>Hallgat\u00f3i jogviszony\/ Student status\/ Studierendenrechtsverh\u00e4ltnis<\/td><td>Tag\/ Member\/ Mitglied<\/td><td>2021-08-11<\/td><td>2024-08-11<\/td><td><a href=\"https:\/\/semmelweis.hu\/etk\/files\/2021\/08\/23_2021_h.pdf\">Megb\u00edzat\u00e1si dokumentum\/ Mandate document\/ Mandatsdokument<\/a><\/td><td>Egy\u00e9b megsz\u0171n\u00e9si ok<\/td><td>  <\/td><\/tr><tr><td>Dr. N\u00e9methn\u00e9 Dr. Gradvohl <\/td><td>Edina<\/td><td>Foglalkoztatott\/ Employee\/ Besch\u00e4ftigte(r)<\/td><td>Eln\u00f6k\/ Chairperson\/ Vorsitzender<\/td><td>2021-05-27<\/td><td>2024-05-25<\/td><td><a href=\"https:\/\/semmelweis.hu\/etk\/files\/2021\/05\/17_2021_h.pdf\">Megb\u00edzat\u00e1si dokumentum\/ Mandate document\/ Mandatsdokument<\/a><\/td><td>Egy\u00e9b megsz\u0171n\u00e9si ok<\/td><td>2022-01-31<\/td><\/tr><tr><td>N\u00e9met<\/td><td>Dorottya<\/td><td>Hallgat\u00f3i jogviszony\/ Student status\/ Studierendenrechtsverh\u00e4ltnis<\/td><td>Tag\/ Member\/ Mitglied<\/td><td>2021-05-27<\/td><td>2024-05-25<\/td><td><a href=\"https:\/\/semmelweis.hu\/etk\/files\/2021\/05\/17_2021_h.pdf\">Megb\u00edzat\u00e1si dokumentum\/ Mandate document\/ Mandatsdokument<\/a><\/td><td>Egy\u00e9b megsz\u0171n\u00e9si ok<\/td><td>2022-05-16<\/td><\/tr><tr><td>Keskeny<\/td><td>Anna<\/td><td>Hallgat\u00f3i jogviszony\/ Student status\/ Studierendenrechtsverh\u00e4ltnis<\/td><td>Tag\/ Member\/ Mitglied<\/td><td>2021-08-11<\/td><td>2024-08-11<\/td><td><a href=\"https:\/\/semmelweis.hu\/etk\/files\/2021\/08\/23_2021_h.pdf\">Megb\u00edzat\u00e1si dokumentum\/ Mandate document\/ Mandatsdokument<\/a><\/td><td>Egy\u00e9b megsz\u0171n\u00e9si ok<\/td><td>2022-05-16<\/td><\/tr><tr><td>Dr. N\u00e9methn\u00e9 Dr. Gradvohl <\/td><td>Edina<\/td><td>Foglalkoztatott\/ Employee\/ Besch\u00e4ftigte(r)<\/td><td>Eln\u00f6k\/ Chairperson\/ Vorsitzender<\/td><td>2021-05-27<\/td><td>2024-05-25<\/td><td><a href=\"https:\/\/semmelweis.hu\/etk\/files\/2021\/05\/17_2021_h.pdf\">Megb\u00edzat\u00e1si dokumentum\/ Mandate document\/ Mandatsdokument<\/a><\/td><td>Egy\u00e9b megsz\u0171n\u00e9si ok<\/td><td>2022-01-31<\/td><\/tr><tr><td>Dr. Sinka<\/td><td>Magdolna<\/td><td>Foglalkoztatott\/ Employee\/ Besch\u00e4ftigte(r)<\/td><td>Eln\u00f6k\/ Chairperson\/ Vorsitzender<\/td><td>2022-02-01<\/td><td>2024-08-11<\/td><td><a href=\"https:\/\/semmelweis.hu\/etk\/files\/2022\/02\/3_2022_h.pdf\">Megb\u00edzat\u00e1si dokumentum\/ Mandate document\/ Mandatsdokument<\/a><\/td><td>Megb\u00edzat\u00e1s lej\u00e1rta<\/td><td>2024-08-11<\/td><\/tr><tr><td>N\u00e9met<\/td><td>Dorottya<\/td><td>Hallgat\u00f3i jogviszony\/ Student status\/ Studierendenrechtsverh\u00e4ltnis<\/td><td>Tag\/ Member\/ Mitglied<\/td><td>2021-05-27<\/td><td>2024-05-25<\/td><td><a href=\"https:\/\/semmelweis.hu\/etk\/files\/2021\/05\/17_2021_h.pdf\">Megb\u00edzat\u00e1si dokumentum\/ Mandate document\/ Mandatsdokument<\/a><\/td><td>Egy\u00e9b megsz\u0171n\u00e9si ok<\/td><td>2022-05-16<\/td><\/tr><tr><td>Keskeny<\/td><td>Anna<\/td><td>Hallgat\u00f3i jogviszony\/ Student status\/ Studierendenrechtsverh\u00e4ltnis<\/td><td>Tag\/ Member\/ Mitglied<\/td><td>2021-08-11<\/td><td>2024-08-11<\/td><td><a href=\"https:\/\/semmelweis.hu\/etk\/files\/2021\/08\/23_2021_h.pdf\">Megb\u00edzat\u00e1si dokumentum\/ Mandate document\/ Mandatsdokument<\/a><\/td><td>Egy\u00e9b megsz\u0171n\u00e9si ok<\/td><td>2022-05-16<\/td><\/tr><tr><td>B\u00e1nhidi<\/td><td>Panna<\/td><td>Hallgat\u00f3i jogviszony\/ Student status\/ Studierendenrechtsverh\u00e4ltnis<\/td><td>Tag\/ Member\/ Mitglied<\/td><td>2022-05-16<\/td><td>2024-08-11<\/td><td><a href=\"https:\/\/semmelweis.hu\/etk\/files\/2022\/05\/9_2022_h.pdf\">Megb\u00edzat\u00e1si dokumentum\/ Mandate document\/ Mandatsdokument<\/a><\/td><td>Egy\u00e9b megsz\u0171n\u00e9si ok<\/td><td>2023-03-28<\/td><\/tr><tr><td>H\u00e1mori<\/td><td>R\u00e9ka<\/td><td>Hallgat\u00f3i jogviszony\/ Student status\/ Studierendenrechtsverh\u00e4ltnis<\/td><td>Tag\/ Member\/ Mitglied<\/td><td>2022-05-16<\/td><td>2024-08-11<\/td><td><a href=\"https:\/\/semmelweis.hu\/etk\/files\/2022\/05\/9_2022_h.pdf\">Megb\u00edzat\u00e1si dokumentum\/ Mandate document\/ Mandatsdokument<\/a><\/td><td>Egy\u00e9b megsz\u0171n\u00e9si ok<\/td><td>2023-03-28<\/td><\/tr><tr><td>Fekete<\/td><td>Rea<\/td><td>Hallgat\u00f3i jogviszony\/ Student status\/ Studierendenrechtsverh\u00e4ltnis<\/td><td>Tag\/ Member\/ Mitglied<\/td><td>2022-05-16<\/td><td>2024-08-11<\/td><td><a href=\"https:\/\/semmelweis.hu\/etk\/files\/2022\/05\/9_2022_h.pdf\">Megb\u00edzat\u00e1si dokumentum\/ Mandate document\/ Mandatsdokument<\/a><\/td><td>Egy\u00e9b megsz\u0171n\u00e9si ok<\/td><td>2024-06-30<\/td><\/tr><tr><td>Szklen\u00e1r<\/td><td>Krist\u00f3f<\/td><td>Hallgat\u00f3i jogviszony\/ Student status\/ Studierendenrechtsverh\u00e4ltnis<\/td><td>Tag\/ Member\/ Mitglied<\/td><td>2023-03-29<\/td><td>2024-08-11<\/td><td><a href=\"https:\/\/semmelweis.hu\/bizottsagok\/files\/2023\/03\/6_2023_h.pdf\">Megb\u00edzat\u00e1si dokumentum\/ Mandate document\/ Mandatsdokument<\/a><\/td><td>Egy\u00e9b megsz\u0171n\u00e9si ok<\/td><td>2024-06-30<\/td><\/tr><tr><td>L\u00e1szl\u00f3<\/td><td>Zs\u00f3fia<\/td><td>Hallgat\u00f3i jogviszony\/ Student status\/ Studierendenrechtsverh\u00e4ltnis<\/td><td>Tag\/ Member\/ Mitglied<\/td><td>2023-03-29<\/td><td>2024-08-11<\/td><td><a href=\"https:\/\/semmelweis.hu\/bizottsagok\/files\/2023\/03\/6_2023_h.pdf\">Megb\u00edzat\u00e1si dokumentum\/ Mandate document\/ Mandatsdokument<\/a><\/td><td>Egy\u00e9b megsz\u0171n\u00e9si ok<\/td><td>2024-06-30<\/td><\/tr><tr><td>Fekete<\/td><td>Rea<\/td><td>Hallgat\u00f3i jogviszony\/ Student status\/ Studierendenrechtsverh\u00e4ltnis<\/td><td>Tag\/ Member\/ Mitglied<\/td><td>2022-05-16<\/td><td>2024-08-11<\/td><td><a href=\"https:\/\/semmelweis.hu\/etk\/files\/2022\/05\/9_2022_h.pdf\">Megb\u00edzat\u00e1si dokumentum\/ Mandate document\/ Mandatsdokument<\/a><\/td><td>Egy\u00e9b megsz\u0171n\u00e9si ok<\/td><td>2024-06-30<\/td><\/tr><tr><td>D\u00f3ka<\/td><td>Tibor<\/td><td>Hallgat\u00f3i jogviszony\/ Student status\/ Studierendenrechtsverh\u00e4ltnis<\/td><td>Tag\/ Member\/ Mitglied<\/td><td>2024-07-01<\/td><td>2027-08-12<\/td><td><a href=\"https:\/\/semmelweis.hu\/etk\/files\/2024\/07\/16_2024_h.pdf\">Megb\u00edzat\u00e1si dokumentum\/ Mandate document\/ Mandatsdokument<\/a><\/td><td>Egy\u00e9b megsz\u0171n\u00e9si ok<\/td><td>2025-05-09<\/td><\/tr><tr><td>Husz\u00e1r<\/td><td>Zs\u00f3fia<\/td><td>Hallgat\u00f3i jogviszony\/ Student status\/ Studierendenrechtsverh\u00e4ltnis<\/td><td>Tag\/ Member\/ Mitglied<\/td><td>2024-07-01<\/td><td>2027-08-12<\/td><td><a href=\"https:\/\/semmelweis.hu\/etk\/files\/2024\/07\/16_2024_h.pdf\">Megb\u00edzat\u00e1si dokumentum\/ Mandate document\/ Mandatsdokument<\/a><\/td><td>Egy\u00e9b megsz\u0171n\u00e9si ok<\/td><td>2024-10-08<\/td><\/tr><tr><td>Feke<\/td><td>Anett<\/td><td>Hallgat\u00f3i jogviszony\/ Student status\/ Studierendenrechtsverh\u00e4ltnis<\/td><td>Tag\/ Member\/ Mitglied<\/td><td>2024-07-01<\/td><td>2027-08-12<\/td><td><a href=\"https:\/\/semmelweis.hu\/etk\/files\/2024\/07\/16_2024_h.pdf\">Megb\u00edzat\u00e1si dokumentum\/ Mandate document\/ Mandatsdokument<\/a><\/td><td>Egy\u00e9b megsz\u0171n\u00e9si ok<\/td><td>2025-05-09<\/td><\/tr>            <\/tbody>\r\n            <\/table>\r\n        <\/div>\r\n        <\/div>\r\n    <\/div>\r\n    <\/div>\r\n    \n\n<\/div><h2 class=\"tabtitle\">Gesch\u00e4ftsordnung<\/h2>\n<div class=\"tabcontent\">\n\n<p><u><a href=\"https:\/\/semmelweis.hu\/jogigfoig\/files\/2019\/09\/99_VIII_29_1-mell%C3%A9klet_%C3%BCgyrend.pdf\">Gesch\u00e4ftsordnung der Anrechnungskommission<\/a><\/u><\/p>\n\n<\/div><h2 class=\"tabtitle\">Jahresbericht<\/h2>\n<div class=\"tabcontent\">\n\n<p><u><a href=\"https:\/\/semmelweis.hu\/jogigfoig\/files\/2020\/05\/68_2020_Besz%C3%A1mol%C3%B3-a-kari-bizotts%C3%A1gok-munk%C3%A1j%C3%A1r%C3%B3l.pdf\">Beschluss Nr. 68\/2020 (V.5.) des Senates der Semmelweis Universit\u00e4t Bericht \u00fcber die T\u00e4tigkeit der vom Senat eingesetzten st\u00e4ndigen Fakult\u00e4tskommissionen <em>(Studien- und Pr\u00fcfungskommission, Anrechnungskommission, Ethik- und Disziplinarkommission, in Bezug auf die Pet\u0151 Andr\u00e1s Fakult\u00e4t zwei weitere Kommissionen die Kommission Praxisausbildung und die Publikations- und Bibliothekskommission)<\/em><\/a><\/u><\/p>\n<p style=\"text-align: justify\"><a href=\"https:\/\/semmelweis.hu\/bizottsagok\/files\/2022\/03\/16_2021_karokon-muk-all-biz_beszamolok-1.pdf\">Beschluss Nr. 16\/2021 (II.25.) des Senates der Semmelweis Universit\u00e4t Bericht \u00fcber die T\u00e4tigkeit der vom Senat eingesetzten st\u00e4ndigen Fakult\u00e4tskommissionen <em>(Studien- und Pr\u00fcfungskommission, Anrechnungskommission, Ethik- und Disziplinarkommission, in Bezug auf die Pet\u0151 Andr\u00e1s Fakult\u00e4t zwei weitere Kommissionen die Kommission Praxisausbildung und die Publikations- und Bibliothekskommission)<\/em><\/a><\/p>\n<p style=\"text-align: justify\"><a href=\"https:\/\/semmelweis.hu\/bizottsagok\/files\/2022\/05\/17_2022_a-Szenatus-altal-letrehozott-karokon-mukodo-allando-bizottsagok-munkajarol-szolo-beszamolok-elfogadasarol-1.pdf\">Beschluss Nr. 17\/2022. (III.28.) des Senates der Semmelweis Universit\u00e4t Bericht \u00fcber die T\u00e4tigkeit der vom Senat eingesetzten st\u00e4ndigen Fakult\u00e4tskommissionen<\/a><\/p>\n<\/div><\/div>\n","protected":false},"excerpt":{"rendered":"<p>Die Zust\u00e4ndigkeit der Kommission erstreckt sich auf die in einem anderen Studiengang oder einer anderen Fachrichtung der Fakult\u00e4t f\u00fcr Gesundheitswissenschaften der Semmelweis Universit\u00e4t (SE-ETK) erworbenen Kreditpunkte, die an der Fakult\u00e4t f\u00fcr Gesundheitswissenschaften der Semmelweis Universit\u00e4t (SE-ETK) fr\u00fcher erworbenen Kreditpunkte, die an einer anderen Fakult\u00e4t f\u00fcr Gesundheitswesen oder Bildungseinrichtung erworbenen Kreditpunkte, die an einer anderen Nicht-Gesundheitsbildungseinrichtung &hellip;<\/p>\n","protected":false},"author":101796,"featured_media":0,"parent":1294,"menu_order":0,"comment_status":"closed","ping_status":"closed","template":"","meta":{"_acf_changed":false,"footnotes":""},"categories":[],"tags":[],"class_list":["post-1004","page","type-page","status-publish","hentry"],"acf":[],"_links":{"self":[{"href":"https:\/\/semmelweis.hu\/bizottsagok\/wp-json\/wp\/v2\/pages\/1004","targetHints":{"allow":["GET"]}}],"collection":[{"href":"https:\/\/semmelweis.hu\/bizottsagok\/wp-json\/wp\/v2\/pages"}],"about":[{"href":"https:\/\/semmelweis.hu\/bizottsagok\/wp-json\/wp\/v2\/types\/page"}],"author":[{"embeddable":true,"href":"https:\/\/semmelweis.hu\/bizottsagok\/wp-json\/wp\/v2\/users\/101796"}],"replies":[{"embeddable":true,"href":"https:\/\/semmelweis.hu\/bizottsagok\/wp-json\/wp\/v2\/comments?post=1004"}],"version-history":[{"count":7,"href":"https:\/\/semmelweis.hu\/bizottsagok\/wp-json\/wp\/v2\/pages\/1004\/revisions"}],"predecessor-version":[{"id":2850,"href":"https:\/\/semmelweis.hu\/bizottsagok\/wp-json\/wp\/v2\/pages\/1004\/revisions\/2850"}],"up":[{"embeddable":true,"href":"https:\/\/semmelweis.hu\/bizottsagok\/wp-json\/wp\/v2\/pages\/1294"}],"wp:attachment":[{"href":"https:\/\/semmelweis.hu\/bizottsagok\/wp-json\/wp\/v2\/media?parent=1004"}],"wp:term":[{"taxonomy":"category","embeddable":true,"href":"https:\/\/semmelweis.hu\/bizottsagok\/wp-json\/wp\/v2\/categories?post=1004"},{"taxonomy":"post_tag","embeddable":true,"href":"https:\/\/semmelweis.hu\/bizottsagok\/wp-json\/wp\/v2\/tags?post=1004"}],"curies":[{"name":"wp","href":"https:\/\/api.w.org\/{rel}","templated":true}]}}