{"id":639,"date":"2025-09-15T14:12:46","date_gmt":"2025-09-15T12:12:46","guid":{"rendered":"https:\/\/semmelweis.hu\/biostat\/?page_id=639"},"modified":"2026-01-22T11:19:47","modified_gmt":"2026-01-22T10:19:47","slug":"szolgaltatasaink","status":"publish","type":"page","link":"https:\/\/semmelweis.hu\/biostat\/szolgaltatasaink\/","title":{"rendered":"Szolg\u00e1ltat\u00e1saink"},"content":{"rendered":"<h5 style=\"text-align: justify\">Kutat\u00e1si szolg\u00e1ltat\u00e1s \u2013 Adattudom\u00e1nyi elemz\u00e9sek<\/h5>\n<p style=\"text-align: justify\">\u00c1raink nett\u00f3ban \u00e9rtend\u0151k, \u00f6nk\u00f6lts\u00e9g-alap\u00fa sz\u00e1m\u00edt\u00e1s alapj\u00e1n ker\u00fcltek meghat\u00e1roz\u00e1sra.<br \/>\nAz elsz\u00e1mol\u00e1s \u00f3rad\u00edjas rendszerben t\u00f6rt\u00e9nik, a legkisebb ig\u00e9nybe vehet\u0151 id\u0151egys\u00e9g: <strong>4 \u00f3ra<\/strong>.<\/p>\n<ul style=\"text-align: justify\">\n<li><strong>Semmelweis kutat\u00f3csoportok sz\u00e1m\u00e1ra (bels\u0151 \u00e1tvezet\u00e9ssel):<\/strong> 70 000 Ft \/ 4 \u00f3ra<\/li>\n<li><strong>Non-profit partnerek sz\u00e1m\u00e1ra (szolg\u00e1ltat\u00e1si szerz\u0151d\u00e9ssel):<\/strong> 100 000 Ft \/ 4 \u00f3ra<\/li>\n<li><strong>For-profit partnerek sz\u00e1m\u00e1ra (szolg\u00e1ltat\u00e1si szerz\u0151d\u00e9ssel):<\/strong> 150 000 Ft \/ 4 \u00f3ra<\/li>\n<\/ul>\n<p style=\"text-align: justify\"><span data-teams=\"true\">Amennyiben az elv\u00e9gzett elemz\u00e9sb\u0151l tudom\u00e1nyos publik\u00e1ci\u00f3 k\u00e9sz\u00fcl, \u00e9s az <strong>ICMJE aj\u00e1nl\u00e1sai<\/strong> alapj\u00e1n a k\u00f6zrem\u0171k\u00f6d\u00e9s megfelel a t\u00e1rsszerz\u0151s\u00e9g krit\u00e9riumainak, \u00fagy int\u00e9zet\u00fcnk munkat\u00e1rsainak t\u00e1rsszerz\u0151k\u00e9nt val\u00f3 felt\u00fcntet\u00e9s\u00e9t k\u00e9rj\u00fck.<\/span><\/p>\n<p>&nbsp;<\/p>\n<h5>Adat-\u00e9s h\u00e1l\u00f3zattudom\u00e1nyi szolg\u00e1ltat\u00e1si portf\u00f3li\u00f3\u00a0\u2013 ig\u00e9ny szerint v\u00e1laszthat\u00f3 lehet\u0151s\u00e9gek<\/h5>\n<ol>\n<li><strong> Adatelemz\u00e9si \u00e9s statisztikai tan\u00e1csad\u00e1s<\/strong><\/li>\n<\/ol>\n<ul>\n<li>Kutat\u00e1si terv biostatisztikai valid\u00e1l\u00e1sa<\/li>\n<li>Megfelel\u0151 statisztikai m\u00f3dszerek kiv\u00e1laszt\u00e1sa (pl. line\u00e1ris modellek, t\u00fal\u00e9l\u00e9sanal\u00edzis, logisztikus regresszi\u00f3)<\/li>\n<li>Mintasz\u00e1m\u00edt\u00e1si \u00e9s teljes\u00edtm\u00e9nyelemz\u00e9si kalkul\u00e1ci\u00f3k<\/li>\n<li>T\u00f6bbszint\u0171 modellek \u00e9s longitudin\u00e1lis adatok elemz\u00e9se<\/li>\n<\/ul>\n<ol start=\"2\">\n<li><strong> G\u00e9pi tanul\u00e1si \u00e9s mesters\u00e9ges intelligencia alkalmaz\u00e1sok<\/strong><\/li>\n<\/ol>\n<ul>\n<li>Predikt\u00edv modellek fejleszt\u00e9se klinikai\/adatvez\u00e9relt kutat\u00e1sokhoz<\/li>\n<li>G\u00e9pi l\u00e1t\u00e1s (pl. orvosi k\u00e9pelemz\u00e9s) m\u00f3dszerek<\/li>\n<li>NLP (term\u00e9szetes nyelvfeldolgoz\u00e1s) m\u00f3dszerek<\/li>\n<li>Modell\u00e9rtelmezhet\u0151s\u00e9g \u00e9s valid\u00e1l\u00e1s (pl. SHAP, ROC-g\u00f6rb\u00e9k, cross-validation)<\/li>\n<\/ul>\n<ol start=\"3\">\n<li><strong> H\u00e1l\u00f3zattudom\u00e1nyi elemz\u00e9sek<\/strong><\/li>\n<\/ol>\n<ul>\n<li>Biol\u00f3giai h\u00e1l\u00f3zatok elemz\u00e9se (pl. feh\u00e9rje-feh\u00e9rje, betegs\u00e9g-asszoci\u00e1ci\u00f3k)<\/li>\n<li>Szoci\u00e1lis h\u00e1l\u00f3zatok elemz\u00e9se<\/li>\n<li>Interakt\u00edv h\u00e1l\u00f3zati vizualiz\u00e1ci\u00f3k k\u00e9sz\u00edt\u00e9se (pl. Cytoscape, Gephi, R Shiny)<\/li>\n<\/ul>\n<ol start=\"4\">\n<li><strong> Adattiszt\u00edt\u00e1s \u00e9s adatmenedzsment<\/strong><\/li>\n<\/ol>\n<ul>\n<li>Hi\u00e1nyz\u00f3 adatok kezel\u00e9se, normaliz\u00e1l\u00e1s, min\u0151s\u00e9gellen\u0151rz\u00e9s<\/li>\n<li>Outlierdetekci\u00f3, anom\u00e1liadetekci\u00f3<\/li>\n<li>Dimenzi\u00f3cs\u00f6kkent\u00e9s, v\u00e1ltoz\u00f3kiv\u00e1laszt\u00e1s<\/li>\n<\/ul>\n<ol start=\"5\">\n<li><strong> Vizualiz\u00e1ci\u00f3 \u00e9s publik\u00e1ci\u00f3s t\u00e1mogat\u00e1s<\/strong><\/li>\n<\/ol>\n<ul>\n<li>Tudom\u00e1nyos \u00e1br\u00e1k, infografik\u00e1k k\u00e9sz\u00edt\u00e9se (R, Python, ggplot, matplotlib, seaborn)<\/li>\n<li>Manuscripthez illeszked\u0151 statisztikai szekci\u00f3k \u00edr\u00e1sa<\/li>\n<li>Open Science kompatibilis adatmegoszt\u00e1si csomag \u00f6ssze\u00e1ll\u00edt\u00e1sa (FAIR elvek ment\u00e9n)<\/li>\n<\/ul>\n<p>&nbsp;<\/p>\n<p>&nbsp;<\/p>\n<p>&nbsp;<\/p>\n","protected":false},"excerpt":{"rendered":"<p>Kutat\u00e1si szolg\u00e1ltat\u00e1s \u2013 Adattudom\u00e1nyi elemz\u00e9sek \u00c1raink nett\u00f3ban \u00e9rtend\u0151k, \u00f6nk\u00f6lts\u00e9g-alap\u00fa sz\u00e1m\u00edt\u00e1s alapj\u00e1n ker\u00fcltek meghat\u00e1roz\u00e1sra. Az elsz\u00e1mol\u00e1s \u00f3rad\u00edjas rendszerben t\u00f6rt\u00e9nik, a legkisebb ig\u00e9nybe vehet\u0151 id\u0151egys\u00e9g: 4 \u00f3ra. Semmelweis kutat\u00f3csoportok sz\u00e1m\u00e1ra (bels\u0151 \u00e1tvezet\u00e9ssel): 70 000 Ft \/ 4 \u00f3ra Non-profit partnerek sz\u00e1m\u00e1ra (szolg\u00e1ltat\u00e1si szerz\u0151d\u00e9ssel): 100 000 Ft \/ 4 \u00f3ra For-profit partnerek sz\u00e1m\u00e1ra (szolg\u00e1ltat\u00e1si szerz\u0151d\u00e9ssel): 150 000 Ft &hellip;<\/p>\n","protected":false},"author":102428,"featured_media":0,"parent":0,"menu_order":0,"comment_status":"closed","ping_status":"closed","template":"","meta":{"_acf_changed":false,"footnotes":""},"categories":[322],"tags":[324],"class_list":["post-639","page","type-page","status-publish","hentry","category-szolgaltatasaink","tag-szolgaltatasaink"],"acf":[],"_links":{"self":[{"href":"https:\/\/semmelweis.hu\/biostat\/wp-json\/wp\/v2\/pages\/639","targetHints":{"allow":["GET"]}}],"collection":[{"href":"https:\/\/semmelweis.hu\/biostat\/wp-json\/wp\/v2\/pages"}],"about":[{"href":"https:\/\/semmelweis.hu\/biostat\/wp-json\/wp\/v2\/types\/page"}],"author":[{"embeddable":true,"href":"https:\/\/semmelweis.hu\/biostat\/wp-json\/wp\/v2\/users\/102428"}],"replies":[{"embeddable":true,"href":"https:\/\/semmelweis.hu\/biostat\/wp-json\/wp\/v2\/comments?post=639"}],"version-history":[{"count":7,"href":"https:\/\/semmelweis.hu\/biostat\/wp-json\/wp\/v2\/pages\/639\/revisions"}],"predecessor-version":[{"id":727,"href":"https:\/\/semmelweis.hu\/biostat\/wp-json\/wp\/v2\/pages\/639\/revisions\/727"}],"wp:attachment":[{"href":"https:\/\/semmelweis.hu\/biostat\/wp-json\/wp\/v2\/media?parent=639"}],"wp:term":[{"taxonomy":"category","embeddable":true,"href":"https:\/\/semmelweis.hu\/biostat\/wp-json\/wp\/v2\/categories?post=639"},{"taxonomy":"post_tag","embeddable":true,"href":"https:\/\/semmelweis.hu\/biostat\/wp-json\/wp\/v2\/tags?post=639"}],"curies":[{"name":"wp","href":"https:\/\/api.w.org\/{rel}","templated":true}]}}