{"id":594,"date":"2025-07-10T09:25:15","date_gmt":"2025-07-10T07:25:15","guid":{"rendered":"https:\/\/semmelweis.hu\/biostat\/?page_id=594"},"modified":"2026-02-09T11:53:48","modified_gmt":"2026-02-09T10:53:48","slug":"adatvedelmi-informaciok","status":"publish","type":"page","link":"https:\/\/semmelweis.hu\/biostat\/adatvedelmi-informaciok\/","title":{"rendered":"Adatv\u00e9delmi inform\u00e1ci\u00f3k"},"content":{"rendered":"<p>A Biostatisztikai \u00e9s H\u00e1l\u00f3zattudom\u00e1nyi Int\u00e9zet 2025.10.17-\u00e9n kiadott Adatkezel\u00e9si t\u00e1j\u00e9koztat\u00f3 az adatkezel\u00e9sek \u00e1ltal \u00e9rintett szem\u00e9lyek r\u00e9sz\u00e9re a Semmelweis Egyetem Biostatisztikai \u00e9s H\u00e1l\u00f3zattudom\u00e1nyi Int\u00e9zet\u00a0 szervezeti egys\u00e9ge \u00e1ltal v\u00e9gzett szem\u00e9lyes adatkezel\u00e9sekr\u0151l:<\/p>\n<p><a href=\"https:\/\/semmelweis.hu\/biostat\/files\/2025\/10\/Adatkezelesi-tajekoztato.pdf\">Adatkezel\u00e9si t\u00e1j\u00e9koztat\u00f3 2025<\/a><\/p>\n<p><a href=\"https:\/\/semmelweis.hu\/biostat\/files\/2025\/10\/Adatkezelesi-nyilvantartas-rendezveny.xls\">Adatkezel\u00e9s nyilv\u00e1ntart\u00e1s rendezv\u00e9nyekre vonatkoz\u00f3an<\/a><\/p>\n<p><a href=\"https:\/\/semmelweis.hu\/biostat\/files\/2025\/10\/Adatkezelesi-nyilvantartas-titkarsag.xls\">Adatkezel\u00e9si nyilv\u00e1ntart\u00e1s titk\u00e1rs\u00e1gra vonatkoz\u00f3an<\/a><\/p>\n<p><a href=\"https:\/\/semmelweis.hu\/biostat\/files\/2025\/10\/Adatkezelesi-nyilvantartas-Munka-es-Berugyek.xlsx\">Adatkezel\u00e9si nyilv\u00e1ntart\u00e1s munka\u00fcgyekre vonatkoz\u00f3an<\/a><\/p>\n<p>&nbsp;<\/p>\n<p><strong>2026 \u00e9vi rendezv\u00e9nyek kapcs\u00e1n:<\/strong><\/p>\n<p>A Biostatisztikai \u00e9s H\u00e1l\u00f3zattudom\u00e1nyi Int\u00e9zet 2026.07.06-17. k\u00f6z\u00f6tti Biomedical Data Science Summer School and Conference rendezv\u00e9ny\u00e9vel kapcsolatos adatkezel\u00e9si t\u00e1j\u00e9koztat\u00f3:<br \/>\n<a href=\"https:\/\/semmelweis.hu\/biostat\/files\/2026\/02\/BIOMED-DATA-adatvedelmi-2026.pdf\">Adatkezel\u00e9si t\u00e1j\u00e9koztat\u00f3<\/a><\/p>\n<p>Adatkezel\u00e9si t\u00e1j\u00e9koztat\u00f3 a Semmelweis Egyetem Biostatisztikai \u00e9s H\u00e1l\u00f3zattudom\u00e1nyi Int\u00e9zete \u00e1ltal szervezett Biomedical Data Science Summer School and Conference (2026.07.06-17.) rendvev\u00e9nyen val\u00f3 r\u00e9sztvev\u0151k regisztr\u00e1ci\u00f3ja \u00e9s a r\u00e9sztvev\u0151kkel val\u00f3 kapcsolattart\u00e1s c\u00e9lj\u00e1b\u00f3l v\u00e9gzett adatkezel\u00e9se t\u00e1rgy\u00e1ban.<\/p>\n<p><a href=\"https:\/\/semmelweis.hu\/biostat\/files\/2026\/02\/Erdekmerlegelesi-teszt-2026.pdf\">\u00c9rdekm\u00e9rlegel\u00e9si teszt<\/a><\/p>\n<p>Adatkezel\u00e9si t\u00e1j\u00e9koztat\u00f3 a Semmelweis Egyetem Biostatisztikai \u00e9s H\u00e1l\u00f3zattudom\u00e1nyi Int\u00e9zete \u00e1ltal szervezett Biomedical Data Science Summer School and Conference (2026.07.06-17.) kapcs\u00e1n beny\u00fajtott szakmai \u00f6n\u00e9letrajzok, valamint az esem\u00e9nyr\u0151l val\u00f3 tudom\u00e1sszerz\u00e9s m\u00f3dj\u00e1ra vonatkoz\u00f3 adatok kezel\u00e9s\u00e9hez.<\/p>\n<p><a href=\"https:\/\/semmelweis.hu\/biostat\/files\/2026\/02\/Erdekmerlegelesi-teszt-CV-2026.pdf\">\u00c9rdekm\u00e9rlegel\u00e9si teszt<\/a><\/p>\n<p>&nbsp;<\/p>\n<p><strong>2025 \u00e9vi rendezv\u00e9nyek kapcs\u00e1n:<\/strong><\/p>\n<p>A Biostatisztikai \u00e9s H\u00e1l\u00f3zattudom\u00e1nyi Int\u00e9zet 2025.07.28-08.08 k\u00f6z\u00f6tti Biomedical Data Science Summer School and Conference rendezv\u00e9ny\u00e9vel kapcsolatos adatkezel\u00e9si t\u00e1j\u00e9koztat\u00f3:<br \/>\n<a href=\"https:\/\/semmelweis.hu\/biostat\/files\/2025\/07\/Adatkezles-04.30-1.pdf\">Adatkezel\u00e9si t\u00e1j\u00e9koztat\u00f3<\/a><\/p>\n<p>Adatkezel\u00e9si t\u00e1j\u00e9koztat\u00f3 a Semmelweis Egyetem Biostatisztikai \u00e9s H\u00e1l\u00f3zattudom\u00e1nyi Int\u00e9zete \u00e1ltal szervezett Biomedical Data Science Summer School and Conference (2025. j\u00falius 28. \u2013 augusztus 8.) keret\u00e9ben, 2025. j\u00falius 30-\u00e1n megval\u00f3sul\u00f3 Krausz &amp; Kepesidis Keynote el\u0151ad\u00e1s regisztr\u00e1ci\u00f3j\u00e1hoz kapcsol\u00f3d\u00f3 adatkezel\u00e9sr\u0151l:<br \/>\n<a href=\"https:\/\/semmelweis.hu\/biostat\/files\/2025\/07\/adatvedelem-07.30.pdf\">Adatkezel\u00e9si t\u00e1j\u00e9koztat\u00f3<\/a><\/p>\n<p>\u00c9rdekm\u00e9rlegel\u00e9si teszt a Biostatisztikai \u00e9s H\u00e1l\u00f3zattudom\u00e1nyi Int\u00e9zet \u00e1ltal szervezett Biomedical Data Science Summer School and Conference keret\u00e9ben, 2025. j\u00falius 30-\u00e1n megval\u00f3sul\u00f3 Krausz &amp; Kepesidis Keynote esem\u00e9ny regisztr\u00e1ci\u00f3j\u00e1val \u00e9s a rendezv\u00e9nnyel kapcsolatos kapcsolattart\u00e1ssal \u00f6sszef\u00fcgg\u00e9sben:<br \/>\n<a href=\"https:\/\/semmelweis.hu\/biostat\/files\/2025\/07\/Erdekmerlegelesi_teszt_a-Biostat-rendeveny-2025.pdf\">\u00c9rdekm\u00e9rlegel\u00e9si teszt<\/a><\/p>\n<p>\u00c9rdekm\u00e9rlegel\u00e9si teszt a Biostatisztikai \u00e9s H\u00e1l\u00f3zattudom\u00e1nyi Int\u00e9zet \u00e1ltal szervezett Biomedical Data Science Summer School and Conference keret\u00e9ben, 2025. j\u00falius 30-\u00e1n megval\u00f3sul\u00f3 Krausz &amp; Kepesidis Keynote esem\u00e9ny regisztr\u00e1ci\u00f3j\u00e1hoz, valamint a rendezv\u00e9ny PR-kommunik\u00e1ci\u00f3j\u00e1t t\u00e1mogat\u00f3 fot\u00f3z\u00e1sokhoz kapcsol\u00f3d\u00f3 adatkezel\u00e9s c\u00e9lj\u00e1b\u00f3l:<a href=\"https:\/\/semmelweis.hu\/biostat\/files\/2025\/07\/Erdekmerlegelesi_teszt_Biostat-rendezveny_fotozas.pdf\">\u00c9rdekm\u00e9rlegel\u00e9si teszt PR tev\u00e9kenys\u00e9g<\/a><\/p>\n","protected":false},"excerpt":{"rendered":"<p>A Biostatisztikai \u00e9s H\u00e1l\u00f3zattudom\u00e1nyi Int\u00e9zet 2025.10.17-\u00e9n kiadott Adatkezel\u00e9si t\u00e1j\u00e9koztat\u00f3 az adatkezel\u00e9sek \u00e1ltal \u00e9rintett szem\u00e9lyek r\u00e9sz\u00e9re a Semmelweis Egyetem Biostatisztikai \u00e9s H\u00e1l\u00f3zattudom\u00e1nyi Int\u00e9zet\u00a0 szervezeti egys\u00e9ge \u00e1ltal v\u00e9gzett szem\u00e9lyes adatkezel\u00e9sekr\u0151l: <a href=\"https:\/\/semmelweis.hu\/biostat\/files\/2025\/10\/Adatkezelesi-tajekoztato.pdf\">Adatkezel\u00e9si t\u00e1j\u00e9koztat\u00f3 2025<\/a> <a href=\"https:\/\/semmelweis.hu\/biostat\/files\/2025\/10\/Adatkezelesi-nyilvantartas-rendezveny.xls\">Adatkezel\u00e9s nyilv\u00e1ntart\u00e1s rendezv\u00e9nyekre vonatkoz\u00f3an<\/a> <a href=\"https:\/\/semmelweis.hu\/biostat\/files\/2025\/10\/Adatkezelesi-nyilvantartas-titkarsag.xls\">Adatkezel\u00e9si nyilv\u00e1ntart\u00e1s titk\u00e1rs\u00e1gra vonatkoz\u00f3an<\/a> <a href=\"https:\/\/semmelweis.hu\/biostat\/files\/2025\/10\/Adatkezelesi-nyilvantartas-Munka-es-Berugyek.xlsx\">Adatkezel\u00e9si nyilv\u00e1ntart\u00e1s munka\u00fcgyekre vonatkoz\u00f3an<\/a> &nbsp; 2026 \u00e9vi rendezv\u00e9nyek kapcs\u00e1n: A Biostatisztikai \u00e9s H\u00e1l\u00f3zattudom\u00e1nyi Int\u00e9zet 2026.07.06-17. k\u00f6z\u00f6tti Biomedical Data Science Summer School and Conference rendezv\u00e9ny\u00e9vel kapcsolatos adatkezel\u00e9si t\u00e1j\u00e9koztat\u00f3: <a href=\"https:\/\/semmelweis.hu\/biostat\/files\/2026\/02\/BIOMED-DATA-adatvedelmi-2026.pdf\">Adatkezel\u00e9si t\u00e1j\u00e9koztat\u00f3<\/a> Adatkezel\u00e9si t\u00e1j\u00e9koztat\u00f3 a Semmelweis &hellip;<\/p>\n","protected":false},"author":102428,"featured_media":0,"parent":0,"menu_order":0,"comment_status":"closed","ping_status":"closed","template":"","meta":{"_acf_changed":false,"footnotes":""},"categories":[320],"tags":[],"class_list":["post-594","page","type-page","status-publish","hentry","category-adatvedelmi-informaciok"],"acf":[],"_links":{"self":[{"href":"https:\/\/semmelweis.hu\/biostat\/wp-json\/wp\/v2\/pages\/594","targetHints":{"allow":["GET"]}}],"collection":[{"href":"https:\/\/semmelweis.hu\/biostat\/wp-json\/wp\/v2\/pages"}],"about":[{"href":"https:\/\/semmelweis.hu\/biostat\/wp-json\/wp\/v2\/types\/page"}],"author":[{"embeddable":true,"href":"https:\/\/semmelweis.hu\/biostat\/wp-json\/wp\/v2\/users\/102428"}],"replies":[{"embeddable":true,"href":"https:\/\/semmelweis.hu\/biostat\/wp-json\/wp\/v2\/comments?post=594"}],"version-history":[{"count":10,"href":"https:\/\/semmelweis.hu\/biostat\/wp-json\/wp\/v2\/pages\/594\/revisions"}],"predecessor-version":[{"id":749,"href":"https:\/\/semmelweis.hu\/biostat\/wp-json\/wp\/v2\/pages\/594\/revisions\/749"}],"wp:attachment":[{"href":"https:\/\/semmelweis.hu\/biostat\/wp-json\/wp\/v2\/media?parent=594"}],"wp:term":[{"taxonomy":"category","embeddable":true,"href":"https:\/\/semmelweis.hu\/biostat\/wp-json\/wp\/v2\/categories?post=594"},{"taxonomy":"post_tag","embeddable":true,"href":"https:\/\/semmelweis.hu\/biostat\/wp-json\/wp\/v2\/tags?post=594"}],"curies":[{"name":"wp","href":"https:\/\/api.w.org\/{rel}","templated":true}]}}