{"id":38,"date":"2024-12-02T15:40:35","date_gmt":"2024-12-02T14:40:35","guid":{"rendered":"https:\/\/semmelweis.hu\/biostat\/?page_id=38"},"modified":"2026-02-19T16:05:15","modified_gmt":"2026-02-19T15:05:15","slug":"munkatarsak","status":"publish","type":"page","link":"https:\/\/semmelweis.hu\/biostat\/rolunk\/munkatarsak\/","title":{"rendered":"Munkat\u00e1rsak"},"content":{"rendered":"<p style=\"text-align: center\"><img loading=\"lazy\" decoding=\"async\" class=\"wp-image-43 alignright\" src=\"https:\/\/semmelweis.hu\/biostat\/files\/2024\/12\/roland_molontay_indoor_cropped-1-400x400.jpg\" alt=\"\" width=\"199\" height=\"199\" srcset=\"https:\/\/semmelweis.hu\/biostat\/files\/2024\/12\/roland_molontay_indoor_cropped-1-400x400.jpg 400w, https:\/\/semmelweis.hu\/biostat\/files\/2024\/12\/roland_molontay_indoor_cropped-1-1024x1024.jpg 1024w, https:\/\/semmelweis.hu\/biostat\/files\/2024\/12\/roland_molontay_indoor_cropped-1-150x150.jpg 150w, https:\/\/semmelweis.hu\/biostat\/files\/2024\/12\/roland_molontay_indoor_cropped-1-768x768.jpg 768w, https:\/\/semmelweis.hu\/biostat\/files\/2024\/12\/roland_molontay_indoor_cropped-1-1536x1536.jpg 1536w, https:\/\/semmelweis.hu\/biostat\/files\/2024\/12\/roland_molontay_indoor_cropped-1-2048x2048.jpg 2048w, https:\/\/semmelweis.hu\/biostat\/files\/2024\/12\/roland_molontay_indoor_cropped-1-753x753.jpg 753w\" sizes=\"auto, (max-width: 199px) 100vw, 199px\" \/><\/p>\n<h5><a href=\"https:\/\/semmelweis.hu\/telefonkonyv\/?emp_id=24096\">dr. Molontay Roland<\/a><\/h5>\n<p>int\u00e9zetigazgat\u00f3<\/p>\n<ul>\n<li>\n<p><a href=\"https:\/\/semmelweis.hu\/wp-content\/telefon\/documents\/emp\/cv\/hun\/24096-hun.pdf\">\u00d6n\u00e9letrajz<\/a><\/p>\n<\/li>\n<li>\n<p><a href=\"https:\/\/m2.mtmt.hu\/api\/publication?cond=authors;in;10051932&amp;cond=category.mtid;eq;1&amp;labelLang=hun\">Tudom\u00e1nyos k\u00f6zlem\u00e9nyek list\u00e1ja<\/a><\/p>\n<\/li>\n<\/ul>\n<hr \/>\n<p><img loading=\"lazy\" decoding=\"async\" class=\"wp-image-327 alignright\" src=\"https:\/\/semmelweis.hu\/biostat\/files\/2025\/01\/szabo_balazs_igazolvanykep-300x400.jpg\" alt=\"\" width=\"175\" height=\"234\" srcset=\"https:\/\/semmelweis.hu\/biostat\/files\/2025\/01\/szabo_balazs_igazolvanykep-300x400.jpg 300w, https:\/\/semmelweis.hu\/biostat\/files\/2025\/01\/szabo_balazs_igazolvanykep-768x1024.jpg 768w, https:\/\/semmelweis.hu\/biostat\/files\/2025\/01\/szabo_balazs_igazolvanykep-1152x1536.jpg 1152w, https:\/\/semmelweis.hu\/biostat\/files\/2025\/01\/szabo_balazs_igazolvanykep-1536x2048.jpg 1536w, https:\/\/semmelweis.hu\/biostat\/files\/2025\/01\/szabo_balazs_igazolvanykep-753x1004.jpg 753w, https:\/\/semmelweis.hu\/biostat\/files\/2025\/01\/szabo_balazs_igazolvanykep-scaled.jpg 1920w\" sizes=\"auto, (max-width: 175px) 100vw, 175px\" \/><\/p>\n<h5 style=\"text-align: left\" align=\"center\"><a href=\"https:\/\/semmelweis.hu\/telefonkonyv\/?emp_id=24368\">Szab\u00f3 Bal\u00e1zs<\/a><\/h5>\n<p>kutat\u00e1si munkat\u00e1rs<\/p>\n<ul>\n<li>\n<p><a href=\"https:\/\/semmelweis.hu\/wp-content\/telefon\/documents\/emp\/cv\/hun\/24368-hun.pdf\">\u00d6n\u00e9letrajz<\/a><\/p>\n<\/li>\n<\/ul>\n<hr \/>\n<p><img loading=\"lazy\" decoding=\"async\" class=\"wp-image-45 alignright\" src=\"https:\/\/semmelweis.hu\/biostat\/files\/2024\/12\/FB_IMG_1728035627127-398x400.jpg\" alt=\"\" width=\"185\" height=\"186\" srcset=\"https:\/\/semmelweis.hu\/biostat\/files\/2024\/12\/FB_IMG_1728035627127-398x400.jpg 398w, https:\/\/semmelweis.hu\/biostat\/files\/2024\/12\/FB_IMG_1728035627127-1018x1024.jpg 1018w, https:\/\/semmelweis.hu\/biostat\/files\/2024\/12\/FB_IMG_1728035627127-150x150.jpg 150w, https:\/\/semmelweis.hu\/biostat\/files\/2024\/12\/FB_IMG_1728035627127-768x772.jpg 768w, https:\/\/semmelweis.hu\/biostat\/files\/2024\/12\/FB_IMG_1728035627127-753x757.jpg 753w, https:\/\/semmelweis.hu\/biostat\/files\/2024\/12\/FB_IMG_1728035627127.jpg 1080w\" sizes=\"auto, (max-width: 185px) 100vw, 185px\" \/><\/p>\n<h5><a href=\"https:\/\/semmelweis.hu\/telefonkonyv\/?emp_id=24098\">Szv\u00e1k Enik\u0151<\/a><\/h5>\n<p>vezet\u0151i asszisztens<\/p>\n<ul>\n<li>\n<p><a href=\"https:\/\/m2.mtmt.hu\/api\/publication?cond=authors;in;10054888&amp;cond=category.mtid;eq;1&amp;labelLang=hun\">Tudom\u00e1nyos k\u00f6zlem\u00e9nyek list\u00e1ja<\/a><\/p>\n<\/li>\n<\/ul>\n<hr \/>\n<h5 style=\"text-align: left\" align=\"center\"><a href=\"https:\/\/semmelweis.hu\/telefonkonyv\/?emp_id=24579\">Nagy-Szakolczai Anett<\/a> <img loading=\"lazy\" decoding=\"async\" class=\"alignright\" src=\"https:\/\/semmelweis.hu\/biostat\/files\/2025\/02\/fenykep_Nagy-Szakolczai_Anett.jpg\" width=\"181\" height=\"229\" \/><\/h5>\n<p>kutat\u00e1si munkat\u00e1rs<\/p>\n<p>&nbsp;<\/p>\n<hr \/>\n<p><img loading=\"lazy\" decoding=\"async\" class=\"alignright wp-image-659\" src=\"https:\/\/semmelweis.hu\/biostat\/files\/2025\/09\/VlaszovArtur_arckep_hatter_nelkul-400x400.png\" alt=\"\" width=\"195\" height=\"195\" srcset=\"https:\/\/semmelweis.hu\/biostat\/files\/2025\/09\/VlaszovArtur_arckep_hatter_nelkul-400x400.png 400w, https:\/\/semmelweis.hu\/biostat\/files\/2025\/09\/VlaszovArtur_arckep_hatter_nelkul-150x150.png 150w, https:\/\/semmelweis.hu\/biostat\/files\/2025\/09\/VlaszovArtur_arckep_hatter_nelkul.png 499w\" sizes=\"auto, (max-width: 195px) 100vw, 195px\" \/><\/p>\n<h5><a href=\"https:\/\/semmelweis.hu\/telefonkonyv\/?emp_id=25761\">Vlaszov Art\u00far<\/a><\/h5>\n<p>kutat\u00e1si munkat\u00e1rs<\/p>\n<ul>\n<li>\n<p><a href=\"https:\/\/m2.mtmt.hu\/gui2\/?type=authors&amp;mode=browse&amp;sel=authors10099769\">Tudom\u00e1nyos k\u00f6zlem\u00e9nyek list\u00e1ja<\/a><\/p>\n<\/li>\n<\/ul>\n<hr \/>\n<p><img loading=\"lazy\" decoding=\"async\" class=\"wp-image-661  alignright\" src=\"https:\/\/semmelweis.hu\/biostat\/files\/2025\/09\/pal_bertold_kep-400x400.jpg\" alt=\"\" width=\"206\" height=\"206\" \/><\/p>\n<h5><a href=\"https:\/\/semmelweis.hu\/telefonkonyv\/?emp_id=25762\">P\u00e1l Bertold Csaba<\/a><\/h5>\n<p>kutat\u00e1si asszisztens<\/p>\n<ul>\n<li>\n<p><a href=\"https:\/\/semmelweis.hu\/wp-content\/telefon\/documents\/emp\/cv\/hun\/25762-hun.pdf\">\u00d6n\u00e9letrajz<\/a><\/p>\n<\/li>\n<li>\n<p><a href=\"https:\/\/m2.mtmt.hu\/gui2\/?type=authors&amp;mode=browse&amp;sel=authors10099129\">Tudom\u00e1nyos k\u00f6zlem\u00e9nyek list\u00e1ja<\/a><\/p>\n<\/li>\n<\/ul>\n<hr \/>\n<h5>\u00a0<\/h5>\n<p>&nbsp;<\/p>\n","protected":false},"excerpt":{"rendered":"<p><a href=\"https:\/\/semmelweis.hu\/telefonkonyv\/?emp_id=24096\">dr. Molontay Roland<\/a><br \/>\nint\u00e9zetigazgat\u00f3<\/p>\n<p><a href=\"https:\/\/semmelweis.hu\/wp-content\/telefon\/documents\/emp\/cv\/hun\/24096-hun.pdf\">\u00d6n\u00e9letrajz<\/a><\/p>\n<p><a href=\"https:\/\/m2.mtmt.hu\/api\/publication?cond=authors;in;10051932&amp;cond=category.mtid;eq;1&amp;labelLang=hun\">Tudom\u00e1nyos k\u00f6zlem\u00e9nyek list\u00e1ja<\/a><\/p>\n<p><a href=\"https:\/\/semmelweis.hu\/telefonkonyv\/?emp_id=24368\">Szab\u00f3 Bal\u00e1zs<\/a><br \/>\nkutat\u00e1si munkat\u00e1rs<\/p>\n<p><a href=\"https:\/\/semmelweis.hu\/wp-content\/telefon\/documents\/emp\/cv\/hun\/24368-hun.pdf\">\u00d6n\u00e9letrajz<\/a><\/p>\n<p><a href=\"https:\/\/semmelweis.hu\/telefonkonyv\/?emp_id=24098\">Szv\u00e1k Enik\u0151<\/a><br \/>\nvezet\u0151i asszisztens<\/p>\n<p><a href=\"https:\/\/m2.mtmt.hu\/api\/publication?cond=authors;in;10054888&amp;cond=category.mtid;eq;1&amp;labelLang=hun\">Tudom\u00e1nyos k\u00f6zlem\u00e9nyek list\u00e1ja<\/a><\/p>\n<p><a href=\"https:\/\/semmelweis.hu\/telefonkonyv\/?emp_id=24579\">Nagy-Szakolczai Anett<\/a><br \/>\nkutat\u00e1si munkat\u00e1rs<br \/>\n&nbsp;<\/p>\n<p><a href=\"https:\/\/semmelweis.hu\/telefonkonyv\/?emp_id=25761\">Vlaszov Art\u00far<\/a><br \/>\nkutat\u00e1si munkat\u00e1rs<\/p>\n<p><a href=\"https:\/\/m2.mtmt.hu\/gui2\/?type=authors&amp;mode=browse&amp;sel=authors10099769\">Tudom\u00e1nyos k\u00f6zlem\u00e9nyek list\u00e1ja<\/a><\/p>\n<p><a href=\"https:\/\/semmelweis.hu\/telefonkonyv\/?emp_id=25762\">P\u00e1l Bertold Csaba<\/a><br \/>\nkutat\u00e1si asszisztens<\/p>\n<p><a href=\"https:\/\/semmelweis.hu\/wp-content\/telefon\/documents\/emp\/cv\/hun\/25762-hun.pdf\">\u00d6n\u00e9letrajz<\/a><\/p>\n<p><a href=\"https:\/\/m2.mtmt.hu\/gui2\/?type=authors&amp;mode=browse&amp;sel=authors10099129\">Tudom\u00e1nyos k\u00f6zlem\u00e9nyek list\u00e1ja<\/a><\/p>\n<p>\u00a0<br \/>\n&nbsp;<\/p>\n","protected":false},"author":102428,"featured_media":0,"parent":28,"menu_order":0,"comment_status":"closed","ping_status":"closed","template":"","meta":{"_acf_changed":false,"footnotes":""},"categories":[8,4],"tags":[],"class_list":["post-38","page","type-page","status-publish","hentry","category-munkatarsak","category-rolunk"],"acf":[],"_links":{"self":[{"href":"https:\/\/semmelweis.hu\/biostat\/wp-json\/wp\/v2\/pages\/38","targetHints":{"allow":["GET"]}}],"collection":[{"href":"https:\/\/semmelweis.hu\/biostat\/wp-json\/wp\/v2\/pages"}],"about":[{"href":"https:\/\/semmelweis.hu\/biostat\/wp-json\/wp\/v2\/types\/page"}],"author":[{"embeddable":true,"href":"https:\/\/semmelweis.hu\/biostat\/wp-json\/wp\/v2\/users\/102428"}],"replies":[{"embeddable":true,"href":"https:\/\/semmelweis.hu\/biostat\/wp-json\/wp\/v2\/comments?post=38"}],"version-history":[{"count":11,"href":"https:\/\/semmelweis.hu\/biostat\/wp-json\/wp\/v2\/pages\/38\/revisions"}],"predecessor-version":[{"id":751,"href":"https:\/\/semmelweis.hu\/biostat\/wp-json\/wp\/v2\/pages\/38\/revisions\/751"}],"up":[{"embeddable":true,"href":"https:\/\/semmelweis.hu\/biostat\/wp-json\/wp\/v2\/pages\/28"}],"wp:attachment":[{"href":"https:\/\/semmelweis.hu\/biostat\/wp-json\/wp\/v2\/media?parent=38"}],"wp:term":[{"taxonomy":"category","embeddable":true,"href":"https:\/\/semmelweis.hu\/biostat\/wp-json\/wp\/v2\/categories?post=38"},{"taxonomy":"post_tag","embeddable":true,"href":"https:\/\/semmelweis.hu\/biostat\/wp-json\/wp\/v2\/tags?post=38"}],"curies":[{"name":"wp","href":"https:\/\/api.w.org\/{rel}","templated":true}]}}