{"id":28,"date":"2024-12-02T15:09:47","date_gmt":"2024-12-02T14:09:47","guid":{"rendered":"https:\/\/semmelweis.hu\/biostat\/?page_id=28"},"modified":"2025-01-24T14:52:05","modified_gmt":"2025-01-24T13:52:05","slug":"rolunk","status":"publish","type":"page","link":"https:\/\/semmelweis.hu\/biostat\/rolunk\/","title":{"rendered":"R\u00f3lunk"},"content":{"rendered":"<p style=\"text-align: justify;\"><strong>Az orvosbiol\u00f3giai \u00e9s eg\u00e9szs\u00e9gtudom\u00e1nyi kutat\u00e1sokban egyre nagyobb figyelmet kapnak az adatvez\u00e9relt megold\u00e1sok \u00e9s megk\u00f6zel\u00edt\u00e9sek. A keletkez\u0151 nagy mennyis\u00e9g\u0171 \u00e9s sokr\u00e9t\u0171 adatok komplex, tudom\u00e1nyter\u00fcleteken \u00e1t\u00edvel\u0151 elemz\u00e9st ig\u00e9nyelnek.<\/strong><\/p>\n<h5 style=\"text-align: justify;\">Innovat\u00edv adatk\u00f6zpont\u00fa megk\u00f6zel\u00edt\u00e9sek az eg\u00e9szs\u00e9g\u00fcgyben<\/h5>\n<p style=\"text-align: justify;\">A Biostatisztikai \u00e9s H\u00e1l\u00f3zattudom\u00e1nyi Int\u00e9zet c\u00e9lja azon nagy mennyis\u00e9g\u0171 orvosbiol\u00f3giai \u00e9s eg\u00e9szs\u00e9gtudom\u00e1nyi adatok elemz\u00e9se, melyek egyr\u00e9szt a betegell\u00e1t\u00e1si int\u00e9zm\u00e9nyekben \u00e9s rendszerekben, m\u00e1sr\u00e9szt az Int\u00e9zet saj\u00e1t adatgy\u0171jt\u00e9sei sor\u00e1n keletkeznek. A hagyom\u00e1nyos statisztikai elemz\u00e9sek mellett halad\u00f3 matematikai \u00e9s sz\u00e1m\u00edt\u00e1studom\u00e1nyi m\u00f3dszertannal t\u00e1mogatjuk az orvosbiol\u00f3giai kutat\u00e1si k\u00e9rd\u00e9sek megv\u00e1laszol\u00e1s\u00e1t, <strong>k\u00fcl\u00f6n\u00f6s tekintettel a g\u00e9pi l\u00e1t\u00e1s, a term\u00e9szetes nyelvfeldolgoz\u00e1s, a predikt\u00edv analitika, a mesters\u00e9ges intelligencia \u00e9s a h\u00e1l\u00f3zattudom\u00e1ny m\u00f3dszereire<\/strong>.<\/p>\n<p style=\"text-align: justify;\">Int\u00e9zet\u00fcnk akt\u00edv szerepet k\u00edv\u00e1n v\u00e1llalni az interdiszciplin\u00e1ris egy\u00fcttm\u0171k\u00f6d\u00e9sek el\u0151seg\u00edt\u00e9s\u00e9ben. C\u00e9lunk t\u00e1mogatni az <strong>orvosok, eg\u00e9szs\u00e9g\u00fcgyi szakemberek,<\/strong> illetve a <strong>biostatisztikusok, adat- \u00e9s h\u00e1l\u00f3zattud\u00f3sok<\/strong> k\u00f6z\u00f6s innovat\u00edv megold\u00e1sainak gyors \u00e9s hat\u00e9kony \u00e1t\u00fcltet\u00e9s\u00e9t az eg\u00e9szs\u00e9g\u00fcgyi gyakorlatba.<\/p>\n<h5 style=\"text-align: justify;\">Interdiszciplin\u00e1ris egy\u00fcttm\u0171k\u00f6d\u00e9s az orvosbiol\u00f3giai kutat\u00e1sok\u00e9rt<\/h5>\n<p style=\"text-align: justify;\">Int\u00e9zet\u00fcnk fontos c\u00e9lkit\u0171z\u00e9se, hogy a t\u00e1mogat\u00f3 jelleg\u0171 kutat\u00e1sok mellett portf\u00f3li\u00f3nkban hangs\u00falyosan megjelenjenek saj\u00e1t alkalmazott adattudom\u00e1nyi \u00e9s h\u00e1l\u00f3zattudom\u00e1nyi kutat\u00e1si t\u00e9m\u00e1ink is. Lehet\u0151v\u00e9 t\u00e9ve \u00edgy Int\u00e9zet\u00fcnk fiatal kutat\u00f3i sz\u00e1m\u00e1ra, hogy doktori fokozatot szerezzenek, szenior kutat\u00f3ink pedig hazai \u00e9s nemzetk\u00f6zi tudom\u00e1nyos p\u00e1ly\u00e1zatokon eredm\u00e9nyesen szerepeljenek.<\/p>\n<h5 style=\"text-align: justify;\">Klinikai \u00e9s orvosbiol\u00f3giai k\u00e9pz\u00e9sek angol nyelven<\/h5>\n<p style=\"text-align: justify;\">Az eg\u00e9szs\u00e9gtudom\u00e1nyban az adatintenz\u00edv megk\u00f6zel\u00edt\u00e9sekre mutatkoz\u00f3 n\u00f6vekv\u0151 ig\u00e9nyt felismerve Int\u00e9zet\u00fcnk c\u00e9lja az eg\u00e9szs\u00e9g\u00fcgyi adattudom\u00e1ny ter\u00fclet\u00e9n \u00faj k\u00e9pz\u00e9sek l\u00e9tes\u00edt\u00e9se \u00e9s ind\u00edt\u00e1sa: \u00faj angol nyelv\u0171 <strong>klinikai \u00e9s orvosbiol\u00f3giai adattud\u00f3s BSc \u00e9s MSc k\u00e9pz\u00e9sek<\/strong> form\u00e1j\u00e1ban. A tervezett k\u00e9pz\u00e9seinken hallgat\u00f3ink nemcsak az adattudom\u00e1ny m\u0171vel\u00e9s\u00e9hez sz\u00fcks\u00e9ges statisztikai, matematikai \u00e9s sz\u00e1m\u00edt\u00e1studom\u00e1nyi m\u00f3dszertanokat tanulj\u00e1k meg, de az orvosokkal \u00e9s eg\u00e9szs\u00e9gtudom\u00e1nyi szakemberekkel folytatott k\u00f6z\u00f6s munk\u00e1hoz sz\u00fcks\u00e9ges orvosbiol\u00f3giai \u00e9s eg\u00e9szs\u00e9gtudom\u00e1nyi fogalmakat \u00e9s folyamatokat is.\u00a0<\/p>\n","protected":false},"excerpt":{"rendered":"<p>Az orvosbiol\u00f3giai \u00e9s eg\u00e9szs\u00e9gtudom\u00e1nyi kutat\u00e1sokban egyre nagyobb figyelmet kapnak az adatvez\u00e9relt megold\u00e1sok \u00e9s megk\u00f6zel\u00edt\u00e9sek. A keletkez\u0151 nagy mennyis\u00e9g\u0171 \u00e9s sokr\u00e9t\u0171 adatok komplex, tudom\u00e1nyter\u00fcleteken \u00e1t\u00edvel\u0151 elemz\u00e9st ig\u00e9nyelnek. Innovat\u00edv adatk\u00f6zpont\u00fa megk\u00f6zel\u00edt\u00e9sek az eg\u00e9szs\u00e9g\u00fcgyben A Biostatisztikai \u00e9s H\u00e1l\u00f3zattudom\u00e1nyi Int\u00e9zet c\u00e9lja azon nagy mennyis\u00e9g\u0171 orvosbiol\u00f3giai \u00e9s eg\u00e9szs\u00e9gtudom\u00e1nyi adatok elemz\u00e9se, melyek egyr\u00e9szt a betegell\u00e1t\u00e1si int\u00e9zm\u00e9nyekben \u00e9s rendszerekben, m\u00e1sr\u00e9szt az Int\u00e9zet &hellip;<\/p>\n","protected":false},"author":102428,"featured_media":10,"parent":0,"menu_order":0,"comment_status":"closed","ping_status":"closed","template":"template-fullwidth.php","meta":{"_acf_changed":false,"footnotes":""},"categories":[],"tags":[],"class_list":["post-28","page","type-page","status-publish","has-post-thumbnail","hentry"],"acf":[],"_links":{"self":[{"href":"https:\/\/semmelweis.hu\/biostat\/wp-json\/wp\/v2\/pages\/28","targetHints":{"allow":["GET"]}}],"collection":[{"href":"https:\/\/semmelweis.hu\/biostat\/wp-json\/wp\/v2\/pages"}],"about":[{"href":"https:\/\/semmelweis.hu\/biostat\/wp-json\/wp\/v2\/types\/page"}],"author":[{"embeddable":true,"href":"https:\/\/semmelweis.hu\/biostat\/wp-json\/wp\/v2\/users\/102428"}],"replies":[{"embeddable":true,"href":"https:\/\/semmelweis.hu\/biostat\/wp-json\/wp\/v2\/comments?post=28"}],"version-history":[{"count":7,"href":"https:\/\/semmelweis.hu\/biostat\/wp-json\/wp\/v2\/pages\/28\/revisions"}],"predecessor-version":[{"id":506,"href":"https:\/\/semmelweis.hu\/biostat\/wp-json\/wp\/v2\/pages\/28\/revisions\/506"}],"wp:featuredmedia":[{"embeddable":true,"href":"https:\/\/semmelweis.hu\/biostat\/wp-json\/wp\/v2\/media\/10"}],"wp:attachment":[{"href":"https:\/\/semmelweis.hu\/biostat\/wp-json\/wp\/v2\/media?parent=28"}],"wp:term":[{"taxonomy":"category","embeddable":true,"href":"https:\/\/semmelweis.hu\/biostat\/wp-json\/wp\/v2\/categories?post=28"},{"taxonomy":"post_tag","embeddable":true,"href":"https:\/\/semmelweis.hu\/biostat\/wp-json\/wp\/v2\/tags?post=28"}],"curies":[{"name":"wp","href":"https:\/\/api.w.org\/{rel}","templated":true}]}}