{"id":145,"date":"2024-12-03T13:49:56","date_gmt":"2024-12-03T12:49:56","guid":{"rendered":"https:\/\/semmelweis.hu\/biostat\/?page_id=145"},"modified":"2025-01-22T09:39:19","modified_gmt":"2025-01-22T08:39:19","slug":"elerhetosegek","status":"publish","type":"page","link":"https:\/\/semmelweis.hu\/biostat\/elerhetosegek\/","title":{"rendered":"El\u00e9rhet\u0151s\u00e9gek"},"content":{"rendered":"<h2 style=\"text-align: center\">Biostatisztikai \u00e9s H\u00e1l\u00f3zattudom\u00e1nyi Int\u00e9zet<\/h2>\n<p style=\"text-align: center\"><strong>C\u00edm:<\/strong> BC22 irodah\u00e1z<br \/>\n1085 Budapest, Baross utca 22. 2 emelet<\/p>\n<p style=\"text-align: center\"><strong>E-mail:<\/strong> <a href=\"mailto:biostat@semmelweis.hu\">biostat@semmelweis.hu\u00a0<\/a><\/p>\n<p><iframe loading=\"lazy\" src=\"https:\/\/www.google.com\/maps\/embed?pb=!1m18!1m12!1m3!1d2696.036059216889!2d19.063088176050094!3d47.48921089607698!2m3!1f0!2f0!3f0!3m2!1i1024!2i768!4f13.1!3m3!1m2!1s0x4741dc5bcdb6a70f%3A0xffdbea7af2079162!2sBC22%20Irodah%C3%A1z!5e0!3m2!1shu!2shu!4v1733229907823!5m2!1shu!2shu\" width=\"100%\" height=\"450\"><\/iframe>\u00a0<\/p>\n","protected":false},"excerpt":{"rendered":"<p>Biostatisztikai \u00e9s H\u00e1l\u00f3zattudom\u00e1nyi Int\u00e9zet<br \/>\nC\u00edm: BC22 irodah\u00e1z<br \/>\n1085 Budapest, Baross utca 22. 2 emelet<br \/>\nE-mail: <a href=\"mailto:biostat@semmelweis.hu\">biostat@semmelweis.hu\u00a0<\/a><br \/>\n\u00a0<\/p>\n","protected":false},"author":102428,"featured_media":0,"parent":0,"menu_order":6,"comment_status":"closed","ping_status":"closed","template":"","meta":{"_acf_changed":false,"footnotes":""},"categories":[53],"tags":[],"class_list":["post-145","page","type-page","status-publish","hentry","category-elerhetosegek"],"acf":[],"_links":{"self":[{"href":"https:\/\/semmelweis.hu\/biostat\/wp-json\/wp\/v2\/pages\/145","targetHints":{"allow":["GET"]}}],"collection":[{"href":"https:\/\/semmelweis.hu\/biostat\/wp-json\/wp\/v2\/pages"}],"about":[{"href":"https:\/\/semmelweis.hu\/biostat\/wp-json\/wp\/v2\/types\/page"}],"author":[{"embeddable":true,"href":"https:\/\/semmelweis.hu\/biostat\/wp-json\/wp\/v2\/users\/102428"}],"replies":[{"embeddable":true,"href":"https:\/\/semmelweis.hu\/biostat\/wp-json\/wp\/v2\/comments?post=145"}],"version-history":[{"count":7,"href":"https:\/\/semmelweis.hu\/biostat\/wp-json\/wp\/v2\/pages\/145\/revisions"}],"predecessor-version":[{"id":451,"href":"https:\/\/semmelweis.hu\/biostat\/wp-json\/wp\/v2\/pages\/145\/revisions\/451"}],"wp:attachment":[{"href":"https:\/\/semmelweis.hu\/biostat\/wp-json\/wp\/v2\/media?parent=145"}],"wp:term":[{"taxonomy":"category","embeddable":true,"href":"https:\/\/semmelweis.hu\/biostat\/wp-json\/wp\/v2\/categories?post=145"},{"taxonomy":"post_tag","embeddable":true,"href":"https:\/\/semmelweis.hu\/biostat\/wp-json\/wp\/v2\/tags?post=145"}],"curies":[{"name":"wp","href":"https:\/\/api.w.org\/{rel}","templated":true}]}}