{"id":124,"date":"2024-12-03T11:46:09","date_gmt":"2024-12-03T10:46:09","guid":{"rendered":"https:\/\/semmelweis.hu\/biostat\/?page_id=124"},"modified":"2025-01-24T16:16:49","modified_gmt":"2025-01-24T15:16:49","slug":"kutatas","status":"publish","type":"page","link":"https:\/\/semmelweis.hu\/biostat\/kutatas\/","title":{"rendered":"Kutat\u00e1s"},"content":{"rendered":"<div class=\"keretes w-100\">\n<p><img loading=\"lazy\" decoding=\"async\" class=\"alignright\" style=\"font-size: 20px; font-weight: 400;\" src=\"https:\/\/semmelweis.hu\/biostat\/files\/2025\/01\/RS189639_iStock-1446401242-scr.jpg\" alt=\"\" width=\"420\" height=\"279\" \/> A Biostatisztikai \u00e9s H\u00e1l\u00f3zattudom\u00e1nyi Int\u00e9zet c\u00e9lja azon nagy mennyis\u00e9g\u0171 orvosbiol\u00f3giai \u00e9s eg\u00e9szs\u00e9gtudom\u00e1nyi adatok elemz\u00e9se, melyek egyr\u00e9szt a betegell\u00e1t\u00e1si int\u00e9zm\u00e9nyekben \u00e9s rendszerekben, m\u00e1sr\u00e9szt az Int\u00e9zet saj\u00e1t adatgy\u0171jt\u00e9sei sor\u00e1n keletkeznek. A hagyom\u00e1nyos statisztikai elemz\u00e9sek mellett halad\u00f3 matematikai \u00e9s sz\u00e1m\u00edt\u00e1studom\u00e1nyi m\u00f3dszertannal t\u00e1mogatjuk az orvosbiol\u00f3giai kutat\u00e1si k\u00e9rd\u00e9sek megv\u00e1laszol\u00e1s\u00e1t, k\u00fcl\u00f6n\u00f6s tekintettel a g\u00e9pi l\u00e1t\u00e1s, a term\u00e9szetes nyelvfeldolgoz\u00e1s, a predikt\u00edv analitika, a mesters\u00e9ges intelligencia \u00e9s a h\u00e1l\u00f3zattudom\u00e1ny m\u00f3dszereire. Int\u00e9zet\u00fcnk akt\u00edv szerepet k\u00edv\u00e1n v\u00e1llalni az interdiszciplin\u00e1ris egy\u00fcttm\u0171k\u00f6d\u00e9sek el\u0151seg\u00edt\u00e9s\u00e9ben.<\/p>\n<\/div>\n<h4 style=\"text-align: justify;\"><strong>C\u00e9lkit\u0171z\u00e9s\u00fcnk:<\/strong><\/h4>\n<p style=\"text-align: justify;\">C\u00e9lunk t\u00e1mogatni az orvosok, eg\u00e9szs\u00e9g\u00fcgyi szakemberek, illetve a biostatisztikusok, adat- \u00e9s h\u00e1l\u00f3zattud\u00f3sok k\u00f6z\u00f6s innovat\u00edv megold\u00e1sainak gyors \u00e9s hat\u00e9kony \u00e1t\u00fcltet\u00e9s\u00e9t az eg\u00e9szs\u00e9g\u00fcgyi gyakorlatba. Ezt szem el\u0151tt tartva sz\u00e1mos kutat\u00e1si egy\u00fcttm\u0171k\u00f6d\u00e9st val\u00f3s\u00edtottunk meg.<\/p>\n<h5>Kutat\u00e1si egy\u00fcttm\u0171k\u00f6d\u00e9seink:<\/h5>\n<ul style=\"list-style-type: square;\">\n<li>\n<p>2024-ben sikeres egy\u00fcttm\u0171k\u00f6d\u00e9st \u00e9p\u00edtett\u00fcnk ki a <a href=\"https:\/\/semmelweis.hu\/tmk\/\" target=\"_blank\" rel=\"noopener\">Transzl\u00e1ci\u00f3s \u00e9s Medicina K\u00f6zponttal<\/a> (TMK). Prof. dr. Hegyi P\u00e9ter igazgat\u00f3 k\u00e9t nemzetk\u00f6zi kutat\u00e1s\u00e1ba bekapcsol\u00f3dva seg\u00edtj\u00fck a heveny pankreatitisben szenved\u0151 feln\u0151tt betegek k\u00e9palkot\u00f3 elj\u00e1r\u00e1sokkal k\u00e9sz\u00fclt felv\u00e9teleinek kutat\u00e1s\u00e1t. Tov\u00e1bb\u00e1 g\u00e9pi tanul\u00e1si elj\u00e1r\u00e1son alapul\u00f3 webapplik\u00e1ci\u00f3t fejlesztett\u00fcnk a TMK Pineapple projektj\u00e9hez k\u00f6t\u0151d\u0151en, mely a pankreatitis s\u00falyoss\u00e1g\u00e1nak el\u0151rejelz\u00e9s\u00e9re f\u00f3kusz\u00e1l gyermekek eset\u00e9ben.<\/p>\n<\/li>\n<li>\n<p>Er\u0151s B\u00e1linttal, a <a href=\"https:\/\/semmelweis.hu\/pbi\/\" target=\"_blank\" rel=\"noopener\">Pankre\u00e1sz Betegs\u00e9gek Int\u00e9zet\u00e9nek<\/a> klinikai igazgat\u00f3helyettes\u00e9vel \u00e9s doktorandusz\u00e1val k\u00f6z\u00f6sen gasztrointesztin\u00e1lis v\u00e9rz\u00e9s s\u00falyoss\u00e1g\u00e1nak el\u0151rejelz\u00e9s\u00e9re g\u00e9pi tanul\u00e1si algoritmusokat fejlesztett\u00fcnk.<\/p>\n<\/li>\n<li>\n<p><span style=\"font-size: 1rem;\">A <\/span><a href=\"https:\/\/semmelweis.hu\/pharmacology\/\" target=\"_blank\" rel=\"noopener\">Farmakol\u00f3giai \u00e9s Farmakoter\u00e1pi\u00e1s Int\u00e9zetben<\/a> <span style=\"font-size: 1rem;\">\u00c1gg Benc\u00e9vel \u00e9s csapat\u00e1val egy\u00fcttm\u0171k\u00f6d\u00e9st kezdt\u00fcnk egy gy\u00f3gyszerbiztons\u00e1ggal kapcsolatos projekt keretein bel\u00fcl, amiben a term\u00e9szetes nyelvfeldolgoz\u00e1si m\u00f3dszerek alkalmaz\u00e1s\u00e1nak lehet\u0151s\u00e9geit keress\u00fck.\u00a0 \u00a0 \u00a0 \u00a0 \u00a0<\/span><\/p>\n<\/li>\n<li>\n<p>K\u00f6z\u00f6sen vesz\u00fcnk r\u00e9szt a <a href=\"http:\/\/www.rehabint.hu\/\" target=\"_blank\" rel=\"noopener\">Rehabilit\u00e1ci\u00f3s Klinika<\/a> szakpszichol\u00f3gus\u00e1val Szab\u00f3 G\u00e1borral a stroke-b\u00f3l fel\u00e9p\u00fcl\u0151 betegek kognit\u00edv g\u00e9pj\u00e1rm\u0171vezet\u0151i k\u00e9pess\u00e9geivel kapcsolatos kutat\u00e1sokban. Itt a kognit\u00edv tesztek alapj\u00e1n a g\u00e9pi tanul\u00e1si eszk\u00f6z\u00f6k bevon\u00e1s\u00e1nak lehet\u0151s\u00e9g\u00e9t vizsg\u00e1ljuk.\u00a0\u00a0<\/p>\n<\/li>\n<li>\n<p>A <a href=\"https:\/\/semmelweis.hu\/tudrh\/\" target=\"_blank\" rel=\"noopener\">Tudom\u00e1nyos \u00e9s Innov\u00e1ci\u00f3s Rektorhelyettesi \u00e9s \u00dczletfejleszt\u00e9si K\u00f6zpont<\/a> igazgat\u00f3j\u00e1val dr. Papp Ren\u00e1t\u00e1val \u00e9s doktorandusz\u00e1val k\u00f6z\u00f6sen metaanal\u00edzist v\u00e9gz\u00fcnk eg\u00e9szs\u00e9g\u00fcgyi \u00e9s biotechnol\u00f3giai startup-ok sikert\u00e9nyez\u0151inek vizsg\u00e1lat\u00e1val.\u00a0<\/p>\n<\/li>\n<\/ul>\n","protected":false},"excerpt":{"rendered":"<p>A Biostatisztikai \u00e9s H\u00e1l\u00f3zattudom\u00e1nyi Int\u00e9zet c\u00e9lja azon nagy mennyis\u00e9g\u0171 orvosbiol\u00f3giai \u00e9s eg\u00e9szs\u00e9gtudom\u00e1nyi adatok elemz\u00e9se, melyek egyr\u00e9szt a betegell\u00e1t\u00e1si int\u00e9zm\u00e9nyekben \u00e9s rendszerekben, m\u00e1sr\u00e9szt az Int\u00e9zet saj\u00e1t adatgy\u0171jt\u00e9sei sor\u00e1n keletkeznek. A hagyom\u00e1nyos statisztikai elemz\u00e9sek mellett halad\u00f3 matematikai \u00e9s sz\u00e1m\u00edt\u00e1studom\u00e1nyi m\u00f3dszertannal t\u00e1mogatjuk az orvosbiol\u00f3giai kutat\u00e1si k\u00e9rd\u00e9sek megv\u00e1laszol\u00e1s\u00e1t, k\u00fcl\u00f6n\u00f6s tekintettel a g\u00e9pi l\u00e1t\u00e1s, a term\u00e9szetes nyelvfeldolgoz\u00e1s, a predikt\u00edv analitika, &hellip;<\/p>\n","protected":false},"author":102428,"featured_media":0,"parent":0,"menu_order":1,"comment_status":"closed","ping_status":"closed","template":"template-fullwidth.php","meta":{"_acf_changed":false,"footnotes":""},"categories":[31],"tags":[],"class_list":["post-124","page","type-page","status-publish","hentry","category-kutatas"],"acf":[],"_links":{"self":[{"href":"https:\/\/semmelweis.hu\/biostat\/wp-json\/wp\/v2\/pages\/124","targetHints":{"allow":["GET"]}}],"collection":[{"href":"https:\/\/semmelweis.hu\/biostat\/wp-json\/wp\/v2\/pages"}],"about":[{"href":"https:\/\/semmelweis.hu\/biostat\/wp-json\/wp\/v2\/types\/page"}],"author":[{"embeddable":true,"href":"https:\/\/semmelweis.hu\/biostat\/wp-json\/wp\/v2\/users\/102428"}],"replies":[{"embeddable":true,"href":"https:\/\/semmelweis.hu\/biostat\/wp-json\/wp\/v2\/comments?post=124"}],"version-history":[{"count":10,"href":"https:\/\/semmelweis.hu\/biostat\/wp-json\/wp\/v2\/pages\/124\/revisions"}],"predecessor-version":[{"id":509,"href":"https:\/\/semmelweis.hu\/biostat\/wp-json\/wp\/v2\/pages\/124\/revisions\/509"}],"wp:attachment":[{"href":"https:\/\/semmelweis.hu\/biostat\/wp-json\/wp\/v2\/media?parent=124"}],"wp:term":[{"taxonomy":"category","embeddable":true,"href":"https:\/\/semmelweis.hu\/biostat\/wp-json\/wp\/v2\/categories?post=124"},{"taxonomy":"post_tag","embeddable":true,"href":"https:\/\/semmelweis.hu\/biostat\/wp-json\/wp\/v2\/tags?post=124"}],"curies":[{"name":"wp","href":"https:\/\/api.w.org\/{rel}","templated":true}]}}