{"id":6441,"date":"2016-07-04T12:22:28","date_gmt":"2016-07-04T10:22:28","guid":{"rendered":"http:\/\/semmelweis.hu\/biokemia\/?page_id=6441"},"modified":"2024-04-09T15:56:27","modified_gmt":"2024-04-09T13:56:27","slug":"course-coordinators","status":"publish","type":"page","link":"https:\/\/semmelweis.hu\/biokemia\/en\/students\/course-coordinators\/","title":{"rendered":"Course-coordinators"},"content":{"rendered":"<div><strong>Student office of Department of Medical Biochemistry<\/strong><\/div>\n<div>Budapest IX., T\u0171zolt\u00f3 utca 37-47 H-1094; ROOM: 1.508<\/div>\n<div>+36-1-459-1500#60061;\u00a0 +36-20-666-60061<\/div>\n<div><strong>Office hours:<\/strong> <span style=\"color: #0000ff\">Tuesday, Wednesday, Thursday &#8211; 10:00-12:00<\/span><\/div>\n<div>\u00a0<\/div>\n<div><strong>Course-coordinator for medical biochemistry 1-2-3, dental biochemistry 1-2-3 students: <\/strong><\/div>\n<div><a href=\"mailto:chinopoulos.christos@semmelweis.hu\">Dr. Christos Chinopoulos<\/a><\/div>\n<div><strong>Course-coordinator for pharmacy students:<\/strong><\/div>\n<div><a href=\"mailto:toth.erzsebet@semmelweis.hu\">Dr. Erzs\u00e9bet T\u00f3th-Mar\u00f3thy<\/a>, +36-20-562-9783<\/div>\n<div>\u00a0<\/div>\n<div>\n<table style=\"border-collapse: collapse;width: 94.6016%;height: 36px\" border=\"1\">\n<tbody>\n<tr style=\"height: 20px\">\n<td style=\"width: 49.5713%;text-align: center;height: 20px\"><a href=\"mailto:ozsvath.zsolt@semmelweis.hu\">Mr Zsolt <strong>Ozsv\u00e1th<\/strong><\/a><\/td>\n<td style=\"width: 108.038%;text-align: center;height: 20px\"><a href=\"mailto:pichler.vera@med.semmelweis-univ\">\u00a0<\/a><\/td>\n<\/tr>\n<tr style=\"height: 16px\">\n<td style=\"width: 49.5713%;text-align: center;height: 16px\">+36-20-666-0061<\/td>\n<td style=\"width: 108.038%;text-align: center;height: 16px\">+36-20-666-0061<\/td>\n<\/tr>\n<tr>\n<td style=\"width: 49.5713%;text-align: center\">medical &amp; dental biochemistry 3<\/td>\n<td style=\"width: 108.038%;text-align: center\">medical &amp; dental biochemistry 1<\/td>\n<\/tr>\n<tr>\n<td style=\"width: 49.5713%;text-align: center\">medical &amp; dental biochemistry 2<\/td>\n<td style=\"width: 108.038%;text-align: center\">\u00a0<\/td>\n<\/tr>\n<\/tbody>\n<\/table>\n<\/div>\n","protected":false},"excerpt":{"rendered":"<p>Student office of Department of Medical Biochemistry Budapest IX., T\u0171zolt\u00f3 utca 37-47 H-1094; ROOM: 1.508 +36-1-459-1500#60061;\u00a0 +36-20-666-60061 Office hours: Tuesday, Wednesday, Thursday &#8211; 10:00-12:00 \u00a0 Course-coordinator for medical biochemistry 1-2-3, dental biochemistry 1-2-3 students: <a href=\"mailto:chinopoulos.christos@semmelweis.hu\">Dr. Christos Chinopoulos<\/a> Course-coordinator for pharmacy students: <a href=\"mailto:toth.erzsebet@semmelweis.hu\">Dr. Erzs\u00e9bet T\u00f3th-Mar\u00f3thy<\/a> , +36-20-562-9783 \u00a0 <a href=\"mailto:ozsvath.zsolt@semmelweis.hu\">Mr Zsolt Ozsv\u00e1th<\/a> <a href=\"mailto:pichler.vera@med.semmelweis-univ\">\u00a0<\/a> +36-20-666-0061 +36-20-666-0061 medical &amp; dental biochemistry 3 medical &amp; dental biochemistry 1 medical &amp; &hellip;<\/p>\n","protected":false},"author":296,"featured_media":0,"parent":13286,"menu_order":0,"comment_status":"closed","ping_status":"closed","template":"","meta":{"_acf_changed":false,"footnotes":""},"categories":[],"tags":[],"class_list":["post-6441","page","type-page","status-publish","hentry"],"acf":[],"_links":{"self":[{"href":"https:\/\/semmelweis.hu\/biokemia\/wp-json\/wp\/v2\/pages\/6441","targetHints":{"allow":["GET"]}}],"collection":[{"href":"https:\/\/semmelweis.hu\/biokemia\/wp-json\/wp\/v2\/pages"}],"about":[{"href":"https:\/\/semmelweis.hu\/biokemia\/wp-json\/wp\/v2\/types\/page"}],"author":[{"embeddable":true,"href":"https:\/\/semmelweis.hu\/biokemia\/wp-json\/wp\/v2\/users\/296"}],"replies":[{"embeddable":true,"href":"https:\/\/semmelweis.hu\/biokemia\/wp-json\/wp\/v2\/comments?post=6441"}],"version-history":[{"count":10,"href":"https:\/\/semmelweis.hu\/biokemia\/wp-json\/wp\/v2\/pages\/6441\/revisions"}],"predecessor-version":[{"id":13957,"href":"https:\/\/semmelweis.hu\/biokemia\/wp-json\/wp\/v2\/pages\/6441\/revisions\/13957"}],"up":[{"embeddable":true,"href":"https:\/\/semmelweis.hu\/biokemia\/wp-json\/wp\/v2\/pages\/13286"}],"wp:attachment":[{"href":"https:\/\/semmelweis.hu\/biokemia\/wp-json\/wp\/v2\/media?parent=6441"}],"wp:term":[{"taxonomy":"category","embeddable":true,"href":"https:\/\/semmelweis.hu\/biokemia\/wp-json\/wp\/v2\/categories?post=6441"},{"taxonomy":"post_tag","embeddable":true,"href":"https:\/\/semmelweis.hu\/biokemia\/wp-json\/wp\/v2\/tags?post=6441"}],"curies":[{"name":"wp","href":"https:\/\/api.w.org\/{rel}","templated":true}]}}