{"id":53,"date":"2013-12-04T11:49:43","date_gmt":"2013-12-04T11:49:43","guid":{"rendered":"http:\/\/semmelweis.hu\/biokemia\/?page_id=53"},"modified":"2026-01-22T13:07:35","modified_gmt":"2026-01-22T12:07:35","slug":"kutatas","status":"publish","type":"page","link":"https:\/\/semmelweis.hu\/biokemia\/kutatas\/","title":{"rendered":"Tudom\u00e1nyos kutat\u00e1s"},"content":{"rendered":"<p style=\"text-align: justify\"><strong>A Biok\u00e9miai Tansz\u00e9k\u00a0tudom\u00e1nyos tev\u00e9kenys\u00e9ge<\/strong> t\u00f6bb mint n\u00e9gy kutat\u00f3 r\u00e9szlegben zajlik: Neurobiok\u00e9mia, Hemoszt\u00e1zis, Ioncsatorna \u00e9s Tumor metabolizmus.<\/p>\n<p style=\"text-align: justify\"><strong>A tansz\u00e9k kutat\u00f3i sz\u00e9les k\u00f6r\u0171 hazai \u00e9s nemzetk\u00f6zi egy\u00fcttm\u0171k\u00f6d\u00e9st <\/strong>tartanak fenn.<\/p>\n<p style=\"text-align: justify\"><strong>F\u0151 hazai partnereink:<\/strong> P\u00e9csi Tudom\u00e1nyegyetem Biok\u00e9miai Int\u00e9zet, P\u00e9csi Tudom\u00e1nyegyetem K\u00eds\u00e9rletes Seb\u00e9szeti Int\u00e9zet, K\u00e9miai Kutat\u00f3 K\u00f6zpont, Szegedi Biol\u00f3giai K\u00f6zpont, Szeged.<\/p>\n<p style=\"text-align: justify\"><strong>F\u0151 k\u00fclf\u00f6ldi partnereink:<\/strong> Rutgers University, Department of Chemistry, Newark, NJ, USA, University of Arizona; Department of Chemistry, Tucson, AZ, USA; Mayo Clinic, Rochester, MN, USA; National Institute for Biological Standards and Control, London, UK; Technical University, Varna, Bulgaria; The Rockefeller University, New York, USA; University College London, London, UK; Cambridge University, Department of Pharmacology, Cambridge, UK; University of California, San Francisco, CA, USA; Forschungsinstitut f\u00fcr Molekulare Pharmacologie (Berlin), N\u00e9metorsz\u00e1g; Universitaet des Saarlandes, Inst. fuer Theoretische Physik, Saarbruecken, N\u00e9metorsz\u00e1g; INSERM U.311, Strasbourg Cedex, Franciaorsz\u00e1g, <span data-olk-copy-source=\"MessageBody\">Bridgewater College, Bridgewater, VA, USA<\/span>.<\/p>\n","protected":false},"excerpt":{"rendered":"<p>A Biok\u00e9miai Tansz\u00e9k\u00a0tudom\u00e1nyos tev\u00e9kenys\u00e9ge t\u00f6bb mint n\u00e9gy kutat\u00f3 r\u00e9szlegben zajlik: Neurobiok\u00e9mia, Hemoszt\u00e1zis, Ioncsatorna \u00e9s Tumor metabolizmus. A tansz\u00e9k kutat\u00f3i sz\u00e9les k\u00f6r\u0171 hazai \u00e9s nemzetk\u00f6zi egy\u00fcttm\u0171k\u00f6d\u00e9st tartanak fenn. F\u0151 hazai partnereink: P\u00e9csi Tudom\u00e1nyegyetem Biok\u00e9miai Int\u00e9zet, P\u00e9csi Tudom\u00e1nyegyetem K\u00eds\u00e9rletes Seb\u00e9szeti Int\u00e9zet, K\u00e9miai Kutat\u00f3 K\u00f6zpont, Szegedi Biol\u00f3giai K\u00f6zpont, Szeged. F\u0151 k\u00fclf\u00f6ldi partnereink: Rutgers University, Department of Chemistry, Newark, &hellip;<\/p>\n","protected":false},"author":296,"featured_media":0,"parent":0,"menu_order":2,"comment_status":"closed","ping_status":"closed","template":"","meta":{"_acf_changed":false,"footnotes":""},"categories":[],"tags":[],"class_list":["post-53","page","type-page","status-publish","hentry"],"acf":[],"_links":{"self":[{"href":"https:\/\/semmelweis.hu\/biokemia\/wp-json\/wp\/v2\/pages\/53","targetHints":{"allow":["GET"]}}],"collection":[{"href":"https:\/\/semmelweis.hu\/biokemia\/wp-json\/wp\/v2\/pages"}],"about":[{"href":"https:\/\/semmelweis.hu\/biokemia\/wp-json\/wp\/v2\/types\/page"}],"author":[{"embeddable":true,"href":"https:\/\/semmelweis.hu\/biokemia\/wp-json\/wp\/v2\/users\/296"}],"replies":[{"embeddable":true,"href":"https:\/\/semmelweis.hu\/biokemia\/wp-json\/wp\/v2\/comments?post=53"}],"version-history":[{"count":11,"href":"https:\/\/semmelweis.hu\/biokemia\/wp-json\/wp\/v2\/pages\/53\/revisions"}],"predecessor-version":[{"id":14126,"href":"https:\/\/semmelweis.hu\/biokemia\/wp-json\/wp\/v2\/pages\/53\/revisions\/14126"}],"wp:attachment":[{"href":"https:\/\/semmelweis.hu\/biokemia\/wp-json\/wp\/v2\/media?parent=53"}],"wp:term":[{"taxonomy":"category","embeddable":true,"href":"https:\/\/semmelweis.hu\/biokemia\/wp-json\/wp\/v2\/categories?post=53"},{"taxonomy":"post_tag","embeddable":true,"href":"https:\/\/semmelweis.hu\/biokemia\/wp-json\/wp\/v2\/tags?post=53"}],"curies":[{"name":"wp","href":"https:\/\/api.w.org\/{rel}","templated":true}]}}