{"id":1995,"date":"2014-08-25T11:00:36","date_gmt":"2014-08-25T09:00:36","guid":{"rendered":"http:\/\/semmelweis.hu\/biokemia\/?page_id=1995"},"modified":"2021-01-12T12:49:02","modified_gmt":"2021-01-12T11:49:02","slug":"tortenetunk","status":"publish","type":"page","link":"https:\/\/semmelweis.hu\/biokemia\/rolunk\/tortenetunk\/","title":{"rendered":"T\u00f6rt\u00e9net\u00fcnk"},"content":{"rendered":"<p style=\"text-align: justify\">Szakmai szempontb\u00f3l a tansz\u00e9k el\u0151dj\u00e9nek az 1871-ben alap\u00edtott \u00c9let- \u00e9s K\u00f3rvegytani Tansz\u00e9k tekinthet\u0151, amelyet 1945-ben Szent-Gy\u00f6rgyi Albert szervezett \u00fajj\u00e1 Biok\u00e9mia Int\u00e9zetk\u00e9nt, k\u00e9s\u0151bb nev\u00e9t II. sz\u00e1m\u00fa K\u00e9miai\u2013Biok\u00e9miai Int\u00e9zetre \u00e9s Orvosi Biok\u00e9miai Int\u00e9zetre v\u00e1ltoztatt\u00e1k. Alap\u00edt\u00e1s\u00e1t a Semmelweis Egyetem Szen\u00e1tus\u00e1nak 65\/2020(V.05) sz. hat\u00e1rozata rendezi. A tansz\u00e9k a Semmelweis Egyetem \u00c1ltal\u00e1nos Orvostudom\u00e1nyi Kar\u00e1hoz tartoz\u00f3 Biok\u00e9miai \u00e9s Molekul\u00e1ris Biol\u00f3giai Int\u00e9zet \u00f6n\u00e1ll\u00f3 szervezeti egys\u00e9ge, amely oktat\u00e1si \u00e9s tudom\u00e1nyos kutat\u00e1si feladatokat v\u00e9gez. Vezet\u00e9s\u00e9t a Tansz\u00e9ki Tan\u00e1ccsal egy\u00fcttm\u0171k\u00f6dve a tansz\u00e9kvezet\u0151 l\u00e1tja el az Int\u00e9zet igazgat\u00f3ja \u00e9s az \u00c1OK D\u00e9k\u00e1n fel\u00fcgyelete alatt.<\/p>\n<p style=\"text-align: justify\"><strong>Tansz\u00e9k\u00fcnk igazgat\u00f3i:<\/strong> <em>Csan\u00e1dy L\u00e1szl\u00f3<\/em> 2019-; <em>Tretter L\u00e1szl\u00f3<\/em> 2014-2019; <em>\u00c1d\u00e1m Veronika<\/em> 1990-2014; <em>Horv\u00e1th Istv\u00e1n<\/em> 1973-1990; <em>Sz\u00e9kessyn\u00e9 Hermann Vilma<\/em> 1954-1973; <em>Sz\u00f6r\u00e9nyi Imre<\/em> 1950-1953; <em>Straub F. Brun\u00f3<\/em> 1947-1949; <em>Szent-Gy\u00f6rgyi Albert<\/em> 1945-1947; <em>Farkas G\u00e9za<\/em> 1933-1934; <em>H\u00e1ri P\u00e1l<\/em> 1915-1933; <em>Tangl Ferenc<\/em> 1903-1914; <em>Pl\u00f3sz P\u00e1l<\/em> 1871-1902<\/p>\n","protected":false},"excerpt":{"rendered":"<p>Szakmai szempontb\u00f3l a tansz\u00e9k el\u0151dj\u00e9nek az 1871-ben alap\u00edtott \u00c9let- \u00e9s K\u00f3rvegytani Tansz\u00e9k tekinthet\u0151, amelyet 1945-ben Szent-Gy\u00f6rgyi Albert szervezett \u00fajj\u00e1 Biok\u00e9mia Int\u00e9zetk\u00e9nt, k\u00e9s\u0151bb nev\u00e9t II. sz\u00e1m\u00fa K\u00e9miai\u2013Biok\u00e9miai Int\u00e9zetre \u00e9s Orvosi Biok\u00e9miai Int\u00e9zetre v\u00e1ltoztatt\u00e1k. Alap\u00edt\u00e1s\u00e1t a Semmelweis Egyetem Szen\u00e1tus\u00e1nak 65\/2020(V.05) sz. hat\u00e1rozata rendezi. A tansz\u00e9k a Semmelweis Egyetem \u00c1ltal\u00e1nos Orvostudom\u00e1nyi Kar\u00e1hoz tartoz\u00f3 Biok\u00e9miai \u00e9s Molekul\u00e1ris Biol\u00f3giai Int\u00e9zet &hellip;<\/p>\n","protected":false},"author":296,"featured_media":0,"parent":10,"menu_order":0,"comment_status":"closed","ping_status":"closed","template":"","meta":{"_acf_changed":false,"footnotes":""},"categories":[],"tags":[],"class_list":["post-1995","page","type-page","status-publish","hentry"],"acf":[],"_links":{"self":[{"href":"https:\/\/semmelweis.hu\/biokemia\/wp-json\/wp\/v2\/pages\/1995","targetHints":{"allow":["GET"]}}],"collection":[{"href":"https:\/\/semmelweis.hu\/biokemia\/wp-json\/wp\/v2\/pages"}],"about":[{"href":"https:\/\/semmelweis.hu\/biokemia\/wp-json\/wp\/v2\/types\/page"}],"author":[{"embeddable":true,"href":"https:\/\/semmelweis.hu\/biokemia\/wp-json\/wp\/v2\/users\/296"}],"replies":[{"embeddable":true,"href":"https:\/\/semmelweis.hu\/biokemia\/wp-json\/wp\/v2\/comments?post=1995"}],"version-history":[{"count":8,"href":"https:\/\/semmelweis.hu\/biokemia\/wp-json\/wp\/v2\/pages\/1995\/revisions"}],"predecessor-version":[{"id":12930,"href":"https:\/\/semmelweis.hu\/biokemia\/wp-json\/wp\/v2\/pages\/1995\/revisions\/12930"}],"up":[{"embeddable":true,"href":"https:\/\/semmelweis.hu\/biokemia\/wp-json\/wp\/v2\/pages\/10"}],"wp:attachment":[{"href":"https:\/\/semmelweis.hu\/biokemia\/wp-json\/wp\/v2\/media?parent=1995"}],"wp:term":[{"taxonomy":"category","embeddable":true,"href":"https:\/\/semmelweis.hu\/biokemia\/wp-json\/wp\/v2\/categories?post=1995"},{"taxonomy":"post_tag","embeddable":true,"href":"https:\/\/semmelweis.hu\/biokemia\/wp-json\/wp\/v2\/tags?post=1995"}],"curies":[{"name":"wp","href":"https:\/\/api.w.org\/{rel}","templated":true}]}}