{"id":180,"date":"2013-12-06T11:40:56","date_gmt":"2013-12-06T11:40:56","guid":{"rendered":"http:\/\/semmelweis.hu\/biokemia\/?page_id=180"},"modified":"2026-02-02T14:59:40","modified_gmt":"2026-02-02T13:59:40","slug":"tanulmanyi-felelosok","status":"publish","type":"page","link":"https:\/\/semmelweis.hu\/biokemia\/oktatas\/tanulmanyi-felelosok\/","title":{"rendered":"Tanulm\u00e1nyi \u00fcgyint\u00e9z\u00e9s"},"content":{"rendered":"<h4>Biok\u00e9miai Tansz\u00e9k<\/h4>\n<p><strong>Tansz\u00e9kigazgat\u00f3: <\/strong>Dr. Csan\u00e1dy L\u00e1szl\u00f3<br \/>\n<strong>titk\u00e1rs\u00e1g:<\/strong> <a href=\"mailto:juhasz.edit@semmelweis.hu\">Juh\u00e1sz Edit<\/a>, +36-20-6660010 #60010<\/p>\n<p>Budapest IX., T\u0171zolt\u00f3 utca 37-47 H-1094 IV. emelet<\/p>\n<hr \/>\n<h4>Orvos (\u00c1OK) \u00e9s fogorvos (FOK) k\u00e9pz\u00e9s<\/h4>\n<h3 style=\"text-align: justify\"><span style=\"color: #003366\">\u00c1tjelentkez\u0151knek<\/span><\/h3>\n<p>K\u00e9rj\u00fck, hogy a magyar nyelv\u0171 Orvosi biok\u00e9mia I, Orvosi biok\u00e9mia II, Fogorvosi biok\u00e9mia I, Fogorvosi biok\u00e9mia II. t\u00e1rgyakra vonatkoz\u00f3an, illetve egy\u00e9b, \u00e1tjelentkez\u00e9ssel kapcsolatos \u00fcgyben a k\u00f6vetkez\u0151 c\u00edmre k\u00fcldjenek e-mailt: <a href=\"mailto:torocsik.beata@semmelweis.hu\">torocsik.beata@semmelweis.hu <\/a><\/p>\n<p>A hat\u00e1rid\u0151 (2025. j\u00falius 15.) ut\u00e1n be\u00e9rkezett k\u00e9r\u00e9seket 2025. augusztus 15. ut\u00e1n fogjuk elb\u00edr\u00e1lni. Tov\u00e1bbi r\u00e9szleteket az e-mailben csatoland\u00f3 anyagokr\u00f3l Semmelweis Egyetem honlapj\u00e1n tal\u00e1lnak a k\u00f6vetkez\u0151 linken: <a href=\"https:\/\/semmelweis.hu\/aok\/oktatas\/atvetellel-kapcsolatos-informaciok\/\">https:\/\/semmelweis.hu\/aok\/oktatas\/atvetellel-kapcsolatos-informaciok\/<\/a><\/p>\n<h3>Egy\u00e9b \u00fcgyekben<\/h3>\n<p style=\"text-align: justify\"><span style=\"color: #003366\"><span style=\"font-size: 14pt\"><strong>Az \u00c1OK vagy FOK eset\u00e9ben minden, \u00e1tjelentkez\u00e9st vagy tov\u00e1bbi tanulm\u00e1nyi \u00fcgyet \u00e9rint\u0151 k\u00e9rd\u00e9st az al\u00e1bbi\u00a0<\/strong><\/span> &gt;&gt;<strong><a href=\"mailto:torocsik.beata@semmelweis.hu\">emailc\u00edmen<\/a><\/strong>&lt;&lt; <span style=\"font-size: 14pt\"><strong>kereszt\u00fcl tegy\u00e9k fel Dr. T\u00f6r\u0151csik Be\u00e1t\u00e1nak.<\/strong><\/span><\/span><\/p>\n<ul style=\"text-align: justify\">\n<li>orvosi biok\u00e9mia I<\/li>\n<li>orvosi biok\u00e9mia II<\/li>\n<li>orvosi biok\u00e9mia III<\/li>\n<\/ul>\n<ul style=\"text-align: justify\">\n<li>fogorvosi biok\u00e9mia I<\/li>\n<li>fogorvosi biok\u00e9mia II<\/li>\n<li>fogorvosi biok\u00e9mia III<\/li>\n<\/ul>\n<p style=\"text-align: justify\"><em>Tanulm\u00e1nyi felel\u0151s:<\/em> <a href=\"mailto:torocsik.beata@semmelweis.hu\">Dr. T\u00f6r\u0151csik Be\u00e1ta<\/a>, telefon: +36-1-4591500 #60046<br \/>\n<i>Adminisztr\u00e1tor:<\/i>\u00a0<a href=\"mailto:juhasz.edit@semmelweis.hu\">Juh\u00e1sz Edit<\/a>, +36-1-4591500 #60010 vagy #60061<\/p>\n<hr \/>\n<h4>Gy\u00f3gyszer\u00e9sz k\u00e9pz\u00e9s (GYTK)<\/h4>\n<p style=\"text-align: justify\"><b>Tant\u00e1rgyfelel\u0151s: <\/b><a href=\"mailto:ambrus.attila@semmelweis.hu\">Dr. Ambrus Attila<\/a>, +36-1-4591500 #60050<\/p>\n<ul style=\"text-align: justify\">\n<li>Biok\u00e9mia I<\/li>\n<li>Biok\u00e9mia II<\/li>\n<\/ul>\n<p style=\"text-align: justify\"><em>Tanulm\u00e1nyi felel\u0151s:<\/em> <a href=\"mailto:toth.erzsebet@semmelweis.hu\">Mar\u00f3thyn\u00e9 Dr. T\u00f3th Erzs\u00e9bet<\/a>, telefon: +36-1-4591500 #60066<br \/>\n<em>Adminisztr\u00e1tor<\/em>: <a href=\"mailto:ozsvath.zsolt@semmelweis.hu\">Ozsv\u00e1th Zsolt<\/a>, +36-1-4591500 #60061<\/p>\n","protected":false},"excerpt":{"rendered":"<p>Biok\u00e9miai Tansz\u00e9k Tansz\u00e9kigazgat\u00f3: Dr. Csan\u00e1dy L\u00e1szl\u00f3 titk\u00e1rs\u00e1g: <a href=\"mailto:juhasz.edit@semmelweis.hu\">Juh\u00e1sz Edit<\/a> , +36-20-6660010 #60010 Budapest IX., T\u0171zolt\u00f3 utca 37-47 H-1094 IV. emelet Orvos (\u00c1OK) \u00e9s fogorvos (FOK) k\u00e9pz\u00e9s \u00c1tjelentkez\u0151knek K\u00e9rj\u00fck, hogy a magyar nyelv\u0171 Orvosi biok\u00e9mia I, Orvosi biok\u00e9mia II, Fogorvosi biok\u00e9mia I, Fogorvosi biok\u00e9mia II. t\u00e1rgyakra vonatkoz\u00f3an, illetve egy\u00e9b, \u00e1tjelentkez\u00e9ssel kapcsolatos \u00fcgyben a k\u00f6vetkez\u0151 c\u00edmre k\u00fcldjenek e-mailt: <a href=\"mailto:torocsik.beata@semmelweis.hu\">torocsik.beata@semmelweis.hu <\/a> A &hellip;<\/p>\n","protected":false},"author":296,"featured_media":0,"parent":11,"menu_order":0,"comment_status":"closed","ping_status":"closed","template":"","meta":{"_acf_changed":false,"footnotes":""},"categories":[],"tags":[],"class_list":["post-180","page","type-page","status-publish","hentry"],"acf":[],"_links":{"self":[{"href":"https:\/\/semmelweis.hu\/biokemia\/wp-json\/wp\/v2\/pages\/180","targetHints":{"allow":["GET"]}}],"collection":[{"href":"https:\/\/semmelweis.hu\/biokemia\/wp-json\/wp\/v2\/pages"}],"about":[{"href":"https:\/\/semmelweis.hu\/biokemia\/wp-json\/wp\/v2\/types\/page"}],"author":[{"embeddable":true,"href":"https:\/\/semmelweis.hu\/biokemia\/wp-json\/wp\/v2\/users\/296"}],"replies":[{"embeddable":true,"href":"https:\/\/semmelweis.hu\/biokemia\/wp-json\/wp\/v2\/comments?post=180"}],"version-history":[{"count":12,"href":"https:\/\/semmelweis.hu\/biokemia\/wp-json\/wp\/v2\/pages\/180\/revisions"}],"predecessor-version":[{"id":14134,"href":"https:\/\/semmelweis.hu\/biokemia\/wp-json\/wp\/v2\/pages\/180\/revisions\/14134"}],"up":[{"embeddable":true,"href":"https:\/\/semmelweis.hu\/biokemia\/wp-json\/wp\/v2\/pages\/11"}],"wp:attachment":[{"href":"https:\/\/semmelweis.hu\/biokemia\/wp-json\/wp\/v2\/media?parent=180"}],"wp:term":[{"taxonomy":"category","embeddable":true,"href":"https:\/\/semmelweis.hu\/biokemia\/wp-json\/wp\/v2\/categories?post=180"},{"taxonomy":"post_tag","embeddable":true,"href":"https:\/\/semmelweis.hu\/biokemia\/wp-json\/wp\/v2\/tags?post=180"}],"curies":[{"name":"wp","href":"https:\/\/api.w.org\/{rel}","templated":true}]}}