{"id":13937,"date":"2024-03-16T22:01:45","date_gmt":"2024-03-16T21:01:45","guid":{"rendered":"https:\/\/semmelweis.hu\/biokemia\/?page_id=13937"},"modified":"2024-03-19T11:17:52","modified_gmt":"2024-03-19T10:17:52","slug":"hallgatoi-velemenyezes","status":"publish","type":"page","link":"https:\/\/semmelweis.hu\/biokemia\/oktatas\/hallgatoi-velemenyezes\/","title":{"rendered":"Hallgat\u00f3i v\u00e9lem\u00e9nyez\u00e9s (SeKa azonos\u00edt\u00e1s sz\u00fcks\u00e9ges)"},"content":{"rendered":"<p>Az oktat\u00f3i munka hallgat\u00f3i v\u00e9lem\u00e9nyez\u00e9s\u00e9nek eredm\u00e9nyeit a k\u00f6vetkez\u0151 oldalon tekintheti meg: <a href=\"https:\/\/feedback.semmelweis.hu\/feedback\/index.php\">https:\/\/feedback.semmelweis.hu\/feedback\/index.php<\/a><\/p>\n","protected":false},"excerpt":{"rendered":"<p>Az oktat\u00f3i munka hallgat\u00f3i v\u00e9lem\u00e9nyez\u00e9s\u00e9nek eredm\u00e9nyeit a k\u00f6vetkez\u0151 oldalon tekintheti meg: <a href=\"https:\/\/feedback.semmelweis.hu\/feedback\/index.php\">https:\/\/feedback.semmelweis.hu\/feedback\/index.php<\/a><\/p>\n","protected":false},"author":101604,"featured_media":0,"parent":11,"menu_order":9,"comment_status":"closed","ping_status":"closed","template":"","meta":{"_acf_changed":false,"footnotes":""},"categories":[],"tags":[],"class_list":["post-13937","page","type-page","status-publish","hentry"],"acf":[],"_links":{"self":[{"href":"https:\/\/semmelweis.hu\/biokemia\/wp-json\/wp\/v2\/pages\/13937","targetHints":{"allow":["GET"]}}],"collection":[{"href":"https:\/\/semmelweis.hu\/biokemia\/wp-json\/wp\/v2\/pages"}],"about":[{"href":"https:\/\/semmelweis.hu\/biokemia\/wp-json\/wp\/v2\/types\/page"}],"author":[{"embeddable":true,"href":"https:\/\/semmelweis.hu\/biokemia\/wp-json\/wp\/v2\/users\/101604"}],"replies":[{"embeddable":true,"href":"https:\/\/semmelweis.hu\/biokemia\/wp-json\/wp\/v2\/comments?post=13937"}],"version-history":[{"count":3,"href":"https:\/\/semmelweis.hu\/biokemia\/wp-json\/wp\/v2\/pages\/13937\/revisions"}],"predecessor-version":[{"id":13951,"href":"https:\/\/semmelweis.hu\/biokemia\/wp-json\/wp\/v2\/pages\/13937\/revisions\/13951"}],"up":[{"embeddable":true,"href":"https:\/\/semmelweis.hu\/biokemia\/wp-json\/wp\/v2\/pages\/11"}],"wp:attachment":[{"href":"https:\/\/semmelweis.hu\/biokemia\/wp-json\/wp\/v2\/media?parent=13937"}],"wp:term":[{"taxonomy":"category","embeddable":true,"href":"https:\/\/semmelweis.hu\/biokemia\/wp-json\/wp\/v2\/categories?post=13937"},{"taxonomy":"post_tag","embeddable":true,"href":"https:\/\/semmelweis.hu\/biokemia\/wp-json\/wp\/v2\/tags?post=13937"}],"curies":[{"name":"wp","href":"https:\/\/api.w.org\/{rel}","templated":true}]}}